{"id":1568,"date":"2024-01-25T10:46:32","date_gmt":"2024-01-25T10:46:32","guid":{"rendered":"https:\/\/murerpoint.dk\/product\/absaughaube-fuer-schleifarbeiten-fuer-oe115-125mm\/"},"modified":"2024-07-08T10:15:16","modified_gmt":"2024-07-08T10:15:16","slug":"dammskydd-for-vinkelslipmaskin-oe115-125mm","status":"publish","type":"product","link":"https:\/\/murerpoint.dk\/sv\/produkt\/dammskydd-for-vinkelslipmaskin-oe115-125mm\/","title":{"rendered":"Dammskydd f\u00f6r vinkelslipmaskin \u00d8115-125mm"},"content":{"rendered":"<?xml encoding=\"utf-8\" ?><div class=\"flex-1 overflow-hidden\">\n<div class=\"react-scroll-to-bottom--css-nmuqr-79elbk h-full\">\n<div class=\"react-scroll-to-bottom--css-nmuqr-1n7m0yu\">\n<div class=\"flex flex-col pb-9 text-sm\">\n<div class=\"w-full text-token-text-primary\" data-testid=\"conversation-turn-427\">\n<div class=\"px-4 py-2 justify-center text-base md:gap-6 m-auto\">\n<div class=\"flex flex-1 text-base mx-auto gap-3 md:px-5 lg:px-1 xl:px-5 md:max-w-3xl lg:max-w-[40rem] xl:max-w-[48rem] group final-completion\">\n<div class=\"relative flex w-full flex-col lg:w-[calc(100%-115px)] agent-turn\">\n<div class=\"flex-col gap-1 md:gap-3\">\n<div class=\"flex flex-grow flex-col max-w-full\">\n<div class=\"min-h-[20px] text-message flex flex-col items-start gap-3 whitespace-pre-wrap break-words [.text-message+&amp;]:mt-5 overflow-x-auto\" data-message-author-role=\"assistant\" data-message-id=\"d78ce9b8-b000-487d-bb00-2dc9702a66fb\">\n<div class=\"markdown prose w-full break-words dark:prose-invert light\">\n<h1 class=\"articleName font-4 color-3\">Dammskydd f&ouml;r vinkelslipmaskin &Oslash;115-125mm<\/h1>\n<p>Minimera dammbesv&auml;r och uppn&aring; skarpa, precisa snitt med v&aring;r dammsk&ouml;ld, designad f&ouml;r mindre vinkelslipar med s&aring;gklingstorlekar &Oslash;115 och &Oslash;125 mm. Denna dammsk&ouml;ld kan enkelt anslutas till din dammsugare via den medf&ouml;ljande adaptern och &auml;r utformad f&ouml;r att leverera n&auml;stan dammfri prestanda vid sk&auml;rning.<\/p>\n<p><strong>Funktioner och f&ouml;rdelar med vinkelslip dammskyddet:<\/strong><\/p>\n<div class=\"flex-1 overflow-hidden\">\n<div class=\"react-scroll-to-bottom--css-wswhj-79elbk h-full\">\n<div class=\"react-scroll-to-bottom--css-wswhj-1n7m0yu\">\n<div class=\"flex flex-col pb-9 text-sm\">\n<div class=\"w-full text-token-text-primary\" data-testid=\"conversation-turn-269\">\n<div class=\"px-4 py-2 justify-center text-base md:gap-6 m-auto\">\n<div class=\"flex flex-1 text-base mx-auto gap-3 md:px-5 lg:px-1 xl:px-5 md:max-w-3xl lg:max-w-[40rem] xl:max-w-[48rem] group final-completion\">\n<div class=\"relative flex w-full flex-col agent-turn\">\n<div class=\"flex-col gap-1 md:gap-3\">\n<div class=\"flex flex-grow flex-col max-w-full\">\n<div class=\"min-h-[20px] text-message flex flex-col items-start gap-3 whitespace-pre-wrap break-words [.text-message+&amp;]:mt-5 overflow-x-auto\" data-message-author-role=\"assistant\" data-message-id=\"f1714e8a-3bb5-48c9-a58e-836002504a2b\">\n<div class=\"markdown prose w-full break-words dark:prose-invert light\">\n<ol>\n<li>Effektiv dammkontroll: Minska dammet under sk&auml;rning och skapa en renare arbetsmilj&ouml;.<\/li>\n<li>Universell till&auml;mpning: Passar f&ouml;r kakel, betong, tegel och andra material, vilket g&ouml;r den m&aring;ngsidig.<\/li>\n<li>Stabil position och exakta snitt: Inbyggd sidost&ouml;d s&auml;kerst&auml;ller stabilitet och exakta snitt vid 90 grader.<\/li>\n<li>Justering av sk&auml;rdjup: Stegl&ouml;s justering och l&aring;sning av sk&auml;rdjupet f&ouml;r full kontroll &ouml;ver sk&auml;rprojekt.<\/li>\n<li>Riktlinje f&ouml;r precision: Frontguiden indikerar positionen f&ouml;r diamantklingan f&ouml;r extra noggrannhet.<\/li>\n<li>Dammlock f&ouml;r specifika material: Utformat f&ouml;r kakel, betong, tegel och undviket f&ouml;r metallprojekt.<\/li>\n<li>Universell kompatibilitet: Passar de flesta varum&auml;rken av vinkelslipar med olika adaptrar och justeringsskivor.<\/li>\n<\/ol>\n<\/div>\n<\/div>\n<\/div>\n<div class=\"mt-1 flex justify-start gap-3 empty:hidden\"><\/div>\n<\/div>\n<\/div>\n<\/div>\n<\/div>\n<\/div>\n<\/div>\n<\/div>\n<\/div>\n<\/div>\n<div class=\"w-full pt-2 md:pt-0 dark:border-white\/20 md:border-transparent md:dark:border-transparent md:w-[calc(100%-.5rem)]\">G&ouml;r dina sk&auml;ruppgifter mer effektiva och n&auml;stan dammfria med detta dammskydd, perfekt f&ouml;r uppgifter d&auml;r dammkontroll &auml;r avg&ouml;rande. Idealiskt f&ouml;r b&aring;de yrkesverksamma och hemmafixare.<\/div>\n<\/div>\n<\/div>\n<\/div>\n<\/div>\n<\/div>\n<\/div>\n<\/div>\n<\/div>\n<\/div>\n<\/div>\n<\/div>\n<\/div>\n","protected":false},"excerpt":{"rendered":"<h1 class=\"articleName font-4 color-3\">Dammskydd f\u00f6r vinkelslipmaskin \u00d8115-125mm<\/h1>\n<div class=\"flex-1 overflow-hidden\">\n<div class=\"react-scroll-to-bottom--css-wswhj-79elbk h-full\">\n<div class=\"react-scroll-to-bottom--css-wswhj-1n7m0yu\">\n<div class=\"flex flex-col pb-9 text-sm\">\n<div class=\"w-full text-token-text-primary\" data-testid=\"conversation-turn-311\">\n<div class=\"px-4 py-2 justify-center text-base md:gap-6 m-auto\">\n<div class=\"flex flex-1 text-base mx-auto gap-3 md:px-5 lg:px-1 xl:px-5 md:max-w-3xl lg:max-w-[40rem] xl:max-w-[48rem] group final-completion\">\n<div class=\"relative flex w-full flex-col agent-turn\">\n<div class=\"flex-col gap-1 md:gap-3\">\n<div class=\"flex flex-grow flex-col max-w-full\">\n<div class=\"min-h-[20px] text-message flex flex-col items-start gap-3 whitespace-pre-wrap break-words [.text-message+&amp;]:mt-5 overflow-x-auto\" data-message-author-role=\"assistant\" data-message-id=\"0cd20814-3c73-4084-8ea0-800d4b248c82\">\n<div class=\"markdown prose w-full break-words dark:prose-invert light\">\n<div class=\"flex-1 overflow-hidden\">\n<div class=\"react-scroll-to-bottom--css-wswhj-79elbk h-full\">\n<div class=\"react-scroll-to-bottom--css-wswhj-1n7m0yu\">\n<div class=\"flex flex-col pb-9 text-sm\">\n<div class=\"w-full text-token-text-primary\" data-testid=\"conversation-turn-353\">\n<div class=\"px-4 py-2 justify-center text-base md:gap-6 m-auto\">\n<div class=\"flex flex-1 text-base mx-auto gap-3 md:px-5 lg:px-1 xl:px-5 md:max-w-3xl lg:max-w-[40rem] xl:max-w-[48rem] group final-completion\">\n<div class=\"relative flex w-full flex-col agent-turn\">\n<div class=\"flex-col gap-1 md:gap-3\">\n<div class=\"flex flex-grow flex-col max-w-full\">\n<div class=\"min-h-[20px] text-message flex flex-col items-start gap-3 whitespace-pre-wrap break-words [.text-message+&amp;]:mt-5 overflow-x-auto\" data-message-author-role=\"assistant\" data-message-id=\"b767cb2c-b40a-4245-afcf-d250761d258c\">\n<div class=\"markdown prose w-full break-words dark:prose-invert light\">\n<p>Minimera m\u00e4ngden damm.<\/p>\n<p>Passar standardvinkelslipar.<\/p>\n<p>Har justerbar sk\u00e4rpedjup.<\/p>\n<p>Passar f\u00f6r: \u00d8115, \u00d8125 mm s\u00e5gblad.<\/p>\n<\/div>\n<\/div>\n<\/div>\n<\/div>\n<\/div>\n<\/div>\n<\/div>\n<\/div>\n<\/div>\n<\/div>\n<\/div>\n<\/div>\n<\/div>\n<\/div>\n<\/div>\n<\/div>\n<\/div>\n<\/div>\n<\/div>\n<\/div>\n<\/div>\n<\/div>\n<\/div>\n<\/div>\n","protected":false},"featured_media":1569,"comment_status":"open","ping_status":"closed","template":"","meta":[],"product_brand":[],"product_cat":[658,107],"product_tag":[113,699,1508,1242,1244,1509,4206,4207,4208,122,2624,2625,2626,115,4025,3552,4021,2180,2235,1723,1658,736],"class_list":{"0":"post-1568","1":"product","2":"type-product","3":"status-publish","4":"has-post-thumbnail","6":"product_cat-dammskydd","7":"product_cat-tilbehoer-sv","8":"product_tag-byggeri","9":"product_tag-dammskydd","10":"product_tag-diamantklinga-sv","11":"product_tag-diamantklinge-sv","12":"product_tag-diamantscheibe-sv","13":"product_tag-diamantzaagblad-sv","14":"product_tag-praecision-sv","15":"product_tag-praezision-sv","16":"product_tag-precisie-sv","17":"product_tag-precision","18":"product_tag-professioneelgereedschap-sv","19":"product_tag-professionelleswerkzeug-sv","20":"product_tag-professionelltverktyg-sv","21":"product_tag-professioneltvaerktoej","22":"product_tag-renovatie-sv","23":"product_tag-renovering-sv","24":"product_tag-renovierung-sv","25":"product_tag-skaerevaerktoej-sv","26":"product_tag-skarverktyg","27":"product_tag-stofkap-sv","28":"product_tag-stoevskaerm-sv","29":"product_tag-vinkelslip","31":"first","32":"instock","33":"taxable","34":"shipping-taxable","35":"purchasable","36":"product-type-simple"},"yoast_head":"<!-- This site is optimized with the Yoast SEO plugin v27.5 - https:\/\/yoast.com\/product\/yoast-seo-wordpress\/ -->\n<title>Dammskydd f\u00f6r vinkelslipmaskin \u00d8115-125mm - Murerpoint ApS<\/title>\n<meta name=\"description\" content=\"Dammskydd f\u00f6r vinkelslipmaskin \u00d8115-125mm. Anslutas till din dammsugare via den medf\u00f6ljande adaptern och leverera n\u00e4stan dammfri prestanda.\" \/>\n<meta name=\"robots\" content=\"index, follow, max-snippet:-1, max-image-preview:large, max-video-preview:-1\" \/>\n<link rel=\"canonical\" href=\"https:\/\/murerpoint.dk\/sv\/produkt\/dammskydd-for-vinkelslipmaskin-oe115-125mm\/\" \/>\n<meta property=\"og:locale\" content=\"sv_SE\" \/>\n<meta property=\"og:type\" content=\"article\" \/>\n<meta property=\"og:title\" content=\"Dammskydd f\u00f6r vinkelslipmaskin \u00d8115-125mm - Murerpoint ApS\" \/>\n<meta property=\"og:description\" content=\"Dammskydd f\u00f6r vinkelslipmaskin \u00d8115-125mm. Anslutas till din dammsugare via den medf\u00f6ljande adaptern och leverera n\u00e4stan dammfri prestanda.\" \/>\n<meta property=\"og:url\" content=\"https:\/\/murerpoint.dk\/sv\/produkt\/dammskydd-for-vinkelslipmaskin-oe115-125mm\/\" \/>\n<meta property=\"og:site_name\" content=\"Murerpoint ApS\" \/>\n<meta property=\"article:publisher\" content=\"https:\/\/m.facebook.com\/profile.php?id=61555157262134\" \/>\n<meta property=\"article:modified_time\" content=\"2024-07-08T10:15:16+00:00\" \/>\n<meta property=\"og:image\" content=\"https:\/\/murerpoint.dk\/wp-content\/uploads\/2024\/01\/image4__22_-removebg-preview-removebg-preview.png\" \/>\n\t<meta property=\"og:image:width\" content=\"433\" \/>\n\t<meta property=\"og:image:height\" content=\"577\" \/>\n\t<meta property=\"og:image:type\" content=\"image\/png\" \/>\n<meta name=\"twitter:card\" content=\"summary_large_image\" \/>\n<meta name=\"twitter:label1\" content=\"Pris\" \/>\n\t<meta name=\"twitter:data1\" content=\"&euro;61.41 Pris ekskl. moms: &euro;49.13\" \/>\n\t<meta name=\"twitter:label2\" content=\"Tillg\u00e4nglig\" \/>\n\t<meta name=\"twitter:data2\" content=\"I lager\" \/>\n<script type=\"application\/ld+json\" class=\"yoast-schema-graph\">{\"@context\":\"https:\\\/\\\/schema.org\",\"@graph\":[{\"@type\":\"WebPage\",\"@id\":\"https:\\\/\\\/murerpoint.dk\\\/sv\\\/produkt\\\/dammskydd-for-vinkelslipmaskin-oe115-125mm\\\/\",\"url\":\"https:\\\/\\\/murerpoint.dk\\\/sv\\\/produkt\\\/dammskydd-for-vinkelslipmaskin-oe115-125mm\\\/\",\"name\":\"Dammskydd f\u00f6r vinkelslipmaskin \u00d8115-125mm - Murerpoint ApS\",\"isPartOf\":{\"@id\":\"https:\\\/\\\/murerpoint.dk\\\/sv\\\/#website\"},\"primaryImageOfPage\":{\"@id\":\"https:\\\/\\\/murerpoint.dk\\\/sv\\\/produkt\\\/dammskydd-for-vinkelslipmaskin-oe115-125mm\\\/#primaryimage\"},\"image\":{\"@id\":\"https:\\\/\\\/murerpoint.dk\\\/sv\\\/produkt\\\/dammskydd-for-vinkelslipmaskin-oe115-125mm\\\/#primaryimage\"},\"thumbnailUrl\":\"https:\\\/\\\/murerpoint.dk\\\/wp-content\\\/uploads\\\/2024\\\/01\\\/image4__22_-removebg-preview-removebg-preview.png\",\"datePublished\":\"2024-01-25T10:46:32+00:00\",\"dateModified\":\"2024-07-08T10:15:16+00:00\",\"description\":\"Dammskydd f\u00f6r vinkelslipmaskin \u00d8115-125mm. Anslutas till din dammsugare via den medf\u00f6ljande adaptern och leverera n\u00e4stan dammfri prestanda.\",\"breadcrumb\":{\"@id\":\"https:\\\/\\\/murerpoint.dk\\\/sv\\\/produkt\\\/dammskydd-for-vinkelslipmaskin-oe115-125mm\\\/#breadcrumb\"},\"inLanguage\":\"sv-SE\",\"potentialAction\":[{\"@type\":\"ReadAction\",\"target\":[\"https:\\\/\\\/murerpoint.dk\\\/sv\\\/produkt\\\/dammskydd-for-vinkelslipmaskin-oe115-125mm\\\/\"]}]},{\"@type\":\"ImageObject\",\"inLanguage\":\"sv-SE\",\"@id\":\"https:\\\/\\\/murerpoint.dk\\\/sv\\\/produkt\\\/dammskydd-for-vinkelslipmaskin-oe115-125mm\\\/#primaryimage\",\"url\":\"https:\\\/\\\/murerpoint.dk\\\/wp-content\\\/uploads\\\/2024\\\/01\\\/image4__22_-removebg-preview-removebg-preview.png\",\"contentUrl\":\"https:\\\/\\\/murerpoint.dk\\\/wp-content\\\/uploads\\\/2024\\\/01\\\/image4__22_-removebg-preview-removebg-preview.png\",\"width\":433,\"height\":577,\"caption\":\"St\u00f8vsk\u00e6rm st\u00f8vkontrol til vinkelsliber\"},{\"@type\":\"BreadcrumbList\",\"@id\":\"https:\\\/\\\/murerpoint.dk\\\/sv\\\/produkt\\\/dammskydd-for-vinkelslipmaskin-oe115-125mm\\\/#breadcrumb\",\"itemListElement\":[{\"@type\":\"ListItem\",\"position\":1,\"name\":\"Hjem\",\"item\":\"https:\\\/\\\/murerpoint.dk\\\/sv\\\/\"},{\"@type\":\"ListItem\",\"position\":2,\"name\":\"SHOPPEN\",\"item\":\"https:\\\/\\\/murerpoint.dk\\\/sv\\\/shoppen\\\/\"},{\"@type\":\"ListItem\",\"position\":3,\"name\":\"Dammskydd f\u00f6r vinkelslipmaskin \u00d8115-125mm\"}]},{\"@type\":\"WebSite\",\"@id\":\"https:\\\/\\\/murerpoint.dk\\\/sv\\\/#website\",\"url\":\"https:\\\/\\\/murerpoint.dk\\\/sv\\\/\",\"name\":\"Murerpoint\",\"description\":\"kvalitets v\u00e6rkt\u00f8j\",\"publisher\":{\"@id\":\"https:\\\/\\\/murerpoint.dk\\\/sv\\\/#organization\"},\"potentialAction\":[{\"@type\":\"SearchAction\",\"target\":{\"@type\":\"EntryPoint\",\"urlTemplate\":\"https:\\\/\\\/murerpoint.dk\\\/sv\\\/?s={search_term_string}\"},\"query-input\":{\"@type\":\"PropertyValueSpecification\",\"valueRequired\":true,\"valueName\":\"search_term_string\"}}],\"inLanguage\":\"sv-SE\"},{\"@type\":\"Organization\",\"@id\":\"https:\\\/\\\/murerpoint.dk\\\/sv\\\/#organization\",\"name\":\"Murerpoint ApS\",\"url\":\"https:\\\/\\\/murerpoint.dk\\\/sv\\\/\",\"logo\":{\"@type\":\"ImageObject\",\"inLanguage\":\"sv-SE\",\"@id\":\"https:\\\/\\\/murerpoint.dk\\\/sv\\\/#\\\/schema\\\/logo\\\/image\\\/\",\"url\":\"https:\\\/\\\/murerpoint.dk\\\/wp-content\\\/uploads\\\/2023\\\/12\\\/cropped-Sort-Midt-Roed-Mursten.png\",\"contentUrl\":\"https:\\\/\\\/murerpoint.dk\\\/wp-content\\\/uploads\\\/2023\\\/12\\\/cropped-Sort-Midt-Roed-Mursten.png\",\"width\":512,\"height\":512,\"caption\":\"Murerpoint ApS\"},\"image\":{\"@id\":\"https:\\\/\\\/murerpoint.dk\\\/sv\\\/#\\\/schema\\\/logo\\\/image\\\/\"},\"sameAs\":[\"https:\\\/\\\/m.facebook.com\\\/profile.php?id=61555157262134\",\"https:\\\/\\\/www.instagram.com\\\/murerpoint?igsh=azluMWV6cTnc2ts&utm_source=qr\",\"https:\\\/\\\/www.tiktok.com\\\/@murerpoint?is_from_webapp=1&sender_device=pc\"]}]}<\/script>\n<meta property=\"product:price:amount\" content=\"61.41\" \/>\n<meta property=\"product:price:currency\" content=\"EUR\" \/>\n<meta property=\"og:availability\" content=\"instock\" \/>\n<meta property=\"product:availability\" content=\"instock\" \/>\n<meta property=\"product:retailer_item_id\" content=\"mp0123\" \/>\n<meta property=\"product:condition\" content=\"new\" \/>\n<!-- \/ Yoast SEO plugin. -->","yoast_head_json":{"title":"Dammskydd f\u00f6r vinkelslipmaskin \u00d8115-125mm - Murerpoint ApS","description":"Dammskydd f\u00f6r vinkelslipmaskin \u00d8115-125mm. Anslutas till din dammsugare via den medf\u00f6ljande adaptern och leverera n\u00e4stan dammfri prestanda.","robots":{"index":"index","follow":"follow","max-snippet":"max-snippet:-1","max-image-preview":"max-image-preview:large","max-video-preview":"max-video-preview:-1"},"canonical":"https:\/\/murerpoint.dk\/sv\/produkt\/dammskydd-for-vinkelslipmaskin-oe115-125mm\/","og_locale":"sv_SE","og_type":"article","og_title":"Dammskydd f\u00f6r vinkelslipmaskin \u00d8115-125mm - Murerpoint ApS","og_description":"Dammskydd f\u00f6r vinkelslipmaskin \u00d8115-125mm. Anslutas till din dammsugare via den medf\u00f6ljande adaptern och leverera n\u00e4stan dammfri prestanda.","og_url":"https:\/\/murerpoint.dk\/sv\/produkt\/dammskydd-for-vinkelslipmaskin-oe115-125mm\/","og_site_name":"Murerpoint ApS","article_publisher":"https:\/\/m.facebook.com\/profile.php?id=61555157262134","article_modified_time":"2024-07-08T10:15:16+00:00","og_image":[{"width":433,"height":577,"url":"https:\/\/murerpoint.dk\/wp-content\/uploads\/2024\/01\/image4__22_-removebg-preview-removebg-preview.png","type":"image\/png"}],"twitter_card":"summary_large_image","twitter_misc":{"Pris":"&euro;61.41 Pris ekskl. moms: &euro;49.13","Tillg\u00e4nglig":"I lager"},"schema":{"@context":"https:\/\/schema.org","@graph":[{"@type":"WebPage","@id":"https:\/\/murerpoint.dk\/sv\/produkt\/dammskydd-for-vinkelslipmaskin-oe115-125mm\/","url":"https:\/\/murerpoint.dk\/sv\/produkt\/dammskydd-for-vinkelslipmaskin-oe115-125mm\/","name":"Dammskydd f\u00f6r vinkelslipmaskin \u00d8115-125mm - Murerpoint ApS","isPartOf":{"@id":"https:\/\/murerpoint.dk\/sv\/#website"},"primaryImageOfPage":{"@id":"https:\/\/murerpoint.dk\/sv\/produkt\/dammskydd-for-vinkelslipmaskin-oe115-125mm\/#primaryimage"},"image":{"@id":"https:\/\/murerpoint.dk\/sv\/produkt\/dammskydd-for-vinkelslipmaskin-oe115-125mm\/#primaryimage"},"thumbnailUrl":"https:\/\/murerpoint.dk\/wp-content\/uploads\/2024\/01\/image4__22_-removebg-preview-removebg-preview.png","datePublished":"2024-01-25T10:46:32+00:00","dateModified":"2024-07-08T10:15:16+00:00","description":"Dammskydd f\u00f6r vinkelslipmaskin \u00d8115-125mm. Anslutas till din dammsugare via den medf\u00f6ljande adaptern och leverera n\u00e4stan dammfri prestanda.","breadcrumb":{"@id":"https:\/\/murerpoint.dk\/sv\/produkt\/dammskydd-for-vinkelslipmaskin-oe115-125mm\/#breadcrumb"},"inLanguage":"sv-SE","potentialAction":[{"@type":"ReadAction","target":["https:\/\/murerpoint.dk\/sv\/produkt\/dammskydd-for-vinkelslipmaskin-oe115-125mm\/"]}]},{"@type":"ImageObject","inLanguage":"sv-SE","@id":"https:\/\/murerpoint.dk\/sv\/produkt\/dammskydd-for-vinkelslipmaskin-oe115-125mm\/#primaryimage","url":"https:\/\/murerpoint.dk\/wp-content\/uploads\/2024\/01\/image4__22_-removebg-preview-removebg-preview.png","contentUrl":"https:\/\/murerpoint.dk\/wp-content\/uploads\/2024\/01\/image4__22_-removebg-preview-removebg-preview.png","width":433,"height":577,"caption":"St\u00f8vsk\u00e6rm st\u00f8vkontrol til vinkelsliber"},{"@type":"BreadcrumbList","@id":"https:\/\/murerpoint.dk\/sv\/produkt\/dammskydd-for-vinkelslipmaskin-oe115-125mm\/#breadcrumb","itemListElement":[{"@type":"ListItem","position":1,"name":"Hjem","item":"https:\/\/murerpoint.dk\/sv\/"},{"@type":"ListItem","position":2,"name":"SHOPPEN","item":"https:\/\/murerpoint.dk\/sv\/shoppen\/"},{"@type":"ListItem","position":3,"name":"Dammskydd f\u00f6r vinkelslipmaskin \u00d8115-125mm"}]},{"@type":"WebSite","@id":"https:\/\/murerpoint.dk\/sv\/#website","url":"https:\/\/murerpoint.dk\/sv\/","name":"Murerpoint","description":"kvalitets v\u00e6rkt\u00f8j","publisher":{"@id":"https:\/\/murerpoint.dk\/sv\/#organization"},"potentialAction":[{"@type":"SearchAction","target":{"@type":"EntryPoint","urlTemplate":"https:\/\/murerpoint.dk\/sv\/?s={search_term_string}"},"query-input":{"@type":"PropertyValueSpecification","valueRequired":true,"valueName":"search_term_string"}}],"inLanguage":"sv-SE"},{"@type":"Organization","@id":"https:\/\/murerpoint.dk\/sv\/#organization","name":"Murerpoint ApS","url":"https:\/\/murerpoint.dk\/sv\/","logo":{"@type":"ImageObject","inLanguage":"sv-SE","@id":"https:\/\/murerpoint.dk\/sv\/#\/schema\/logo\/image\/","url":"https:\/\/murerpoint.dk\/wp-content\/uploads\/2023\/12\/cropped-Sort-Midt-Roed-Mursten.png","contentUrl":"https:\/\/murerpoint.dk\/wp-content\/uploads\/2023\/12\/cropped-Sort-Midt-Roed-Mursten.png","width":512,"height":512,"caption":"Murerpoint ApS"},"image":{"@id":"https:\/\/murerpoint.dk\/sv\/#\/schema\/logo\/image\/"},"sameAs":["https:\/\/m.facebook.com\/profile.php?id=61555157262134","https:\/\/www.instagram.com\/murerpoint?igsh=azluMWV6cTnc2ts&utm_source=qr","https:\/\/www.tiktok.com\/@murerpoint?is_from_webapp=1&sender_device=pc"]}]},"product_price_amount":"61.41","product_price_currency":"EUR","og_availability":"instock","product_availability":"instock","product_retailer_item_id":"mp0123","product_condition":"new"},"_links":{"self":[{"href":"https:\/\/murerpoint.dk\/sv\/wp-json\/wp\/v2\/product\/1568","targetHints":{"allow":["GET"]}}],"collection":[{"href":"https:\/\/murerpoint.dk\/sv\/wp-json\/wp\/v2\/product"}],"about":[{"href":"https:\/\/murerpoint.dk\/sv\/wp-json\/wp\/v2\/types\/product"}],"replies":[{"embeddable":true,"href":"https:\/\/murerpoint.dk\/sv\/wp-json\/wp\/v2\/comments?post=1568"}],"wp:featuredmedia":[{"embeddable":true,"href":"https:\/\/murerpoint.dk\/sv\/wp-json\/wp\/v2\/media\/1569"}],"wp:attachment":[{"href":"https:\/\/murerpoint.dk\/sv\/wp-json\/wp\/v2\/media?parent=1568"}],"wp:term":[{"taxonomy":"product_brand","embeddable":true,"href":"https:\/\/murerpoint.dk\/sv\/wp-json\/wp\/v2\/product_brand?post=1568"},{"taxonomy":"product_cat","embeddable":true,"href":"https:\/\/murerpoint.dk\/sv\/wp-json\/wp\/v2\/product_cat?post=1568"},{"taxonomy":"product_tag","embeddable":true,"href":"https:\/\/murerpoint.dk\/sv\/wp-json\/wp\/v2\/product_tag?post=1568"}],"curies":[{"name":"wp","href":"https:\/\/api.w.org\/{rel}","templated":true}]}}