{"id":1794,"date":"2024-01-22T08:14:30","date_gmt":"2024-01-22T08:14:30","guid":{"rendered":"https:\/\/murerpoint.dk\/product\/hartmetall-fugenmeissel-mit-kruemmung\/"},"modified":"2024-03-10T10:02:00","modified_gmt":"2024-03-10T10:02:00","slug":"fogmejsel-med-carbidtander-faste-sds-och-krokning","status":"publish","type":"product","link":"https:\/\/murerpoint.dk\/sv\/produkt\/fogmejsel-med-carbidtander-faste-sds-och-krokning\/","title":{"rendered":"Fogmejsel med Carbidt\u00e4nder F\u00e4ste SDS och kr\u00f6kning"},"content":{"rendered":"<?xml encoding=\"utf-8\" ?><div class=\"product__header\" data-v-6044caef=\"\">\n<header class=\"sf-heading sf-heading--no-underline sf-heading--left\" data-v-6044caef=\"\">\n<div class=\"flex-1 overflow-hidden\">\n<div class=\"react-scroll-to-bottom--css-wpxos-79elbk h-full\">\n<div class=\"react-scroll-to-bottom--css-wpxos-1n7m0yu\">\n<div class=\"flex flex-col text-sm pb-9\">\n<div class=\"w-full text-token-text-primary\" data-testid=\"conversation-turn-7\">\n<div class=\"px-4 py-2 justify-center text-base md:gap-6 m-auto\">\n<div class=\"flex flex-1 text-base mx-auto gap-3 md:px-5 lg:px-1 xl:px-5 md:max-w-3xl lg:max-w-[40rem] xl:max-w-[48rem] group final-completion\">\n<div class=\"relative flex w-full flex-col agent-turn\">\n<div class=\"flex-col gap-1 md:gap-3\">\n<div class=\"flex flex-grow flex-col max-w-full\">\n<div class=\"min-h-[20px] text-message flex flex-col items-start gap-3 whitespace-pre-wrap break-words [.text-message+&amp;]:mt-5 overflow-x-auto\" data-message-author-role=\"assistant\" data-message-id=\"4d1fa72d-17bb-4b90-ae32-3eee07ed4737\">\n<div class=\"markdown prose w-full break-words dark:prose-invert light\">\n<h2>Fogmejsel med Carbidt&auml;nder F&auml;ste SDS och kr&ouml;kning<\/h2>\n<\/div>\n<\/div>\n<\/div>\n<\/div>\n<\/div>\n<\/div>\n<\/div>\n<\/div>\n<\/div>\n<\/div>\n<\/div>\n<\/div>\n<h5>Optimerad borttagning av dina fogar med denne Fogmejsel.<\/h5>\n<h5>Effektiv och exakt borttagning av h&aring;rd fogbruk:<\/h5>\n<div class=\"flex-1 overflow-hidden\">\n<div class=\"react-scroll-to-bottom--css-wpxos-79elbk h-full\">\n<div class=\"react-scroll-to-bottom--css-wpxos-1n7m0yu\">\n<div class=\"flex flex-col text-sm pb-9\">\n<div class=\"w-full text-token-text-primary\" data-testid=\"conversation-turn-15\">\n<div class=\"px-4 py-2 justify-center text-base md:gap-6 m-auto\">\n<div class=\"flex flex-1 text-base mx-auto gap-3 md:px-5 lg:px-1 xl:px-5 md:max-w-3xl lg:max-w-[40rem] xl:max-w-[48rem] group final-completion\">\n<div class=\"relative flex w-full flex-col agent-turn\">\n<div class=\"flex-col gap-1 md:gap-3\">\n<div class=\"flex flex-grow flex-col max-w-full\">\n<div class=\"min-h-[20px] text-message flex flex-col items-start gap-3 whitespace-pre-wrap break-words [.text-message+&amp;]:mt-5 overflow-x-auto\" data-message-author-role=\"assistant\" data-message-id=\"15915feb-003f-473b-9186-ce02bbf6e97b\">\n<div class=\"markdown prose w-full break-words dark:prose-invert light\">\n<p>Din fogmejsel f&ouml;r effektiv och exakt borttagning av fogbruk mellan tegelstenarna. Den snedst&auml;llda diamantkronan s&auml;kerst&auml;ller att materialet enkelt skjuts fram&aring;t, vilket underl&auml;ttar arbetet &auml;ven p&aring; sv&aring;rtillg&auml;ngliga platser som bakom stupr&ouml;r<\/p>\n<\/div>\n<\/div>\n<\/div>\n<\/div>\n<\/div>\n<\/div>\n<\/div>\n<\/div>\n<\/div>\n<\/div>\n<\/div>\n<\/div>\n<h5>Unik kr&ouml;kning f&ouml;r s&ouml;ml&ouml;s anv&auml;ndning:<\/h5>\n<div class=\"flex-1 overflow-hidden\">\n<div class=\"react-scroll-to-bottom--css-wpxos-79elbk h-full\">\n<div class=\"react-scroll-to-bottom--css-wpxos-1n7m0yu\">\n<div class=\"flex flex-col text-sm pb-9\">\n<div class=\"w-full text-token-text-primary\" data-testid=\"conversation-turn-19\">\n<div class=\"px-4 py-2 justify-center text-base md:gap-6 m-auto\">\n<div class=\"flex flex-1 text-base mx-auto gap-3 md:px-5 lg:px-1 xl:px-5 md:max-w-3xl lg:max-w-[40rem] xl:max-w-[48rem] group final-completion\">\n<div class=\"relative flex w-full flex-col agent-turn\">\n<div class=\"flex-col gap-1 md:gap-3\">\n<div class=\"flex flex-grow flex-col max-w-full\">\n<div class=\"min-h-[20px] text-message flex flex-col items-start gap-3 whitespace-pre-wrap break-words [.text-message+&amp;]:mt-5 overflow-x-auto\" data-message-author-role=\"assistant\" data-message-id=\"9cc817fd-8962-4990-b48b-a3659fc2fa5e\">\n<div class=\"markdown prose w-full break-words dark:prose-invert light\">\n<p>Mejselns unika kr&ouml;kning &auml;r utformad f&ouml;r att s&auml;kerst&auml;lla att material effektivt avl&auml;gsnas fr&aring;n fogbruket utan att fastna. Kr&ouml;kningen &auml;r speciellt utformad f&ouml;r fogbruk och resulterar i en s&ouml;ml&ouml;s anv&auml;ndning som sparar tid och anstr&auml;ngning<\/p>\n<\/div>\n<\/div>\n<\/div>\n<\/div>\n<\/div>\n<\/div>\n<\/div>\n<\/div>\n<\/div>\n<\/div>\n<\/div>\n<\/div>\n<div class=\"flex-1 overflow-hidden\">\n<div class=\"react-scroll-to-bottom--css-wpxos-79elbk h-full\">\n<div class=\"react-scroll-to-bottom--css-wpxos-1n7m0yu\">\n<div class=\"flex flex-col text-sm pb-9\">\n<div class=\"w-full text-token-text-primary\" data-testid=\"conversation-turn-21\">\n<div class=\"px-4 py-2 justify-center text-base md:gap-6 m-auto\">\n<div class=\"flex flex-1 text-base mx-auto gap-3 md:px-5 lg:px-1 xl:px-5 md:max-w-3xl lg:max-w-[40rem] xl:max-w-[48rem] group final-completion\">\n<div class=\"relative flex w-full flex-col agent-turn\">\n<div class=\"flex-col gap-1 md:gap-3\">\n<div class=\"flex flex-grow flex-col max-w-full\">\n<div class=\"min-h-[20px] text-message flex flex-col items-start gap-3 whitespace-pre-wrap break-words [.text-message+&amp;]:mt-5 overflow-x-auto\" data-message-author-role=\"assistant\" data-message-id=\"f22476d7-3fa9-4524-a6f3-89966d5724d1\">\n<div class=\"markdown prose w-full break-words dark:prose-invert light\">\n<h5>Robust och h&aring;llbar konstruktion:<\/h5>\n<\/div>\n<\/div>\n<\/div>\n<\/div>\n<\/div>\n<\/div>\n<\/div>\n<\/div>\n<\/div>\n<\/div>\n<\/div>\n<\/div>\n<p>H&aring;rdmetall fogskaft med kr&ouml;kning, Tillverkad med sk&auml;rkanter av volframkarbid, vilket s&auml;kerst&auml;ller l&aring;ngvarig h&aring;llbarhet och robusthet. Den &auml;r l&auml;mplig f&ouml;r anv&auml;ndning i murverk och kan anv&auml;ndas med alla roterande hammare och rivningshammare med rotationsstopp och SDS-plus-f&auml;ste eller i en SDS-plus mejseladapter<\/p>\n<h5>K&ouml;p din h&aring;rdmetall fogskaft med kr&ouml;kning idag:<\/h5>\n<p>F&aring; tag i denna underbara H&aring;rdmetall fogskaft med kr&ouml;kning, S&auml;rskilt utvecklad f&ouml;r fogen. K&ouml;p den nu till ett &ouml;verkomligt pris och upplev en ny standard inom fogenborttagning. Optimera din arbetsdag med Mortelkrassende Guts Beitel med H&aring;rdmetallspets fr&aring;n MurerPoint.dk.<\/p>\n<h5>S&auml;rskilda egenskaper:<\/h5>\n<div class=\"flex-1 overflow-hidden\">\n<div class=\"react-scroll-to-bottom--css-pdclg-79elbk h-full\">\n<div class=\"react-scroll-to-bottom--css-pdclg-1n7m0yu\">\n<div class=\"flex flex-col pb-9 text-sm\">\n<div class=\"w-full text-token-text-primary\" data-testid=\"conversation-turn-209\">\n<div class=\"px-4 py-2 justify-center text-base md:gap-6 m-auto\">\n<div class=\"flex flex-1 text-base mx-auto gap-3 md:px-5 lg:px-1 xl:px-5 md:max-w-3xl lg:max-w-[40rem] xl:max-w-[48rem] group final-completion\">\n<div class=\"relative flex w-full flex-col agent-turn\">\n<div class=\"flex-col gap-1 md:gap-3\">\n<div class=\"flex flex-grow flex-col max-w-full\">\n<div class=\"min-h-[20px] text-message flex flex-col items-start gap-3 whitespace-pre-wrap break-words [.text-message+&amp;]:mt-5 overflow-x-auto\" data-message-author-role=\"assistant\" data-message-id=\"d54f5aae-f966-4a26-93d4-91036b03e268\">\n<div class=\"markdown prose w-full break-words dark:prose-invert light\">\n<div class=\"w-full text-token-text-primary\" data-testid=\"conversation-turn-30\">\n<div class=\"px-4 py-2 justify-center text-base md:gap-6 m-auto\">\n<div class=\"flex flex-1 text-base mx-auto gap-3 md:px-5 lg:px-1 xl:px-5 md:max-w-3xl lg:max-w-[40rem] xl:max-w-[48rem] group\">\n<div class=\"relative flex w-full flex-col\">\n<div class=\"flex-col gap-1 md:gap-3\">\n<div class=\"flex flex-grow flex-col max-w-full\">\n<div class=\"min-h-[20px] text-message flex flex-col items-start gap-3 whitespace-pre-wrap break-words [.text-message+&amp;]:mt-5 overflow-x-auto\" data-message-author-role=\"user\" data-message-id=\"aaa25a35-682b-434b-862e-84f98d8c4f99\">\n<ul>\n<li>Sneda diamanter f&ouml;r f&ouml;renklat arbete<\/li>\n<li>Robust och h&aring;llbar konstruktion L&auml;mplig f&ouml;r sv&aring;r&aring;tkomliga platser<\/li>\n<li>Passar alla roterande hammare och rivningshammare<\/li>\n<li>Med rotationsstopp och SDS-plus h&aring;llare<\/li>\n<\/ul>\n<\/div>\n<\/div>\n<\/div>\n<\/div>\n<\/div>\n<\/div>\n<\/div>\n<\/div>\n<\/div>\n<\/div>\n<\/div>\n<\/div>\n<\/div>\n<\/div>\n<\/div>\n<\/div>\n<\/div>\n<\/div>\n<\/div>\n<\/header>\n<\/div>\n","protected":false},"excerpt":{"rendered":"<h3>Fogmejsel med Carbidt\u00e4nder F\u00e4ste SDS och kr\u00f6kning<\/h3>\n<h5>S\u00e4rskilda egenskaper:<\/h5>\n<div class=\"flex-1 overflow-hidden\">\n<div class=\"react-scroll-to-bottom--css-pdclg-79elbk h-full\">\n<div class=\"react-scroll-to-bottom--css-pdclg-1n7m0yu\">\n<div class=\"flex flex-col pb-9 text-sm\">\n<div class=\"w-full text-token-text-primary\" data-testid=\"conversation-turn-209\">\n<div class=\"px-4 py-2 justify-center text-base md:gap-6 m-auto\">\n<div class=\"flex flex-1 text-base mx-auto gap-3 md:px-5 lg:px-1 xl:px-5 md:max-w-3xl lg:max-w-[40rem] xl:max-w-[48rem] group final-completion\">\n<div class=\"relative flex w-full flex-col agent-turn\">\n<div class=\"flex-col gap-1 md:gap-3\">\n<div class=\"flex flex-grow flex-col max-w-full\">\n<div class=\"min-h-[20px] text-message flex flex-col items-start gap-3 whitespace-pre-wrap break-words [.text-message+&amp;]:mt-5 overflow-x-auto\" data-message-author-role=\"assistant\" data-message-id=\"d54f5aae-f966-4a26-93d4-91036b03e268\">\n<div class=\"markdown prose w-full break-words dark:prose-invert light\">\n<div class=\"w-full text-token-text-primary\" data-t=\"\">\n<div class=\"\">\n<div class=\"flex flex-1 text-base mx-auto gap-3 md:px-5 lg:px-1 xl:px-5 md:max-w-3xl lg:max-w-[40rem] xl:max-w-[48rem] group\">\n<div class=\"relative flex w-full flex-col\">\n<div class=\"yoast-text-mark\">\n<div>\n<ul>\n<li>Sneda diamanter f\u00f6r f\u00f6renklat arbete&lt;\/li&gt;<\/li>\n<li>Robust och h\u00e5llbar konstruktion L\u00e4mplig f\u00f6r<\/li>\n<li>sv\u00e5r\u00e5tkomliga platser<\/li>\n<li>Passar alla roterande hammare och rivningshammare<\/li>\n<li>Med rotationsstopp och SDS-plus h\u00e5llare<\/li>\n<\/ul>\n<\/div>\n<\/div>\n<\/div>\n<\/div>\n<\/div>\n<\/div>\n<\/div>\n<\/div>\n<\/div>\n<\/div>\n<\/div>\n<\/div>\n<\/div>\n<\/div>\n<\/div>\n<\/div>\n<\/div>\n<\/div>\n","protected":false},"featured_media":789,"comment_status":"open","ping_status":"closed","template":"","meta":[],"product_brand":[],"product_cat":[648,105],"product_tag":[569,554,605,558,563,2640],"class_list":{"0":"post-1794","1":"product","2":"type-product","3":"status-publish","4":"has-post-thumbnail","6":"product_cat-krumelurer","7":"product_cat-mejsler-2-sv","8":"product_tag-fugefraeser-sv","9":"product_tag-hmsds-sv","10":"product_tag-mejsel-sv","11":"product_tag-musejern-fugefraesning-moertelfuger-byggeri-haandvaerktoej-renovering-vinkelsliber-murerarbejde-praecistvaerktoej-danmark-sv","12":"product_tag-sds-sv","13":"product_tag-googleads-sv","15":"first","16":"instock","17":"taxable","18":"shipping-taxable","19":"purchasable","20":"product-type-simple"},"yoast_head":"<!-- This site is optimized with the Yoast SEO plugin v27.6 - https:\/\/yoast.com\/product\/yoast-seo-wordpress\/ -->\n<title>Fogmejsel med Carbidt\u00e4nder F\u00e4ste SDS och kr\u00f6kning - Murerpoint ApS<\/title>\n<meta name=\"description\" content=\"Fogmejsel med Carbidt\u00e4nder F\u00e4ste SDS och kr\u00f6kning, Du kan enkelt skrapa bort gammalt fogbruk sj\u00e4lv, \u00e4ven p\u00e5 sv\u00e5r\u00e5tkomliga st\u00e4llen som bakom stupr\u00f6r.\" \/>\n<meta name=\"robots\" content=\"index, follow, max-snippet:-1, max-image-preview:large, max-video-preview:-1\" \/>\n<link rel=\"canonical\" href=\"https:\/\/murerpoint.dk\/sv\/produkt\/fogmejsel-med-carbidtander-faste-sds-och-krokning\/\" \/>\n<meta property=\"og:locale\" content=\"sv_SE\" \/>\n<meta property=\"og:type\" content=\"article\" \/>\n<meta property=\"og:title\" content=\"Fogmejsel med Carbidt\u00e4nder F\u00e4ste SDS och kr\u00f6kning - Murerpoint ApS\" \/>\n<meta property=\"og:description\" content=\"Fogmejsel med Carbidt\u00e4nder F\u00e4ste SDS och kr\u00f6kning, Du kan enkelt skrapa bort gammalt fogbruk sj\u00e4lv, \u00e4ven p\u00e5 sv\u00e5r\u00e5tkomliga st\u00e4llen som bakom stupr\u00f6r.\" \/>\n<meta property=\"og:url\" content=\"https:\/\/murerpoint.dk\/sv\/produkt\/fogmejsel-med-carbidtander-faste-sds-och-krokning\/\" \/>\n<meta property=\"og:site_name\" content=\"Murerpoint ApS\" \/>\n<meta property=\"article:publisher\" content=\"https:\/\/m.facebook.com\/profile.php?id=61555157262134\" \/>\n<meta property=\"article:modified_time\" content=\"2024-03-10T10:02:00+00:00\" \/>\n<meta property=\"og:image\" content=\"https:\/\/murerpoint.dk\/wp-content\/uploads\/2024\/01\/fugemejsel-krumspring-i-haardmetal-front.png\" \/>\n\t<meta property=\"og:image:width\" content=\"433\" \/>\n\t<meta property=\"og:image:height\" content=\"577\" \/>\n\t<meta property=\"og:image:type\" content=\"image\/png\" \/>\n<meta name=\"twitter:card\" content=\"summary_large_image\" \/>\n<meta name=\"twitter:label1\" content=\"Pris\" \/>\n\t<meta name=\"twitter:data1\" content=\"&euro;45.04 Pris ekskl. moms: &euro;36.03\" \/>\n\t<meta name=\"twitter:label2\" content=\"Tillg\u00e4nglig\" \/>\n\t<meta name=\"twitter:data2\" content=\"I lager\" \/>\n<script type=\"application\/ld+json\" class=\"yoast-schema-graph\">{\"@context\":\"https:\\\/\\\/schema.org\",\"@graph\":[{\"@type\":\"WebPage\",\"@id\":\"https:\\\/\\\/murerpoint.dk\\\/sv\\\/produkt\\\/fogmejsel-med-carbidtander-faste-sds-och-krokning\\\/\",\"url\":\"https:\\\/\\\/murerpoint.dk\\\/sv\\\/produkt\\\/fogmejsel-med-carbidtander-faste-sds-och-krokning\\\/\",\"name\":\"Fogmejsel med Carbidt\u00e4nder F\u00e4ste SDS och kr\u00f6kning - Murerpoint ApS\",\"isPartOf\":{\"@id\":\"https:\\\/\\\/murerpoint.dk\\\/sv\\\/#website\"},\"primaryImageOfPage\":{\"@id\":\"https:\\\/\\\/murerpoint.dk\\\/sv\\\/produkt\\\/fogmejsel-med-carbidtander-faste-sds-och-krokning\\\/#primaryimage\"},\"image\":{\"@id\":\"https:\\\/\\\/murerpoint.dk\\\/sv\\\/produkt\\\/fogmejsel-med-carbidtander-faste-sds-och-krokning\\\/#primaryimage\"},\"thumbnailUrl\":\"https:\\\/\\\/murerpoint.dk\\\/wp-content\\\/uploads\\\/2024\\\/01\\\/fugemejsel-krumspring-i-haardmetal-front.png\",\"datePublished\":\"2024-01-22T08:14:30+00:00\",\"dateModified\":\"2024-03-10T10:02:00+00:00\",\"description\":\"Fogmejsel med Carbidt\u00e4nder F\u00e4ste SDS och kr\u00f6kning, Du kan enkelt skrapa bort gammalt fogbruk sj\u00e4lv, \u00e4ven p\u00e5 sv\u00e5r\u00e5tkomliga st\u00e4llen som bakom stupr\u00f6r.\",\"breadcrumb\":{\"@id\":\"https:\\\/\\\/murerpoint.dk\\\/sv\\\/produkt\\\/fogmejsel-med-carbidtander-faste-sds-och-krokning\\\/#breadcrumb\"},\"inLanguage\":\"sv-SE\",\"potentialAction\":[{\"@type\":\"ReadAction\",\"target\":[\"https:\\\/\\\/murerpoint.dk\\\/sv\\\/produkt\\\/fogmejsel-med-carbidtander-faste-sds-och-krokning\\\/\"]}]},{\"@type\":\"ImageObject\",\"inLanguage\":\"sv-SE\",\"@id\":\"https:\\\/\\\/murerpoint.dk\\\/sv\\\/produkt\\\/fogmejsel-med-carbidtander-faste-sds-och-krokning\\\/#primaryimage\",\"url\":\"https:\\\/\\\/murerpoint.dk\\\/wp-content\\\/uploads\\\/2024\\\/01\\\/fugemejsel-krumspring-i-haardmetal-front.png\",\"contentUrl\":\"https:\\\/\\\/murerpoint.dk\\\/wp-content\\\/uploads\\\/2024\\\/01\\\/fugemejsel-krumspring-i-haardmetal-front.png\",\"width\":433,\"height\":577,\"caption\":\"Til fjernelse af m\u00f8rtel mellem mursten \u00b7 Krumning p\u00e5 mejslen sikrer effektiv fjernelse af materiale og forhindrer, at mejslen s\u00e6tter sig fast i fugen\"},{\"@type\":\"BreadcrumbList\",\"@id\":\"https:\\\/\\\/murerpoint.dk\\\/sv\\\/produkt\\\/fogmejsel-med-carbidtander-faste-sds-och-krokning\\\/#breadcrumb\",\"itemListElement\":[{\"@type\":\"ListItem\",\"position\":1,\"name\":\"Hjem\",\"item\":\"https:\\\/\\\/murerpoint.dk\\\/sv\\\/\"},{\"@type\":\"ListItem\",\"position\":2,\"name\":\"SHOPPEN\",\"item\":\"https:\\\/\\\/murerpoint.dk\\\/sv\\\/shoppen\\\/\"},{\"@type\":\"ListItem\",\"position\":3,\"name\":\"Fogmejsel med Carbidt\u00e4nder F\u00e4ste SDS och kr\u00f6kning\"}]},{\"@type\":\"WebSite\",\"@id\":\"https:\\\/\\\/murerpoint.dk\\\/sv\\\/#website\",\"url\":\"https:\\\/\\\/murerpoint.dk\\\/sv\\\/\",\"name\":\"Murerpoint\",\"description\":\"kvalitets v\u00e6rkt\u00f8j\",\"publisher\":{\"@id\":\"https:\\\/\\\/murerpoint.dk\\\/sv\\\/#organization\"},\"potentialAction\":[{\"@type\":\"SearchAction\",\"target\":{\"@type\":\"EntryPoint\",\"urlTemplate\":\"https:\\\/\\\/murerpoint.dk\\\/sv\\\/?s={search_term_string}\"},\"query-input\":{\"@type\":\"PropertyValueSpecification\",\"valueRequired\":true,\"valueName\":\"search_term_string\"}}],\"inLanguage\":\"sv-SE\"},{\"@type\":\"Organization\",\"@id\":\"https:\\\/\\\/murerpoint.dk\\\/sv\\\/#organization\",\"name\":\"Murerpoint ApS\",\"url\":\"https:\\\/\\\/murerpoint.dk\\\/sv\\\/\",\"logo\":{\"@type\":\"ImageObject\",\"inLanguage\":\"sv-SE\",\"@id\":\"https:\\\/\\\/murerpoint.dk\\\/sv\\\/#\\\/schema\\\/logo\\\/image\\\/\",\"url\":\"https:\\\/\\\/murerpoint.dk\\\/wp-content\\\/uploads\\\/2023\\\/12\\\/cropped-Sort-Midt-Roed-Mursten.png\",\"contentUrl\":\"https:\\\/\\\/murerpoint.dk\\\/wp-content\\\/uploads\\\/2023\\\/12\\\/cropped-Sort-Midt-Roed-Mursten.png\",\"width\":512,\"height\":512,\"caption\":\"Murerpoint ApS\"},\"image\":{\"@id\":\"https:\\\/\\\/murerpoint.dk\\\/sv\\\/#\\\/schema\\\/logo\\\/image\\\/\"},\"sameAs\":[\"https:\\\/\\\/m.facebook.com\\\/profile.php?id=61555157262134\",\"https:\\\/\\\/www.instagram.com\\\/murerpoint?igsh=azluMWV6cTnc2ts&utm_source=qr\",\"https:\\\/\\\/www.tiktok.com\\\/@murerpoint?is_from_webapp=1&sender_device=pc\"]}]}<\/script>\n<meta property=\"product:price:amount\" content=\"45.04\" \/>\n<meta property=\"product:price:currency\" content=\"EUR\" \/>\n<meta property=\"og:availability\" content=\"instock\" \/>\n<meta property=\"product:availability\" content=\"instock\" \/>\n<meta property=\"product:retailer_item_id\" content=\"mp0019\" \/>\n<meta property=\"product:condition\" content=\"new\" \/>\n<!-- \/ Yoast SEO plugin. -->","yoast_head_json":{"title":"Fogmejsel med Carbidt\u00e4nder F\u00e4ste SDS och kr\u00f6kning - Murerpoint ApS","description":"Fogmejsel med Carbidt\u00e4nder F\u00e4ste SDS och kr\u00f6kning, Du kan enkelt skrapa bort gammalt fogbruk sj\u00e4lv, \u00e4ven p\u00e5 sv\u00e5r\u00e5tkomliga st\u00e4llen som bakom stupr\u00f6r.","robots":{"index":"index","follow":"follow","max-snippet":"max-snippet:-1","max-image-preview":"max-image-preview:large","max-video-preview":"max-video-preview:-1"},"canonical":"https:\/\/murerpoint.dk\/sv\/produkt\/fogmejsel-med-carbidtander-faste-sds-och-krokning\/","og_locale":"sv_SE","og_type":"article","og_title":"Fogmejsel med Carbidt\u00e4nder F\u00e4ste SDS och kr\u00f6kning - Murerpoint ApS","og_description":"Fogmejsel med Carbidt\u00e4nder F\u00e4ste SDS och kr\u00f6kning, Du kan enkelt skrapa bort gammalt fogbruk sj\u00e4lv, \u00e4ven p\u00e5 sv\u00e5r\u00e5tkomliga st\u00e4llen som bakom stupr\u00f6r.","og_url":"https:\/\/murerpoint.dk\/sv\/produkt\/fogmejsel-med-carbidtander-faste-sds-och-krokning\/","og_site_name":"Murerpoint ApS","article_publisher":"https:\/\/m.facebook.com\/profile.php?id=61555157262134","article_modified_time":"2024-03-10T10:02:00+00:00","og_image":[{"width":433,"height":577,"url":"https:\/\/murerpoint.dk\/wp-content\/uploads\/2024\/01\/fugemejsel-krumspring-i-haardmetal-front.png","type":"image\/png"}],"twitter_card":"summary_large_image","twitter_misc":{"Pris":"&euro;45.04 Pris ekskl. moms: &euro;36.03","Tillg\u00e4nglig":"I lager"},"schema":{"@context":"https:\/\/schema.org","@graph":[{"@type":"WebPage","@id":"https:\/\/murerpoint.dk\/sv\/produkt\/fogmejsel-med-carbidtander-faste-sds-och-krokning\/","url":"https:\/\/murerpoint.dk\/sv\/produkt\/fogmejsel-med-carbidtander-faste-sds-och-krokning\/","name":"Fogmejsel med Carbidt\u00e4nder F\u00e4ste SDS och kr\u00f6kning - Murerpoint ApS","isPartOf":{"@id":"https:\/\/murerpoint.dk\/sv\/#website"},"primaryImageOfPage":{"@id":"https:\/\/murerpoint.dk\/sv\/produkt\/fogmejsel-med-carbidtander-faste-sds-och-krokning\/#primaryimage"},"image":{"@id":"https:\/\/murerpoint.dk\/sv\/produkt\/fogmejsel-med-carbidtander-faste-sds-och-krokning\/#primaryimage"},"thumbnailUrl":"https:\/\/murerpoint.dk\/wp-content\/uploads\/2024\/01\/fugemejsel-krumspring-i-haardmetal-front.png","datePublished":"2024-01-22T08:14:30+00:00","dateModified":"2024-03-10T10:02:00+00:00","description":"Fogmejsel med Carbidt\u00e4nder F\u00e4ste SDS och kr\u00f6kning, Du kan enkelt skrapa bort gammalt fogbruk sj\u00e4lv, \u00e4ven p\u00e5 sv\u00e5r\u00e5tkomliga st\u00e4llen som bakom stupr\u00f6r.","breadcrumb":{"@id":"https:\/\/murerpoint.dk\/sv\/produkt\/fogmejsel-med-carbidtander-faste-sds-och-krokning\/#breadcrumb"},"inLanguage":"sv-SE","potentialAction":[{"@type":"ReadAction","target":["https:\/\/murerpoint.dk\/sv\/produkt\/fogmejsel-med-carbidtander-faste-sds-och-krokning\/"]}]},{"@type":"ImageObject","inLanguage":"sv-SE","@id":"https:\/\/murerpoint.dk\/sv\/produkt\/fogmejsel-med-carbidtander-faste-sds-och-krokning\/#primaryimage","url":"https:\/\/murerpoint.dk\/wp-content\/uploads\/2024\/01\/fugemejsel-krumspring-i-haardmetal-front.png","contentUrl":"https:\/\/murerpoint.dk\/wp-content\/uploads\/2024\/01\/fugemejsel-krumspring-i-haardmetal-front.png","width":433,"height":577,"caption":"Til fjernelse af m\u00f8rtel mellem mursten \u00b7 Krumning p\u00e5 mejslen sikrer effektiv fjernelse af materiale og forhindrer, at mejslen s\u00e6tter sig fast i fugen"},{"@type":"BreadcrumbList","@id":"https:\/\/murerpoint.dk\/sv\/produkt\/fogmejsel-med-carbidtander-faste-sds-och-krokning\/#breadcrumb","itemListElement":[{"@type":"ListItem","position":1,"name":"Hjem","item":"https:\/\/murerpoint.dk\/sv\/"},{"@type":"ListItem","position":2,"name":"SHOPPEN","item":"https:\/\/murerpoint.dk\/sv\/shoppen\/"},{"@type":"ListItem","position":3,"name":"Fogmejsel med Carbidt\u00e4nder F\u00e4ste SDS och kr\u00f6kning"}]},{"@type":"WebSite","@id":"https:\/\/murerpoint.dk\/sv\/#website","url":"https:\/\/murerpoint.dk\/sv\/","name":"Murerpoint","description":"kvalitets v\u00e6rkt\u00f8j","publisher":{"@id":"https:\/\/murerpoint.dk\/sv\/#organization"},"potentialAction":[{"@type":"SearchAction","target":{"@type":"EntryPoint","urlTemplate":"https:\/\/murerpoint.dk\/sv\/?s={search_term_string}"},"query-input":{"@type":"PropertyValueSpecification","valueRequired":true,"valueName":"search_term_string"}}],"inLanguage":"sv-SE"},{"@type":"Organization","@id":"https:\/\/murerpoint.dk\/sv\/#organization","name":"Murerpoint ApS","url":"https:\/\/murerpoint.dk\/sv\/","logo":{"@type":"ImageObject","inLanguage":"sv-SE","@id":"https:\/\/murerpoint.dk\/sv\/#\/schema\/logo\/image\/","url":"https:\/\/murerpoint.dk\/wp-content\/uploads\/2023\/12\/cropped-Sort-Midt-Roed-Mursten.png","contentUrl":"https:\/\/murerpoint.dk\/wp-content\/uploads\/2023\/12\/cropped-Sort-Midt-Roed-Mursten.png","width":512,"height":512,"caption":"Murerpoint ApS"},"image":{"@id":"https:\/\/murerpoint.dk\/sv\/#\/schema\/logo\/image\/"},"sameAs":["https:\/\/m.facebook.com\/profile.php?id=61555157262134","https:\/\/www.instagram.com\/murerpoint?igsh=azluMWV6cTnc2ts&utm_source=qr","https:\/\/www.tiktok.com\/@murerpoint?is_from_webapp=1&sender_device=pc"]}]},"product_price_amount":"45.04","product_price_currency":"EUR","og_availability":"instock","product_availability":"instock","product_retailer_item_id":"mp0019","product_condition":"new"},"_links":{"self":[{"href":"https:\/\/murerpoint.dk\/sv\/wp-json\/wp\/v2\/product\/1794","targetHints":{"allow":["GET"]}}],"collection":[{"href":"https:\/\/murerpoint.dk\/sv\/wp-json\/wp\/v2\/product"}],"about":[{"href":"https:\/\/murerpoint.dk\/sv\/wp-json\/wp\/v2\/types\/product"}],"replies":[{"embeddable":true,"href":"https:\/\/murerpoint.dk\/sv\/wp-json\/wp\/v2\/comments?post=1794"}],"wp:featuredmedia":[{"embeddable":true,"href":"https:\/\/murerpoint.dk\/sv\/wp-json\/wp\/v2\/media\/789"}],"wp:attachment":[{"href":"https:\/\/murerpoint.dk\/sv\/wp-json\/wp\/v2\/media?parent=1794"}],"wp:term":[{"taxonomy":"product_brand","embeddable":true,"href":"https:\/\/murerpoint.dk\/sv\/wp-json\/wp\/v2\/product_brand?post=1794"},{"taxonomy":"product_cat","embeddable":true,"href":"https:\/\/murerpoint.dk\/sv\/wp-json\/wp\/v2\/product_cat?post=1794"},{"taxonomy":"product_tag","embeddable":true,"href":"https:\/\/murerpoint.dk\/sv\/wp-json\/wp\/v2\/product_tag?post=1794"}],"curies":[{"name":"wp","href":"https:\/\/api.w.org\/{rel}","templated":true}]}}