{"id":1795,"date":"2024-01-19T14:33:59","date_gmt":"2024-01-19T14:33:59","guid":{"rendered":"https:\/\/murerpoint.dk\/product\/fugemejsel-kort-sds-32-133mm\/"},"modified":"2024-02-28T08:10:57","modified_gmt":"2024-02-28T08:10:57","slug":"fogmejsel-kort-sds-32-133mm","status":"publish","type":"product","link":"https:\/\/murerpoint.dk\/sv\/produkt\/fogmejsel-kort-sds-32-133mm\/","title":{"rendered":"Fogmejsel Kort SDS 32\/133mm"},"content":{"rendered":"<?xml encoding=\"utf-8\" ?><div class=\"product__header\" data-v-6044caef=\"\">\n<h3 class=\"sf-heading sf-heading--no-underline sf-heading--left\">Fogmejsel Kort SDS 32\/133mm<\/h3>\n<\/div><div class=\"product__description\" data-v-6044caef=\"\">\n<p>Fogmejsel, anv&auml;nds f&ouml;r betong och murverk. Mejseln &auml;r l&auml;mplig f&ouml;r genombrytning och borttagning av betong, l&auml;ttare rivningsarbete och mejsling av kanaler inklusive ledningar. V&aring;r korte fogmejsel har sneda diamanter i &auml;nden, vilket ser till att materialet skjuts ut&aring;t. Det g&ouml;r arbetet med denna fogmejsel enklare och l&auml;ttare.<\/p>\n<p>K&ouml;p denna h&auml;rliga fogmejsel h&auml;r till ett &ouml;verkomligt pris!<\/p>\n<p><strong>Fogmejsel Kort SDS 32\/133mm Kan anv&auml;ndas b&aring;de p&aring; betong och murverk<\/strong><\/p>\n<ul>\n<li>Passar f&ouml;r genombrytning, rivning av betong, l&auml;ttare rivningsarbete<\/li>\n<li>Passar &auml;ven f&ouml;r mejsling av kanaler f&ouml;r ledningar och annat<\/li>\n<li>Sneda diamanter i &auml;nden, vilket g&ouml;r arbetet l&auml;ttare d&aring; materialet skjuts ut&aring;t<\/li>\n<li>Robust och h&aring;llbar<\/li>\n<\/ul>\n<p><strong>Fogmejsel Kort SDS 32\/133mm<\/strong><\/p>\n<p>med sk&auml;r av tungstenkarbid f&ouml;r l&aring;ng h&aring;llbarhet.<\/p>\n<p>Mejseln &auml;r avsedd f&ouml;r anv&auml;ndning i murbruk och tegel, borttagning av puts och renovering av murbruk i murverk.<\/p>\n<p>Kan anv&auml;ndas med alla slagborrar och mejselhammare med rotationsstopp och SDS plus-f&auml;ste eller i en SDS-plus mejseladapter.<\/p>\n<\/div>\n","protected":false},"excerpt":{"rendered":"<p><strong>Fogmejsel Kort SDS 32\/133mm Kan anv\u00e4ndas b\u00e5de p\u00e5 betong och murverk<\/strong><\/p>\n<ul>\n<li>Passar f\u00f6r genombrytning, rivning av betong, l\u00e4ttare rivningsarbete<\/li>\n<li>Passar \u00e4ven f\u00f6r mejsling av kanaler f\u00f6r ledningar och annat<\/li>\n<li>Sneda diamanter i \u00e4nden, vilket g\u00f6r arbetet l\u00e4ttare d\u00e5 materialet skjuts ut\u00e5t<\/li>\n<li>Robust och h\u00e5llbar<\/li>\n<\/ul>\n","protected":false},"featured_media":763,"comment_status":"open","ping_status":"closed","template":"","meta":[],"product_brand":[],"product_cat":[644,105],"product_tag":[554,605,558,563,2640],"class_list":{"0":"post-1795","1":"product","2":"type-product","3":"status-publish","4":"has-post-thumbnail","6":"product_cat-kort-sv","7":"product_cat-mejsler-2-sv","8":"product_tag-hmsds-sv","9":"product_tag-mejsel-sv","10":"product_tag-musejern-fugefraesning-moertelfuger-byggeri-haandvaerktoej-renovering-vinkelsliber-murerarbejde-praecistvaerktoej-danmark-sv","11":"product_tag-sds-sv","12":"product_tag-googleads-sv","14":"first","15":"instock","16":"taxable","17":"shipping-taxable","18":"purchasable","19":"product-type-simple"},"yoast_head":"<!-- This site is optimized with the Yoast SEO plugin v27.6 - https:\/\/yoast.com\/product\/yoast-seo-wordpress\/ -->\n<title>Fogmejsel Kort SDS 32\/133mm - Murerpoint ApS<\/title>\n<meta name=\"description\" content=\"Fogmejsel Kort SDS 32\/133mm med sk\u00e4r av tungstenkarbid f\u00f6r l\u00e5ng h\u00e5llbarhet. Mejseln \u00e4r avsedd f\u00f6r anv\u00e4ndning i murbruk och tegel med mera\" \/>\n<meta name=\"robots\" content=\"index, follow, max-snippet:-1, max-image-preview:large, max-video-preview:-1\" \/>\n<link rel=\"canonical\" href=\"https:\/\/murerpoint.dk\/sv\/produkt\/fogmejsel-kort-sds-32-133mm\/\" \/>\n<meta property=\"og:locale\" content=\"sv_SE\" \/>\n<meta property=\"og:type\" content=\"article\" \/>\n<meta property=\"og:title\" content=\"Fogmejsel Kort SDS 32\/133mm - Murerpoint ApS\" \/>\n<meta property=\"og:description\" content=\"Fogmejsel Kort SDS 32\/133mm med sk\u00e4r av tungstenkarbid f\u00f6r l\u00e5ng h\u00e5llbarhet. Mejseln \u00e4r avsedd f\u00f6r anv\u00e4ndning i murbruk och tegel med mera\" \/>\n<meta property=\"og:url\" content=\"https:\/\/murerpoint.dk\/sv\/produkt\/fogmejsel-kort-sds-32-133mm\/\" \/>\n<meta property=\"og:site_name\" content=\"Murerpoint ApS\" \/>\n<meta property=\"article:publisher\" content=\"https:\/\/m.facebook.com\/profile.php?id=61555157262134\" \/>\n<meta property=\"article:modified_time\" content=\"2024-02-28T08:10:57+00:00\" \/>\n<meta property=\"og:image\" content=\"https:\/\/murerpoint.dk\/wp-content\/uploads\/2024\/01\/Fugemejsel-Kort-SDS-32133-mm-frontpage.png\" \/>\n\t<meta property=\"og:image:width\" content=\"3024\" \/>\n\t<meta property=\"og:image:height\" content=\"4032\" \/>\n\t<meta property=\"og:image:type\" content=\"image\/png\" \/>\n<meta name=\"twitter:card\" content=\"summary_large_image\" \/>\n<meta name=\"twitter:label1\" content=\"Pris\" \/>\n\t<meta name=\"twitter:data1\" content=\"&euro;31.99 Pris ekskl. moms: &euro;25.59\" \/>\n\t<meta name=\"twitter:label2\" content=\"Tillg\u00e4nglig\" \/>\n\t<meta name=\"twitter:data2\" content=\"I lager\" \/>\n<script type=\"application\/ld+json\" class=\"yoast-schema-graph\">{\"@context\":\"https:\\\/\\\/schema.org\",\"@graph\":[{\"@type\":\"WebPage\",\"@id\":\"https:\\\/\\\/murerpoint.dk\\\/sv\\\/produkt\\\/fogmejsel-kort-sds-32-133mm\\\/\",\"url\":\"https:\\\/\\\/murerpoint.dk\\\/sv\\\/produkt\\\/fogmejsel-kort-sds-32-133mm\\\/\",\"name\":\"Fogmejsel Kort SDS 32\\\/133mm - Murerpoint ApS\",\"isPartOf\":{\"@id\":\"https:\\\/\\\/murerpoint.dk\\\/sv\\\/#website\"},\"primaryImageOfPage\":{\"@id\":\"https:\\\/\\\/murerpoint.dk\\\/sv\\\/produkt\\\/fogmejsel-kort-sds-32-133mm\\\/#primaryimage\"},\"image\":{\"@id\":\"https:\\\/\\\/murerpoint.dk\\\/sv\\\/produkt\\\/fogmejsel-kort-sds-32-133mm\\\/#primaryimage\"},\"thumbnailUrl\":\"https:\\\/\\\/murerpoint.dk\\\/wp-content\\\/uploads\\\/2024\\\/01\\\/Fugemejsel-Kort-SDS-32133-mm-frontpage.png\",\"datePublished\":\"2024-01-19T14:33:59+00:00\",\"dateModified\":\"2024-02-28T08:10:57+00:00\",\"description\":\"Fogmejsel Kort SDS 32\\\/133mm med sk\u00e4r av tungstenkarbid f\u00f6r l\u00e5ng h\u00e5llbarhet. Mejseln \u00e4r avsedd f\u00f6r anv\u00e4ndning i murbruk och tegel med mera\",\"breadcrumb\":{\"@id\":\"https:\\\/\\\/murerpoint.dk\\\/sv\\\/produkt\\\/fogmejsel-kort-sds-32-133mm\\\/#breadcrumb\"},\"inLanguage\":\"sv-SE\",\"potentialAction\":[{\"@type\":\"ReadAction\",\"target\":[\"https:\\\/\\\/murerpoint.dk\\\/sv\\\/produkt\\\/fogmejsel-kort-sds-32-133mm\\\/\"]}]},{\"@type\":\"ImageObject\",\"inLanguage\":\"sv-SE\",\"@id\":\"https:\\\/\\\/murerpoint.dk\\\/sv\\\/produkt\\\/fogmejsel-kort-sds-32-133mm\\\/#primaryimage\",\"url\":\"https:\\\/\\\/murerpoint.dk\\\/wp-content\\\/uploads\\\/2024\\\/01\\\/Fugemejsel-Kort-SDS-32133-mm-frontpage.png\",\"contentUrl\":\"https:\\\/\\\/murerpoint.dk\\\/wp-content\\\/uploads\\\/2024\\\/01\\\/Fugemejsel-Kort-SDS-32133-mm-frontpage.png\",\"width\":3024,\"height\":4032,\"caption\":\"Fugemejsel Kort SDS 32133 mm\"},{\"@type\":\"BreadcrumbList\",\"@id\":\"https:\\\/\\\/murerpoint.dk\\\/sv\\\/produkt\\\/fogmejsel-kort-sds-32-133mm\\\/#breadcrumb\",\"itemListElement\":[{\"@type\":\"ListItem\",\"position\":1,\"name\":\"Hjem\",\"item\":\"https:\\\/\\\/murerpoint.dk\\\/sv\\\/\"},{\"@type\":\"ListItem\",\"position\":2,\"name\":\"SHOPPEN\",\"item\":\"https:\\\/\\\/murerpoint.dk\\\/sv\\\/shoppen\\\/\"},{\"@type\":\"ListItem\",\"position\":3,\"name\":\"Fogmejsel Kort SDS 32\\\/133mm\"}]},{\"@type\":\"WebSite\",\"@id\":\"https:\\\/\\\/murerpoint.dk\\\/sv\\\/#website\",\"url\":\"https:\\\/\\\/murerpoint.dk\\\/sv\\\/\",\"name\":\"Murerpoint\",\"description\":\"kvalitets v\u00e6rkt\u00f8j\",\"publisher\":{\"@id\":\"https:\\\/\\\/murerpoint.dk\\\/sv\\\/#organization\"},\"potentialAction\":[{\"@type\":\"SearchAction\",\"target\":{\"@type\":\"EntryPoint\",\"urlTemplate\":\"https:\\\/\\\/murerpoint.dk\\\/sv\\\/?s={search_term_string}\"},\"query-input\":{\"@type\":\"PropertyValueSpecification\",\"valueRequired\":true,\"valueName\":\"search_term_string\"}}],\"inLanguage\":\"sv-SE\"},{\"@type\":\"Organization\",\"@id\":\"https:\\\/\\\/murerpoint.dk\\\/sv\\\/#organization\",\"name\":\"Murerpoint ApS\",\"url\":\"https:\\\/\\\/murerpoint.dk\\\/sv\\\/\",\"logo\":{\"@type\":\"ImageObject\",\"inLanguage\":\"sv-SE\",\"@id\":\"https:\\\/\\\/murerpoint.dk\\\/sv\\\/#\\\/schema\\\/logo\\\/image\\\/\",\"url\":\"https:\\\/\\\/murerpoint.dk\\\/wp-content\\\/uploads\\\/2023\\\/12\\\/cropped-Sort-Midt-Roed-Mursten.png\",\"contentUrl\":\"https:\\\/\\\/murerpoint.dk\\\/wp-content\\\/uploads\\\/2023\\\/12\\\/cropped-Sort-Midt-Roed-Mursten.png\",\"width\":512,\"height\":512,\"caption\":\"Murerpoint ApS\"},\"image\":{\"@id\":\"https:\\\/\\\/murerpoint.dk\\\/sv\\\/#\\\/schema\\\/logo\\\/image\\\/\"},\"sameAs\":[\"https:\\\/\\\/m.facebook.com\\\/profile.php?id=61555157262134\",\"https:\\\/\\\/www.instagram.com\\\/murerpoint?igsh=azluMWV6cTnc2ts&utm_source=qr\",\"https:\\\/\\\/www.tiktok.com\\\/@murerpoint?is_from_webapp=1&sender_device=pc\"]}]}<\/script>\n<meta property=\"product:price:amount\" content=\"31.99\" \/>\n<meta property=\"product:price:currency\" content=\"EUR\" \/>\n<meta property=\"og:availability\" content=\"instock\" \/>\n<meta property=\"product:availability\" content=\"instock\" \/>\n<meta property=\"product:retailer_item_id\" content=\"mp0018\" \/>\n<meta property=\"product:condition\" content=\"new\" \/>\n<!-- \/ Yoast SEO plugin. -->","yoast_head_json":{"title":"Fogmejsel Kort SDS 32\/133mm - Murerpoint ApS","description":"Fogmejsel Kort SDS 32\/133mm med sk\u00e4r av tungstenkarbid f\u00f6r l\u00e5ng h\u00e5llbarhet. Mejseln \u00e4r avsedd f\u00f6r anv\u00e4ndning i murbruk och tegel med mera","robots":{"index":"index","follow":"follow","max-snippet":"max-snippet:-1","max-image-preview":"max-image-preview:large","max-video-preview":"max-video-preview:-1"},"canonical":"https:\/\/murerpoint.dk\/sv\/produkt\/fogmejsel-kort-sds-32-133mm\/","og_locale":"sv_SE","og_type":"article","og_title":"Fogmejsel Kort SDS 32\/133mm - Murerpoint ApS","og_description":"Fogmejsel Kort SDS 32\/133mm med sk\u00e4r av tungstenkarbid f\u00f6r l\u00e5ng h\u00e5llbarhet. Mejseln \u00e4r avsedd f\u00f6r anv\u00e4ndning i murbruk och tegel med mera","og_url":"https:\/\/murerpoint.dk\/sv\/produkt\/fogmejsel-kort-sds-32-133mm\/","og_site_name":"Murerpoint ApS","article_publisher":"https:\/\/m.facebook.com\/profile.php?id=61555157262134","article_modified_time":"2024-02-28T08:10:57+00:00","og_image":[{"width":3024,"height":4032,"url":"https:\/\/murerpoint.dk\/wp-content\/uploads\/2024\/01\/Fugemejsel-Kort-SDS-32133-mm-frontpage.png","type":"image\/png"}],"twitter_card":"summary_large_image","twitter_misc":{"Pris":"&euro;31.99 Pris ekskl. moms: &euro;25.59","Tillg\u00e4nglig":"I lager"},"schema":{"@context":"https:\/\/schema.org","@graph":[{"@type":"WebPage","@id":"https:\/\/murerpoint.dk\/sv\/produkt\/fogmejsel-kort-sds-32-133mm\/","url":"https:\/\/murerpoint.dk\/sv\/produkt\/fogmejsel-kort-sds-32-133mm\/","name":"Fogmejsel Kort SDS 32\/133mm - Murerpoint ApS","isPartOf":{"@id":"https:\/\/murerpoint.dk\/sv\/#website"},"primaryImageOfPage":{"@id":"https:\/\/murerpoint.dk\/sv\/produkt\/fogmejsel-kort-sds-32-133mm\/#primaryimage"},"image":{"@id":"https:\/\/murerpoint.dk\/sv\/produkt\/fogmejsel-kort-sds-32-133mm\/#primaryimage"},"thumbnailUrl":"https:\/\/murerpoint.dk\/wp-content\/uploads\/2024\/01\/Fugemejsel-Kort-SDS-32133-mm-frontpage.png","datePublished":"2024-01-19T14:33:59+00:00","dateModified":"2024-02-28T08:10:57+00:00","description":"Fogmejsel Kort SDS 32\/133mm med sk\u00e4r av tungstenkarbid f\u00f6r l\u00e5ng h\u00e5llbarhet. Mejseln \u00e4r avsedd f\u00f6r anv\u00e4ndning i murbruk och tegel med mera","breadcrumb":{"@id":"https:\/\/murerpoint.dk\/sv\/produkt\/fogmejsel-kort-sds-32-133mm\/#breadcrumb"},"inLanguage":"sv-SE","potentialAction":[{"@type":"ReadAction","target":["https:\/\/murerpoint.dk\/sv\/produkt\/fogmejsel-kort-sds-32-133mm\/"]}]},{"@type":"ImageObject","inLanguage":"sv-SE","@id":"https:\/\/murerpoint.dk\/sv\/produkt\/fogmejsel-kort-sds-32-133mm\/#primaryimage","url":"https:\/\/murerpoint.dk\/wp-content\/uploads\/2024\/01\/Fugemejsel-Kort-SDS-32133-mm-frontpage.png","contentUrl":"https:\/\/murerpoint.dk\/wp-content\/uploads\/2024\/01\/Fugemejsel-Kort-SDS-32133-mm-frontpage.png","width":3024,"height":4032,"caption":"Fugemejsel Kort SDS 32133 mm"},{"@type":"BreadcrumbList","@id":"https:\/\/murerpoint.dk\/sv\/produkt\/fogmejsel-kort-sds-32-133mm\/#breadcrumb","itemListElement":[{"@type":"ListItem","position":1,"name":"Hjem","item":"https:\/\/murerpoint.dk\/sv\/"},{"@type":"ListItem","position":2,"name":"SHOPPEN","item":"https:\/\/murerpoint.dk\/sv\/shoppen\/"},{"@type":"ListItem","position":3,"name":"Fogmejsel Kort SDS 32\/133mm"}]},{"@type":"WebSite","@id":"https:\/\/murerpoint.dk\/sv\/#website","url":"https:\/\/murerpoint.dk\/sv\/","name":"Murerpoint","description":"kvalitets v\u00e6rkt\u00f8j","publisher":{"@id":"https:\/\/murerpoint.dk\/sv\/#organization"},"potentialAction":[{"@type":"SearchAction","target":{"@type":"EntryPoint","urlTemplate":"https:\/\/murerpoint.dk\/sv\/?s={search_term_string}"},"query-input":{"@type":"PropertyValueSpecification","valueRequired":true,"valueName":"search_term_string"}}],"inLanguage":"sv-SE"},{"@type":"Organization","@id":"https:\/\/murerpoint.dk\/sv\/#organization","name":"Murerpoint ApS","url":"https:\/\/murerpoint.dk\/sv\/","logo":{"@type":"ImageObject","inLanguage":"sv-SE","@id":"https:\/\/murerpoint.dk\/sv\/#\/schema\/logo\/image\/","url":"https:\/\/murerpoint.dk\/wp-content\/uploads\/2023\/12\/cropped-Sort-Midt-Roed-Mursten.png","contentUrl":"https:\/\/murerpoint.dk\/wp-content\/uploads\/2023\/12\/cropped-Sort-Midt-Roed-Mursten.png","width":512,"height":512,"caption":"Murerpoint ApS"},"image":{"@id":"https:\/\/murerpoint.dk\/sv\/#\/schema\/logo\/image\/"},"sameAs":["https:\/\/m.facebook.com\/profile.php?id=61555157262134","https:\/\/www.instagram.com\/murerpoint?igsh=azluMWV6cTnc2ts&utm_source=qr","https:\/\/www.tiktok.com\/@murerpoint?is_from_webapp=1&sender_device=pc"]}]},"product_price_amount":"31.99","product_price_currency":"EUR","og_availability":"instock","product_availability":"instock","product_retailer_item_id":"mp0018","product_condition":"new"},"_links":{"self":[{"href":"https:\/\/murerpoint.dk\/sv\/wp-json\/wp\/v2\/product\/1795","targetHints":{"allow":["GET"]}}],"collection":[{"href":"https:\/\/murerpoint.dk\/sv\/wp-json\/wp\/v2\/product"}],"about":[{"href":"https:\/\/murerpoint.dk\/sv\/wp-json\/wp\/v2\/types\/product"}],"replies":[{"embeddable":true,"href":"https:\/\/murerpoint.dk\/sv\/wp-json\/wp\/v2\/comments?post=1795"}],"wp:featuredmedia":[{"embeddable":true,"href":"https:\/\/murerpoint.dk\/sv\/wp-json\/wp\/v2\/media\/763"}],"wp:attachment":[{"href":"https:\/\/murerpoint.dk\/sv\/wp-json\/wp\/v2\/media?parent=1795"}],"wp:term":[{"taxonomy":"product_brand","embeddable":true,"href":"https:\/\/murerpoint.dk\/sv\/wp-json\/wp\/v2\/product_brand?post=1795"},{"taxonomy":"product_cat","embeddable":true,"href":"https:\/\/murerpoint.dk\/sv\/wp-json\/wp\/v2\/product_cat?post=1795"},{"taxonomy":"product_tag","embeddable":true,"href":"https:\/\/murerpoint.dk\/sv\/wp-json\/wp\/v2\/product_tag?post=1795"}],"curies":[{"name":"wp","href":"https:\/\/api.w.org\/{rel}","templated":true}]}}