{"id":1807,"date":"2024-01-19T12:54:47","date_gmt":"2024-01-19T12:54:47","guid":{"rendered":"https:\/\/murerpoint.dk\/product\/fugefraeserunit-z3-10x60-mm\/"},"modified":"2024-03-18T08:25:23","modified_gmt":"2024-03-18T08:25:23","slug":"fogfrasar-3-skar-z3-10x60-mm","status":"publish","type":"product","link":"https:\/\/murerpoint.dk\/sv\/produkt\/fogfrasar-3-skar-z3-10x60-mm\/","title":{"rendered":"Fogfr\u00e4sar 3 sk\u00e4r (Z3) 10&#215;60 mm"},"content":{"rendered":"<?xml encoding=\"utf-8\" ?><h3>Fogfr&auml;sar 3 sk&auml;r (Z3) 10&times;60 mm<\/h3><p>Fogfr&auml;sar 3 sk&auml;r (Z3) 10&times;60 mm Sk&auml;rdjup fr&aring;n MurerPoint.dk<\/p><ul>\n<li>Effektiv borttagning av murbruk i cementbaserade och kalkhydrauliska fogar.<\/li>\n<li>Kan monteras direkt p&aring; vinkelslipar.<\/li>\n<li>Utbytbara fogfr&auml;sstift med h&aring;rdmetallsk&auml;r, monteras direkt p&aring; M14-spindel.<\/li>\n<li>Danskt kvalitetsverktyg f&ouml;r professionell prestanda.<\/li>\n<\/ul><h6><em><strong>OBS Fogfr&auml;sar:<\/strong><\/em><\/h6><ul>\n<li>Levereras som enskilda stiftpinnar eller i r&ouml;r med 1 styck vid best&auml;llning.<\/li>\n<\/ul><h5><strong>Anvendelse af Fogfr&auml;sar 3 sk&auml;r (Z3) 10&times;60 mm:<\/strong><\/h5><div class=\"flex-1 overflow-hidden\">\n<div class=\"react-scroll-to-bottom--css-pdclg-79elbk h-full\">\n<div class=\"react-scroll-to-bottom--css-pdclg-1n7m0yu\">\n<div class=\"flex flex-col pb-9 text-sm\">\n<div class=\"w-full text-token-text-primary\" data-testid=\"conversation-turn-403\">\n<div class=\"px-4 py-2 justify-center text-base md:gap-6 m-auto\">\n<div class=\"flex flex-1 text-base mx-auto gap-3 md:px-5 lg:px-1 xl:px-5 md:max-w-3xl lg:max-w-[40rem] xl:max-w-[48rem] group final-completion\">\n<div class=\"relative flex w-full flex-col agent-turn\">\n<div class=\"flex-col gap-1 md:gap-3\">\n<div class=\"flex flex-grow flex-col max-w-full\">\n<div class=\"min-h-[20px] text-message flex flex-col items-start gap-3 whitespace-pre-wrap break-words [.text-message+&amp;]:mt-5 overflow-x-auto\" data-message-author-role=\"assistant\" data-message-id=\"4714a5d4-8eb0-4f6d-9c79-05181784f1c2\">\n<div class=\"markdown prose w-full break-words dark:prose-invert light\">\n<ul>\n<li>Perfekt f&ouml;r att skrapa bort gamla eller skadade fogar.<\/li>\n<li>Effektiv borttagning av murbruk i fogar med eller utan cement.<\/li>\n<li>Anv&auml;nds med vinkelslipar (M14-g&auml;nga).<\/li>\n<li>Maximalt varvtal: 20 000 varv\/min.<\/li>\n<li>Tre h&aring;rdmetallsk&auml;r med sk&auml;rdjup p&aring; 60 mm.<\/li>\n<\/ul>\n<\/div>\n<\/div>\n<\/div>\n<div class=\"mt-1 flex justify-start gap-3 empty:hidden\"><strong>Verktyg:<\/strong><\/div>\n<\/div>\n<\/div>\n<\/div>\n<\/div>\n<\/div>\n<\/div>\n<\/div>\n<\/div>\n<\/div><ul>\n<li>St&auml;ll in s&aring;lens sk&auml;rdjup p&aring; fogfr&auml;sen till cirka 20 mm fr&aring;n &ouml;nskad fogyta.<\/li>\n<\/ul><h3>Unders&ouml;kning av fogenas skick:<\/h3><ul>\n<li>G&aring; en runda runt ditt hus och unders&ouml;k murningen f&ouml;r sprickor, h&aring;l eller flagningar.<\/li>\n<li>Kontrollera om fogarna mellan tegelstenarna &auml;r intakta och fyller ut mellanrummet.<\/li>\n<li>Bed&ouml;m ytan p&aring; fogarna och leta efter eventuella h&aring;l efter murbin.<\/li>\n<li>Notera eventuellt saknade eller skadade fogar samt sprickor i tegelstenarna.<\/li>\n<\/ul><h5>Rekommendation vid val av diameter:<\/h5><ul>\n<li>Rekommendation vid val av diameter: V&auml;lj en diameter som &auml;r cirka 2 mm mindre &auml;n den fog du vill fr&auml;sa ut.<\/li>\n<li>Anv&auml;nd en fogfr&auml;senhet med 26 mm sk&auml;rdjup f&ouml;r vanlig ommurning.<\/li>\n<\/ul><h5>Omfogning per kvadratmeter:<\/h5><ul>\n<li>Pris cirka 500 Dkk. per kvadratmeter vid professionell utf&ouml;rande av en utbildad murare.<\/li>\n<\/ul><h3>MurerPoint.dk &ndash; Din specialist i verktyg f&ouml;r ommurning och fogfr&auml;sning.<\/h3>\n","protected":false},"excerpt":{"rendered":"<h2>Fogfr\u00e4sar 3 sk\u00e4r (Z3) 10&#215;60 mm<\/h2>\n<ul>\n<li>Effektiv borttagning av murbruk i cementbaserade- och kalkhydrauliska fogar.<\/li>\n<li>Utbytbar fogfr\u00e4sare med h\u00e5rdmetallsk\u00e4r,<\/li>\n<li>monteras direkt p\u00e5 M14-spindel.<\/li>\n<li>Levereras som enskilda stiftpinnar eller i r\u00f6r om 1 styck vid best\u00e4llning.<\/li>\n<li>Perfekt f\u00f6r att skrapa bort gamla eller skadade murbrukfogar.<\/li>\n<\/ul>\n","protected":false},"featured_media":721,"comment_status":"open","ping_status":"closed","template":"","meta":[],"product_brand":[],"product_cat":[636,625],"product_tag":[569,852,2640],"class_list":{"0":"post-1807","1":"product","2":"type-product","3":"status-publish","4":"has-post-thumbnail","6":"product_cat-murfogfras","7":"product_cat-murfogfras-inkl-adapter","8":"product_tag-fugefraeser-sv","9":"product_tag-fugefraeserunit-sv","10":"product_tag-googleads-sv","12":"first","13":"instock","14":"taxable","15":"shipping-taxable","16":"purchasable","17":"product-type-simple"},"yoast_head":"<!-- This site is optimized with the Yoast SEO plugin v27.5 - https:\/\/yoast.com\/product\/yoast-seo-wordpress\/ -->\n<title>Fogfr\u00e4sar 3 sk\u00e4r (Z3) 10x60 mm - Murerpoint ApS<\/title>\n<meta name=\"description\" content=\"Fogfr\u00e4sar 3 sk\u00e4r (Z3) 10x60 mm. Fogfr\u00e4s f\u00f6r reng\u00f6ring av fogar i gammalt eller skadat murbruk. Monteras p\u00e5 vinkelslip eller borrmaskiner.\" \/>\n<meta name=\"robots\" content=\"index, follow, max-snippet:-1, max-image-preview:large, max-video-preview:-1\" \/>\n<link rel=\"canonical\" href=\"https:\/\/murerpoint.dk\/sv\/produkt\/fogfrasar-3-skar-z3-10x60-mm\/\" \/>\n<meta property=\"og:locale\" content=\"sv_SE\" \/>\n<meta property=\"og:type\" content=\"article\" \/>\n<meta property=\"og:title\" content=\"Fogfr\u00e4sar 3 sk\u00e4r (Z3) 10x60 mm - Murerpoint ApS\" \/>\n<meta property=\"og:description\" content=\"Fogfr\u00e4sar 3 sk\u00e4r (Z3) 10x60 mm. Fogfr\u00e4s f\u00f6r reng\u00f6ring av fogar i gammalt eller skadat murbruk. Monteras p\u00e5 vinkelslip eller borrmaskiner.\" \/>\n<meta property=\"og:url\" content=\"https:\/\/murerpoint.dk\/sv\/produkt\/fogfrasar-3-skar-z3-10x60-mm\/\" \/>\n<meta property=\"og:site_name\" content=\"Murerpoint ApS\" \/>\n<meta property=\"article:publisher\" content=\"https:\/\/m.facebook.com\/profile.php?id=61555157262134\" \/>\n<meta property=\"article:modified_time\" content=\"2024-03-18T08:25:23+00:00\" \/>\n<meta property=\"og:image\" content=\"https:\/\/murerpoint.dk\/wp-content\/uploads\/2024\/01\/Fugefraeserunit-Z3-10x60-mm-front.png\" \/>\n\t<meta property=\"og:image:width\" content=\"2913\" \/>\n\t<meta property=\"og:image:height\" content=\"3884\" \/>\n\t<meta property=\"og:image:type\" content=\"image\/png\" \/>\n<meta name=\"twitter:card\" content=\"summary_large_image\" \/>\n<meta name=\"twitter:label1\" content=\"Pris\" \/>\n\t<meta name=\"twitter:data1\" content=\"&euro;36.14 Pris ekskl. moms: &euro;28.91\" \/>\n\t<meta name=\"twitter:label2\" content=\"Tillg\u00e4nglig\" \/>\n\t<meta name=\"twitter:data2\" content=\"I lager\" \/>\n<script type=\"application\/ld+json\" class=\"yoast-schema-graph\">{\"@context\":\"https:\\\/\\\/schema.org\",\"@graph\":[{\"@type\":\"WebPage\",\"@id\":\"https:\\\/\\\/murerpoint.dk\\\/sv\\\/produkt\\\/fogfrasar-3-skar-z3-10x60-mm\\\/\",\"url\":\"https:\\\/\\\/murerpoint.dk\\\/sv\\\/produkt\\\/fogfrasar-3-skar-z3-10x60-mm\\\/\",\"name\":\"Fogfr\u00e4sar 3 sk\u00e4r (Z3) 10x60 mm - Murerpoint ApS\",\"isPartOf\":{\"@id\":\"https:\\\/\\\/murerpoint.dk\\\/sv\\\/#website\"},\"primaryImageOfPage\":{\"@id\":\"https:\\\/\\\/murerpoint.dk\\\/sv\\\/produkt\\\/fogfrasar-3-skar-z3-10x60-mm\\\/#primaryimage\"},\"image\":{\"@id\":\"https:\\\/\\\/murerpoint.dk\\\/sv\\\/produkt\\\/fogfrasar-3-skar-z3-10x60-mm\\\/#primaryimage\"},\"thumbnailUrl\":\"https:\\\/\\\/murerpoint.dk\\\/wp-content\\\/uploads\\\/2024\\\/01\\\/Fugefraeserunit-Z3-10x60-mm-front.png\",\"datePublished\":\"2024-01-19T12:54:47+00:00\",\"dateModified\":\"2024-03-18T08:25:23+00:00\",\"description\":\"Fogfr\u00e4sar 3 sk\u00e4r (Z3) 10x60 mm. Fogfr\u00e4s f\u00f6r reng\u00f6ring av fogar i gammalt eller skadat murbruk. Monteras p\u00e5 vinkelslip eller borrmaskiner.\",\"breadcrumb\":{\"@id\":\"https:\\\/\\\/murerpoint.dk\\\/sv\\\/produkt\\\/fogfrasar-3-skar-z3-10x60-mm\\\/#breadcrumb\"},\"inLanguage\":\"sv-SE\",\"potentialAction\":[{\"@type\":\"ReadAction\",\"target\":[\"https:\\\/\\\/murerpoint.dk\\\/sv\\\/produkt\\\/fogfrasar-3-skar-z3-10x60-mm\\\/\"]}]},{\"@type\":\"ImageObject\",\"inLanguage\":\"sv-SE\",\"@id\":\"https:\\\/\\\/murerpoint.dk\\\/sv\\\/produkt\\\/fogfrasar-3-skar-z3-10x60-mm\\\/#primaryimage\",\"url\":\"https:\\\/\\\/murerpoint.dk\\\/wp-content\\\/uploads\\\/2024\\\/01\\\/Fugefraeserunit-Z3-10x60-mm-front.png\",\"contentUrl\":\"https:\\\/\\\/murerpoint.dk\\\/wp-content\\\/uploads\\\/2024\\\/01\\\/Fugefraeserunit-Z3-10x60-mm-front.png\",\"width\":2913,\"height\":3884,\"caption\":\"Fugefr\u00e6ser til rensning af fuger i gammelt eller beskadiget m\u00f8rtel. Til vinkelsliber.\"},{\"@type\":\"BreadcrumbList\",\"@id\":\"https:\\\/\\\/murerpoint.dk\\\/sv\\\/produkt\\\/fogfrasar-3-skar-z3-10x60-mm\\\/#breadcrumb\",\"itemListElement\":[{\"@type\":\"ListItem\",\"position\":1,\"name\":\"Hjem\",\"item\":\"https:\\\/\\\/murerpoint.dk\\\/sv\\\/\"},{\"@type\":\"ListItem\",\"position\":2,\"name\":\"SHOPPEN\",\"item\":\"https:\\\/\\\/murerpoint.dk\\\/sv\\\/shoppen\\\/\"},{\"@type\":\"ListItem\",\"position\":3,\"name\":\"Fogfr\u00e4sar 3 sk\u00e4r (Z3) 10&#215;60 mm\"}]},{\"@type\":\"WebSite\",\"@id\":\"https:\\\/\\\/murerpoint.dk\\\/sv\\\/#website\",\"url\":\"https:\\\/\\\/murerpoint.dk\\\/sv\\\/\",\"name\":\"Murerpoint\",\"description\":\"kvalitets v\u00e6rkt\u00f8j\",\"publisher\":{\"@id\":\"https:\\\/\\\/murerpoint.dk\\\/sv\\\/#organization\"},\"potentialAction\":[{\"@type\":\"SearchAction\",\"target\":{\"@type\":\"EntryPoint\",\"urlTemplate\":\"https:\\\/\\\/murerpoint.dk\\\/sv\\\/?s={search_term_string}\"},\"query-input\":{\"@type\":\"PropertyValueSpecification\",\"valueRequired\":true,\"valueName\":\"search_term_string\"}}],\"inLanguage\":\"sv-SE\"},{\"@type\":\"Organization\",\"@id\":\"https:\\\/\\\/murerpoint.dk\\\/sv\\\/#organization\",\"name\":\"Murerpoint ApS\",\"url\":\"https:\\\/\\\/murerpoint.dk\\\/sv\\\/\",\"logo\":{\"@type\":\"ImageObject\",\"inLanguage\":\"sv-SE\",\"@id\":\"https:\\\/\\\/murerpoint.dk\\\/sv\\\/#\\\/schema\\\/logo\\\/image\\\/\",\"url\":\"https:\\\/\\\/murerpoint.dk\\\/wp-content\\\/uploads\\\/2023\\\/12\\\/cropped-Sort-Midt-Roed-Mursten.png\",\"contentUrl\":\"https:\\\/\\\/murerpoint.dk\\\/wp-content\\\/uploads\\\/2023\\\/12\\\/cropped-Sort-Midt-Roed-Mursten.png\",\"width\":512,\"height\":512,\"caption\":\"Murerpoint ApS\"},\"image\":{\"@id\":\"https:\\\/\\\/murerpoint.dk\\\/sv\\\/#\\\/schema\\\/logo\\\/image\\\/\"},\"sameAs\":[\"https:\\\/\\\/m.facebook.com\\\/profile.php?id=61555157262134\",\"https:\\\/\\\/www.instagram.com\\\/murerpoint?igsh=azluMWV6cTnc2ts&utm_source=qr\",\"https:\\\/\\\/www.tiktok.com\\\/@murerpoint?is_from_webapp=1&sender_device=pc\"]}]}<\/script>\n<meta property=\"product:price:amount\" content=\"36.14\" \/>\n<meta property=\"product:price:currency\" content=\"EUR\" \/>\n<meta property=\"og:availability\" content=\"instock\" \/>\n<meta property=\"product:availability\" content=\"instock\" \/>\n<meta property=\"product:retailer_item_id\" content=\"mp0016\" \/>\n<meta property=\"product:condition\" content=\"new\" \/>\n<!-- \/ Yoast SEO plugin. -->","yoast_head_json":{"title":"Fogfr\u00e4sar 3 sk\u00e4r (Z3) 10x60 mm - Murerpoint ApS","description":"Fogfr\u00e4sar 3 sk\u00e4r (Z3) 10x60 mm. Fogfr\u00e4s f\u00f6r reng\u00f6ring av fogar i gammalt eller skadat murbruk. Monteras p\u00e5 vinkelslip eller borrmaskiner.","robots":{"index":"index","follow":"follow","max-snippet":"max-snippet:-1","max-image-preview":"max-image-preview:large","max-video-preview":"max-video-preview:-1"},"canonical":"https:\/\/murerpoint.dk\/sv\/produkt\/fogfrasar-3-skar-z3-10x60-mm\/","og_locale":"sv_SE","og_type":"article","og_title":"Fogfr\u00e4sar 3 sk\u00e4r (Z3) 10x60 mm - Murerpoint ApS","og_description":"Fogfr\u00e4sar 3 sk\u00e4r (Z3) 10x60 mm. Fogfr\u00e4s f\u00f6r reng\u00f6ring av fogar i gammalt eller skadat murbruk. Monteras p\u00e5 vinkelslip eller borrmaskiner.","og_url":"https:\/\/murerpoint.dk\/sv\/produkt\/fogfrasar-3-skar-z3-10x60-mm\/","og_site_name":"Murerpoint ApS","article_publisher":"https:\/\/m.facebook.com\/profile.php?id=61555157262134","article_modified_time":"2024-03-18T08:25:23+00:00","og_image":[{"width":2913,"height":3884,"url":"https:\/\/murerpoint.dk\/wp-content\/uploads\/2024\/01\/Fugefraeserunit-Z3-10x60-mm-front.png","type":"image\/png"}],"twitter_card":"summary_large_image","twitter_misc":{"Pris":"&euro;36.14 Pris ekskl. moms: &euro;28.91","Tillg\u00e4nglig":"I lager"},"schema":{"@context":"https:\/\/schema.org","@graph":[{"@type":"WebPage","@id":"https:\/\/murerpoint.dk\/sv\/produkt\/fogfrasar-3-skar-z3-10x60-mm\/","url":"https:\/\/murerpoint.dk\/sv\/produkt\/fogfrasar-3-skar-z3-10x60-mm\/","name":"Fogfr\u00e4sar 3 sk\u00e4r (Z3) 10x60 mm - Murerpoint ApS","isPartOf":{"@id":"https:\/\/murerpoint.dk\/sv\/#website"},"primaryImageOfPage":{"@id":"https:\/\/murerpoint.dk\/sv\/produkt\/fogfrasar-3-skar-z3-10x60-mm\/#primaryimage"},"image":{"@id":"https:\/\/murerpoint.dk\/sv\/produkt\/fogfrasar-3-skar-z3-10x60-mm\/#primaryimage"},"thumbnailUrl":"https:\/\/murerpoint.dk\/wp-content\/uploads\/2024\/01\/Fugefraeserunit-Z3-10x60-mm-front.png","datePublished":"2024-01-19T12:54:47+00:00","dateModified":"2024-03-18T08:25:23+00:00","description":"Fogfr\u00e4sar 3 sk\u00e4r (Z3) 10x60 mm. Fogfr\u00e4s f\u00f6r reng\u00f6ring av fogar i gammalt eller skadat murbruk. Monteras p\u00e5 vinkelslip eller borrmaskiner.","breadcrumb":{"@id":"https:\/\/murerpoint.dk\/sv\/produkt\/fogfrasar-3-skar-z3-10x60-mm\/#breadcrumb"},"inLanguage":"sv-SE","potentialAction":[{"@type":"ReadAction","target":["https:\/\/murerpoint.dk\/sv\/produkt\/fogfrasar-3-skar-z3-10x60-mm\/"]}]},{"@type":"ImageObject","inLanguage":"sv-SE","@id":"https:\/\/murerpoint.dk\/sv\/produkt\/fogfrasar-3-skar-z3-10x60-mm\/#primaryimage","url":"https:\/\/murerpoint.dk\/wp-content\/uploads\/2024\/01\/Fugefraeserunit-Z3-10x60-mm-front.png","contentUrl":"https:\/\/murerpoint.dk\/wp-content\/uploads\/2024\/01\/Fugefraeserunit-Z3-10x60-mm-front.png","width":2913,"height":3884,"caption":"Fugefr\u00e6ser til rensning af fuger i gammelt eller beskadiget m\u00f8rtel. Til vinkelsliber."},{"@type":"BreadcrumbList","@id":"https:\/\/murerpoint.dk\/sv\/produkt\/fogfrasar-3-skar-z3-10x60-mm\/#breadcrumb","itemListElement":[{"@type":"ListItem","position":1,"name":"Hjem","item":"https:\/\/murerpoint.dk\/sv\/"},{"@type":"ListItem","position":2,"name":"SHOPPEN","item":"https:\/\/murerpoint.dk\/sv\/shoppen\/"},{"@type":"ListItem","position":3,"name":"Fogfr\u00e4sar 3 sk\u00e4r (Z3) 10&#215;60 mm"}]},{"@type":"WebSite","@id":"https:\/\/murerpoint.dk\/sv\/#website","url":"https:\/\/murerpoint.dk\/sv\/","name":"Murerpoint","description":"kvalitets v\u00e6rkt\u00f8j","publisher":{"@id":"https:\/\/murerpoint.dk\/sv\/#organization"},"potentialAction":[{"@type":"SearchAction","target":{"@type":"EntryPoint","urlTemplate":"https:\/\/murerpoint.dk\/sv\/?s={search_term_string}"},"query-input":{"@type":"PropertyValueSpecification","valueRequired":true,"valueName":"search_term_string"}}],"inLanguage":"sv-SE"},{"@type":"Organization","@id":"https:\/\/murerpoint.dk\/sv\/#organization","name":"Murerpoint ApS","url":"https:\/\/murerpoint.dk\/sv\/","logo":{"@type":"ImageObject","inLanguage":"sv-SE","@id":"https:\/\/murerpoint.dk\/sv\/#\/schema\/logo\/image\/","url":"https:\/\/murerpoint.dk\/wp-content\/uploads\/2023\/12\/cropped-Sort-Midt-Roed-Mursten.png","contentUrl":"https:\/\/murerpoint.dk\/wp-content\/uploads\/2023\/12\/cropped-Sort-Midt-Roed-Mursten.png","width":512,"height":512,"caption":"Murerpoint ApS"},"image":{"@id":"https:\/\/murerpoint.dk\/sv\/#\/schema\/logo\/image\/"},"sameAs":["https:\/\/m.facebook.com\/profile.php?id=61555157262134","https:\/\/www.instagram.com\/murerpoint?igsh=azluMWV6cTnc2ts&utm_source=qr","https:\/\/www.tiktok.com\/@murerpoint?is_from_webapp=1&sender_device=pc"]}]},"product_price_amount":"36.14","product_price_currency":"EUR","og_availability":"instock","product_availability":"instock","product_retailer_item_id":"mp0016","product_condition":"new"},"_links":{"self":[{"href":"https:\/\/murerpoint.dk\/sv\/wp-json\/wp\/v2\/product\/1807","targetHints":{"allow":["GET"]}}],"collection":[{"href":"https:\/\/murerpoint.dk\/sv\/wp-json\/wp\/v2\/product"}],"about":[{"href":"https:\/\/murerpoint.dk\/sv\/wp-json\/wp\/v2\/types\/product"}],"replies":[{"embeddable":true,"href":"https:\/\/murerpoint.dk\/sv\/wp-json\/wp\/v2\/comments?post=1807"}],"wp:featuredmedia":[{"embeddable":true,"href":"https:\/\/murerpoint.dk\/sv\/wp-json\/wp\/v2\/media\/721"}],"wp:attachment":[{"href":"https:\/\/murerpoint.dk\/sv\/wp-json\/wp\/v2\/media?parent=1807"}],"wp:term":[{"taxonomy":"product_brand","embeddable":true,"href":"https:\/\/murerpoint.dk\/sv\/wp-json\/wp\/v2\/product_brand?post=1807"},{"taxonomy":"product_cat","embeddable":true,"href":"https:\/\/murerpoint.dk\/sv\/wp-json\/wp\/v2\/product_cat?post=1807"},{"taxonomy":"product_tag","embeddable":true,"href":"https:\/\/murerpoint.dk\/sv\/wp-json\/wp\/v2\/product_tag?post=1807"}],"curies":[{"name":"wp","href":"https:\/\/api.w.org\/{rel}","templated":true}]}}