{"id":1817,"date":"2024-01-19T11:44:41","date_gmt":"2024-01-19T11:44:41","guid":{"rendered":"https:\/\/murerpoint.dk\/product\/fugefraeserunit-z3-8x47-mm\/"},"modified":"2024-02-29T08:30:30","modified_gmt":"2024-02-29T08:30:30","slug":"fogfraser-3-skar-z3-8x47-mm","status":"publish","type":"product","link":"https:\/\/murerpoint.dk\/sv\/produkt\/fogfraser-3-skar-z3-8x47-mm\/","title":{"rendered":"Fogfr\u00e4ser 3 sk\u00e4r Z3 8&#215;47 mm"},"content":{"rendered":"<?xml encoding=\"utf-8\" ?><h3>Fogfr&auml;ser 3 sk&auml;r Z3 8&times;47 mm<\/h3><p>Fogfr&auml;ser unit Z3 (&Oslash; 10 mm, 47 mm Sk&auml;rdjup) fra MurerPoint.dk<\/p><ul>\n<li>Effektiv borttagning av fogar i cementbaserade och kalkhydrauliska fogar.<\/li>\n<li>Kan monteras direkt p&aring; vinkelslipar eller borrmaskiner.<\/li>\n<li>Utbytbara fogfr&auml;sstift med h&aring;rdmetallsk&auml;r, monteras direkt p&aring; M14-spindel.<\/li>\n<li>Danskt kvalitetsverktyg f&ouml;r professionell prestanda.<\/li>\n<\/ul><h6><em><strong>OBS <\/strong><\/em>Fogfr&auml;ser 3 sk&auml;r:<\/h6><ul>\n<li>Levereras som enskilda stiftpinnar eller i r&ouml;r om 2 stycken vid best&auml;llning av 2 stycken.<\/li>\n<li>St&ouml;rre antal levereras i l&aring;dor om 50 stycken med kvantitetsrabatt.<\/li>\n<\/ul><h5>Anv&auml;ndning av verktyget:<\/h5><ul>\n<li>Perfekt f&ouml;r att skrapa bort gamla eller skadade murbrukfogar.<\/li>\n<li>Effektiv borttagning av murbruk i fogar med eller utan cement.<\/li>\n<li>Anv&auml;nds med vinkelslipar (M14-g&auml;nga) eller borrhammare.<\/li>\n<li>Maximalt varvtal: 20 000 varv\/min.<\/li>\n<li>Tre h&aring;rdmetallsk&auml;r med sk&auml;rdjup p&aring; 47 mm.<\/li>\n<\/ul><h5>Fogfr&auml;ser 3 sk&auml;r Z3 kommer i 3 storlekar<strong>:<\/strong><\/h5><ul>\n<li>&nbsp;8 mm, 10 mm, og 12 mm.<\/li>\n<\/ul><div class=\"flex-1 overflow-hidden\">\n<div class=\"react-scroll-to-bottom--css-pdclg-79elbk h-full\">\n<div class=\"react-scroll-to-bottom--css-pdclg-1n7m0yu\">\n<div class=\"flex flex-col pb-9 text-sm\">\n<div class=\"w-full text-token-text-primary\" data-testid=\"conversation-turn-589\">\n<div class=\"px-4 py-2 justify-center text-base md:gap-6 m-auto\">\n<div class=\"flex flex-1 text-base mx-auto gap-3 md:px-5 lg:px-1 xl:px-5 md:max-w-3xl lg:max-w-[40rem] xl:max-w-[48rem] group final-completion\">\n<div class=\"relative flex w-full flex-col agent-turn\">\n<div class=\"flex-col gap-1 md:gap-3\">\n<div class=\"flex flex-grow flex-col max-w-full\">\n<div class=\"min-h-[20px] text-message flex flex-col items-start gap-3 whitespace-pre-wrap break-words [.text-message+&amp;]:mt-5 overflow-x-auto\" data-message-author-role=\"assistant\" data-message-id=\"6bc27fe4-47a8-4d23-97eb-742ead4b5143\">\n<div class=\"markdown prose w-full break-words dark:prose-invert light\">\n<p><strong>Rekommendation vid val av diameter:<\/strong><\/p>\n<\/div>\n<\/div>\n<\/div>\n<\/div>\n<\/div>\n<\/div>\n<\/div>\n<\/div>\n<\/div>\n<\/div>\n<\/div>\n<\/div><ul>\n<li>V&auml;lj en diameter som &auml;r cirka 2 mm mindre &auml;n den fog du vill fr&auml;sa ut.<\/li>\n<li>Anv&auml;nd en fogfr&auml;senhet med 26 mm sk&auml;rdjup f&ouml;r vanlig ommurning.<\/li>\n<\/ul><p><strong>Fogfr&auml;saren som verktyg:<\/strong><\/p><ul>\n<li>\n<div class=\"flex-1 overflow-hidden\">\n<div class=\"react-scroll-to-bottom--css-pdclg-79elbk h-full\">\n<div class=\"react-scroll-to-bottom--css-pdclg-1n7m0yu\">\n<div class=\"flex flex-col pb-9 text-sm\">\n<div class=\"w-full text-token-text-primary\" data-testid=\"conversation-turn-593\">\n<div class=\"px-4 py-2 justify-center text-base md:gap-6 m-auto\">\n<div class=\"flex flex-1 text-base mx-auto gap-3 md:px-5 lg:px-1 xl:px-5 md:max-w-3xl lg:max-w-[40rem] xl:max-w-[48rem] group final-completion\">\n<div class=\"relative flex w-full flex-col agent-turn\">\n<div class=\"flex-col gap-1 md:gap-3\">\n<div class=\"flex flex-grow flex-col max-w-full\">\n<div class=\"min-h-[20px] text-message flex flex-col items-start gap-3 whitespace-pre-wrap break-words [.text-message+&amp;]:mt-5 overflow-x-auto\" data-message-author-role=\"assistant\" data-message-id=\"90abf34d-8d7d-411e-8d39-5d0b2f355464\">\n<div class=\"markdown prose w-full break-words dark:prose-invert light\">\n<p>St&auml;ll in s&aring;lens sk&auml;rdjup p&aring; fogfr&auml;sen till cirka 20 mm fr&aring;n &ouml;nskad fogyta.<\/p>\n<\/div>\n<\/div>\n<\/div>\n<div class=\"mt-1 flex justify-start gap-3 empty:hidden\"><\/div>\n<\/div>\n<\/div>\n<\/div>\n<\/div>\n<\/div>\n<\/div>\n<\/div>\n<\/div>\n<\/div>\n<div class=\"w-full pt-2 md:pt-0 dark:border-white\/20 md:border-transparent md:dark:border-transparent md:w-[calc(100%-.5rem)]\"><\/div>\n<\/li>\n<\/ul><div class=\"flex-1 overflow-hidden\">\n<div class=\"react-scroll-to-bottom--css-pdclg-79elbk h-full\">\n<div class=\"react-scroll-to-bottom--css-pdclg-1n7m0yu\">\n<div class=\"flex flex-col pb-9 text-sm\">\n<div class=\"w-full text-token-text-primary\" data-testid=\"conversation-turn-595\">\n<div class=\"px-4 py-2 justify-center text-base md:gap-6 m-auto\">\n<div class=\"flex flex-1 text-base mx-auto gap-3 md:px-5 lg:px-1 xl:px-5 md:max-w-3xl lg:max-w-[40rem] xl:max-w-[48rem] group final-completion\">\n<div class=\"relative flex w-full flex-col agent-turn\">\n<div class=\"flex-col gap-1 md:gap-3\">\n<div class=\"flex flex-grow flex-col max-w-full\">\n<div class=\"min-h-[20px] text-message flex flex-col items-start gap-3 whitespace-pre-wrap break-words [.text-message+&amp;]:mt-5 overflow-x-auto\" data-message-author-role=\"assistant\" data-message-id=\"f00fb818-0677-4b67-a59b-c7d30c14b274\">\n<div class=\"markdown prose w-full break-words dark:prose-invert light\">\n<p><strong>Unders&ouml;kning av fogarnas skick:<\/strong><\/p>\n<\/div>\n<\/div>\n<\/div>\n<\/div>\n<\/div>\n<\/div>\n<\/div>\n<\/div>\n<\/div>\n<\/div>\n<\/div>\n<\/div><ul>\n<li>Promenera runt ditt hus och unders&ouml;k murningen f&ouml;r sprickor, h&aring;l eller flagor.<\/li>\n<li>Kontrollera om fogarna mellan tegelstenarna &auml;r intakta och fyller ut mellanrummet.<\/li>\n<li>Bed&ouml;m ytan p&aring; fogarna och leta efter eventuella h&aring;l efter murbin.<\/li>\n<li>Notera eventuella saknade eller skadade fogar samt sprickor i tegelstenarna.<\/li>\n<\/ul><div class=\"flex-1 overflow-hidden\">\n<div class=\"react-scroll-to-bottom--css-pdclg-79elbk h-full\">\n<div class=\"react-scroll-to-bottom--css-pdclg-1n7m0yu\">\n<div class=\"flex flex-col pb-9 text-sm\">\n<div class=\"w-full text-token-text-primary\" data-testid=\"conversation-turn-603\">\n<div class=\"px-4 py-2 justify-center text-base md:gap-6 m-auto\">\n<div class=\"flex flex-1 text-base mx-auto gap-3 md:px-5 lg:px-1 xl:px-5 md:max-w-3xl lg:max-w-[40rem] xl:max-w-[48rem] group final-completion\">\n<div class=\"relative flex w-full flex-col agent-turn\">\n<div class=\"flex-col gap-1 md:gap-3\">\n<div class=\"flex flex-grow flex-col max-w-full\">\n<div class=\"min-h-[20px] text-message flex flex-col items-start gap-3 whitespace-pre-wrap break-words [.text-message+&amp;]:mt-5 overflow-x-auto\" data-message-author-role=\"assistant\" data-message-id=\"18a560da-c4db-4fc3-aee8-a18b40a30052\">\n<div class=\"markdown prose w-full break-words dark:prose-invert light\">\n<p><strong>Omfugning per kvadratmeter:<\/strong> Pris cirka 500 kr. per kvadratmeter vid professionell utf&ouml;rande i Danmark av en utbildad murare.<\/p>\n<\/div>\n<\/div>\n<\/div>\n<\/div>\n<\/div>\n<\/div>\n<\/div>\n<\/div>\n<\/div>\n<\/div>\n<\/div>\n<\/div><p>MurerPoint.dk &ndash; Din specialist i verktyg f&ouml;r ommurning och fogfr&auml;sning. Uppt&auml;ck v&aring;rt breda sortiment av verktyg f&ouml;r fogreparationer och ommurning. Kvalitetsverktyg f&ouml;r professionella.<\/p>\n","protected":false},"excerpt":{"rendered":"<div class=\"flex-1 overflow-hidden\">\n<div class=\"react-scroll-to-bottom--css-hzaip-79elbk h-full\">\n<div class=\"react-scroll-to-bottom--css-hzaip-1n7m0yu\">\n<div class=\"flex flex-col pb-9 text-sm\">\n<div class=\"w-full text-token-text-primary\" data-testid=\"conversation-turn-305\">\n<div class=\"px-4 py-2 justify-center text-base md:gap-6 m-auto\">\n<div class=\"flex flex-1 text-base mx-auto gap-3 md:px-5 lg:px-1 xl:px-5 md:max-w-3xl lg:max-w-[40rem] xl:max-w-[48rem] group final-completion\">\n<div class=\"relative flex w-full flex-col lg:w-[calc(100%-115px)] agent-turn\">\n<div class=\"flex-col gap-1 md:gap-3\">\n<div class=\"flex flex-grow flex-col max-w-full\">\n<div class=\"min-h-[20px] text-message flex flex-col items-start gap-3 whitespace-pre-wrap break-words [.text-message+&amp;]:mt-5 overflow-x-auto\" data-message-author-role=\"assistant\" data-message-id=\"00220e19-2f4b-418f-8803-cfedbb857c5f\">\n<div class=\"markdown prose w-full break-words dark:prose-invert light\">\n<h3><strong>Fogfr\u00e4ser 3 sk\u00e4r Z3 8&#215;47 mm<\/strong><\/h3>\n<div class=\"flex-1 overflow-hidden\">\n<div class=\"react-scroll-to-bottom--css-pdclg-79elbk h-full\">\n<div class=\"react-scroll-to-bottom--css-pdclg-1n7m0yu\">\n<div class=\"flex flex-col pb-9 text-sm\">\n<div class=\"w-full text-token-text-primary\" data-testid=\"conversation-turn-607\">\n<div class=\"px-4 py-2 justify-center text-base md:gap-6 m-auto\">\n<div class=\"flex flex-1 text-base mx-auto gap-3 md:px-5 lg:px-1 xl:px-5 md:max-w-3xl lg:max-w-[40rem] xl:max-w-[48rem] group final-completion\">\n<div class=\"relative flex w-full flex-col agent-turn\">\n<div class=\"flex-col gap-1 md:gap-3\">\n<div class=\"flex flex-grow flex-col max-w-full\">\n<div class=\"min-h-[20px] text-message flex flex-col items-start gap-3 whitespace-pre-wrap break-words [.text-message+&amp;]:mt-5 overflow-x-auto\" data-message-author-role=\"assistant\" data-message-id=\"8e529337-7ab6-446b-aa1e-edaae3dd34b1\">\n<div class=\"markdown prose w-full break-words dark:prose-invert light\">\n<p>Professionell fogfr\u00e4sare f\u00f6r effektiv borttagning av murbruk i cementbaserade och kalkhydrauliska fogar. Med tre h\u00e5rdmetallsk\u00e4r och enkel montering p\u00e5 vinkelslipar eller borrmaskiner. Perfekt f\u00f6r ommurning och fogreparationer.<\/p>\n<\/div>\n<\/div>\n<\/div>\n<\/div>\n<\/div>\n<\/div>\n<\/div>\n<\/div>\n<\/div>\n<\/div>\n<\/div>\n<\/div>\n<\/div>\n<\/div>\n<\/div>\n<\/div>\n<\/div>\n<\/div>\n<\/div>\n<\/div>\n<\/div>\n<\/div>\n<\/div>\n<\/div>\n","protected":false},"featured_media":697,"comment_status":"open","ping_status":"closed","template":"","meta":[],"product_brand":[],"product_cat":[636,625],"product_tag":[569,852,871],"class_list":{"0":"post-1817","1":"product","2":"type-product","3":"status-publish","4":"has-post-thumbnail","6":"product_cat-murfogfras","7":"product_cat-murfogfras-inkl-adapter","8":"product_tag-fugefraeser-sv","9":"product_tag-fugefraeserunit-sv","10":"product_tag-murstenfraes","12":"first","13":"instock","14":"taxable","15":"shipping-taxable","16":"purchasable","17":"product-type-simple"},"yoast_head":"<!-- This site is optimized with the Yoast SEO plugin v27.6 - https:\/\/yoast.com\/product\/yoast-seo-wordpress\/ -->\n<title>Fogfr\u00e4ser 3 sk\u00e4r Z3 8x47 mm - Murerpoint ApS<\/title>\n<meta name=\"description\" content=\"Fogfr\u00e4ser 3 sk\u00e4r Z3 8x47 mm Effektiv borttagning av murbruk i fogar med eller utan cementinneh\u00e5ll. Direktmontering p\u00e5 M14-spindeln p\u00e5 din vinkelslip.\" \/>\n<meta name=\"robots\" content=\"index, follow, max-snippet:-1, max-image-preview:large, max-video-preview:-1\" \/>\n<link rel=\"canonical\" href=\"https:\/\/murerpoint.dk\/sv\/produkt\/fogfraser-3-skar-z3-8x47-mm\/\" \/>\n<meta property=\"og:locale\" content=\"sv_SE\" \/>\n<meta property=\"og:type\" content=\"article\" \/>\n<meta property=\"og:title\" content=\"Fogfr\u00e4ser 3 sk\u00e4r Z3 8x47 mm - Murerpoint ApS\" \/>\n<meta property=\"og:description\" content=\"Fogfr\u00e4ser 3 sk\u00e4r Z3 8x47 mm Effektiv borttagning av murbruk i fogar med eller utan cementinneh\u00e5ll. Direktmontering p\u00e5 M14-spindeln p\u00e5 din vinkelslip.\" \/>\n<meta property=\"og:url\" content=\"https:\/\/murerpoint.dk\/sv\/produkt\/fogfraser-3-skar-z3-8x47-mm\/\" \/>\n<meta property=\"og:site_name\" content=\"Murerpoint ApS\" \/>\n<meta property=\"article:publisher\" content=\"https:\/\/m.facebook.com\/profile.php?id=61555157262134\" \/>\n<meta property=\"article:modified_time\" content=\"2024-02-29T08:30:30+00:00\" \/>\n<meta property=\"og:image\" content=\"https:\/\/murerpoint.dk\/wp-content\/uploads\/2024\/01\/fugefraeserunit-Z3-8x47mm.png\" \/>\n\t<meta property=\"og:image:width\" content=\"433\" \/>\n\t<meta property=\"og:image:height\" content=\"577\" \/>\n\t<meta property=\"og:image:type\" content=\"image\/png\" \/>\n<meta name=\"twitter:card\" content=\"summary_large_image\" \/>\n<meta name=\"twitter:label1\" content=\"Pris\" \/>\n\t<meta name=\"twitter:data1\" content=\"&euro;25.29 Pris ekskl. moms: &euro;20.23\" \/>\n\t<meta name=\"twitter:label2\" content=\"Tillg\u00e4nglig\" \/>\n\t<meta name=\"twitter:data2\" content=\"I lager\" \/>\n<script type=\"application\/ld+json\" class=\"yoast-schema-graph\">{\"@context\":\"https:\\\/\\\/schema.org\",\"@graph\":[{\"@type\":\"WebPage\",\"@id\":\"https:\\\/\\\/murerpoint.dk\\\/sv\\\/produkt\\\/fogfraser-3-skar-z3-8x47-mm\\\/\",\"url\":\"https:\\\/\\\/murerpoint.dk\\\/sv\\\/produkt\\\/fogfraser-3-skar-z3-8x47-mm\\\/\",\"name\":\"Fogfr\u00e4ser 3 sk\u00e4r Z3 8x47 mm - Murerpoint ApS\",\"isPartOf\":{\"@id\":\"https:\\\/\\\/murerpoint.dk\\\/sv\\\/#website\"},\"primaryImageOfPage\":{\"@id\":\"https:\\\/\\\/murerpoint.dk\\\/sv\\\/produkt\\\/fogfraser-3-skar-z3-8x47-mm\\\/#primaryimage\"},\"image\":{\"@id\":\"https:\\\/\\\/murerpoint.dk\\\/sv\\\/produkt\\\/fogfraser-3-skar-z3-8x47-mm\\\/#primaryimage\"},\"thumbnailUrl\":\"https:\\\/\\\/murerpoint.dk\\\/wp-content\\\/uploads\\\/2024\\\/01\\\/fugefraeserunit-Z3-8x47mm.png\",\"datePublished\":\"2024-01-19T11:44:41+00:00\",\"dateModified\":\"2024-02-29T08:30:30+00:00\",\"description\":\"Fogfr\u00e4ser 3 sk\u00e4r Z3 8x47 mm Effektiv borttagning av murbruk i fogar med eller utan cementinneh\u00e5ll. Direktmontering p\u00e5 M14-spindeln p\u00e5 din vinkelslip.\",\"breadcrumb\":{\"@id\":\"https:\\\/\\\/murerpoint.dk\\\/sv\\\/produkt\\\/fogfraser-3-skar-z3-8x47-mm\\\/#breadcrumb\"},\"inLanguage\":\"sv-SE\",\"potentialAction\":[{\"@type\":\"ReadAction\",\"target\":[\"https:\\\/\\\/murerpoint.dk\\\/sv\\\/produkt\\\/fogfraser-3-skar-z3-8x47-mm\\\/\"]}]},{\"@type\":\"ImageObject\",\"inLanguage\":\"sv-SE\",\"@id\":\"https:\\\/\\\/murerpoint.dk\\\/sv\\\/produkt\\\/fogfraser-3-skar-z3-8x47-mm\\\/#primaryimage\",\"url\":\"https:\\\/\\\/murerpoint.dk\\\/wp-content\\\/uploads\\\/2024\\\/01\\\/fugefraeserunit-Z3-8x47mm.png\",\"contentUrl\":\"https:\\\/\\\/murerpoint.dk\\\/wp-content\\\/uploads\\\/2024\\\/01\\\/fugefraeserunit-Z3-8x47mm.png\",\"width\":433,\"height\":577,\"caption\":\"fugefr\u00e6serunit Z3 8x47mm\"},{\"@type\":\"BreadcrumbList\",\"@id\":\"https:\\\/\\\/murerpoint.dk\\\/sv\\\/produkt\\\/fogfraser-3-skar-z3-8x47-mm\\\/#breadcrumb\",\"itemListElement\":[{\"@type\":\"ListItem\",\"position\":1,\"name\":\"Hjem\",\"item\":\"https:\\\/\\\/murerpoint.dk\\\/sv\\\/\"},{\"@type\":\"ListItem\",\"position\":2,\"name\":\"SHOPPEN\",\"item\":\"https:\\\/\\\/murerpoint.dk\\\/sv\\\/shoppen\\\/\"},{\"@type\":\"ListItem\",\"position\":3,\"name\":\"Fogfr\u00e4ser 3 sk\u00e4r Z3 8&#215;47 mm\"}]},{\"@type\":\"WebSite\",\"@id\":\"https:\\\/\\\/murerpoint.dk\\\/sv\\\/#website\",\"url\":\"https:\\\/\\\/murerpoint.dk\\\/sv\\\/\",\"name\":\"Murerpoint\",\"description\":\"kvalitets v\u00e6rkt\u00f8j\",\"publisher\":{\"@id\":\"https:\\\/\\\/murerpoint.dk\\\/sv\\\/#organization\"},\"potentialAction\":[{\"@type\":\"SearchAction\",\"target\":{\"@type\":\"EntryPoint\",\"urlTemplate\":\"https:\\\/\\\/murerpoint.dk\\\/sv\\\/?s={search_term_string}\"},\"query-input\":{\"@type\":\"PropertyValueSpecification\",\"valueRequired\":true,\"valueName\":\"search_term_string\"}}],\"inLanguage\":\"sv-SE\"},{\"@type\":\"Organization\",\"@id\":\"https:\\\/\\\/murerpoint.dk\\\/sv\\\/#organization\",\"name\":\"Murerpoint ApS\",\"url\":\"https:\\\/\\\/murerpoint.dk\\\/sv\\\/\",\"logo\":{\"@type\":\"ImageObject\",\"inLanguage\":\"sv-SE\",\"@id\":\"https:\\\/\\\/murerpoint.dk\\\/sv\\\/#\\\/schema\\\/logo\\\/image\\\/\",\"url\":\"https:\\\/\\\/murerpoint.dk\\\/wp-content\\\/uploads\\\/2023\\\/12\\\/cropped-Sort-Midt-Roed-Mursten.png\",\"contentUrl\":\"https:\\\/\\\/murerpoint.dk\\\/wp-content\\\/uploads\\\/2023\\\/12\\\/cropped-Sort-Midt-Roed-Mursten.png\",\"width\":512,\"height\":512,\"caption\":\"Murerpoint ApS\"},\"image\":{\"@id\":\"https:\\\/\\\/murerpoint.dk\\\/sv\\\/#\\\/schema\\\/logo\\\/image\\\/\"},\"sameAs\":[\"https:\\\/\\\/m.facebook.com\\\/profile.php?id=61555157262134\",\"https:\\\/\\\/www.instagram.com\\\/murerpoint?igsh=azluMWV6cTnc2ts&utm_source=qr\",\"https:\\\/\\\/www.tiktok.com\\\/@murerpoint?is_from_webapp=1&sender_device=pc\"]}]}<\/script>\n<meta property=\"product:price:amount\" content=\"25.29\" \/>\n<meta property=\"product:price:currency\" content=\"EUR\" \/>\n<meta property=\"og:availability\" content=\"instock\" \/>\n<meta property=\"product:availability\" content=\"instock\" \/>\n<meta property=\"product:retailer_item_id\" content=\"mp0015\" \/>\n<meta property=\"product:condition\" content=\"new\" \/>\n<!-- \/ Yoast SEO plugin. -->","yoast_head_json":{"title":"Fogfr\u00e4ser 3 sk\u00e4r Z3 8x47 mm - Murerpoint ApS","description":"Fogfr\u00e4ser 3 sk\u00e4r Z3 8x47 mm Effektiv borttagning av murbruk i fogar med eller utan cementinneh\u00e5ll. Direktmontering p\u00e5 M14-spindeln p\u00e5 din vinkelslip.","robots":{"index":"index","follow":"follow","max-snippet":"max-snippet:-1","max-image-preview":"max-image-preview:large","max-video-preview":"max-video-preview:-1"},"canonical":"https:\/\/murerpoint.dk\/sv\/produkt\/fogfraser-3-skar-z3-8x47-mm\/","og_locale":"sv_SE","og_type":"article","og_title":"Fogfr\u00e4ser 3 sk\u00e4r Z3 8x47 mm - Murerpoint ApS","og_description":"Fogfr\u00e4ser 3 sk\u00e4r Z3 8x47 mm Effektiv borttagning av murbruk i fogar med eller utan cementinneh\u00e5ll. Direktmontering p\u00e5 M14-spindeln p\u00e5 din vinkelslip.","og_url":"https:\/\/murerpoint.dk\/sv\/produkt\/fogfraser-3-skar-z3-8x47-mm\/","og_site_name":"Murerpoint ApS","article_publisher":"https:\/\/m.facebook.com\/profile.php?id=61555157262134","article_modified_time":"2024-02-29T08:30:30+00:00","og_image":[{"width":433,"height":577,"url":"https:\/\/murerpoint.dk\/wp-content\/uploads\/2024\/01\/fugefraeserunit-Z3-8x47mm.png","type":"image\/png"}],"twitter_card":"summary_large_image","twitter_misc":{"Pris":"&euro;25.29 Pris ekskl. moms: &euro;20.23","Tillg\u00e4nglig":"I lager"},"schema":{"@context":"https:\/\/schema.org","@graph":[{"@type":"WebPage","@id":"https:\/\/murerpoint.dk\/sv\/produkt\/fogfraser-3-skar-z3-8x47-mm\/","url":"https:\/\/murerpoint.dk\/sv\/produkt\/fogfraser-3-skar-z3-8x47-mm\/","name":"Fogfr\u00e4ser 3 sk\u00e4r Z3 8x47 mm - Murerpoint ApS","isPartOf":{"@id":"https:\/\/murerpoint.dk\/sv\/#website"},"primaryImageOfPage":{"@id":"https:\/\/murerpoint.dk\/sv\/produkt\/fogfraser-3-skar-z3-8x47-mm\/#primaryimage"},"image":{"@id":"https:\/\/murerpoint.dk\/sv\/produkt\/fogfraser-3-skar-z3-8x47-mm\/#primaryimage"},"thumbnailUrl":"https:\/\/murerpoint.dk\/wp-content\/uploads\/2024\/01\/fugefraeserunit-Z3-8x47mm.png","datePublished":"2024-01-19T11:44:41+00:00","dateModified":"2024-02-29T08:30:30+00:00","description":"Fogfr\u00e4ser 3 sk\u00e4r Z3 8x47 mm Effektiv borttagning av murbruk i fogar med eller utan cementinneh\u00e5ll. Direktmontering p\u00e5 M14-spindeln p\u00e5 din vinkelslip.","breadcrumb":{"@id":"https:\/\/murerpoint.dk\/sv\/produkt\/fogfraser-3-skar-z3-8x47-mm\/#breadcrumb"},"inLanguage":"sv-SE","potentialAction":[{"@type":"ReadAction","target":["https:\/\/murerpoint.dk\/sv\/produkt\/fogfraser-3-skar-z3-8x47-mm\/"]}]},{"@type":"ImageObject","inLanguage":"sv-SE","@id":"https:\/\/murerpoint.dk\/sv\/produkt\/fogfraser-3-skar-z3-8x47-mm\/#primaryimage","url":"https:\/\/murerpoint.dk\/wp-content\/uploads\/2024\/01\/fugefraeserunit-Z3-8x47mm.png","contentUrl":"https:\/\/murerpoint.dk\/wp-content\/uploads\/2024\/01\/fugefraeserunit-Z3-8x47mm.png","width":433,"height":577,"caption":"fugefr\u00e6serunit Z3 8x47mm"},{"@type":"BreadcrumbList","@id":"https:\/\/murerpoint.dk\/sv\/produkt\/fogfraser-3-skar-z3-8x47-mm\/#breadcrumb","itemListElement":[{"@type":"ListItem","position":1,"name":"Hjem","item":"https:\/\/murerpoint.dk\/sv\/"},{"@type":"ListItem","position":2,"name":"SHOPPEN","item":"https:\/\/murerpoint.dk\/sv\/shoppen\/"},{"@type":"ListItem","position":3,"name":"Fogfr\u00e4ser 3 sk\u00e4r Z3 8&#215;47 mm"}]},{"@type":"WebSite","@id":"https:\/\/murerpoint.dk\/sv\/#website","url":"https:\/\/murerpoint.dk\/sv\/","name":"Murerpoint","description":"kvalitets v\u00e6rkt\u00f8j","publisher":{"@id":"https:\/\/murerpoint.dk\/sv\/#organization"},"potentialAction":[{"@type":"SearchAction","target":{"@type":"EntryPoint","urlTemplate":"https:\/\/murerpoint.dk\/sv\/?s={search_term_string}"},"query-input":{"@type":"PropertyValueSpecification","valueRequired":true,"valueName":"search_term_string"}}],"inLanguage":"sv-SE"},{"@type":"Organization","@id":"https:\/\/murerpoint.dk\/sv\/#organization","name":"Murerpoint ApS","url":"https:\/\/murerpoint.dk\/sv\/","logo":{"@type":"ImageObject","inLanguage":"sv-SE","@id":"https:\/\/murerpoint.dk\/sv\/#\/schema\/logo\/image\/","url":"https:\/\/murerpoint.dk\/wp-content\/uploads\/2023\/12\/cropped-Sort-Midt-Roed-Mursten.png","contentUrl":"https:\/\/murerpoint.dk\/wp-content\/uploads\/2023\/12\/cropped-Sort-Midt-Roed-Mursten.png","width":512,"height":512,"caption":"Murerpoint ApS"},"image":{"@id":"https:\/\/murerpoint.dk\/sv\/#\/schema\/logo\/image\/"},"sameAs":["https:\/\/m.facebook.com\/profile.php?id=61555157262134","https:\/\/www.instagram.com\/murerpoint?igsh=azluMWV6cTnc2ts&utm_source=qr","https:\/\/www.tiktok.com\/@murerpoint?is_from_webapp=1&sender_device=pc"]}]},"product_price_amount":"25.29","product_price_currency":"EUR","og_availability":"instock","product_availability":"instock","product_retailer_item_id":"mp0015","product_condition":"new"},"_links":{"self":[{"href":"https:\/\/murerpoint.dk\/sv\/wp-json\/wp\/v2\/product\/1817","targetHints":{"allow":["GET"]}}],"collection":[{"href":"https:\/\/murerpoint.dk\/sv\/wp-json\/wp\/v2\/product"}],"about":[{"href":"https:\/\/murerpoint.dk\/sv\/wp-json\/wp\/v2\/types\/product"}],"replies":[{"embeddable":true,"href":"https:\/\/murerpoint.dk\/sv\/wp-json\/wp\/v2\/comments?post=1817"}],"wp:featuredmedia":[{"embeddable":true,"href":"https:\/\/murerpoint.dk\/sv\/wp-json\/wp\/v2\/media\/697"}],"wp:attachment":[{"href":"https:\/\/murerpoint.dk\/sv\/wp-json\/wp\/v2\/media?parent=1817"}],"wp:term":[{"taxonomy":"product_brand","embeddable":true,"href":"https:\/\/murerpoint.dk\/sv\/wp-json\/wp\/v2\/product_brand?post=1817"},{"taxonomy":"product_cat","embeddable":true,"href":"https:\/\/murerpoint.dk\/sv\/wp-json\/wp\/v2\/product_cat?post=1817"},{"taxonomy":"product_tag","embeddable":true,"href":"https:\/\/murerpoint.dk\/sv\/wp-json\/wp\/v2\/product_tag?post=1817"}],"curies":[{"name":"wp","href":"https:\/\/api.w.org\/{rel}","templated":true}]}}