{"id":1825,"date":"2024-01-19T11:03:30","date_gmt":"2024-01-19T11:03:30","guid":{"rendered":"https:\/\/murerpoint.dk\/product\/pointmaster-til-tilbagelagte-fuger\/"},"modified":"2024-09-18T10:41:31","modified_gmt":"2024-09-18T10:41:31","slug":"pointmaster-for-indragna-fogar-ditt-nyckelverktyg-for-perfekta-fogar","status":"publish","type":"product","link":"https:\/\/murerpoint.dk\/sv\/produkt\/pointmaster-for-indragna-fogar-ditt-nyckelverktyg-for-perfekta-fogar\/","title":{"rendered":"Pointmaster f\u00f6r Indragna Fogar \u2013 Ditt Nyckelverktyg f\u00f6r Perfekta Fogar!"},"content":{"rendered":"<?xml encoding=\"utf-8\" ?><div class=\"flex-1 overflow-hidden\">\n<div class=\"react-scroll-to-bottom--css-pdclg-79elbk h-full\">\n<div class=\"react-scroll-to-bottom--css-pdclg-1n7m0yu\">\n<div class=\"flex flex-col pb-9 text-sm\">\n<div class=\"w-full text-token-text-primary\" data-testid=\"conversation-turn-783\">\n<div class=\"px-4 py-2 justify-center text-base md:gap-6 m-auto\">\n<div class=\"flex flex-1 text-base mx-auto gap-3 md:px-5 lg:px-1 xl:px-5 md:max-w-3xl lg:max-w-[40rem] xl:max-w-[48rem] group final-completion\">\n<div class=\"relative flex w-full flex-col agent-turn\">\n<div class=\"flex-col gap-1 md:gap-3\">\n<div class=\"flex flex-grow flex-col max-w-full\">\n<div class=\"min-h-[20px] text-message flex flex-col items-start gap-3 whitespace-pre-wrap break-words [.text-message+&amp;]:mt-5 overflow-x-auto\" data-message-author-role=\"assistant\" data-message-id=\"696aeb6a-6eb4-4b35-95e0-eb95563d8374\">\n<div class=\"markdown prose w-full break-words dark:prose-invert light\">\n<p><strong>Pointmaster f&ouml;r Indragna Fogar &ndash; Ditt Nyckelverktyg f&ouml;r Perfekta Fogar!<\/strong><\/p>\n<p>Optimera din fogning med ett Pointmaster set fr&aring;n MurerPoint, Pointmaster f&ouml;r indragna fogar, tillg&auml;ngligt p&aring; MurerPoint.dk till marknadens absolut b&auml;sta pris.<\/p>\n<p>Designat f&ouml;r att ge dig ett professionellt och enhetligt resultat varje g&aring;ng, samtidigt som du sparar tid och anstr&auml;ngning.<\/p>\n<p><strong>Pointmaster-setet inkluderar:<\/strong><\/p>\n<ul>\n<li>4 tryckmunstycken f&ouml;r att pressa fogarna<\/li>\n<li>10 stiften f&ouml;r att skrapa ut fogarna<\/li>\n<li>en insexnyckel<\/li>\n<li>2 vita monteringshylsor f&ouml;r de olika tryckmunstyckena<\/li>\n<\/ul>\n<p><strong>Pointmaster Funktioner och Anv&auml;ndning:<\/strong><\/p>\n<ul>\n<li>H&aring;llbara och Slitstarka Foger: Pointmaster fogpistolsetet g&ouml;r det m&ouml;jligt f&ouml;r dig att skapa h&ouml;gkvalitativa fogar som &auml;r b&aring;de starka och slitstarka.<\/li>\n<li>Variation i Fogj&auml;rn: Setet inkluderar fyra olika fogj&auml;rn, vilket ger flexibilitet att anpassa dina fogar efter behov.<\/li>\n<li>Hjuldesign: Fogpistolen &auml;r utrustad med hjul som s&auml;kerst&auml;ller en j&auml;mn tryckf&ouml;rdelning, vilket resulterar i precisa och snygga fogar.<\/li>\n<li>Anv&auml;nds Med eller Utan Hjul: Kan anv&auml;ndas b&aring;de med och utan hjul, beroende p&aring; dina preferenser och arbetsmetod.<\/li>\n<\/ul>\n<p><strong>Praktisk Till&auml;mpning:<\/strong><\/p>\n<ul>\n<li>Utkradsning av Fogar: Pointmaster &auml;r ocks&aring; l&auml;mplig f&ouml;r utkradsning av fogar.<\/li>\n<\/ul>\n<p>G&ouml;r ditt fogarbete mer effektivt och professionellt och f&ouml;rvandla dina indragna fogar till ett konstverk med ett Pointmaster fogpistolset.&rdquo;<\/p>\n<\/div>\n<\/div>\n<\/div>\n<\/div>\n<\/div>\n<\/div>\n<\/div>\n<\/div>\n<\/div>\n<\/div>\n<\/div>\n<\/div>\n","protected":false},"excerpt":{"rendered":"<h5><strong>Pointmaster f\u00f6r Indragna Fogar \u2013 Ditt Nyckelverktyg f\u00f6r Perfekta Fogar!<\/strong><\/h5>\n<p>Pointmaster f\u00f6r indragna fogar garanterar professionella och konsekventa fogar varje g\u00e5ng. Setet inneh\u00e5ller 4 pressf\u00e4sten, 10 rensningsverktyg och ett hjulkonstruktion f\u00f6r precisa fogar med minimal anstr\u00e4ngning.<\/p>\n<div class=\"flex-1 overflow-hidden\">\n<div class=\"react-scroll-to-bottom--css-pdclg-79elbk h-full\">\n<div class=\"react-scroll-to-bottom--css-pdclg-1n7m0yu\">\n<div class=\"flex flex-col pb-9 text-sm\">\n<div class=\"w-full text-token-text-primary\" data-testid=\"conversation-turn-789\">\n<div class=\"px-4 py-2 justify-center text-base md:gap-6 m-auto\">\n<div class=\"flex flex-1 text-base mx-auto gap-3 md:px-5 lg:px-1 xl:px-5 md:max-w-3xl lg:max-w-[40rem] xl:max-w-[48rem] group final-completion\">\n<div class=\"relative flex w-full flex-col agent-turn\">\n<div class=\"flex-col gap-1 md:gap-3\">\n<div class=\"flex flex-grow flex-col max-w-full\">\n<div class=\"min-h-[20px] text-message flex flex-col items-start gap-3 whitespace-pre-wrap break-words [.text-message+&amp;]:mt-5 overflow-x-auto\" data-message-author-role=\"assistant\" data-message-id=\"6cfcaaff-fa63-4717-b0f0-4be496f49e74\">\n<div class=\"markdown prose w-full break-words dark:prose-invert light\"><\/div>\n<\/div>\n<\/div>\n<\/div>\n<\/div>\n<\/div>\n<\/div>\n<\/div>\n<\/div>\n<\/div>\n<\/div>\n<\/div>\n<div class=\"w-full pt-2 md:pt-0 dark:border-white\/20 md:border-transparent md:dark:border-transparent md:w-[calc(100%-.5rem)]\"><\/div>\n","protected":false},"featured_media":675,"comment_status":"open","ping_status":"closed","template":"","meta":[],"product_brand":[],"product_cat":[373],"product_tag":[7833,377,7840,7838,7834,381,7832,7836,7835,7837,7839,2640],"class_list":{"0":"post-1825","1":"product","2":"type-product","3":"status-publish","4":"has-post-thumbnail","6":"product_cat-fugetrykker-sv","7":"product_tag-fogpressset-sv","8":"product_tag-fogspruta","9":"product_tag-fogverktyg-sv","10":"product_tag-hjulkonstruktion-sv","11":"product_tag-indragnafogar-sv","12":"product_tag-murerpoint-sv-2","13":"product_tag-pointmaster-sv","14":"product_tag-pressverktyg-sv","15":"product_tag-professionellafogar-sv","16":"product_tag-rensningavfogar-sv","17":"product_tag-starkafogar-sv","18":"product_tag-googleads-sv","20":"first","21":"instock","22":"taxable","23":"shipping-taxable","24":"purchasable","25":"product-type-simple"},"yoast_head":"<!-- This site is optimized with the Yoast SEO plugin v27.5 - https:\/\/yoast.com\/product\/yoast-seo-wordpress\/ -->\n<title>Pointmaster f\u00f6r Indragna Fogar \u2013 Ditt Nyckelverktyg f\u00f6r Perfekta Fogar! - Murerpoint ApS<\/title>\n<meta name=\"description\" content=\"Optimera ditt fogarbete med Pointmaster fogpress-set fr\u00e5n MurerPoint. Skapa precisa, starka fogar med minimal anstr\u00e4ngning och maximal h\u00e5llbarhet.\" \/>\n<meta name=\"robots\" content=\"index, follow, max-snippet:-1, max-image-preview:large, max-video-preview:-1\" \/>\n<link rel=\"canonical\" href=\"https:\/\/murerpoint.dk\/sv\/produkt\/pointmaster-for-indragna-fogar-ditt-nyckelverktyg-for-perfekta-fogar\/\" \/>\n<meta property=\"og:locale\" content=\"sv_SE\" \/>\n<meta property=\"og:type\" content=\"article\" \/>\n<meta property=\"og:title\" content=\"Pointmaster f\u00f6r Indragna Fogar \u2013 Ditt Nyckelverktyg f\u00f6r Perfekta Fogar! - Murerpoint ApS\" \/>\n<meta property=\"og:description\" content=\"Optimera ditt fogarbete med Pointmaster fogpress-set fr\u00e5n MurerPoint. Skapa precisa, starka fogar med minimal anstr\u00e4ngning och maximal h\u00e5llbarhet.\" \/>\n<meta property=\"og:url\" content=\"https:\/\/murerpoint.dk\/sv\/produkt\/pointmaster-for-indragna-fogar-ditt-nyckelverktyg-for-perfekta-fogar\/\" \/>\n<meta property=\"og:site_name\" content=\"Murerpoint ApS\" \/>\n<meta property=\"article:publisher\" content=\"https:\/\/m.facebook.com\/profile.php?id=61555157262134\" \/>\n<meta property=\"article:modified_time\" content=\"2024-09-18T10:41:31+00:00\" \/>\n<meta property=\"og:image\" content=\"https:\/\/murerpoint.dk\/wp-content\/uploads\/2024\/01\/Pointmasterfugetrykker-til-tilbagelagte-fuger-front-page-768x1024.png\" \/>\n\t<meta property=\"og:image:width\" content=\"768\" \/>\n\t<meta property=\"og:image:height\" content=\"1024\" \/>\n\t<meta property=\"og:image:type\" content=\"image\/png\" \/>\n<meta name=\"twitter:card\" content=\"summary_large_image\" \/>\n<meta name=\"twitter:label1\" content=\"Pris\" \/>\n\t<meta name=\"twitter:data1\" content=\"&euro;80.16 Pris ekskl. moms: &euro;64.13\" \/>\n\t<meta name=\"twitter:label2\" content=\"Tillg\u00e4nglig\" \/>\n\t<meta name=\"twitter:data2\" content=\"I lager\" \/>\n<script type=\"application\/ld+json\" class=\"yoast-schema-graph\">{\"@context\":\"https:\\\/\\\/schema.org\",\"@graph\":[{\"@type\":\"WebPage\",\"@id\":\"https:\\\/\\\/murerpoint.dk\\\/sv\\\/produkt\\\/pointmaster-for-indragna-fogar-ditt-nyckelverktyg-for-perfekta-fogar\\\/\",\"url\":\"https:\\\/\\\/murerpoint.dk\\\/sv\\\/produkt\\\/pointmaster-for-indragna-fogar-ditt-nyckelverktyg-for-perfekta-fogar\\\/\",\"name\":\"Pointmaster f\u00f6r Indragna Fogar \u2013 Ditt Nyckelverktyg f\u00f6r Perfekta Fogar! - Murerpoint ApS\",\"isPartOf\":{\"@id\":\"https:\\\/\\\/murerpoint.dk\\\/sv\\\/#website\"},\"primaryImageOfPage\":{\"@id\":\"https:\\\/\\\/murerpoint.dk\\\/sv\\\/produkt\\\/pointmaster-for-indragna-fogar-ditt-nyckelverktyg-for-perfekta-fogar\\\/#primaryimage\"},\"image\":{\"@id\":\"https:\\\/\\\/murerpoint.dk\\\/sv\\\/produkt\\\/pointmaster-for-indragna-fogar-ditt-nyckelverktyg-for-perfekta-fogar\\\/#primaryimage\"},\"thumbnailUrl\":\"https:\\\/\\\/murerpoint.dk\\\/wp-content\\\/uploads\\\/2024\\\/01\\\/Pointmasterfugetrykker-til-tilbagelagte-fuger-front-page.png\",\"datePublished\":\"2024-01-19T11:03:30+00:00\",\"dateModified\":\"2024-09-18T10:41:31+00:00\",\"description\":\"Optimera ditt fogarbete med Pointmaster fogpress-set fr\u00e5n MurerPoint. Skapa precisa, starka fogar med minimal anstr\u00e4ngning och maximal h\u00e5llbarhet.\",\"breadcrumb\":{\"@id\":\"https:\\\/\\\/murerpoint.dk\\\/sv\\\/produkt\\\/pointmaster-for-indragna-fogar-ditt-nyckelverktyg-for-perfekta-fogar\\\/#breadcrumb\"},\"inLanguage\":\"sv-SE\",\"potentialAction\":[{\"@type\":\"ReadAction\",\"target\":[\"https:\\\/\\\/murerpoint.dk\\\/sv\\\/produkt\\\/pointmaster-for-indragna-fogar-ditt-nyckelverktyg-for-perfekta-fogar\\\/\"]}]},{\"@type\":\"ImageObject\",\"inLanguage\":\"sv-SE\",\"@id\":\"https:\\\/\\\/murerpoint.dk\\\/sv\\\/produkt\\\/pointmaster-for-indragna-fogar-ditt-nyckelverktyg-for-perfekta-fogar\\\/#primaryimage\",\"url\":\"https:\\\/\\\/murerpoint.dk\\\/wp-content\\\/uploads\\\/2024\\\/01\\\/Pointmasterfugetrykker-til-tilbagelagte-fuger-front-page.png\",\"contentUrl\":\"https:\\\/\\\/murerpoint.dk\\\/wp-content\\\/uploads\\\/2024\\\/01\\\/Pointmasterfugetrykker-til-tilbagelagte-fuger-front-page.png\",\"width\":3024,\"height\":4032,\"caption\":\"pointmaster fugetrykker bruges til tilbagelagte fuger. kan ogs\u00e5 bruges til udkradsning.\"},{\"@type\":\"BreadcrumbList\",\"@id\":\"https:\\\/\\\/murerpoint.dk\\\/sv\\\/produkt\\\/pointmaster-for-indragna-fogar-ditt-nyckelverktyg-for-perfekta-fogar\\\/#breadcrumb\",\"itemListElement\":[{\"@type\":\"ListItem\",\"position\":1,\"name\":\"Hjem\",\"item\":\"https:\\\/\\\/murerpoint.dk\\\/sv\\\/\"},{\"@type\":\"ListItem\",\"position\":2,\"name\":\"SHOPPEN\",\"item\":\"https:\\\/\\\/murerpoint.dk\\\/sv\\\/shoppen\\\/\"},{\"@type\":\"ListItem\",\"position\":3,\"name\":\"Pointmaster f\u00f6r Indragna Fogar \u2013 Ditt Nyckelverktyg f\u00f6r Perfekta Fogar!\"}]},{\"@type\":\"WebSite\",\"@id\":\"https:\\\/\\\/murerpoint.dk\\\/sv\\\/#website\",\"url\":\"https:\\\/\\\/murerpoint.dk\\\/sv\\\/\",\"name\":\"Murerpoint\",\"description\":\"kvalitets v\u00e6rkt\u00f8j\",\"publisher\":{\"@id\":\"https:\\\/\\\/murerpoint.dk\\\/sv\\\/#organization\"},\"potentialAction\":[{\"@type\":\"SearchAction\",\"target\":{\"@type\":\"EntryPoint\",\"urlTemplate\":\"https:\\\/\\\/murerpoint.dk\\\/sv\\\/?s={search_term_string}\"},\"query-input\":{\"@type\":\"PropertyValueSpecification\",\"valueRequired\":true,\"valueName\":\"search_term_string\"}}],\"inLanguage\":\"sv-SE\"},{\"@type\":\"Organization\",\"@id\":\"https:\\\/\\\/murerpoint.dk\\\/sv\\\/#organization\",\"name\":\"Murerpoint ApS\",\"url\":\"https:\\\/\\\/murerpoint.dk\\\/sv\\\/\",\"logo\":{\"@type\":\"ImageObject\",\"inLanguage\":\"sv-SE\",\"@id\":\"https:\\\/\\\/murerpoint.dk\\\/sv\\\/#\\\/schema\\\/logo\\\/image\\\/\",\"url\":\"https:\\\/\\\/murerpoint.dk\\\/wp-content\\\/uploads\\\/2023\\\/12\\\/cropped-Sort-Midt-Roed-Mursten.png\",\"contentUrl\":\"https:\\\/\\\/murerpoint.dk\\\/wp-content\\\/uploads\\\/2023\\\/12\\\/cropped-Sort-Midt-Roed-Mursten.png\",\"width\":512,\"height\":512,\"caption\":\"Murerpoint ApS\"},\"image\":{\"@id\":\"https:\\\/\\\/murerpoint.dk\\\/sv\\\/#\\\/schema\\\/logo\\\/image\\\/\"},\"sameAs\":[\"https:\\\/\\\/m.facebook.com\\\/profile.php?id=61555157262134\",\"https:\\\/\\\/www.instagram.com\\\/murerpoint?igsh=azluMWV6cTnc2ts&utm_source=qr\",\"https:\\\/\\\/www.tiktok.com\\\/@murerpoint?is_from_webapp=1&sender_device=pc\"]}]}<\/script>\n<meta property=\"product:price:amount\" content=\"80.16\" \/>\n<meta property=\"product:price:currency\" content=\"EUR\" \/>\n<meta property=\"og:availability\" content=\"instock\" \/>\n<meta property=\"product:availability\" content=\"instock\" \/>\n<meta property=\"product:retailer_item_id\" content=\"mp0022\" \/>\n<meta property=\"product:condition\" content=\"new\" \/>\n<!-- \/ Yoast SEO plugin. -->","yoast_head_json":{"title":"Pointmaster f\u00f6r Indragna Fogar \u2013 Ditt Nyckelverktyg f\u00f6r Perfekta Fogar! - Murerpoint ApS","description":"Optimera ditt fogarbete med Pointmaster fogpress-set fr\u00e5n MurerPoint. Skapa precisa, starka fogar med minimal anstr\u00e4ngning och maximal h\u00e5llbarhet.","robots":{"index":"index","follow":"follow","max-snippet":"max-snippet:-1","max-image-preview":"max-image-preview:large","max-video-preview":"max-video-preview:-1"},"canonical":"https:\/\/murerpoint.dk\/sv\/produkt\/pointmaster-for-indragna-fogar-ditt-nyckelverktyg-for-perfekta-fogar\/","og_locale":"sv_SE","og_type":"article","og_title":"Pointmaster f\u00f6r Indragna Fogar \u2013 Ditt Nyckelverktyg f\u00f6r Perfekta Fogar! - Murerpoint ApS","og_description":"Optimera ditt fogarbete med Pointmaster fogpress-set fr\u00e5n MurerPoint. Skapa precisa, starka fogar med minimal anstr\u00e4ngning och maximal h\u00e5llbarhet.","og_url":"https:\/\/murerpoint.dk\/sv\/produkt\/pointmaster-for-indragna-fogar-ditt-nyckelverktyg-for-perfekta-fogar\/","og_site_name":"Murerpoint ApS","article_publisher":"https:\/\/m.facebook.com\/profile.php?id=61555157262134","article_modified_time":"2024-09-18T10:41:31+00:00","og_image":[{"width":768,"height":1024,"url":"https:\/\/murerpoint.dk\/wp-content\/uploads\/2024\/01\/Pointmasterfugetrykker-til-tilbagelagte-fuger-front-page-768x1024.png","type":"image\/png"}],"twitter_card":"summary_large_image","twitter_misc":{"Pris":"&euro;80.16 Pris ekskl. moms: &euro;64.13","Tillg\u00e4nglig":"I lager"},"schema":{"@context":"https:\/\/schema.org","@graph":[{"@type":"WebPage","@id":"https:\/\/murerpoint.dk\/sv\/produkt\/pointmaster-for-indragna-fogar-ditt-nyckelverktyg-for-perfekta-fogar\/","url":"https:\/\/murerpoint.dk\/sv\/produkt\/pointmaster-for-indragna-fogar-ditt-nyckelverktyg-for-perfekta-fogar\/","name":"Pointmaster f\u00f6r Indragna Fogar \u2013 Ditt Nyckelverktyg f\u00f6r Perfekta Fogar! - Murerpoint ApS","isPartOf":{"@id":"https:\/\/murerpoint.dk\/sv\/#website"},"primaryImageOfPage":{"@id":"https:\/\/murerpoint.dk\/sv\/produkt\/pointmaster-for-indragna-fogar-ditt-nyckelverktyg-for-perfekta-fogar\/#primaryimage"},"image":{"@id":"https:\/\/murerpoint.dk\/sv\/produkt\/pointmaster-for-indragna-fogar-ditt-nyckelverktyg-for-perfekta-fogar\/#primaryimage"},"thumbnailUrl":"https:\/\/murerpoint.dk\/wp-content\/uploads\/2024\/01\/Pointmasterfugetrykker-til-tilbagelagte-fuger-front-page.png","datePublished":"2024-01-19T11:03:30+00:00","dateModified":"2024-09-18T10:41:31+00:00","description":"Optimera ditt fogarbete med Pointmaster fogpress-set fr\u00e5n MurerPoint. Skapa precisa, starka fogar med minimal anstr\u00e4ngning och maximal h\u00e5llbarhet.","breadcrumb":{"@id":"https:\/\/murerpoint.dk\/sv\/produkt\/pointmaster-for-indragna-fogar-ditt-nyckelverktyg-for-perfekta-fogar\/#breadcrumb"},"inLanguage":"sv-SE","potentialAction":[{"@type":"ReadAction","target":["https:\/\/murerpoint.dk\/sv\/produkt\/pointmaster-for-indragna-fogar-ditt-nyckelverktyg-for-perfekta-fogar\/"]}]},{"@type":"ImageObject","inLanguage":"sv-SE","@id":"https:\/\/murerpoint.dk\/sv\/produkt\/pointmaster-for-indragna-fogar-ditt-nyckelverktyg-for-perfekta-fogar\/#primaryimage","url":"https:\/\/murerpoint.dk\/wp-content\/uploads\/2024\/01\/Pointmasterfugetrykker-til-tilbagelagte-fuger-front-page.png","contentUrl":"https:\/\/murerpoint.dk\/wp-content\/uploads\/2024\/01\/Pointmasterfugetrykker-til-tilbagelagte-fuger-front-page.png","width":3024,"height":4032,"caption":"pointmaster fugetrykker bruges til tilbagelagte fuger. kan ogs\u00e5 bruges til udkradsning."},{"@type":"BreadcrumbList","@id":"https:\/\/murerpoint.dk\/sv\/produkt\/pointmaster-for-indragna-fogar-ditt-nyckelverktyg-for-perfekta-fogar\/#breadcrumb","itemListElement":[{"@type":"ListItem","position":1,"name":"Hjem","item":"https:\/\/murerpoint.dk\/sv\/"},{"@type":"ListItem","position":2,"name":"SHOPPEN","item":"https:\/\/murerpoint.dk\/sv\/shoppen\/"},{"@type":"ListItem","position":3,"name":"Pointmaster f\u00f6r Indragna Fogar \u2013 Ditt Nyckelverktyg f\u00f6r Perfekta Fogar!"}]},{"@type":"WebSite","@id":"https:\/\/murerpoint.dk\/sv\/#website","url":"https:\/\/murerpoint.dk\/sv\/","name":"Murerpoint","description":"kvalitets v\u00e6rkt\u00f8j","publisher":{"@id":"https:\/\/murerpoint.dk\/sv\/#organization"},"potentialAction":[{"@type":"SearchAction","target":{"@type":"EntryPoint","urlTemplate":"https:\/\/murerpoint.dk\/sv\/?s={search_term_string}"},"query-input":{"@type":"PropertyValueSpecification","valueRequired":true,"valueName":"search_term_string"}}],"inLanguage":"sv-SE"},{"@type":"Organization","@id":"https:\/\/murerpoint.dk\/sv\/#organization","name":"Murerpoint ApS","url":"https:\/\/murerpoint.dk\/sv\/","logo":{"@type":"ImageObject","inLanguage":"sv-SE","@id":"https:\/\/murerpoint.dk\/sv\/#\/schema\/logo\/image\/","url":"https:\/\/murerpoint.dk\/wp-content\/uploads\/2023\/12\/cropped-Sort-Midt-Roed-Mursten.png","contentUrl":"https:\/\/murerpoint.dk\/wp-content\/uploads\/2023\/12\/cropped-Sort-Midt-Roed-Mursten.png","width":512,"height":512,"caption":"Murerpoint ApS"},"image":{"@id":"https:\/\/murerpoint.dk\/sv\/#\/schema\/logo\/image\/"},"sameAs":["https:\/\/m.facebook.com\/profile.php?id=61555157262134","https:\/\/www.instagram.com\/murerpoint?igsh=azluMWV6cTnc2ts&utm_source=qr","https:\/\/www.tiktok.com\/@murerpoint?is_from_webapp=1&sender_device=pc"]}]},"product_price_amount":"80.16","product_price_currency":"EUR","og_availability":"instock","product_availability":"instock","product_retailer_item_id":"mp0022","product_condition":"new"},"_links":{"self":[{"href":"https:\/\/murerpoint.dk\/sv\/wp-json\/wp\/v2\/product\/1825","targetHints":{"allow":["GET"]}}],"collection":[{"href":"https:\/\/murerpoint.dk\/sv\/wp-json\/wp\/v2\/product"}],"about":[{"href":"https:\/\/murerpoint.dk\/sv\/wp-json\/wp\/v2\/types\/product"}],"replies":[{"embeddable":true,"href":"https:\/\/murerpoint.dk\/sv\/wp-json\/wp\/v2\/comments?post=1825"}],"wp:featuredmedia":[{"embeddable":true,"href":"https:\/\/murerpoint.dk\/sv\/wp-json\/wp\/v2\/media\/675"}],"wp:attachment":[{"href":"https:\/\/murerpoint.dk\/sv\/wp-json\/wp\/v2\/media?parent=1825"}],"wp:term":[{"taxonomy":"product_brand","embeddable":true,"href":"https:\/\/murerpoint.dk\/sv\/wp-json\/wp\/v2\/product_brand?post=1825"},{"taxonomy":"product_cat","embeddable":true,"href":"https:\/\/murerpoint.dk\/sv\/wp-json\/wp\/v2\/product_cat?post=1825"},{"taxonomy":"product_tag","embeddable":true,"href":"https:\/\/murerpoint.dk\/sv\/wp-json\/wp\/v2\/product_tag?post=1825"}],"curies":[{"name":"wp","href":"https:\/\/api.w.org\/{rel}","templated":true}]}}