{"id":1834,"date":"2024-01-18T14:22:31","date_gmt":"2024-01-18T14:22:31","guid":{"rendered":"https:\/\/murerpoint.dk\/product\/murstensfjerner-med-diamantgrit-115mm\/"},"modified":"2024-03-02T17:07:07","modified_gmt":"2024-03-02T17:07:07","slug":"fogfras-murstenfras-for-tegelfogar-med-diamantkorn-115-mm","status":"publish","type":"product","link":"https:\/\/murerpoint.dk\/sv\/produkt\/fogfras-murstenfras-for-tegelfogar-med-diamantkorn-115-mm\/","title":{"rendered":"Fogfr\u00e4s MURSTENFR\u00c4S for tegelfogar med diamantkorn 115 mm"},"content":{"rendered":"<?xml encoding=\"utf-8\" ?><h4><strong>Fogfr&auml;s <\/strong>MURSTENFR&Auml;S <strong>for tegelfogar med diamantkorn 115 mm<\/strong><\/h4><p>Professionell guldpl&auml;terad fogfr&auml;s fr&aring;n MurerPoint.dk<\/p><h5>Diamantbelagd precision:<\/h5><ul>\n<li><em>Diamantkorn: Fogfr&auml;s for tegelfogar <\/em><em>&auml;r belagd med diamantkorn f&ouml;r effektiv och noggrann borttagning av mursten. <\/em><\/li>\n<li><em>Arbetsl&auml;ngd: Med en arbetsl&auml;ngd p&aring; 115 mm, noggrant anpassad f&ouml;r danska mursten.<\/em><\/li>\n<\/ul><h5>H&ouml;g kvalitet och anv&auml;ndbarhet<\/h5><ul>\n<li>Monteras p&aring; vanlig vinkelslip: Enkelt monteras p&aring; en vanlig vinkelslip f&ouml;r &ouml;kad anv&auml;ndbarhet.<\/li>\n<li>G&auml;nga M14: Har g&auml;nga M14 f&ouml;r enkel montering och kompatibilitet.<\/li>\n<\/ul><h5>Skonsamt borttagande och smidig ers&auml;ttning:<\/h5><ul>\n<li>Skonsamt borttagande: Murstenavl&auml;gsnare med diamantkorn 115 mm, tar bort tegelsten utan att skada grannstenen och l&auml;mnar ett j&auml;mnt h&aring;l med fast bredd i fogarna.<\/li>\n<li>Tungstensspets: Utrustad med en tungstensspets f&ouml;r direkt borrning i murverket.<\/li>\n<\/ul><h5>Effektiv anv&auml;ndning:<\/h5><ol>\n<li>Montering och redo att anv&auml;ndas: Enkel montering p&aring; vinkelslipmaskinen och du &auml;r redo att arbeta.<\/li>\n<li>Precision vid borttagning: Arbeta sidledes och f&ouml;r boret fram och tillbaka f&ouml;r precision vid borttagning av tegelstenen.<\/li>\n<li>Skonsam fogl&auml;mning j&auml;mn och j&auml;mn: Underl&auml;ttar smidig infogning av ers&auml;ttningstegelstenar.<\/li>\n<\/ol><p>Murstensfjerner med diamantkorn 115mm &auml;r, som beskrivet, utrustad med en tungstensspets f&ouml;r direkt borrning i murverket. N&auml;r du har passerat genom foglinjen, k&ouml;r sedan sidledes samtidigt som du f&ouml;r boret fram och tillbaka. N&auml;r murstensfjerneren har kommit runt om tegelstenen kan tegelstenen enkelt tas ut.<\/p>\n","protected":false},"excerpt":{"rendered":"<h3>Fogfr\u00e4s MURSTENFR\u00c4S for tegelfogar med diamantkorn 115 mm<\/h3>\n<ul>\n<li>P\u00e5monteras direkt p\u00e5 M14-spindeln p\u00e5 vinkelslipmaskinen.<\/li>\n<li>Arbetsl\u00e4ngd: 115 mm.<\/li>\n<li>Belagd med diamantkorn.<\/li>\n<li>Anv\u00e4nds f\u00f6r att avl\u00e4gsna hela tegelstenar i befintlig murverk.<\/li>\n<\/ul>\n<p>F\u00f6rv\u00e4ntad livsl\u00e4ngd: 10-12 tegelstenar med normal fog. F\u00e4rre med h\u00e5rdare cementfogar.<\/p>\n","protected":false},"featured_media":4312,"comment_status":"open","ping_status":"closed","template":"","meta":[],"product_brand":[],"product_cat":[640],"product_tag":[1963,113,618,3317,1969,6102,2613,6227,6228,2625,115,4025,4023,3552,4021,865,870,871],"class_list":{"0":"post-1834","1":"product","2":"type-product","3":"status-publish","4":"has-post-thumbnail","6":"product_cat-tegelborttagare-sv","7":"product_tag-brickremover-sv","8":"product_tag-byggeri","9":"product_tag-construction-sv-2","10":"product_tag-diamantkorn-sv","11":"product_tag-masonry-sv","12":"product_tag-mauerwerk-sv","13":"product_tag-metselwerk-sv","14":"product_tag-murvaerk-sv","15":"product_tag-murverk-sv","16":"product_tag-professionelleswerkzeug-sv","17":"product_tag-professioneltvaerktoej","18":"product_tag-renovatie-sv","19":"product_tag-renovation-sv","20":"product_tag-renovering-sv","21":"product_tag-renovierung-sv","22":"product_tag-diamant-sv","23":"product_tag-murbruk-sv","24":"product_tag-murstenfraes","26":"first","27":"instock","28":"taxable","29":"shipping-taxable","30":"purchasable","31":"product-type-simple"},"yoast_head":"<!-- This site is optimized with the Yoast SEO plugin v27.5 - https:\/\/yoast.com\/product\/yoast-seo-wordpress\/ -->\n<title>Fogfr\u00e4s MURSTENFR\u00c4S for tegelfogar med diamantkorn 115 mm - Murerpoint ApS<\/title>\n<meta name=\"description\" content=\"Fogfr\u00e4s MURSTENFR\u00c4S for tegelfogar med diamantkorn 115 mm,F\u00f6r att byta ut en skadad sten eller \u00f6ppna upp f\u00f6r ett ventilationsh\u00e5l.\" \/>\n<meta name=\"robots\" content=\"index, follow, max-snippet:-1, max-image-preview:large, max-video-preview:-1\" \/>\n<link rel=\"canonical\" href=\"https:\/\/murerpoint.dk\/sv\/produkt\/fogfras-murstenfras-for-tegelfogar-med-diamantkorn-115-mm\/\" \/>\n<meta property=\"og:locale\" content=\"sv_SE\" \/>\n<meta property=\"og:type\" content=\"article\" \/>\n<meta property=\"og:title\" content=\"Fogfr\u00e4s MURSTENFR\u00c4S for tegelfogar med diamantkorn 115 mm - Murerpoint ApS\" \/>\n<meta property=\"og:description\" content=\"Fogfr\u00e4s MURSTENFR\u00c4S for tegelfogar med diamantkorn 115 mm,F\u00f6r att byta ut en skadad sten eller \u00f6ppna upp f\u00f6r ett ventilationsh\u00e5l.\" \/>\n<meta property=\"og:url\" content=\"https:\/\/murerpoint.dk\/sv\/produkt\/fogfras-murstenfras-for-tegelfogar-med-diamantkorn-115-mm\/\" \/>\n<meta property=\"og:site_name\" content=\"Murerpoint ApS\" \/>\n<meta property=\"article:publisher\" content=\"https:\/\/m.facebook.com\/profile.php?id=61555157262134\" \/>\n<meta property=\"article:modified_time\" content=\"2024-03-02T17:07:07+00:00\" \/>\n<meta property=\"og:image\" content=\"https:\/\/murerpoint.dk\/wp-content\/uploads\/2024\/01\/Murstensfjerner-med-diamantgrit-115mm-front.png\" \/>\n\t<meta property=\"og:image:width\" content=\"3024\" \/>\n\t<meta property=\"og:image:height\" content=\"4032\" \/>\n\t<meta property=\"og:image:type\" content=\"image\/png\" \/>\n<meta name=\"twitter:card\" content=\"summary_large_image\" \/>\n<meta name=\"twitter:label1\" content=\"Pris\" \/>\n\t<meta name=\"twitter:data1\" content=\"&euro;73.78 Pris ekskl. moms: &euro;59.02\" \/>\n\t<meta name=\"twitter:label2\" content=\"Tillg\u00e4nglig\" \/>\n\t<meta name=\"twitter:data2\" content=\"I lager\" \/>\n<script type=\"application\/ld+json\" class=\"yoast-schema-graph\">{\"@context\":\"https:\\\/\\\/schema.org\",\"@graph\":[{\"@type\":\"WebPage\",\"@id\":\"https:\\\/\\\/murerpoint.dk\\\/sv\\\/produkt\\\/fogfras-murstenfras-for-tegelfogar-med-diamantkorn-115-mm\\\/\",\"url\":\"https:\\\/\\\/murerpoint.dk\\\/sv\\\/produkt\\\/fogfras-murstenfras-for-tegelfogar-med-diamantkorn-115-mm\\\/\",\"name\":\"Fogfr\u00e4s MURSTENFR\u00c4S for tegelfogar med diamantkorn 115 mm - Murerpoint ApS\",\"isPartOf\":{\"@id\":\"https:\\\/\\\/murerpoint.dk\\\/sv\\\/#website\"},\"primaryImageOfPage\":{\"@id\":\"https:\\\/\\\/murerpoint.dk\\\/sv\\\/produkt\\\/fogfras-murstenfras-for-tegelfogar-med-diamantkorn-115-mm\\\/#primaryimage\"},\"image\":{\"@id\":\"https:\\\/\\\/murerpoint.dk\\\/sv\\\/produkt\\\/fogfras-murstenfras-for-tegelfogar-med-diamantkorn-115-mm\\\/#primaryimage\"},\"thumbnailUrl\":\"https:\\\/\\\/murerpoint.dk\\\/wp-content\\\/uploads\\\/2024\\\/01\\\/IMG_6317.jpeg\",\"datePublished\":\"2024-01-18T14:22:31+00:00\",\"dateModified\":\"2024-03-02T17:07:07+00:00\",\"description\":\"Fogfr\u00e4s MURSTENFR\u00c4S for tegelfogar med diamantkorn 115 mm,F\u00f6r att byta ut en skadad sten eller \u00f6ppna upp f\u00f6r ett ventilationsh\u00e5l.\",\"breadcrumb\":{\"@id\":\"https:\\\/\\\/murerpoint.dk\\\/sv\\\/produkt\\\/fogfras-murstenfras-for-tegelfogar-med-diamantkorn-115-mm\\\/#breadcrumb\"},\"inLanguage\":\"sv-SE\",\"potentialAction\":[{\"@type\":\"ReadAction\",\"target\":[\"https:\\\/\\\/murerpoint.dk\\\/sv\\\/produkt\\\/fogfras-murstenfras-for-tegelfogar-med-diamantkorn-115-mm\\\/\"]}]},{\"@type\":\"ImageObject\",\"inLanguage\":\"sv-SE\",\"@id\":\"https:\\\/\\\/murerpoint.dk\\\/sv\\\/produkt\\\/fogfras-murstenfras-for-tegelfogar-med-diamantkorn-115-mm\\\/#primaryimage\",\"url\":\"https:\\\/\\\/murerpoint.dk\\\/wp-content\\\/uploads\\\/2024\\\/01\\\/IMG_6317.jpeg\",\"contentUrl\":\"https:\\\/\\\/murerpoint.dk\\\/wp-content\\\/uploads\\\/2024\\\/01\\\/IMG_6317.jpeg\",\"width\":433,\"height\":577,\"caption\":\"Murstensfjerner med diamantgritt 115mm, Diamond lon raker for brick removal standing\"},{\"@type\":\"BreadcrumbList\",\"@id\":\"https:\\\/\\\/murerpoint.dk\\\/sv\\\/produkt\\\/fogfras-murstenfras-for-tegelfogar-med-diamantkorn-115-mm\\\/#breadcrumb\",\"itemListElement\":[{\"@type\":\"ListItem\",\"position\":1,\"name\":\"Hjem\",\"item\":\"https:\\\/\\\/murerpoint.dk\\\/sv\\\/\"},{\"@type\":\"ListItem\",\"position\":2,\"name\":\"SHOPPEN\",\"item\":\"https:\\\/\\\/murerpoint.dk\\\/sv\\\/shoppen\\\/\"},{\"@type\":\"ListItem\",\"position\":3,\"name\":\"Fogfr\u00e4s MURSTENFR\u00c4S for tegelfogar med diamantkorn 115 mm\"}]},{\"@type\":\"WebSite\",\"@id\":\"https:\\\/\\\/murerpoint.dk\\\/sv\\\/#website\",\"url\":\"https:\\\/\\\/murerpoint.dk\\\/sv\\\/\",\"name\":\"Murerpoint\",\"description\":\"kvalitets v\u00e6rkt\u00f8j\",\"publisher\":{\"@id\":\"https:\\\/\\\/murerpoint.dk\\\/sv\\\/#organization\"},\"potentialAction\":[{\"@type\":\"SearchAction\",\"target\":{\"@type\":\"EntryPoint\",\"urlTemplate\":\"https:\\\/\\\/murerpoint.dk\\\/sv\\\/?s={search_term_string}\"},\"query-input\":{\"@type\":\"PropertyValueSpecification\",\"valueRequired\":true,\"valueName\":\"search_term_string\"}}],\"inLanguage\":\"sv-SE\"},{\"@type\":\"Organization\",\"@id\":\"https:\\\/\\\/murerpoint.dk\\\/sv\\\/#organization\",\"name\":\"Murerpoint ApS\",\"url\":\"https:\\\/\\\/murerpoint.dk\\\/sv\\\/\",\"logo\":{\"@type\":\"ImageObject\",\"inLanguage\":\"sv-SE\",\"@id\":\"https:\\\/\\\/murerpoint.dk\\\/sv\\\/#\\\/schema\\\/logo\\\/image\\\/\",\"url\":\"https:\\\/\\\/murerpoint.dk\\\/wp-content\\\/uploads\\\/2023\\\/12\\\/cropped-Sort-Midt-Roed-Mursten.png\",\"contentUrl\":\"https:\\\/\\\/murerpoint.dk\\\/wp-content\\\/uploads\\\/2023\\\/12\\\/cropped-Sort-Midt-Roed-Mursten.png\",\"width\":512,\"height\":512,\"caption\":\"Murerpoint ApS\"},\"image\":{\"@id\":\"https:\\\/\\\/murerpoint.dk\\\/sv\\\/#\\\/schema\\\/logo\\\/image\\\/\"},\"sameAs\":[\"https:\\\/\\\/m.facebook.com\\\/profile.php?id=61555157262134\",\"https:\\\/\\\/www.instagram.com\\\/murerpoint?igsh=azluMWV6cTnc2ts&utm_source=qr\",\"https:\\\/\\\/www.tiktok.com\\\/@murerpoint?is_from_webapp=1&sender_device=pc\"]}]}<\/script>\n<meta property=\"product:price:amount\" content=\"73.78\" \/>\n<meta property=\"product:price:currency\" content=\"EUR\" \/>\n<meta property=\"og:availability\" content=\"instock\" \/>\n<meta property=\"product:availability\" content=\"instock\" \/>\n<meta property=\"product:retailer_item_id\" content=\"mp0010\" \/>\n<meta property=\"product:condition\" content=\"new\" \/>\n<!-- \/ Yoast SEO plugin. -->","yoast_head_json":{"title":"Fogfr\u00e4s MURSTENFR\u00c4S for tegelfogar med diamantkorn 115 mm - Murerpoint ApS","description":"Fogfr\u00e4s MURSTENFR\u00c4S for tegelfogar med diamantkorn 115 mm,F\u00f6r att byta ut en skadad sten eller \u00f6ppna upp f\u00f6r ett ventilationsh\u00e5l.","robots":{"index":"index","follow":"follow","max-snippet":"max-snippet:-1","max-image-preview":"max-image-preview:large","max-video-preview":"max-video-preview:-1"},"canonical":"https:\/\/murerpoint.dk\/sv\/produkt\/fogfras-murstenfras-for-tegelfogar-med-diamantkorn-115-mm\/","og_locale":"sv_SE","og_type":"article","og_title":"Fogfr\u00e4s MURSTENFR\u00c4S for tegelfogar med diamantkorn 115 mm - Murerpoint ApS","og_description":"Fogfr\u00e4s MURSTENFR\u00c4S for tegelfogar med diamantkorn 115 mm,F\u00f6r att byta ut en skadad sten eller \u00f6ppna upp f\u00f6r ett ventilationsh\u00e5l.","og_url":"https:\/\/murerpoint.dk\/sv\/produkt\/fogfras-murstenfras-for-tegelfogar-med-diamantkorn-115-mm\/","og_site_name":"Murerpoint ApS","article_publisher":"https:\/\/m.facebook.com\/profile.php?id=61555157262134","article_modified_time":"2024-03-02T17:07:07+00:00","og_image":[{"width":3024,"height":4032,"url":"https:\/\/murerpoint.dk\/wp-content\/uploads\/2024\/01\/Murstensfjerner-med-diamantgrit-115mm-front.png","type":"image\/png"}],"twitter_card":"summary_large_image","twitter_misc":{"Pris":"&euro;73.78 Pris ekskl. moms: &euro;59.02","Tillg\u00e4nglig":"I lager"},"schema":{"@context":"https:\/\/schema.org","@graph":[{"@type":"WebPage","@id":"https:\/\/murerpoint.dk\/sv\/produkt\/fogfras-murstenfras-for-tegelfogar-med-diamantkorn-115-mm\/","url":"https:\/\/murerpoint.dk\/sv\/produkt\/fogfras-murstenfras-for-tegelfogar-med-diamantkorn-115-mm\/","name":"Fogfr\u00e4s MURSTENFR\u00c4S for tegelfogar med diamantkorn 115 mm - Murerpoint ApS","isPartOf":{"@id":"https:\/\/murerpoint.dk\/sv\/#website"},"primaryImageOfPage":{"@id":"https:\/\/murerpoint.dk\/sv\/produkt\/fogfras-murstenfras-for-tegelfogar-med-diamantkorn-115-mm\/#primaryimage"},"image":{"@id":"https:\/\/murerpoint.dk\/sv\/produkt\/fogfras-murstenfras-for-tegelfogar-med-diamantkorn-115-mm\/#primaryimage"},"thumbnailUrl":"https:\/\/murerpoint.dk\/wp-content\/uploads\/2024\/01\/IMG_6317.jpeg","datePublished":"2024-01-18T14:22:31+00:00","dateModified":"2024-03-02T17:07:07+00:00","description":"Fogfr\u00e4s MURSTENFR\u00c4S for tegelfogar med diamantkorn 115 mm,F\u00f6r att byta ut en skadad sten eller \u00f6ppna upp f\u00f6r ett ventilationsh\u00e5l.","breadcrumb":{"@id":"https:\/\/murerpoint.dk\/sv\/produkt\/fogfras-murstenfras-for-tegelfogar-med-diamantkorn-115-mm\/#breadcrumb"},"inLanguage":"sv-SE","potentialAction":[{"@type":"ReadAction","target":["https:\/\/murerpoint.dk\/sv\/produkt\/fogfras-murstenfras-for-tegelfogar-med-diamantkorn-115-mm\/"]}]},{"@type":"ImageObject","inLanguage":"sv-SE","@id":"https:\/\/murerpoint.dk\/sv\/produkt\/fogfras-murstenfras-for-tegelfogar-med-diamantkorn-115-mm\/#primaryimage","url":"https:\/\/murerpoint.dk\/wp-content\/uploads\/2024\/01\/IMG_6317.jpeg","contentUrl":"https:\/\/murerpoint.dk\/wp-content\/uploads\/2024\/01\/IMG_6317.jpeg","width":433,"height":577,"caption":"Murstensfjerner med diamantgritt 115mm, Diamond lon raker for brick removal standing"},{"@type":"BreadcrumbList","@id":"https:\/\/murerpoint.dk\/sv\/produkt\/fogfras-murstenfras-for-tegelfogar-med-diamantkorn-115-mm\/#breadcrumb","itemListElement":[{"@type":"ListItem","position":1,"name":"Hjem","item":"https:\/\/murerpoint.dk\/sv\/"},{"@type":"ListItem","position":2,"name":"SHOPPEN","item":"https:\/\/murerpoint.dk\/sv\/shoppen\/"},{"@type":"ListItem","position":3,"name":"Fogfr\u00e4s MURSTENFR\u00c4S for tegelfogar med diamantkorn 115 mm"}]},{"@type":"WebSite","@id":"https:\/\/murerpoint.dk\/sv\/#website","url":"https:\/\/murerpoint.dk\/sv\/","name":"Murerpoint","description":"kvalitets v\u00e6rkt\u00f8j","publisher":{"@id":"https:\/\/murerpoint.dk\/sv\/#organization"},"potentialAction":[{"@type":"SearchAction","target":{"@type":"EntryPoint","urlTemplate":"https:\/\/murerpoint.dk\/sv\/?s={search_term_string}"},"query-input":{"@type":"PropertyValueSpecification","valueRequired":true,"valueName":"search_term_string"}}],"inLanguage":"sv-SE"},{"@type":"Organization","@id":"https:\/\/murerpoint.dk\/sv\/#organization","name":"Murerpoint ApS","url":"https:\/\/murerpoint.dk\/sv\/","logo":{"@type":"ImageObject","inLanguage":"sv-SE","@id":"https:\/\/murerpoint.dk\/sv\/#\/schema\/logo\/image\/","url":"https:\/\/murerpoint.dk\/wp-content\/uploads\/2023\/12\/cropped-Sort-Midt-Roed-Mursten.png","contentUrl":"https:\/\/murerpoint.dk\/wp-content\/uploads\/2023\/12\/cropped-Sort-Midt-Roed-Mursten.png","width":512,"height":512,"caption":"Murerpoint ApS"},"image":{"@id":"https:\/\/murerpoint.dk\/sv\/#\/schema\/logo\/image\/"},"sameAs":["https:\/\/m.facebook.com\/profile.php?id=61555157262134","https:\/\/www.instagram.com\/murerpoint?igsh=azluMWV6cTnc2ts&utm_source=qr","https:\/\/www.tiktok.com\/@murerpoint?is_from_webapp=1&sender_device=pc"]}]},"product_price_amount":"73.78","product_price_currency":"EUR","og_availability":"instock","product_availability":"instock","product_retailer_item_id":"mp0010","product_condition":"new"},"_links":{"self":[{"href":"https:\/\/murerpoint.dk\/sv\/wp-json\/wp\/v2\/product\/1834","targetHints":{"allow":["GET"]}}],"collection":[{"href":"https:\/\/murerpoint.dk\/sv\/wp-json\/wp\/v2\/product"}],"about":[{"href":"https:\/\/murerpoint.dk\/sv\/wp-json\/wp\/v2\/types\/product"}],"replies":[{"embeddable":true,"href":"https:\/\/murerpoint.dk\/sv\/wp-json\/wp\/v2\/comments?post=1834"}],"wp:featuredmedia":[{"embeddable":true,"href":"https:\/\/murerpoint.dk\/sv\/wp-json\/wp\/v2\/media\/4312"}],"wp:attachment":[{"href":"https:\/\/murerpoint.dk\/sv\/wp-json\/wp\/v2\/media?parent=1834"}],"wp:term":[{"taxonomy":"product_brand","embeddable":true,"href":"https:\/\/murerpoint.dk\/sv\/wp-json\/wp\/v2\/product_brand?post=1834"},{"taxonomy":"product_cat","embeddable":true,"href":"https:\/\/murerpoint.dk\/sv\/wp-json\/wp\/v2\/product_cat?post=1834"},{"taxonomy":"product_tag","embeddable":true,"href":"https:\/\/murerpoint.dk\/sv\/wp-json\/wp\/v2\/product_tag?post=1834"}],"curies":[{"name":"wp","href":"https:\/\/api.w.org\/{rel}","templated":true}]}}