{"id":1920,"date":"2024-01-12T10:54:33","date_gmt":"2024-01-12T10:54:33","guid":{"rendered":"https:\/\/murerpoint.dk\/product\/fugefraeser-unit-z4-med-4-skaer\/"},"modified":"2024-03-06T11:15:22","modified_gmt":"2024-03-06T11:15:22","slug":"fogfrasar-unit-z4-med-4-skar","status":"publish","type":"product","link":"https:\/\/murerpoint.dk\/sv\/produkt\/fogfrasar-unit-z4-med-4-skar\/","title":{"rendered":"Fogfr\u00e4sar Unit Z4 med 4 sk\u00e4r"},"content":{"rendered":"<?xml encoding=\"utf-8\" ?><h2>Fogfr&auml;sar Unit Z4 med 4 sk&auml;r &ndash; P&aring;monteras p&aring; vinkelslipmaskin<\/h2><h5>Fogfr&auml;sar Unit Z4 med 4 sk&auml;r:<\/h5><p>Effektiv borttagning av murbruk i cement- och kalkhydrauliska fogar. Kan monteras direkt p&aring; vinkelslipmaskiner eller borrmaskiner. Utbytbara fogfr&auml;serenheter med h&aring;rdmetallsk&auml;r, monteras direkt p&aring; M14-spindel. Danskt kvalitetsverktyg f&ouml;r professionell prestanda.<\/p><p><strong>SPECIFIKATIONER:<\/strong><\/p><ul>\n<li>Diameter: 8, 10 och 12 mm<\/li>\n<li>Antal h&aring;rdmetallsk&auml;r: 4 (Z4)<\/li>\n<li>L&auml;ngd p&aring; h&aring;rdmetallsk&auml;r: 26 mm<\/li>\n<li>M14-g&auml;nga f&ouml;r direkt montering p&aring; vinkelslipmaskin<\/li>\n<li>Total l&auml;ngd inklusive M14-adapter: 70 mm<\/li>\n<\/ul><p>Anv&auml;nd i huvudsak en fogfr&auml;ser med 26 mm sk&auml;r f&ouml;r vanlig omfogning. Endast i speciella fall kan det vara n&ouml;dv&auml;ndigt att g&aring; djupare in.<\/p><p>Det kan finnas m&aring;nga sk&auml;l till att fogar beh&ouml;ver renoveras genom fogskrapning\/fogfr&auml;sning. Under m&aring;nga &aring;r p&aring;verkar sol och regn fogarna. Murbin kan urholka slitna murbruk och p&aring;skynda nedbrytningsprocessen. Frostsprickor vid fuktigt murverk kan skada murbruk och tegelstenar. Andra orsaker kan vara s&auml;ttningsrevor, spruckna tegelstenar eller sprickor i fogar, vanligtvis runt mur&auml;ndringar, f&ouml;nster och d&ouml;rrar eller trappor.<\/p><h5>Vilka skador p&aring; fogarna b&ouml;r du leta efter?<\/h5><p>Du bed&ouml;mer enkelt fogarnas skick genom att g&aring; runt ditt hus och titta p&aring; murningen.<\/p><ul>\n<li>&Auml;r fogarna mellan tegelstenarna hela?<\/li>\n<li>Fyller fogarna fortfarande utrymmet mellan tegelstenarna?<\/li>\n<li>&Auml;r ytan p&aring; fogarna intakt och utan st&ouml;rre avflagringar?<\/li>\n<li>Finns det h&aring;l efter murbin?<\/li>\n<li>Finns det st&auml;llen d&auml;r fogarna saknas helt?<\/li>\n<li>Finns det sprickor i fogar eller tegelstenar?<\/li>\n<li>Finns det sprickor &ouml;ver f&ouml;nster och d&ouml;rrar eller vid takfot och utskjutande delar?<\/li>\n<li>Finns det frostspr&auml;ckta tegelstenar?<\/li>\n<\/ul><p>Dessa utbytbara fogfr&auml;ser Unit med h&aring;rdmetallsk&auml;r monteras direkt p&aring; M14-spindel. Fogfr&auml;serenhet med 4 sk&auml;r ger betydligt snabbare borttagning j&auml;mf&ouml;rt med en unit med 3 sk&auml;r, och vinkelslipmaskinen vibrerar mindre och upplevs som lugnare vid anv&auml;ndning. Dessutom kommer du med 4 sk&auml;r att uppn&aring; en l&auml;ngre livsl&auml;ngd, s&auml;rskilt i n&aring;got h&aring;rdare fogar.<\/p>\n","protected":false},"excerpt":{"rendered":"<h3>Fogfr\u00e4sar Unit Z4 med 4 sk\u00e4r<\/h3>\n<p>Anv\u00e4nds f\u00f6r kalkm\u00f6rtlade fogar med lite till m\u00e5ttligt cementinneh\u00e5ll eller i hydrauliska m\u00f6rtelfogar.<\/p>\n<p><strong>SPECIFIKATIONER:<\/strong><\/p>\n<ul>\n<li>Diameter: 8, 10 och 12 mm<\/li>\n<li>Antal h\u00e5rdmetallsk\u00e4r: 4 (Z4)<\/li>\n<li>L\u00e4ngd p\u00e5 h\u00e5rdmetallsk\u00e4r: 26 mm<\/li>\n<li>M14-g\u00e4nga f\u00f6r direkt montering p\u00e5 vinkelslipmaskin<\/li>\n<li>Total l\u00e4ngd inklusive M14-adapter: 70 mm<\/li>\n<\/ul>\n<p><img decoding=\"async\" class=\"size-full wp-image-162\" src=\"https:\/\/murerpoint.dk\/wp-content\/uploads\/2024\/01\/4-skaer-fugefraeser-unit-total-laengde.webp\" alt=\"\" width=\"295\" height=\"78\" \/><\/p>\n","protected":false},"featured_media":186,"comment_status":"open","ping_status":"closed","template":"","meta":[],"product_brand":[],"product_cat":[636,625],"product_tag":[569,1021,852,2640],"class_list":{"0":"post-1920","1":"product","2":"type-product","3":"status-publish","4":"has-post-thumbnail","6":"product_cat-murfogfras","7":"product_cat-murfogfras-inkl-adapter","8":"product_tag-fugefraeser-sv","9":"product_tag-fugefraeserstift-sv","10":"product_tag-fugefraeserunit-sv","11":"product_tag-googleads-sv","12":"pa_z4-10mm-sv-2","13":"pa_z4-12mm-sv","14":"pa_z4-8mm-sv","16":"first","17":"instock","18":"taxable","19":"shipping-taxable","20":"purchasable","21":"product-type-variable"},"yoast_head":"<!-- This site is optimized with the Yoast SEO plugin v27.5 - https:\/\/yoast.com\/product\/yoast-seo-wordpress\/ -->\n<title>Fogfr\u00e4sar Unit Z4 med 4 sk\u00e4r - Murerpoint ApS<\/title>\n<meta name=\"description\" content=\"Fogfr\u00e4sar Unit Z4 med 4 sk\u00e4r i h\u00e5rdmetall. Effektiv f\u00f6r renovering av kalkm\u00f6rtlade fogar. Kom ih\u00e5g att v\u00e4lja r\u00e4tt diameter, anv\u00e4nd den f\u00f6r vanlig omfogning.\" \/>\n<meta name=\"robots\" content=\"index, follow, max-snippet:-1, max-image-preview:large, max-video-preview:-1\" \/>\n<link rel=\"canonical\" href=\"https:\/\/murerpoint.dk\/sv\/produkt\/fogfrasar-unit-z4-med-4-skar\/\" \/>\n<meta property=\"og:locale\" content=\"sv_SE\" \/>\n<meta property=\"og:type\" content=\"article\" \/>\n<meta property=\"og:title\" content=\"Fogfr\u00e4sar Unit Z4 med 4 sk\u00e4r - Murerpoint ApS\" \/>\n<meta property=\"og:description\" content=\"Fogfr\u00e4sar Unit Z4 med 4 sk\u00e4r i h\u00e5rdmetall. Effektiv f\u00f6r renovering av kalkm\u00f6rtlade fogar. Kom ih\u00e5g att v\u00e4lja r\u00e4tt diameter, anv\u00e4nd den f\u00f6r vanlig omfogning.\" \/>\n<meta property=\"og:url\" content=\"https:\/\/murerpoint.dk\/sv\/produkt\/fogfrasar-unit-z4-med-4-skar\/\" \/>\n<meta property=\"og:site_name\" content=\"Murerpoint ApS\" \/>\n<meta property=\"article:publisher\" content=\"https:\/\/m.facebook.com\/profile.php?id=61555157262134\" \/>\n<meta property=\"article:modified_time\" content=\"2024-03-06T11:15:22+00:00\" \/>\n<meta property=\"og:image\" content=\"https:\/\/murerpoint.dk\/wp-content\/uploads\/2024\/01\/Z4-Forbillede.png\" \/>\n\t<meta property=\"og:image:width\" content=\"433\" \/>\n\t<meta property=\"og:image:height\" content=\"577\" \/>\n\t<meta property=\"og:image:type\" content=\"image\/png\" \/>\n<meta name=\"twitter:card\" content=\"summary_large_image\" \/>\n<meta name=\"twitter:label1\" content=\"Tillg\u00e4nglig\" \/>\n\t<meta name=\"twitter:data1\" content=\"I lager\" \/>\n<script type=\"application\/ld+json\" class=\"yoast-schema-graph\">{\"@context\":\"https:\\\/\\\/schema.org\",\"@graph\":[{\"@type\":\"WebPage\",\"@id\":\"https:\\\/\\\/murerpoint.dk\\\/sv\\\/produkt\\\/fogfrasar-unit-z4-med-4-skar\\\/\",\"url\":\"https:\\\/\\\/murerpoint.dk\\\/sv\\\/produkt\\\/fogfrasar-unit-z4-med-4-skar\\\/\",\"name\":\"Fogfr\u00e4sar Unit Z4 med 4 sk\u00e4r - Murerpoint ApS\",\"isPartOf\":{\"@id\":\"https:\\\/\\\/murerpoint.dk\\\/sv\\\/#website\"},\"primaryImageOfPage\":{\"@id\":\"https:\\\/\\\/murerpoint.dk\\\/sv\\\/produkt\\\/fogfrasar-unit-z4-med-4-skar\\\/#primaryimage\"},\"image\":{\"@id\":\"https:\\\/\\\/murerpoint.dk\\\/sv\\\/produkt\\\/fogfrasar-unit-z4-med-4-skar\\\/#primaryimage\"},\"thumbnailUrl\":\"https:\\\/\\\/murerpoint.dk\\\/wp-content\\\/uploads\\\/2024\\\/01\\\/Z4-Forbillede.png\",\"datePublished\":\"2024-01-12T10:54:33+00:00\",\"dateModified\":\"2024-03-06T11:15:22+00:00\",\"description\":\"Fogfr\u00e4sar Unit Z4 med 4 sk\u00e4r i h\u00e5rdmetall. Effektiv f\u00f6r renovering av kalkm\u00f6rtlade fogar. Kom ih\u00e5g att v\u00e4lja r\u00e4tt diameter, anv\u00e4nd den f\u00f6r vanlig omfogning.\",\"breadcrumb\":{\"@id\":\"https:\\\/\\\/murerpoint.dk\\\/sv\\\/produkt\\\/fogfrasar-unit-z4-med-4-skar\\\/#breadcrumb\"},\"inLanguage\":\"sv-SE\",\"potentialAction\":[{\"@type\":\"ReadAction\",\"target\":[\"https:\\\/\\\/murerpoint.dk\\\/sv\\\/produkt\\\/fogfrasar-unit-z4-med-4-skar\\\/\"]}]},{\"@type\":\"ImageObject\",\"inLanguage\":\"sv-SE\",\"@id\":\"https:\\\/\\\/murerpoint.dk\\\/sv\\\/produkt\\\/fogfrasar-unit-z4-med-4-skar\\\/#primaryimage\",\"url\":\"https:\\\/\\\/murerpoint.dk\\\/wp-content\\\/uploads\\\/2024\\\/01\\\/Z4-Forbillede.png\",\"contentUrl\":\"https:\\\/\\\/murerpoint.dk\\\/wp-content\\\/uploads\\\/2024\\\/01\\\/Z4-Forbillede.png\",\"width\":433,\"height\":577,\"caption\":\"4 sk\u00e6rs fugefr\u00e6serunit (z4)\"},{\"@type\":\"BreadcrumbList\",\"@id\":\"https:\\\/\\\/murerpoint.dk\\\/sv\\\/produkt\\\/fogfrasar-unit-z4-med-4-skar\\\/#breadcrumb\",\"itemListElement\":[{\"@type\":\"ListItem\",\"position\":1,\"name\":\"Hjem\",\"item\":\"https:\\\/\\\/murerpoint.dk\\\/sv\\\/\"},{\"@type\":\"ListItem\",\"position\":2,\"name\":\"SHOPPEN\",\"item\":\"https:\\\/\\\/murerpoint.dk\\\/sv\\\/shoppen\\\/\"},{\"@type\":\"ListItem\",\"position\":3,\"name\":\"Fogfr\u00e4sar Unit Z4 med 4 sk\u00e4r\"}]},{\"@type\":\"WebSite\",\"@id\":\"https:\\\/\\\/murerpoint.dk\\\/sv\\\/#website\",\"url\":\"https:\\\/\\\/murerpoint.dk\\\/sv\\\/\",\"name\":\"Murerpoint\",\"description\":\"kvalitets v\u00e6rkt\u00f8j\",\"publisher\":{\"@id\":\"https:\\\/\\\/murerpoint.dk\\\/sv\\\/#organization\"},\"potentialAction\":[{\"@type\":\"SearchAction\",\"target\":{\"@type\":\"EntryPoint\",\"urlTemplate\":\"https:\\\/\\\/murerpoint.dk\\\/sv\\\/?s={search_term_string}\"},\"query-input\":{\"@type\":\"PropertyValueSpecification\",\"valueRequired\":true,\"valueName\":\"search_term_string\"}}],\"inLanguage\":\"sv-SE\"},{\"@type\":\"Organization\",\"@id\":\"https:\\\/\\\/murerpoint.dk\\\/sv\\\/#organization\",\"name\":\"Murerpoint ApS\",\"url\":\"https:\\\/\\\/murerpoint.dk\\\/sv\\\/\",\"logo\":{\"@type\":\"ImageObject\",\"inLanguage\":\"sv-SE\",\"@id\":\"https:\\\/\\\/murerpoint.dk\\\/sv\\\/#\\\/schema\\\/logo\\\/image\\\/\",\"url\":\"https:\\\/\\\/murerpoint.dk\\\/wp-content\\\/uploads\\\/2023\\\/12\\\/cropped-Sort-Midt-Roed-Mursten.png\",\"contentUrl\":\"https:\\\/\\\/murerpoint.dk\\\/wp-content\\\/uploads\\\/2023\\\/12\\\/cropped-Sort-Midt-Roed-Mursten.png\",\"width\":512,\"height\":512,\"caption\":\"Murerpoint ApS\"},\"image\":{\"@id\":\"https:\\\/\\\/murerpoint.dk\\\/sv\\\/#\\\/schema\\\/logo\\\/image\\\/\"},\"sameAs\":[\"https:\\\/\\\/m.facebook.com\\\/profile.php?id=61555157262134\",\"https:\\\/\\\/www.instagram.com\\\/murerpoint?igsh=azluMWV6cTnc2ts&utm_source=qr\",\"https:\\\/\\\/www.tiktok.com\\\/@murerpoint?is_from_webapp=1&sender_device=pc\"]}]}<\/script>\n<meta property=\"og:availability\" content=\"instock\" \/>\n<meta property=\"product:availability\" content=\"instock\" \/>\n<meta property=\"product:retailer_item_id\" content=\"mp0009\" \/>\n<meta property=\"product:condition\" content=\"new\" \/>\n<!-- \/ Yoast SEO plugin. -->","yoast_head_json":{"title":"Fogfr\u00e4sar Unit Z4 med 4 sk\u00e4r - Murerpoint ApS","description":"Fogfr\u00e4sar Unit Z4 med 4 sk\u00e4r i h\u00e5rdmetall. Effektiv f\u00f6r renovering av kalkm\u00f6rtlade fogar. Kom ih\u00e5g att v\u00e4lja r\u00e4tt diameter, anv\u00e4nd den f\u00f6r vanlig omfogning.","robots":{"index":"index","follow":"follow","max-snippet":"max-snippet:-1","max-image-preview":"max-image-preview:large","max-video-preview":"max-video-preview:-1"},"canonical":"https:\/\/murerpoint.dk\/sv\/produkt\/fogfrasar-unit-z4-med-4-skar\/","og_locale":"sv_SE","og_type":"article","og_title":"Fogfr\u00e4sar Unit Z4 med 4 sk\u00e4r - Murerpoint ApS","og_description":"Fogfr\u00e4sar Unit Z4 med 4 sk\u00e4r i h\u00e5rdmetall. Effektiv f\u00f6r renovering av kalkm\u00f6rtlade fogar. Kom ih\u00e5g att v\u00e4lja r\u00e4tt diameter, anv\u00e4nd den f\u00f6r vanlig omfogning.","og_url":"https:\/\/murerpoint.dk\/sv\/produkt\/fogfrasar-unit-z4-med-4-skar\/","og_site_name":"Murerpoint ApS","article_publisher":"https:\/\/m.facebook.com\/profile.php?id=61555157262134","article_modified_time":"2024-03-06T11:15:22+00:00","og_image":[{"width":433,"height":577,"url":"https:\/\/murerpoint.dk\/wp-content\/uploads\/2024\/01\/Z4-Forbillede.png","type":"image\/png"}],"twitter_card":"summary_large_image","twitter_misc":{"Tillg\u00e4nglig":"I lager"},"schema":{"@context":"https:\/\/schema.org","@graph":[{"@type":"WebPage","@id":"https:\/\/murerpoint.dk\/sv\/produkt\/fogfrasar-unit-z4-med-4-skar\/","url":"https:\/\/murerpoint.dk\/sv\/produkt\/fogfrasar-unit-z4-med-4-skar\/","name":"Fogfr\u00e4sar Unit Z4 med 4 sk\u00e4r - Murerpoint ApS","isPartOf":{"@id":"https:\/\/murerpoint.dk\/sv\/#website"},"primaryImageOfPage":{"@id":"https:\/\/murerpoint.dk\/sv\/produkt\/fogfrasar-unit-z4-med-4-skar\/#primaryimage"},"image":{"@id":"https:\/\/murerpoint.dk\/sv\/produkt\/fogfrasar-unit-z4-med-4-skar\/#primaryimage"},"thumbnailUrl":"https:\/\/murerpoint.dk\/wp-content\/uploads\/2024\/01\/Z4-Forbillede.png","datePublished":"2024-01-12T10:54:33+00:00","dateModified":"2024-03-06T11:15:22+00:00","description":"Fogfr\u00e4sar Unit Z4 med 4 sk\u00e4r i h\u00e5rdmetall. Effektiv f\u00f6r renovering av kalkm\u00f6rtlade fogar. Kom ih\u00e5g att v\u00e4lja r\u00e4tt diameter, anv\u00e4nd den f\u00f6r vanlig omfogning.","breadcrumb":{"@id":"https:\/\/murerpoint.dk\/sv\/produkt\/fogfrasar-unit-z4-med-4-skar\/#breadcrumb"},"inLanguage":"sv-SE","potentialAction":[{"@type":"ReadAction","target":["https:\/\/murerpoint.dk\/sv\/produkt\/fogfrasar-unit-z4-med-4-skar\/"]}]},{"@type":"ImageObject","inLanguage":"sv-SE","@id":"https:\/\/murerpoint.dk\/sv\/produkt\/fogfrasar-unit-z4-med-4-skar\/#primaryimage","url":"https:\/\/murerpoint.dk\/wp-content\/uploads\/2024\/01\/Z4-Forbillede.png","contentUrl":"https:\/\/murerpoint.dk\/wp-content\/uploads\/2024\/01\/Z4-Forbillede.png","width":433,"height":577,"caption":"4 sk\u00e6rs fugefr\u00e6serunit (z4)"},{"@type":"BreadcrumbList","@id":"https:\/\/murerpoint.dk\/sv\/produkt\/fogfrasar-unit-z4-med-4-skar\/#breadcrumb","itemListElement":[{"@type":"ListItem","position":1,"name":"Hjem","item":"https:\/\/murerpoint.dk\/sv\/"},{"@type":"ListItem","position":2,"name":"SHOPPEN","item":"https:\/\/murerpoint.dk\/sv\/shoppen\/"},{"@type":"ListItem","position":3,"name":"Fogfr\u00e4sar Unit Z4 med 4 sk\u00e4r"}]},{"@type":"WebSite","@id":"https:\/\/murerpoint.dk\/sv\/#website","url":"https:\/\/murerpoint.dk\/sv\/","name":"Murerpoint","description":"kvalitets v\u00e6rkt\u00f8j","publisher":{"@id":"https:\/\/murerpoint.dk\/sv\/#organization"},"potentialAction":[{"@type":"SearchAction","target":{"@type":"EntryPoint","urlTemplate":"https:\/\/murerpoint.dk\/sv\/?s={search_term_string}"},"query-input":{"@type":"PropertyValueSpecification","valueRequired":true,"valueName":"search_term_string"}}],"inLanguage":"sv-SE"},{"@type":"Organization","@id":"https:\/\/murerpoint.dk\/sv\/#organization","name":"Murerpoint ApS","url":"https:\/\/murerpoint.dk\/sv\/","logo":{"@type":"ImageObject","inLanguage":"sv-SE","@id":"https:\/\/murerpoint.dk\/sv\/#\/schema\/logo\/image\/","url":"https:\/\/murerpoint.dk\/wp-content\/uploads\/2023\/12\/cropped-Sort-Midt-Roed-Mursten.png","contentUrl":"https:\/\/murerpoint.dk\/wp-content\/uploads\/2023\/12\/cropped-Sort-Midt-Roed-Mursten.png","width":512,"height":512,"caption":"Murerpoint ApS"},"image":{"@id":"https:\/\/murerpoint.dk\/sv\/#\/schema\/logo\/image\/"},"sameAs":["https:\/\/m.facebook.com\/profile.php?id=61555157262134","https:\/\/www.instagram.com\/murerpoint?igsh=azluMWV6cTnc2ts&utm_source=qr","https:\/\/www.tiktok.com\/@murerpoint?is_from_webapp=1&sender_device=pc"]}]},"og_availability":"instock","product_availability":"instock","product_retailer_item_id":"mp0009","product_condition":"new"},"_links":{"self":[{"href":"https:\/\/murerpoint.dk\/sv\/wp-json\/wp\/v2\/product\/1920","targetHints":{"allow":["GET"]}}],"collection":[{"href":"https:\/\/murerpoint.dk\/sv\/wp-json\/wp\/v2\/product"}],"about":[{"href":"https:\/\/murerpoint.dk\/sv\/wp-json\/wp\/v2\/types\/product"}],"replies":[{"embeddable":true,"href":"https:\/\/murerpoint.dk\/sv\/wp-json\/wp\/v2\/comments?post=1920"}],"wp:featuredmedia":[{"embeddable":true,"href":"https:\/\/murerpoint.dk\/sv\/wp-json\/wp\/v2\/media\/186"}],"wp:attachment":[{"href":"https:\/\/murerpoint.dk\/sv\/wp-json\/wp\/v2\/media?parent=1920"}],"wp:term":[{"taxonomy":"product_brand","embeddable":true,"href":"https:\/\/murerpoint.dk\/sv\/wp-json\/wp\/v2\/product_brand?post=1920"},{"taxonomy":"product_cat","embeddable":true,"href":"https:\/\/murerpoint.dk\/sv\/wp-json\/wp\/v2\/product_cat?post=1920"},{"taxonomy":"product_tag","embeddable":true,"href":"https:\/\/murerpoint.dk\/sv\/wp-json\/wp\/v2\/product_tag?post=1920"}],"curies":[{"name":"wp","href":"https:\/\/api.w.org\/{rel}","templated":true}]}}