{"id":2352,"date":"2024-04-08T09:05:15","date_gmt":"2024-04-08T09:05:15","guid":{"rendered":"https:\/\/murerpoint.dk\/product\/diamantklinge-med-koelehuller-stoejdaempet-oe230mm\/"},"modified":"2024-04-11T11:46:16","modified_gmt":"2024-04-11T11:46:16","slug":"diamantklinga-med-kylhaal-och-ljudreducering-oe230mm","status":"publish","type":"product","link":"https:\/\/murerpoint.dk\/sv\/produkt\/diamantklinga-med-kylhaal-och-ljudreducering-oe230mm\/","title":{"rendered":"Diamantklinga med kylh\u00e5l och ljudreducering \u00d8230mm"},"content":{"rendered":"<?xml encoding=\"utf-8\" ?><h2>Diamantklinga med kylh&aring;l och ljudreducering &Oslash;230mm<\/h2><p>Upplev den ultimata sk&auml;reffekten med v&aring;r diamantklinga med kylh&aring;l &ndash; m&auml;sterligt designad f&ouml;r kr&auml;sna hantverkare.<\/p><p>Med v&aring;r erk&auml;nda kvalitet f&aring;r du en diamantklinga som &auml;r skapad f&ouml;r att uppfylla de h&ouml;gsta standarderna inom sk&auml;rarbete. Med 12 mm h&ouml;ga lasersvetsade segment garanterar vi optimal s&auml;kerhet mot avslitna segment, s&aring; att du kan arbeta s&auml;kert och effektivt.<\/p><p>Kylh&aring;l integrerade i stambladet s&auml;kerst&auml;ller inte bara en kylning av klingan, utan minskar ocks&aring; ljudniv&aring;n, vilket skapar en mer behaglig arbetsmilj&ouml;. Denna klinga &auml;r perfekt f&ouml;r universellt bruk och rekommenderas f&ouml;r sk&auml;rning av betong, armerad betong, cementprodukter, kakel, tegel och mursten.<\/p><p>V&aring;r specialbetongklinga med en diameter p&aring; 230 mm &auml;r idealisk f&ouml;r sk&auml;rning av betong, natursten och h&aring;rda mursten. Denna diamantklinga &auml;r utrustad med m&aring;nga segment som &auml;r placerade t&auml;tt tillsammans, vilket s&auml;kerst&auml;ller snabba snitt och effektiv evakuering av det skurna materialet.<\/p><p>Med kyl- och ljudd&auml;mpningsh&aring;l i stambladet garanterar vi inte bara en l&aring;ng livsl&auml;ngd f&ouml;r klingan, utan ocks&aring; en bra arbetsmilj&ouml; f&ouml;r dig som hantverkare.<\/p><p>Ta sk&auml;rarbetet till n&auml;sta niv&aring; med v&aring;r diamantklinga med kylh&aring;l &ndash; den ultimata l&ouml;sningen f&ouml;r professionella resultat.<\/p><p><strong>Denna diamantklinga anv&auml;nds f&ouml;r:<\/strong><\/p><ul>\n<li>Betong<\/li>\n<li>Natursten<\/li>\n<li>H&aring;rt murverk<\/li>\n<\/ul><p><strong>Specifikationer:<\/strong><\/p><ul>\n<li>&Oslash;230 x 2,6 x 22,9 (9&Prime;) mm<\/li>\n<li>12 mm h&ouml;ga diamantsegment<\/li>\n<li>F&ouml;r torrt och v&aring;tt sk&auml;rning<\/li>\n<\/ul>\n","protected":false},"excerpt":{"rendered":"<h2>Diamantklinga med kylh\u00e5l och ljudreducering \u00d8230mm<\/h2>\n<p><strong>Diamantklingan anv\u00e4nds f\u00f6r:<\/strong><\/p>\n<ul>\n<li>Betong<\/li>\n<li>Natursten<\/li>\n<li>H\u00e5rd mursten<\/li>\n<\/ul>\n<p><strong>Specifikationer:<\/strong><\/p>\n<ul>\n<li>\u00d8230&#215;2,6&#215;22,9 (9&#8243;) mm<\/li>\n<li>12 mm h\u00f6ga diamantsegment<\/li>\n<li>F\u00f6r b\u00e5de torr och v\u00e5t sk\u00e4rning<\/li>\n<\/ul>\n","protected":false},"featured_media":2302,"comment_status":"open","ping_status":"closed","template":"","meta":[],"product_brand":[],"product_cat":[1240,1250],"product_tag":[1241,1242,1243,1244,1245,870],"class_list":{"0":"post-2352","1":"product","2":"type-product","3":"status-publish","4":"has-post-thumbnail","6":"product_cat-diamant-klinger-sv","7":"product_cat-diamantklingor-for-vinkelslip-sv","8":"product_tag-beton-sv","9":"product_tag-diamantklinge-sv","10":"product_tag-diamantklinger-sv","11":"product_tag-diamantscheibe-sv","12":"product_tag-diamondblade-sv","13":"product_tag-murbruk-sv","15":"first","16":"instock","17":"taxable","18":"shipping-taxable","19":"purchasable","20":"product-type-simple"},"yoast_head":"<!-- This site is optimized with the Yoast SEO plugin v27.4 - https:\/\/yoast.com\/product\/yoast-seo-wordpress\/ -->\n<title>Diamantklinga med kylh\u00e5l och ljudreducering \u00d8230mm - Murerpoint ApS<\/title>\n<meta name=\"description\" content=\"V\u00e5r specialbetongklinga med en diameter p\u00e5 230 mm \u00e4r idealisk f\u00f6r sk\u00e4rning av betong, mm. Denna diamantklinga \u00e4r utrustad med 12 mm. h\u00f6ge Diamant segmemnt.\" \/>\n<meta name=\"robots\" content=\"index, follow, max-snippet:-1, max-image-preview:large, max-video-preview:-1\" \/>\n<link rel=\"canonical\" href=\"https:\/\/murerpoint.dk\/sv\/produkt\/diamantklinga-med-kylhaal-och-ljudreducering-oe230mm\/\" \/>\n<meta property=\"og:locale\" content=\"sv_SE\" \/>\n<meta property=\"og:type\" content=\"article\" \/>\n<meta property=\"og:title\" content=\"Diamantklinga med kylh\u00e5l och ljudreducering \u00d8230mm - Murerpoint ApS\" \/>\n<meta property=\"og:description\" content=\"V\u00e5r specialbetongklinga med en diameter p\u00e5 230 mm \u00e4r idealisk f\u00f6r sk\u00e4rning av betong, mm. Denna diamantklinga \u00e4r utrustad med 12 mm. h\u00f6ge Diamant segmemnt.\" \/>\n<meta property=\"og:url\" content=\"https:\/\/murerpoint.dk\/sv\/produkt\/diamantklinga-med-kylhaal-och-ljudreducering-oe230mm\/\" \/>\n<meta property=\"og:site_name\" content=\"Murerpoint ApS\" \/>\n<meta property=\"article:publisher\" content=\"https:\/\/m.facebook.com\/profile.php?id=61555157262134\" \/>\n<meta property=\"article:modified_time\" content=\"2024-04-11T11:46:16+00:00\" \/>\n<meta property=\"og:image\" content=\"https:\/\/murerpoint.dk\/wp-content\/uploads\/2024\/04\/IMG_5437.jpeg\" \/>\n\t<meta property=\"og:image:width\" content=\"593\" \/>\n\t<meta property=\"og:image:height\" content=\"772\" \/>\n\t<meta property=\"og:image:type\" content=\"image\/jpeg\" \/>\n<meta name=\"twitter:card\" content=\"summary_large_image\" \/>\n<meta name=\"twitter:label1\" content=\"Pris\" \/>\n\t<meta name=\"twitter:data1\" content=\"&euro;14.21 Pris ekskl. moms: &euro;11.37\" \/>\n\t<meta name=\"twitter:label2\" content=\"Tillg\u00e4nglig\" \/>\n\t<meta name=\"twitter:data2\" content=\"I lager\" \/>\n<script type=\"application\/ld+json\" class=\"yoast-schema-graph\">{\"@context\":\"https:\\\/\\\/schema.org\",\"@graph\":[{\"@type\":\"WebPage\",\"@id\":\"https:\\\/\\\/murerpoint.dk\\\/sv\\\/produkt\\\/diamantklinga-med-kylhaal-och-ljudreducering-oe230mm\\\/\",\"url\":\"https:\\\/\\\/murerpoint.dk\\\/sv\\\/produkt\\\/diamantklinga-med-kylhaal-och-ljudreducering-oe230mm\\\/\",\"name\":\"Diamantklinga med kylh\u00e5l och ljudreducering \u00d8230mm - Murerpoint ApS\",\"isPartOf\":{\"@id\":\"https:\\\/\\\/murerpoint.dk\\\/sv\\\/#website\"},\"primaryImageOfPage\":{\"@id\":\"https:\\\/\\\/murerpoint.dk\\\/sv\\\/produkt\\\/diamantklinga-med-kylhaal-och-ljudreducering-oe230mm\\\/#primaryimage\"},\"image\":{\"@id\":\"https:\\\/\\\/murerpoint.dk\\\/sv\\\/produkt\\\/diamantklinga-med-kylhaal-och-ljudreducering-oe230mm\\\/#primaryimage\"},\"thumbnailUrl\":\"https:\\\/\\\/murerpoint.dk\\\/wp-content\\\/uploads\\\/2024\\\/04\\\/IMG_5437.jpeg\",\"datePublished\":\"2024-04-08T09:05:15+00:00\",\"dateModified\":\"2024-04-11T11:46:16+00:00\",\"description\":\"V\u00e5r specialbetongklinga med en diameter p\u00e5 230 mm \u00e4r idealisk f\u00f6r sk\u00e4rning av betong, mm. Denna diamantklinga \u00e4r utrustad med 12 mm. h\u00f6ge Diamant segmemnt.\",\"breadcrumb\":{\"@id\":\"https:\\\/\\\/murerpoint.dk\\\/sv\\\/produkt\\\/diamantklinga-med-kylhaal-och-ljudreducering-oe230mm\\\/#breadcrumb\"},\"inLanguage\":\"sv-SE\",\"potentialAction\":[{\"@type\":\"ReadAction\",\"target\":[\"https:\\\/\\\/murerpoint.dk\\\/sv\\\/produkt\\\/diamantklinga-med-kylhaal-och-ljudreducering-oe230mm\\\/\"]}]},{\"@type\":\"ImageObject\",\"inLanguage\":\"sv-SE\",\"@id\":\"https:\\\/\\\/murerpoint.dk\\\/sv\\\/produkt\\\/diamantklinga-med-kylhaal-och-ljudreducering-oe230mm\\\/#primaryimage\",\"url\":\"https:\\\/\\\/murerpoint.dk\\\/wp-content\\\/uploads\\\/2024\\\/04\\\/IMG_5437.jpeg\",\"contentUrl\":\"https:\\\/\\\/murerpoint.dk\\\/wp-content\\\/uploads\\\/2024\\\/04\\\/IMG_5437.jpeg\",\"width\":593,\"height\":772,\"caption\":\"Perfekt klinge til universal brug. Anbefales til sk\u00e6ring af beton, armeret beton, cementprodukter, klinker, tegl, og mursten.\"},{\"@type\":\"BreadcrumbList\",\"@id\":\"https:\\\/\\\/murerpoint.dk\\\/sv\\\/produkt\\\/diamantklinga-med-kylhaal-och-ljudreducering-oe230mm\\\/#breadcrumb\",\"itemListElement\":[{\"@type\":\"ListItem\",\"position\":1,\"name\":\"Hjem\",\"item\":\"https:\\\/\\\/murerpoint.dk\\\/sv\\\/\"},{\"@type\":\"ListItem\",\"position\":2,\"name\":\"SHOPPEN\",\"item\":\"https:\\\/\\\/murerpoint.dk\\\/sv\\\/shoppen\\\/\"},{\"@type\":\"ListItem\",\"position\":3,\"name\":\"Diamantklinga med kylh\u00e5l och ljudreducering \u00d8230mm\"}]},{\"@type\":\"WebSite\",\"@id\":\"https:\\\/\\\/murerpoint.dk\\\/sv\\\/#website\",\"url\":\"https:\\\/\\\/murerpoint.dk\\\/sv\\\/\",\"name\":\"Murerpoint\",\"description\":\"kvalitets v\u00e6rkt\u00f8j\",\"publisher\":{\"@id\":\"https:\\\/\\\/murerpoint.dk\\\/sv\\\/#organization\"},\"potentialAction\":[{\"@type\":\"SearchAction\",\"target\":{\"@type\":\"EntryPoint\",\"urlTemplate\":\"https:\\\/\\\/murerpoint.dk\\\/sv\\\/?s={search_term_string}\"},\"query-input\":{\"@type\":\"PropertyValueSpecification\",\"valueRequired\":true,\"valueName\":\"search_term_string\"}}],\"inLanguage\":\"sv-SE\"},{\"@type\":\"Organization\",\"@id\":\"https:\\\/\\\/murerpoint.dk\\\/sv\\\/#organization\",\"name\":\"Murerpoint ApS\",\"url\":\"https:\\\/\\\/murerpoint.dk\\\/sv\\\/\",\"logo\":{\"@type\":\"ImageObject\",\"inLanguage\":\"sv-SE\",\"@id\":\"https:\\\/\\\/murerpoint.dk\\\/sv\\\/#\\\/schema\\\/logo\\\/image\\\/\",\"url\":\"https:\\\/\\\/murerpoint.dk\\\/wp-content\\\/uploads\\\/2023\\\/12\\\/cropped-Sort-Midt-Roed-Mursten.png\",\"contentUrl\":\"https:\\\/\\\/murerpoint.dk\\\/wp-content\\\/uploads\\\/2023\\\/12\\\/cropped-Sort-Midt-Roed-Mursten.png\",\"width\":512,\"height\":512,\"caption\":\"Murerpoint ApS\"},\"image\":{\"@id\":\"https:\\\/\\\/murerpoint.dk\\\/sv\\\/#\\\/schema\\\/logo\\\/image\\\/\"},\"sameAs\":[\"https:\\\/\\\/m.facebook.com\\\/profile.php?id=61555157262134\",\"https:\\\/\\\/www.instagram.com\\\/murerpoint?igsh=azluMWV6cTnc2ts&utm_source=qr\",\"https:\\\/\\\/www.tiktok.com\\\/@murerpoint?is_from_webapp=1&sender_device=pc\"]}]}<\/script>\n<meta property=\"product:price:amount\" content=\"14.21\" \/>\n<meta property=\"product:price:currency\" content=\"EUR\" \/>\n<meta property=\"og:availability\" content=\"instock\" \/>\n<meta property=\"product:availability\" content=\"instock\" \/>\n<meta property=\"product:retailer_item_id\" content=\"mp00040\" \/>\n<meta property=\"product:condition\" content=\"new\" \/>\n<!-- \/ Yoast SEO plugin. -->","yoast_head_json":{"title":"Diamantklinga med kylh\u00e5l och ljudreducering \u00d8230mm - Murerpoint ApS","description":"V\u00e5r specialbetongklinga med en diameter p\u00e5 230 mm \u00e4r idealisk f\u00f6r sk\u00e4rning av betong, mm. Denna diamantklinga \u00e4r utrustad med 12 mm. h\u00f6ge Diamant segmemnt.","robots":{"index":"index","follow":"follow","max-snippet":"max-snippet:-1","max-image-preview":"max-image-preview:large","max-video-preview":"max-video-preview:-1"},"canonical":"https:\/\/murerpoint.dk\/sv\/produkt\/diamantklinga-med-kylhaal-och-ljudreducering-oe230mm\/","og_locale":"sv_SE","og_type":"article","og_title":"Diamantklinga med kylh\u00e5l och ljudreducering \u00d8230mm - Murerpoint ApS","og_description":"V\u00e5r specialbetongklinga med en diameter p\u00e5 230 mm \u00e4r idealisk f\u00f6r sk\u00e4rning av betong, mm. Denna diamantklinga \u00e4r utrustad med 12 mm. h\u00f6ge Diamant segmemnt.","og_url":"https:\/\/murerpoint.dk\/sv\/produkt\/diamantklinga-med-kylhaal-och-ljudreducering-oe230mm\/","og_site_name":"Murerpoint ApS","article_publisher":"https:\/\/m.facebook.com\/profile.php?id=61555157262134","article_modified_time":"2024-04-11T11:46:16+00:00","og_image":[{"width":593,"height":772,"url":"https:\/\/murerpoint.dk\/wp-content\/uploads\/2024\/04\/IMG_5437.jpeg","type":"image\/jpeg"}],"twitter_card":"summary_large_image","twitter_misc":{"Pris":"&euro;14.21 Pris ekskl. moms: &euro;11.37","Tillg\u00e4nglig":"I lager"},"schema":{"@context":"https:\/\/schema.org","@graph":[{"@type":"WebPage","@id":"https:\/\/murerpoint.dk\/sv\/produkt\/diamantklinga-med-kylhaal-och-ljudreducering-oe230mm\/","url":"https:\/\/murerpoint.dk\/sv\/produkt\/diamantklinga-med-kylhaal-och-ljudreducering-oe230mm\/","name":"Diamantklinga med kylh\u00e5l och ljudreducering \u00d8230mm - Murerpoint ApS","isPartOf":{"@id":"https:\/\/murerpoint.dk\/sv\/#website"},"primaryImageOfPage":{"@id":"https:\/\/murerpoint.dk\/sv\/produkt\/diamantklinga-med-kylhaal-och-ljudreducering-oe230mm\/#primaryimage"},"image":{"@id":"https:\/\/murerpoint.dk\/sv\/produkt\/diamantklinga-med-kylhaal-och-ljudreducering-oe230mm\/#primaryimage"},"thumbnailUrl":"https:\/\/murerpoint.dk\/wp-content\/uploads\/2024\/04\/IMG_5437.jpeg","datePublished":"2024-04-08T09:05:15+00:00","dateModified":"2024-04-11T11:46:16+00:00","description":"V\u00e5r specialbetongklinga med en diameter p\u00e5 230 mm \u00e4r idealisk f\u00f6r sk\u00e4rning av betong, mm. Denna diamantklinga \u00e4r utrustad med 12 mm. h\u00f6ge Diamant segmemnt.","breadcrumb":{"@id":"https:\/\/murerpoint.dk\/sv\/produkt\/diamantklinga-med-kylhaal-och-ljudreducering-oe230mm\/#breadcrumb"},"inLanguage":"sv-SE","potentialAction":[{"@type":"ReadAction","target":["https:\/\/murerpoint.dk\/sv\/produkt\/diamantklinga-med-kylhaal-och-ljudreducering-oe230mm\/"]}]},{"@type":"ImageObject","inLanguage":"sv-SE","@id":"https:\/\/murerpoint.dk\/sv\/produkt\/diamantklinga-med-kylhaal-och-ljudreducering-oe230mm\/#primaryimage","url":"https:\/\/murerpoint.dk\/wp-content\/uploads\/2024\/04\/IMG_5437.jpeg","contentUrl":"https:\/\/murerpoint.dk\/wp-content\/uploads\/2024\/04\/IMG_5437.jpeg","width":593,"height":772,"caption":"Perfekt klinge til universal brug. Anbefales til sk\u00e6ring af beton, armeret beton, cementprodukter, klinker, tegl, og mursten."},{"@type":"BreadcrumbList","@id":"https:\/\/murerpoint.dk\/sv\/produkt\/diamantklinga-med-kylhaal-och-ljudreducering-oe230mm\/#breadcrumb","itemListElement":[{"@type":"ListItem","position":1,"name":"Hjem","item":"https:\/\/murerpoint.dk\/sv\/"},{"@type":"ListItem","position":2,"name":"SHOPPEN","item":"https:\/\/murerpoint.dk\/sv\/shoppen\/"},{"@type":"ListItem","position":3,"name":"Diamantklinga med kylh\u00e5l och ljudreducering \u00d8230mm"}]},{"@type":"WebSite","@id":"https:\/\/murerpoint.dk\/sv\/#website","url":"https:\/\/murerpoint.dk\/sv\/","name":"Murerpoint","description":"kvalitets v\u00e6rkt\u00f8j","publisher":{"@id":"https:\/\/murerpoint.dk\/sv\/#organization"},"potentialAction":[{"@type":"SearchAction","target":{"@type":"EntryPoint","urlTemplate":"https:\/\/murerpoint.dk\/sv\/?s={search_term_string}"},"query-input":{"@type":"PropertyValueSpecification","valueRequired":true,"valueName":"search_term_string"}}],"inLanguage":"sv-SE"},{"@type":"Organization","@id":"https:\/\/murerpoint.dk\/sv\/#organization","name":"Murerpoint ApS","url":"https:\/\/murerpoint.dk\/sv\/","logo":{"@type":"ImageObject","inLanguage":"sv-SE","@id":"https:\/\/murerpoint.dk\/sv\/#\/schema\/logo\/image\/","url":"https:\/\/murerpoint.dk\/wp-content\/uploads\/2023\/12\/cropped-Sort-Midt-Roed-Mursten.png","contentUrl":"https:\/\/murerpoint.dk\/wp-content\/uploads\/2023\/12\/cropped-Sort-Midt-Roed-Mursten.png","width":512,"height":512,"caption":"Murerpoint ApS"},"image":{"@id":"https:\/\/murerpoint.dk\/sv\/#\/schema\/logo\/image\/"},"sameAs":["https:\/\/m.facebook.com\/profile.php?id=61555157262134","https:\/\/www.instagram.com\/murerpoint?igsh=azluMWV6cTnc2ts&utm_source=qr","https:\/\/www.tiktok.com\/@murerpoint?is_from_webapp=1&sender_device=pc"]}]},"product_price_amount":"14.21","product_price_currency":"EUR","og_availability":"instock","product_availability":"instock","product_retailer_item_id":"mp00040","product_condition":"new"},"_links":{"self":[{"href":"https:\/\/murerpoint.dk\/sv\/wp-json\/wp\/v2\/product\/2352","targetHints":{"allow":["GET"]}}],"collection":[{"href":"https:\/\/murerpoint.dk\/sv\/wp-json\/wp\/v2\/product"}],"about":[{"href":"https:\/\/murerpoint.dk\/sv\/wp-json\/wp\/v2\/types\/product"}],"replies":[{"embeddable":true,"href":"https:\/\/murerpoint.dk\/sv\/wp-json\/wp\/v2\/comments?post=2352"}],"wp:featuredmedia":[{"embeddable":true,"href":"https:\/\/murerpoint.dk\/sv\/wp-json\/wp\/v2\/media\/2302"}],"wp:attachment":[{"href":"https:\/\/murerpoint.dk\/sv\/wp-json\/wp\/v2\/media?parent=2352"}],"wp:term":[{"taxonomy":"product_brand","embeddable":true,"href":"https:\/\/murerpoint.dk\/sv\/wp-json\/wp\/v2\/product_brand?post=2352"},{"taxonomy":"product_cat","embeddable":true,"href":"https:\/\/murerpoint.dk\/sv\/wp-json\/wp\/v2\/product_cat?post=2352"},{"taxonomy":"product_tag","embeddable":true,"href":"https:\/\/murerpoint.dk\/sv\/wp-json\/wp\/v2\/product_tag?post=2352"}],"curies":[{"name":"wp","href":"https:\/\/api.w.org\/{rel}","templated":true}]}}