{"id":2569,"date":"2024-04-15T11:21:36","date_gmt":"2024-04-15T11:21:36","guid":{"rendered":"https:\/\/murerpoint.dk\/product\/fugefraeser-startkit-fra-murerpoint\/"},"modified":"2024-04-16T06:48:45","modified_gmt":"2024-04-16T06:48:45","slug":"fogfras-startkit-fraan-murerpoint","status":"publish","type":"product","link":"https:\/\/murerpoint.dk\/sv\/produkt\/fogfras-startkit-fraan-murerpoint\/","title":{"rendered":"Fogfr\u00e4s startkit fr\u00e5n MurerPoint"},"content":{"rendered":"<?xml encoding=\"utf-8\" ?><h3><\/h3><h2>Fogfr&auml;s startkit fr&aring;n MurerPoint<\/h2><p>G&ouml;r det till en lek att fr&auml;sa fogar med v&aring;rt Smarta Fogfr&auml;ser startkit fr&aring;n MurerPoint. Detta kit &auml;r det perfekta startkitet f&ouml;r fogfr&auml;sning och &auml;r utformat f&ouml;r att g&ouml;ra renoveringsprojekt snabba och effektiva. Med detta kit f&aring;r du allt du beh&ouml;ver f&ouml;r exakt och professionell borttagning av fogmassa.<\/p><p><strong>Inneh&aring;ll i kitet:<\/strong><\/p><ul>\n<li>Skyddsskjold med uttag<\/li>\n<li>5 distansringar f&ouml;r justering av fr&auml;sens djup<\/li>\n<li>Insats<\/li>\n<li>2 st Z3 fogfr&auml;sare med monterad adapter till vinkelslipmaskin<\/li>\n<li>1 st Insexnyckel<\/li>\n<\/ul><p>Fogfr&auml;sen monteras enkelt p&aring; en vanlig vinkelslipmaskin (min. 700 W), och den medf&ouml;ljande insatsen g&ouml;r det m&ouml;jligt att anpassa djupet p&aring; fr&auml;sen med hj&auml;lp av de medf&ouml;ljande distansringarna. De 2 Z3 fogfr&auml;sarna &auml;r utformade f&ouml;r att leverera effektiv borttagning av fogmassa, vilket g&ouml;r renoveringsprojekt snabba och problemfria.<\/p><p>Med v&aring;rt Smarta Fogfr&auml;serkit kan du minska dammgenerna vid fogfr&auml;sning genom att ansluta fogfr&auml;sen till en dammsugare. Detta s&auml;kerst&auml;ller en renare arbetsplats och minskar behovet av efterf&ouml;ljande reng&ouml;ring.<\/p><p>K&ouml;p hos MurerPoint<\/p><p>N&auml;r du k&ouml;per verktyg fr&aring;n MurerPoint kan du vara s&auml;ker p&aring; att f&aring; h&ouml;g kvalitet och p&aring;litlighet. Vi str&auml;var efter att erbjuda v&aring;ra kunder de b&auml;sta verktygen f&ouml;r renoveringsprojekt och &auml;r alltid redo att hj&auml;lpa till att hitta r&auml;tt verktyg f&ouml;r dina behov.<\/p><p><iframe title=\"Fugefr&aelig;serunits og fugefr&aelig;sers&aring;l in action\" width=\"800\" height=\"450\" src=\"https:\/\/www.youtube.com\/embed\/XcZ1x7m15To?feature=oembed\" frameborder=\"0\" allow=\"accelerometer; autoplay; clipboard-write; encrypted-media; gyroscope; picture-in-picture; web-share\" referrerpolicy=\"strict-origin-when-cross-origin\" allowfullscreen><\/iframe><\/p>\n","protected":false},"excerpt":{"rendered":"<h2>Fogfr\u00e4s startkit fr\u00e5n MurerPoint<\/h2>\n<p>Fogfr\u00e4s startkit med fogs\u00e5g och 2 stycken fogfr\u00e4sare.<\/p>\n<p>V\u00e4lj fogfr\u00e4s unit med diametrar p\u00e5 6, 8, 10 eller 12 mm.<\/p>\n<p>Med MurerPoints startkit f\u00f6r fogfr\u00e4sning kommer du snabbt ig\u00e5ng.<\/p>\n<p>Startpaketet monteras enkelt p\u00e5 vinkelslipmaskinen s\u00e5 \u00e4r du redo att fr\u00e4sa fogar. Vi har gjort det enkelt &#8211; fogfr\u00e4sstartpaketet inneh\u00e5ller precis de delar du beh\u00f6ver f\u00f6r att komma ig\u00e5ng med fogfr\u00e4sning.<\/p>\n","protected":false},"featured_media":2555,"comment_status":"open","ping_status":"closed","template":"","meta":[],"product_brand":[],"product_cat":[625,633],"product_tag":[733,569,577,1031,1357,1358,1359,1360,1361,1362,1322,1363,2640],"class_list":{"0":"post-2569","1":"product","2":"type-product","3":"status-publish","4":"has-post-thumbnail","6":"product_cat-murfogfras-inkl-adapter","7":"product_cat-stallbar-dammsugkaapa-bads","8":"product_tag-fogfras","9":"product_tag-fugefraeser-sv","10":"product_tag-fugefraesersaal-sv-2","11":"product_tag-fugenfraeser-sv","12":"product_tag-fugenfraeserschneider-sv","13":"product_tag-fuehrungssohle-sv","14":"product_tag-martarrake-sv","15":"product_tag-mortarrakedustextractrion-sv","16":"product_tag-motarrakesoleplate-sv","17":"product_tag-soleplate-sv","18":"product_tag-voegenfrees-sv","19":"product_tag-voegenfrezen-sv","20":"product_tag-googleads-sv","22":"first","23":"instock","24":"taxable","25":"shipping-taxable","26":"purchasable","27":"product-type-variable"},"yoast_head":"<!-- This site is optimized with the Yoast SEO plugin v27.5 - https:\/\/yoast.com\/product\/yoast-seo-wordpress\/ -->\n<title>Fogfr\u00e4s startkit fr\u00e5n MurerPoint - Murerpoint ApS<\/title>\n<meta name=\"description\" content=\"Effektivt och professionellt fogfr\u00e4sarkit fr\u00e5n MurerPoint f\u00f6r snabb och exakt borttagning av fogmassa. Perfekt f\u00f6r renoveringsprojekt.\" \/>\n<meta name=\"robots\" content=\"index, follow, max-snippet:-1, max-image-preview:large, max-video-preview:-1\" \/>\n<link rel=\"canonical\" href=\"https:\/\/murerpoint.dk\/sv\/produkt\/fogfras-startkit-fraan-murerpoint\/\" \/>\n<meta property=\"og:locale\" content=\"sv_SE\" \/>\n<meta property=\"og:type\" content=\"article\" \/>\n<meta property=\"og:title\" content=\"Fogfr\u00e4s startkit fr\u00e5n MurerPoint - Murerpoint ApS\" \/>\n<meta property=\"og:description\" content=\"Effektivt och professionellt fogfr\u00e4sarkit fr\u00e5n MurerPoint f\u00f6r snabb och exakt borttagning av fogmassa. Perfekt f\u00f6r renoveringsprojekt.\" \/>\n<meta property=\"og:url\" content=\"https:\/\/murerpoint.dk\/sv\/produkt\/fogfras-startkit-fraan-murerpoint\/\" \/>\n<meta property=\"og:site_name\" content=\"Murerpoint ApS\" \/>\n<meta property=\"article:publisher\" content=\"https:\/\/m.facebook.com\/profile.php?id=61555157262134\" \/>\n<meta property=\"article:modified_time\" content=\"2024-04-16T06:48:45+00:00\" \/>\n<meta property=\"og:image\" content=\"https:\/\/murerpoint.dk\/wp-content\/uploads\/2024\/04\/IMG_5551.jpeg\" \/>\n\t<meta property=\"og:image:width\" content=\"863\" \/>\n\t<meta property=\"og:image:height\" content=\"739\" \/>\n\t<meta property=\"og:image:type\" content=\"image\/jpeg\" \/>\n<meta name=\"twitter:card\" content=\"summary_large_image\" \/>\n<meta name=\"twitter:label1\" content=\"Tillg\u00e4nglig\" \/>\n\t<meta name=\"twitter:data1\" content=\"I lager\" \/>\n<script type=\"application\/ld+json\" class=\"yoast-schema-graph\">{\"@context\":\"https:\\\/\\\/schema.org\",\"@graph\":[{\"@type\":\"WebPage\",\"@id\":\"https:\\\/\\\/murerpoint.dk\\\/sv\\\/produkt\\\/fogfras-startkit-fraan-murerpoint\\\/\",\"url\":\"https:\\\/\\\/murerpoint.dk\\\/sv\\\/produkt\\\/fogfras-startkit-fraan-murerpoint\\\/\",\"name\":\"Fogfr\u00e4s startkit fr\u00e5n MurerPoint - Murerpoint ApS\",\"isPartOf\":{\"@id\":\"https:\\\/\\\/murerpoint.dk\\\/sv\\\/#website\"},\"primaryImageOfPage\":{\"@id\":\"https:\\\/\\\/murerpoint.dk\\\/sv\\\/produkt\\\/fogfras-startkit-fraan-murerpoint\\\/#primaryimage\"},\"image\":{\"@id\":\"https:\\\/\\\/murerpoint.dk\\\/sv\\\/produkt\\\/fogfras-startkit-fraan-murerpoint\\\/#primaryimage\"},\"thumbnailUrl\":\"https:\\\/\\\/murerpoint.dk\\\/wp-content\\\/uploads\\\/2024\\\/04\\\/IMG_5551.jpeg\",\"datePublished\":\"2024-04-15T11:21:36+00:00\",\"dateModified\":\"2024-04-16T06:48:45+00:00\",\"description\":\"Effektivt och professionellt fogfr\u00e4sarkit fr\u00e5n MurerPoint f\u00f6r snabb och exakt borttagning av fogmassa. Perfekt f\u00f6r renoveringsprojekt.\",\"breadcrumb\":{\"@id\":\"https:\\\/\\\/murerpoint.dk\\\/sv\\\/produkt\\\/fogfras-startkit-fraan-murerpoint\\\/#breadcrumb\"},\"inLanguage\":\"sv-SE\",\"potentialAction\":[{\"@type\":\"ReadAction\",\"target\":[\"https:\\\/\\\/murerpoint.dk\\\/sv\\\/produkt\\\/fogfras-startkit-fraan-murerpoint\\\/\"]}]},{\"@type\":\"ImageObject\",\"inLanguage\":\"sv-SE\",\"@id\":\"https:\\\/\\\/murerpoint.dk\\\/sv\\\/produkt\\\/fogfras-startkit-fraan-murerpoint\\\/#primaryimage\",\"url\":\"https:\\\/\\\/murerpoint.dk\\\/wp-content\\\/uploads\\\/2024\\\/04\\\/IMG_5551.jpeg\",\"contentUrl\":\"https:\\\/\\\/murerpoint.dk\\\/wp-content\\\/uploads\\\/2024\\\/04\\\/IMG_5551.jpeg\",\"width\":863,\"height\":739,\"caption\":\"Fugenfr\u00e4ser-Starterset\"},{\"@type\":\"BreadcrumbList\",\"@id\":\"https:\\\/\\\/murerpoint.dk\\\/sv\\\/produkt\\\/fogfras-startkit-fraan-murerpoint\\\/#breadcrumb\",\"itemListElement\":[{\"@type\":\"ListItem\",\"position\":1,\"name\":\"Hjem\",\"item\":\"https:\\\/\\\/murerpoint.dk\\\/sv\\\/\"},{\"@type\":\"ListItem\",\"position\":2,\"name\":\"SHOPPEN\",\"item\":\"https:\\\/\\\/murerpoint.dk\\\/sv\\\/shoppen\\\/\"},{\"@type\":\"ListItem\",\"position\":3,\"name\":\"Fogfr\u00e4s startkit fr\u00e5n MurerPoint\"}]},{\"@type\":\"WebSite\",\"@id\":\"https:\\\/\\\/murerpoint.dk\\\/sv\\\/#website\",\"url\":\"https:\\\/\\\/murerpoint.dk\\\/sv\\\/\",\"name\":\"Murerpoint\",\"description\":\"kvalitets v\u00e6rkt\u00f8j\",\"publisher\":{\"@id\":\"https:\\\/\\\/murerpoint.dk\\\/sv\\\/#organization\"},\"potentialAction\":[{\"@type\":\"SearchAction\",\"target\":{\"@type\":\"EntryPoint\",\"urlTemplate\":\"https:\\\/\\\/murerpoint.dk\\\/sv\\\/?s={search_term_string}\"},\"query-input\":{\"@type\":\"PropertyValueSpecification\",\"valueRequired\":true,\"valueName\":\"search_term_string\"}}],\"inLanguage\":\"sv-SE\"},{\"@type\":\"Organization\",\"@id\":\"https:\\\/\\\/murerpoint.dk\\\/sv\\\/#organization\",\"name\":\"Murerpoint ApS\",\"url\":\"https:\\\/\\\/murerpoint.dk\\\/sv\\\/\",\"logo\":{\"@type\":\"ImageObject\",\"inLanguage\":\"sv-SE\",\"@id\":\"https:\\\/\\\/murerpoint.dk\\\/sv\\\/#\\\/schema\\\/logo\\\/image\\\/\",\"url\":\"https:\\\/\\\/murerpoint.dk\\\/wp-content\\\/uploads\\\/2023\\\/12\\\/cropped-Sort-Midt-Roed-Mursten.png\",\"contentUrl\":\"https:\\\/\\\/murerpoint.dk\\\/wp-content\\\/uploads\\\/2023\\\/12\\\/cropped-Sort-Midt-Roed-Mursten.png\",\"width\":512,\"height\":512,\"caption\":\"Murerpoint ApS\"},\"image\":{\"@id\":\"https:\\\/\\\/murerpoint.dk\\\/sv\\\/#\\\/schema\\\/logo\\\/image\\\/\"},\"sameAs\":[\"https:\\\/\\\/m.facebook.com\\\/profile.php?id=61555157262134\",\"https:\\\/\\\/www.instagram.com\\\/murerpoint?igsh=azluMWV6cTnc2ts&utm_source=qr\",\"https:\\\/\\\/www.tiktok.com\\\/@murerpoint?is_from_webapp=1&sender_device=pc\"]}]}<\/script>\n<meta property=\"og:availability\" content=\"instock\" \/>\n<meta property=\"product:availability\" content=\"instock\" \/>\n<meta property=\"product:condition\" content=\"new\" \/>\n<!-- \/ Yoast SEO plugin. -->","yoast_head_json":{"title":"Fogfr\u00e4s startkit fr\u00e5n MurerPoint - Murerpoint ApS","description":"Effektivt och professionellt fogfr\u00e4sarkit fr\u00e5n MurerPoint f\u00f6r snabb och exakt borttagning av fogmassa. Perfekt f\u00f6r renoveringsprojekt.","robots":{"index":"index","follow":"follow","max-snippet":"max-snippet:-1","max-image-preview":"max-image-preview:large","max-video-preview":"max-video-preview:-1"},"canonical":"https:\/\/murerpoint.dk\/sv\/produkt\/fogfras-startkit-fraan-murerpoint\/","og_locale":"sv_SE","og_type":"article","og_title":"Fogfr\u00e4s startkit fr\u00e5n MurerPoint - Murerpoint ApS","og_description":"Effektivt och professionellt fogfr\u00e4sarkit fr\u00e5n MurerPoint f\u00f6r snabb och exakt borttagning av fogmassa. Perfekt f\u00f6r renoveringsprojekt.","og_url":"https:\/\/murerpoint.dk\/sv\/produkt\/fogfras-startkit-fraan-murerpoint\/","og_site_name":"Murerpoint ApS","article_publisher":"https:\/\/m.facebook.com\/profile.php?id=61555157262134","article_modified_time":"2024-04-16T06:48:45+00:00","og_image":[{"width":863,"height":739,"url":"https:\/\/murerpoint.dk\/wp-content\/uploads\/2024\/04\/IMG_5551.jpeg","type":"image\/jpeg"}],"twitter_card":"summary_large_image","twitter_misc":{"Tillg\u00e4nglig":"I lager"},"schema":{"@context":"https:\/\/schema.org","@graph":[{"@type":"WebPage","@id":"https:\/\/murerpoint.dk\/sv\/produkt\/fogfras-startkit-fraan-murerpoint\/","url":"https:\/\/murerpoint.dk\/sv\/produkt\/fogfras-startkit-fraan-murerpoint\/","name":"Fogfr\u00e4s startkit fr\u00e5n MurerPoint - Murerpoint ApS","isPartOf":{"@id":"https:\/\/murerpoint.dk\/sv\/#website"},"primaryImageOfPage":{"@id":"https:\/\/murerpoint.dk\/sv\/produkt\/fogfras-startkit-fraan-murerpoint\/#primaryimage"},"image":{"@id":"https:\/\/murerpoint.dk\/sv\/produkt\/fogfras-startkit-fraan-murerpoint\/#primaryimage"},"thumbnailUrl":"https:\/\/murerpoint.dk\/wp-content\/uploads\/2024\/04\/IMG_5551.jpeg","datePublished":"2024-04-15T11:21:36+00:00","dateModified":"2024-04-16T06:48:45+00:00","description":"Effektivt och professionellt fogfr\u00e4sarkit fr\u00e5n MurerPoint f\u00f6r snabb och exakt borttagning av fogmassa. Perfekt f\u00f6r renoveringsprojekt.","breadcrumb":{"@id":"https:\/\/murerpoint.dk\/sv\/produkt\/fogfras-startkit-fraan-murerpoint\/#breadcrumb"},"inLanguage":"sv-SE","potentialAction":[{"@type":"ReadAction","target":["https:\/\/murerpoint.dk\/sv\/produkt\/fogfras-startkit-fraan-murerpoint\/"]}]},{"@type":"ImageObject","inLanguage":"sv-SE","@id":"https:\/\/murerpoint.dk\/sv\/produkt\/fogfras-startkit-fraan-murerpoint\/#primaryimage","url":"https:\/\/murerpoint.dk\/wp-content\/uploads\/2024\/04\/IMG_5551.jpeg","contentUrl":"https:\/\/murerpoint.dk\/wp-content\/uploads\/2024\/04\/IMG_5551.jpeg","width":863,"height":739,"caption":"Fugenfr\u00e4ser-Starterset"},{"@type":"BreadcrumbList","@id":"https:\/\/murerpoint.dk\/sv\/produkt\/fogfras-startkit-fraan-murerpoint\/#breadcrumb","itemListElement":[{"@type":"ListItem","position":1,"name":"Hjem","item":"https:\/\/murerpoint.dk\/sv\/"},{"@type":"ListItem","position":2,"name":"SHOPPEN","item":"https:\/\/murerpoint.dk\/sv\/shoppen\/"},{"@type":"ListItem","position":3,"name":"Fogfr\u00e4s startkit fr\u00e5n MurerPoint"}]},{"@type":"WebSite","@id":"https:\/\/murerpoint.dk\/sv\/#website","url":"https:\/\/murerpoint.dk\/sv\/","name":"Murerpoint","description":"kvalitets v\u00e6rkt\u00f8j","publisher":{"@id":"https:\/\/murerpoint.dk\/sv\/#organization"},"potentialAction":[{"@type":"SearchAction","target":{"@type":"EntryPoint","urlTemplate":"https:\/\/murerpoint.dk\/sv\/?s={search_term_string}"},"query-input":{"@type":"PropertyValueSpecification","valueRequired":true,"valueName":"search_term_string"}}],"inLanguage":"sv-SE"},{"@type":"Organization","@id":"https:\/\/murerpoint.dk\/sv\/#organization","name":"Murerpoint ApS","url":"https:\/\/murerpoint.dk\/sv\/","logo":{"@type":"ImageObject","inLanguage":"sv-SE","@id":"https:\/\/murerpoint.dk\/sv\/#\/schema\/logo\/image\/","url":"https:\/\/murerpoint.dk\/wp-content\/uploads\/2023\/12\/cropped-Sort-Midt-Roed-Mursten.png","contentUrl":"https:\/\/murerpoint.dk\/wp-content\/uploads\/2023\/12\/cropped-Sort-Midt-Roed-Mursten.png","width":512,"height":512,"caption":"Murerpoint ApS"},"image":{"@id":"https:\/\/murerpoint.dk\/sv\/#\/schema\/logo\/image\/"},"sameAs":["https:\/\/m.facebook.com\/profile.php?id=61555157262134","https:\/\/www.instagram.com\/murerpoint?igsh=azluMWV6cTnc2ts&utm_source=qr","https:\/\/www.tiktok.com\/@murerpoint?is_from_webapp=1&sender_device=pc"]}]},"og_availability":"instock","product_availability":"instock","product_condition":"new"},"_links":{"self":[{"href":"https:\/\/murerpoint.dk\/sv\/wp-json\/wp\/v2\/product\/2569","targetHints":{"allow":["GET"]}}],"collection":[{"href":"https:\/\/murerpoint.dk\/sv\/wp-json\/wp\/v2\/product"}],"about":[{"href":"https:\/\/murerpoint.dk\/sv\/wp-json\/wp\/v2\/types\/product"}],"replies":[{"embeddable":true,"href":"https:\/\/murerpoint.dk\/sv\/wp-json\/wp\/v2\/comments?post=2569"}],"wp:featuredmedia":[{"embeddable":true,"href":"https:\/\/murerpoint.dk\/sv\/wp-json\/wp\/v2\/media\/2555"}],"wp:attachment":[{"href":"https:\/\/murerpoint.dk\/sv\/wp-json\/wp\/v2\/media?parent=2569"}],"wp:term":[{"taxonomy":"product_brand","embeddable":true,"href":"https:\/\/murerpoint.dk\/sv\/wp-json\/wp\/v2\/product_brand?post=2569"},{"taxonomy":"product_cat","embeddable":true,"href":"https:\/\/murerpoint.dk\/sv\/wp-json\/wp\/v2\/product_cat?post=2569"},{"taxonomy":"product_tag","embeddable":true,"href":"https:\/\/murerpoint.dk\/sv\/wp-json\/wp\/v2\/product_tag?post=2569"}],"curies":[{"name":"wp","href":"https:\/\/api.w.org\/{rel}","templated":true}]}}