{"id":2852,"date":"2024-04-19T08:18:44","date_gmt":"2024-04-19T08:18:44","guid":{"rendered":"https:\/\/murerpoint.dk\/product\/diamant-zaagblad-standaard-oe400-mm-voor-beton-en-universeel-gebruik\/"},"modified":"2024-04-22T11:15:11","modified_gmt":"2024-04-22T11:15:11","slug":"diamantklinga-standard-oe400-mm-for-betong-och-universellt-anvandande","status":"publish","type":"product","link":"https:\/\/murerpoint.dk\/sv\/produkt\/diamantklinga-standard-oe400-mm-for-betong-och-universellt-anvandande\/","title":{"rendered":"Diamantklinga Standard \u00d8400 mm f\u00f6r betong och universellt anv\u00e4ndande"},"content":{"rendered":"<?xml encoding=\"utf-8\" ?><div class=\"flex-1 overflow-hidden\">\n<div class=\"react-scroll-to-bottom--css-efdun-79elbk h-full\">\n<div class=\"react-scroll-to-bottom--css-efdun-1n7m0yu\">\n<div class=\"flex flex-col text-sm pb-9\">\n<div class=\"w-full text-token-text-primary\" dir=\"auto\" data-testid=\"conversation-turn-665\">\n<div class=\"px-4 py-2 justify-center text-base md:gap-6 m-auto\">\n<div class=\"flex flex-1 text-base mx-auto gap-3 juice:gap-4 juice:md:gap-6 md:px-5 lg:px-1 xl:px-5 md:max-w-3xl lg:max-w-[40rem] xl:max-w-[48rem]\">\n<div class=\"relative flex w-full flex-col agent-turn\">\n<div class=\"flex-col gap-1 md:gap-3\">\n<div class=\"flex flex-grow flex-col max-w-full\">\n<div class=\"min-h-[20px] text-message flex flex-col items-start gap-3 whitespace-pre-wrap break-words [.text-message+&amp;]:mt-5 overflow-x-auto\" dir=\"auto\" data-message-author-role=\"assistant\" data-message-id=\"7acfe0dd-e896-4a25-a42b-2f337603c577\">\n<div class=\"markdown prose w-full break-words dark:prose-invert light\">\n<div class=\"flex-1 overflow-hidden\">\n<div class=\"react-scroll-to-bottom--css-efdun-79elbk h-full\">\n<div class=\"react-scroll-to-bottom--css-efdun-1n7m0yu\">\n<div class=\"flex flex-col text-sm pb-9\">\n<div class=\"w-full text-token-text-primary\" dir=\"auto\" data-testid=\"conversation-turn-673\">\n<div class=\"px-4 py-2 justify-center text-base md:gap-6 m-auto\">\n<div class=\"flex flex-1 text-base mx-auto gap-3 juice:gap-4 juice:md:gap-6 md:px-5 lg:px-1 xl:px-5 md:max-w-3xl lg:max-w-[40rem] xl:max-w-[48rem]\">\n<div class=\"relative flex w-full flex-col agent-turn\">\n<div class=\"flex-col gap-1 md:gap-3\">\n<div class=\"flex flex-grow flex-col max-w-full\">\n<div class=\"min-h-[20px] text-message flex flex-col items-start gap-3 whitespace-pre-wrap break-words [.text-message+&amp;]:mt-5 overflow-x-auto\" dir=\"auto\" data-message-author-role=\"assistant\" data-message-id=\"2b2adae3-0196-459c-8945-bc7ef906f22f\">\n<div class=\"markdown prose w-full break-words dark:prose-invert light\">\n<div class=\"flex-1 overflow-hidden\">\n<div class=\"react-scroll-to-bottom--css-efdun-79elbk h-full\">\n<div class=\"react-scroll-to-bottom--css-efdun-1n7m0yu\">\n<div class=\"flex flex-col text-sm pb-9\">\n<div class=\"w-full text-token-text-primary\" dir=\"auto\" data-testid=\"conversation-turn-679\">\n<div class=\"px-4 py-2 justify-center text-base md:gap-6 m-auto\">\n<div class=\"flex flex-1 text-base mx-auto gap-3 juice:gap-4 juice:md:gap-6 md:px-5 lg:px-1 xl:px-5 md:max-w-3xl lg:max-w-[40rem] xl:max-w-[48rem]\">\n<div class=\"relative flex w-full flex-col agent-turn\">\n<div class=\"flex-col gap-1 md:gap-3\">\n<div class=\"flex flex-grow flex-col max-w-full\">\n<div class=\"min-h-[20px] text-message flex flex-col items-start gap-3 whitespace-pre-wrap break-words [.text-message+&amp;]:mt-5 overflow-x-auto\" dir=\"auto\" data-message-author-role=\"assistant\" data-message-id=\"1b6ddf73-9dcc-47af-92f7-5b1a18b9e661\">\n<div class=\"markdown prose w-full break-words dark:prose-invert light\">\n<div class=\"flex-1 overflow-hidden\">\n<div class=\"react-scroll-to-bottom--css-efdun-79elbk h-full\">\n<div class=\"react-scroll-to-bottom--css-efdun-1n7m0yu\">\n<div class=\"flex flex-col text-sm pb-9\">\n<div class=\"w-full text-token-text-primary\" dir=\"auto\" data-testid=\"conversation-turn-693\">\n<div class=\"px-4 py-2 justify-center text-base md:gap-6 m-auto\">\n<div class=\"flex flex-1 text-base mx-auto gap-3 juice:gap-4 juice:md:gap-6 md:px-5 lg:px-1 xl:px-5 md:max-w-3xl lg:max-w-[40rem] xl:max-w-[48rem]\">\n<div class=\"relative flex w-full flex-col agent-turn\">\n<div class=\"flex-col gap-1 md:gap-3\">\n<div class=\"flex flex-grow flex-col max-w-full\">\n<div class=\"min-h-[20px] text-message flex flex-col items-start gap-3 whitespace-pre-wrap break-words [.text-message+&amp;]:mt-5 overflow-x-auto\" dir=\"auto\" data-message-author-role=\"assistant\" data-message-id=\"aab8f558-375a-4da7-85de-06e86547fc83\">\n<div class=\"markdown prose w-full break-words dark:prose-invert light\">\n<h5>Diamantklinga Standard &Oslash;400 mm f&ouml;r betong och universellt anv&auml;ndande<\/h5>\n<p>Uppn&aring; precisa snitt och &ouml;ka produktiviteten med v&aring;r diamantklinga av standardkvalitet. Med en diameter p&aring; 400 mm och ett centrumborrningsh&aring;l p&aring; 25,4 mm &auml;r denna klinga idealisk f&ouml;r en m&auml;ngd olika till&auml;mpningar, inklusive sk&auml;rning av armerad betong, tegelstenar, markstenar och trottoarplattor. De sl&auml;ta diamantsegmenten s&auml;kerst&auml;ller en j&auml;mn sk&auml;rprestanda och p&aring;litliga resultat, vilket g&ouml;r denna klinga till ett oumb&auml;rligt verktyg p&aring; varje byggarbetsplats.<\/p>\n<p>Specifikationer f&ouml;r Diamantklinga &Oslash;400mm:<\/p>\n<ul>\n<li>Typ: Diamantklinga Diameter: 400 mm<\/li>\n<li>Centrumborrningsh&aring;l: 25,4 mm<\/li>\n<li>Till&auml;mpning: F&ouml;r betong och universellt anv&auml;ndande<\/li>\n<li>Segmenttyp: Sl&auml;ta diamantsegment<\/li>\n<li>Till&auml;mpningar: Armerad betong, tegelstenar, markstenar, trottoarplattor<\/li>\n<li>Kompatibilitet: Passar de flesta standardklingor med en diameter p&aring; 400 mm och ett centrumborrningsh&aring;l p&aring; 25,4 mm.<\/li>\n<\/ul>\n<\/div>\n<\/div>\n<\/div>\n<\/div>\n<\/div>\n<\/div>\n<\/div>\n<\/div>\n<\/div>\n<\/div>\n<\/div>\n<\/div>\n<\/div>\n<\/div>\n<\/div>\n<\/div>\n<\/div>\n<\/div>\n<\/div>\n<\/div>\n<\/div>\n<\/div>\n<\/div>\n<\/div>\n<\/div>\n<\/div>\n<\/div>\n<\/div>\n<\/div>\n<\/div>\n<\/div>\n<\/div>\n<\/div>\n<\/div>\n<\/div>\n<\/div>\n<\/div>\n<\/div>\n<\/div>\n<\/div>\n<\/div>\n<\/div>\n<\/div>\n<\/div>\n<\/div>\n<\/div>\n<\/div>\n<\/div>\n","protected":false},"excerpt":{"rendered":"<div class=\"flex-1 overflow-hidden\">\n<div class=\"react-scroll-to-bottom--css-efdun-79elbk h-full\">\n<div class=\"react-scroll-to-bottom--css-efdun-1n7m0yu\">\n<div class=\"flex flex-col text-sm pb-9\">\n<div class=\"w-full text-token-text-primary\" dir=\"auto\" data-testid=\"conversation-turn-695\">\n<div class=\"px-4 py-2 justify-center text-base md:gap-6 m-auto\">\n<div class=\"flex flex-1 text-base mx-auto gap-3 juice:gap-4 juice:md:gap-6 md:px-5 lg:px-1 xl:px-5 md:max-w-3xl lg:max-w-[40rem] xl:max-w-[48rem]\">\n<div class=\"relative flex w-full flex-col agent-turn\">\n<div class=\"flex-col gap-1 md:gap-3\">\n<div class=\"flex flex-grow flex-col max-w-full\">\n<div class=\"min-h-[20px] text-message flex flex-col items-start gap-3 whitespace-pre-wrap break-words [.text-message+&amp;]:mt-5 overflow-x-auto\" dir=\"auto\" data-message-author-role=\"assistant\" data-message-id=\"2afa17ec-985d-4f62-9d36-b58bca5eb14a\">\n<div class=\"markdown prose w-full break-words dark:prose-invert light\">\n<h5>Diamantklinga Standard \u00d8400 mm f\u00f6r betong och universellt bruk<\/h5>\n<p>Uppn\u00e5 precisa snitt i armerad betong, tegelstenar, markstenar och mer med v\u00e5r diamantklinga av standardkvalitet. Med en diameter p\u00e5 400 mm och sl\u00e4ta diamantsegment garanterar detta m\u00e5ngsidiga blad p\u00e5litliga och effektiva snitt i varje till\u00e4mpning.<\/p>\n<ul>\n<li>\u00d8400 mm &#8211; Centrumh\u00e5l 25,4 mm<\/li>\n<li>Sl\u00e4ta diamantsegment<\/li>\n<li>l\u00e4mplig f\u00f6r: armerad betong, tegelstenar, markstenar, trottoarplattor<\/li>\n<\/ul>\n<\/div>\n<\/div>\n<\/div>\n<\/div>\n<\/div>\n<\/div>\n<\/div>\n<\/div>\n<\/div>\n<\/div>\n<\/div>\n<\/div>\n","protected":false},"featured_media":2841,"comment_status":"open","ping_status":"closed","template":"","meta":[],"product_brand":[],"product_cat":[1240],"product_tag":[1836,618,1191,1508,1242,1244,1616,2765,2766,2767,2179,2233,1509,1245,2769,1510,10443,10444,8040,8041,8042,1511],"class_list":{"0":"post-2852","1":"product","2":"type-product","3":"status-publish","4":"has-post-thumbnail","6":"product_cat-diamant-klinger-sv","7":"product_tag-concreteblade-sv","8":"product_tag-construction-sv-2","9":"product_tag-cuttingblade-sv","10":"product_tag-diamantklinga-sv","11":"product_tag-diamantklinge-sv","12":"product_tag-diamantscheibe-sv","13":"product_tag-diamantschijf-sv","14":"product_tag-diamantsegment-sv","15":"product_tag-diamantsegmente-sv","16":"product_tag-diamantsegmenten-sv","17":"product_tag-diamantvaerktoej-sv","18":"product_tag-diamantverktyg-sv","19":"product_tag-diamantzaagblad-sv","20":"product_tag-diamondblade-sv","21":"product_tag-diamondsegments-sv","22":"product_tag-klinga-sv","23":"product_tag-skaereklinge-sv","24":"product_tag-skaerklinga-sv","25":"product_tag-universalblade-sv","26":"product_tag-universalklinge-sv","27":"product_tag-universalscheibe-sv","28":"product_tag-zaagblad-sv","30":"first","31":"instock","32":"taxable","33":"shipping-taxable","34":"purchasable","35":"product-type-simple"},"yoast_head":"<!-- This site is optimized with the Yoast SEO plugin v27.4 - https:\/\/yoast.com\/product\/yoast-seo-wordpress\/ -->\n<title>Diamantklinga Standard \u00d8400 mm f\u00f6r betong och universellt anv\u00e4ndande - Murerpoint ApS<\/title>\n<meta name=\"description\" content=\"Diamantklinga med en diameter p\u00e5 400 mm. Med sl\u00e4ta diamantsegment och en universell design \u00e4r detta blad idealiskt f\u00f6r olika till\u00e4mpningar.\" \/>\n<meta name=\"robots\" content=\"index, follow, max-snippet:-1, max-image-preview:large, max-video-preview:-1\" \/>\n<link rel=\"canonical\" href=\"https:\/\/murerpoint.dk\/sv\/produkt\/diamantklinga-standard-oe400-mm-for-betong-och-universellt-anvandande\/\" \/>\n<meta property=\"og:locale\" content=\"sv_SE\" \/>\n<meta property=\"og:type\" content=\"article\" \/>\n<meta property=\"og:title\" content=\"Diamantklinga Standard \u00d8400 mm f\u00f6r betong och universellt anv\u00e4ndande - Murerpoint ApS\" \/>\n<meta property=\"og:description\" content=\"Diamantklinga med en diameter p\u00e5 400 mm. Med sl\u00e4ta diamantsegment och en universell design \u00e4r detta blad idealiskt f\u00f6r olika till\u00e4mpningar.\" \/>\n<meta property=\"og:url\" content=\"https:\/\/murerpoint.dk\/sv\/produkt\/diamantklinga-standard-oe400-mm-for-betong-och-universellt-anvandande\/\" \/>\n<meta property=\"og:site_name\" content=\"Murerpoint ApS\" \/>\n<meta property=\"article:publisher\" content=\"https:\/\/m.facebook.com\/profile.php?id=61555157262134\" \/>\n<meta property=\"article:modified_time\" content=\"2024-04-22T11:15:11+00:00\" \/>\n<meta property=\"og:image\" content=\"https:\/\/murerpoint.dk\/wp-content\/uploads\/2024\/04\/Diamant-klinge-Oe400-stanard-front-768x1024.png\" \/>\n\t<meta property=\"og:image:width\" content=\"768\" \/>\n\t<meta property=\"og:image:height\" content=\"1024\" \/>\n\t<meta property=\"og:image:type\" content=\"image\/png\" \/>\n<meta name=\"twitter:card\" content=\"summary_large_image\" \/>\n<meta name=\"twitter:label1\" content=\"Pris\" \/>\n\t<meta name=\"twitter:data1\" content=\"&euro;63.43 Pris ekskl. moms: &euro;50.74\" \/>\n\t<meta name=\"twitter:label2\" content=\"Tillg\u00e4nglig\" \/>\n\t<meta name=\"twitter:data2\" content=\"I lager\" \/>\n<script type=\"application\/ld+json\" class=\"yoast-schema-graph\">{\"@context\":\"https:\\\/\\\/schema.org\",\"@graph\":[{\"@type\":\"WebPage\",\"@id\":\"https:\\\/\\\/murerpoint.dk\\\/sv\\\/produkt\\\/diamantklinga-standard-oe400-mm-for-betong-och-universellt-anvandande\\\/\",\"url\":\"https:\\\/\\\/murerpoint.dk\\\/sv\\\/produkt\\\/diamantklinga-standard-oe400-mm-for-betong-och-universellt-anvandande\\\/\",\"name\":\"Diamantklinga Standard \u00d8400 mm f\u00f6r betong och universellt anv\u00e4ndande - Murerpoint ApS\",\"isPartOf\":{\"@id\":\"https:\\\/\\\/murerpoint.dk\\\/sv\\\/#website\"},\"primaryImageOfPage\":{\"@id\":\"https:\\\/\\\/murerpoint.dk\\\/sv\\\/produkt\\\/diamantklinga-standard-oe400-mm-for-betong-och-universellt-anvandande\\\/#primaryimage\"},\"image\":{\"@id\":\"https:\\\/\\\/murerpoint.dk\\\/sv\\\/produkt\\\/diamantklinga-standard-oe400-mm-for-betong-och-universellt-anvandande\\\/#primaryimage\"},\"thumbnailUrl\":\"https:\\\/\\\/murerpoint.dk\\\/wp-content\\\/uploads\\\/2024\\\/04\\\/Diamant-klinge-Oe400-stanard-front.png\",\"datePublished\":\"2024-04-19T08:18:44+00:00\",\"dateModified\":\"2024-04-22T11:15:11+00:00\",\"description\":\"Diamantklinga med en diameter p\u00e5 400 mm. Med sl\u00e4ta diamantsegment och en universell design \u00e4r detta blad idealiskt f\u00f6r olika till\u00e4mpningar.\",\"breadcrumb\":{\"@id\":\"https:\\\/\\\/murerpoint.dk\\\/sv\\\/produkt\\\/diamantklinga-standard-oe400-mm-for-betong-och-universellt-anvandande\\\/#breadcrumb\"},\"inLanguage\":\"sv-SE\",\"potentialAction\":[{\"@type\":\"ReadAction\",\"target\":[\"https:\\\/\\\/murerpoint.dk\\\/sv\\\/produkt\\\/diamantklinga-standard-oe400-mm-for-betong-och-universellt-anvandande\\\/\"]}]},{\"@type\":\"ImageObject\",\"inLanguage\":\"sv-SE\",\"@id\":\"https:\\\/\\\/murerpoint.dk\\\/sv\\\/produkt\\\/diamantklinga-standard-oe400-mm-for-betong-och-universellt-anvandande\\\/#primaryimage\",\"url\":\"https:\\\/\\\/murerpoint.dk\\\/wp-content\\\/uploads\\\/2024\\\/04\\\/Diamant-klinge-Oe400-stanard-front.png\",\"contentUrl\":\"https:\\\/\\\/murerpoint.dk\\\/wp-content\\\/uploads\\\/2024\\\/04\\\/Diamant-klinge-Oe400-stanard-front.png\",\"width\":3024,\"height\":4032,\"caption\":\"Diamantklinge Standard \u00d8400 mm til Beton og Universel Brug\"},{\"@type\":\"BreadcrumbList\",\"@id\":\"https:\\\/\\\/murerpoint.dk\\\/sv\\\/produkt\\\/diamantklinga-standard-oe400-mm-for-betong-och-universellt-anvandande\\\/#breadcrumb\",\"itemListElement\":[{\"@type\":\"ListItem\",\"position\":1,\"name\":\"Hjem\",\"item\":\"https:\\\/\\\/murerpoint.dk\\\/sv\\\/\"},{\"@type\":\"ListItem\",\"position\":2,\"name\":\"SHOPPEN\",\"item\":\"https:\\\/\\\/murerpoint.dk\\\/sv\\\/shoppen\\\/\"},{\"@type\":\"ListItem\",\"position\":3,\"name\":\"Diamantklinga Standard \u00d8400 mm f\u00f6r betong och universellt anv\u00e4ndande\"}]},{\"@type\":\"WebSite\",\"@id\":\"https:\\\/\\\/murerpoint.dk\\\/sv\\\/#website\",\"url\":\"https:\\\/\\\/murerpoint.dk\\\/sv\\\/\",\"name\":\"Murerpoint\",\"description\":\"kvalitets v\u00e6rkt\u00f8j\",\"publisher\":{\"@id\":\"https:\\\/\\\/murerpoint.dk\\\/sv\\\/#organization\"},\"potentialAction\":[{\"@type\":\"SearchAction\",\"target\":{\"@type\":\"EntryPoint\",\"urlTemplate\":\"https:\\\/\\\/murerpoint.dk\\\/sv\\\/?s={search_term_string}\"},\"query-input\":{\"@type\":\"PropertyValueSpecification\",\"valueRequired\":true,\"valueName\":\"search_term_string\"}}],\"inLanguage\":\"sv-SE\"},{\"@type\":\"Organization\",\"@id\":\"https:\\\/\\\/murerpoint.dk\\\/sv\\\/#organization\",\"name\":\"Murerpoint ApS\",\"url\":\"https:\\\/\\\/murerpoint.dk\\\/sv\\\/\",\"logo\":{\"@type\":\"ImageObject\",\"inLanguage\":\"sv-SE\",\"@id\":\"https:\\\/\\\/murerpoint.dk\\\/sv\\\/#\\\/schema\\\/logo\\\/image\\\/\",\"url\":\"https:\\\/\\\/murerpoint.dk\\\/wp-content\\\/uploads\\\/2023\\\/12\\\/cropped-Sort-Midt-Roed-Mursten.png\",\"contentUrl\":\"https:\\\/\\\/murerpoint.dk\\\/wp-content\\\/uploads\\\/2023\\\/12\\\/cropped-Sort-Midt-Roed-Mursten.png\",\"width\":512,\"height\":512,\"caption\":\"Murerpoint ApS\"},\"image\":{\"@id\":\"https:\\\/\\\/murerpoint.dk\\\/sv\\\/#\\\/schema\\\/logo\\\/image\\\/\"},\"sameAs\":[\"https:\\\/\\\/m.facebook.com\\\/profile.php?id=61555157262134\",\"https:\\\/\\\/www.instagram.com\\\/murerpoint?igsh=azluMWV6cTnc2ts&utm_source=qr\",\"https:\\\/\\\/www.tiktok.com\\\/@murerpoint?is_from_webapp=1&sender_device=pc\"]}]}<\/script>\n<meta property=\"product:price:amount\" content=\"63.43\" \/>\n<meta property=\"product:price:currency\" content=\"EUR\" \/>\n<meta property=\"og:availability\" content=\"instock\" \/>\n<meta property=\"product:availability\" content=\"instock\" \/>\n<meta property=\"product:retailer_item_id\" content=\"mp00047\" \/>\n<meta property=\"product:condition\" content=\"new\" \/>\n<!-- \/ Yoast SEO plugin. -->","yoast_head_json":{"title":"Diamantklinga Standard \u00d8400 mm f\u00f6r betong och universellt anv\u00e4ndande - Murerpoint ApS","description":"Diamantklinga med en diameter p\u00e5 400 mm. Med sl\u00e4ta diamantsegment och en universell design \u00e4r detta blad idealiskt f\u00f6r olika till\u00e4mpningar.","robots":{"index":"index","follow":"follow","max-snippet":"max-snippet:-1","max-image-preview":"max-image-preview:large","max-video-preview":"max-video-preview:-1"},"canonical":"https:\/\/murerpoint.dk\/sv\/produkt\/diamantklinga-standard-oe400-mm-for-betong-och-universellt-anvandande\/","og_locale":"sv_SE","og_type":"article","og_title":"Diamantklinga Standard \u00d8400 mm f\u00f6r betong och universellt anv\u00e4ndande - Murerpoint ApS","og_description":"Diamantklinga med en diameter p\u00e5 400 mm. Med sl\u00e4ta diamantsegment och en universell design \u00e4r detta blad idealiskt f\u00f6r olika till\u00e4mpningar.","og_url":"https:\/\/murerpoint.dk\/sv\/produkt\/diamantklinga-standard-oe400-mm-for-betong-och-universellt-anvandande\/","og_site_name":"Murerpoint ApS","article_publisher":"https:\/\/m.facebook.com\/profile.php?id=61555157262134","article_modified_time":"2024-04-22T11:15:11+00:00","og_image":[{"width":768,"height":1024,"url":"https:\/\/murerpoint.dk\/wp-content\/uploads\/2024\/04\/Diamant-klinge-Oe400-stanard-front-768x1024.png","type":"image\/png"}],"twitter_card":"summary_large_image","twitter_misc":{"Pris":"&euro;63.43 Pris ekskl. moms: &euro;50.74","Tillg\u00e4nglig":"I lager"},"schema":{"@context":"https:\/\/schema.org","@graph":[{"@type":"WebPage","@id":"https:\/\/murerpoint.dk\/sv\/produkt\/diamantklinga-standard-oe400-mm-for-betong-och-universellt-anvandande\/","url":"https:\/\/murerpoint.dk\/sv\/produkt\/diamantklinga-standard-oe400-mm-for-betong-och-universellt-anvandande\/","name":"Diamantklinga Standard \u00d8400 mm f\u00f6r betong och universellt anv\u00e4ndande - Murerpoint ApS","isPartOf":{"@id":"https:\/\/murerpoint.dk\/sv\/#website"},"primaryImageOfPage":{"@id":"https:\/\/murerpoint.dk\/sv\/produkt\/diamantklinga-standard-oe400-mm-for-betong-och-universellt-anvandande\/#primaryimage"},"image":{"@id":"https:\/\/murerpoint.dk\/sv\/produkt\/diamantklinga-standard-oe400-mm-for-betong-och-universellt-anvandande\/#primaryimage"},"thumbnailUrl":"https:\/\/murerpoint.dk\/wp-content\/uploads\/2024\/04\/Diamant-klinge-Oe400-stanard-front.png","datePublished":"2024-04-19T08:18:44+00:00","dateModified":"2024-04-22T11:15:11+00:00","description":"Diamantklinga med en diameter p\u00e5 400 mm. Med sl\u00e4ta diamantsegment och en universell design \u00e4r detta blad idealiskt f\u00f6r olika till\u00e4mpningar.","breadcrumb":{"@id":"https:\/\/murerpoint.dk\/sv\/produkt\/diamantklinga-standard-oe400-mm-for-betong-och-universellt-anvandande\/#breadcrumb"},"inLanguage":"sv-SE","potentialAction":[{"@type":"ReadAction","target":["https:\/\/murerpoint.dk\/sv\/produkt\/diamantklinga-standard-oe400-mm-for-betong-och-universellt-anvandande\/"]}]},{"@type":"ImageObject","inLanguage":"sv-SE","@id":"https:\/\/murerpoint.dk\/sv\/produkt\/diamantklinga-standard-oe400-mm-for-betong-och-universellt-anvandande\/#primaryimage","url":"https:\/\/murerpoint.dk\/wp-content\/uploads\/2024\/04\/Diamant-klinge-Oe400-stanard-front.png","contentUrl":"https:\/\/murerpoint.dk\/wp-content\/uploads\/2024\/04\/Diamant-klinge-Oe400-stanard-front.png","width":3024,"height":4032,"caption":"Diamantklinge Standard \u00d8400 mm til Beton og Universel Brug"},{"@type":"BreadcrumbList","@id":"https:\/\/murerpoint.dk\/sv\/produkt\/diamantklinga-standard-oe400-mm-for-betong-och-universellt-anvandande\/#breadcrumb","itemListElement":[{"@type":"ListItem","position":1,"name":"Hjem","item":"https:\/\/murerpoint.dk\/sv\/"},{"@type":"ListItem","position":2,"name":"SHOPPEN","item":"https:\/\/murerpoint.dk\/sv\/shoppen\/"},{"@type":"ListItem","position":3,"name":"Diamantklinga Standard \u00d8400 mm f\u00f6r betong och universellt anv\u00e4ndande"}]},{"@type":"WebSite","@id":"https:\/\/murerpoint.dk\/sv\/#website","url":"https:\/\/murerpoint.dk\/sv\/","name":"Murerpoint","description":"kvalitets v\u00e6rkt\u00f8j","publisher":{"@id":"https:\/\/murerpoint.dk\/sv\/#organization"},"potentialAction":[{"@type":"SearchAction","target":{"@type":"EntryPoint","urlTemplate":"https:\/\/murerpoint.dk\/sv\/?s={search_term_string}"},"query-input":{"@type":"PropertyValueSpecification","valueRequired":true,"valueName":"search_term_string"}}],"inLanguage":"sv-SE"},{"@type":"Organization","@id":"https:\/\/murerpoint.dk\/sv\/#organization","name":"Murerpoint ApS","url":"https:\/\/murerpoint.dk\/sv\/","logo":{"@type":"ImageObject","inLanguage":"sv-SE","@id":"https:\/\/murerpoint.dk\/sv\/#\/schema\/logo\/image\/","url":"https:\/\/murerpoint.dk\/wp-content\/uploads\/2023\/12\/cropped-Sort-Midt-Roed-Mursten.png","contentUrl":"https:\/\/murerpoint.dk\/wp-content\/uploads\/2023\/12\/cropped-Sort-Midt-Roed-Mursten.png","width":512,"height":512,"caption":"Murerpoint ApS"},"image":{"@id":"https:\/\/murerpoint.dk\/sv\/#\/schema\/logo\/image\/"},"sameAs":["https:\/\/m.facebook.com\/profile.php?id=61555157262134","https:\/\/www.instagram.com\/murerpoint?igsh=azluMWV6cTnc2ts&utm_source=qr","https:\/\/www.tiktok.com\/@murerpoint?is_from_webapp=1&sender_device=pc"]}]},"product_price_amount":"63.43","product_price_currency":"EUR","og_availability":"instock","product_availability":"instock","product_retailer_item_id":"mp00047","product_condition":"new"},"_links":{"self":[{"href":"https:\/\/murerpoint.dk\/sv\/wp-json\/wp\/v2\/product\/2852","targetHints":{"allow":["GET"]}}],"collection":[{"href":"https:\/\/murerpoint.dk\/sv\/wp-json\/wp\/v2\/product"}],"about":[{"href":"https:\/\/murerpoint.dk\/sv\/wp-json\/wp\/v2\/types\/product"}],"replies":[{"embeddable":true,"href":"https:\/\/murerpoint.dk\/sv\/wp-json\/wp\/v2\/comments?post=2852"}],"wp:featuredmedia":[{"embeddable":true,"href":"https:\/\/murerpoint.dk\/sv\/wp-json\/wp\/v2\/media\/2841"}],"wp:attachment":[{"href":"https:\/\/murerpoint.dk\/sv\/wp-json\/wp\/v2\/media?parent=2852"}],"wp:term":[{"taxonomy":"product_brand","embeddable":true,"href":"https:\/\/murerpoint.dk\/sv\/wp-json\/wp\/v2\/product_brand?post=2852"},{"taxonomy":"product_cat","embeddable":true,"href":"https:\/\/murerpoint.dk\/sv\/wp-json\/wp\/v2\/product_cat?post=2852"},{"taxonomy":"product_tag","embeddable":true,"href":"https:\/\/murerpoint.dk\/sv\/wp-json\/wp\/v2\/product_tag?post=2852"}],"curies":[{"name":"wp","href":"https:\/\/api.w.org\/{rel}","templated":true}]}}