{"id":2990,"date":"2024-04-24T07:21:05","date_gmt":"2024-04-24T07:21:05","guid":{"rendered":"https:\/\/murerpoint.dk\/product\/fliesen-diamant-saegeblatt-oe125-mm\/"},"modified":"2024-04-25T09:45:02","modified_gmt":"2024-04-25T09:45:02","slug":"diamant-kakelblad-oe125-mm","status":"publish","type":"product","link":"https:\/\/murerpoint.dk\/sv\/produkt\/diamant-kakelblad-oe125-mm\/","title":{"rendered":"Diamant Kakelblad \u00d8125 mm"},"content":{"rendered":"<?xml encoding=\"utf-8\" ?><div class=\"w-full text-token-text-primary\" dir=\"auto\" data-testid=\"conversation-turn-785\">\n<div class=\"px-4 py-2 justify-center text-base md:gap-6 m-auto\">\n<div class=\"flex flex-1 text-base mx-auto gap-3 juice:gap-4 juice:md:gap-6 md:px-5 lg:px-1 xl:px-5 md:max-w-3xl lg:max-w-[40rem] xl:max-w-[48rem]\">\n<div class=\"relative flex w-full flex-col agent-turn\">\n<div class=\"flex-col gap-1 md:gap-3\">\n<div class=\"flex flex-grow flex-col max-w-full\">\n<div class=\"min-h-[20px] text-message flex flex-col items-start gap-3 whitespace-pre-wrap break-words [.text-message+&amp;]:mt-5 overflow-x-auto\" dir=\"auto\" data-message-author-role=\"assistant\" data-message-id=\"8b60a1ac-5117-4eb6-9b9e-26dc64a63457\">\n<div class=\"markdown prose w-full break-words dark:prose-invert light\">\n<h5>Diamant Kakelblad &Oslash;125 mm &ndash; Precis och effektiv sk&auml;rning<\/h5>\n<p>Torrsk&auml;rning av klinker, keramik, tunn granit och marmor &auml;r enkelt med en vanlig vinkelslipmaskin.<\/p>\n<p>Denna diamantskiva med ventilation &auml;r idealisk f&ouml;r professionella hantverkare och kr&auml;vande hemmafixare.<\/p>\n<p>H&ouml;gkvalitativ diamantklinga med diamantbel&auml;ggning. Den extremt tunna sk&auml;rkanten ger snabba och fina snitt.<\/p>\n<p><strong>Specifikationer:<\/strong><\/p>\n<ul>\n<li>Diameter: 125 mm<\/li>\n<li>Mitt h&aring;l: 22,23 mm<\/li>\n<li>Hastighet: Max. 80 m\/s (12 250 varv\/min)<\/li>\n<li>Klinkerskiva f&ouml;r h&aring;rda keramiska klinker<\/li>\n<li>Flet-diamantsegmentering m&ouml;jligg&ouml;r h&ouml;g sk&auml;rhastighet<\/li>\n<li>Ger rena och precisa snitt<\/li>\n<\/ul>\n<p>Uppn&aring; precisa och effektiva snitt med v&aring;r Diamant Kakelblad &Oslash;125 mm. Denna klinga &auml;r utformad f&ouml;r att leverera p&aring;litliga resultat vid varje anv&auml;ndning. Med en maximal hastighet p&aring; 80 m\/s och efterlevnad av EN13236-standarden s&auml;kerst&auml;ller denna klinga b&aring;de s&auml;kerhet och prestanda. Pilens riktning &aring;t h&ouml;ger underl&auml;ttar korrekt montering av klingan och s&auml;kerst&auml;ller optimal sk&auml;rprestanda.<\/p>\n<\/div>\n<\/div>\n<\/div>\n<\/div>\n<\/div>\n<\/div>\n<\/div>\n<\/div>\n","protected":false},"excerpt":{"rendered":"<h5>Diamant Kakelblad \u00d8125 mm<\/h5>\n<p><strong>Specifikationer:<\/strong><\/p>\n<ul>\n<li>Diameter: 125 mm<\/li>\n<li>Mitt h\u00e5l: 22,23 mm<\/li>\n<li>Hastighet: Max. 80 m\/s (12 250 varv\/min)<\/li>\n<li>Klinkerskiva f\u00f6r h\u00e5rda keramiska klinker<\/li>\n<li>Flet-diamantsegmentering m\u00f6jligg\u00f6r h\u00f6g sk\u00e4rhastighet<\/li>\n<li>Ger rena och precisa snitt<\/li>\n<\/ul>\n","protected":false},"featured_media":2968,"comment_status":"open","ping_status":"closed","template":"","meta":[],"product_brand":[],"product_cat":[],"product_tag":[],"class_list":{"0":"post-2990","1":"product","2":"type-product","3":"status-publish","4":"has-post-thumbnail","7":"first","8":"instock","9":"taxable","10":"shipping-taxable","11":"purchasable","12":"product-type-simple"},"yoast_head":"<!-- This site is optimized with the Yoast SEO plugin v27.5 - https:\/\/yoast.com\/product\/yoast-seo-wordpress\/ -->\n<title>Diamant Kakelblad \u00d8125 mm - Murerpoint ApS<\/title>\n<meta name=\"description\" content=\"V\u00e5r Diamant Kakelblad \u00d8125 mm, \u00e4r l\u00e4mplig f\u00f6r att sk\u00e4ra kakel och keramiska material. Maximal hastighet p\u00e5 80m\/s, \u00d8125x22,23mm.\" \/>\n<meta name=\"robots\" content=\"index, follow, max-snippet:-1, max-image-preview:large, max-video-preview:-1\" \/>\n<link rel=\"canonical\" href=\"https:\/\/murerpoint.dk\/sv\/produkt\/diamant-kakelblad-oe125-mm\/\" \/>\n<meta property=\"og:locale\" content=\"sv_SE\" \/>\n<meta property=\"og:type\" content=\"article\" \/>\n<meta property=\"og:title\" content=\"Diamant Kakelblad \u00d8125 mm - Murerpoint ApS\" \/>\n<meta property=\"og:description\" content=\"V\u00e5r Diamant Kakelblad \u00d8125 mm, \u00e4r l\u00e4mplig f\u00f6r att sk\u00e4ra kakel och keramiska material. Maximal hastighet p\u00e5 80m\/s, \u00d8125x22,23mm.\" \/>\n<meta property=\"og:url\" content=\"https:\/\/murerpoint.dk\/sv\/produkt\/diamant-kakelblad-oe125-mm\/\" \/>\n<meta property=\"og:site_name\" content=\"Murerpoint ApS\" \/>\n<meta property=\"article:publisher\" content=\"https:\/\/m.facebook.com\/profile.php?id=61555157262134\" \/>\n<meta property=\"article:modified_time\" content=\"2024-04-25T09:45:02+00:00\" \/>\n<meta property=\"og:image\" content=\"https:\/\/murerpoint.dk\/wp-content\/uploads\/2024\/04\/FLiseklinge-FLET-bruges-til.jpg\" \/>\n\t<meta property=\"og:image:width\" content=\"500\" \/>\n\t<meta property=\"og:image:height\" content=\"500\" \/>\n\t<meta property=\"og:image:type\" content=\"image\/jpeg\" \/>\n<meta name=\"twitter:card\" content=\"summary_large_image\" \/>\n<meta name=\"twitter:label1\" content=\"Pris\" \/>\n\t<meta name=\"twitter:data1\" content=\"&euro;19.24 Pris ekskl. moms: &euro;15.39\" \/>\n\t<meta name=\"twitter:label2\" content=\"Tillg\u00e4nglig\" \/>\n\t<meta name=\"twitter:data2\" content=\"I lager\" \/>\n<script type=\"application\/ld+json\" class=\"yoast-schema-graph\">{\"@context\":\"https:\\\/\\\/schema.org\",\"@graph\":[{\"@type\":\"WebPage\",\"@id\":\"https:\\\/\\\/murerpoint.dk\\\/sv\\\/produkt\\\/diamant-kakelblad-oe125-mm\\\/\",\"url\":\"https:\\\/\\\/murerpoint.dk\\\/sv\\\/produkt\\\/diamant-kakelblad-oe125-mm\\\/\",\"name\":\"Diamant Kakelblad \u00d8125 mm - Murerpoint ApS\",\"isPartOf\":{\"@id\":\"https:\\\/\\\/murerpoint.dk\\\/sv\\\/#website\"},\"primaryImageOfPage\":{\"@id\":\"https:\\\/\\\/murerpoint.dk\\\/sv\\\/produkt\\\/diamant-kakelblad-oe125-mm\\\/#primaryimage\"},\"image\":{\"@id\":\"https:\\\/\\\/murerpoint.dk\\\/sv\\\/produkt\\\/diamant-kakelblad-oe125-mm\\\/#primaryimage\"},\"thumbnailUrl\":\"https:\\\/\\\/murerpoint.dk\\\/wp-content\\\/uploads\\\/2024\\\/04\\\/FLiseklinge-FLET-bruges-til.jpg\",\"datePublished\":\"2024-04-24T07:21:05+00:00\",\"dateModified\":\"2024-04-25T09:45:02+00:00\",\"description\":\"V\u00e5r Diamant Kakelblad \u00d8125 mm, \u00e4r l\u00e4mplig f\u00f6r att sk\u00e4ra kakel och keramiska material. Maximal hastighet p\u00e5 80m\\\/s, \u00d8125x22,23mm.\",\"breadcrumb\":{\"@id\":\"https:\\\/\\\/murerpoint.dk\\\/sv\\\/produkt\\\/diamant-kakelblad-oe125-mm\\\/#breadcrumb\"},\"inLanguage\":\"sv-SE\",\"potentialAction\":[{\"@type\":\"ReadAction\",\"target\":[\"https:\\\/\\\/murerpoint.dk\\\/sv\\\/produkt\\\/diamant-kakelblad-oe125-mm\\\/\"]}]},{\"@type\":\"ImageObject\",\"inLanguage\":\"sv-SE\",\"@id\":\"https:\\\/\\\/murerpoint.dk\\\/sv\\\/produkt\\\/diamant-kakelblad-oe125-mm\\\/#primaryimage\",\"url\":\"https:\\\/\\\/murerpoint.dk\\\/wp-content\\\/uploads\\\/2024\\\/04\\\/FLiseklinge-FLET-bruges-til.jpg\",\"contentUrl\":\"https:\\\/\\\/murerpoint.dk\\\/wp-content\\\/uploads\\\/2024\\\/04\\\/FLiseklinge-FLET-bruges-til.jpg\",\"width\":500,\"height\":500,\"caption\":\"Diamant Fliseklinge-FLET \u00d8125mm\"},{\"@type\":\"BreadcrumbList\",\"@id\":\"https:\\\/\\\/murerpoint.dk\\\/sv\\\/produkt\\\/diamant-kakelblad-oe125-mm\\\/#breadcrumb\",\"itemListElement\":[{\"@type\":\"ListItem\",\"position\":1,\"name\":\"Hjem\",\"item\":\"https:\\\/\\\/murerpoint.dk\\\/sv\\\/\"},{\"@type\":\"ListItem\",\"position\":2,\"name\":\"SHOPPEN\",\"item\":\"https:\\\/\\\/murerpoint.dk\\\/sv\\\/shoppen\\\/\"},{\"@type\":\"ListItem\",\"position\":3,\"name\":\"Diamant Kakelblad \u00d8125 mm\"}]},{\"@type\":\"WebSite\",\"@id\":\"https:\\\/\\\/murerpoint.dk\\\/sv\\\/#website\",\"url\":\"https:\\\/\\\/murerpoint.dk\\\/sv\\\/\",\"name\":\"Murerpoint\",\"description\":\"kvalitets v\u00e6rkt\u00f8j\",\"publisher\":{\"@id\":\"https:\\\/\\\/murerpoint.dk\\\/sv\\\/#organization\"},\"potentialAction\":[{\"@type\":\"SearchAction\",\"target\":{\"@type\":\"EntryPoint\",\"urlTemplate\":\"https:\\\/\\\/murerpoint.dk\\\/sv\\\/?s={search_term_string}\"},\"query-input\":{\"@type\":\"PropertyValueSpecification\",\"valueRequired\":true,\"valueName\":\"search_term_string\"}}],\"inLanguage\":\"sv-SE\"},{\"@type\":\"Organization\",\"@id\":\"https:\\\/\\\/murerpoint.dk\\\/sv\\\/#organization\",\"name\":\"Murerpoint ApS\",\"url\":\"https:\\\/\\\/murerpoint.dk\\\/sv\\\/\",\"logo\":{\"@type\":\"ImageObject\",\"inLanguage\":\"sv-SE\",\"@id\":\"https:\\\/\\\/murerpoint.dk\\\/sv\\\/#\\\/schema\\\/logo\\\/image\\\/\",\"url\":\"https:\\\/\\\/murerpoint.dk\\\/wp-content\\\/uploads\\\/2023\\\/12\\\/cropped-Sort-Midt-Roed-Mursten.png\",\"contentUrl\":\"https:\\\/\\\/murerpoint.dk\\\/wp-content\\\/uploads\\\/2023\\\/12\\\/cropped-Sort-Midt-Roed-Mursten.png\",\"width\":512,\"height\":512,\"caption\":\"Murerpoint ApS\"},\"image\":{\"@id\":\"https:\\\/\\\/murerpoint.dk\\\/sv\\\/#\\\/schema\\\/logo\\\/image\\\/\"},\"sameAs\":[\"https:\\\/\\\/m.facebook.com\\\/profile.php?id=61555157262134\",\"https:\\\/\\\/www.instagram.com\\\/murerpoint?igsh=azluMWV6cTnc2ts&utm_source=qr\",\"https:\\\/\\\/www.tiktok.com\\\/@murerpoint?is_from_webapp=1&sender_device=pc\"]}]}<\/script>\n<meta property=\"product:price:amount\" content=\"19.24\" \/>\n<meta property=\"product:price:currency\" content=\"EUR\" \/>\n<meta property=\"og:availability\" content=\"instock\" \/>\n<meta property=\"product:availability\" content=\"instock\" \/>\n<meta property=\"product:retailer_item_id\" content=\"mp00002\" \/>\n<meta property=\"product:condition\" content=\"new\" \/>\n<!-- \/ Yoast SEO plugin. -->","yoast_head_json":{"title":"Diamant Kakelblad \u00d8125 mm - Murerpoint ApS","description":"V\u00e5r Diamant Kakelblad \u00d8125 mm, \u00e4r l\u00e4mplig f\u00f6r att sk\u00e4ra kakel och keramiska material. Maximal hastighet p\u00e5 80m\/s, \u00d8125x22,23mm.","robots":{"index":"index","follow":"follow","max-snippet":"max-snippet:-1","max-image-preview":"max-image-preview:large","max-video-preview":"max-video-preview:-1"},"canonical":"https:\/\/murerpoint.dk\/sv\/produkt\/diamant-kakelblad-oe125-mm\/","og_locale":"sv_SE","og_type":"article","og_title":"Diamant Kakelblad \u00d8125 mm - Murerpoint ApS","og_description":"V\u00e5r Diamant Kakelblad \u00d8125 mm, \u00e4r l\u00e4mplig f\u00f6r att sk\u00e4ra kakel och keramiska material. Maximal hastighet p\u00e5 80m\/s, \u00d8125x22,23mm.","og_url":"https:\/\/murerpoint.dk\/sv\/produkt\/diamant-kakelblad-oe125-mm\/","og_site_name":"Murerpoint ApS","article_publisher":"https:\/\/m.facebook.com\/profile.php?id=61555157262134","article_modified_time":"2024-04-25T09:45:02+00:00","og_image":[{"width":500,"height":500,"url":"https:\/\/murerpoint.dk\/wp-content\/uploads\/2024\/04\/FLiseklinge-FLET-bruges-til.jpg","type":"image\/jpeg"}],"twitter_card":"summary_large_image","twitter_misc":{"Pris":"&euro;19.24 Pris ekskl. moms: &euro;15.39","Tillg\u00e4nglig":"I lager"},"schema":{"@context":"https:\/\/schema.org","@graph":[{"@type":"WebPage","@id":"https:\/\/murerpoint.dk\/sv\/produkt\/diamant-kakelblad-oe125-mm\/","url":"https:\/\/murerpoint.dk\/sv\/produkt\/diamant-kakelblad-oe125-mm\/","name":"Diamant Kakelblad \u00d8125 mm - Murerpoint ApS","isPartOf":{"@id":"https:\/\/murerpoint.dk\/sv\/#website"},"primaryImageOfPage":{"@id":"https:\/\/murerpoint.dk\/sv\/produkt\/diamant-kakelblad-oe125-mm\/#primaryimage"},"image":{"@id":"https:\/\/murerpoint.dk\/sv\/produkt\/diamant-kakelblad-oe125-mm\/#primaryimage"},"thumbnailUrl":"https:\/\/murerpoint.dk\/wp-content\/uploads\/2024\/04\/FLiseklinge-FLET-bruges-til.jpg","datePublished":"2024-04-24T07:21:05+00:00","dateModified":"2024-04-25T09:45:02+00:00","description":"V\u00e5r Diamant Kakelblad \u00d8125 mm, \u00e4r l\u00e4mplig f\u00f6r att sk\u00e4ra kakel och keramiska material. Maximal hastighet p\u00e5 80m\/s, \u00d8125x22,23mm.","breadcrumb":{"@id":"https:\/\/murerpoint.dk\/sv\/produkt\/diamant-kakelblad-oe125-mm\/#breadcrumb"},"inLanguage":"sv-SE","potentialAction":[{"@type":"ReadAction","target":["https:\/\/murerpoint.dk\/sv\/produkt\/diamant-kakelblad-oe125-mm\/"]}]},{"@type":"ImageObject","inLanguage":"sv-SE","@id":"https:\/\/murerpoint.dk\/sv\/produkt\/diamant-kakelblad-oe125-mm\/#primaryimage","url":"https:\/\/murerpoint.dk\/wp-content\/uploads\/2024\/04\/FLiseklinge-FLET-bruges-til.jpg","contentUrl":"https:\/\/murerpoint.dk\/wp-content\/uploads\/2024\/04\/FLiseklinge-FLET-bruges-til.jpg","width":500,"height":500,"caption":"Diamant Fliseklinge-FLET \u00d8125mm"},{"@type":"BreadcrumbList","@id":"https:\/\/murerpoint.dk\/sv\/produkt\/diamant-kakelblad-oe125-mm\/#breadcrumb","itemListElement":[{"@type":"ListItem","position":1,"name":"Hjem","item":"https:\/\/murerpoint.dk\/sv\/"},{"@type":"ListItem","position":2,"name":"SHOPPEN","item":"https:\/\/murerpoint.dk\/sv\/shoppen\/"},{"@type":"ListItem","position":3,"name":"Diamant Kakelblad \u00d8125 mm"}]},{"@type":"WebSite","@id":"https:\/\/murerpoint.dk\/sv\/#website","url":"https:\/\/murerpoint.dk\/sv\/","name":"Murerpoint","description":"kvalitets v\u00e6rkt\u00f8j","publisher":{"@id":"https:\/\/murerpoint.dk\/sv\/#organization"},"potentialAction":[{"@type":"SearchAction","target":{"@type":"EntryPoint","urlTemplate":"https:\/\/murerpoint.dk\/sv\/?s={search_term_string}"},"query-input":{"@type":"PropertyValueSpecification","valueRequired":true,"valueName":"search_term_string"}}],"inLanguage":"sv-SE"},{"@type":"Organization","@id":"https:\/\/murerpoint.dk\/sv\/#organization","name":"Murerpoint ApS","url":"https:\/\/murerpoint.dk\/sv\/","logo":{"@type":"ImageObject","inLanguage":"sv-SE","@id":"https:\/\/murerpoint.dk\/sv\/#\/schema\/logo\/image\/","url":"https:\/\/murerpoint.dk\/wp-content\/uploads\/2023\/12\/cropped-Sort-Midt-Roed-Mursten.png","contentUrl":"https:\/\/murerpoint.dk\/wp-content\/uploads\/2023\/12\/cropped-Sort-Midt-Roed-Mursten.png","width":512,"height":512,"caption":"Murerpoint ApS"},"image":{"@id":"https:\/\/murerpoint.dk\/sv\/#\/schema\/logo\/image\/"},"sameAs":["https:\/\/m.facebook.com\/profile.php?id=61555157262134","https:\/\/www.instagram.com\/murerpoint?igsh=azluMWV6cTnc2ts&utm_source=qr","https:\/\/www.tiktok.com\/@murerpoint?is_from_webapp=1&sender_device=pc"]}]},"product_price_amount":"19.24","product_price_currency":"EUR","og_availability":"instock","product_availability":"instock","product_retailer_item_id":"mp00002","product_condition":"new"},"_links":{"self":[{"href":"https:\/\/murerpoint.dk\/sv\/wp-json\/wp\/v2\/product\/2990","targetHints":{"allow":["GET"]}}],"collection":[{"href":"https:\/\/murerpoint.dk\/sv\/wp-json\/wp\/v2\/product"}],"about":[{"href":"https:\/\/murerpoint.dk\/sv\/wp-json\/wp\/v2\/types\/product"}],"replies":[{"embeddable":true,"href":"https:\/\/murerpoint.dk\/sv\/wp-json\/wp\/v2\/comments?post=2990"}],"wp:featuredmedia":[{"embeddable":true,"href":"https:\/\/murerpoint.dk\/sv\/wp-json\/wp\/v2\/media\/2968"}],"wp:attachment":[{"href":"https:\/\/murerpoint.dk\/sv\/wp-json\/wp\/v2\/media?parent=2990"}],"wp:term":[{"taxonomy":"product_brand","embeddable":true,"href":"https:\/\/murerpoint.dk\/sv\/wp-json\/wp\/v2\/product_brand?post=2990"},{"taxonomy":"product_cat","embeddable":true,"href":"https:\/\/murerpoint.dk\/sv\/wp-json\/wp\/v2\/product_cat?post=2990"},{"taxonomy":"product_tag","embeddable":true,"href":"https:\/\/murerpoint.dk\/sv\/wp-json\/wp\/v2\/product_tag?post=2990"}],"curies":[{"name":"wp","href":"https:\/\/api.w.org\/{rel}","templated":true}]}}