{"id":2994,"date":"2024-01-02T09:00:59","date_gmt":"2024-01-02T09:00:59","guid":{"rendered":"https:\/\/murerpoint.dk\/product\/hjemmepoint-moertelfugepistol-til-goer-det-selv-folket\/"},"modified":"2024-10-22T13:31:37","modified_gmt":"2024-10-22T13:31:37","slug":"hjemmepoint-moertelfugepistol-til-goer-det-selv-folket","status":"publish","type":"product","link":"https:\/\/murerpoint.dk\/sv\/produkt\/hjemmepoint-moertelfugepistol-til-goer-det-selv-folket\/","title":{"rendered":"HjemmePoint m\u00f8rtelfugepistol &#8211; Til G\u00f8r det selv folket"},"content":{"rendered":"<?xml encoding=\"utf-8\" ?><h2>HjemmePoint m&oslash;rtelfugepistol &ndash; Til G&oslash;r det selv folket.<\/h2><p>Ekstremt prisbillig m&oslash;rtelfugepistol<\/p><p>Monteres p&aring; almindeling skruemaskine<\/p><p>HjemmePoint m&oslash;rtelfugepistol er til G&oslash;r-det selv kvinden eller g&oslash;r det selv manden som har et stykke mur der skal omfuges og som gerne vil k&oslash;be en &oslash;konomi model til en mindre opgave<\/p><p>HjemmePoint er en skruebaseret m&oslash;rtelfugepistol der monteres p&aring; almindelig boremaskine.&nbsp; Den er ekstremt nem at bruge. Sammen med en boremaskine fra et lavpisbyggemarked er du i gang for under 500 kr. &nbsp;Af v&aelig;gthensyn vil en boremaskine med ledning v&aelig;re det mest ergonomiske. &nbsp;Omvendt er du mere gesvindt med en akku &ndash; is&aelig;r hvis du har sat stillads op og der er sv&aelig;rt tilg&aelig;ngelige fuger som skal fyldes med m&oslash;rtel.<\/p><p>HjemmePoint arbejderfint med s&aring;vel bakkem&oslash;rtel som strandsandsm&oslash;rtel.<\/p><p>Hjemmepoint m&oslash;rtelfugepistol har begr&aelig;nset holdbarhed da snegle kammeret og sneglen blive slidt.&nbsp; Du skal alts&aring; ikke forvente at kunne &nbsp;fuge mange hundrede m2 m&oslash;rtelfuge med denne.&nbsp;&nbsp; S&aring; vil du skulle investere i TrykPoint proff <a href=\"https:\/\/murerpoint.dk\/vare\/trykpoint-roed-trykluft-moertel-fugepistol\/\" target=\"_blank\" rel=\"noopener noreferrer\">https:\/\/murerpoint.dk\/vare\/trykpoint-roed-trykluft-moertel-fugepistol\/<\/a><\/p><p>St&aring;r du og har 10-20 m2 du skal fuge skal du k&oslash;be f&oslash;lgende:<\/p><ul>\n<li>Hjemmepoint<\/li>\n<li>En fugefr&aelig;ser der er 1-2 mm mindre i diameter end din fuge<\/li>\n<li>En fugetrykker<\/li>\n<li>Evt 20 gram af vore GlipCO plastificeringsmiddel<\/li>\n<\/ul><p>Formentlig har du selv en vinkelsliber og boremaskine s&aring; du er i gang for meget begr&aelig;nsede midler.<\/p>\n","protected":false},"excerpt":{"rendered":"<h2>HjemmePoint m\u00f8rtelfugepistol &#8211; Til G\u00f8r det selv folket.<\/h2>\n<p>HjemmePoint er en skruebaseret m\u00f8rtelfugepistol der monteres p\u00e5 almindelig boremaskine.\u00a0 Leveres sammen med 3 fugestudser og et h\u00e5ndtag til at skrue p\u00e5 i bunden af m\u00f8rtelpistolen<\/p>\n","protected":false},"featured_media":77,"comment_status":"open","ping_status":"closed","template":"","meta":[],"product_brand":[],"product_cat":[108],"product_tag":[978,681,869],"class_list":{"0":"post-2994","1":"product","2":"type-product","3":"status-publish","4":"has-post-thumbnail","6":"product_cat-mortelfugepistoler-sv","7":"product_tag-fugepistoltilmoertel-sv","8":"product_tag-moertelfugepistol-sv","9":"product_tag-murbruksfogning-roed-tryckluft-moertelpistol","11":"first","12":"instock","13":"taxable","14":"shipping-taxable","15":"purchasable","16":"product-type-simple"},"yoast_head":"<!-- This site is optimized with the Yoast SEO plugin v27.4 - https:\/\/yoast.com\/product\/yoast-seo-wordpress\/ -->\n<title>HjemmePoint m\u00f8rtelfugepistol - Til G\u00f8r det selv folket - Murerpoint ApS<\/title>\n<meta name=\"description\" content=\"HjemmePoint er en skruebaseret m\u00f8rtelfugepistol der monteres p\u00e5 almindelig boremaskine. Den er ekstremt nem at bruge. \u00d8konomi model til en mindre opgaver\" \/>\n<meta name=\"robots\" content=\"index, follow, max-snippet:-1, max-image-preview:large, max-video-preview:-1\" \/>\n<link rel=\"canonical\" href=\"https:\/\/murerpoint.dk\/sv\/produkt\/hjemmepoint-moertelfugepistol-til-goer-det-selv-folket\/\" \/>\n<meta property=\"og:locale\" content=\"sv_SE\" \/>\n<meta property=\"og:type\" content=\"article\" \/>\n<meta property=\"og:title\" content=\"HjemmePoint m\u00f8rtelfugepistol - Til G\u00f8r det selv folket - Murerpoint ApS\" \/>\n<meta property=\"og:description\" content=\"HjemmePoint er en skruebaseret m\u00f8rtelfugepistol der monteres p\u00e5 almindelig boremaskine. Den er ekstremt nem at bruge. \u00d8konomi model til en mindre opgaver\" \/>\n<meta property=\"og:url\" content=\"https:\/\/murerpoint.dk\/sv\/produkt\/hjemmepoint-moertelfugepistol-til-goer-det-selv-folket\/\" \/>\n<meta property=\"og:site_name\" content=\"Murerpoint ApS\" \/>\n<meta property=\"article:publisher\" content=\"https:\/\/m.facebook.com\/profile.php?id=61555157262134\" \/>\n<meta property=\"article:modified_time\" content=\"2024-10-22T13:31:37+00:00\" \/>\n<meta property=\"og:image\" content=\"https:\/\/murerpoint.dk\/wp-content\/uploads\/2024\/01\/billede_2024-01-02_100206253.png\" \/>\n\t<meta property=\"og:image:width\" content=\"1601\" \/>\n\t<meta property=\"og:image:height\" content=\"1601\" \/>\n\t<meta property=\"og:image:type\" content=\"image\/png\" \/>\n<meta name=\"twitter:card\" content=\"summary_large_image\" \/>\n<meta name=\"twitter:label1\" content=\"Pris\" \/>\n\t<meta name=\"twitter:data1\" content=\"&euro;41.63 Pris ekskl. moms: &euro;33.30\" \/>\n\t<meta name=\"twitter:label2\" content=\"Tillg\u00e4nglig\" \/>\n\t<meta name=\"twitter:data2\" content=\"I lager\" \/>\n<script type=\"application\/ld+json\" class=\"yoast-schema-graph\">{\"@context\":\"https:\\\/\\\/schema.org\",\"@graph\":[{\"@type\":\"WebPage\",\"@id\":\"https:\\\/\\\/murerpoint.dk\\\/sv\\\/produkt\\\/hjemmepoint-moertelfugepistol-til-goer-det-selv-folket\\\/\",\"url\":\"https:\\\/\\\/murerpoint.dk\\\/sv\\\/produkt\\\/hjemmepoint-moertelfugepistol-til-goer-det-selv-folket\\\/\",\"name\":\"HjemmePoint m\u00f8rtelfugepistol - Til G\u00f8r det selv folket - Murerpoint ApS\",\"isPartOf\":{\"@id\":\"https:\\\/\\\/murerpoint.dk\\\/sv\\\/#website\"},\"primaryImageOfPage\":{\"@id\":\"https:\\\/\\\/murerpoint.dk\\\/sv\\\/produkt\\\/hjemmepoint-moertelfugepistol-til-goer-det-selv-folket\\\/#primaryimage\"},\"image\":{\"@id\":\"https:\\\/\\\/murerpoint.dk\\\/sv\\\/produkt\\\/hjemmepoint-moertelfugepistol-til-goer-det-selv-folket\\\/#primaryimage\"},\"thumbnailUrl\":\"https:\\\/\\\/murerpoint.dk\\\/wp-content\\\/uploads\\\/2024\\\/01\\\/billede_2024-01-02_100206253.png\",\"datePublished\":\"2024-01-02T09:00:59+00:00\",\"dateModified\":\"2024-10-22T13:31:37+00:00\",\"description\":\"HjemmePoint er en skruebaseret m\u00f8rtelfugepistol der monteres p\u00e5 almindelig boremaskine. Den er ekstremt nem at bruge. \u00d8konomi model til en mindre opgaver\",\"breadcrumb\":{\"@id\":\"https:\\\/\\\/murerpoint.dk\\\/sv\\\/produkt\\\/hjemmepoint-moertelfugepistol-til-goer-det-selv-folket\\\/#breadcrumb\"},\"inLanguage\":\"sv-SE\",\"potentialAction\":[{\"@type\":\"ReadAction\",\"target\":[\"https:\\\/\\\/murerpoint.dk\\\/sv\\\/produkt\\\/hjemmepoint-moertelfugepistol-til-goer-det-selv-folket\\\/\"]}]},{\"@type\":\"ImageObject\",\"inLanguage\":\"sv-SE\",\"@id\":\"https:\\\/\\\/murerpoint.dk\\\/sv\\\/produkt\\\/hjemmepoint-moertelfugepistol-til-goer-det-selv-folket\\\/#primaryimage\",\"url\":\"https:\\\/\\\/murerpoint.dk\\\/wp-content\\\/uploads\\\/2024\\\/01\\\/billede_2024-01-02_100206253.png\",\"contentUrl\":\"https:\\\/\\\/murerpoint.dk\\\/wp-content\\\/uploads\\\/2024\\\/01\\\/billede_2024-01-02_100206253.png\",\"width\":1601,\"height\":1601,\"caption\":\"Prisbillig og simpel m\u00f8rtelfugepistol til g\u00f8r-det-selv. Monteres p\u00e5 skruemaskine\"},{\"@type\":\"BreadcrumbList\",\"@id\":\"https:\\\/\\\/murerpoint.dk\\\/sv\\\/produkt\\\/hjemmepoint-moertelfugepistol-til-goer-det-selv-folket\\\/#breadcrumb\",\"itemListElement\":[{\"@type\":\"ListItem\",\"position\":1,\"name\":\"Hjem\",\"item\":\"https:\\\/\\\/murerpoint.dk\\\/sv\\\/\"},{\"@type\":\"ListItem\",\"position\":2,\"name\":\"SHOPPEN\",\"item\":\"https:\\\/\\\/murerpoint.dk\\\/sv\\\/shoppen\\\/\"},{\"@type\":\"ListItem\",\"position\":3,\"name\":\"HjemmePoint m\u00f8rtelfugepistol &#8211; Til G\u00f8r det selv folket\"}]},{\"@type\":\"WebSite\",\"@id\":\"https:\\\/\\\/murerpoint.dk\\\/sv\\\/#website\",\"url\":\"https:\\\/\\\/murerpoint.dk\\\/sv\\\/\",\"name\":\"Murerpoint\",\"description\":\"kvalitets v\u00e6rkt\u00f8j\",\"publisher\":{\"@id\":\"https:\\\/\\\/murerpoint.dk\\\/sv\\\/#organization\"},\"potentialAction\":[{\"@type\":\"SearchAction\",\"target\":{\"@type\":\"EntryPoint\",\"urlTemplate\":\"https:\\\/\\\/murerpoint.dk\\\/sv\\\/?s={search_term_string}\"},\"query-input\":{\"@type\":\"PropertyValueSpecification\",\"valueRequired\":true,\"valueName\":\"search_term_string\"}}],\"inLanguage\":\"sv-SE\"},{\"@type\":\"Organization\",\"@id\":\"https:\\\/\\\/murerpoint.dk\\\/sv\\\/#organization\",\"name\":\"Murerpoint ApS\",\"url\":\"https:\\\/\\\/murerpoint.dk\\\/sv\\\/\",\"logo\":{\"@type\":\"ImageObject\",\"inLanguage\":\"sv-SE\",\"@id\":\"https:\\\/\\\/murerpoint.dk\\\/sv\\\/#\\\/schema\\\/logo\\\/image\\\/\",\"url\":\"https:\\\/\\\/murerpoint.dk\\\/wp-content\\\/uploads\\\/2023\\\/12\\\/cropped-Sort-Midt-Roed-Mursten.png\",\"contentUrl\":\"https:\\\/\\\/murerpoint.dk\\\/wp-content\\\/uploads\\\/2023\\\/12\\\/cropped-Sort-Midt-Roed-Mursten.png\",\"width\":512,\"height\":512,\"caption\":\"Murerpoint ApS\"},\"image\":{\"@id\":\"https:\\\/\\\/murerpoint.dk\\\/sv\\\/#\\\/schema\\\/logo\\\/image\\\/\"},\"sameAs\":[\"https:\\\/\\\/m.facebook.com\\\/profile.php?id=61555157262134\",\"https:\\\/\\\/www.instagram.com\\\/murerpoint?igsh=azluMWV6cTnc2ts&utm_source=qr\",\"https:\\\/\\\/www.tiktok.com\\\/@murerpoint?is_from_webapp=1&sender_device=pc\"]}]}<\/script>\n<meta property=\"product:price:amount\" content=\"41.63\" \/>\n<meta property=\"product:price:currency\" content=\"EUR\" \/>\n<meta property=\"og:availability\" content=\"instock\" \/>\n<meta property=\"product:availability\" content=\"instock\" \/>\n<meta property=\"product:retailer_item_id\" content=\"MP007\" \/>\n<meta property=\"product:condition\" content=\"new\" \/>\n<!-- \/ Yoast SEO plugin. -->","yoast_head_json":{"title":"HjemmePoint m\u00f8rtelfugepistol - Til G\u00f8r det selv folket - Murerpoint ApS","description":"HjemmePoint er en skruebaseret m\u00f8rtelfugepistol der monteres p\u00e5 almindelig boremaskine. Den er ekstremt nem at bruge. \u00d8konomi model til en mindre opgaver","robots":{"index":"index","follow":"follow","max-snippet":"max-snippet:-1","max-image-preview":"max-image-preview:large","max-video-preview":"max-video-preview:-1"},"canonical":"https:\/\/murerpoint.dk\/sv\/produkt\/hjemmepoint-moertelfugepistol-til-goer-det-selv-folket\/","og_locale":"sv_SE","og_type":"article","og_title":"HjemmePoint m\u00f8rtelfugepistol - Til G\u00f8r det selv folket - Murerpoint ApS","og_description":"HjemmePoint er en skruebaseret m\u00f8rtelfugepistol der monteres p\u00e5 almindelig boremaskine. Den er ekstremt nem at bruge. \u00d8konomi model til en mindre opgaver","og_url":"https:\/\/murerpoint.dk\/sv\/produkt\/hjemmepoint-moertelfugepistol-til-goer-det-selv-folket\/","og_site_name":"Murerpoint ApS","article_publisher":"https:\/\/m.facebook.com\/profile.php?id=61555157262134","article_modified_time":"2024-10-22T13:31:37+00:00","og_image":[{"width":1601,"height":1601,"url":"https:\/\/murerpoint.dk\/wp-content\/uploads\/2024\/01\/billede_2024-01-02_100206253.png","type":"image\/png"}],"twitter_card":"summary_large_image","twitter_misc":{"Pris":"&euro;41.63 Pris ekskl. moms: &euro;33.30","Tillg\u00e4nglig":"I lager"},"schema":{"@context":"https:\/\/schema.org","@graph":[{"@type":"WebPage","@id":"https:\/\/murerpoint.dk\/sv\/produkt\/hjemmepoint-moertelfugepistol-til-goer-det-selv-folket\/","url":"https:\/\/murerpoint.dk\/sv\/produkt\/hjemmepoint-moertelfugepistol-til-goer-det-selv-folket\/","name":"HjemmePoint m\u00f8rtelfugepistol - Til G\u00f8r det selv folket - Murerpoint ApS","isPartOf":{"@id":"https:\/\/murerpoint.dk\/sv\/#website"},"primaryImageOfPage":{"@id":"https:\/\/murerpoint.dk\/sv\/produkt\/hjemmepoint-moertelfugepistol-til-goer-det-selv-folket\/#primaryimage"},"image":{"@id":"https:\/\/murerpoint.dk\/sv\/produkt\/hjemmepoint-moertelfugepistol-til-goer-det-selv-folket\/#primaryimage"},"thumbnailUrl":"https:\/\/murerpoint.dk\/wp-content\/uploads\/2024\/01\/billede_2024-01-02_100206253.png","datePublished":"2024-01-02T09:00:59+00:00","dateModified":"2024-10-22T13:31:37+00:00","description":"HjemmePoint er en skruebaseret m\u00f8rtelfugepistol der monteres p\u00e5 almindelig boremaskine. Den er ekstremt nem at bruge. \u00d8konomi model til en mindre opgaver","breadcrumb":{"@id":"https:\/\/murerpoint.dk\/sv\/produkt\/hjemmepoint-moertelfugepistol-til-goer-det-selv-folket\/#breadcrumb"},"inLanguage":"sv-SE","potentialAction":[{"@type":"ReadAction","target":["https:\/\/murerpoint.dk\/sv\/produkt\/hjemmepoint-moertelfugepistol-til-goer-det-selv-folket\/"]}]},{"@type":"ImageObject","inLanguage":"sv-SE","@id":"https:\/\/murerpoint.dk\/sv\/produkt\/hjemmepoint-moertelfugepistol-til-goer-det-selv-folket\/#primaryimage","url":"https:\/\/murerpoint.dk\/wp-content\/uploads\/2024\/01\/billede_2024-01-02_100206253.png","contentUrl":"https:\/\/murerpoint.dk\/wp-content\/uploads\/2024\/01\/billede_2024-01-02_100206253.png","width":1601,"height":1601,"caption":"Prisbillig og simpel m\u00f8rtelfugepistol til g\u00f8r-det-selv. Monteres p\u00e5 skruemaskine"},{"@type":"BreadcrumbList","@id":"https:\/\/murerpoint.dk\/sv\/produkt\/hjemmepoint-moertelfugepistol-til-goer-det-selv-folket\/#breadcrumb","itemListElement":[{"@type":"ListItem","position":1,"name":"Hjem","item":"https:\/\/murerpoint.dk\/sv\/"},{"@type":"ListItem","position":2,"name":"SHOPPEN","item":"https:\/\/murerpoint.dk\/sv\/shoppen\/"},{"@type":"ListItem","position":3,"name":"HjemmePoint m\u00f8rtelfugepistol &#8211; Til G\u00f8r det selv folket"}]},{"@type":"WebSite","@id":"https:\/\/murerpoint.dk\/sv\/#website","url":"https:\/\/murerpoint.dk\/sv\/","name":"Murerpoint","description":"kvalitets v\u00e6rkt\u00f8j","publisher":{"@id":"https:\/\/murerpoint.dk\/sv\/#organization"},"potentialAction":[{"@type":"SearchAction","target":{"@type":"EntryPoint","urlTemplate":"https:\/\/murerpoint.dk\/sv\/?s={search_term_string}"},"query-input":{"@type":"PropertyValueSpecification","valueRequired":true,"valueName":"search_term_string"}}],"inLanguage":"sv-SE"},{"@type":"Organization","@id":"https:\/\/murerpoint.dk\/sv\/#organization","name":"Murerpoint ApS","url":"https:\/\/murerpoint.dk\/sv\/","logo":{"@type":"ImageObject","inLanguage":"sv-SE","@id":"https:\/\/murerpoint.dk\/sv\/#\/schema\/logo\/image\/","url":"https:\/\/murerpoint.dk\/wp-content\/uploads\/2023\/12\/cropped-Sort-Midt-Roed-Mursten.png","contentUrl":"https:\/\/murerpoint.dk\/wp-content\/uploads\/2023\/12\/cropped-Sort-Midt-Roed-Mursten.png","width":512,"height":512,"caption":"Murerpoint ApS"},"image":{"@id":"https:\/\/murerpoint.dk\/sv\/#\/schema\/logo\/image\/"},"sameAs":["https:\/\/m.facebook.com\/profile.php?id=61555157262134","https:\/\/www.instagram.com\/murerpoint?igsh=azluMWV6cTnc2ts&utm_source=qr","https:\/\/www.tiktok.com\/@murerpoint?is_from_webapp=1&sender_device=pc"]}]},"product_price_amount":"41.63","product_price_currency":"EUR","og_availability":"instock","product_availability":"instock","product_retailer_item_id":"MP007","product_condition":"new"},"_links":{"self":[{"href":"https:\/\/murerpoint.dk\/sv\/wp-json\/wp\/v2\/product\/2994","targetHints":{"allow":["GET"]}}],"collection":[{"href":"https:\/\/murerpoint.dk\/sv\/wp-json\/wp\/v2\/product"}],"about":[{"href":"https:\/\/murerpoint.dk\/sv\/wp-json\/wp\/v2\/types\/product"}],"replies":[{"embeddable":true,"href":"https:\/\/murerpoint.dk\/sv\/wp-json\/wp\/v2\/comments?post=2994"}],"wp:featuredmedia":[{"embeddable":true,"href":"https:\/\/murerpoint.dk\/sv\/wp-json\/wp\/v2\/media\/77"}],"wp:attachment":[{"href":"https:\/\/murerpoint.dk\/sv\/wp-json\/wp\/v2\/media?parent=2994"}],"wp:term":[{"taxonomy":"product_brand","embeddable":true,"href":"https:\/\/murerpoint.dk\/sv\/wp-json\/wp\/v2\/product_brand?post=2994"},{"taxonomy":"product_cat","embeddable":true,"href":"https:\/\/murerpoint.dk\/sv\/wp-json\/wp\/v2\/product_cat?post=2994"},{"taxonomy":"product_tag","embeddable":true,"href":"https:\/\/murerpoint.dk\/sv\/wp-json\/wp\/v2\/product_tag?post=2994"}],"curies":[{"name":"wp","href":"https:\/\/api.w.org\/{rel}","templated":true}]}}