{"id":3093,"date":"2024-04-26T11:20:16","date_gmt":"2024-04-26T11:20:16","guid":{"rendered":"https:\/\/murerpoint.dk\/product\/mechanic-airchaser-stofkap-voor-haakse-slijper-oe125mm\/"},"modified":"2024-04-29T17:18:53","modified_gmt":"2024-04-29T17:18:53","slug":"mechanic-airchaser-dammskydd-for-vinkelslip-oe125mm","status":"publish","type":"product","link":"https:\/\/murerpoint.dk\/sv\/produkt\/mechanic-airchaser-dammskydd-for-vinkelslip-oe125mm\/","title":{"rendered":"MECHANIC AirCHASER &#8211; Dammskydd f\u00f6r vinkelslip \u00d8125mm"},"content":{"rendered":"<?xml encoding=\"utf-8\" ?><h5>MECHANIC AirCHASER &ndash; Dammskydd f&ouml;r vinkelslip &Oslash;125mm<\/h5><p>Optimerad dammhantering och smidigare sk&auml;rning med MECHANIC AirCHASER dammskydd f&ouml;r vinkelslipar<\/p><p>G&ouml;r dina sk&auml;rjobb mer effektiva och milj&ouml;v&auml;nliga med MECHANIC AirCHASER dammskydd med hjul, designad f&ouml;r vinkelslipar med &Oslash;115mm och &Oslash;125mm. Detta skydd &auml;r en verklig spelv&auml;xlare och ger en j&auml;mnare sk&auml;rupplevelse utan att l&auml;mna repor.<\/p><p><strong>Specifikationer:<\/strong><\/p><ul>\n<li>Dammskydd med hjul ger en mycket j&auml;mnare och stabilare arbetsfl&ouml;de.<\/li>\n<li>Passar vinkelslipar med &Oslash;115mm och &Oslash;125mm.<\/li>\n<li>Enkel anslutning till en dammsugare.<\/li>\n<li>M&ouml;jlighet f&ouml;r enstaka diamantskiva eller dubbla skivor, &auml;ven k&auml;nd som &rdquo;sandwich&rdquo; eller &rdquo;whopper&rdquo;.<\/li>\n<li>Sk&auml;rh&ouml;jden kan justeras i grader och l&aring;sas.<\/li>\n<\/ul><p><strong>F&ouml;rb&auml;ttrad arbetsmilj&ouml; och dammhantering<\/strong><\/p><p>Minska dammniv&aring;erna avsev&auml;rt och skapa en b&auml;ttre arbetsmilj&ouml; med MECHANIC AirCHASER dammskydd. Den enkla anslutningen till en dammsugare minimerar dammpartiklar under sk&auml;rning, vilket inneb&auml;r att mindre reng&ouml;ring beh&ouml;vs efter jobbet.<\/p><p><strong>Flexibilitet och precision<\/strong><\/p><p>Med m&ouml;jligheten att montera enstaka diamantskiva, tv&aring; diamantskivor eller till och med en bred diamantskiva &ouml;ppnar MECHANIC AirCHASER dammskydd upp f&ouml;r en m&auml;ngd olika m&ouml;jligheter. Skapa din egen &rdquo;sandwich&rdquo; eller &rdquo;whopper&rdquo; skiva och justera sk&auml;rh&ouml;jden med de ergonomiska sp&auml;nnskruvarna f&ouml;r noggranna och professionella resultat.<\/p><p><strong>Breda till&auml;mpningsm&ouml;jligheter<\/strong><\/p><p>Anv&auml;nd dammskyddet f&ouml;r en m&auml;ngd olika sk&auml;rjobb, inklusive borttagning av fogmassa, sk&auml;rning av keramiska plattor och fr&auml;sning av kanaler. Oavsett om du &auml;r en professionell hantverkare eller en entusiastisk hemmafixare, kommer MECHANIC AirCHASER dammskydd att vara din p&aring;litliga partner i arbetet<\/p><p><iframe title=\"Mechanic Air Chaser St&oslash;vsk&aelig;rm - &Oslash; 125 AirCHASER Attachment Sugesk&aelig;rm\" width=\"800\" height=\"450\" src=\"https:\/\/www.youtube.com\/embed\/F2ztgSsi8pw?feature=oembed\" frameborder=\"0\" allow=\"accelerometer; autoplay; clipboard-write; encrypted-media; gyroscope; picture-in-picture; web-share\" referrerpolicy=\"strict-origin-when-cross-origin\" allowfullscreen><\/iframe><\/p>\n","protected":false},"excerpt":{"rendered":"<h5>MECHANIC AirCHASER &#8211; Dammskydd f\u00f6r vinkelslip \u00d8125mm<\/h5>\n<p><strong>Specifikationer:<\/strong><\/p>\n<ul>\n<li>Dammskydd med hjul ger en mycket j\u00e4mnare och stabilare arbetsfl\u00f6de.<\/li>\n<li>Passar vinkelslipar med \u00d8115mm och \u00d8125mm.<\/li>\n<li>Enkel anslutning till en dammsugare.<\/li>\n<li>M\u00f6jlighet f\u00f6r enstaka diamantskiva eller dubbla skivor, \u00e4ven k\u00e4nd som &#8221;sandwich&#8221; eller &#8221;whopper&#8221;.<\/li>\n<li>Sk\u00e4rh\u00f6jden kan justeras i grader och l\u00e5sas.<\/li>\n<\/ul>\n","protected":false},"featured_media":3041,"comment_status":"open","ping_status":"closed","template":"","meta":[],"product_brand":[],"product_cat":[658,107],"product_tag":[1652,1653,1654,1655,1656,1657,1658,1659,2640],"class_list":{"0":"post-3093","1":"product","2":"type-product","3":"status-publish","4":"has-post-thumbnail","6":"product_cat-dammskydd","7":"product_cat-tilbehoer-sv","8":"product_tag-airchaser-sv","9":"product_tag-airduster-sv","10":"product_tag-dustextraction-sv","11":"product_tag-mechanic-sv","12":"product_tag-mechanicairchaser-sv","13":"product_tag-staubabsaughaube-sv","14":"product_tag-stoevskaerm-sv","15":"product_tag-sugeskaerm-sv","16":"product_tag-googleads-sv","18":"first","19":"instock","20":"taxable","21":"shipping-taxable","22":"purchasable","23":"product-type-simple"},"yoast_head":"<!-- This site is optimized with the Yoast SEO plugin v27.5 - https:\/\/yoast.com\/product\/yoast-seo-wordpress\/ -->\n<title>MECHANIC AirCHASER - Dammskydd f\u00f6r vinkelslip \u00d8125mm - Murerpoint ApS<\/title>\n<meta name=\"description\" content=\"Dammskydd med hjul ger en smidig och stabil arbetsfl\u00f6de. Passar f\u00f6r \u00d8115x\u00d8125mm vinkelslipar. Sk\u00e4rh\u00f6jden kan justeras och l\u00e5sas.\" \/>\n<meta name=\"robots\" content=\"index, follow, max-snippet:-1, max-image-preview:large, max-video-preview:-1\" \/>\n<link rel=\"canonical\" href=\"https:\/\/murerpoint.dk\/sv\/produkt\/mechanic-airchaser-dammskydd-for-vinkelslip-oe125mm\/\" \/>\n<meta property=\"og:locale\" content=\"sv_SE\" \/>\n<meta property=\"og:type\" content=\"article\" \/>\n<meta property=\"og:title\" content=\"MECHANIC AirCHASER - Dammskydd f\u00f6r vinkelslip \u00d8125mm - Murerpoint ApS\" \/>\n<meta property=\"og:description\" content=\"Dammskydd med hjul ger en smidig och stabil arbetsfl\u00f6de. Passar f\u00f6r \u00d8115x\u00d8125mm vinkelslipar. Sk\u00e4rh\u00f6jden kan justeras och l\u00e5sas.\" \/>\n<meta property=\"og:url\" content=\"https:\/\/murerpoint.dk\/sv\/produkt\/mechanic-airchaser-dammskydd-for-vinkelslip-oe125mm\/\" \/>\n<meta property=\"og:site_name\" content=\"Murerpoint ApS\" \/>\n<meta property=\"article:publisher\" content=\"https:\/\/m.facebook.com\/profile.php?id=61555157262134\" \/>\n<meta property=\"article:modified_time\" content=\"2024-04-29T17:18:53+00:00\" \/>\n<meta property=\"og:image\" content=\"https:\/\/murerpoint.dk\/wp-content\/uploads\/2024\/04\/stoevskaerm-til-AirChaiser-med-logo.png\" \/>\n\t<meta property=\"og:image:width\" content=\"1200\" \/>\n\t<meta property=\"og:image:height\" content=\"1200\" \/>\n\t<meta property=\"og:image:type\" content=\"image\/png\" \/>\n<meta name=\"twitter:card\" content=\"summary_large_image\" \/>\n<meta name=\"twitter:label1\" content=\"Pris\" \/>\n\t<meta name=\"twitter:data1\" content=\"&euro;88.83 Pris ekskl. moms: &euro;71.06\" \/>\n\t<meta name=\"twitter:label2\" content=\"Tillg\u00e4nglig\" \/>\n\t<meta name=\"twitter:data2\" content=\"I lager\" \/>\n<script type=\"application\/ld+json\" class=\"yoast-schema-graph\">{\"@context\":\"https:\\\/\\\/schema.org\",\"@graph\":[{\"@type\":\"WebPage\",\"@id\":\"https:\\\/\\\/murerpoint.dk\\\/sv\\\/produkt\\\/mechanic-airchaser-dammskydd-for-vinkelslip-oe125mm\\\/\",\"url\":\"https:\\\/\\\/murerpoint.dk\\\/sv\\\/produkt\\\/mechanic-airchaser-dammskydd-for-vinkelslip-oe125mm\\\/\",\"name\":\"MECHANIC AirCHASER - Dammskydd f\u00f6r vinkelslip \u00d8125mm - Murerpoint ApS\",\"isPartOf\":{\"@id\":\"https:\\\/\\\/murerpoint.dk\\\/sv\\\/#website\"},\"primaryImageOfPage\":{\"@id\":\"https:\\\/\\\/murerpoint.dk\\\/sv\\\/produkt\\\/mechanic-airchaser-dammskydd-for-vinkelslip-oe125mm\\\/#primaryimage\"},\"image\":{\"@id\":\"https:\\\/\\\/murerpoint.dk\\\/sv\\\/produkt\\\/mechanic-airchaser-dammskydd-for-vinkelslip-oe125mm\\\/#primaryimage\"},\"thumbnailUrl\":\"https:\\\/\\\/murerpoint.dk\\\/wp-content\\\/uploads\\\/2024\\\/04\\\/stoevskaerm-til-AirChaiser-med-logo.png\",\"datePublished\":\"2024-04-26T11:20:16+00:00\",\"dateModified\":\"2024-04-29T17:18:53+00:00\",\"description\":\"Dammskydd med hjul ger en smidig och stabil arbetsfl\u00f6de. Passar f\u00f6r \u00d8115x\u00d8125mm vinkelslipar. Sk\u00e4rh\u00f6jden kan justeras och l\u00e5sas.\",\"breadcrumb\":{\"@id\":\"https:\\\/\\\/murerpoint.dk\\\/sv\\\/produkt\\\/mechanic-airchaser-dammskydd-for-vinkelslip-oe125mm\\\/#breadcrumb\"},\"inLanguage\":\"sv-SE\",\"potentialAction\":[{\"@type\":\"ReadAction\",\"target\":[\"https:\\\/\\\/murerpoint.dk\\\/sv\\\/produkt\\\/mechanic-airchaser-dammskydd-for-vinkelslip-oe125mm\\\/\"]}]},{\"@type\":\"ImageObject\",\"inLanguage\":\"sv-SE\",\"@id\":\"https:\\\/\\\/murerpoint.dk\\\/sv\\\/produkt\\\/mechanic-airchaser-dammskydd-for-vinkelslip-oe125mm\\\/#primaryimage\",\"url\":\"https:\\\/\\\/murerpoint.dk\\\/wp-content\\\/uploads\\\/2024\\\/04\\\/stoevskaerm-til-AirChaiser-med-logo.png\",\"contentUrl\":\"https:\\\/\\\/murerpoint.dk\\\/wp-content\\\/uploads\\\/2024\\\/04\\\/stoevskaerm-til-AirChaiser-med-logo.png\",\"width\":1200,\"height\":1200,\"caption\":\"sugesk\u00e6rm til AirCHASER \u00d8115\\\/\u00d8125mm\"},{\"@type\":\"BreadcrumbList\",\"@id\":\"https:\\\/\\\/murerpoint.dk\\\/sv\\\/produkt\\\/mechanic-airchaser-dammskydd-for-vinkelslip-oe125mm\\\/#breadcrumb\",\"itemListElement\":[{\"@type\":\"ListItem\",\"position\":1,\"name\":\"Hjem\",\"item\":\"https:\\\/\\\/murerpoint.dk\\\/sv\\\/\"},{\"@type\":\"ListItem\",\"position\":2,\"name\":\"SHOPPEN\",\"item\":\"https:\\\/\\\/murerpoint.dk\\\/sv\\\/shoppen\\\/\"},{\"@type\":\"ListItem\",\"position\":3,\"name\":\"MECHANIC AirCHASER &#8211; Dammskydd f\u00f6r vinkelslip \u00d8125mm\"}]},{\"@type\":\"WebSite\",\"@id\":\"https:\\\/\\\/murerpoint.dk\\\/sv\\\/#website\",\"url\":\"https:\\\/\\\/murerpoint.dk\\\/sv\\\/\",\"name\":\"Murerpoint\",\"description\":\"kvalitets v\u00e6rkt\u00f8j\",\"publisher\":{\"@id\":\"https:\\\/\\\/murerpoint.dk\\\/sv\\\/#organization\"},\"potentialAction\":[{\"@type\":\"SearchAction\",\"target\":{\"@type\":\"EntryPoint\",\"urlTemplate\":\"https:\\\/\\\/murerpoint.dk\\\/sv\\\/?s={search_term_string}\"},\"query-input\":{\"@type\":\"PropertyValueSpecification\",\"valueRequired\":true,\"valueName\":\"search_term_string\"}}],\"inLanguage\":\"sv-SE\"},{\"@type\":\"Organization\",\"@id\":\"https:\\\/\\\/murerpoint.dk\\\/sv\\\/#organization\",\"name\":\"Murerpoint ApS\",\"url\":\"https:\\\/\\\/murerpoint.dk\\\/sv\\\/\",\"logo\":{\"@type\":\"ImageObject\",\"inLanguage\":\"sv-SE\",\"@id\":\"https:\\\/\\\/murerpoint.dk\\\/sv\\\/#\\\/schema\\\/logo\\\/image\\\/\",\"url\":\"https:\\\/\\\/murerpoint.dk\\\/wp-content\\\/uploads\\\/2023\\\/12\\\/cropped-Sort-Midt-Roed-Mursten.png\",\"contentUrl\":\"https:\\\/\\\/murerpoint.dk\\\/wp-content\\\/uploads\\\/2023\\\/12\\\/cropped-Sort-Midt-Roed-Mursten.png\",\"width\":512,\"height\":512,\"caption\":\"Murerpoint ApS\"},\"image\":{\"@id\":\"https:\\\/\\\/murerpoint.dk\\\/sv\\\/#\\\/schema\\\/logo\\\/image\\\/\"},\"sameAs\":[\"https:\\\/\\\/m.facebook.com\\\/profile.php?id=61555157262134\",\"https:\\\/\\\/www.instagram.com\\\/murerpoint?igsh=azluMWV6cTnc2ts&utm_source=qr\",\"https:\\\/\\\/www.tiktok.com\\\/@murerpoint?is_from_webapp=1&sender_device=pc\"]}]}<\/script>\n<meta property=\"product:price:amount\" content=\"88.83\" \/>\n<meta property=\"product:price:currency\" content=\"EUR\" \/>\n<meta property=\"og:availability\" content=\"instock\" \/>\n<meta property=\"product:availability\" content=\"instock\" \/>\n<meta property=\"product:retailer_item_id\" content=\"mp00055\" \/>\n<meta property=\"product:condition\" content=\"new\" \/>\n<!-- \/ Yoast SEO plugin. -->","yoast_head_json":{"title":"MECHANIC AirCHASER - Dammskydd f\u00f6r vinkelslip \u00d8125mm - Murerpoint ApS","description":"Dammskydd med hjul ger en smidig och stabil arbetsfl\u00f6de. Passar f\u00f6r \u00d8115x\u00d8125mm vinkelslipar. Sk\u00e4rh\u00f6jden kan justeras och l\u00e5sas.","robots":{"index":"index","follow":"follow","max-snippet":"max-snippet:-1","max-image-preview":"max-image-preview:large","max-video-preview":"max-video-preview:-1"},"canonical":"https:\/\/murerpoint.dk\/sv\/produkt\/mechanic-airchaser-dammskydd-for-vinkelslip-oe125mm\/","og_locale":"sv_SE","og_type":"article","og_title":"MECHANIC AirCHASER - Dammskydd f\u00f6r vinkelslip \u00d8125mm - Murerpoint ApS","og_description":"Dammskydd med hjul ger en smidig och stabil arbetsfl\u00f6de. Passar f\u00f6r \u00d8115x\u00d8125mm vinkelslipar. Sk\u00e4rh\u00f6jden kan justeras och l\u00e5sas.","og_url":"https:\/\/murerpoint.dk\/sv\/produkt\/mechanic-airchaser-dammskydd-for-vinkelslip-oe125mm\/","og_site_name":"Murerpoint ApS","article_publisher":"https:\/\/m.facebook.com\/profile.php?id=61555157262134","article_modified_time":"2024-04-29T17:18:53+00:00","og_image":[{"width":1200,"height":1200,"url":"https:\/\/murerpoint.dk\/wp-content\/uploads\/2024\/04\/stoevskaerm-til-AirChaiser-med-logo.png","type":"image\/png"}],"twitter_card":"summary_large_image","twitter_misc":{"Pris":"&euro;88.83 Pris ekskl. moms: &euro;71.06","Tillg\u00e4nglig":"I lager"},"schema":{"@context":"https:\/\/schema.org","@graph":[{"@type":"WebPage","@id":"https:\/\/murerpoint.dk\/sv\/produkt\/mechanic-airchaser-dammskydd-for-vinkelslip-oe125mm\/","url":"https:\/\/murerpoint.dk\/sv\/produkt\/mechanic-airchaser-dammskydd-for-vinkelslip-oe125mm\/","name":"MECHANIC AirCHASER - Dammskydd f\u00f6r vinkelslip \u00d8125mm - Murerpoint ApS","isPartOf":{"@id":"https:\/\/murerpoint.dk\/sv\/#website"},"primaryImageOfPage":{"@id":"https:\/\/murerpoint.dk\/sv\/produkt\/mechanic-airchaser-dammskydd-for-vinkelslip-oe125mm\/#primaryimage"},"image":{"@id":"https:\/\/murerpoint.dk\/sv\/produkt\/mechanic-airchaser-dammskydd-for-vinkelslip-oe125mm\/#primaryimage"},"thumbnailUrl":"https:\/\/murerpoint.dk\/wp-content\/uploads\/2024\/04\/stoevskaerm-til-AirChaiser-med-logo.png","datePublished":"2024-04-26T11:20:16+00:00","dateModified":"2024-04-29T17:18:53+00:00","description":"Dammskydd med hjul ger en smidig och stabil arbetsfl\u00f6de. Passar f\u00f6r \u00d8115x\u00d8125mm vinkelslipar. Sk\u00e4rh\u00f6jden kan justeras och l\u00e5sas.","breadcrumb":{"@id":"https:\/\/murerpoint.dk\/sv\/produkt\/mechanic-airchaser-dammskydd-for-vinkelslip-oe125mm\/#breadcrumb"},"inLanguage":"sv-SE","potentialAction":[{"@type":"ReadAction","target":["https:\/\/murerpoint.dk\/sv\/produkt\/mechanic-airchaser-dammskydd-for-vinkelslip-oe125mm\/"]}]},{"@type":"ImageObject","inLanguage":"sv-SE","@id":"https:\/\/murerpoint.dk\/sv\/produkt\/mechanic-airchaser-dammskydd-for-vinkelslip-oe125mm\/#primaryimage","url":"https:\/\/murerpoint.dk\/wp-content\/uploads\/2024\/04\/stoevskaerm-til-AirChaiser-med-logo.png","contentUrl":"https:\/\/murerpoint.dk\/wp-content\/uploads\/2024\/04\/stoevskaerm-til-AirChaiser-med-logo.png","width":1200,"height":1200,"caption":"sugesk\u00e6rm til AirCHASER \u00d8115\/\u00d8125mm"},{"@type":"BreadcrumbList","@id":"https:\/\/murerpoint.dk\/sv\/produkt\/mechanic-airchaser-dammskydd-for-vinkelslip-oe125mm\/#breadcrumb","itemListElement":[{"@type":"ListItem","position":1,"name":"Hjem","item":"https:\/\/murerpoint.dk\/sv\/"},{"@type":"ListItem","position":2,"name":"SHOPPEN","item":"https:\/\/murerpoint.dk\/sv\/shoppen\/"},{"@type":"ListItem","position":3,"name":"MECHANIC AirCHASER &#8211; Dammskydd f\u00f6r vinkelslip \u00d8125mm"}]},{"@type":"WebSite","@id":"https:\/\/murerpoint.dk\/sv\/#website","url":"https:\/\/murerpoint.dk\/sv\/","name":"Murerpoint","description":"kvalitets v\u00e6rkt\u00f8j","publisher":{"@id":"https:\/\/murerpoint.dk\/sv\/#organization"},"potentialAction":[{"@type":"SearchAction","target":{"@type":"EntryPoint","urlTemplate":"https:\/\/murerpoint.dk\/sv\/?s={search_term_string}"},"query-input":{"@type":"PropertyValueSpecification","valueRequired":true,"valueName":"search_term_string"}}],"inLanguage":"sv-SE"},{"@type":"Organization","@id":"https:\/\/murerpoint.dk\/sv\/#organization","name":"Murerpoint ApS","url":"https:\/\/murerpoint.dk\/sv\/","logo":{"@type":"ImageObject","inLanguage":"sv-SE","@id":"https:\/\/murerpoint.dk\/sv\/#\/schema\/logo\/image\/","url":"https:\/\/murerpoint.dk\/wp-content\/uploads\/2023\/12\/cropped-Sort-Midt-Roed-Mursten.png","contentUrl":"https:\/\/murerpoint.dk\/wp-content\/uploads\/2023\/12\/cropped-Sort-Midt-Roed-Mursten.png","width":512,"height":512,"caption":"Murerpoint ApS"},"image":{"@id":"https:\/\/murerpoint.dk\/sv\/#\/schema\/logo\/image\/"},"sameAs":["https:\/\/m.facebook.com\/profile.php?id=61555157262134","https:\/\/www.instagram.com\/murerpoint?igsh=azluMWV6cTnc2ts&utm_source=qr","https:\/\/www.tiktok.com\/@murerpoint?is_from_webapp=1&sender_device=pc"]}]},"product_price_amount":"88.83","product_price_currency":"EUR","og_availability":"instock","product_availability":"instock","product_retailer_item_id":"mp00055","product_condition":"new"},"_links":{"self":[{"href":"https:\/\/murerpoint.dk\/sv\/wp-json\/wp\/v2\/product\/3093","targetHints":{"allow":["GET"]}}],"collection":[{"href":"https:\/\/murerpoint.dk\/sv\/wp-json\/wp\/v2\/product"}],"about":[{"href":"https:\/\/murerpoint.dk\/sv\/wp-json\/wp\/v2\/types\/product"}],"replies":[{"embeddable":true,"href":"https:\/\/murerpoint.dk\/sv\/wp-json\/wp\/v2\/comments?post=3093"}],"wp:featuredmedia":[{"embeddable":true,"href":"https:\/\/murerpoint.dk\/sv\/wp-json\/wp\/v2\/media\/3041"}],"wp:attachment":[{"href":"https:\/\/murerpoint.dk\/sv\/wp-json\/wp\/v2\/media?parent=3093"}],"wp:term":[{"taxonomy":"product_brand","embeddable":true,"href":"https:\/\/murerpoint.dk\/sv\/wp-json\/wp\/v2\/product_brand?post=3093"},{"taxonomy":"product_cat","embeddable":true,"href":"https:\/\/murerpoint.dk\/sv\/wp-json\/wp\/v2\/product_cat?post=3093"},{"taxonomy":"product_tag","embeddable":true,"href":"https:\/\/murerpoint.dk\/sv\/wp-json\/wp\/v2\/product_tag?post=3093"}],"curies":[{"name":"wp","href":"https:\/\/api.w.org\/{rel}","templated":true}]}}