{"id":3124,"date":"2024-04-29T08:10:32","date_gmt":"2024-04-29T08:10:32","guid":{"rendered":"https:\/\/murerpoint.dk\/product\/mechanic-duster-45-stofafzuigkap-voor-haakse-slijper\/"},"modified":"2024-04-29T18:23:57","modified_gmt":"2024-04-29T18:23:57","slug":"mechanic-duster-45-dammskydd-for-vinkelslipmaskin","status":"publish","type":"product","link":"https:\/\/murerpoint.dk\/sv\/produkt\/mechanic-duster-45-dammskydd-for-vinkelslipmaskin\/","title":{"rendered":"MECHANIC DUSTER 45 &#8211; Dammskydd f\u00f6r Vinkelslipmaskin"},"content":{"rendered":"<?xml encoding=\"utf-8\" ?><div class=\"flex-1 overflow-hidden\">\n<div class=\"react-scroll-to-bottom--css-abtlf-79elbk h-full\">\n<div class=\"react-scroll-to-bottom--css-abtlf-1n7m0yu\">\n<div class=\"flex flex-col text-sm pb-9\">\n<div class=\"w-full text-token-text-primary\" dir=\"auto\" data-testid=\"conversation-turn-33\">\n<div class=\"px-4 py-2 justify-center text-base md:gap-6 m-auto\">\n<div class=\"flex flex-1 text-base mx-auto gap-3 juice:gap-4 juice:md:gap-6 md:px-5 lg:px-1 xl:px-5 md:max-w-3xl lg:max-w-[40rem] xl:max-w-[48rem]\">\n<div class=\"relative flex w-full min-w-0 flex-col agent-turn\">\n<div class=\"flex-col gap-1 md:gap-3\">\n<div class=\"flex flex-grow flex-col max-w-full\">\n<div class=\"min-h-[20px] text-message flex flex-col items-start gap-3 whitespace-pre-wrap break-words [.text-message+&amp;]:mt-5 overflow-x-auto\" dir=\"auto\" data-message-author-role=\"assistant\" data-message-id=\"c41215d6-4f12-4efe-8293-15824e6d36e5\">\n<div class=\"markdown prose w-full break-words dark:prose-invert light\">\n<div class=\"flex-1 overflow-hidden\">\n<div class=\"react-scroll-to-bottom--css-abtlf-79elbk h-full\">\n<div class=\"react-scroll-to-bottom--css-abtlf-1n7m0yu\">\n<div class=\"flex flex-col text-sm pb-9\">\n<div class=\"w-full text-token-text-primary\" dir=\"auto\" data-testid=\"conversation-turn-41\">\n<div class=\"px-4 py-2 justify-center text-base md:gap-6 m-auto\">\n<div class=\"flex flex-1 text-base mx-auto gap-3 juice:gap-4 juice:md:gap-6 md:px-5 lg:px-1 xl:px-5 md:max-w-3xl lg:max-w-[40rem] xl:max-w-[48rem]\">\n<div class=\"relative flex w-full min-w-0 flex-col agent-turn\">\n<div class=\"flex-col gap-1 md:gap-3\">\n<div class=\"flex flex-grow flex-col max-w-full\">\n<div class=\"min-h-[20px] text-message flex flex-col items-start gap-3 whitespace-pre-wrap break-words [.text-message+&amp;]:mt-5 overflow-x-auto\" dir=\"auto\" data-message-author-role=\"assistant\" data-message-id=\"eb907a01-3229-4738-bcc8-634b6f1b87a4\">\n<div class=\"markdown prose w-full break-words dark:prose-invert light\">\n<h5>MECHANIC DUSTER 45 &ndash; Dammskydd f&ouml;r slipning och sk&auml;rning &ndash; MECHANIC DUSTER 45 &ndash; N&auml;stan dammfri sk&auml;rning<\/h5>\n<p>P&aring; f&ouml;rpackningen och p&aring; dammskyddet finns tillverkarens QR-koder monterade, vilket ger tillg&aring;ng till monteringsanvisningar. Du kan hitta en video bifogad nedan.<\/p>\n<p><strong>Specifikationer:<\/strong><\/p>\n<ul>\n<li>Passar f&ouml;r 115\/125 mm vinkelslipmaskiner<\/li>\n<li>L&auml;tt, snabb och exakt sk&auml;rning av 45-graders jollykanter p&aring; kakel och tegelstenar<\/li>\n<li>N&auml;stan dammfri sk&auml;rning vid anslutning till en dammsugare<\/li>\n<li>Monterad direkt p&aring; vinkelslipmaskinens sk&auml;rm<\/li>\n<li>S&auml;kerst&auml;ller exakt och j&auml;mn sk&auml;rning<\/li>\n<li>L&auml;ttviktig f&ouml;r enkel hantering<\/li>\n<li>Sula med plastbel&auml;ggning f&ouml;rb&auml;ttrar kontrollen och skyddar ytan<\/li>\n<li>Justeerbar sk&auml;rdjup<\/li>\n<\/ul>\n<p><strong>DUSTER 45:<\/strong><\/p>\n<p>G&ouml;r ditt kakel- och murverksarbete effektivare och mer exakt med MECHANIC DUSTER 45. Denna innovativa enhet &auml;r utformad f&ouml;r att enkelt och noggrant sk&auml;ra 45-gradiga jollykanter. Med din befintliga 115\/125 mm vinkelslipmaskin och en ansluten dammsugare s&auml;kerst&auml;ller MECHANIC DUSTER 45 en n&auml;stan dammfri sk&auml;rning, vilket minimerar st&auml;dning och f&ouml;rb&auml;ttrar arbetsmilj&ouml;n. Med sin l&auml;tta vikt och justerbara sk&auml;rdjup kan du uppn&aring; exakta och j&auml;mnt skurna resultat varje g&aring;ng. Den robusta designen med en sula med plastbel&auml;ggning ger ocks&aring; god kontroll och skyddar ytan, vilket g&ouml;r den idealisk f&ouml;r professionella hantverkare och hemmafixare.<\/p>\n<h5>MECHANIC DUSTER 45 &ndash; Dammskydd f&ouml;r Vinkelslipmaskin:<\/h5>\n<p><iframe title=\"#MECHANICDUSTER 45\" width=\"800\" height=\"450\" src=\"https:\/\/www.youtube.com\/embed\/GWykHBUOyTo?feature=oembed\" frameborder=\"0\" allow=\"accelerometer; autoplay; clipboard-write; encrypted-media; gyroscope; picture-in-picture; web-share\" referrerpolicy=\"strict-origin-when-cross-origin\" allowfullscreen><\/iframe><\/p>\n<\/div>\n<\/div>\n<\/div>\n<\/div>\n<\/div>\n<\/div>\n<\/div>\n<\/div>\n<\/div>\n<\/div>\n<\/div>\n<\/div>\n<\/div>\n<\/div>\n<\/div>\n<\/div>\n<\/div>\n<\/div>\n<\/div>\n<\/div>\n<\/div>\n<\/div>\n<\/div>\n<\/div>\n","protected":false},"excerpt":{"rendered":"<div class=\"flex-1 overflow-hidden\">\n<div class=\"react-scroll-to-bottom--css-abtlf-79elbk h-full\">\n<div class=\"react-scroll-to-bottom--css-abtlf-1n7m0yu\">\n<div class=\"flex flex-col text-sm pb-9\">\n<div class=\"w-full text-token-text-primary\" dir=\"auto\" data-testid=\"conversation-turn-35\">\n<div class=\"px-4 py-2 justify-center text-base md:gap-6 m-auto\">\n<div class=\"flex flex-1 text-base mx-auto gap-3 juice:gap-4 juice:md:gap-6 md:px-5 lg:px-1 xl:px-5 md:max-w-3xl lg:max-w-[40rem] xl:max-w-[48rem]\">\n<div class=\"relative flex w-full min-w-0 flex-col agent-turn\">\n<div class=\"flex-col gap-1 md:gap-3\">\n<div class=\"flex flex-grow flex-col max-w-full\">\n<div class=\"min-h-[20px] text-message flex flex-col items-start gap-3 whitespace-pre-wrap break-words [.text-message+&amp;]:mt-5 overflow-x-auto\" dir=\"auto\" data-message-author-role=\"assistant\" data-message-id=\"aa0e6a5d-0a1a-45a1-8e98-430213ef30fc\">\n<div class=\"markdown prose w-full break-words dark:prose-invert light\">\n<h5>MECHANIC DUSTER 45 &#8211; Dammskydd f\u00f6r Vinkelslipmaskin<\/h5>\n<p><strong>Specifikationer:<\/strong><\/p>\n<ul>\n<li>Passar f\u00f6r 115\/125 mm vinkelslipmaskiner<\/li>\n<li>L\u00e4tt, snabb och exakt sk\u00e4rning av 45-graders jollykanter p\u00e5 kakel och tegelstenar<\/li>\n<li>N\u00e4stan dammfri sk\u00e4rning vid anslutning till en dammsugare<\/li>\n<li>Monterad direkt p\u00e5 vinkelslipmaskinens sk\u00e4rm<\/li>\n<li>S\u00e4kerst\u00e4ller exakt och j\u00e4mn sk\u00e4rning<\/li>\n<li>L\u00e4ttviktig f\u00f6r enkel hantering<\/li>\n<li>Sula med plastbel\u00e4ggning f\u00f6rb\u00e4ttrar kontrollen och skyddar ytan<\/li>\n<li>Justeerbar sk\u00e4rdjup<\/li>\n<\/ul>\n<\/div>\n<\/div>\n<\/div>\n<\/div>\n<\/div>\n<\/div>\n<\/div>\n<\/div>\n<\/div>\n<\/div>\n<\/div>\n<\/div>\n","protected":false},"featured_media":3102,"comment_status":"open","ping_status":"closed","template":"","meta":[],"product_brand":[],"product_cat":[658,107],"product_tag":[1681,1682,1683,1655,1684,1658,1659,1685,2640],"class_list":{"0":"post-3124","1":"product","2":"type-product","3":"status-publish","4":"has-post-thumbnail","6":"product_cat-dammskydd","7":"product_cat-tilbehoer-sv","8":"product_tag-duster-sv","9":"product_tag-duster45-sv","10":"product_tag-dustguard-sv","11":"product_tag-mechanic-sv","12":"product_tag-mechanicduster-sv","13":"product_tag-stoevskaerm-sv","14":"product_tag-sugeskaerm-sv","15":"product_tag-tmmechanic-sv","16":"product_tag-googleads-sv","18":"first","19":"instock","20":"taxable","21":"shipping-taxable","22":"purchasable","23":"product-type-simple"},"yoast_head":"<!-- This site is optimized with the Yoast SEO plugin v27.6 - https:\/\/yoast.com\/product\/yoast-seo-wordpress\/ -->\n<title>MECHANIC DUSTER 45 - Dammskydd f\u00f6r Vinkelslipmaskin - Murerpoint ApS<\/title>\n<meta name=\"description\" content=\"Sk\u00e4r 45-graders jollykanter p\u00e5 kakel och tegel med MECHANIC DUSTER 45. N\u00e4stan dammfri sk\u00e4rning, enkel att montera p\u00e5 en vinkelslipmaskin.\" \/>\n<meta name=\"robots\" content=\"index, follow, max-snippet:-1, max-image-preview:large, max-video-preview:-1\" \/>\n<link rel=\"canonical\" href=\"https:\/\/murerpoint.dk\/sv\/produkt\/mechanic-duster-45-dammskydd-for-vinkelslipmaskin\/\" \/>\n<meta property=\"og:locale\" content=\"sv_SE\" \/>\n<meta property=\"og:type\" content=\"article\" \/>\n<meta property=\"og:title\" content=\"MECHANIC DUSTER 45 - Dammskydd f\u00f6r Vinkelslipmaskin - Murerpoint ApS\" \/>\n<meta property=\"og:description\" content=\"Sk\u00e4r 45-graders jollykanter p\u00e5 kakel och tegel med MECHANIC DUSTER 45. N\u00e4stan dammfri sk\u00e4rning, enkel att montera p\u00e5 en vinkelslipmaskin.\" \/>\n<meta property=\"og:url\" content=\"https:\/\/murerpoint.dk\/sv\/produkt\/mechanic-duster-45-dammskydd-for-vinkelslipmaskin\/\" \/>\n<meta property=\"og:site_name\" content=\"Murerpoint ApS\" \/>\n<meta property=\"article:publisher\" content=\"https:\/\/m.facebook.com\/profile.php?id=61555157262134\" \/>\n<meta property=\"article:modified_time\" content=\"2024-04-29T18:23:57+00:00\" \/>\n<meta property=\"og:image\" content=\"https:\/\/murerpoint.dk\/wp-content\/uploads\/2024\/04\/Duster-45_3-attached-on-angle-grinder-med-logo.png\" \/>\n\t<meta property=\"og:image:width\" content=\"1200\" \/>\n\t<meta property=\"og:image:height\" content=\"1200\" \/>\n\t<meta property=\"og:image:type\" content=\"image\/png\" \/>\n<meta name=\"twitter:card\" content=\"summary_large_image\" \/>\n<meta name=\"twitter:label1\" content=\"Pris\" \/>\n\t<meta name=\"twitter:data1\" content=\"&euro;75.15 Pris ekskl. moms: &euro;60.12\" \/>\n\t<meta name=\"twitter:label2\" content=\"Tillg\u00e4nglig\" \/>\n\t<meta name=\"twitter:data2\" content=\"I lager\" \/>\n<script type=\"application\/ld+json\" class=\"yoast-schema-graph\">{\"@context\":\"https:\\\/\\\/schema.org\",\"@graph\":[{\"@type\":\"WebPage\",\"@id\":\"https:\\\/\\\/murerpoint.dk\\\/sv\\\/produkt\\\/mechanic-duster-45-dammskydd-for-vinkelslipmaskin\\\/\",\"url\":\"https:\\\/\\\/murerpoint.dk\\\/sv\\\/produkt\\\/mechanic-duster-45-dammskydd-for-vinkelslipmaskin\\\/\",\"name\":\"MECHANIC DUSTER 45 - Dammskydd f\u00f6r Vinkelslipmaskin - Murerpoint ApS\",\"isPartOf\":{\"@id\":\"https:\\\/\\\/murerpoint.dk\\\/sv\\\/#website\"},\"primaryImageOfPage\":{\"@id\":\"https:\\\/\\\/murerpoint.dk\\\/sv\\\/produkt\\\/mechanic-duster-45-dammskydd-for-vinkelslipmaskin\\\/#primaryimage\"},\"image\":{\"@id\":\"https:\\\/\\\/murerpoint.dk\\\/sv\\\/produkt\\\/mechanic-duster-45-dammskydd-for-vinkelslipmaskin\\\/#primaryimage\"},\"thumbnailUrl\":\"https:\\\/\\\/murerpoint.dk\\\/wp-content\\\/uploads\\\/2024\\\/04\\\/Duster-45_3-attached-on-angle-grinder-med-logo.png\",\"datePublished\":\"2024-04-29T08:10:32+00:00\",\"dateModified\":\"2024-04-29T18:23:57+00:00\",\"description\":\"Sk\u00e4r 45-graders jollykanter p\u00e5 kakel och tegel med MECHANIC DUSTER 45. N\u00e4stan dammfri sk\u00e4rning, enkel att montera p\u00e5 en vinkelslipmaskin.\",\"breadcrumb\":{\"@id\":\"https:\\\/\\\/murerpoint.dk\\\/sv\\\/produkt\\\/mechanic-duster-45-dammskydd-for-vinkelslipmaskin\\\/#breadcrumb\"},\"inLanguage\":\"sv-SE\",\"potentialAction\":[{\"@type\":\"ReadAction\",\"target\":[\"https:\\\/\\\/murerpoint.dk\\\/sv\\\/produkt\\\/mechanic-duster-45-dammskydd-for-vinkelslipmaskin\\\/\"]}]},{\"@type\":\"ImageObject\",\"inLanguage\":\"sv-SE\",\"@id\":\"https:\\\/\\\/murerpoint.dk\\\/sv\\\/produkt\\\/mechanic-duster-45-dammskydd-for-vinkelslipmaskin\\\/#primaryimage\",\"url\":\"https:\\\/\\\/murerpoint.dk\\\/wp-content\\\/uploads\\\/2024\\\/04\\\/Duster-45_3-attached-on-angle-grinder-med-logo.png\",\"contentUrl\":\"https:\\\/\\\/murerpoint.dk\\\/wp-content\\\/uploads\\\/2024\\\/04\\\/Duster-45_3-attached-on-angle-grinder-med-logo.png\",\"width\":1200,\"height\":1200,\"caption\":\"Duster 45\"},{\"@type\":\"BreadcrumbList\",\"@id\":\"https:\\\/\\\/murerpoint.dk\\\/sv\\\/produkt\\\/mechanic-duster-45-dammskydd-for-vinkelslipmaskin\\\/#breadcrumb\",\"itemListElement\":[{\"@type\":\"ListItem\",\"position\":1,\"name\":\"Hjem\",\"item\":\"https:\\\/\\\/murerpoint.dk\\\/sv\\\/\"},{\"@type\":\"ListItem\",\"position\":2,\"name\":\"SHOPPEN\",\"item\":\"https:\\\/\\\/murerpoint.dk\\\/sv\\\/shoppen\\\/\"},{\"@type\":\"ListItem\",\"position\":3,\"name\":\"MECHANIC DUSTER 45 &#8211; Dammskydd f\u00f6r Vinkelslipmaskin\"}]},{\"@type\":\"WebSite\",\"@id\":\"https:\\\/\\\/murerpoint.dk\\\/sv\\\/#website\",\"url\":\"https:\\\/\\\/murerpoint.dk\\\/sv\\\/\",\"name\":\"Murerpoint\",\"description\":\"kvalitets v\u00e6rkt\u00f8j\",\"publisher\":{\"@id\":\"https:\\\/\\\/murerpoint.dk\\\/sv\\\/#organization\"},\"potentialAction\":[{\"@type\":\"SearchAction\",\"target\":{\"@type\":\"EntryPoint\",\"urlTemplate\":\"https:\\\/\\\/murerpoint.dk\\\/sv\\\/?s={search_term_string}\"},\"query-input\":{\"@type\":\"PropertyValueSpecification\",\"valueRequired\":true,\"valueName\":\"search_term_string\"}}],\"inLanguage\":\"sv-SE\"},{\"@type\":\"Organization\",\"@id\":\"https:\\\/\\\/murerpoint.dk\\\/sv\\\/#organization\",\"name\":\"Murerpoint ApS\",\"url\":\"https:\\\/\\\/murerpoint.dk\\\/sv\\\/\",\"logo\":{\"@type\":\"ImageObject\",\"inLanguage\":\"sv-SE\",\"@id\":\"https:\\\/\\\/murerpoint.dk\\\/sv\\\/#\\\/schema\\\/logo\\\/image\\\/\",\"url\":\"https:\\\/\\\/murerpoint.dk\\\/wp-content\\\/uploads\\\/2023\\\/12\\\/cropped-Sort-Midt-Roed-Mursten.png\",\"contentUrl\":\"https:\\\/\\\/murerpoint.dk\\\/wp-content\\\/uploads\\\/2023\\\/12\\\/cropped-Sort-Midt-Roed-Mursten.png\",\"width\":512,\"height\":512,\"caption\":\"Murerpoint ApS\"},\"image\":{\"@id\":\"https:\\\/\\\/murerpoint.dk\\\/sv\\\/#\\\/schema\\\/logo\\\/image\\\/\"},\"sameAs\":[\"https:\\\/\\\/m.facebook.com\\\/profile.php?id=61555157262134\",\"https:\\\/\\\/www.instagram.com\\\/murerpoint?igsh=azluMWV6cTnc2ts&utm_source=qr\",\"https:\\\/\\\/www.tiktok.com\\\/@murerpoint?is_from_webapp=1&sender_device=pc\"]}]}<\/script>\n<meta property=\"product:price:amount\" content=\"75.15\" \/>\n<meta property=\"product:price:currency\" content=\"EUR\" \/>\n<meta property=\"og:availability\" content=\"instock\" \/>\n<meta property=\"product:availability\" content=\"instock\" \/>\n<meta property=\"product:retailer_item_id\" content=\"mp00057\" \/>\n<meta property=\"product:condition\" content=\"new\" \/>\n<!-- \/ Yoast SEO plugin. -->","yoast_head_json":{"title":"MECHANIC DUSTER 45 - Dammskydd f\u00f6r Vinkelslipmaskin - Murerpoint ApS","description":"Sk\u00e4r 45-graders jollykanter p\u00e5 kakel och tegel med MECHANIC DUSTER 45. N\u00e4stan dammfri sk\u00e4rning, enkel att montera p\u00e5 en vinkelslipmaskin.","robots":{"index":"index","follow":"follow","max-snippet":"max-snippet:-1","max-image-preview":"max-image-preview:large","max-video-preview":"max-video-preview:-1"},"canonical":"https:\/\/murerpoint.dk\/sv\/produkt\/mechanic-duster-45-dammskydd-for-vinkelslipmaskin\/","og_locale":"sv_SE","og_type":"article","og_title":"MECHANIC DUSTER 45 - Dammskydd f\u00f6r Vinkelslipmaskin - Murerpoint ApS","og_description":"Sk\u00e4r 45-graders jollykanter p\u00e5 kakel och tegel med MECHANIC DUSTER 45. N\u00e4stan dammfri sk\u00e4rning, enkel att montera p\u00e5 en vinkelslipmaskin.","og_url":"https:\/\/murerpoint.dk\/sv\/produkt\/mechanic-duster-45-dammskydd-for-vinkelslipmaskin\/","og_site_name":"Murerpoint ApS","article_publisher":"https:\/\/m.facebook.com\/profile.php?id=61555157262134","article_modified_time":"2024-04-29T18:23:57+00:00","og_image":[{"width":1200,"height":1200,"url":"https:\/\/murerpoint.dk\/wp-content\/uploads\/2024\/04\/Duster-45_3-attached-on-angle-grinder-med-logo.png","type":"image\/png"}],"twitter_card":"summary_large_image","twitter_misc":{"Pris":"&euro;75.15 Pris ekskl. moms: &euro;60.12","Tillg\u00e4nglig":"I lager"},"schema":{"@context":"https:\/\/schema.org","@graph":[{"@type":"WebPage","@id":"https:\/\/murerpoint.dk\/sv\/produkt\/mechanic-duster-45-dammskydd-for-vinkelslipmaskin\/","url":"https:\/\/murerpoint.dk\/sv\/produkt\/mechanic-duster-45-dammskydd-for-vinkelslipmaskin\/","name":"MECHANIC DUSTER 45 - Dammskydd f\u00f6r Vinkelslipmaskin - Murerpoint ApS","isPartOf":{"@id":"https:\/\/murerpoint.dk\/sv\/#website"},"primaryImageOfPage":{"@id":"https:\/\/murerpoint.dk\/sv\/produkt\/mechanic-duster-45-dammskydd-for-vinkelslipmaskin\/#primaryimage"},"image":{"@id":"https:\/\/murerpoint.dk\/sv\/produkt\/mechanic-duster-45-dammskydd-for-vinkelslipmaskin\/#primaryimage"},"thumbnailUrl":"https:\/\/murerpoint.dk\/wp-content\/uploads\/2024\/04\/Duster-45_3-attached-on-angle-grinder-med-logo.png","datePublished":"2024-04-29T08:10:32+00:00","dateModified":"2024-04-29T18:23:57+00:00","description":"Sk\u00e4r 45-graders jollykanter p\u00e5 kakel och tegel med MECHANIC DUSTER 45. N\u00e4stan dammfri sk\u00e4rning, enkel att montera p\u00e5 en vinkelslipmaskin.","breadcrumb":{"@id":"https:\/\/murerpoint.dk\/sv\/produkt\/mechanic-duster-45-dammskydd-for-vinkelslipmaskin\/#breadcrumb"},"inLanguage":"sv-SE","potentialAction":[{"@type":"ReadAction","target":["https:\/\/murerpoint.dk\/sv\/produkt\/mechanic-duster-45-dammskydd-for-vinkelslipmaskin\/"]}]},{"@type":"ImageObject","inLanguage":"sv-SE","@id":"https:\/\/murerpoint.dk\/sv\/produkt\/mechanic-duster-45-dammskydd-for-vinkelslipmaskin\/#primaryimage","url":"https:\/\/murerpoint.dk\/wp-content\/uploads\/2024\/04\/Duster-45_3-attached-on-angle-grinder-med-logo.png","contentUrl":"https:\/\/murerpoint.dk\/wp-content\/uploads\/2024\/04\/Duster-45_3-attached-on-angle-grinder-med-logo.png","width":1200,"height":1200,"caption":"Duster 45"},{"@type":"BreadcrumbList","@id":"https:\/\/murerpoint.dk\/sv\/produkt\/mechanic-duster-45-dammskydd-for-vinkelslipmaskin\/#breadcrumb","itemListElement":[{"@type":"ListItem","position":1,"name":"Hjem","item":"https:\/\/murerpoint.dk\/sv\/"},{"@type":"ListItem","position":2,"name":"SHOPPEN","item":"https:\/\/murerpoint.dk\/sv\/shoppen\/"},{"@type":"ListItem","position":3,"name":"MECHANIC DUSTER 45 &#8211; Dammskydd f\u00f6r Vinkelslipmaskin"}]},{"@type":"WebSite","@id":"https:\/\/murerpoint.dk\/sv\/#website","url":"https:\/\/murerpoint.dk\/sv\/","name":"Murerpoint","description":"kvalitets v\u00e6rkt\u00f8j","publisher":{"@id":"https:\/\/murerpoint.dk\/sv\/#organization"},"potentialAction":[{"@type":"SearchAction","target":{"@type":"EntryPoint","urlTemplate":"https:\/\/murerpoint.dk\/sv\/?s={search_term_string}"},"query-input":{"@type":"PropertyValueSpecification","valueRequired":true,"valueName":"search_term_string"}}],"inLanguage":"sv-SE"},{"@type":"Organization","@id":"https:\/\/murerpoint.dk\/sv\/#organization","name":"Murerpoint ApS","url":"https:\/\/murerpoint.dk\/sv\/","logo":{"@type":"ImageObject","inLanguage":"sv-SE","@id":"https:\/\/murerpoint.dk\/sv\/#\/schema\/logo\/image\/","url":"https:\/\/murerpoint.dk\/wp-content\/uploads\/2023\/12\/cropped-Sort-Midt-Roed-Mursten.png","contentUrl":"https:\/\/murerpoint.dk\/wp-content\/uploads\/2023\/12\/cropped-Sort-Midt-Roed-Mursten.png","width":512,"height":512,"caption":"Murerpoint ApS"},"image":{"@id":"https:\/\/murerpoint.dk\/sv\/#\/schema\/logo\/image\/"},"sameAs":["https:\/\/m.facebook.com\/profile.php?id=61555157262134","https:\/\/www.instagram.com\/murerpoint?igsh=azluMWV6cTnc2ts&utm_source=qr","https:\/\/www.tiktok.com\/@murerpoint?is_from_webapp=1&sender_device=pc"]}]},"product_price_amount":"75.15","product_price_currency":"EUR","og_availability":"instock","product_availability":"instock","product_retailer_item_id":"mp00057","product_condition":"new"},"_links":{"self":[{"href":"https:\/\/murerpoint.dk\/sv\/wp-json\/wp\/v2\/product\/3124","targetHints":{"allow":["GET"]}}],"collection":[{"href":"https:\/\/murerpoint.dk\/sv\/wp-json\/wp\/v2\/product"}],"about":[{"href":"https:\/\/murerpoint.dk\/sv\/wp-json\/wp\/v2\/types\/product"}],"replies":[{"embeddable":true,"href":"https:\/\/murerpoint.dk\/sv\/wp-json\/wp\/v2\/comments?post=3124"}],"wp:featuredmedia":[{"embeddable":true,"href":"https:\/\/murerpoint.dk\/sv\/wp-json\/wp\/v2\/media\/3102"}],"wp:attachment":[{"href":"https:\/\/murerpoint.dk\/sv\/wp-json\/wp\/v2\/media?parent=3124"}],"wp:term":[{"taxonomy":"product_brand","embeddable":true,"href":"https:\/\/murerpoint.dk\/sv\/wp-json\/wp\/v2\/product_brand?post=3124"},{"taxonomy":"product_cat","embeddable":true,"href":"https:\/\/murerpoint.dk\/sv\/wp-json\/wp\/v2\/product_cat?post=3124"},{"taxonomy":"product_tag","embeddable":true,"href":"https:\/\/murerpoint.dk\/sv\/wp-json\/wp\/v2\/product_tag?post=3124"}],"curies":[{"name":"wp","href":"https:\/\/api.w.org\/{rel}","templated":true}]}}