{"id":3173,"date":"2024-04-29T11:04:48","date_gmt":"2024-04-29T11:04:48","guid":{"rendered":"https:\/\/murerpoint.dk\/product\/mechanic-airduster-dust-guard-for-angle-grinder-230mm\/"},"modified":"2024-04-29T17:34:32","modified_gmt":"2024-04-29T17:34:32","slug":"mechanic-airduster-stoftskydd-for-vinkelslip-230mm","status":"publish","type":"product","link":"https:\/\/murerpoint.dk\/sv\/produkt\/mechanic-airduster-stoftskydd-for-vinkelslip-230mm\/","title":{"rendered":"MECHANIC AirDUSTER Stoftskydd f\u00f6r Vinkelslip 230mm"},"content":{"rendered":"<?xml encoding=\"utf-8\" ?><h5>MECHANIC AirDUSTER Stoftskydd f&ouml;r Vinkelslip 230mm<\/h5><p>MECHANIC AirDUSTER 230mm Version 2.0 &auml;r din p&aring;litliga och m&aring;ngsidiga l&ouml;sning f&ouml;r n&auml;stan dammfri sk&auml;rning med 230mm standardvinkelslipar. Den aerodynamiska skyddet har en &ouml;ppen, luftig design som skapar turbulent luftfl&ouml;de till sk&auml;rningsomr&aring;det, kylning av bladet och f&ouml;rb&auml;ttring av h&aring;llbarhet och sk&auml;rprestanda. Med ett enkelt och s&auml;kert monteringssystem kan enheten installeras p&aring; vilket vanligt vinkelslipshus som helst. Tack vare det kraftfulla turbulenta luftfl&ouml;det beh&ouml;ver du inte en kraftfull byggdammsugare. Det aerodynamiska skyddet g&ouml;r att du kan se sk&auml;rningsomr&aring;det och kontrollera riktningen, medan det l&auml;tta designen underl&auml;ttar hanteringen.<\/p><p>AirDUSTER 230 Version 2.0 finns i tv&aring; versioner f&ouml;r vinkelslipar med 115-125mm och 230mm.<\/p><p><strong>Specifikationer:<\/strong><\/p><ul>\n<li>&Ouml;ppet, luftigt aerodynamiskt skydd<\/li>\n<li>Enkel och s&auml;ker montering<\/li>\n<li>Effektiv dammutsug utan behov av kraftfull byggdammsugare<\/li>\n<li>M&ouml;jlighet att se sk&auml;rningsomr&aring;det och kontrollera riktningen<\/li>\n<li>Effektiv skivkylning<\/li>\n<li>L&auml;ttviktsdesign<\/li>\n<li>Finns i tv&aring; versioner: f&ouml;r vinkelslipar med 115-125mm och 230mm<\/li>\n<\/ul><p><em>En QR-kod fr&aring;n tillverkaren finns p&aring; f&ouml;rpackningen, vilket ger &aring;tkomst till monteringsanvisningen.<\/em><\/p><h5>Du hittar monteringsvideon nedan:<\/h5><p><iframe title=\"#MECHANICAirDUSTER &Oslash;115-125\/230mm\" width=\"800\" height=\"450\" src=\"https:\/\/www.youtube.com\/embed\/clghvkRRGAQ?feature=oembed\" frameborder=\"0\" allow=\"accelerometer; autoplay; clipboard-write; encrypted-media; gyroscope; picture-in-picture; web-share\" referrerpolicy=\"strict-origin-when-cross-origin\" allowfullscreen><\/iframe><\/p>\n","protected":false},"excerpt":{"rendered":"<h5>MECHANIC AirDUSTER Stoftskydd f\u00f6r Vinkelslip 230mm<\/h5>\n<div class=\"flex-1 overflow-hidden\">\n<div class=\"react-scroll-to-bottom--css-abtlf-79elbk h-full\">\n<div class=\"react-scroll-to-bottom--css-abtlf-1n7m0yu\">\n<div class=\"flex flex-col text-sm pb-9\">\n<div class=\"w-full text-token-text-primary\" dir=\"auto\" data-testid=\"conversation-turn-105\">\n<div class=\"px-4 py-2 justify-center text-base md:gap-6 m-auto\">\n<div class=\"flex flex-1 text-base mx-auto gap-3 juice:gap-4 juice:md:gap-6 md:px-5 lg:px-1 xl:px-5 md:max-w-3xl lg:max-w-[40rem] xl:max-w-[48rem]\">\n<div class=\"relative flex w-full min-w-0 flex-col agent-turn\">\n<div class=\"flex-col gap-1 md:gap-3\">\n<div class=\"flex flex-grow flex-col max-w-full\">\n<div class=\"min-h-[20px] text-message flex flex-col items-start gap-3 whitespace-pre-wrap break-words [.text-message+&amp;]:mt-5 overflow-x-auto\" dir=\"auto\" data-message-author-role=\"assistant\" data-message-id=\"0a945497-0d7a-48b7-bfaf-8ecbb23e87c6\">\n<div class=\"markdown prose w-full break-words dark:prose-invert light\">\n<p><strong>AirDUSTER 230mm. Version 2.0<\/strong><\/p>\n<p><em>Mer p\u00e5litlig, bekv\u00e4mare, m\u00e5ngsidigare<\/em><\/p>\n<p>Den aerodynamiska skyddet har en \u00f6ppen, luftig design. Tack vare det aerodynamiska gittret dras luft in, vilket skapar turbulent luftstr\u00f6m till sk\u00e4rningsomr\u00e5det, kylning av bladet och \u00f6kande h\u00e5llbarhet samt sk\u00e4rprestanda.<\/p>\n<p><strong>Specifikationer:<\/strong><\/p>\n<ul>\n<li>Passar f\u00f6r alla standard vinkelslipar med 230mm<\/li>\n<li>\u00d6ppen &#8221;Aero&#8221; konstruktion f\u00f6r effektiv dammutsugning<\/li>\n<li>Kan anv\u00e4ndas med L\u00c5GKRAFT dammsugare<\/li>\n<li>Aktiv klingkylning<\/li>\n<li>Visuell kontroll av sk\u00e4rningsomr\u00e5det<\/li>\n<li>L\u00e4ttviktsdesign f\u00f6r enkel hantering<\/li>\n<li>Enkel montering och anv\u00e4ndning<\/li>\n<\/ul>\n<\/div>\n<\/div>\n<\/div>\n<\/div>\n<\/div>\n<\/div>\n<\/div>\n<\/div>\n<\/div>\n<\/div>\n<\/div>\n<\/div>\n","protected":false},"featured_media":3163,"comment_status":"open","ping_status":"closed","template":"","meta":[],"product_brand":[],"product_cat":[658,107],"product_tag":[1683,1655,1719,1700,1720,1721,1722,1657,1723,1658,1659,2640],"class_list":{"0":"post-3173","1":"product","2":"type-product","3":"status-publish","4":"has-post-thumbnail","6":"product_cat-dammskydd","7":"product_cat-tilbehoer-sv","8":"product_tag-dustguard-sv","9":"product_tag-mechanic-sv","10":"product_tag-mechanicairchaser2-0-sv","11":"product_tag-mechanicairduster-sv","12":"product_tag-mechanicairdusterdammskydd-sv","13":"product_tag-mechanicairdusterstaubabdeckung-sv","14":"product_tag-mechanicairdusterstofkap-sv","15":"product_tag-staubabsaughaube-sv","16":"product_tag-stofkap-sv","17":"product_tag-stoevskaerm-sv","18":"product_tag-sugeskaerm-sv","19":"product_tag-googleads-sv","21":"first","22":"outofstock","23":"taxable","24":"shipping-taxable","25":"purchasable","26":"product-type-simple"},"yoast_head":"<!-- This site is optimized with the Yoast SEO plugin v27.6 - https:\/\/yoast.com\/product\/yoast-seo-wordpress\/ -->\n<title>MECHANIC AirDUSTER Stoftskydd f\u00f6r Vinkelslip 230mm - Murerpoint ApS<\/title>\n<meta name=\"description\" content=\"MECHANIC AirDUSTER provides nearly dust-free cutting for your 230mm angle grinder with an open &quot;Aero&quot; construction and lightweight design.\" \/>\n<meta name=\"robots\" content=\"index, follow, max-snippet:-1, max-image-preview:large, max-video-preview:-1\" \/>\n<link rel=\"canonical\" href=\"https:\/\/murerpoint.dk\/sv\/produkt\/mechanic-airduster-stoftskydd-for-vinkelslip-230mm\/\" \/>\n<meta property=\"og:locale\" content=\"sv_SE\" \/>\n<meta property=\"og:type\" content=\"article\" \/>\n<meta property=\"og:title\" content=\"MECHANIC AirDUSTER Stoftskydd f\u00f6r Vinkelslip 230mm - Murerpoint ApS\" \/>\n<meta property=\"og:description\" content=\"MECHANIC AirDUSTER provides nearly dust-free cutting for your 230mm angle grinder with an open &quot;Aero&quot; construction and lightweight design.\" \/>\n<meta property=\"og:url\" content=\"https:\/\/murerpoint.dk\/sv\/produkt\/mechanic-airduster-stoftskydd-for-vinkelslip-230mm\/\" \/>\n<meta property=\"og:site_name\" content=\"Murerpoint ApS\" \/>\n<meta property=\"article:publisher\" content=\"https:\/\/m.facebook.com\/profile.php?id=61555157262134\" \/>\n<meta property=\"article:modified_time\" content=\"2024-04-29T17:34:32+00:00\" \/>\n<meta property=\"og:image\" content=\"https:\/\/murerpoint.dk\/wp-content\/uploads\/2024\/04\/AirDUSTER-2.0-monterings-billeder-Oe230.jpg\" \/>\n\t<meta property=\"og:image:width\" content=\"1369\" \/>\n\t<meta property=\"og:image:height\" content=\"1497\" \/>\n\t<meta property=\"og:image:type\" content=\"image\/jpeg\" \/>\n<meta name=\"twitter:card\" content=\"summary_large_image\" \/>\n<meta name=\"twitter:label1\" content=\"Pris\" \/>\n\t<meta name=\"twitter:data1\" content=\"&euro;63.44 Pris ekskl. moms: &euro;50.75\" \/>\n\t<meta name=\"twitter:label2\" content=\"Tillg\u00e4nglig\" \/>\n\t<meta name=\"twitter:data2\" content=\"Slut i lager\" \/>\n<script type=\"application\/ld+json\" class=\"yoast-schema-graph\">{\"@context\":\"https:\\\/\\\/schema.org\",\"@graph\":[{\"@type\":\"WebPage\",\"@id\":\"https:\\\/\\\/murerpoint.dk\\\/sv\\\/produkt\\\/mechanic-airduster-stoftskydd-for-vinkelslip-230mm\\\/\",\"url\":\"https:\\\/\\\/murerpoint.dk\\\/sv\\\/produkt\\\/mechanic-airduster-stoftskydd-for-vinkelslip-230mm\\\/\",\"name\":\"MECHANIC AirDUSTER Stoftskydd f\u00f6r Vinkelslip 230mm - Murerpoint ApS\",\"isPartOf\":{\"@id\":\"https:\\\/\\\/murerpoint.dk\\\/sv\\\/#website\"},\"primaryImageOfPage\":{\"@id\":\"https:\\\/\\\/murerpoint.dk\\\/sv\\\/produkt\\\/mechanic-airduster-stoftskydd-for-vinkelslip-230mm\\\/#primaryimage\"},\"image\":{\"@id\":\"https:\\\/\\\/murerpoint.dk\\\/sv\\\/produkt\\\/mechanic-airduster-stoftskydd-for-vinkelslip-230mm\\\/#primaryimage\"},\"thumbnailUrl\":\"https:\\\/\\\/murerpoint.dk\\\/wp-content\\\/uploads\\\/2024\\\/04\\\/AirDUSTER-2.0-monterings-billeder-Oe230.jpg\",\"datePublished\":\"2024-04-29T11:04:48+00:00\",\"dateModified\":\"2024-04-29T17:34:32+00:00\",\"description\":\"MECHANIC AirDUSTER provides nearly dust-free cutting for your 230mm angle grinder with an open \\\"Aero\\\" construction and lightweight design.\",\"breadcrumb\":{\"@id\":\"https:\\\/\\\/murerpoint.dk\\\/sv\\\/produkt\\\/mechanic-airduster-stoftskydd-for-vinkelslip-230mm\\\/#breadcrumb\"},\"inLanguage\":\"sv-SE\",\"potentialAction\":[{\"@type\":\"ReadAction\",\"target\":[\"https:\\\/\\\/murerpoint.dk\\\/sv\\\/produkt\\\/mechanic-airduster-stoftskydd-for-vinkelslip-230mm\\\/\"]}]},{\"@type\":\"ImageObject\",\"inLanguage\":\"sv-SE\",\"@id\":\"https:\\\/\\\/murerpoint.dk\\\/sv\\\/produkt\\\/mechanic-airduster-stoftskydd-for-vinkelslip-230mm\\\/#primaryimage\",\"url\":\"https:\\\/\\\/murerpoint.dk\\\/wp-content\\\/uploads\\\/2024\\\/04\\\/AirDUSTER-2.0-monterings-billeder-Oe230.jpg\",\"contentUrl\":\"https:\\\/\\\/murerpoint.dk\\\/wp-content\\\/uploads\\\/2024\\\/04\\\/AirDUSTER-2.0-monterings-billeder-Oe230.jpg\",\"width\":1369,\"height\":1497,\"caption\":\"AirDUSTER 2.0 \u00d8230 St\u00f8vsk\u00e6rm, passer til alle vinkelsliber fabrikater.\"},{\"@type\":\"BreadcrumbList\",\"@id\":\"https:\\\/\\\/murerpoint.dk\\\/sv\\\/produkt\\\/mechanic-airduster-stoftskydd-for-vinkelslip-230mm\\\/#breadcrumb\",\"itemListElement\":[{\"@type\":\"ListItem\",\"position\":1,\"name\":\"Hjem\",\"item\":\"https:\\\/\\\/murerpoint.dk\\\/sv\\\/\"},{\"@type\":\"ListItem\",\"position\":2,\"name\":\"SHOPPEN\",\"item\":\"https:\\\/\\\/murerpoint.dk\\\/sv\\\/shoppen\\\/\"},{\"@type\":\"ListItem\",\"position\":3,\"name\":\"MECHANIC AirDUSTER Stoftskydd f\u00f6r Vinkelslip 230mm\"}]},{\"@type\":\"WebSite\",\"@id\":\"https:\\\/\\\/murerpoint.dk\\\/sv\\\/#website\",\"url\":\"https:\\\/\\\/murerpoint.dk\\\/sv\\\/\",\"name\":\"Murerpoint\",\"description\":\"kvalitets v\u00e6rkt\u00f8j\",\"publisher\":{\"@id\":\"https:\\\/\\\/murerpoint.dk\\\/sv\\\/#organization\"},\"potentialAction\":[{\"@type\":\"SearchAction\",\"target\":{\"@type\":\"EntryPoint\",\"urlTemplate\":\"https:\\\/\\\/murerpoint.dk\\\/sv\\\/?s={search_term_string}\"},\"query-input\":{\"@type\":\"PropertyValueSpecification\",\"valueRequired\":true,\"valueName\":\"search_term_string\"}}],\"inLanguage\":\"sv-SE\"},{\"@type\":\"Organization\",\"@id\":\"https:\\\/\\\/murerpoint.dk\\\/sv\\\/#organization\",\"name\":\"Murerpoint ApS\",\"url\":\"https:\\\/\\\/murerpoint.dk\\\/sv\\\/\",\"logo\":{\"@type\":\"ImageObject\",\"inLanguage\":\"sv-SE\",\"@id\":\"https:\\\/\\\/murerpoint.dk\\\/sv\\\/#\\\/schema\\\/logo\\\/image\\\/\",\"url\":\"https:\\\/\\\/murerpoint.dk\\\/wp-content\\\/uploads\\\/2023\\\/12\\\/cropped-Sort-Midt-Roed-Mursten.png\",\"contentUrl\":\"https:\\\/\\\/murerpoint.dk\\\/wp-content\\\/uploads\\\/2023\\\/12\\\/cropped-Sort-Midt-Roed-Mursten.png\",\"width\":512,\"height\":512,\"caption\":\"Murerpoint ApS\"},\"image\":{\"@id\":\"https:\\\/\\\/murerpoint.dk\\\/sv\\\/#\\\/schema\\\/logo\\\/image\\\/\"},\"sameAs\":[\"https:\\\/\\\/m.facebook.com\\\/profile.php?id=61555157262134\",\"https:\\\/\\\/www.instagram.com\\\/murerpoint?igsh=azluMWV6cTnc2ts&utm_source=qr\",\"https:\\\/\\\/www.tiktok.com\\\/@murerpoint?is_from_webapp=1&sender_device=pc\"]}]}<\/script>\n<meta property=\"product:price:amount\" content=\"63.44\" \/>\n<meta property=\"product:price:currency\" content=\"EUR\" \/>\n<meta property=\"og:availability\" content=\"out of stock\" \/>\n<meta property=\"product:availability\" content=\"out of stock\" \/>\n<meta property=\"product:retailer_item_id\" content=\"mp00059\" \/>\n<meta property=\"product:condition\" content=\"new\" \/>\n<!-- \/ Yoast SEO plugin. -->","yoast_head_json":{"title":"MECHANIC AirDUSTER Stoftskydd f\u00f6r Vinkelslip 230mm - Murerpoint ApS","description":"MECHANIC AirDUSTER provides nearly dust-free cutting for your 230mm angle grinder with an open \"Aero\" construction and lightweight design.","robots":{"index":"index","follow":"follow","max-snippet":"max-snippet:-1","max-image-preview":"max-image-preview:large","max-video-preview":"max-video-preview:-1"},"canonical":"https:\/\/murerpoint.dk\/sv\/produkt\/mechanic-airduster-stoftskydd-for-vinkelslip-230mm\/","og_locale":"sv_SE","og_type":"article","og_title":"MECHANIC AirDUSTER Stoftskydd f\u00f6r Vinkelslip 230mm - Murerpoint ApS","og_description":"MECHANIC AirDUSTER provides nearly dust-free cutting for your 230mm angle grinder with an open \"Aero\" construction and lightweight design.","og_url":"https:\/\/murerpoint.dk\/sv\/produkt\/mechanic-airduster-stoftskydd-for-vinkelslip-230mm\/","og_site_name":"Murerpoint ApS","article_publisher":"https:\/\/m.facebook.com\/profile.php?id=61555157262134","article_modified_time":"2024-04-29T17:34:32+00:00","og_image":[{"width":1369,"height":1497,"url":"https:\/\/murerpoint.dk\/wp-content\/uploads\/2024\/04\/AirDUSTER-2.0-monterings-billeder-Oe230.jpg","type":"image\/jpeg"}],"twitter_card":"summary_large_image","twitter_misc":{"Pris":"&euro;63.44 Pris ekskl. moms: &euro;50.75","Tillg\u00e4nglig":"Slut i lager"},"schema":{"@context":"https:\/\/schema.org","@graph":[{"@type":"WebPage","@id":"https:\/\/murerpoint.dk\/sv\/produkt\/mechanic-airduster-stoftskydd-for-vinkelslip-230mm\/","url":"https:\/\/murerpoint.dk\/sv\/produkt\/mechanic-airduster-stoftskydd-for-vinkelslip-230mm\/","name":"MECHANIC AirDUSTER Stoftskydd f\u00f6r Vinkelslip 230mm - Murerpoint ApS","isPartOf":{"@id":"https:\/\/murerpoint.dk\/sv\/#website"},"primaryImageOfPage":{"@id":"https:\/\/murerpoint.dk\/sv\/produkt\/mechanic-airduster-stoftskydd-for-vinkelslip-230mm\/#primaryimage"},"image":{"@id":"https:\/\/murerpoint.dk\/sv\/produkt\/mechanic-airduster-stoftskydd-for-vinkelslip-230mm\/#primaryimage"},"thumbnailUrl":"https:\/\/murerpoint.dk\/wp-content\/uploads\/2024\/04\/AirDUSTER-2.0-monterings-billeder-Oe230.jpg","datePublished":"2024-04-29T11:04:48+00:00","dateModified":"2024-04-29T17:34:32+00:00","description":"MECHANIC AirDUSTER provides nearly dust-free cutting for your 230mm angle grinder with an open \"Aero\" construction and lightweight design.","breadcrumb":{"@id":"https:\/\/murerpoint.dk\/sv\/produkt\/mechanic-airduster-stoftskydd-for-vinkelslip-230mm\/#breadcrumb"},"inLanguage":"sv-SE","potentialAction":[{"@type":"ReadAction","target":["https:\/\/murerpoint.dk\/sv\/produkt\/mechanic-airduster-stoftskydd-for-vinkelslip-230mm\/"]}]},{"@type":"ImageObject","inLanguage":"sv-SE","@id":"https:\/\/murerpoint.dk\/sv\/produkt\/mechanic-airduster-stoftskydd-for-vinkelslip-230mm\/#primaryimage","url":"https:\/\/murerpoint.dk\/wp-content\/uploads\/2024\/04\/AirDUSTER-2.0-monterings-billeder-Oe230.jpg","contentUrl":"https:\/\/murerpoint.dk\/wp-content\/uploads\/2024\/04\/AirDUSTER-2.0-monterings-billeder-Oe230.jpg","width":1369,"height":1497,"caption":"AirDUSTER 2.0 \u00d8230 St\u00f8vsk\u00e6rm, passer til alle vinkelsliber fabrikater."},{"@type":"BreadcrumbList","@id":"https:\/\/murerpoint.dk\/sv\/produkt\/mechanic-airduster-stoftskydd-for-vinkelslip-230mm\/#breadcrumb","itemListElement":[{"@type":"ListItem","position":1,"name":"Hjem","item":"https:\/\/murerpoint.dk\/sv\/"},{"@type":"ListItem","position":2,"name":"SHOPPEN","item":"https:\/\/murerpoint.dk\/sv\/shoppen\/"},{"@type":"ListItem","position":3,"name":"MECHANIC AirDUSTER Stoftskydd f\u00f6r Vinkelslip 230mm"}]},{"@type":"WebSite","@id":"https:\/\/murerpoint.dk\/sv\/#website","url":"https:\/\/murerpoint.dk\/sv\/","name":"Murerpoint","description":"kvalitets v\u00e6rkt\u00f8j","publisher":{"@id":"https:\/\/murerpoint.dk\/sv\/#organization"},"potentialAction":[{"@type":"SearchAction","target":{"@type":"EntryPoint","urlTemplate":"https:\/\/murerpoint.dk\/sv\/?s={search_term_string}"},"query-input":{"@type":"PropertyValueSpecification","valueRequired":true,"valueName":"search_term_string"}}],"inLanguage":"sv-SE"},{"@type":"Organization","@id":"https:\/\/murerpoint.dk\/sv\/#organization","name":"Murerpoint ApS","url":"https:\/\/murerpoint.dk\/sv\/","logo":{"@type":"ImageObject","inLanguage":"sv-SE","@id":"https:\/\/murerpoint.dk\/sv\/#\/schema\/logo\/image\/","url":"https:\/\/murerpoint.dk\/wp-content\/uploads\/2023\/12\/cropped-Sort-Midt-Roed-Mursten.png","contentUrl":"https:\/\/murerpoint.dk\/wp-content\/uploads\/2023\/12\/cropped-Sort-Midt-Roed-Mursten.png","width":512,"height":512,"caption":"Murerpoint ApS"},"image":{"@id":"https:\/\/murerpoint.dk\/sv\/#\/schema\/logo\/image\/"},"sameAs":["https:\/\/m.facebook.com\/profile.php?id=61555157262134","https:\/\/www.instagram.com\/murerpoint?igsh=azluMWV6cTnc2ts&utm_source=qr","https:\/\/www.tiktok.com\/@murerpoint?is_from_webapp=1&sender_device=pc"]}]},"product_price_amount":"63.44","product_price_currency":"EUR","og_availability":"out of stock","product_availability":"out of stock","product_retailer_item_id":"mp00059","product_condition":"new"},"_links":{"self":[{"href":"https:\/\/murerpoint.dk\/sv\/wp-json\/wp\/v2\/product\/3173","targetHints":{"allow":["GET"]}}],"collection":[{"href":"https:\/\/murerpoint.dk\/sv\/wp-json\/wp\/v2\/product"}],"about":[{"href":"https:\/\/murerpoint.dk\/sv\/wp-json\/wp\/v2\/types\/product"}],"replies":[{"embeddable":true,"href":"https:\/\/murerpoint.dk\/sv\/wp-json\/wp\/v2\/comments?post=3173"}],"wp:featuredmedia":[{"embeddable":true,"href":"https:\/\/murerpoint.dk\/sv\/wp-json\/wp\/v2\/media\/3163"}],"wp:attachment":[{"href":"https:\/\/murerpoint.dk\/sv\/wp-json\/wp\/v2\/media?parent=3173"}],"wp:term":[{"taxonomy":"product_brand","embeddable":true,"href":"https:\/\/murerpoint.dk\/sv\/wp-json\/wp\/v2\/product_brand?post=3173"},{"taxonomy":"product_cat","embeddable":true,"href":"https:\/\/murerpoint.dk\/sv\/wp-json\/wp\/v2\/product_cat?post=3173"},{"taxonomy":"product_tag","embeddable":true,"href":"https:\/\/murerpoint.dk\/sv\/wp-json\/wp\/v2\/product_tag?post=3173"}],"curies":[{"name":"wp","href":"https:\/\/api.w.org\/{rel}","templated":true}]}}