{"id":3411,"date":"2024-04-30T11:51:43","date_gmt":"2024-04-30T11:51:43","guid":{"rendered":"https:\/\/murerpoint.dk\/product\/diamond-grinding-wheel-oe125mm-for-eibenstock-concrete\/"},"modified":"2024-05-17T08:07:43","modified_gmt":"2024-05-17T08:07:43","slug":"diamantkopphjul-oe125-mm-for-eibenstock-betongslip","status":"publish","type":"product","link":"https:\/\/murerpoint.dk\/sv\/produkt\/diamantkopphjul-oe125-mm-for-eibenstock-betongslip\/","title":{"rendered":"Diamantkopphjul \u00d8125 mm f\u00f6r EIBENSTOCK Betongslip"},"content":{"rendered":"<?xml encoding=\"utf-8\" ?><div class=\"flex-1 overflow-hidden\">\n<div class=\"react-scroll-to-bottom--css-abtlf-79elbk h-full\">\n<div class=\"react-scroll-to-bottom--css-abtlf-1n7m0yu\">\n<div>\n<div class=\"flex flex-col text-sm pb-9\">\n<div class=\"w-full text-token-text-primary\" dir=\"auto\" data-testid=\"conversation-turn-279\">\n<div class=\"px-4 py-2 justify-center text-base md:gap-6 m-auto\">\n<div class=\"flex flex-1 text-base mx-auto gap-3 juice:gap-4 juice:md:gap-6 md:px-5 lg:px-1 xl:px-5 md:max-w-3xl lg:max-w-[40rem] xl:max-w-[48rem]\">\n<div class=\"relative flex w-full min-w-0 flex-col agent-turn\">\n<div class=\"flex-col gap-1 md:gap-3\">\n<div class=\"flex flex-grow flex-col max-w-full\">\n<div class=\"min-h-[20px] text-message flex flex-col items-start gap-3 whitespace-pre-wrap break-words [.text-message+&amp;]:mt-5 overflow-x-auto\" dir=\"auto\" data-message-author-role=\"assistant\" data-message-id=\"96f0e054-c948-47c3-bb2d-f86a5211c3ac\">\n<div class=\"markdown prose w-full break-words dark:prose-invert light\">\n<h5>Diamantkopphjul &Oslash;125 mm f&ouml;r EIBENSTOCK Betongslip EBS-serien och vinkelslip<\/h5>\n<p>Upplev en era av effektivitet och precision med v&aring;rt banbrytande diamantkopphjul &Oslash;125 mm, utformat f&ouml;r EIBENSTOCK Betongslip EBS-serien och standard vinkelslipar. Det h&auml;r diamantkopphjulet &auml;r inte bara ett verktyg &ndash; det &auml;r en teknologisk revolution inom slipning. Med avancerat hantverk och enast&aring;ende h&aring;llbarhet kommer detta diamantkopphjul att ta din slipning till nya h&ouml;jder.<\/p>\n<p>De speciellt utformade diamantsegmenten s&auml;kerst&auml;ller en snabbare och mer effektiv slipningsprocess samtidigt som de betydligt minskar dammniv&aring;erna. Oavsett om du arbetar med natursten, betong, granit eller andra byggmaterial kommer detta diamantkopphjul att leverera enast&aring;ende resultat varje g&aring;ng.<\/p>\n<p>Med ett 22,2 mm h&aring;l kan detta diamantkopphjul enkelt monteras p&aring; b&aring;de EIBENSTOCK Betongslip EBS-serien och standard vinkelslipar, vilket ger dig enast&aring;ende m&aring;ngsidighet och flexibilitet p&aring; arbetsplatsen. F&ouml;r optimal prestanda rekommenderas det att anv&auml;nda diamantkopphjulet i kombination med en ansluten dammskjold och dammsugare, vilket inte bara h&aring;ller din arbetsplats renare utan ocks&aring; f&ouml;rl&auml;nger livsl&auml;ngden p&aring; din utrustning. Dammskjoldar finns her: <a href=\"https:\/\/murerpoint.dk\/de\/produkt-kategorie\/zubehoer\/staubschutzwaende\/\" target=\"_blank\" rel=\"noopener noreferrer\">Staubschutzw&auml;nde &ndash; Murerpoint ApS<\/a><\/p>\n<p><strong>Specifikationer:<\/strong><\/p>\n<ul>\n<li>Diameter: 125 mm<\/li>\n<li>Passar till EIBENSTOCK Betongslip EBS-serien med 22,2 mm h&aring;l samt standard vinkelslipar<\/li>\n<li>L&auml;mplig f&ouml;r slipning av natursten, betong, granit och olika byggmaterial<\/li>\n<li>6 mm h&ouml;ga diamantsegment f&ouml;r &ouml;kad h&aring;llbarhet och prestanda<\/li>\n<\/ul>\n<\/div>\n<\/div>\n<\/div>\n<div class=\"mt-1 flex gap-3 empty:hidden\"><\/div>\n<\/div>\n<\/div>\n<\/div>\n<\/div>\n<\/div>\n<\/div>\n<\/div>\n<\/div>\n<\/div>\n<\/div>\n","protected":false},"excerpt":{"rendered":"<h5>Diamantkopphjul \u00d8125 mm f\u00f6r EIBENSTOCK Betongslip EBS-serien och vinkelslip<\/h5>\n<p>Med ett 22,2 mm h\u00e5l kan detta diamantkopphjul enkelt monteras p\u00e5 b\u00e5de EIBENSTOCK Betongslip EBS-serien och standard vinkelslipar, vilket ger dig enast\u00e5ende m\u00e5ngsidighet och flexibilitet p\u00e5 arbetsplatsen. F\u00f6r optimal prestanda rekommenderas det att anv\u00e4nda diamantkopphjulet i kombination med en ansluten dammskjold och dammsugare, vilket inte bara h\u00e5ller din arbetsplats renare utan ocks\u00e5 f\u00f6rl\u00e4nger livsl\u00e4ngden p\u00e5 din utrustning. Dammskjoldar finns her: <a href=\"https:\/\/murerpoint.dk\/de\/produkt-kategorie\/zubehoer\/staubschutzwaende\/\">Staubschutzw\u00e4nde &#8211; Murerpoint ApS<\/a><\/p>\n<ul>\n<li>Diameter: 125 mm<\/li>\n<li>Passar till EIBENSTOCK Betongslip EBS-serien med 22,2 mm h\u00e5l samt standard vinkelslipar<\/li>\n<li>L\u00e4mplig f\u00f6r slipning av natursten, betong, granit och olika byggmaterial<\/li>\n<li>6 mm h\u00f6ga diamantsegment f\u00f6r \u00f6kad h\u00e5llbarhet och prestanda<\/li>\n<\/ul>\n","protected":false},"featured_media":3262,"comment_status":"open","ping_status":"closed","template":"","meta":[],"product_brand":[],"product_cat":[1778,1240],"product_tag":[1964,1779,1780,2640],"class_list":{"0":"post-3411","1":"product","2":"type-product","3":"status-publish","4":"has-post-thumbnail","6":"product_cat-diamant-gatkuller-sv","7":"product_cat-diamant-klinger-sv","8":"product_tag-concrete-sv","9":"product_tag-diamantkopsten-sv","10":"product_tag-kopsten-sv","11":"product_tag-googleads-sv","13":"first","14":"instock","15":"taxable","16":"shipping-taxable","17":"purchasable","18":"product-type-simple"},"yoast_head":"<!-- This site is optimized with the Yoast SEO plugin v27.4 - https:\/\/yoast.com\/product\/yoast-seo-wordpress\/ -->\n<title>Diamantkopphjul \u00d8125 mm f\u00f6r EIBENSTOCK Betongslip - Murerpoint ApS<\/title>\n<meta name=\"description\" content=\"Upplev en era av effektivitet och precision med v\u00e5rt banbrytande diamantkopphjul \u00d8125 mm, utformat f\u00f6r EIBENSTOCK Betongslip EBS-serien.\" \/>\n<meta name=\"robots\" content=\"index, follow, max-snippet:-1, max-image-preview:large, max-video-preview:-1\" \/>\n<link rel=\"canonical\" href=\"https:\/\/murerpoint.dk\/sv\/produkt\/diamantkopphjul-oe125-mm-for-eibenstock-betongslip\/\" \/>\n<meta property=\"og:locale\" content=\"sv_SE\" \/>\n<meta property=\"og:type\" content=\"article\" \/>\n<meta property=\"og:title\" content=\"Diamantkopphjul \u00d8125 mm f\u00f6r EIBENSTOCK Betongslip - Murerpoint ApS\" \/>\n<meta property=\"og:description\" content=\"Upplev en era av effektivitet och precision med v\u00e5rt banbrytande diamantkopphjul \u00d8125 mm, utformat f\u00f6r EIBENSTOCK Betongslip EBS-serien.\" \/>\n<meta property=\"og:url\" content=\"https:\/\/murerpoint.dk\/sv\/produkt\/diamantkopphjul-oe125-mm-for-eibenstock-betongslip\/\" \/>\n<meta property=\"og:site_name\" content=\"Murerpoint ApS\" \/>\n<meta property=\"article:publisher\" content=\"https:\/\/m.facebook.com\/profile.php?id=61555157262134\" \/>\n<meta property=\"article:modified_time\" content=\"2024-05-17T08:07:43+00:00\" \/>\n<meta property=\"og:image\" content=\"https:\/\/murerpoint.dk\/wp-content\/uploads\/2024\/04\/Diamantkopsten-Eibenstock-Oe125-front-scaled.jpg\" \/>\n\t<meta property=\"og:image:width\" content=\"1920\" \/>\n\t<meta property=\"og:image:height\" content=\"2560\" \/>\n\t<meta property=\"og:image:type\" content=\"image\/jpeg\" \/>\n<meta name=\"twitter:card\" content=\"summary_large_image\" \/>\n<meta name=\"twitter:label1\" content=\"Pris\" \/>\n\t<meta name=\"twitter:data1\" content=\"&euro;39.48 Pris ekskl. moms: &euro;31.58\" \/>\n\t<meta name=\"twitter:label2\" content=\"Tillg\u00e4nglig\" \/>\n\t<meta name=\"twitter:data2\" content=\"I lager\" \/>\n<script type=\"application\/ld+json\" class=\"yoast-schema-graph\">{\"@context\":\"https:\\\/\\\/schema.org\",\"@graph\":[{\"@type\":\"WebPage\",\"@id\":\"https:\\\/\\\/murerpoint.dk\\\/sv\\\/produkt\\\/diamantkopphjul-oe125-mm-for-eibenstock-betongslip\\\/\",\"url\":\"https:\\\/\\\/murerpoint.dk\\\/sv\\\/produkt\\\/diamantkopphjul-oe125-mm-for-eibenstock-betongslip\\\/\",\"name\":\"Diamantkopphjul \u00d8125 mm f\u00f6r EIBENSTOCK Betongslip - Murerpoint ApS\",\"isPartOf\":{\"@id\":\"https:\\\/\\\/murerpoint.dk\\\/sv\\\/#website\"},\"primaryImageOfPage\":{\"@id\":\"https:\\\/\\\/murerpoint.dk\\\/sv\\\/produkt\\\/diamantkopphjul-oe125-mm-for-eibenstock-betongslip\\\/#primaryimage\"},\"image\":{\"@id\":\"https:\\\/\\\/murerpoint.dk\\\/sv\\\/produkt\\\/diamantkopphjul-oe125-mm-for-eibenstock-betongslip\\\/#primaryimage\"},\"thumbnailUrl\":\"https:\\\/\\\/murerpoint.dk\\\/wp-content\\\/uploads\\\/2024\\\/04\\\/Diamantkopsten-Eibenstock-Oe125-front-scaled.jpg\",\"datePublished\":\"2024-04-30T11:51:43+00:00\",\"dateModified\":\"2024-05-17T08:07:43+00:00\",\"description\":\"Upplev en era av effektivitet och precision med v\u00e5rt banbrytande diamantkopphjul \u00d8125 mm, utformat f\u00f6r EIBENSTOCK Betongslip EBS-serien.\",\"breadcrumb\":{\"@id\":\"https:\\\/\\\/murerpoint.dk\\\/sv\\\/produkt\\\/diamantkopphjul-oe125-mm-for-eibenstock-betongslip\\\/#breadcrumb\"},\"inLanguage\":\"sv-SE\",\"potentialAction\":[{\"@type\":\"ReadAction\",\"target\":[\"https:\\\/\\\/murerpoint.dk\\\/sv\\\/produkt\\\/diamantkopphjul-oe125-mm-for-eibenstock-betongslip\\\/\"]}]},{\"@type\":\"ImageObject\",\"inLanguage\":\"sv-SE\",\"@id\":\"https:\\\/\\\/murerpoint.dk\\\/sv\\\/produkt\\\/diamantkopphjul-oe125-mm-for-eibenstock-betongslip\\\/#primaryimage\",\"url\":\"https:\\\/\\\/murerpoint.dk\\\/wp-content\\\/uploads\\\/2024\\\/04\\\/Diamantkopsten-Eibenstock-Oe125-front-scaled.jpg\",\"contentUrl\":\"https:\\\/\\\/murerpoint.dk\\\/wp-content\\\/uploads\\\/2024\\\/04\\\/Diamantkopsten-Eibenstock-Oe125-front-scaled.jpg\",\"width\":1920,\"height\":2560,\"caption\":\"Eibenstock \u00d8125 mm\"},{\"@type\":\"BreadcrumbList\",\"@id\":\"https:\\\/\\\/murerpoint.dk\\\/sv\\\/produkt\\\/diamantkopphjul-oe125-mm-for-eibenstock-betongslip\\\/#breadcrumb\",\"itemListElement\":[{\"@type\":\"ListItem\",\"position\":1,\"name\":\"Hjem\",\"item\":\"https:\\\/\\\/murerpoint.dk\\\/sv\\\/\"},{\"@type\":\"ListItem\",\"position\":2,\"name\":\"SHOPPEN\",\"item\":\"https:\\\/\\\/murerpoint.dk\\\/sv\\\/shoppen\\\/\"},{\"@type\":\"ListItem\",\"position\":3,\"name\":\"Diamantkopphjul \u00d8125 mm f\u00f6r EIBENSTOCK Betongslip\"}]},{\"@type\":\"WebSite\",\"@id\":\"https:\\\/\\\/murerpoint.dk\\\/sv\\\/#website\",\"url\":\"https:\\\/\\\/murerpoint.dk\\\/sv\\\/\",\"name\":\"Murerpoint\",\"description\":\"kvalitets v\u00e6rkt\u00f8j\",\"publisher\":{\"@id\":\"https:\\\/\\\/murerpoint.dk\\\/sv\\\/#organization\"},\"potentialAction\":[{\"@type\":\"SearchAction\",\"target\":{\"@type\":\"EntryPoint\",\"urlTemplate\":\"https:\\\/\\\/murerpoint.dk\\\/sv\\\/?s={search_term_string}\"},\"query-input\":{\"@type\":\"PropertyValueSpecification\",\"valueRequired\":true,\"valueName\":\"search_term_string\"}}],\"inLanguage\":\"sv-SE\"},{\"@type\":\"Organization\",\"@id\":\"https:\\\/\\\/murerpoint.dk\\\/sv\\\/#organization\",\"name\":\"Murerpoint ApS\",\"url\":\"https:\\\/\\\/murerpoint.dk\\\/sv\\\/\",\"logo\":{\"@type\":\"ImageObject\",\"inLanguage\":\"sv-SE\",\"@id\":\"https:\\\/\\\/murerpoint.dk\\\/sv\\\/#\\\/schema\\\/logo\\\/image\\\/\",\"url\":\"https:\\\/\\\/murerpoint.dk\\\/wp-content\\\/uploads\\\/2023\\\/12\\\/cropped-Sort-Midt-Roed-Mursten.png\",\"contentUrl\":\"https:\\\/\\\/murerpoint.dk\\\/wp-content\\\/uploads\\\/2023\\\/12\\\/cropped-Sort-Midt-Roed-Mursten.png\",\"width\":512,\"height\":512,\"caption\":\"Murerpoint ApS\"},\"image\":{\"@id\":\"https:\\\/\\\/murerpoint.dk\\\/sv\\\/#\\\/schema\\\/logo\\\/image\\\/\"},\"sameAs\":[\"https:\\\/\\\/m.facebook.com\\\/profile.php?id=61555157262134\",\"https:\\\/\\\/www.instagram.com\\\/murerpoint?igsh=azluMWV6cTnc2ts&utm_source=qr\",\"https:\\\/\\\/www.tiktok.com\\\/@murerpoint?is_from_webapp=1&sender_device=pc\"]}]}<\/script>\n<meta property=\"product:price:amount\" content=\"39.48\" \/>\n<meta property=\"product:price:currency\" content=\"EUR\" \/>\n<meta property=\"og:availability\" content=\"instock\" \/>\n<meta property=\"product:availability\" content=\"instock\" \/>\n<meta property=\"product:retailer_item_id\" content=\"mp00061\" \/>\n<meta property=\"product:condition\" content=\"new\" \/>\n<!-- \/ Yoast SEO plugin. -->","yoast_head_json":{"title":"Diamantkopphjul \u00d8125 mm f\u00f6r EIBENSTOCK Betongslip - Murerpoint ApS","description":"Upplev en era av effektivitet och precision med v\u00e5rt banbrytande diamantkopphjul \u00d8125 mm, utformat f\u00f6r EIBENSTOCK Betongslip EBS-serien.","robots":{"index":"index","follow":"follow","max-snippet":"max-snippet:-1","max-image-preview":"max-image-preview:large","max-video-preview":"max-video-preview:-1"},"canonical":"https:\/\/murerpoint.dk\/sv\/produkt\/diamantkopphjul-oe125-mm-for-eibenstock-betongslip\/","og_locale":"sv_SE","og_type":"article","og_title":"Diamantkopphjul \u00d8125 mm f\u00f6r EIBENSTOCK Betongslip - Murerpoint ApS","og_description":"Upplev en era av effektivitet och precision med v\u00e5rt banbrytande diamantkopphjul \u00d8125 mm, utformat f\u00f6r EIBENSTOCK Betongslip EBS-serien.","og_url":"https:\/\/murerpoint.dk\/sv\/produkt\/diamantkopphjul-oe125-mm-for-eibenstock-betongslip\/","og_site_name":"Murerpoint ApS","article_publisher":"https:\/\/m.facebook.com\/profile.php?id=61555157262134","article_modified_time":"2024-05-17T08:07:43+00:00","og_image":[{"width":1920,"height":2560,"url":"https:\/\/murerpoint.dk\/wp-content\/uploads\/2024\/04\/Diamantkopsten-Eibenstock-Oe125-front-scaled.jpg","type":"image\/jpeg"}],"twitter_card":"summary_large_image","twitter_misc":{"Pris":"&euro;39.48 Pris ekskl. moms: &euro;31.58","Tillg\u00e4nglig":"I lager"},"schema":{"@context":"https:\/\/schema.org","@graph":[{"@type":"WebPage","@id":"https:\/\/murerpoint.dk\/sv\/produkt\/diamantkopphjul-oe125-mm-for-eibenstock-betongslip\/","url":"https:\/\/murerpoint.dk\/sv\/produkt\/diamantkopphjul-oe125-mm-for-eibenstock-betongslip\/","name":"Diamantkopphjul \u00d8125 mm f\u00f6r EIBENSTOCK Betongslip - Murerpoint ApS","isPartOf":{"@id":"https:\/\/murerpoint.dk\/sv\/#website"},"primaryImageOfPage":{"@id":"https:\/\/murerpoint.dk\/sv\/produkt\/diamantkopphjul-oe125-mm-for-eibenstock-betongslip\/#primaryimage"},"image":{"@id":"https:\/\/murerpoint.dk\/sv\/produkt\/diamantkopphjul-oe125-mm-for-eibenstock-betongslip\/#primaryimage"},"thumbnailUrl":"https:\/\/murerpoint.dk\/wp-content\/uploads\/2024\/04\/Diamantkopsten-Eibenstock-Oe125-front-scaled.jpg","datePublished":"2024-04-30T11:51:43+00:00","dateModified":"2024-05-17T08:07:43+00:00","description":"Upplev en era av effektivitet och precision med v\u00e5rt banbrytande diamantkopphjul \u00d8125 mm, utformat f\u00f6r EIBENSTOCK Betongslip EBS-serien.","breadcrumb":{"@id":"https:\/\/murerpoint.dk\/sv\/produkt\/diamantkopphjul-oe125-mm-for-eibenstock-betongslip\/#breadcrumb"},"inLanguage":"sv-SE","potentialAction":[{"@type":"ReadAction","target":["https:\/\/murerpoint.dk\/sv\/produkt\/diamantkopphjul-oe125-mm-for-eibenstock-betongslip\/"]}]},{"@type":"ImageObject","inLanguage":"sv-SE","@id":"https:\/\/murerpoint.dk\/sv\/produkt\/diamantkopphjul-oe125-mm-for-eibenstock-betongslip\/#primaryimage","url":"https:\/\/murerpoint.dk\/wp-content\/uploads\/2024\/04\/Diamantkopsten-Eibenstock-Oe125-front-scaled.jpg","contentUrl":"https:\/\/murerpoint.dk\/wp-content\/uploads\/2024\/04\/Diamantkopsten-Eibenstock-Oe125-front-scaled.jpg","width":1920,"height":2560,"caption":"Eibenstock \u00d8125 mm"},{"@type":"BreadcrumbList","@id":"https:\/\/murerpoint.dk\/sv\/produkt\/diamantkopphjul-oe125-mm-for-eibenstock-betongslip\/#breadcrumb","itemListElement":[{"@type":"ListItem","position":1,"name":"Hjem","item":"https:\/\/murerpoint.dk\/sv\/"},{"@type":"ListItem","position":2,"name":"SHOPPEN","item":"https:\/\/murerpoint.dk\/sv\/shoppen\/"},{"@type":"ListItem","position":3,"name":"Diamantkopphjul \u00d8125 mm f\u00f6r EIBENSTOCK Betongslip"}]},{"@type":"WebSite","@id":"https:\/\/murerpoint.dk\/sv\/#website","url":"https:\/\/murerpoint.dk\/sv\/","name":"Murerpoint","description":"kvalitets v\u00e6rkt\u00f8j","publisher":{"@id":"https:\/\/murerpoint.dk\/sv\/#organization"},"potentialAction":[{"@type":"SearchAction","target":{"@type":"EntryPoint","urlTemplate":"https:\/\/murerpoint.dk\/sv\/?s={search_term_string}"},"query-input":{"@type":"PropertyValueSpecification","valueRequired":true,"valueName":"search_term_string"}}],"inLanguage":"sv-SE"},{"@type":"Organization","@id":"https:\/\/murerpoint.dk\/sv\/#organization","name":"Murerpoint ApS","url":"https:\/\/murerpoint.dk\/sv\/","logo":{"@type":"ImageObject","inLanguage":"sv-SE","@id":"https:\/\/murerpoint.dk\/sv\/#\/schema\/logo\/image\/","url":"https:\/\/murerpoint.dk\/wp-content\/uploads\/2023\/12\/cropped-Sort-Midt-Roed-Mursten.png","contentUrl":"https:\/\/murerpoint.dk\/wp-content\/uploads\/2023\/12\/cropped-Sort-Midt-Roed-Mursten.png","width":512,"height":512,"caption":"Murerpoint ApS"},"image":{"@id":"https:\/\/murerpoint.dk\/sv\/#\/schema\/logo\/image\/"},"sameAs":["https:\/\/m.facebook.com\/profile.php?id=61555157262134","https:\/\/www.instagram.com\/murerpoint?igsh=azluMWV6cTnc2ts&utm_source=qr","https:\/\/www.tiktok.com\/@murerpoint?is_from_webapp=1&sender_device=pc"]}]},"product_price_amount":"39.48","product_price_currency":"EUR","og_availability":"instock","product_availability":"instock","product_retailer_item_id":"mp00061","product_condition":"new"},"_links":{"self":[{"href":"https:\/\/murerpoint.dk\/sv\/wp-json\/wp\/v2\/product\/3411","targetHints":{"allow":["GET"]}}],"collection":[{"href":"https:\/\/murerpoint.dk\/sv\/wp-json\/wp\/v2\/product"}],"about":[{"href":"https:\/\/murerpoint.dk\/sv\/wp-json\/wp\/v2\/types\/product"}],"replies":[{"embeddable":true,"href":"https:\/\/murerpoint.dk\/sv\/wp-json\/wp\/v2\/comments?post=3411"}],"wp:featuredmedia":[{"embeddable":true,"href":"https:\/\/murerpoint.dk\/sv\/wp-json\/wp\/v2\/media\/3262"}],"wp:attachment":[{"href":"https:\/\/murerpoint.dk\/sv\/wp-json\/wp\/v2\/media?parent=3411"}],"wp:term":[{"taxonomy":"product_brand","embeddable":true,"href":"https:\/\/murerpoint.dk\/sv\/wp-json\/wp\/v2\/product_brand?post=3411"},{"taxonomy":"product_cat","embeddable":true,"href":"https:\/\/murerpoint.dk\/sv\/wp-json\/wp\/v2\/product_cat?post=3411"},{"taxonomy":"product_tag","embeddable":true,"href":"https:\/\/murerpoint.dk\/sv\/wp-json\/wp\/v2\/product_tag?post=3411"}],"curies":[{"name":"wp","href":"https:\/\/api.w.org\/{rel}","templated":true}]}}