{"id":3550,"date":"2024-05-06T16:06:39","date_gmt":"2024-05-06T16:06:39","guid":{"rendered":"https:\/\/murerpoint.dk\/product\/kombi-gulv-jack-60mm-lav-din-egen-laengde\/"},"modified":"2025-02-19T10:25:44","modified_gmt":"2025-02-19T10:25:44","slug":"kombi-golvjack-golvskruv-sag-adjo-till-knarrande-golv","status":"publish","type":"product","link":"https:\/\/murerpoint.dk\/sv\/produkt\/kombi-golvjack-golvskruv-sag-adjo-till-knarrande-golv\/","title":{"rendered":"Kombi GolvJack Golvskruv \u2013 S\u00e4g adj\u00f6 till knarrande golv"},"content":{"rendered":"<?xml encoding=\"utf-8\" ?><p><strong>Kombi GolvJack Golvskruv &ndash; S&auml;g adj&ouml; till knarrande golv och instabila golvbj&auml;lkar<\/strong><\/p><p>&Auml;r du tr&ouml;tt p&aring; knarrande golv eller beh&ouml;ver du en effektiv l&ouml;sning f&ouml;r att stabilisera golvbj&auml;lkar? <strong>Kombi GolvJack<\/strong> &auml;r det perfekta valet! Denna golvskruv kombinerar flexibilitet, h&aring;llbarhet och enkel anv&auml;ndning, vilket g&ouml;r att du kan skapa det optimala golvst&ouml;det till ett oslagbart pris.<\/p><ul>\n<li><strong>Justerbar l&auml;ngd<\/strong>: Kombi GolvJack erbjuder justerbara l&auml;ngder fr&aring;n 60 mm upp till 240 mm genom att kombinera segment p&aring; 20 mm, 40 mm och 60 mm. Detta modul&auml;ra system g&ouml;r det m&ouml;jligt att v&auml;lja mellan l&auml;ngderna 60 mm, 80 mm, 100 mm, 120 mm, 140 mm, 160 mm, 180 mm, 200 mm, 220 mm och 240 mm.<\/li>\n<li><strong>Marknadens b&auml;sta pris<\/strong>: Kombi GolvJack erbjuder inte bara en h&aring;llbar och effektiv l&ouml;sning &ndash; den g&ouml;r det till ett oslagbart pris.<\/li>\n<li><strong>Enkel installation<\/strong>: Installationen &auml;r snabb och enkel. Allt du beh&ouml;ver &auml;r en insexnyckel och en kraftig borrmaskin, s&aring; &auml;r du redo att justera golven med l&auml;tthet.<\/li>\n<li><strong>Ljudd&auml;mpning och stabilitet<\/strong>: Den medf&ouml;ljande plastbussningen och glidskon minskar b&aring;de knarrljud och vibrationer. Perfekt f&ouml;r att renovera &auml;ldre golv som beh&ouml;ver extra stabilitet och komfort.<\/li>\n<\/ul><p><strong>Specifikationer:<\/strong><\/p><ul>\n<li><strong>Golvskruvsl&auml;ngd<\/strong>: 60 mm<\/li>\n<li><strong>Tillg&auml;ngliga segmentl&auml;ngder<\/strong>: 20 mm, 40 mm, 60 mm<\/li>\n<li><strong>Tillg&auml;ngliga totala l&auml;ngder<\/strong>: 60 mm, 80 mm, 100 mm, 120 mm, 140 mm, 160 mm, 180 mm, 200 mm, 220 mm, 240 mm<\/li>\n<li><strong>Material<\/strong>: Skruvbaserade segment med plastbussning<\/li>\n<li><strong>Tillbeh&ouml;r<\/strong>: Ljudd&auml;mpande glidsko, sexkantigt h&aring;l f&ouml;r monteringsnyckel<\/li>\n<\/ul><p><iframe title=\"Kombi Gulv Jack, #Gulvskruen du selv kan sammens&aelig;tte, Floor Jack, Kombi bodenschraube\" width=\"800\" height=\"450\" src=\"https:\/\/www.youtube.com\/embed\/vlfwhiOgTx8?feature=oembed\" frameborder=\"0\" allow=\"accelerometer; autoplay; clipboard-write; encrypted-media; gyroscope; picture-in-picture; web-share\" referrerpolicy=\"strict-origin-when-cross-origin\" allowfullscreen><\/iframe><\/p>\n","protected":false},"excerpt":{"rendered":"<h5><strong>Kombi GolvJack Golvskruv \u2013 S\u00e4g adj\u00f6 till knarrande golv<\/strong><\/h5>\n<p><strong>Kombi GolvJack<\/strong> \u2013 Justerbar golvskruv fr\u00e5n 60 mm till 240 mm. Perfekt f\u00f6r att stabilisera golvbj\u00e4lkar och eliminera knarrande golv. Enkel installation med insexnyckel.<\/p>\n<div class=\"w-full text-token-text-primary\" dir=\"auto\" data-testid=\"conversation-turn-81\" data-scroll-anchor=\"false\">\n<div class=\"py-2 px-3 text-base md:px-4 m-auto md:px-5 lg:px-1 xl:px-5\">\n<div class=\"mx-auto flex flex-1 gap-3 text-base juice:gap-4 juice:md:gap-6 md:max-w-3xl lg:max-w-[40rem] xl:max-w-[48rem]\">\n<div class=\"relative flex w-full min-w-0 flex-col agent-turn\">\n<div class=\"flex-col gap-1 md:gap-3\">\n<div class=\"flex flex-grow flex-col max-w-full\">\n<div class=\"min-h-[20px] text-message flex flex-col items-start whitespace-pre-wrap break-words [.text-message+&amp;]:mt-5 overflow-x-auto gap-3\" dir=\"auto\" data-message-author-role=\"assistant\" data-message-id=\"02d14495-ad67-401a-8489-45105264781d\">\n<div class=\"markdown prose w-full break-words dark:prose-invert light\">\n<p><strong>Obs:<\/strong> Tr\u00e4plugg ing\u00e5r inte men kan best\u00e4llas h\u00e4r: <a href=\"https:\/\/murerpoint.dk\/sv\/produkt\/traplugg-for-flex-golv-jack-golvscrew-20-mm\/\">Tr\u00e4plugg f\u00f6r Flex Golv Jack Golvscrew 20 mm &#8211; Murerpoint ApS<\/a><\/p>\n[embed]https:\/\/youtube.com\/shorts\/k-isTMhEYGs?si=79chI73PyERuuShz[\/embed]\n<\/div>\n<\/div>\n<\/div>\n<\/div>\n<\/div>\n<\/div>\n<\/div>\n<\/div>\n","protected":false},"featured_media":4192,"comment_status":"open","ping_status":"closed","template":"","meta":[],"product_brand":[],"product_cat":[2655,107],"product_tag":[1882,1883,4517,4514,1884,1885,3984,4643,3985,3986,3987,4518,4519,4515,4516,1886,4520,1887,1888,2640],"class_list":{"0":"post-3550","1":"product","2":"type-product","3":"status-publish","4":"has-post-thumbnail","6":"product_cat-golvskruv","7":"product_cat-tilbehoer-sv","8":"product_tag-flexjack-sv","9":"product_tag-flexjackgulvskrue-sv","10":"product_tag-golvbjalkar","11":"product_tag-golvskruv","12":"product_tag-gulvjack-sv","13":"product_tag-gulvskrue-sv","14":"product_tag-highquality-sv","15":"product_tag-hogekwaliteit-sv","16":"product_tag-hoegkvalitet-sv","17":"product_tag-hohequalitaet-sv","18":"product_tag-hoejkvalitet-sv","19":"product_tag-justerbar-sv","20":"product_tag-kombijackstang-sv","21":"product_tag-langdjusterbar","22":"product_tag-ljudisolering","23":"product_tag-schaltflaeche-sv","24":"product_tag-stabilisering-sv","25":"product_tag-wooden-schaltflaeche-sv","26":"product_tag-woodenschaltflaeche-sv","27":"product_tag-googleads-sv","29":"first","30":"instock","31":"taxable","32":"shipping-taxable","33":"purchasable","34":"product-type-variable"},"yoast_head":"<!-- This site is optimized with the Yoast SEO plugin v27.4 - https:\/\/yoast.com\/product\/yoast-seo-wordpress\/ -->\n<title>Kombi GolvJack Golvskruv \u2013 S\u00e4g adj\u00f6 till knarrande golv - Murerpoint ApS<\/title>\n<meta name=\"description\" content=\"Kombi GolvJack golvskruv f\u00f6r stabilisering av golvbj\u00e4lkar. Justerbar fr\u00e5n 60 mm till 240 mm. Perfekt f\u00f6r att eliminera knarrande golv. K\u00f6p nu!\" \/>\n<meta name=\"robots\" content=\"index, follow, max-snippet:-1, max-image-preview:large, max-video-preview:-1\" \/>\n<link rel=\"canonical\" href=\"https:\/\/murerpoint.dk\/sv\/produkt\/kombi-golvjack-golvskruv-sag-adjo-till-knarrande-golv\/\" \/>\n<meta property=\"og:locale\" content=\"sv_SE\" \/>\n<meta property=\"og:type\" content=\"article\" \/>\n<meta property=\"og:title\" content=\"Kombi GolvJack Golvskruv \u2013 S\u00e4g adj\u00f6 till knarrande golv - Murerpoint ApS\" \/>\n<meta property=\"og:description\" content=\"Kombi GolvJack golvskruv f\u00f6r stabilisering av golvbj\u00e4lkar. Justerbar fr\u00e5n 60 mm till 240 mm. Perfekt f\u00f6r att eliminera knarrande golv. K\u00f6p nu!\" \/>\n<meta property=\"og:url\" content=\"https:\/\/murerpoint.dk\/sv\/produkt\/kombi-golvjack-golvskruv-sag-adjo-till-knarrande-golv\/\" \/>\n<meta property=\"og:site_name\" content=\"Murerpoint ApS\" \/>\n<meta property=\"article:publisher\" content=\"https:\/\/m.facebook.com\/profile.php?id=61555157262134\" \/>\n<meta property=\"article:modified_time\" content=\"2025-02-19T10:25:44+00:00\" \/>\n<meta property=\"og:image\" content=\"https:\/\/murerpoint.dk\/wp-content\/uploads\/2024\/05\/81754709.png\" \/>\n\t<meta property=\"og:image:width\" content=\"244\" \/>\n\t<meta property=\"og:image:height\" content=\"291\" \/>\n\t<meta property=\"og:image:type\" content=\"image\/png\" \/>\n<meta name=\"twitter:card\" content=\"summary_large_image\" \/>\n<meta name=\"twitter:label1\" content=\"Tillg\u00e4nglig\" \/>\n\t<meta name=\"twitter:data1\" content=\"I lager\" \/>\n<script type=\"application\/ld+json\" class=\"yoast-schema-graph\">{\"@context\":\"https:\\\/\\\/schema.org\",\"@graph\":[{\"@type\":\"WebPage\",\"@id\":\"https:\\\/\\\/murerpoint.dk\\\/sv\\\/produkt\\\/kombi-golvjack-golvskruv-sag-adjo-till-knarrande-golv\\\/\",\"url\":\"https:\\\/\\\/murerpoint.dk\\\/sv\\\/produkt\\\/kombi-golvjack-golvskruv-sag-adjo-till-knarrande-golv\\\/\",\"name\":\"Kombi GolvJack Golvskruv \u2013 S\u00e4g adj\u00f6 till knarrande golv - Murerpoint ApS\",\"isPartOf\":{\"@id\":\"https:\\\/\\\/murerpoint.dk\\\/sv\\\/#website\"},\"primaryImageOfPage\":{\"@id\":\"https:\\\/\\\/murerpoint.dk\\\/sv\\\/produkt\\\/kombi-golvjack-golvskruv-sag-adjo-till-knarrande-golv\\\/#primaryimage\"},\"image\":{\"@id\":\"https:\\\/\\\/murerpoint.dk\\\/sv\\\/produkt\\\/kombi-golvjack-golvskruv-sag-adjo-till-knarrande-golv\\\/#primaryimage\"},\"thumbnailUrl\":\"https:\\\/\\\/murerpoint.dk\\\/wp-content\\\/uploads\\\/2024\\\/05\\\/81754709.png\",\"datePublished\":\"2024-05-06T16:06:39+00:00\",\"dateModified\":\"2025-02-19T10:25:44+00:00\",\"description\":\"Kombi GolvJack golvskruv f\u00f6r stabilisering av golvbj\u00e4lkar. Justerbar fr\u00e5n 60 mm till 240 mm. Perfekt f\u00f6r att eliminera knarrande golv. K\u00f6p nu!\",\"breadcrumb\":{\"@id\":\"https:\\\/\\\/murerpoint.dk\\\/sv\\\/produkt\\\/kombi-golvjack-golvskruv-sag-adjo-till-knarrande-golv\\\/#breadcrumb\"},\"inLanguage\":\"sv-SE\",\"potentialAction\":[{\"@type\":\"ReadAction\",\"target\":[\"https:\\\/\\\/murerpoint.dk\\\/sv\\\/produkt\\\/kombi-golvjack-golvskruv-sag-adjo-till-knarrande-golv\\\/\"]}]},{\"@type\":\"ImageObject\",\"inLanguage\":\"sv-SE\",\"@id\":\"https:\\\/\\\/murerpoint.dk\\\/sv\\\/produkt\\\/kombi-golvjack-golvskruv-sag-adjo-till-knarrande-golv\\\/#primaryimage\",\"url\":\"https:\\\/\\\/murerpoint.dk\\\/wp-content\\\/uploads\\\/2024\\\/05\\\/81754709.png\",\"contentUrl\":\"https:\\\/\\\/murerpoint.dk\\\/wp-content\\\/uploads\\\/2024\\\/05\\\/81754709.png\",\"width\":244,\"height\":291,\"caption\":\"gulvjack 60 mm\"},{\"@type\":\"BreadcrumbList\",\"@id\":\"https:\\\/\\\/murerpoint.dk\\\/sv\\\/produkt\\\/kombi-golvjack-golvskruv-sag-adjo-till-knarrande-golv\\\/#breadcrumb\",\"itemListElement\":[{\"@type\":\"ListItem\",\"position\":1,\"name\":\"Hjem\",\"item\":\"https:\\\/\\\/murerpoint.dk\\\/sv\\\/\"},{\"@type\":\"ListItem\",\"position\":2,\"name\":\"SHOPPEN\",\"item\":\"https:\\\/\\\/murerpoint.dk\\\/sv\\\/shoppen\\\/\"},{\"@type\":\"ListItem\",\"position\":3,\"name\":\"Kombi GolvJack Golvskruv \u2013 S\u00e4g adj\u00f6 till knarrande golv\"}]},{\"@type\":\"WebSite\",\"@id\":\"https:\\\/\\\/murerpoint.dk\\\/sv\\\/#website\",\"url\":\"https:\\\/\\\/murerpoint.dk\\\/sv\\\/\",\"name\":\"Murerpoint\",\"description\":\"kvalitets v\u00e6rkt\u00f8j\",\"publisher\":{\"@id\":\"https:\\\/\\\/murerpoint.dk\\\/sv\\\/#organization\"},\"potentialAction\":[{\"@type\":\"SearchAction\",\"target\":{\"@type\":\"EntryPoint\",\"urlTemplate\":\"https:\\\/\\\/murerpoint.dk\\\/sv\\\/?s={search_term_string}\"},\"query-input\":{\"@type\":\"PropertyValueSpecification\",\"valueRequired\":true,\"valueName\":\"search_term_string\"}}],\"inLanguage\":\"sv-SE\"},{\"@type\":\"Organization\",\"@id\":\"https:\\\/\\\/murerpoint.dk\\\/sv\\\/#organization\",\"name\":\"Murerpoint ApS\",\"url\":\"https:\\\/\\\/murerpoint.dk\\\/sv\\\/\",\"logo\":{\"@type\":\"ImageObject\",\"inLanguage\":\"sv-SE\",\"@id\":\"https:\\\/\\\/murerpoint.dk\\\/sv\\\/#\\\/schema\\\/logo\\\/image\\\/\",\"url\":\"https:\\\/\\\/murerpoint.dk\\\/wp-content\\\/uploads\\\/2023\\\/12\\\/cropped-Sort-Midt-Roed-Mursten.png\",\"contentUrl\":\"https:\\\/\\\/murerpoint.dk\\\/wp-content\\\/uploads\\\/2023\\\/12\\\/cropped-Sort-Midt-Roed-Mursten.png\",\"width\":512,\"height\":512,\"caption\":\"Murerpoint ApS\"},\"image\":{\"@id\":\"https:\\\/\\\/murerpoint.dk\\\/sv\\\/#\\\/schema\\\/logo\\\/image\\\/\"},\"sameAs\":[\"https:\\\/\\\/m.facebook.com\\\/profile.php?id=61555157262134\",\"https:\\\/\\\/www.instagram.com\\\/murerpoint?igsh=azluMWV6cTnc2ts&utm_source=qr\",\"https:\\\/\\\/www.tiktok.com\\\/@murerpoint?is_from_webapp=1&sender_device=pc\"]}]}<\/script>\n<meta property=\"og:availability\" content=\"instock\" \/>\n<meta property=\"product:availability\" content=\"instock\" \/>\n<meta property=\"product:condition\" content=\"new\" \/>\n<!-- \/ Yoast SEO plugin. -->","yoast_head_json":{"title":"Kombi GolvJack Golvskruv \u2013 S\u00e4g adj\u00f6 till knarrande golv - Murerpoint ApS","description":"Kombi GolvJack golvskruv f\u00f6r stabilisering av golvbj\u00e4lkar. Justerbar fr\u00e5n 60 mm till 240 mm. Perfekt f\u00f6r att eliminera knarrande golv. K\u00f6p nu!","robots":{"index":"index","follow":"follow","max-snippet":"max-snippet:-1","max-image-preview":"max-image-preview:large","max-video-preview":"max-video-preview:-1"},"canonical":"https:\/\/murerpoint.dk\/sv\/produkt\/kombi-golvjack-golvskruv-sag-adjo-till-knarrande-golv\/","og_locale":"sv_SE","og_type":"article","og_title":"Kombi GolvJack Golvskruv \u2013 S\u00e4g adj\u00f6 till knarrande golv - Murerpoint ApS","og_description":"Kombi GolvJack golvskruv f\u00f6r stabilisering av golvbj\u00e4lkar. Justerbar fr\u00e5n 60 mm till 240 mm. Perfekt f\u00f6r att eliminera knarrande golv. K\u00f6p nu!","og_url":"https:\/\/murerpoint.dk\/sv\/produkt\/kombi-golvjack-golvskruv-sag-adjo-till-knarrande-golv\/","og_site_name":"Murerpoint ApS","article_publisher":"https:\/\/m.facebook.com\/profile.php?id=61555157262134","article_modified_time":"2025-02-19T10:25:44+00:00","og_image":[{"width":244,"height":291,"url":"https:\/\/murerpoint.dk\/wp-content\/uploads\/2024\/05\/81754709.png","type":"image\/png"}],"twitter_card":"summary_large_image","twitter_misc":{"Tillg\u00e4nglig":"I lager"},"schema":{"@context":"https:\/\/schema.org","@graph":[{"@type":"WebPage","@id":"https:\/\/murerpoint.dk\/sv\/produkt\/kombi-golvjack-golvskruv-sag-adjo-till-knarrande-golv\/","url":"https:\/\/murerpoint.dk\/sv\/produkt\/kombi-golvjack-golvskruv-sag-adjo-till-knarrande-golv\/","name":"Kombi GolvJack Golvskruv \u2013 S\u00e4g adj\u00f6 till knarrande golv - Murerpoint ApS","isPartOf":{"@id":"https:\/\/murerpoint.dk\/sv\/#website"},"primaryImageOfPage":{"@id":"https:\/\/murerpoint.dk\/sv\/produkt\/kombi-golvjack-golvskruv-sag-adjo-till-knarrande-golv\/#primaryimage"},"image":{"@id":"https:\/\/murerpoint.dk\/sv\/produkt\/kombi-golvjack-golvskruv-sag-adjo-till-knarrande-golv\/#primaryimage"},"thumbnailUrl":"https:\/\/murerpoint.dk\/wp-content\/uploads\/2024\/05\/81754709.png","datePublished":"2024-05-06T16:06:39+00:00","dateModified":"2025-02-19T10:25:44+00:00","description":"Kombi GolvJack golvskruv f\u00f6r stabilisering av golvbj\u00e4lkar. Justerbar fr\u00e5n 60 mm till 240 mm. Perfekt f\u00f6r att eliminera knarrande golv. K\u00f6p nu!","breadcrumb":{"@id":"https:\/\/murerpoint.dk\/sv\/produkt\/kombi-golvjack-golvskruv-sag-adjo-till-knarrande-golv\/#breadcrumb"},"inLanguage":"sv-SE","potentialAction":[{"@type":"ReadAction","target":["https:\/\/murerpoint.dk\/sv\/produkt\/kombi-golvjack-golvskruv-sag-adjo-till-knarrande-golv\/"]}]},{"@type":"ImageObject","inLanguage":"sv-SE","@id":"https:\/\/murerpoint.dk\/sv\/produkt\/kombi-golvjack-golvskruv-sag-adjo-till-knarrande-golv\/#primaryimage","url":"https:\/\/murerpoint.dk\/wp-content\/uploads\/2024\/05\/81754709.png","contentUrl":"https:\/\/murerpoint.dk\/wp-content\/uploads\/2024\/05\/81754709.png","width":244,"height":291,"caption":"gulvjack 60 mm"},{"@type":"BreadcrumbList","@id":"https:\/\/murerpoint.dk\/sv\/produkt\/kombi-golvjack-golvskruv-sag-adjo-till-knarrande-golv\/#breadcrumb","itemListElement":[{"@type":"ListItem","position":1,"name":"Hjem","item":"https:\/\/murerpoint.dk\/sv\/"},{"@type":"ListItem","position":2,"name":"SHOPPEN","item":"https:\/\/murerpoint.dk\/sv\/shoppen\/"},{"@type":"ListItem","position":3,"name":"Kombi GolvJack Golvskruv \u2013 S\u00e4g adj\u00f6 till knarrande golv"}]},{"@type":"WebSite","@id":"https:\/\/murerpoint.dk\/sv\/#website","url":"https:\/\/murerpoint.dk\/sv\/","name":"Murerpoint","description":"kvalitets v\u00e6rkt\u00f8j","publisher":{"@id":"https:\/\/murerpoint.dk\/sv\/#organization"},"potentialAction":[{"@type":"SearchAction","target":{"@type":"EntryPoint","urlTemplate":"https:\/\/murerpoint.dk\/sv\/?s={search_term_string}"},"query-input":{"@type":"PropertyValueSpecification","valueRequired":true,"valueName":"search_term_string"}}],"inLanguage":"sv-SE"},{"@type":"Organization","@id":"https:\/\/murerpoint.dk\/sv\/#organization","name":"Murerpoint ApS","url":"https:\/\/murerpoint.dk\/sv\/","logo":{"@type":"ImageObject","inLanguage":"sv-SE","@id":"https:\/\/murerpoint.dk\/sv\/#\/schema\/logo\/image\/","url":"https:\/\/murerpoint.dk\/wp-content\/uploads\/2023\/12\/cropped-Sort-Midt-Roed-Mursten.png","contentUrl":"https:\/\/murerpoint.dk\/wp-content\/uploads\/2023\/12\/cropped-Sort-Midt-Roed-Mursten.png","width":512,"height":512,"caption":"Murerpoint ApS"},"image":{"@id":"https:\/\/murerpoint.dk\/sv\/#\/schema\/logo\/image\/"},"sameAs":["https:\/\/m.facebook.com\/profile.php?id=61555157262134","https:\/\/www.instagram.com\/murerpoint?igsh=azluMWV6cTnc2ts&utm_source=qr","https:\/\/www.tiktok.com\/@murerpoint?is_from_webapp=1&sender_device=pc"]}]},"og_availability":"instock","product_availability":"instock","product_condition":"new"},"_links":{"self":[{"href":"https:\/\/murerpoint.dk\/sv\/wp-json\/wp\/v2\/product\/3550","targetHints":{"allow":["GET"]}}],"collection":[{"href":"https:\/\/murerpoint.dk\/sv\/wp-json\/wp\/v2\/product"}],"about":[{"href":"https:\/\/murerpoint.dk\/sv\/wp-json\/wp\/v2\/types\/product"}],"replies":[{"embeddable":true,"href":"https:\/\/murerpoint.dk\/sv\/wp-json\/wp\/v2\/comments?post=3550"}],"wp:featuredmedia":[{"embeddable":true,"href":"https:\/\/murerpoint.dk\/sv\/wp-json\/wp\/v2\/media\/4192"}],"wp:attachment":[{"href":"https:\/\/murerpoint.dk\/sv\/wp-json\/wp\/v2\/media?parent=3550"}],"wp:term":[{"taxonomy":"product_brand","embeddable":true,"href":"https:\/\/murerpoint.dk\/sv\/wp-json\/wp\/v2\/product_brand?post=3550"},{"taxonomy":"product_cat","embeddable":true,"href":"https:\/\/murerpoint.dk\/sv\/wp-json\/wp\/v2\/product_cat?post=3550"},{"taxonomy":"product_tag","embeddable":true,"href":"https:\/\/murerpoint.dk\/sv\/wp-json\/wp\/v2\/product_tag?post=3550"}],"curies":[{"name":"wp","href":"https:\/\/api.w.org\/{rel}","templated":true}]}}