{"id":3704,"date":"2024-05-13T07:01:52","date_gmt":"2024-05-13T07:01:52","guid":{"rendered":"https:\/\/murerpoint.dk\/product\/kombi-diamantskaereklinge-til-asfalt-og-beton-oe350\/"},"modified":"2024-05-14T07:16:17","modified_gmt":"2024-05-14T07:16:17","slug":"kombinations-diamantklinga-for-asfalt-och-betong-oe350-mm","status":"publish","type":"product","link":"https:\/\/murerpoint.dk\/sv\/produkt\/kombinations-diamantklinga-for-asfalt-och-betong-oe350-mm\/","title":{"rendered":"Kombinations Diamantklinga f\u00f6r asfalt och betong \u00d8350 mm."},"content":{"rendered":"<?xml encoding=\"utf-8\" ?><div class=\"flex-1 overflow-hidden\">\n<div class=\"react-scroll-to-bottom--css-oidkc-79elbk h-full\">\n<div class=\"react-scroll-to-bottom--css-oidkc-1n7m0yu\">\n<div>\n<div class=\"flex flex-col text-sm pb-9\">\n<div class=\"w-full text-token-text-primary\" dir=\"auto\" data-testid=\"conversation-turn-367\" data-scroll-anchor=\"true\">\n<div class=\"py-2 px-3 text-base md:px-4 m-auto md:px-5 lg:px-1 xl:px-5\">\n<div class=\"mx-auto flex flex-1 gap-3 text-base juice:gap-4 juice:md:gap-6 md:max-w-3xl lg:max-w-[40rem] xl:max-w-[48rem]\">\n<div class=\"relative flex w-full min-w-0 flex-col agent-turn\">\n<div class=\"flex-col gap-1 md:gap-3\">\n<div class=\"flex flex-grow flex-col max-w-full\">\n<div class=\"min-h-[20px] text-message flex flex-col items-start whitespace-pre-wrap break-words [.text-message+&amp;]:mt-5 juice:w-full juice:items-end overflow-x-auto gap-3\" dir=\"auto\" data-message-author-role=\"assistant\" data-message-id=\"c8b65911-d430-4922-92d3-c5785eed8cdd\">\n<div class=\"markdown prose w-full break-words dark:prose-invert light\">\n<p>Optimera dina sk&auml;rprojekt med v&aring;r diamantklinga f&ouml;r asfalt och betong med st&aring;l i storlek &Oslash;350 mm. Denna klinga kombinerar avancerad teknologi med h&aring;llbarhet och precision f&ouml;r att s&auml;kerst&auml;lla effektiv sk&auml;rning p&aring; olika material och underlag.<\/p>\n<p>Med laser- och turbossegment samt tre typer av diamantsegment levererar denna klinga en j&auml;mn och effektiv sk&auml;rning med h&ouml;g sk&auml;rhastighet och l&aring;ng livsl&auml;ngd. De inbyggda kylh&aring;len och antivibrationsh&aring;len f&ouml;rl&auml;nger klingans livsl&auml;ngd och skapar en behaglig arbetsmilj&ouml;.<\/p>\n<p>Specifikationer:<\/p>\n<ul>\n<li>Diameter: &Oslash;350 mm, &Oslash;400 mm, &Oslash;450 mm, &Oslash;500 mm<\/li>\n<li>Segmenth&ouml;jd: 12 mm<\/li>\n<li>Sk&auml;rddjup: 25,4 mm<\/li>\n<li>Anv&auml;ndning: Asfalt, betong, armerad betong, betongsten, sten, granit, marmor<\/li>\n<li>Sk&auml;rhastighet: H&ouml;g<\/li>\n<li>Livsl&auml;ngd: L&aring;ng livsl&auml;ngd<\/li>\n<li>Segmenttyper: Lasersegment, turbosegment, sl&auml;ta segment<\/li>\n<li>Passar till: De flesta vanliga golvs&aring;gar och v&auml;gs&aring;gar<\/li>\n<li>Centrumh&aring;l: 25,4 mm, anv&auml;nds med stifth&aring;l<\/li>\n<\/ul>\n<\/div>\n<\/div>\n<\/div>\n<div class=\"mt-1 flex gap-3 empty:hidden juice:-ml-3\"><\/div>\n<\/div>\n<\/div>\n<\/div>\n<\/div>\n<\/div>\n<\/div>\n<\/div>\n<\/div>\n<\/div>\n<\/div>\n","protected":false},"excerpt":{"rendered":"<h5>Kombinations Diamantklinga f\u00f6r asfalt och betong \u00d8350 mm.<\/h5>\n<p>Med laser- och turbosegment samt tre typer av diamantsegmenter ger detta blad en j\u00e4mn och effektiv sk\u00e4rning med h\u00f6g sk\u00e4rhastighet och l\u00e5ng livsl\u00e4ngd. De inbyggda kylh\u00e5len och antivibrationsh\u00e5len f\u00f6rl\u00e4nger bladets livsl\u00e4ngd och skapar en bekv\u00e4m arbetsmilj\u00f6<\/p>\n<p><strong>Specifikationer:<\/strong><\/p>\n<ul>\n<li>Diameter: Tillg\u00e4nglig i storlekar fr\u00e5n 350 mm till 500 mm<\/li>\n<li>Segmenth\u00f6jd: 12 mm<\/li>\n<li>Sk\u00e4rddjup: 25,4 mm<\/li>\n<li>Anv\u00e4ndningsomr\u00e5de: F\u00f6r sk\u00e4rning av asfalt, betong, armerad betong, betongblock, sten, granit och marmor<\/li>\n<li>Sk\u00e4rhastighet: H\u00f6g<\/li>\n<li>L\u00e5ng livsl\u00e4ngd<\/li>\n<li>Segmenttyper: Turbosegment, sl\u00e4ta segment<\/li>\n<li>Passar till: De flesta vanliga golv- och v\u00e4gs\u00e5gar<\/li>\n<li>Centrumh\u00e5l: 25,4 mm, anv\u00e4nds tillsammans med stift h\u00e5l<\/li>\n<\/ul>\n","protected":false},"featured_media":3690,"comment_status":"open","ping_status":"closed","template":"","meta":[],"product_brand":[],"product_cat":[1240],"product_tag":[2126,2127,2128,2129,2130,2131,2132,1241,2133,1964,1508,1242,1593,1509,1245,2134,2135,2136,2137,2138,2139,2140,2141,2142,2143,2144,2145,2146,2147,2148,2149,2150,2151,2152,2153,2154,2155,2156,2157,2158,2159,2160,2161,2162,2163,2640],"class_list":{"0":"post-3704","1":"product","2":"type-product","3":"status-publish","4":"has-post-thumbnail","6":"product_cat-diamant-klinger-sv","7":"product_tag-asfalt-sv","8":"product_tag-asfaltenbeton-sv","9":"product_tag-asfaltochbetong-sv","10":"product_tag-asfaltogbeton-sv","11":"product_tag-asphalt-sv","12":"product_tag-asphaltandconcrete-sv","13":"product_tag-asphaltundbeton-sv","14":"product_tag-beton-sv","15":"product_tag-betong-sv","16":"product_tag-concrete-sv","17":"product_tag-diamantklinga-sv","18":"product_tag-diamantklinge-sv","19":"product_tag-diamantsaegeblatt-sv","20":"product_tag-diamantzaagblad-sv","21":"product_tag-diamondblade-sv","22":"product_tag-graniet-sv","23":"product_tag-granite-sv","24":"product_tag-grantit-sv","25":"product_tag-laserblad-sv","26":"product_tag-laserblade-sv","27":"product_tag-laserblatt-sv","28":"product_tag-laserdiamantklinga-sv","29":"product_tag-laserdiamantklinge-sv","30":"product_tag-laserdiamantsaegeblatt-sv","31":"product_tag-laserdiamantzaagblad-sv","32":"product_tag-laserdiamondblade-sv","33":"product_tag-laserklinga-sv","34":"product_tag-laserklinge-sv","35":"product_tag-multicutting-sv","36":"product_tag-multischneiden-sv","37":"product_tag-multiskaering-sv","38":"product_tag-multiskaerning-sv","39":"product_tag-multisnijden-sv","40":"product_tag-stahl-sv","41":"product_tag-staal-sv","42":"product_tag-steel-sv","43":"product_tag-steen-sv","44":"product_tag-stein-sv","45":"product_tag-sten-sv","46":"product_tag-stone-sv","47":"product_tag-turboblad-sv","48":"product_tag-turboblade-sv","49":"product_tag-turboblatt-sv","50":"product_tag-turboklinga-sv","51":"product_tag-turboklinge-sv","52":"product_tag-googleads-sv","54":"first","55":"instock","56":"taxable","57":"shipping-taxable","58":"purchasable","59":"product-type-simple"},"yoast_head":"<!-- This site is optimized with the Yoast SEO plugin v27.4 - https:\/\/yoast.com\/product\/yoast-seo-wordpress\/ -->\n<title>Kombinations Diamantklinga f\u00f6r asfalt och betong \u00d8350 mm. - Murerpoint ApS<\/title>\n<meta name=\"description\" content=\"Med laser- och turboskivor samt tre typer av diamantsegment ger denna klinga en j\u00e4mn och effektiv sk\u00e4rning med h\u00f6g sk\u00e4rhastighet och l\u00e5ng livsl\u00e4ngd.\" \/>\n<meta name=\"robots\" content=\"index, follow, max-snippet:-1, max-image-preview:large, max-video-preview:-1\" \/>\n<link rel=\"canonical\" href=\"https:\/\/murerpoint.dk\/sv\/produkt\/kombinations-diamantklinga-for-asfalt-och-betong-oe350-mm\/\" \/>\n<meta property=\"og:locale\" content=\"sv_SE\" \/>\n<meta property=\"og:type\" content=\"article\" \/>\n<meta property=\"og:title\" content=\"Kombinations Diamantklinga f\u00f6r asfalt och betong \u00d8350 mm. - Murerpoint ApS\" \/>\n<meta property=\"og:description\" content=\"Med laser- och turboskivor samt tre typer av diamantsegment ger denna klinga en j\u00e4mn och effektiv sk\u00e4rning med h\u00f6g sk\u00e4rhastighet och l\u00e5ng livsl\u00e4ngd.\" \/>\n<meta property=\"og:url\" content=\"https:\/\/murerpoint.dk\/sv\/produkt\/kombinations-diamantklinga-for-asfalt-och-betong-oe350-mm\/\" \/>\n<meta property=\"og:site_name\" content=\"Murerpoint ApS\" \/>\n<meta property=\"article:publisher\" content=\"https:\/\/m.facebook.com\/profile.php?id=61555157262134\" \/>\n<meta property=\"article:modified_time\" content=\"2024-05-14T07:16:17+00:00\" \/>\n<meta property=\"og:image\" content=\"https:\/\/murerpoint.dk\/wp-content\/uploads\/2024\/05\/Til-forsiden-redigeret-scaled.jpg\" \/>\n\t<meta property=\"og:image:width\" content=\"1920\" \/>\n\t<meta property=\"og:image:height\" content=\"2560\" \/>\n\t<meta property=\"og:image:type\" content=\"image\/jpeg\" \/>\n<meta name=\"twitter:card\" content=\"summary_large_image\" \/>\n<meta name=\"twitter:label1\" content=\"Pris\" \/>\n\t<meta name=\"twitter:data1\" content=\"&euro;93.68 Pris ekskl. moms: &euro;74.94\" \/>\n\t<meta name=\"twitter:label2\" content=\"Tillg\u00e4nglig\" \/>\n\t<meta name=\"twitter:data2\" content=\"I lager\" \/>\n<script type=\"application\/ld+json\" class=\"yoast-schema-graph\">{\"@context\":\"https:\\\/\\\/schema.org\",\"@graph\":[{\"@type\":\"WebPage\",\"@id\":\"https:\\\/\\\/murerpoint.dk\\\/sv\\\/produkt\\\/kombinations-diamantklinga-for-asfalt-och-betong-oe350-mm\\\/\",\"url\":\"https:\\\/\\\/murerpoint.dk\\\/sv\\\/produkt\\\/kombinations-diamantklinga-for-asfalt-och-betong-oe350-mm\\\/\",\"name\":\"Kombinations Diamantklinga f\u00f6r asfalt och betong \u00d8350 mm. - Murerpoint ApS\",\"isPartOf\":{\"@id\":\"https:\\\/\\\/murerpoint.dk\\\/sv\\\/#website\"},\"primaryImageOfPage\":{\"@id\":\"https:\\\/\\\/murerpoint.dk\\\/sv\\\/produkt\\\/kombinations-diamantklinga-for-asfalt-och-betong-oe350-mm\\\/#primaryimage\"},\"image\":{\"@id\":\"https:\\\/\\\/murerpoint.dk\\\/sv\\\/produkt\\\/kombinations-diamantklinga-for-asfalt-och-betong-oe350-mm\\\/#primaryimage\"},\"thumbnailUrl\":\"https:\\\/\\\/murerpoint.dk\\\/wp-content\\\/uploads\\\/2024\\\/05\\\/Til-forsiden-redigeret-scaled.jpg\",\"datePublished\":\"2024-05-13T07:01:52+00:00\",\"dateModified\":\"2024-05-14T07:16:17+00:00\",\"description\":\"Med laser- och turboskivor samt tre typer av diamantsegment ger denna klinga en j\u00e4mn och effektiv sk\u00e4rning med h\u00f6g sk\u00e4rhastighet och l\u00e5ng livsl\u00e4ngd.\",\"breadcrumb\":{\"@id\":\"https:\\\/\\\/murerpoint.dk\\\/sv\\\/produkt\\\/kombinations-diamantklinga-for-asfalt-och-betong-oe350-mm\\\/#breadcrumb\"},\"inLanguage\":\"sv-SE\",\"potentialAction\":[{\"@type\":\"ReadAction\",\"target\":[\"https:\\\/\\\/murerpoint.dk\\\/sv\\\/produkt\\\/kombinations-diamantklinga-for-asfalt-och-betong-oe350-mm\\\/\"]}]},{\"@type\":\"ImageObject\",\"inLanguage\":\"sv-SE\",\"@id\":\"https:\\\/\\\/murerpoint.dk\\\/sv\\\/produkt\\\/kombinations-diamantklinga-for-asfalt-och-betong-oe350-mm\\\/#primaryimage\",\"url\":\"https:\\\/\\\/murerpoint.dk\\\/wp-content\\\/uploads\\\/2024\\\/05\\\/Til-forsiden-redigeret-scaled.jpg\",\"contentUrl\":\"https:\\\/\\\/murerpoint.dk\\\/wp-content\\\/uploads\\\/2024\\\/05\\\/Til-forsiden-redigeret-scaled.jpg\",\"width\":1920,\"height\":2560,\"caption\":\"\u00d8350 concrete & asphalt \u00d8350x25,40x12mm\"},{\"@type\":\"BreadcrumbList\",\"@id\":\"https:\\\/\\\/murerpoint.dk\\\/sv\\\/produkt\\\/kombinations-diamantklinga-for-asfalt-och-betong-oe350-mm\\\/#breadcrumb\",\"itemListElement\":[{\"@type\":\"ListItem\",\"position\":1,\"name\":\"Hjem\",\"item\":\"https:\\\/\\\/murerpoint.dk\\\/sv\\\/\"},{\"@type\":\"ListItem\",\"position\":2,\"name\":\"SHOPPEN\",\"item\":\"https:\\\/\\\/murerpoint.dk\\\/sv\\\/shoppen\\\/\"},{\"@type\":\"ListItem\",\"position\":3,\"name\":\"Kombinations Diamantklinga f\u00f6r asfalt och betong \u00d8350 mm.\"}]},{\"@type\":\"WebSite\",\"@id\":\"https:\\\/\\\/murerpoint.dk\\\/sv\\\/#website\",\"url\":\"https:\\\/\\\/murerpoint.dk\\\/sv\\\/\",\"name\":\"Murerpoint\",\"description\":\"kvalitets v\u00e6rkt\u00f8j\",\"publisher\":{\"@id\":\"https:\\\/\\\/murerpoint.dk\\\/sv\\\/#organization\"},\"potentialAction\":[{\"@type\":\"SearchAction\",\"target\":{\"@type\":\"EntryPoint\",\"urlTemplate\":\"https:\\\/\\\/murerpoint.dk\\\/sv\\\/?s={search_term_string}\"},\"query-input\":{\"@type\":\"PropertyValueSpecification\",\"valueRequired\":true,\"valueName\":\"search_term_string\"}}],\"inLanguage\":\"sv-SE\"},{\"@type\":\"Organization\",\"@id\":\"https:\\\/\\\/murerpoint.dk\\\/sv\\\/#organization\",\"name\":\"Murerpoint ApS\",\"url\":\"https:\\\/\\\/murerpoint.dk\\\/sv\\\/\",\"logo\":{\"@type\":\"ImageObject\",\"inLanguage\":\"sv-SE\",\"@id\":\"https:\\\/\\\/murerpoint.dk\\\/sv\\\/#\\\/schema\\\/logo\\\/image\\\/\",\"url\":\"https:\\\/\\\/murerpoint.dk\\\/wp-content\\\/uploads\\\/2023\\\/12\\\/cropped-Sort-Midt-Roed-Mursten.png\",\"contentUrl\":\"https:\\\/\\\/murerpoint.dk\\\/wp-content\\\/uploads\\\/2023\\\/12\\\/cropped-Sort-Midt-Roed-Mursten.png\",\"width\":512,\"height\":512,\"caption\":\"Murerpoint ApS\"},\"image\":{\"@id\":\"https:\\\/\\\/murerpoint.dk\\\/sv\\\/#\\\/schema\\\/logo\\\/image\\\/\"},\"sameAs\":[\"https:\\\/\\\/m.facebook.com\\\/profile.php?id=61555157262134\",\"https:\\\/\\\/www.instagram.com\\\/murerpoint?igsh=azluMWV6cTnc2ts&utm_source=qr\",\"https:\\\/\\\/www.tiktok.com\\\/@murerpoint?is_from_webapp=1&sender_device=pc\"]}]}<\/script>\n<meta property=\"product:price:amount\" content=\"93.68\" \/>\n<meta property=\"product:price:currency\" content=\"EUR\" \/>\n<meta property=\"og:availability\" content=\"instock\" \/>\n<meta property=\"product:availability\" content=\"instock\" \/>\n<meta property=\"product:retailer_item_id\" content=\"mp00068\" \/>\n<meta property=\"product:condition\" content=\"new\" \/>\n<!-- \/ Yoast SEO plugin. -->","yoast_head_json":{"title":"Kombinations Diamantklinga f\u00f6r asfalt och betong \u00d8350 mm. - Murerpoint ApS","description":"Med laser- och turboskivor samt tre typer av diamantsegment ger denna klinga en j\u00e4mn och effektiv sk\u00e4rning med h\u00f6g sk\u00e4rhastighet och l\u00e5ng livsl\u00e4ngd.","robots":{"index":"index","follow":"follow","max-snippet":"max-snippet:-1","max-image-preview":"max-image-preview:large","max-video-preview":"max-video-preview:-1"},"canonical":"https:\/\/murerpoint.dk\/sv\/produkt\/kombinations-diamantklinga-for-asfalt-och-betong-oe350-mm\/","og_locale":"sv_SE","og_type":"article","og_title":"Kombinations Diamantklinga f\u00f6r asfalt och betong \u00d8350 mm. - Murerpoint ApS","og_description":"Med laser- och turboskivor samt tre typer av diamantsegment ger denna klinga en j\u00e4mn och effektiv sk\u00e4rning med h\u00f6g sk\u00e4rhastighet och l\u00e5ng livsl\u00e4ngd.","og_url":"https:\/\/murerpoint.dk\/sv\/produkt\/kombinations-diamantklinga-for-asfalt-och-betong-oe350-mm\/","og_site_name":"Murerpoint ApS","article_publisher":"https:\/\/m.facebook.com\/profile.php?id=61555157262134","article_modified_time":"2024-05-14T07:16:17+00:00","og_image":[{"width":1920,"height":2560,"url":"https:\/\/murerpoint.dk\/wp-content\/uploads\/2024\/05\/Til-forsiden-redigeret-scaled.jpg","type":"image\/jpeg"}],"twitter_card":"summary_large_image","twitter_misc":{"Pris":"&euro;93.68 Pris ekskl. moms: &euro;74.94","Tillg\u00e4nglig":"I lager"},"schema":{"@context":"https:\/\/schema.org","@graph":[{"@type":"WebPage","@id":"https:\/\/murerpoint.dk\/sv\/produkt\/kombinations-diamantklinga-for-asfalt-och-betong-oe350-mm\/","url":"https:\/\/murerpoint.dk\/sv\/produkt\/kombinations-diamantklinga-for-asfalt-och-betong-oe350-mm\/","name":"Kombinations Diamantklinga f\u00f6r asfalt och betong \u00d8350 mm. - Murerpoint ApS","isPartOf":{"@id":"https:\/\/murerpoint.dk\/sv\/#website"},"primaryImageOfPage":{"@id":"https:\/\/murerpoint.dk\/sv\/produkt\/kombinations-diamantklinga-for-asfalt-och-betong-oe350-mm\/#primaryimage"},"image":{"@id":"https:\/\/murerpoint.dk\/sv\/produkt\/kombinations-diamantklinga-for-asfalt-och-betong-oe350-mm\/#primaryimage"},"thumbnailUrl":"https:\/\/murerpoint.dk\/wp-content\/uploads\/2024\/05\/Til-forsiden-redigeret-scaled.jpg","datePublished":"2024-05-13T07:01:52+00:00","dateModified":"2024-05-14T07:16:17+00:00","description":"Med laser- och turboskivor samt tre typer av diamantsegment ger denna klinga en j\u00e4mn och effektiv sk\u00e4rning med h\u00f6g sk\u00e4rhastighet och l\u00e5ng livsl\u00e4ngd.","breadcrumb":{"@id":"https:\/\/murerpoint.dk\/sv\/produkt\/kombinations-diamantklinga-for-asfalt-och-betong-oe350-mm\/#breadcrumb"},"inLanguage":"sv-SE","potentialAction":[{"@type":"ReadAction","target":["https:\/\/murerpoint.dk\/sv\/produkt\/kombinations-diamantklinga-for-asfalt-och-betong-oe350-mm\/"]}]},{"@type":"ImageObject","inLanguage":"sv-SE","@id":"https:\/\/murerpoint.dk\/sv\/produkt\/kombinations-diamantklinga-for-asfalt-och-betong-oe350-mm\/#primaryimage","url":"https:\/\/murerpoint.dk\/wp-content\/uploads\/2024\/05\/Til-forsiden-redigeret-scaled.jpg","contentUrl":"https:\/\/murerpoint.dk\/wp-content\/uploads\/2024\/05\/Til-forsiden-redigeret-scaled.jpg","width":1920,"height":2560,"caption":"\u00d8350 concrete & asphalt \u00d8350x25,40x12mm"},{"@type":"BreadcrumbList","@id":"https:\/\/murerpoint.dk\/sv\/produkt\/kombinations-diamantklinga-for-asfalt-och-betong-oe350-mm\/#breadcrumb","itemListElement":[{"@type":"ListItem","position":1,"name":"Hjem","item":"https:\/\/murerpoint.dk\/sv\/"},{"@type":"ListItem","position":2,"name":"SHOPPEN","item":"https:\/\/murerpoint.dk\/sv\/shoppen\/"},{"@type":"ListItem","position":3,"name":"Kombinations Diamantklinga f\u00f6r asfalt och betong \u00d8350 mm."}]},{"@type":"WebSite","@id":"https:\/\/murerpoint.dk\/sv\/#website","url":"https:\/\/murerpoint.dk\/sv\/","name":"Murerpoint","description":"kvalitets v\u00e6rkt\u00f8j","publisher":{"@id":"https:\/\/murerpoint.dk\/sv\/#organization"},"potentialAction":[{"@type":"SearchAction","target":{"@type":"EntryPoint","urlTemplate":"https:\/\/murerpoint.dk\/sv\/?s={search_term_string}"},"query-input":{"@type":"PropertyValueSpecification","valueRequired":true,"valueName":"search_term_string"}}],"inLanguage":"sv-SE"},{"@type":"Organization","@id":"https:\/\/murerpoint.dk\/sv\/#organization","name":"Murerpoint ApS","url":"https:\/\/murerpoint.dk\/sv\/","logo":{"@type":"ImageObject","inLanguage":"sv-SE","@id":"https:\/\/murerpoint.dk\/sv\/#\/schema\/logo\/image\/","url":"https:\/\/murerpoint.dk\/wp-content\/uploads\/2023\/12\/cropped-Sort-Midt-Roed-Mursten.png","contentUrl":"https:\/\/murerpoint.dk\/wp-content\/uploads\/2023\/12\/cropped-Sort-Midt-Roed-Mursten.png","width":512,"height":512,"caption":"Murerpoint ApS"},"image":{"@id":"https:\/\/murerpoint.dk\/sv\/#\/schema\/logo\/image\/"},"sameAs":["https:\/\/m.facebook.com\/profile.php?id=61555157262134","https:\/\/www.instagram.com\/murerpoint?igsh=azluMWV6cTnc2ts&utm_source=qr","https:\/\/www.tiktok.com\/@murerpoint?is_from_webapp=1&sender_device=pc"]}]},"product_price_amount":"93.68","product_price_currency":"EUR","og_availability":"instock","product_availability":"instock","product_retailer_item_id":"mp00068","product_condition":"new"},"_links":{"self":[{"href":"https:\/\/murerpoint.dk\/sv\/wp-json\/wp\/v2\/product\/3704","targetHints":{"allow":["GET"]}}],"collection":[{"href":"https:\/\/murerpoint.dk\/sv\/wp-json\/wp\/v2\/product"}],"about":[{"href":"https:\/\/murerpoint.dk\/sv\/wp-json\/wp\/v2\/types\/product"}],"replies":[{"embeddable":true,"href":"https:\/\/murerpoint.dk\/sv\/wp-json\/wp\/v2\/comments?post=3704"}],"wp:featuredmedia":[{"embeddable":true,"href":"https:\/\/murerpoint.dk\/sv\/wp-json\/wp\/v2\/media\/3690"}],"wp:attachment":[{"href":"https:\/\/murerpoint.dk\/sv\/wp-json\/wp\/v2\/media?parent=3704"}],"wp:term":[{"taxonomy":"product_brand","embeddable":true,"href":"https:\/\/murerpoint.dk\/sv\/wp-json\/wp\/v2\/product_brand?post=3704"},{"taxonomy":"product_cat","embeddable":true,"href":"https:\/\/murerpoint.dk\/sv\/wp-json\/wp\/v2\/product_cat?post=3704"},{"taxonomy":"product_tag","embeddable":true,"href":"https:\/\/murerpoint.dk\/sv\/wp-json\/wp\/v2\/product_tag?post=3704"}],"curies":[{"name":"wp","href":"https:\/\/api.w.org\/{rel}","templated":true}]}}