{"id":3750,"date":"2024-05-13T09:31:30","date_gmt":"2024-05-13T09:31:30","guid":{"rendered":"https:\/\/murerpoint.dk\/product\/kombi-diamantskaereklinge-til-asfalt-og-beton-oe450\/"},"modified":"2024-05-14T10:17:22","modified_gmt":"2024-05-14T10:17:22","slug":"kombi-diamantklinga-for-asfalt-och-betong-oe450","status":"publish","type":"product","link":"https:\/\/murerpoint.dk\/sv\/produkt\/kombi-diamantklinga-for-asfalt-och-betong-oe450\/","title":{"rendered":"Kombi diamantklinga f\u00f6r asfalt och betong \u00d8450"},"content":{"rendered":"<?xml encoding=\"utf-8\" ?><h5>Kombi diamantklinga f&ouml;r asfalt och betong &Oslash;450<\/h5><p>Optimera dina sk&auml;rprojekt med v&aring;r diamantklinga f&ouml;r asfalt och betong med st&aring;l i storlek &Oslash;450 mm. Denna klinga kombinerar avancerad teknik med h&aring;llbarhet och precision f&ouml;r att s&auml;kerst&auml;lla effektiv sk&auml;rning p&aring; olika material och underlag.<\/p><p>Med laser- och turbosegment samt tre typer av diamantsegment ger denna klinga en j&auml;mn och effektiv sk&auml;rning med h&ouml;g sk&auml;rhastighet och l&aring;ng livsl&auml;ngd. De inbyggda kylv&auml;garna och antivibrationsh&aring;l f&ouml;rl&auml;nger klingans livsl&auml;ngd och skapar en bekv&auml;m arbetsmilj&ouml;.<\/p><h5>Specifikationer:<\/h5><ul>\n<li>Diameter: &Oslash;350 mm, &Oslash;400 mm, &Oslash;450 mm, &Oslash;500 mm<\/li>\n<li>Segmenth&ouml;jd: 12 mm<\/li>\n<li>Sk&auml;rddjup: 25,4 mm<\/li>\n<li>Anv&auml;ndning: Asfalt, betong, armerad betong, betongblock, sten, granit, marmor<\/li>\n<li>Sk&auml;rhastighet: H&ouml;g<\/li>\n<li>L&aring;ng livsl&auml;ngd<\/li>\n<li>Segmenttyper: Lasersegment, turbosegment, sl&auml;ta segment<\/li>\n<li>Passar till: De flesta vanliga golv- och v&auml;gs&aring;gar<\/li>\n<li>Centerh&aring;l: 25,4 mm, anv&auml;nds med stifth&aring;l<\/li>\n<\/ul>\n","protected":false},"excerpt":{"rendered":"<h5>Kombi diamantklinga f\u00f6r asfalt och betong \u00d8450<\/h5>\n<p>Med laser- och turbosegment samt tre typer av diamantsegment ger denna klinga en j\u00e4mn och effektiv sk\u00e4rning med h\u00f6g sk\u00e4rhastighet och l\u00e5ng livsl\u00e4ngd. De inbyggda kylv\u00e4garna och antivibrationsh\u00e5l f\u00f6rl\u00e4nger klingans livsl\u00e4ngd och skapar en bekv\u00e4m arbetsmilj\u00f6.<\/p>\n<h5>Specifikationer:<\/h5>\n<ul>\n<li>Diameter: \u00d8350 mm, \u00d8400 mm, \u00d8450 mm, \u00d8500 mm<\/li>\n<li>Segmenth\u00f6jd: 12 mm<\/li>\n<li>Sk\u00e4rddjup: 25,4 mm<\/li>\n<li>Anv\u00e4ndning: Asfalt, betong, armerad betong, betongblock, sten, granit, marmor<\/li>\n<li>Sk\u00e4rhastighet: H\u00f6g<\/li>\n<li>L\u00e5ng livsl\u00e4ngd<\/li>\n<li>Segmenttyper: Lasersegment, turbosegment, sl\u00e4ta segment<\/li>\n<li>Passar till: De flesta vanliga golv- och v\u00e4gs\u00e5gar<\/li>\n<li>Centerh\u00e5l: 25,4 mm, anv\u00e4nds med stifth\u00e5l<\/li>\n<\/ul>\n","protected":false},"featured_media":3736,"comment_status":"open","ping_status":"closed","template":"","meta":[],"product_brand":[],"product_cat":[1240],"product_tag":[2126,2127,2128,2129,2130,2131,2132,1241,2133,1964,1508,1242,1593,1509,1245,2134,2168,2135,2137,2138,2139,2140,2141,2142,2143,2144,2145,2146,2147,2148,2149,2150,2151,2152,2153,2154,2155,2156,2157,2158,2159,2160,2161,2162,2163],"class_list":{"0":"post-3750","1":"product","2":"type-product","3":"status-publish","4":"has-post-thumbnail","6":"product_cat-diamant-klinger-sv","7":"product_tag-asfalt-sv","8":"product_tag-asfaltenbeton-sv","9":"product_tag-asfaltochbetong-sv","10":"product_tag-asfaltogbeton-sv","11":"product_tag-asphalt-sv","12":"product_tag-asphaltandconcrete-sv","13":"product_tag-asphaltundbeton-sv","14":"product_tag-beton-sv","15":"product_tag-betong-sv","16":"product_tag-concrete-sv","17":"product_tag-diamantklinga-sv","18":"product_tag-diamantklinge-sv","19":"product_tag-diamantsaegeblatt-sv","20":"product_tag-diamantzaagblad-sv","21":"product_tag-diamondblade-sv","22":"product_tag-graniet-sv","23":"product_tag-granit-sv","24":"product_tag-granite-sv","25":"product_tag-laserblad-sv","26":"product_tag-laserblade-sv","27":"product_tag-laserblatt-sv","28":"product_tag-laserdiamantklinga-sv","29":"product_tag-laserdiamantklinge-sv","30":"product_tag-laserdiamantsaegeblatt-sv","31":"product_tag-laserdiamantzaagblad-sv","32":"product_tag-laserdiamondblade-sv","33":"product_tag-laserklinga-sv","34":"product_tag-laserklinge-sv","35":"product_tag-multicutting-sv","36":"product_tag-multischneiden-sv","37":"product_tag-multiskaering-sv","38":"product_tag-multiskaerning-sv","39":"product_tag-multisnijden-sv","40":"product_tag-stahl-sv","41":"product_tag-staal-sv","42":"product_tag-steel-sv","43":"product_tag-steen-sv","44":"product_tag-stein-sv","45":"product_tag-sten-sv","46":"product_tag-stone-sv","47":"product_tag-turboblad-sv","48":"product_tag-turboblade-sv","49":"product_tag-turboblatt-sv","50":"product_tag-turboklinga-sv","51":"product_tag-turboklinge-sv","53":"first","54":"instock","55":"taxable","56":"shipping-taxable","57":"purchasable","58":"product-type-simple"},"yoast_head":"<!-- This site is optimized with the Yoast SEO plugin v27.4 - https:\/\/yoast.com\/product\/yoast-seo-wordpress\/ -->\n<title>Kombi diamantklinga f\u00f6r asfalt och betong \u00d8450 - Murerpoint ApS<\/title>\n<meta name=\"description\" content=\"Med laser- och turbosegment samt tre typer av diamantsegment ger denna klinga en j\u00e4mn och effektiv sk\u00e4rning med h\u00f6g sk\u00e4rehastighet och l\u00e5ng livsl\u00e4ngd.\" \/>\n<meta name=\"robots\" content=\"index, follow, max-snippet:-1, max-image-preview:large, max-video-preview:-1\" \/>\n<link rel=\"canonical\" href=\"https:\/\/murerpoint.dk\/sv\/produkt\/kombi-diamantklinga-for-asfalt-och-betong-oe450\/\" \/>\n<meta property=\"og:locale\" content=\"sv_SE\" \/>\n<meta property=\"og:type\" content=\"article\" \/>\n<meta property=\"og:title\" content=\"Kombi diamantklinga f\u00f6r asfalt och betong \u00d8450 - Murerpoint ApS\" \/>\n<meta property=\"og:description\" content=\"Med laser- och turbosegment samt tre typer av diamantsegment ger denna klinga en j\u00e4mn och effektiv sk\u00e4rning med h\u00f6g sk\u00e4rehastighet och l\u00e5ng livsl\u00e4ngd.\" \/>\n<meta property=\"og:url\" content=\"https:\/\/murerpoint.dk\/sv\/produkt\/kombi-diamantklinga-for-asfalt-och-betong-oe450\/\" \/>\n<meta property=\"og:site_name\" content=\"Murerpoint ApS\" \/>\n<meta property=\"article:publisher\" content=\"https:\/\/m.facebook.com\/profile.php?id=61555157262134\" \/>\n<meta property=\"article:modified_time\" content=\"2024-05-14T10:17:22+00:00\" \/>\n<meta property=\"og:image\" content=\"https:\/\/murerpoint.dk\/wp-content\/uploads\/2024\/05\/Laser-turbe-damant-kombiklinge-front-719x1024.png\" \/>\n\t<meta property=\"og:image:width\" content=\"719\" \/>\n\t<meta property=\"og:image:height\" content=\"1024\" \/>\n\t<meta property=\"og:image:type\" content=\"image\/png\" \/>\n<meta name=\"twitter:card\" content=\"summary_large_image\" \/>\n<meta name=\"twitter:label1\" content=\"Pris\" \/>\n\t<meta name=\"twitter:data1\" content=\"&euro;147.20 Pris ekskl. moms: &euro;117.76\" \/>\n\t<meta name=\"twitter:label2\" content=\"Tillg\u00e4nglig\" \/>\n\t<meta name=\"twitter:data2\" content=\"I lager\" \/>\n<script type=\"application\/ld+json\" class=\"yoast-schema-graph\">{\"@context\":\"https:\\\/\\\/schema.org\",\"@graph\":[{\"@type\":\"WebPage\",\"@id\":\"https:\\\/\\\/murerpoint.dk\\\/sv\\\/produkt\\\/kombi-diamantklinga-for-asfalt-och-betong-oe450\\\/\",\"url\":\"https:\\\/\\\/murerpoint.dk\\\/sv\\\/produkt\\\/kombi-diamantklinga-for-asfalt-och-betong-oe450\\\/\",\"name\":\"Kombi diamantklinga f\u00f6r asfalt och betong \u00d8450 - Murerpoint ApS\",\"isPartOf\":{\"@id\":\"https:\\\/\\\/murerpoint.dk\\\/sv\\\/#website\"},\"primaryImageOfPage\":{\"@id\":\"https:\\\/\\\/murerpoint.dk\\\/sv\\\/produkt\\\/kombi-diamantklinga-for-asfalt-och-betong-oe450\\\/#primaryimage\"},\"image\":{\"@id\":\"https:\\\/\\\/murerpoint.dk\\\/sv\\\/produkt\\\/kombi-diamantklinga-for-asfalt-och-betong-oe450\\\/#primaryimage\"},\"thumbnailUrl\":\"https:\\\/\\\/murerpoint.dk\\\/wp-content\\\/uploads\\\/2024\\\/05\\\/Laser-turbe-damant-kombiklinge-front.png\",\"datePublished\":\"2024-05-13T09:31:30+00:00\",\"dateModified\":\"2024-05-14T10:17:22+00:00\",\"description\":\"Med laser- och turbosegment samt tre typer av diamantsegment ger denna klinga en j\u00e4mn och effektiv sk\u00e4rning med h\u00f6g sk\u00e4rehastighet och l\u00e5ng livsl\u00e4ngd.\",\"breadcrumb\":{\"@id\":\"https:\\\/\\\/murerpoint.dk\\\/sv\\\/produkt\\\/kombi-diamantklinga-for-asfalt-och-betong-oe450\\\/#breadcrumb\"},\"inLanguage\":\"sv-SE\",\"potentialAction\":[{\"@type\":\"ReadAction\",\"target\":[\"https:\\\/\\\/murerpoint.dk\\\/sv\\\/produkt\\\/kombi-diamantklinga-for-asfalt-och-betong-oe450\\\/\"]}]},{\"@type\":\"ImageObject\",\"inLanguage\":\"sv-SE\",\"@id\":\"https:\\\/\\\/murerpoint.dk\\\/sv\\\/produkt\\\/kombi-diamantklinga-for-asfalt-och-betong-oe450\\\/#primaryimage\",\"url\":\"https:\\\/\\\/murerpoint.dk\\\/wp-content\\\/uploads\\\/2024\\\/05\\\/Laser-turbe-damant-kombiklinge-front.png\",\"contentUrl\":\"https:\\\/\\\/murerpoint.dk\\\/wp-content\\\/uploads\\\/2024\\\/05\\\/Laser-turbe-damant-kombiklinge-front.png\",\"width\":2552,\"height\":3637,\"caption\":\"Multicut concrete & Asphalt \u00d8450, \u00d8400x25,40,12mm laser kombi klinge\"},{\"@type\":\"BreadcrumbList\",\"@id\":\"https:\\\/\\\/murerpoint.dk\\\/sv\\\/produkt\\\/kombi-diamantklinga-for-asfalt-och-betong-oe450\\\/#breadcrumb\",\"itemListElement\":[{\"@type\":\"ListItem\",\"position\":1,\"name\":\"Hjem\",\"item\":\"https:\\\/\\\/murerpoint.dk\\\/sv\\\/\"},{\"@type\":\"ListItem\",\"position\":2,\"name\":\"SHOPPEN\",\"item\":\"https:\\\/\\\/murerpoint.dk\\\/sv\\\/shoppen\\\/\"},{\"@type\":\"ListItem\",\"position\":3,\"name\":\"Kombi diamantklinga f\u00f6r asfalt och betong \u00d8450\"}]},{\"@type\":\"WebSite\",\"@id\":\"https:\\\/\\\/murerpoint.dk\\\/sv\\\/#website\",\"url\":\"https:\\\/\\\/murerpoint.dk\\\/sv\\\/\",\"name\":\"Murerpoint\",\"description\":\"kvalitets v\u00e6rkt\u00f8j\",\"publisher\":{\"@id\":\"https:\\\/\\\/murerpoint.dk\\\/sv\\\/#organization\"},\"potentialAction\":[{\"@type\":\"SearchAction\",\"target\":{\"@type\":\"EntryPoint\",\"urlTemplate\":\"https:\\\/\\\/murerpoint.dk\\\/sv\\\/?s={search_term_string}\"},\"query-input\":{\"@type\":\"PropertyValueSpecification\",\"valueRequired\":true,\"valueName\":\"search_term_string\"}}],\"inLanguage\":\"sv-SE\"},{\"@type\":\"Organization\",\"@id\":\"https:\\\/\\\/murerpoint.dk\\\/sv\\\/#organization\",\"name\":\"Murerpoint ApS\",\"url\":\"https:\\\/\\\/murerpoint.dk\\\/sv\\\/\",\"logo\":{\"@type\":\"ImageObject\",\"inLanguage\":\"sv-SE\",\"@id\":\"https:\\\/\\\/murerpoint.dk\\\/sv\\\/#\\\/schema\\\/logo\\\/image\\\/\",\"url\":\"https:\\\/\\\/murerpoint.dk\\\/wp-content\\\/uploads\\\/2023\\\/12\\\/cropped-Sort-Midt-Roed-Mursten.png\",\"contentUrl\":\"https:\\\/\\\/murerpoint.dk\\\/wp-content\\\/uploads\\\/2023\\\/12\\\/cropped-Sort-Midt-Roed-Mursten.png\",\"width\":512,\"height\":512,\"caption\":\"Murerpoint ApS\"},\"image\":{\"@id\":\"https:\\\/\\\/murerpoint.dk\\\/sv\\\/#\\\/schema\\\/logo\\\/image\\\/\"},\"sameAs\":[\"https:\\\/\\\/m.facebook.com\\\/profile.php?id=61555157262134\",\"https:\\\/\\\/www.instagram.com\\\/murerpoint?igsh=azluMWV6cTnc2ts&utm_source=qr\",\"https:\\\/\\\/www.tiktok.com\\\/@murerpoint?is_from_webapp=1&sender_device=pc\"]}]}<\/script>\n<meta property=\"product:price:amount\" content=\"147.20\" \/>\n<meta property=\"product:price:currency\" content=\"EUR\" \/>\n<meta property=\"og:availability\" content=\"instock\" \/>\n<meta property=\"product:availability\" content=\"instock\" \/>\n<meta property=\"product:retailer_item_id\" content=\"mp00066\" \/>\n<meta property=\"product:condition\" content=\"new\" \/>\n<!-- \/ Yoast SEO plugin. -->","yoast_head_json":{"title":"Kombi diamantklinga f\u00f6r asfalt och betong \u00d8450 - Murerpoint ApS","description":"Med laser- och turbosegment samt tre typer av diamantsegment ger denna klinga en j\u00e4mn och effektiv sk\u00e4rning med h\u00f6g sk\u00e4rehastighet och l\u00e5ng livsl\u00e4ngd.","robots":{"index":"index","follow":"follow","max-snippet":"max-snippet:-1","max-image-preview":"max-image-preview:large","max-video-preview":"max-video-preview:-1"},"canonical":"https:\/\/murerpoint.dk\/sv\/produkt\/kombi-diamantklinga-for-asfalt-och-betong-oe450\/","og_locale":"sv_SE","og_type":"article","og_title":"Kombi diamantklinga f\u00f6r asfalt och betong \u00d8450 - Murerpoint ApS","og_description":"Med laser- och turbosegment samt tre typer av diamantsegment ger denna klinga en j\u00e4mn och effektiv sk\u00e4rning med h\u00f6g sk\u00e4rehastighet och l\u00e5ng livsl\u00e4ngd.","og_url":"https:\/\/murerpoint.dk\/sv\/produkt\/kombi-diamantklinga-for-asfalt-och-betong-oe450\/","og_site_name":"Murerpoint ApS","article_publisher":"https:\/\/m.facebook.com\/profile.php?id=61555157262134","article_modified_time":"2024-05-14T10:17:22+00:00","og_image":[{"width":719,"height":1024,"url":"https:\/\/murerpoint.dk\/wp-content\/uploads\/2024\/05\/Laser-turbe-damant-kombiklinge-front-719x1024.png","type":"image\/png"}],"twitter_card":"summary_large_image","twitter_misc":{"Pris":"&euro;147.20 Pris ekskl. moms: &euro;117.76","Tillg\u00e4nglig":"I lager"},"schema":{"@context":"https:\/\/schema.org","@graph":[{"@type":"WebPage","@id":"https:\/\/murerpoint.dk\/sv\/produkt\/kombi-diamantklinga-for-asfalt-och-betong-oe450\/","url":"https:\/\/murerpoint.dk\/sv\/produkt\/kombi-diamantklinga-for-asfalt-och-betong-oe450\/","name":"Kombi diamantklinga f\u00f6r asfalt och betong \u00d8450 - Murerpoint ApS","isPartOf":{"@id":"https:\/\/murerpoint.dk\/sv\/#website"},"primaryImageOfPage":{"@id":"https:\/\/murerpoint.dk\/sv\/produkt\/kombi-diamantklinga-for-asfalt-och-betong-oe450\/#primaryimage"},"image":{"@id":"https:\/\/murerpoint.dk\/sv\/produkt\/kombi-diamantklinga-for-asfalt-och-betong-oe450\/#primaryimage"},"thumbnailUrl":"https:\/\/murerpoint.dk\/wp-content\/uploads\/2024\/05\/Laser-turbe-damant-kombiklinge-front.png","datePublished":"2024-05-13T09:31:30+00:00","dateModified":"2024-05-14T10:17:22+00:00","description":"Med laser- och turbosegment samt tre typer av diamantsegment ger denna klinga en j\u00e4mn och effektiv sk\u00e4rning med h\u00f6g sk\u00e4rehastighet och l\u00e5ng livsl\u00e4ngd.","breadcrumb":{"@id":"https:\/\/murerpoint.dk\/sv\/produkt\/kombi-diamantklinga-for-asfalt-och-betong-oe450\/#breadcrumb"},"inLanguage":"sv-SE","potentialAction":[{"@type":"ReadAction","target":["https:\/\/murerpoint.dk\/sv\/produkt\/kombi-diamantklinga-for-asfalt-och-betong-oe450\/"]}]},{"@type":"ImageObject","inLanguage":"sv-SE","@id":"https:\/\/murerpoint.dk\/sv\/produkt\/kombi-diamantklinga-for-asfalt-och-betong-oe450\/#primaryimage","url":"https:\/\/murerpoint.dk\/wp-content\/uploads\/2024\/05\/Laser-turbe-damant-kombiklinge-front.png","contentUrl":"https:\/\/murerpoint.dk\/wp-content\/uploads\/2024\/05\/Laser-turbe-damant-kombiklinge-front.png","width":2552,"height":3637,"caption":"Multicut concrete & Asphalt \u00d8450, \u00d8400x25,40,12mm laser kombi klinge"},{"@type":"BreadcrumbList","@id":"https:\/\/murerpoint.dk\/sv\/produkt\/kombi-diamantklinga-for-asfalt-och-betong-oe450\/#breadcrumb","itemListElement":[{"@type":"ListItem","position":1,"name":"Hjem","item":"https:\/\/murerpoint.dk\/sv\/"},{"@type":"ListItem","position":2,"name":"SHOPPEN","item":"https:\/\/murerpoint.dk\/sv\/shoppen\/"},{"@type":"ListItem","position":3,"name":"Kombi diamantklinga f\u00f6r asfalt och betong \u00d8450"}]},{"@type":"WebSite","@id":"https:\/\/murerpoint.dk\/sv\/#website","url":"https:\/\/murerpoint.dk\/sv\/","name":"Murerpoint","description":"kvalitets v\u00e6rkt\u00f8j","publisher":{"@id":"https:\/\/murerpoint.dk\/sv\/#organization"},"potentialAction":[{"@type":"SearchAction","target":{"@type":"EntryPoint","urlTemplate":"https:\/\/murerpoint.dk\/sv\/?s={search_term_string}"},"query-input":{"@type":"PropertyValueSpecification","valueRequired":true,"valueName":"search_term_string"}}],"inLanguage":"sv-SE"},{"@type":"Organization","@id":"https:\/\/murerpoint.dk\/sv\/#organization","name":"Murerpoint ApS","url":"https:\/\/murerpoint.dk\/sv\/","logo":{"@type":"ImageObject","inLanguage":"sv-SE","@id":"https:\/\/murerpoint.dk\/sv\/#\/schema\/logo\/image\/","url":"https:\/\/murerpoint.dk\/wp-content\/uploads\/2023\/12\/cropped-Sort-Midt-Roed-Mursten.png","contentUrl":"https:\/\/murerpoint.dk\/wp-content\/uploads\/2023\/12\/cropped-Sort-Midt-Roed-Mursten.png","width":512,"height":512,"caption":"Murerpoint ApS"},"image":{"@id":"https:\/\/murerpoint.dk\/sv\/#\/schema\/logo\/image\/"},"sameAs":["https:\/\/m.facebook.com\/profile.php?id=61555157262134","https:\/\/www.instagram.com\/murerpoint?igsh=azluMWV6cTnc2ts&utm_source=qr","https:\/\/www.tiktok.com\/@murerpoint?is_from_webapp=1&sender_device=pc"]}]},"product_price_amount":"147.20","product_price_currency":"EUR","og_availability":"instock","product_availability":"instock","product_retailer_item_id":"mp00066","product_condition":"new"},"_links":{"self":[{"href":"https:\/\/murerpoint.dk\/sv\/wp-json\/wp\/v2\/product\/3750","targetHints":{"allow":["GET"]}}],"collection":[{"href":"https:\/\/murerpoint.dk\/sv\/wp-json\/wp\/v2\/product"}],"about":[{"href":"https:\/\/murerpoint.dk\/sv\/wp-json\/wp\/v2\/types\/product"}],"replies":[{"embeddable":true,"href":"https:\/\/murerpoint.dk\/sv\/wp-json\/wp\/v2\/comments?post=3750"}],"wp:featuredmedia":[{"embeddable":true,"href":"https:\/\/murerpoint.dk\/sv\/wp-json\/wp\/v2\/media\/3736"}],"wp:attachment":[{"href":"https:\/\/murerpoint.dk\/sv\/wp-json\/wp\/v2\/media?parent=3750"}],"wp:term":[{"taxonomy":"product_brand","embeddable":true,"href":"https:\/\/murerpoint.dk\/sv\/wp-json\/wp\/v2\/product_brand?post=3750"},{"taxonomy":"product_cat","embeddable":true,"href":"https:\/\/murerpoint.dk\/sv\/wp-json\/wp\/v2\/product_cat?post=3750"},{"taxonomy":"product_tag","embeddable":true,"href":"https:\/\/murerpoint.dk\/sv\/wp-json\/wp\/v2\/product_tag?post=3750"}],"curies":[{"name":"wp","href":"https:\/\/api.w.org\/{rel}","templated":true}]}}