{"id":4914,"date":"2024-06-27T08:28:50","date_gmt":"2024-06-27T08:28:50","guid":{"rendered":"https:\/\/murerpoint.dk\/?post_type=product&#038;p=4914"},"modified":"2024-09-27T09:03:25","modified_gmt":"2024-09-27T09:03:25","slug":"extra-laang-murfogfras-3-varianter","status":"publish","type":"product","link":"https:\/\/murerpoint.dk\/sv\/produkt\/extra-laang-murfogfras-3-varianter\/","title":{"rendered":"Extra L\u00e5ng Murfogfr\u00e4s \u2013 3 Varianter"},"content":{"rendered":"<?xml encoding=\"utf-8\" ?><div class=\"w-full text-token-text-primary\" data-testid=\"conversation-turn-187\">\n<div class=\"px-4 py-2 justify-center text-base md:gap-6 m-auto\">\n<div class=\"flex flex-1 text-base mx-auto gap-3 md:px-5 lg:px-1 xl:px-5 md:max-w-3xl lg:max-w-[40rem] xl:max-w-[48rem] group\">\n<div class=\"relative flex w-full flex-col lg:w-[calc(100%-115px)] agent-turn\">\n<div class=\"flex-col gap-1 md:gap-3\">\n<div class=\"flex flex-grow flex-col max-w-full\">\n<div class=\"min-h-[20px] text-message flex flex-col items-start gap-3 whitespace-pre-wrap break-words [.text-message+&amp;]:mt-5 overflow-x-auto\" data-message-author-role=\"assistant\" data-message-id=\"72a3e0b1-4b88-4b36-80fd-1ce132486876\">\n<div class=\"markdown prose w-full break-words dark:prose-invert light\">\n<p><strong>Extra L&aring;ng Murfogfr&auml;s &ndash; 3 Varianter<\/strong><\/p>\n<p>Den extra l&aring;nga murfogfr&auml;sen &auml;r designad f&ouml;r att effektivt fr&auml;sa bort murbruk, &auml;ven i djupa fogar. Den monteras direkt p&aring; vinkelslipens M14-spindel och ger stabilitet och precision vid anv&auml;ndning.<\/p>\n<p>Finns i tre diametrar (8 mm, 10 mm och 12 mm) och utrustad med 3 h&aring;rdmetallsk&auml;r f&ouml;r h&aring;llbarhet och l&aring;ngvarig prestanda. Med en sk&auml;rl&auml;ngd p&aring; 60 mm och en arbetsl&auml;ngd p&aring; 115 mm &auml;r denna murfogfr&auml;s idealisk f&ouml;r applikationer d&auml;r extra djup kr&auml;vs, eller i kombination med en l&aring;ng murfogfr&auml;s f&ouml;r att ta bort hela tegelstenar.<\/p>\n<p>Perfekt f&ouml;r renoveringsprojekt eller murarbeten d&auml;r precision och djup &auml;r avg&ouml;rande.<\/p>\n<p><strong>Tekniska Specifikationer:<\/strong><\/p>\n<ul>\n<li>Diameter: 8 mm, 10 mm och 12 mm<\/li>\n<li>Arbetsl&auml;ngd: 115 mm<\/li>\n<li>Sk&auml;rl&auml;ngd: 60 mm<\/li>\n<li>3 h&aring;rdmetallsk&auml;r<\/li>\n<li>Monteras p&aring; vinkelslipens M14-spindel<\/li>\n<li>L&auml;mplig f&ouml;r djupa murfogar och tegelborttagning<\/li>\n<\/ul>\n<\/div>\n<\/div>\n<\/div>\n<\/div>\n<\/div>\n<\/div>\n<\/div>\n<\/div>\n","protected":false},"excerpt":{"rendered":"<h5><strong>Extra L\u00e5ng Murfogfr\u00e4s \u2013 3 Varianter<\/strong><\/h5>\n<ul>\n<li>Musej\u00e4rn\/ murf\u00f6gfr\u00e4s. anv\u00e4nds f\u00f6r djup utkratsning av kalkhydrauliska och mjukare cementbaserade murbruk.<\/li>\n<li>Monteras direkt p\u00e5 M14-spindel p\u00e5 vinkelslipen<\/li>\n<li>Diameter: 8, 10 och 12 mm<\/li>\n<li>Arbetsdjup: 115 mm &#8211; pl\u00e5tl\u00e4ngd 60 mm<\/li>\n<li>3 h\u00e5rdmetallsk\u00e4r<\/li>\n<li>Anv\u00e4nds som musej\u00e4rn men med \u00f6kad l\u00e4ngd, vilket kan vara f\u00f6rdelaktigt f\u00f6r olika uppgifter.<\/li>\n<\/ul>\n","protected":false},"featured_media":6966,"comment_status":"open","ping_status":"closed","template":"","meta":[],"product_brand":[],"product_cat":[636,625,640],"product_tag":[8650,113,733,569,577,9419,10596,1030,1031,1357,1358,6102,2613,1360,8276,1361,381,3552,1362,5723,1322,1363,11132,10607],"class_list":{"0":"post-4914","1":"product","2":"type-product","3":"status-publish","4":"has-post-thumbnail","6":"product_cat-murfogfras","7":"product_cat-murfogfras-inkl-adapter","8":"product_cat-tegelborttagare-sv","9":"product_tag-bouwgereedschap-sv","10":"product_tag-byggeri","11":"product_tag-fogfras","12":"product_tag-fugefraeser-sv","13":"product_tag-fugefraesersaal-sv-2","14":"product_tag-fugefraesning-sv","15":"product_tag-fugenentfernung-sv","16":"product_tag-fugenfraesen-sv","17":"product_tag-fugenfraeser-sv","18":"product_tag-fugenfraeserschneider-sv","19":"product_tag-fuehrungssohle-sv","20":"product_tag-mauerwerk-sv","21":"product_tag-metselwerk-sv","22":"product_tag-mortarrakedustextractrion-sv","23":"product_tag-moertelfuger-sv","24":"product_tag-motarrakesoleplate-sv","25":"product_tag-murerpoint-sv-2","26":"product_tag-renovering-sv","27":"product_tag-soleplate-sv","28":"product_tag-vinkelsliber-sv","29":"product_tag-voegenfrees-sv","30":"product_tag-voegenfrezen-sv","31":"product_tag-voegfrezen-sv","32":"product_tag-voegverwijdering-sv","34":"first","35":"instock","36":"taxable","37":"shipping-taxable","38":"purchasable","39":"product-type-variable"},"yoast_head":"<!-- This site is optimized with the Yoast SEO plugin v27.6 - https:\/\/yoast.com\/product\/yoast-seo-wordpress\/ -->\n<title>Extra L\u00e5ng Murfogfr\u00e4s \u2013 3 Varianter - Murerpoint ApS<\/title>\n<meta name=\"description\" content=\"Extra l\u00e5ng murfogfr\u00e4s f\u00f6r montering p\u00e5 vinkelslipens M14-spindel. Finns i 8 mm, 10 mm och 12 mm storlekar. Perfekt f\u00f6r djupa fogar och borttagning av tegel.\" \/>\n<meta name=\"robots\" content=\"index, follow, max-snippet:-1, max-image-preview:large, max-video-preview:-1\" \/>\n<link rel=\"canonical\" href=\"https:\/\/murerpoint.dk\/sv\/produkt\/extra-laang-murfogfras-3-varianter\/\" \/>\n<meta property=\"og:locale\" content=\"sv_SE\" \/>\n<meta property=\"og:type\" content=\"article\" \/>\n<meta property=\"og:title\" content=\"Extra L\u00e5ng Murfogfr\u00e4s \u2013 3 Varianter - Murerpoint ApS\" \/>\n<meta property=\"og:description\" content=\"Extra l\u00e5ng murfogfr\u00e4s f\u00f6r montering p\u00e5 vinkelslipens M14-spindel. Finns i 8 mm, 10 mm och 12 mm storlekar. Perfekt f\u00f6r djupa fogar och borttagning av tegel.\" \/>\n<meta property=\"og:url\" content=\"https:\/\/murerpoint.dk\/sv\/produkt\/extra-laang-murfogfras-3-varianter\/\" \/>\n<meta property=\"og:site_name\" content=\"Murerpoint ApS\" \/>\n<meta property=\"article:publisher\" content=\"https:\/\/m.facebook.com\/profile.php?id=61555157262134\" \/>\n<meta property=\"article:modified_time\" content=\"2024-09-27T09:03:25+00:00\" \/>\n<meta property=\"og:image\" content=\"https:\/\/murerpoint.dk\/wp-content\/uploads\/2024\/06\/Lang-musejern-forside.jpg\" \/>\n\t<meta property=\"og:image:width\" content=\"474\" \/>\n\t<meta property=\"og:image:height\" content=\"474\" \/>\n\t<meta property=\"og:image:type\" content=\"image\/jpeg\" \/>\n<meta name=\"twitter:card\" content=\"summary_large_image\" \/>\n<meta name=\"twitter:label1\" content=\"Tillg\u00e4nglig\" \/>\n\t<meta name=\"twitter:data1\" content=\"I lager\" \/>\n<script type=\"application\/ld+json\" class=\"yoast-schema-graph\">{\"@context\":\"https:\\\/\\\/schema.org\",\"@graph\":[{\"@type\":\"WebPage\",\"@id\":\"https:\\\/\\\/murerpoint.dk\\\/sv\\\/produkt\\\/extra-laang-murfogfras-3-varianter\\\/\",\"url\":\"https:\\\/\\\/murerpoint.dk\\\/sv\\\/produkt\\\/extra-laang-murfogfras-3-varianter\\\/\",\"name\":\"Extra L\u00e5ng Murfogfr\u00e4s \u2013 3 Varianter - Murerpoint ApS\",\"isPartOf\":{\"@id\":\"https:\\\/\\\/murerpoint.dk\\\/sv\\\/#website\"},\"primaryImageOfPage\":{\"@id\":\"https:\\\/\\\/murerpoint.dk\\\/sv\\\/produkt\\\/extra-laang-murfogfras-3-varianter\\\/#primaryimage\"},\"image\":{\"@id\":\"https:\\\/\\\/murerpoint.dk\\\/sv\\\/produkt\\\/extra-laang-murfogfras-3-varianter\\\/#primaryimage\"},\"thumbnailUrl\":\"https:\\\/\\\/murerpoint.dk\\\/wp-content\\\/uploads\\\/2024\\\/06\\\/Lang-musejern-forside.jpg\",\"datePublished\":\"2024-06-27T08:28:50+00:00\",\"dateModified\":\"2024-09-27T09:03:25+00:00\",\"description\":\"Extra l\u00e5ng murfogfr\u00e4s f\u00f6r montering p\u00e5 vinkelslipens M14-spindel. Finns i 8 mm, 10 mm och 12 mm storlekar. Perfekt f\u00f6r djupa fogar och borttagning av tegel.\",\"breadcrumb\":{\"@id\":\"https:\\\/\\\/murerpoint.dk\\\/sv\\\/produkt\\\/extra-laang-murfogfras-3-varianter\\\/#breadcrumb\"},\"inLanguage\":\"sv-SE\",\"potentialAction\":[{\"@type\":\"ReadAction\",\"target\":[\"https:\\\/\\\/murerpoint.dk\\\/sv\\\/produkt\\\/extra-laang-murfogfras-3-varianter\\\/\"]}]},{\"@type\":\"ImageObject\",\"inLanguage\":\"sv-SE\",\"@id\":\"https:\\\/\\\/murerpoint.dk\\\/sv\\\/produkt\\\/extra-laang-murfogfras-3-varianter\\\/#primaryimage\",\"url\":\"https:\\\/\\\/murerpoint.dk\\\/wp-content\\\/uploads\\\/2024\\\/06\\\/Lang-musejern-forside.jpg\",\"contentUrl\":\"https:\\\/\\\/murerpoint.dk\\\/wp-content\\\/uploads\\\/2024\\\/06\\\/Lang-musejern-forside.jpg\",\"width\":474,\"height\":474,\"caption\":\"Langt musejern P\u00e5monteres direkte p\u00e5 M14-spindel p\u00e5 vinkelsliberen Diameter: 8, 10 og 12 mm Arbejdsl\u00e6ngde: 115 mm - plattel\u00e6ngde 60 mm 3 h\u00e5rdmetal-sk\u00e6r Anvendes som musejern, men med \u00f8get l\u00e6ngde, da dette kan v\u00e6re en fordel til forskellige opgaver.\"},{\"@type\":\"BreadcrumbList\",\"@id\":\"https:\\\/\\\/murerpoint.dk\\\/sv\\\/produkt\\\/extra-laang-murfogfras-3-varianter\\\/#breadcrumb\",\"itemListElement\":[{\"@type\":\"ListItem\",\"position\":1,\"name\":\"Hjem\",\"item\":\"https:\\\/\\\/murerpoint.dk\\\/sv\\\/\"},{\"@type\":\"ListItem\",\"position\":2,\"name\":\"SHOPPEN\",\"item\":\"https:\\\/\\\/murerpoint.dk\\\/sv\\\/shoppen\\\/\"},{\"@type\":\"ListItem\",\"position\":3,\"name\":\"Extra L\u00e5ng Murfogfr\u00e4s \u2013 3 Varianter\"}]},{\"@type\":\"WebSite\",\"@id\":\"https:\\\/\\\/murerpoint.dk\\\/sv\\\/#website\",\"url\":\"https:\\\/\\\/murerpoint.dk\\\/sv\\\/\",\"name\":\"Murerpoint\",\"description\":\"kvalitets v\u00e6rkt\u00f8j\",\"publisher\":{\"@id\":\"https:\\\/\\\/murerpoint.dk\\\/sv\\\/#organization\"},\"potentialAction\":[{\"@type\":\"SearchAction\",\"target\":{\"@type\":\"EntryPoint\",\"urlTemplate\":\"https:\\\/\\\/murerpoint.dk\\\/sv\\\/?s={search_term_string}\"},\"query-input\":{\"@type\":\"PropertyValueSpecification\",\"valueRequired\":true,\"valueName\":\"search_term_string\"}}],\"inLanguage\":\"sv-SE\"},{\"@type\":\"Organization\",\"@id\":\"https:\\\/\\\/murerpoint.dk\\\/sv\\\/#organization\",\"name\":\"Murerpoint ApS\",\"url\":\"https:\\\/\\\/murerpoint.dk\\\/sv\\\/\",\"logo\":{\"@type\":\"ImageObject\",\"inLanguage\":\"sv-SE\",\"@id\":\"https:\\\/\\\/murerpoint.dk\\\/sv\\\/#\\\/schema\\\/logo\\\/image\\\/\",\"url\":\"https:\\\/\\\/murerpoint.dk\\\/wp-content\\\/uploads\\\/2023\\\/12\\\/cropped-Sort-Midt-Roed-Mursten.png\",\"contentUrl\":\"https:\\\/\\\/murerpoint.dk\\\/wp-content\\\/uploads\\\/2023\\\/12\\\/cropped-Sort-Midt-Roed-Mursten.png\",\"width\":512,\"height\":512,\"caption\":\"Murerpoint ApS\"},\"image\":{\"@id\":\"https:\\\/\\\/murerpoint.dk\\\/sv\\\/#\\\/schema\\\/logo\\\/image\\\/\"},\"sameAs\":[\"https:\\\/\\\/m.facebook.com\\\/profile.php?id=61555157262134\",\"https:\\\/\\\/www.instagram.com\\\/murerpoint?igsh=azluMWV6cTnc2ts&utm_source=qr\",\"https:\\\/\\\/www.tiktok.com\\\/@murerpoint?is_from_webapp=1&sender_device=pc\"]}]}<\/script>\n<meta property=\"og:availability\" content=\"instock\" \/>\n<meta property=\"product:availability\" content=\"instock\" \/>\n<meta property=\"product:retailer_item_id\" content=\"mp0013-1\" \/>\n<meta property=\"product:condition\" content=\"new\" \/>\n<!-- \/ Yoast SEO plugin. -->","yoast_head_json":{"title":"Extra L\u00e5ng Murfogfr\u00e4s \u2013 3 Varianter - Murerpoint ApS","description":"Extra l\u00e5ng murfogfr\u00e4s f\u00f6r montering p\u00e5 vinkelslipens M14-spindel. Finns i 8 mm, 10 mm och 12 mm storlekar. Perfekt f\u00f6r djupa fogar och borttagning av tegel.","robots":{"index":"index","follow":"follow","max-snippet":"max-snippet:-1","max-image-preview":"max-image-preview:large","max-video-preview":"max-video-preview:-1"},"canonical":"https:\/\/murerpoint.dk\/sv\/produkt\/extra-laang-murfogfras-3-varianter\/","og_locale":"sv_SE","og_type":"article","og_title":"Extra L\u00e5ng Murfogfr\u00e4s \u2013 3 Varianter - Murerpoint ApS","og_description":"Extra l\u00e5ng murfogfr\u00e4s f\u00f6r montering p\u00e5 vinkelslipens M14-spindel. Finns i 8 mm, 10 mm och 12 mm storlekar. Perfekt f\u00f6r djupa fogar och borttagning av tegel.","og_url":"https:\/\/murerpoint.dk\/sv\/produkt\/extra-laang-murfogfras-3-varianter\/","og_site_name":"Murerpoint ApS","article_publisher":"https:\/\/m.facebook.com\/profile.php?id=61555157262134","article_modified_time":"2024-09-27T09:03:25+00:00","og_image":[{"width":474,"height":474,"url":"https:\/\/murerpoint.dk\/wp-content\/uploads\/2024\/06\/Lang-musejern-forside.jpg","type":"image\/jpeg"}],"twitter_card":"summary_large_image","twitter_misc":{"Tillg\u00e4nglig":"I lager"},"schema":{"@context":"https:\/\/schema.org","@graph":[{"@type":"WebPage","@id":"https:\/\/murerpoint.dk\/sv\/produkt\/extra-laang-murfogfras-3-varianter\/","url":"https:\/\/murerpoint.dk\/sv\/produkt\/extra-laang-murfogfras-3-varianter\/","name":"Extra L\u00e5ng Murfogfr\u00e4s \u2013 3 Varianter - Murerpoint ApS","isPartOf":{"@id":"https:\/\/murerpoint.dk\/sv\/#website"},"primaryImageOfPage":{"@id":"https:\/\/murerpoint.dk\/sv\/produkt\/extra-laang-murfogfras-3-varianter\/#primaryimage"},"image":{"@id":"https:\/\/murerpoint.dk\/sv\/produkt\/extra-laang-murfogfras-3-varianter\/#primaryimage"},"thumbnailUrl":"https:\/\/murerpoint.dk\/wp-content\/uploads\/2024\/06\/Lang-musejern-forside.jpg","datePublished":"2024-06-27T08:28:50+00:00","dateModified":"2024-09-27T09:03:25+00:00","description":"Extra l\u00e5ng murfogfr\u00e4s f\u00f6r montering p\u00e5 vinkelslipens M14-spindel. Finns i 8 mm, 10 mm och 12 mm storlekar. Perfekt f\u00f6r djupa fogar och borttagning av tegel.","breadcrumb":{"@id":"https:\/\/murerpoint.dk\/sv\/produkt\/extra-laang-murfogfras-3-varianter\/#breadcrumb"},"inLanguage":"sv-SE","potentialAction":[{"@type":"ReadAction","target":["https:\/\/murerpoint.dk\/sv\/produkt\/extra-laang-murfogfras-3-varianter\/"]}]},{"@type":"ImageObject","inLanguage":"sv-SE","@id":"https:\/\/murerpoint.dk\/sv\/produkt\/extra-laang-murfogfras-3-varianter\/#primaryimage","url":"https:\/\/murerpoint.dk\/wp-content\/uploads\/2024\/06\/Lang-musejern-forside.jpg","contentUrl":"https:\/\/murerpoint.dk\/wp-content\/uploads\/2024\/06\/Lang-musejern-forside.jpg","width":474,"height":474,"caption":"Langt musejern P\u00e5monteres direkte p\u00e5 M14-spindel p\u00e5 vinkelsliberen Diameter: 8, 10 og 12 mm Arbejdsl\u00e6ngde: 115 mm - plattel\u00e6ngde 60 mm 3 h\u00e5rdmetal-sk\u00e6r Anvendes som musejern, men med \u00f8get l\u00e6ngde, da dette kan v\u00e6re en fordel til forskellige opgaver."},{"@type":"BreadcrumbList","@id":"https:\/\/murerpoint.dk\/sv\/produkt\/extra-laang-murfogfras-3-varianter\/#breadcrumb","itemListElement":[{"@type":"ListItem","position":1,"name":"Hjem","item":"https:\/\/murerpoint.dk\/sv\/"},{"@type":"ListItem","position":2,"name":"SHOPPEN","item":"https:\/\/murerpoint.dk\/sv\/shoppen\/"},{"@type":"ListItem","position":3,"name":"Extra L\u00e5ng Murfogfr\u00e4s \u2013 3 Varianter"}]},{"@type":"WebSite","@id":"https:\/\/murerpoint.dk\/sv\/#website","url":"https:\/\/murerpoint.dk\/sv\/","name":"Murerpoint","description":"kvalitets v\u00e6rkt\u00f8j","publisher":{"@id":"https:\/\/murerpoint.dk\/sv\/#organization"},"potentialAction":[{"@type":"SearchAction","target":{"@type":"EntryPoint","urlTemplate":"https:\/\/murerpoint.dk\/sv\/?s={search_term_string}"},"query-input":{"@type":"PropertyValueSpecification","valueRequired":true,"valueName":"search_term_string"}}],"inLanguage":"sv-SE"},{"@type":"Organization","@id":"https:\/\/murerpoint.dk\/sv\/#organization","name":"Murerpoint ApS","url":"https:\/\/murerpoint.dk\/sv\/","logo":{"@type":"ImageObject","inLanguage":"sv-SE","@id":"https:\/\/murerpoint.dk\/sv\/#\/schema\/logo\/image\/","url":"https:\/\/murerpoint.dk\/wp-content\/uploads\/2023\/12\/cropped-Sort-Midt-Roed-Mursten.png","contentUrl":"https:\/\/murerpoint.dk\/wp-content\/uploads\/2023\/12\/cropped-Sort-Midt-Roed-Mursten.png","width":512,"height":512,"caption":"Murerpoint ApS"},"image":{"@id":"https:\/\/murerpoint.dk\/sv\/#\/schema\/logo\/image\/"},"sameAs":["https:\/\/m.facebook.com\/profile.php?id=61555157262134","https:\/\/www.instagram.com\/murerpoint?igsh=azluMWV6cTnc2ts&utm_source=qr","https:\/\/www.tiktok.com\/@murerpoint?is_from_webapp=1&sender_device=pc"]}]},"og_availability":"instock","product_availability":"instock","product_retailer_item_id":"mp0013-1","product_condition":"new"},"_links":{"self":[{"href":"https:\/\/murerpoint.dk\/sv\/wp-json\/wp\/v2\/product\/4914","targetHints":{"allow":["GET"]}}],"collection":[{"href":"https:\/\/murerpoint.dk\/sv\/wp-json\/wp\/v2\/product"}],"about":[{"href":"https:\/\/murerpoint.dk\/sv\/wp-json\/wp\/v2\/types\/product"}],"replies":[{"embeddable":true,"href":"https:\/\/murerpoint.dk\/sv\/wp-json\/wp\/v2\/comments?post=4914"}],"wp:featuredmedia":[{"embeddable":true,"href":"https:\/\/murerpoint.dk\/sv\/wp-json\/wp\/v2\/media\/6966"}],"wp:attachment":[{"href":"https:\/\/murerpoint.dk\/sv\/wp-json\/wp\/v2\/media?parent=4914"}],"wp:term":[{"taxonomy":"product_brand","embeddable":true,"href":"https:\/\/murerpoint.dk\/sv\/wp-json\/wp\/v2\/product_brand?post=4914"},{"taxonomy":"product_cat","embeddable":true,"href":"https:\/\/murerpoint.dk\/sv\/wp-json\/wp\/v2\/product_cat?post=4914"},{"taxonomy":"product_tag","embeddable":true,"href":"https:\/\/murerpoint.dk\/sv\/wp-json\/wp\/v2\/product_tag?post=4914"}],"curies":[{"name":"wp","href":"https:\/\/api.w.org\/{rel}","templated":true}]}}