{"id":5159,"date":"2024-07-18T13:32:54","date_gmt":"2024-07-18T13:32:54","guid":{"rendered":"https:\/\/murerpoint.dk\/product\/9-grinding-segments-for-husqvarna-grit-20-trapezoidal-segments-for-soft-concrete\/"},"modified":"2024-07-24T12:24:47","modified_gmt":"2024-07-24T12:24:47","slug":"9-slipsegment-for-husqvarna-korn-20-mjuk-frisk-betong","status":"publish","type":"product","link":"https:\/\/murerpoint.dk\/sv\/produkt\/9-slipsegment-for-husqvarna-korn-20-mjuk-frisk-betong\/","title":{"rendered":"9 Slipsegment f\u00f6r Husqvarna \u2013 Korn #20 (Mjuk frisk Betong)"},"content":{"rendered":"<?xml encoding=\"utf-8\" ?><h5>9 Slipsegment f&ouml;r Husqvarna &ndash; Korn #20 (Mjuk frisk Betong)<\/h5><p>P&aring; Murerpoint.se f&ouml;rst&aring;r vi vikten av precision och kvalitet i ditt arbete. D&auml;rf&ouml;r erbjuder vi v&aring;ra 9 svarta slipsegment f&ouml;r Husqvarna betongslipar, designade f&ouml;r att leverera enast&aring;ende prestanda och h&aring;llbarhet. V&aring;ra segment finns i korn #20, vilket g&ouml;r dem idealiska f&ouml;r slipning av mjuk, f&auml;rsk betong. De passar perfekt p&aring; Husqvarna-maskiner, vilket s&auml;kerst&auml;ller enkel och snabb utbyte.<\/p><h4>Specifikationer<\/h4><ul>\n<li><strong>Korn<\/strong>: #20 f&ouml;r mjuk, f&auml;rsk betong<\/li>\n<li><strong>Kvalitet<\/strong>: Long Life segment<\/li>\n<li><strong>Anv&auml;ndning<\/strong>: Mjuk, f&auml;rsk betong<\/li>\n<li><strong>Kompatibilitet<\/strong>: Husqvarna<\/li>\n<li><strong>Resultat<\/strong>: Finare och polerad yta efter flera k&ouml;rningar<\/li>\n<li><strong>Ytterligare Information<\/strong>: V&aring;ra svarta slipsegment &auml;r tillverkade av material av h&ouml;g kvalitet f&ouml;r att s&auml;kerst&auml;lla l&aring;ng livsl&auml;ngd och konsekventa resultat. De &auml;r utformade f&ouml;r att klara de tuffaste arbetsf&ouml;rh&aring;llandena utan att kompromissa med effektiviteten. Med dessa segment kan du enkelt uppn&aring; en finare och polerad yta efter flera k&ouml;rningar med olika kornstorlekar. F&ouml;r att uppn&aring; den ultimata poleringen av betonggolvet kan du anv&auml;nda diamant plastbundna eller keramiskt bundna segment upp till korn 3000.<\/li>\n<\/ul><p>P&aring; Murerpoint.se &auml;r vi stolta &ouml;ver att leverera produkter som uppfyller dina h&ouml;ga standarder. &Auml;ven om vi inte kan ge en garanti, kan vi f&ouml;rs&auml;kra dig om att v&aring;ra produkter &auml;r av toppkvalitet som du kan lita p&aring;.<\/p>\n","protected":false},"excerpt":{"rendered":"<h5>9 Slipsegment f\u00f6r Husqvarna \u2013 Korn #20 (Mjuk frisk Betong)<\/h5>\n<p>Dessa svarta slipsegment \u00e4r idealiska f\u00f6r slipning av mjuk, f\u00e4rsk betong. Med en robust konstruktion uppn\u00e5r du l\u00e5ng livsl\u00e4ngd och en j\u00e4mnt polerad yta. Kompatibla med Husqvarna maskiner.<\/p>\n<h4>Specifikationer (Kort)<\/h4>\n<ul>\n<li><strong>Korn<\/strong>: #20 f\u00f6r mjuk, f\u00e4rsk betong<\/li>\n<li><strong>Kvalitet<\/strong>: Long Life segment<\/li>\n<li><strong>Anv\u00e4ndning<\/strong>: Mjuk, f\u00e4rsk betong<\/li>\n<li><strong>Kompatibilitet<\/strong>: Husqvarna<\/li>\n<li><strong>Resultat<\/strong>: Finare och polerad yta efter flera k\u00f6rningar<\/li>\n<\/ul>\n","protected":false},"featured_media":5139,"comment_status":"open","ping_status":"closed","template":"","meta":[],"product_brand":[],"product_cat":[4372,2648],"product_tag":[4676,3227,4642,3228,3229,3984,4643,3985,3986,3987,4644,3230,4645,3231,4646,3232,4651,4652,4653,4654,3239,3240,3241,3242,3243,4677,4678,4679,4680,4681,3245,4682],"class_list":{"0":"post-5159","1":"product","2":"type-product","3":"status-publish","4":"has-post-thumbnail","6":"product_cat-slipsegment-till-husqvarna","7":"product_cat-slipsmaterial-for-golvmaskiner","8":"product_tag-bloedbeton-sv","9":"product_tag-friskbeton-sv","10":"product_tag-gepolijsteoppervlakte-sv","11":"product_tag-grindingsegments-sv","12":"product_tag-grit20-sv","13":"product_tag-highquality-sv","14":"product_tag-hogekwaliteit-sv","15":"product_tag-hoegkvalitet-sv","16":"product_tag-hohequalitaet-sv","17":"product_tag-hoejkvalitet-sv","18":"product_tag-husqvarna-sv","19":"product_tag-korn20-sv","20":"product_tag-koernung20-sv","21":"product_tag-korrel20-sv","22":"product_tag-longlifesegment-sv","23":"product_tag-mjukbetong-sv","24":"product_tag-poleradyta-sv","25":"product_tag-poleretoeverflade-sv","26":"product_tag-polierteoberflaeche-sv","27":"product_tag-polishedsurface-sv","28":"product_tag-schleifsegmente-sv","29":"product_tag-slibesegmenter-sv","30":"product_tag-slijpsegmenten-sv","31":"product_tag-slipsegment-sv","32":"product_tag-softconcrete-sv","33":"product_tag-trapezformadesegment-sv","34":"product_tag-trapezformedesegmenter-sv","35":"product_tag-trapezfoermigesegmente-sv","36":"product_tag-trapezoidalsegments-sv","37":"product_tag-trapezvormigesegmenten-sv","38":"product_tag-weicherbeton-sv","39":"product_tag-zachtbeton-sv","41":"first","42":"instock","43":"taxable","44":"shipping-taxable","45":"purchasable","46":"product-type-simple"},"yoast_head":"<!-- This site is optimized with the Yoast SEO plugin v27.6 - https:\/\/yoast.com\/product\/yoast-seo-wordpress\/ -->\n<title>9 Slipsegment f\u00f6r Husqvarna \u2013 Korn #20 (Mjuk frisk Betong) - Murerpoint ApS<\/title>\n<meta name=\"description\" content=\"Dessa svarta Husqvarna slipsegment \u00e4r idealiska f\u00f6r slipning av mjuk, f\u00e4rsk betong. Med en robust konstruktion uppn\u00e5r du en j\u00e4mnt polerad yta.\" \/>\n<meta name=\"robots\" content=\"index, follow, max-snippet:-1, max-image-preview:large, max-video-preview:-1\" \/>\n<link rel=\"canonical\" href=\"https:\/\/murerpoint.dk\/sv\/produkt\/9-slipsegment-for-husqvarna-korn-20-mjuk-frisk-betong\/\" \/>\n<meta property=\"og:locale\" content=\"sv_SE\" \/>\n<meta property=\"og:type\" content=\"article\" \/>\n<meta property=\"og:title\" content=\"9 Slipsegment f\u00f6r Husqvarna \u2013 Korn #20 (Mjuk frisk Betong) - Murerpoint ApS\" \/>\n<meta property=\"og:description\" content=\"Dessa svarta Husqvarna slipsegment \u00e4r idealiska f\u00f6r slipning av mjuk, f\u00e4rsk betong. Med en robust konstruktion uppn\u00e5r du en j\u00e4mnt polerad yta.\" \/>\n<meta property=\"og:url\" content=\"https:\/\/murerpoint.dk\/sv\/produkt\/9-slipsegment-for-husqvarna-korn-20-mjuk-frisk-betong\/\" \/>\n<meta property=\"og:site_name\" content=\"Murerpoint ApS\" \/>\n<meta property=\"article:publisher\" content=\"https:\/\/m.facebook.com\/profile.php?id=61555157262134\" \/>\n<meta property=\"article:modified_time\" content=\"2024-07-24T12:24:47+00:00\" \/>\n<meta property=\"og:image\" content=\"https:\/\/murerpoint.dk\/wp-content\/uploads\/2024\/07\/IMG_7095.jpeg\" \/>\n\t<meta property=\"og:image:width\" content=\"433\" \/>\n\t<meta property=\"og:image:height\" content=\"577\" \/>\n\t<meta property=\"og:image:type\" content=\"image\/jpeg\" \/>\n<meta name=\"twitter:card\" content=\"summary_large_image\" \/>\n<meta name=\"twitter:label1\" content=\"Pris\" \/>\n\t<meta name=\"twitter:data1\" content=\"&euro;283.71 Pris ekskl. moms: &euro;226.97\" \/>\n\t<meta name=\"twitter:label2\" content=\"Tillg\u00e4nglig\" \/>\n\t<meta name=\"twitter:data2\" content=\"I lager\" \/>\n<script type=\"application\/ld+json\" class=\"yoast-schema-graph\">{\"@context\":\"https:\\\/\\\/schema.org\",\"@graph\":[{\"@type\":\"WebPage\",\"@id\":\"https:\\\/\\\/murerpoint.dk\\\/sv\\\/produkt\\\/9-slipsegment-for-husqvarna-korn-20-mjuk-frisk-betong\\\/\",\"url\":\"https:\\\/\\\/murerpoint.dk\\\/sv\\\/produkt\\\/9-slipsegment-for-husqvarna-korn-20-mjuk-frisk-betong\\\/\",\"name\":\"9 Slipsegment f\u00f6r Husqvarna \u2013 Korn #20 (Mjuk frisk Betong) - Murerpoint ApS\",\"isPartOf\":{\"@id\":\"https:\\\/\\\/murerpoint.dk\\\/sv\\\/#website\"},\"primaryImageOfPage\":{\"@id\":\"https:\\\/\\\/murerpoint.dk\\\/sv\\\/produkt\\\/9-slipsegment-for-husqvarna-korn-20-mjuk-frisk-betong\\\/#primaryimage\"},\"image\":{\"@id\":\"https:\\\/\\\/murerpoint.dk\\\/sv\\\/produkt\\\/9-slipsegment-for-husqvarna-korn-20-mjuk-frisk-betong\\\/#primaryimage\"},\"thumbnailUrl\":\"https:\\\/\\\/murerpoint.dk\\\/wp-content\\\/uploads\\\/2024\\\/07\\\/IMG_7095.jpeg\",\"datePublished\":\"2024-07-18T13:32:54+00:00\",\"dateModified\":\"2024-07-24T12:24:47+00:00\",\"description\":\"Dessa svarta Husqvarna slipsegment \u00e4r idealiska f\u00f6r slipning av mjuk, f\u00e4rsk betong. Med en robust konstruktion uppn\u00e5r du en j\u00e4mnt polerad yta.\",\"breadcrumb\":{\"@id\":\"https:\\\/\\\/murerpoint.dk\\\/sv\\\/produkt\\\/9-slipsegment-for-husqvarna-korn-20-mjuk-frisk-betong\\\/#breadcrumb\"},\"inLanguage\":\"sv-SE\",\"potentialAction\":[{\"@type\":\"ReadAction\",\"target\":[\"https:\\\/\\\/murerpoint.dk\\\/sv\\\/produkt\\\/9-slipsegment-for-husqvarna-korn-20-mjuk-frisk-betong\\\/\"]}]},{\"@type\":\"ImageObject\",\"inLanguage\":\"sv-SE\",\"@id\":\"https:\\\/\\\/murerpoint.dk\\\/sv\\\/produkt\\\/9-slipsegment-for-husqvarna-korn-20-mjuk-frisk-betong\\\/#primaryimage\",\"url\":\"https:\\\/\\\/murerpoint.dk\\\/wp-content\\\/uploads\\\/2024\\\/07\\\/IMG_7095.jpeg\",\"contentUrl\":\"https:\\\/\\\/murerpoint.dk\\\/wp-content\\\/uploads\\\/2024\\\/07\\\/IMG_7095.jpeg\",\"width\":433,\"height\":577,\"caption\":\"9 Slibesegmenter til Husqvarna \u2013 Korn #20 (Trapezformede Segmenter til Bl\u00f8d Beton)\"},{\"@type\":\"BreadcrumbList\",\"@id\":\"https:\\\/\\\/murerpoint.dk\\\/sv\\\/produkt\\\/9-slipsegment-for-husqvarna-korn-20-mjuk-frisk-betong\\\/#breadcrumb\",\"itemListElement\":[{\"@type\":\"ListItem\",\"position\":1,\"name\":\"Hjem\",\"item\":\"https:\\\/\\\/murerpoint.dk\\\/sv\\\/\"},{\"@type\":\"ListItem\",\"position\":2,\"name\":\"SHOPPEN\",\"item\":\"https:\\\/\\\/murerpoint.dk\\\/sv\\\/shoppen\\\/\"},{\"@type\":\"ListItem\",\"position\":3,\"name\":\"9 Slipsegment f\u00f6r Husqvarna \u2013 Korn #20 (Mjuk frisk Betong)\"}]},{\"@type\":\"WebSite\",\"@id\":\"https:\\\/\\\/murerpoint.dk\\\/sv\\\/#website\",\"url\":\"https:\\\/\\\/murerpoint.dk\\\/sv\\\/\",\"name\":\"Murerpoint\",\"description\":\"kvalitets v\u00e6rkt\u00f8j\",\"publisher\":{\"@id\":\"https:\\\/\\\/murerpoint.dk\\\/sv\\\/#organization\"},\"potentialAction\":[{\"@type\":\"SearchAction\",\"target\":{\"@type\":\"EntryPoint\",\"urlTemplate\":\"https:\\\/\\\/murerpoint.dk\\\/sv\\\/?s={search_term_string}\"},\"query-input\":{\"@type\":\"PropertyValueSpecification\",\"valueRequired\":true,\"valueName\":\"search_term_string\"}}],\"inLanguage\":\"sv-SE\"},{\"@type\":\"Organization\",\"@id\":\"https:\\\/\\\/murerpoint.dk\\\/sv\\\/#organization\",\"name\":\"Murerpoint ApS\",\"url\":\"https:\\\/\\\/murerpoint.dk\\\/sv\\\/\",\"logo\":{\"@type\":\"ImageObject\",\"inLanguage\":\"sv-SE\",\"@id\":\"https:\\\/\\\/murerpoint.dk\\\/sv\\\/#\\\/schema\\\/logo\\\/image\\\/\",\"url\":\"https:\\\/\\\/murerpoint.dk\\\/wp-content\\\/uploads\\\/2023\\\/12\\\/cropped-Sort-Midt-Roed-Mursten.png\",\"contentUrl\":\"https:\\\/\\\/murerpoint.dk\\\/wp-content\\\/uploads\\\/2023\\\/12\\\/cropped-Sort-Midt-Roed-Mursten.png\",\"width\":512,\"height\":512,\"caption\":\"Murerpoint ApS\"},\"image\":{\"@id\":\"https:\\\/\\\/murerpoint.dk\\\/sv\\\/#\\\/schema\\\/logo\\\/image\\\/\"},\"sameAs\":[\"https:\\\/\\\/m.facebook.com\\\/profile.php?id=61555157262134\",\"https:\\\/\\\/www.instagram.com\\\/murerpoint?igsh=azluMWV6cTnc2ts&utm_source=qr\",\"https:\\\/\\\/www.tiktok.com\\\/@murerpoint?is_from_webapp=1&sender_device=pc\"]}]}<\/script>\n<meta property=\"product:price:amount\" content=\"283.71\" \/>\n<meta property=\"product:price:currency\" content=\"EUR\" \/>\n<meta property=\"og:availability\" content=\"instock\" \/>\n<meta property=\"product:availability\" content=\"instock\" \/>\n<meta property=\"product:retailer_item_id\" content=\"mp00089\" \/>\n<meta property=\"product:condition\" content=\"new\" \/>\n<!-- \/ Yoast SEO plugin. -->","yoast_head_json":{"title":"9 Slipsegment f\u00f6r Husqvarna \u2013 Korn #20 (Mjuk frisk Betong) - Murerpoint ApS","description":"Dessa svarta Husqvarna slipsegment \u00e4r idealiska f\u00f6r slipning av mjuk, f\u00e4rsk betong. Med en robust konstruktion uppn\u00e5r du en j\u00e4mnt polerad yta.","robots":{"index":"index","follow":"follow","max-snippet":"max-snippet:-1","max-image-preview":"max-image-preview:large","max-video-preview":"max-video-preview:-1"},"canonical":"https:\/\/murerpoint.dk\/sv\/produkt\/9-slipsegment-for-husqvarna-korn-20-mjuk-frisk-betong\/","og_locale":"sv_SE","og_type":"article","og_title":"9 Slipsegment f\u00f6r Husqvarna \u2013 Korn #20 (Mjuk frisk Betong) - Murerpoint ApS","og_description":"Dessa svarta Husqvarna slipsegment \u00e4r idealiska f\u00f6r slipning av mjuk, f\u00e4rsk betong. Med en robust konstruktion uppn\u00e5r du en j\u00e4mnt polerad yta.","og_url":"https:\/\/murerpoint.dk\/sv\/produkt\/9-slipsegment-for-husqvarna-korn-20-mjuk-frisk-betong\/","og_site_name":"Murerpoint ApS","article_publisher":"https:\/\/m.facebook.com\/profile.php?id=61555157262134","article_modified_time":"2024-07-24T12:24:47+00:00","og_image":[{"width":433,"height":577,"url":"https:\/\/murerpoint.dk\/wp-content\/uploads\/2024\/07\/IMG_7095.jpeg","type":"image\/jpeg"}],"twitter_card":"summary_large_image","twitter_misc":{"Pris":"&euro;283.71 Pris ekskl. moms: &euro;226.97","Tillg\u00e4nglig":"I lager"},"schema":{"@context":"https:\/\/schema.org","@graph":[{"@type":"WebPage","@id":"https:\/\/murerpoint.dk\/sv\/produkt\/9-slipsegment-for-husqvarna-korn-20-mjuk-frisk-betong\/","url":"https:\/\/murerpoint.dk\/sv\/produkt\/9-slipsegment-for-husqvarna-korn-20-mjuk-frisk-betong\/","name":"9 Slipsegment f\u00f6r Husqvarna \u2013 Korn #20 (Mjuk frisk Betong) - Murerpoint ApS","isPartOf":{"@id":"https:\/\/murerpoint.dk\/sv\/#website"},"primaryImageOfPage":{"@id":"https:\/\/murerpoint.dk\/sv\/produkt\/9-slipsegment-for-husqvarna-korn-20-mjuk-frisk-betong\/#primaryimage"},"image":{"@id":"https:\/\/murerpoint.dk\/sv\/produkt\/9-slipsegment-for-husqvarna-korn-20-mjuk-frisk-betong\/#primaryimage"},"thumbnailUrl":"https:\/\/murerpoint.dk\/wp-content\/uploads\/2024\/07\/IMG_7095.jpeg","datePublished":"2024-07-18T13:32:54+00:00","dateModified":"2024-07-24T12:24:47+00:00","description":"Dessa svarta Husqvarna slipsegment \u00e4r idealiska f\u00f6r slipning av mjuk, f\u00e4rsk betong. Med en robust konstruktion uppn\u00e5r du en j\u00e4mnt polerad yta.","breadcrumb":{"@id":"https:\/\/murerpoint.dk\/sv\/produkt\/9-slipsegment-for-husqvarna-korn-20-mjuk-frisk-betong\/#breadcrumb"},"inLanguage":"sv-SE","potentialAction":[{"@type":"ReadAction","target":["https:\/\/murerpoint.dk\/sv\/produkt\/9-slipsegment-for-husqvarna-korn-20-mjuk-frisk-betong\/"]}]},{"@type":"ImageObject","inLanguage":"sv-SE","@id":"https:\/\/murerpoint.dk\/sv\/produkt\/9-slipsegment-for-husqvarna-korn-20-mjuk-frisk-betong\/#primaryimage","url":"https:\/\/murerpoint.dk\/wp-content\/uploads\/2024\/07\/IMG_7095.jpeg","contentUrl":"https:\/\/murerpoint.dk\/wp-content\/uploads\/2024\/07\/IMG_7095.jpeg","width":433,"height":577,"caption":"9 Slibesegmenter til Husqvarna \u2013 Korn #20 (Trapezformede Segmenter til Bl\u00f8d Beton)"},{"@type":"BreadcrumbList","@id":"https:\/\/murerpoint.dk\/sv\/produkt\/9-slipsegment-for-husqvarna-korn-20-mjuk-frisk-betong\/#breadcrumb","itemListElement":[{"@type":"ListItem","position":1,"name":"Hjem","item":"https:\/\/murerpoint.dk\/sv\/"},{"@type":"ListItem","position":2,"name":"SHOPPEN","item":"https:\/\/murerpoint.dk\/sv\/shoppen\/"},{"@type":"ListItem","position":3,"name":"9 Slipsegment f\u00f6r Husqvarna \u2013 Korn #20 (Mjuk frisk Betong)"}]},{"@type":"WebSite","@id":"https:\/\/murerpoint.dk\/sv\/#website","url":"https:\/\/murerpoint.dk\/sv\/","name":"Murerpoint","description":"kvalitets v\u00e6rkt\u00f8j","publisher":{"@id":"https:\/\/murerpoint.dk\/sv\/#organization"},"potentialAction":[{"@type":"SearchAction","target":{"@type":"EntryPoint","urlTemplate":"https:\/\/murerpoint.dk\/sv\/?s={search_term_string}"},"query-input":{"@type":"PropertyValueSpecification","valueRequired":true,"valueName":"search_term_string"}}],"inLanguage":"sv-SE"},{"@type":"Organization","@id":"https:\/\/murerpoint.dk\/sv\/#organization","name":"Murerpoint ApS","url":"https:\/\/murerpoint.dk\/sv\/","logo":{"@type":"ImageObject","inLanguage":"sv-SE","@id":"https:\/\/murerpoint.dk\/sv\/#\/schema\/logo\/image\/","url":"https:\/\/murerpoint.dk\/wp-content\/uploads\/2023\/12\/cropped-Sort-Midt-Roed-Mursten.png","contentUrl":"https:\/\/murerpoint.dk\/wp-content\/uploads\/2023\/12\/cropped-Sort-Midt-Roed-Mursten.png","width":512,"height":512,"caption":"Murerpoint ApS"},"image":{"@id":"https:\/\/murerpoint.dk\/sv\/#\/schema\/logo\/image\/"},"sameAs":["https:\/\/m.facebook.com\/profile.php?id=61555157262134","https:\/\/www.instagram.com\/murerpoint?igsh=azluMWV6cTnc2ts&utm_source=qr","https:\/\/www.tiktok.com\/@murerpoint?is_from_webapp=1&sender_device=pc"]}]},"product_price_amount":"283.71","product_price_currency":"EUR","og_availability":"instock","product_availability":"instock","product_retailer_item_id":"mp00089","product_condition":"new"},"_links":{"self":[{"href":"https:\/\/murerpoint.dk\/sv\/wp-json\/wp\/v2\/product\/5159","targetHints":{"allow":["GET"]}}],"collection":[{"href":"https:\/\/murerpoint.dk\/sv\/wp-json\/wp\/v2\/product"}],"about":[{"href":"https:\/\/murerpoint.dk\/sv\/wp-json\/wp\/v2\/types\/product"}],"replies":[{"embeddable":true,"href":"https:\/\/murerpoint.dk\/sv\/wp-json\/wp\/v2\/comments?post=5159"}],"wp:featuredmedia":[{"embeddable":true,"href":"https:\/\/murerpoint.dk\/sv\/wp-json\/wp\/v2\/media\/5139"}],"wp:attachment":[{"href":"https:\/\/murerpoint.dk\/sv\/wp-json\/wp\/v2\/media?parent=5159"}],"wp:term":[{"taxonomy":"product_brand","embeddable":true,"href":"https:\/\/murerpoint.dk\/sv\/wp-json\/wp\/v2\/product_brand?post=5159"},{"taxonomy":"product_cat","embeddable":true,"href":"https:\/\/murerpoint.dk\/sv\/wp-json\/wp\/v2\/product_cat?post=5159"},{"taxonomy":"product_tag","embeddable":true,"href":"https:\/\/murerpoint.dk\/sv\/wp-json\/wp\/v2\/product_tag?post=5159"}],"curies":[{"name":"wp","href":"https:\/\/api.w.org\/{rel}","templated":true}]}}