{"id":5337,"date":"2024-08-05T08:21:17","date_gmt":"2024-08-05T08:21:17","guid":{"rendered":"https:\/\/murerpoint.dk\/product\/diamantschleifteller-fuer-festool-rg130-harter-beton\/"},"modified":"2024-08-05T09:39:04","modified_gmt":"2024-08-05T09:39:04","slug":"diamant-slipskaal-for-festool-rg130-haard-betong","status":"publish","type":"product","link":"https:\/\/murerpoint.dk\/sv\/produkt\/diamant-slipskaal-for-festool-rg130-haard-betong\/","title":{"rendered":"Diamant slipsk\u00e5l f\u00f6r Festool RG130 &#8211; h\u00e5rd betong"},"content":{"rendered":"<?xml encoding=\"utf-8\" ?><h5>Diamant slipsk&aring;l f&ouml;r Festool &ndash; RG130 &ndash; h&aring;rd betong<\/h5><p>Specialutvecklad diamantslipsk&aring;l f&ouml;r FESTOOL RENOFIX RG 130 E-Plus.<\/p><h5><strong>F&Ouml;RDELAR:<\/strong><\/h5><ul>\n<li>Slipar snabbare och mer effektivt<\/li>\n<li>Producerar mindre damm under slipning<\/li>\n<li>Har l&auml;ngre livsl&auml;ngd &auml;n standard slipsk&aring;lar<\/li>\n<\/ul><p>Denna diamantslipsk&aring;l &auml;r idealisk f&ouml;r yrkesverksamma och DIY-entusiaster som arbetar med h&aring;rd betong. Dess unika design s&auml;kerst&auml;ller minimal vibration under anv&auml;ndning, vilket f&ouml;rb&auml;ttrar komfort och precision. Med sin robusta konstruktion kan denna slipsk&aring;l klara intensiv anv&auml;ndning utan att f&ouml;rlora sin sk&auml;rpa eller effektivitet.<\/p><p>Det rekommenderas alltid att arbeta med ansluten dammsk&auml;rm och dammsugare. Denna kombination minskar dammexponeringen och skapar en renare arbetsmilj&ouml;. Anv&auml;ndare kommer ocks&aring; att uppleva f&auml;rre avbrott f&ouml;r att reng&ouml;ra arbetsomr&aring;det, vilket &ouml;kar produktiviteten.<\/p><p><strong>Specifikationer:<\/strong><\/p><ul>\n<li>R&ouml;d &oslash; 130 mm f&ouml;r h&aring;rd betong<\/li>\n<li>25 mm h&aring;l<\/li>\n<li>Bussning till 22,2 mm<\/li>\n<\/ul><h5><strong>Kan monteras p&aring; f&ouml;ljande maskiner:<\/strong><\/h5><ul>\n<li>RG-130<\/li>\n<li>AG-125<\/li>\n<li>RGP-130<\/li>\n<li>AGP-125<\/li>\n<\/ul><p>Festool betongslip Renofix RG 130 E-Plus &auml;r en diamantslip med perfekt hastighet f&ouml;r diamantverktyg. Denna kraftfulla 1.600-W motor s&auml;kerst&auml;ller snabb slipprestanda och h&ouml;g arbetshastighet, vilket g&ouml;r den idealisk f&ouml;r stora projekt. Om du har fr&aring;gor om v&aring;ra produkter, kontakta oss g&auml;rna p&aring; <a href=\"info@murerpoint.dk\" rel=\"noreferrer\">info@murerpoint.dk<\/a> eller ring v&aring;r kundservice ( +45 ) 27145525. V&aring;rt team &auml;r alltid redo att hj&auml;lpa dig hitta den b&auml;sta l&ouml;sningen f&ouml;r ditt projekt.<\/p><p><iframe title=\"Kopsten \/slipsk&aring;l \/ diamant schleifteller -festool RG\" width=\"800\" height=\"450\" src=\"https:\/\/www.youtube.com\/embed\/xRN8XO6D3K0?feature=oembed\" frameborder=\"0\" allow=\"accelerometer; autoplay; clipboard-write; encrypted-media; gyroscope; picture-in-picture; web-share\" referrerpolicy=\"strict-origin-when-cross-origin\" allowfullscreen><\/iframe><\/p><p>Festool RG 130 diamantslipsk&aring;l F&ouml;r h&aring;rd betong D130 PREMIUM 768018 diamantslipsk&aring;l f&ouml;r Festool RG 130<\/p>\n","protected":false},"excerpt":{"rendered":"<h5>Diamant slipsk\u00e5l f\u00f6r Festool RG130 &#8211; h\u00e5rd betong<\/h5>\n<p>R\u00f6d diamantslipsk\u00e5l f\u00f6r h\u00e5rd betong f\u00f6r Festool RG 130. Diameter 130 mm. H\u00e5l 25 mm med bussning till 22,2 mm. Passar betongslip RG130, AG-125, RGP-130, AGP-125.<\/p>\n<h5><strong>F\u00d6RDELAR:<\/strong><\/h5>\n<ul>\n<li>Slipar snabbare och mer effektivt<\/li>\n<li>Producerar mindre damm under slipning<\/li>\n<li>Har l\u00e4ngre livsl\u00e4ngd \u00e4n standard slipsk\u00e5lar<\/li>\n<\/ul>\n","protected":false},"featured_media":5329,"comment_status":"open","ping_status":"closed","template":"","meta":[],"product_brand":[],"product_cat":[1778,4188],"product_tag":[1779,4833,4834,4835,4836,4837,4838,4839,4840,4841,4842,4843,4844,4845,4846,4847,4848,4849],"class_list":{"0":"post-5337","1":"product","2":"type-product","3":"status-publish","4":"has-post-thumbnail","6":"product_cat-diamant-gatkuller-sv","7":"product_cat-slipverktyg-for-proffs-och-gor-det-sjalv-anvandare-sv","8":"product_tag-diamantkopsten-sv","9":"product_tag-diamantschleifteller-sv","10":"product_tag-diamantslijpschijf-sv","11":"product_tag-diamantslipsten-sv","12":"product_tag-diamond-cup-wheel-sv","13":"product_tag-festool-sv","14":"product_tag-grinding-sv","15":"product_tag-haard-beton-sv","16":"product_tag-haard-betong-sv","17":"product_tag-hard-concrete-sv","18":"product_tag-harde-beton-sv","19":"product_tag-harter-beton-sv","20":"product_tag-rg130-sv","21":"product_tag-schleifen-sv","22":"product_tag-slibning-sv","23":"product_tag-slijpen-sv","24":"product_tag-slipning-sv","25":"product_tag-slipskaal-sv","27":"first","28":"instock","29":"taxable","30":"shipping-taxable","31":"purchasable","32":"product-type-simple"},"yoast_head":"<!-- This site is optimized with the Yoast SEO plugin v27.5 - https:\/\/yoast.com\/product\/yoast-seo-wordpress\/ -->\n<title>Diamant slipsk\u00e5l f\u00f6r Festool RG130 - h\u00e5rd betong - Murerpoint ApS<\/title>\n<meta name=\"description\" content=\"Specialutvecklad r\u00f6d diamantslipsk\u00e5l f\u00f6r Festool RG130 f\u00f6r h\u00e5rd betong.Optimal slipprestanda och l\u00e4ngre livsl\u00e4ngd med minimalt damm.\" \/>\n<meta name=\"robots\" content=\"index, follow, max-snippet:-1, max-image-preview:large, max-video-preview:-1\" \/>\n<link rel=\"canonical\" href=\"https:\/\/murerpoint.dk\/sv\/produkt\/diamant-slipskaal-for-festool-rg130-haard-betong\/\" \/>\n<meta property=\"og:locale\" content=\"sv_SE\" \/>\n<meta property=\"og:type\" content=\"article\" \/>\n<meta property=\"og:title\" content=\"Diamant slipsk\u00e5l f\u00f6r Festool RG130 - h\u00e5rd betong - Murerpoint ApS\" \/>\n<meta property=\"og:description\" content=\"Specialutvecklad r\u00f6d diamantslipsk\u00e5l f\u00f6r Festool RG130 f\u00f6r h\u00e5rd betong.Optimal slipprestanda och l\u00e4ngre livsl\u00e4ngd med minimalt damm.\" \/>\n<meta property=\"og:url\" content=\"https:\/\/murerpoint.dk\/sv\/produkt\/diamant-slipskaal-for-festool-rg130-haard-betong\/\" \/>\n<meta property=\"og:site_name\" content=\"Murerpoint ApS\" \/>\n<meta property=\"article:publisher\" content=\"https:\/\/m.facebook.com\/profile.php?id=61555157262134\" \/>\n<meta property=\"article:modified_time\" content=\"2024-08-05T09:39:04+00:00\" \/>\n<meta property=\"og:image\" content=\"https:\/\/murerpoint.dk\/wp-content\/uploads\/2024\/08\/Festool-oe130-mm-kopsten-til-Murerpoint.webp\" \/>\n\t<meta property=\"og:image:width\" content=\"700\" \/>\n\t<meta property=\"og:image:height\" content=\"700\" \/>\n\t<meta property=\"og:image:type\" content=\"image\/webp\" \/>\n<meta name=\"twitter:card\" content=\"summary_large_image\" \/>\n<meta name=\"twitter:label1\" content=\"Pris\" \/>\n\t<meta name=\"twitter:data1\" content=\"&euro;61.89 Pris ekskl. moms: &euro;49.51\" \/>\n\t<meta name=\"twitter:label2\" content=\"Tillg\u00e4nglig\" \/>\n\t<meta name=\"twitter:data2\" content=\"I lager\" \/>\n<script type=\"application\/ld+json\" class=\"yoast-schema-graph\">{\"@context\":\"https:\\\/\\\/schema.org\",\"@graph\":[{\"@type\":\"WebPage\",\"@id\":\"https:\\\/\\\/murerpoint.dk\\\/sv\\\/produkt\\\/diamant-slipskaal-for-festool-rg130-haard-betong\\\/\",\"url\":\"https:\\\/\\\/murerpoint.dk\\\/sv\\\/produkt\\\/diamant-slipskaal-for-festool-rg130-haard-betong\\\/\",\"name\":\"Diamant slipsk\u00e5l f\u00f6r Festool RG130 - h\u00e5rd betong - Murerpoint ApS\",\"isPartOf\":{\"@id\":\"https:\\\/\\\/murerpoint.dk\\\/sv\\\/#website\"},\"primaryImageOfPage\":{\"@id\":\"https:\\\/\\\/murerpoint.dk\\\/sv\\\/produkt\\\/diamant-slipskaal-for-festool-rg130-haard-betong\\\/#primaryimage\"},\"image\":{\"@id\":\"https:\\\/\\\/murerpoint.dk\\\/sv\\\/produkt\\\/diamant-slipskaal-for-festool-rg130-haard-betong\\\/#primaryimage\"},\"thumbnailUrl\":\"https:\\\/\\\/murerpoint.dk\\\/wp-content\\\/uploads\\\/2024\\\/08\\\/Festool-oe130-mm-kopsten-til-Murerpoint.webp\",\"datePublished\":\"2024-08-05T08:21:17+00:00\",\"dateModified\":\"2024-08-05T09:39:04+00:00\",\"description\":\"Specialutvecklad r\u00f6d diamantslipsk\u00e5l f\u00f6r Festool RG130 f\u00f6r h\u00e5rd betong.Optimal slipprestanda och l\u00e4ngre livsl\u00e4ngd med minimalt damm.\",\"breadcrumb\":{\"@id\":\"https:\\\/\\\/murerpoint.dk\\\/sv\\\/produkt\\\/diamant-slipskaal-for-festool-rg130-haard-betong\\\/#breadcrumb\"},\"inLanguage\":\"sv-SE\",\"potentialAction\":[{\"@type\":\"ReadAction\",\"target\":[\"https:\\\/\\\/murerpoint.dk\\\/sv\\\/produkt\\\/diamant-slipskaal-for-festool-rg130-haard-betong\\\/\"]}]},{\"@type\":\"ImageObject\",\"inLanguage\":\"sv-SE\",\"@id\":\"https:\\\/\\\/murerpoint.dk\\\/sv\\\/produkt\\\/diamant-slipskaal-for-festool-rg130-haard-betong\\\/#primaryimage\",\"url\":\"https:\\\/\\\/murerpoint.dk\\\/wp-content\\\/uploads\\\/2024\\\/08\\\/Festool-oe130-mm-kopsten-til-Murerpoint.webp\",\"contentUrl\":\"https:\\\/\\\/murerpoint.dk\\\/wp-content\\\/uploads\\\/2024\\\/08\\\/Festool-oe130-mm-kopsten-til-Murerpoint.webp\",\"width\":700,\"height\":700,\"caption\":\"Festool-\u00f8130-mm-kopsten fra Murerpoint\"},{\"@type\":\"BreadcrumbList\",\"@id\":\"https:\\\/\\\/murerpoint.dk\\\/sv\\\/produkt\\\/diamant-slipskaal-for-festool-rg130-haard-betong\\\/#breadcrumb\",\"itemListElement\":[{\"@type\":\"ListItem\",\"position\":1,\"name\":\"Hjem\",\"item\":\"https:\\\/\\\/murerpoint.dk\\\/sv\\\/\"},{\"@type\":\"ListItem\",\"position\":2,\"name\":\"SHOPPEN\",\"item\":\"https:\\\/\\\/murerpoint.dk\\\/sv\\\/shoppen\\\/\"},{\"@type\":\"ListItem\",\"position\":3,\"name\":\"Diamant slipsk\u00e5l f\u00f6r Festool RG130 &#8211; h\u00e5rd betong\"}]},{\"@type\":\"WebSite\",\"@id\":\"https:\\\/\\\/murerpoint.dk\\\/sv\\\/#website\",\"url\":\"https:\\\/\\\/murerpoint.dk\\\/sv\\\/\",\"name\":\"Murerpoint\",\"description\":\"kvalitets v\u00e6rkt\u00f8j\",\"publisher\":{\"@id\":\"https:\\\/\\\/murerpoint.dk\\\/sv\\\/#organization\"},\"potentialAction\":[{\"@type\":\"SearchAction\",\"target\":{\"@type\":\"EntryPoint\",\"urlTemplate\":\"https:\\\/\\\/murerpoint.dk\\\/sv\\\/?s={search_term_string}\"},\"query-input\":{\"@type\":\"PropertyValueSpecification\",\"valueRequired\":true,\"valueName\":\"search_term_string\"}}],\"inLanguage\":\"sv-SE\"},{\"@type\":\"Organization\",\"@id\":\"https:\\\/\\\/murerpoint.dk\\\/sv\\\/#organization\",\"name\":\"Murerpoint ApS\",\"url\":\"https:\\\/\\\/murerpoint.dk\\\/sv\\\/\",\"logo\":{\"@type\":\"ImageObject\",\"inLanguage\":\"sv-SE\",\"@id\":\"https:\\\/\\\/murerpoint.dk\\\/sv\\\/#\\\/schema\\\/logo\\\/image\\\/\",\"url\":\"https:\\\/\\\/murerpoint.dk\\\/wp-content\\\/uploads\\\/2023\\\/12\\\/cropped-Sort-Midt-Roed-Mursten.png\",\"contentUrl\":\"https:\\\/\\\/murerpoint.dk\\\/wp-content\\\/uploads\\\/2023\\\/12\\\/cropped-Sort-Midt-Roed-Mursten.png\",\"width\":512,\"height\":512,\"caption\":\"Murerpoint ApS\"},\"image\":{\"@id\":\"https:\\\/\\\/murerpoint.dk\\\/sv\\\/#\\\/schema\\\/logo\\\/image\\\/\"},\"sameAs\":[\"https:\\\/\\\/m.facebook.com\\\/profile.php?id=61555157262134\",\"https:\\\/\\\/www.instagram.com\\\/murerpoint?igsh=azluMWV6cTnc2ts&utm_source=qr\",\"https:\\\/\\\/www.tiktok.com\\\/@murerpoint?is_from_webapp=1&sender_device=pc\"]}]}<\/script>\n<meta property=\"product:price:amount\" content=\"61.89\" \/>\n<meta property=\"product:price:currency\" content=\"EUR\" \/>\n<meta property=\"og:availability\" content=\"instock\" \/>\n<meta property=\"product:availability\" content=\"instock\" \/>\n<meta property=\"product:retailer_item_id\" content=\"mp00091\" \/>\n<meta property=\"product:condition\" content=\"new\" \/>\n<!-- \/ Yoast SEO plugin. -->","yoast_head_json":{"title":"Diamant slipsk\u00e5l f\u00f6r Festool RG130 - h\u00e5rd betong - Murerpoint ApS","description":"Specialutvecklad r\u00f6d diamantslipsk\u00e5l f\u00f6r Festool RG130 f\u00f6r h\u00e5rd betong.Optimal slipprestanda och l\u00e4ngre livsl\u00e4ngd med minimalt damm.","robots":{"index":"index","follow":"follow","max-snippet":"max-snippet:-1","max-image-preview":"max-image-preview:large","max-video-preview":"max-video-preview:-1"},"canonical":"https:\/\/murerpoint.dk\/sv\/produkt\/diamant-slipskaal-for-festool-rg130-haard-betong\/","og_locale":"sv_SE","og_type":"article","og_title":"Diamant slipsk\u00e5l f\u00f6r Festool RG130 - h\u00e5rd betong - Murerpoint ApS","og_description":"Specialutvecklad r\u00f6d diamantslipsk\u00e5l f\u00f6r Festool RG130 f\u00f6r h\u00e5rd betong.Optimal slipprestanda och l\u00e4ngre livsl\u00e4ngd med minimalt damm.","og_url":"https:\/\/murerpoint.dk\/sv\/produkt\/diamant-slipskaal-for-festool-rg130-haard-betong\/","og_site_name":"Murerpoint ApS","article_publisher":"https:\/\/m.facebook.com\/profile.php?id=61555157262134","article_modified_time":"2024-08-05T09:39:04+00:00","og_image":[{"width":700,"height":700,"url":"https:\/\/murerpoint.dk\/wp-content\/uploads\/2024\/08\/Festool-oe130-mm-kopsten-til-Murerpoint.webp","type":"image\/webp"}],"twitter_card":"summary_large_image","twitter_misc":{"Pris":"&euro;61.89 Pris ekskl. moms: &euro;49.51","Tillg\u00e4nglig":"I lager"},"schema":{"@context":"https:\/\/schema.org","@graph":[{"@type":"WebPage","@id":"https:\/\/murerpoint.dk\/sv\/produkt\/diamant-slipskaal-for-festool-rg130-haard-betong\/","url":"https:\/\/murerpoint.dk\/sv\/produkt\/diamant-slipskaal-for-festool-rg130-haard-betong\/","name":"Diamant slipsk\u00e5l f\u00f6r Festool RG130 - h\u00e5rd betong - Murerpoint ApS","isPartOf":{"@id":"https:\/\/murerpoint.dk\/sv\/#website"},"primaryImageOfPage":{"@id":"https:\/\/murerpoint.dk\/sv\/produkt\/diamant-slipskaal-for-festool-rg130-haard-betong\/#primaryimage"},"image":{"@id":"https:\/\/murerpoint.dk\/sv\/produkt\/diamant-slipskaal-for-festool-rg130-haard-betong\/#primaryimage"},"thumbnailUrl":"https:\/\/murerpoint.dk\/wp-content\/uploads\/2024\/08\/Festool-oe130-mm-kopsten-til-Murerpoint.webp","datePublished":"2024-08-05T08:21:17+00:00","dateModified":"2024-08-05T09:39:04+00:00","description":"Specialutvecklad r\u00f6d diamantslipsk\u00e5l f\u00f6r Festool RG130 f\u00f6r h\u00e5rd betong.Optimal slipprestanda och l\u00e4ngre livsl\u00e4ngd med minimalt damm.","breadcrumb":{"@id":"https:\/\/murerpoint.dk\/sv\/produkt\/diamant-slipskaal-for-festool-rg130-haard-betong\/#breadcrumb"},"inLanguage":"sv-SE","potentialAction":[{"@type":"ReadAction","target":["https:\/\/murerpoint.dk\/sv\/produkt\/diamant-slipskaal-for-festool-rg130-haard-betong\/"]}]},{"@type":"ImageObject","inLanguage":"sv-SE","@id":"https:\/\/murerpoint.dk\/sv\/produkt\/diamant-slipskaal-for-festool-rg130-haard-betong\/#primaryimage","url":"https:\/\/murerpoint.dk\/wp-content\/uploads\/2024\/08\/Festool-oe130-mm-kopsten-til-Murerpoint.webp","contentUrl":"https:\/\/murerpoint.dk\/wp-content\/uploads\/2024\/08\/Festool-oe130-mm-kopsten-til-Murerpoint.webp","width":700,"height":700,"caption":"Festool-\u00f8130-mm-kopsten fra Murerpoint"},{"@type":"BreadcrumbList","@id":"https:\/\/murerpoint.dk\/sv\/produkt\/diamant-slipskaal-for-festool-rg130-haard-betong\/#breadcrumb","itemListElement":[{"@type":"ListItem","position":1,"name":"Hjem","item":"https:\/\/murerpoint.dk\/sv\/"},{"@type":"ListItem","position":2,"name":"SHOPPEN","item":"https:\/\/murerpoint.dk\/sv\/shoppen\/"},{"@type":"ListItem","position":3,"name":"Diamant slipsk\u00e5l f\u00f6r Festool RG130 &#8211; h\u00e5rd betong"}]},{"@type":"WebSite","@id":"https:\/\/murerpoint.dk\/sv\/#website","url":"https:\/\/murerpoint.dk\/sv\/","name":"Murerpoint","description":"kvalitets v\u00e6rkt\u00f8j","publisher":{"@id":"https:\/\/murerpoint.dk\/sv\/#organization"},"potentialAction":[{"@type":"SearchAction","target":{"@type":"EntryPoint","urlTemplate":"https:\/\/murerpoint.dk\/sv\/?s={search_term_string}"},"query-input":{"@type":"PropertyValueSpecification","valueRequired":true,"valueName":"search_term_string"}}],"inLanguage":"sv-SE"},{"@type":"Organization","@id":"https:\/\/murerpoint.dk\/sv\/#organization","name":"Murerpoint ApS","url":"https:\/\/murerpoint.dk\/sv\/","logo":{"@type":"ImageObject","inLanguage":"sv-SE","@id":"https:\/\/murerpoint.dk\/sv\/#\/schema\/logo\/image\/","url":"https:\/\/murerpoint.dk\/wp-content\/uploads\/2023\/12\/cropped-Sort-Midt-Roed-Mursten.png","contentUrl":"https:\/\/murerpoint.dk\/wp-content\/uploads\/2023\/12\/cropped-Sort-Midt-Roed-Mursten.png","width":512,"height":512,"caption":"Murerpoint ApS"},"image":{"@id":"https:\/\/murerpoint.dk\/sv\/#\/schema\/logo\/image\/"},"sameAs":["https:\/\/m.facebook.com\/profile.php?id=61555157262134","https:\/\/www.instagram.com\/murerpoint?igsh=azluMWV6cTnc2ts&utm_source=qr","https:\/\/www.tiktok.com\/@murerpoint?is_from_webapp=1&sender_device=pc"]}]},"product_price_amount":"61.89","product_price_currency":"EUR","og_availability":"instock","product_availability":"instock","product_retailer_item_id":"mp00091","product_condition":"new"},"_links":{"self":[{"href":"https:\/\/murerpoint.dk\/sv\/wp-json\/wp\/v2\/product\/5337","targetHints":{"allow":["GET"]}}],"collection":[{"href":"https:\/\/murerpoint.dk\/sv\/wp-json\/wp\/v2\/product"}],"about":[{"href":"https:\/\/murerpoint.dk\/sv\/wp-json\/wp\/v2\/types\/product"}],"replies":[{"embeddable":true,"href":"https:\/\/murerpoint.dk\/sv\/wp-json\/wp\/v2\/comments?post=5337"}],"wp:featuredmedia":[{"embeddable":true,"href":"https:\/\/murerpoint.dk\/sv\/wp-json\/wp\/v2\/media\/5329"}],"wp:attachment":[{"href":"https:\/\/murerpoint.dk\/sv\/wp-json\/wp\/v2\/media?parent=5337"}],"wp:term":[{"taxonomy":"product_brand","embeddable":true,"href":"https:\/\/murerpoint.dk\/sv\/wp-json\/wp\/v2\/product_brand?post=5337"},{"taxonomy":"product_cat","embeddable":true,"href":"https:\/\/murerpoint.dk\/sv\/wp-json\/wp\/v2\/product_cat?post=5337"},{"taxonomy":"product_tag","embeddable":true,"href":"https:\/\/murerpoint.dk\/sv\/wp-json\/wp\/v2\/product_tag?post=5337"}],"curies":[{"name":"wp","href":"https:\/\/api.w.org\/{rel}","templated":true}]}}