{"id":5599,"date":"2024-08-19T13:27:43","date_gmt":"2024-08-19T13:27:43","guid":{"rendered":"https:\/\/murerpoint.dk\/product\/9-schleifsegmente-fuer-scanmaskin-allround\/"},"modified":"2024-08-21T12:52:11","modified_gmt":"2024-08-21T12:52:11","slug":"9-slipsegment-for-scanmaskin-allround","status":"publish","type":"product","link":"https:\/\/murerpoint.dk\/sv\/produkt\/9-slipsegment-for-scanmaskin-allround\/","title":{"rendered":"9 Slipsegment f\u00f6r Scanmaskin Allround"},"content":{"rendered":"<?xml encoding=\"utf-8\" ?><h5>9 Slipsegment f&ouml;r Scanmaskin &ndash; Allround Korn #20<\/h5><p>9 Slipsegment f&ouml;r Scanmaskin &ndash; Allround Korn #20. P&aring; Murerpoint.dk f&ouml;rst&aring;r vi vikten av precision och kvalitet i ditt arbete. D&auml;rf&ouml;r erbjuder vi v&aring;ra 9 slipsegment f&ouml;r Scanmaskin betongslipmaskiner, designade f&ouml;r att leverera enast&aring;ende prestanda och h&aring;llbarhet. V&aring;ra segment finns i korn #20, vilket g&ouml;r dem idealiska f&ouml;r allround slipning av medelh&aring;rd betong. De passar perfekt p&aring; Scanmaskin-maskiner, vilket garanterar enkel och snabb byte.<\/p><h5><strong>Specifikationer:<\/strong><\/h5><ul>\n<li>Korn: #20 f&ouml;r allround betong<\/li>\n<li>Kvalitet: Long Life segment<\/li>\n<li>Anv&auml;ndning: Medelh&aring;rd betong<\/li>\n<li>Kompatibilitet: Scanmaskin<\/li>\n<li>Resultat: Finer och polerad yta efter flera k&ouml;rningar<\/li>\n<\/ul><h5><strong>Ytterligare Information:<\/strong><\/h5><p>V&aring;ra slipsegment &auml;r tillverkade av h&ouml;gkvalitativa material f&ouml;r att s&auml;kerst&auml;lla l&aring;ng livsl&auml;ngd och konsekventa resultat. De &auml;r designade f&ouml;r att klara de tuffaste arbetsf&ouml;rh&aring;llandena utan att kompromissa med effektiviteten. Med dessa segment kan du enkelt uppn&aring; en finare och polerad yta efter flera k&ouml;rningar med olika kornstorlekar. F&ouml;r att uppn&aring; den ultimata poleringen av betonggolvet kan du anv&auml;nda diamantplastbaserade eller keramiskt bundna segment upp till korn 3000. P&aring; Murerpoint.dk &auml;r vi stolta &ouml;ver att leverera produkter som uppfyller dina h&ouml;ga standarder. &Auml;ven om vi inte kan ge n&aring;gon garanti, kan vi f&ouml;rs&auml;kra dig om att v&aring;ra produkter h&aring;ller h&ouml;gsta kvalitet, som du kan lita p&aring;.<\/p><p><iframe title=\"Floor grinding \/ Gulvslibning med Scanmaskin segmenter\" width=\"800\" height=\"450\" src=\"https:\/\/www.youtube.com\/embed\/iBwr1obUc38?feature=oembed\" frameborder=\"0\" allow=\"accelerometer; autoplay; clipboard-write; encrypted-media; gyroscope; picture-in-picture; web-share\" referrerpolicy=\"strict-origin-when-cross-origin\" allowfullscreen><\/iframe><\/p>\n","protected":false},"excerpt":{"rendered":"<h5>9 Slipsegment f\u00f6r Scanmaskin \u2013 Allround Korn #20<\/h5>\n<p>Allround Korn #20. Dessa slipsegment \u00e4r idealiska f\u00f6r allround slipning av medelh\u00e5rd betong. Med en robust konstruktion uppn\u00e5r du l\u00e5ng livsl\u00e4ngd och en j\u00e4mn, polerad yta.<\/p>\n<p><strong>Specifikationer:<\/strong><\/p>\n<ul>\n<li>Korn: #20 f\u00f6r allround betong<\/li>\n<li>Kvalitet: Long Life segment<\/li>\n<li>Anv\u00e4ndning: Medelh\u00e5rd betong<\/li>\n<li>Kompatibilitet: Scanmaskin<\/li>\n<li>Resultat: Finer och polerad yta efter flera k\u00f6rningar<\/li>\n<\/ul>\n","protected":false},"featured_media":5584,"comment_status":"open","ping_status":"closed","template":"","meta":[],"product_brand":[],"product_cat":[2805,2648],"product_tag":[4635,4637,4638,4639,4965,4199,4200,4966,4967,4968,4969,4970,3228,3229,4201,4202,3230,3231,4971,4646,4647,4648,4649,4650,4651,4972,4653,4654,3238,3239,3240,3241,3242,4973],"class_list":{"0":"post-5599","1":"product","2":"type-product","3":"status-publish","4":"has-post-thumbnail","6":"product_cat-slipsegment-for-scanmaskin","7":"product_cat-slipsmaterial-for-golvmaskiner","8":"product_tag-allaroundgrinding-sv","9":"product_tag-allroundslibning-sv","10":"product_tag-allroundslijpen-sv","11":"product_tag-allroundslipning-sv","12":"product_tag-betonslibere-sv","13":"product_tag-durability-sv","14":"product_tag-duurzaamheid-sv","15":"product_tag-effektivslipning-sv","16":"product_tag-efficientgrinding-sv","17":"product_tag-efficientslijpen-sv","18":"product_tag-effizientesschleifen-sv","19":"product_tag-gepolijsteafwerking-sv","20":"product_tag-grindingsegments-sv","21":"product_tag-grit20-sv","22":"product_tag-haallbarhet-sv","23":"product_tag-haltbarkeit-sv","24":"product_tag-korn20-sv","25":"product_tag-korrel20-sv","26":"product_tag-longlife-sv","27":"product_tag-longlifesegment-sv","28":"product_tag-medelhaardbetong-sv","29":"product_tag-mediumhardconcrete-sv","30":"product_tag-middelhardbeton-sv","31":"product_tag-mittelharterbeton-sv","32":"product_tag-poleradyta-sv","33":"product_tag-poleretoverflade-sv","34":"product_tag-polierteoberflaeche-sv","35":"product_tag-polishedsurface-sv","36":"product_tag-scanmaskin-sv","37":"product_tag-schleifsegmente-sv","38":"product_tag-slibesegmenter-sv","39":"product_tag-slijpsegmenten-sv","40":"product_tag-slipsegment-sv","41":"product_tag-universellesschleifen-sv","43":"first","44":"instock","45":"taxable","46":"shipping-taxable","47":"purchasable","48":"product-type-simple"},"yoast_head":"<!-- This site is optimized with the Yoast SEO plugin v27.6 - https:\/\/yoast.com\/product\/yoast-seo-wordpress\/ -->\n<title>9 Slipsegment f\u00f6r Scanmaskin Allround - Murerpoint ApS<\/title>\n<meta name=\"description\" content=\"Dessa segment kan du uppn\u00e5 en finare och polerad yta efter flera k\u00f6rningar med olika kornstorlekar. Designade f\u00f6r att klara de tuffaste arbetsf\u00f6rh\u00e5llandena\" \/>\n<meta name=\"robots\" content=\"index, follow, max-snippet:-1, max-image-preview:large, max-video-preview:-1\" \/>\n<link rel=\"canonical\" href=\"https:\/\/murerpoint.dk\/sv\/produkt\/9-slipsegment-for-scanmaskin-allround\/\" \/>\n<meta property=\"og:locale\" content=\"sv_SE\" \/>\n<meta property=\"og:type\" content=\"article\" \/>\n<meta property=\"og:title\" content=\"9 Slipsegment f\u00f6r Scanmaskin Allround - Murerpoint ApS\" \/>\n<meta property=\"og:description\" content=\"Dessa segment kan du uppn\u00e5 en finare och polerad yta efter flera k\u00f6rningar med olika kornstorlekar. Designade f\u00f6r att klara de tuffaste arbetsf\u00f6rh\u00e5llandena\" \/>\n<meta property=\"og:url\" content=\"https:\/\/murerpoint.dk\/sv\/produkt\/9-slipsegment-for-scanmaskin-allround\/\" \/>\n<meta property=\"og:site_name\" content=\"Murerpoint ApS\" \/>\n<meta property=\"article:publisher\" content=\"https:\/\/m.facebook.com\/profile.php?id=61555157262134\" \/>\n<meta property=\"article:modified_time\" content=\"2024-08-21T12:52:11+00:00\" \/>\n<meta property=\"og:image\" content=\"https:\/\/murerpoint.dk\/wp-content\/uploads\/2024\/08\/IMG_7862.jpg\" \/>\n\t<meta property=\"og:image:width\" content=\"616\" \/>\n\t<meta property=\"og:image:height\" content=\"623\" \/>\n\t<meta property=\"og:image:type\" content=\"image\/jpeg\" \/>\n<meta name=\"twitter:card\" content=\"summary_large_image\" \/>\n<meta name=\"twitter:label1\" content=\"Pris\" \/>\n\t<meta name=\"twitter:data1\" content=\"&euro;226.96 Pris ekskl. moms: &euro;181.57\" \/>\n\t<meta name=\"twitter:label2\" content=\"Tillg\u00e4nglig\" \/>\n\t<meta name=\"twitter:data2\" content=\"I lager\" \/>\n<script type=\"application\/ld+json\" class=\"yoast-schema-graph\">{\"@context\":\"https:\\\/\\\/schema.org\",\"@graph\":[{\"@type\":\"WebPage\",\"@id\":\"https:\\\/\\\/murerpoint.dk\\\/sv\\\/produkt\\\/9-slipsegment-for-scanmaskin-allround\\\/\",\"url\":\"https:\\\/\\\/murerpoint.dk\\\/sv\\\/produkt\\\/9-slipsegment-for-scanmaskin-allround\\\/\",\"name\":\"9 Slipsegment f\u00f6r Scanmaskin Allround - Murerpoint ApS\",\"isPartOf\":{\"@id\":\"https:\\\/\\\/murerpoint.dk\\\/sv\\\/#website\"},\"primaryImageOfPage\":{\"@id\":\"https:\\\/\\\/murerpoint.dk\\\/sv\\\/produkt\\\/9-slipsegment-for-scanmaskin-allround\\\/#primaryimage\"},\"image\":{\"@id\":\"https:\\\/\\\/murerpoint.dk\\\/sv\\\/produkt\\\/9-slipsegment-for-scanmaskin-allround\\\/#primaryimage\"},\"thumbnailUrl\":\"https:\\\/\\\/murerpoint.dk\\\/wp-content\\\/uploads\\\/2024\\\/08\\\/IMG_7862.jpg\",\"datePublished\":\"2024-08-19T13:27:43+00:00\",\"dateModified\":\"2024-08-21T12:52:11+00:00\",\"description\":\"Dessa segment kan du uppn\u00e5 en finare och polerad yta efter flera k\u00f6rningar med olika kornstorlekar. Designade f\u00f6r att klara de tuffaste arbetsf\u00f6rh\u00e5llandena\",\"breadcrumb\":{\"@id\":\"https:\\\/\\\/murerpoint.dk\\\/sv\\\/produkt\\\/9-slipsegment-for-scanmaskin-allround\\\/#breadcrumb\"},\"inLanguage\":\"sv-SE\",\"potentialAction\":[{\"@type\":\"ReadAction\",\"target\":[\"https:\\\/\\\/murerpoint.dk\\\/sv\\\/produkt\\\/9-slipsegment-for-scanmaskin-allround\\\/\"]}]},{\"@type\":\"ImageObject\",\"inLanguage\":\"sv-SE\",\"@id\":\"https:\\\/\\\/murerpoint.dk\\\/sv\\\/produkt\\\/9-slipsegment-for-scanmaskin-allround\\\/#primaryimage\",\"url\":\"https:\\\/\\\/murerpoint.dk\\\/wp-content\\\/uploads\\\/2024\\\/08\\\/IMG_7862.jpg\",\"contentUrl\":\"https:\\\/\\\/murerpoint.dk\\\/wp-content\\\/uploads\\\/2024\\\/08\\\/IMG_7862.jpg\",\"width\":616,\"height\":623,\"caption\":\"Scanmaskin Slibesegment korn #20 bl\u00e5 til all around\"},{\"@type\":\"BreadcrumbList\",\"@id\":\"https:\\\/\\\/murerpoint.dk\\\/sv\\\/produkt\\\/9-slipsegment-for-scanmaskin-allround\\\/#breadcrumb\",\"itemListElement\":[{\"@type\":\"ListItem\",\"position\":1,\"name\":\"Hjem\",\"item\":\"https:\\\/\\\/murerpoint.dk\\\/sv\\\/\"},{\"@type\":\"ListItem\",\"position\":2,\"name\":\"SHOPPEN\",\"item\":\"https:\\\/\\\/murerpoint.dk\\\/sv\\\/shoppen\\\/\"},{\"@type\":\"ListItem\",\"position\":3,\"name\":\"9 Slipsegment f\u00f6r Scanmaskin Allround\"}]},{\"@type\":\"WebSite\",\"@id\":\"https:\\\/\\\/murerpoint.dk\\\/sv\\\/#website\",\"url\":\"https:\\\/\\\/murerpoint.dk\\\/sv\\\/\",\"name\":\"Murerpoint\",\"description\":\"kvalitets v\u00e6rkt\u00f8j\",\"publisher\":{\"@id\":\"https:\\\/\\\/murerpoint.dk\\\/sv\\\/#organization\"},\"potentialAction\":[{\"@type\":\"SearchAction\",\"target\":{\"@type\":\"EntryPoint\",\"urlTemplate\":\"https:\\\/\\\/murerpoint.dk\\\/sv\\\/?s={search_term_string}\"},\"query-input\":{\"@type\":\"PropertyValueSpecification\",\"valueRequired\":true,\"valueName\":\"search_term_string\"}}],\"inLanguage\":\"sv-SE\"},{\"@type\":\"Organization\",\"@id\":\"https:\\\/\\\/murerpoint.dk\\\/sv\\\/#organization\",\"name\":\"Murerpoint ApS\",\"url\":\"https:\\\/\\\/murerpoint.dk\\\/sv\\\/\",\"logo\":{\"@type\":\"ImageObject\",\"inLanguage\":\"sv-SE\",\"@id\":\"https:\\\/\\\/murerpoint.dk\\\/sv\\\/#\\\/schema\\\/logo\\\/image\\\/\",\"url\":\"https:\\\/\\\/murerpoint.dk\\\/wp-content\\\/uploads\\\/2023\\\/12\\\/cropped-Sort-Midt-Roed-Mursten.png\",\"contentUrl\":\"https:\\\/\\\/murerpoint.dk\\\/wp-content\\\/uploads\\\/2023\\\/12\\\/cropped-Sort-Midt-Roed-Mursten.png\",\"width\":512,\"height\":512,\"caption\":\"Murerpoint ApS\"},\"image\":{\"@id\":\"https:\\\/\\\/murerpoint.dk\\\/sv\\\/#\\\/schema\\\/logo\\\/image\\\/\"},\"sameAs\":[\"https:\\\/\\\/m.facebook.com\\\/profile.php?id=61555157262134\",\"https:\\\/\\\/www.instagram.com\\\/murerpoint?igsh=azluMWV6cTnc2ts&utm_source=qr\",\"https:\\\/\\\/www.tiktok.com\\\/@murerpoint?is_from_webapp=1&sender_device=pc\"]}]}<\/script>\n<meta property=\"product:price:amount\" content=\"226.96\" \/>\n<meta property=\"product:price:currency\" content=\"EUR\" \/>\n<meta property=\"og:availability\" content=\"instock\" \/>\n<meta property=\"product:availability\" content=\"instock\" \/>\n<meta property=\"product:retailer_item_id\" content=\"mp00092\" \/>\n<meta property=\"product:condition\" content=\"new\" \/>\n<!-- \/ Yoast SEO plugin. -->","yoast_head_json":{"title":"9 Slipsegment f\u00f6r Scanmaskin Allround - Murerpoint ApS","description":"Dessa segment kan du uppn\u00e5 en finare och polerad yta efter flera k\u00f6rningar med olika kornstorlekar. Designade f\u00f6r att klara de tuffaste arbetsf\u00f6rh\u00e5llandena","robots":{"index":"index","follow":"follow","max-snippet":"max-snippet:-1","max-image-preview":"max-image-preview:large","max-video-preview":"max-video-preview:-1"},"canonical":"https:\/\/murerpoint.dk\/sv\/produkt\/9-slipsegment-for-scanmaskin-allround\/","og_locale":"sv_SE","og_type":"article","og_title":"9 Slipsegment f\u00f6r Scanmaskin Allround - Murerpoint ApS","og_description":"Dessa segment kan du uppn\u00e5 en finare och polerad yta efter flera k\u00f6rningar med olika kornstorlekar. Designade f\u00f6r att klara de tuffaste arbetsf\u00f6rh\u00e5llandena","og_url":"https:\/\/murerpoint.dk\/sv\/produkt\/9-slipsegment-for-scanmaskin-allround\/","og_site_name":"Murerpoint ApS","article_publisher":"https:\/\/m.facebook.com\/profile.php?id=61555157262134","article_modified_time":"2024-08-21T12:52:11+00:00","og_image":[{"width":616,"height":623,"url":"https:\/\/murerpoint.dk\/wp-content\/uploads\/2024\/08\/IMG_7862.jpg","type":"image\/jpeg"}],"twitter_card":"summary_large_image","twitter_misc":{"Pris":"&euro;226.96 Pris ekskl. moms: &euro;181.57","Tillg\u00e4nglig":"I lager"},"schema":{"@context":"https:\/\/schema.org","@graph":[{"@type":"WebPage","@id":"https:\/\/murerpoint.dk\/sv\/produkt\/9-slipsegment-for-scanmaskin-allround\/","url":"https:\/\/murerpoint.dk\/sv\/produkt\/9-slipsegment-for-scanmaskin-allround\/","name":"9 Slipsegment f\u00f6r Scanmaskin Allround - Murerpoint ApS","isPartOf":{"@id":"https:\/\/murerpoint.dk\/sv\/#website"},"primaryImageOfPage":{"@id":"https:\/\/murerpoint.dk\/sv\/produkt\/9-slipsegment-for-scanmaskin-allround\/#primaryimage"},"image":{"@id":"https:\/\/murerpoint.dk\/sv\/produkt\/9-slipsegment-for-scanmaskin-allround\/#primaryimage"},"thumbnailUrl":"https:\/\/murerpoint.dk\/wp-content\/uploads\/2024\/08\/IMG_7862.jpg","datePublished":"2024-08-19T13:27:43+00:00","dateModified":"2024-08-21T12:52:11+00:00","description":"Dessa segment kan du uppn\u00e5 en finare och polerad yta efter flera k\u00f6rningar med olika kornstorlekar. Designade f\u00f6r att klara de tuffaste arbetsf\u00f6rh\u00e5llandena","breadcrumb":{"@id":"https:\/\/murerpoint.dk\/sv\/produkt\/9-slipsegment-for-scanmaskin-allround\/#breadcrumb"},"inLanguage":"sv-SE","potentialAction":[{"@type":"ReadAction","target":["https:\/\/murerpoint.dk\/sv\/produkt\/9-slipsegment-for-scanmaskin-allround\/"]}]},{"@type":"ImageObject","inLanguage":"sv-SE","@id":"https:\/\/murerpoint.dk\/sv\/produkt\/9-slipsegment-for-scanmaskin-allround\/#primaryimage","url":"https:\/\/murerpoint.dk\/wp-content\/uploads\/2024\/08\/IMG_7862.jpg","contentUrl":"https:\/\/murerpoint.dk\/wp-content\/uploads\/2024\/08\/IMG_7862.jpg","width":616,"height":623,"caption":"Scanmaskin Slibesegment korn #20 bl\u00e5 til all around"},{"@type":"BreadcrumbList","@id":"https:\/\/murerpoint.dk\/sv\/produkt\/9-slipsegment-for-scanmaskin-allround\/#breadcrumb","itemListElement":[{"@type":"ListItem","position":1,"name":"Hjem","item":"https:\/\/murerpoint.dk\/sv\/"},{"@type":"ListItem","position":2,"name":"SHOPPEN","item":"https:\/\/murerpoint.dk\/sv\/shoppen\/"},{"@type":"ListItem","position":3,"name":"9 Slipsegment f\u00f6r Scanmaskin Allround"}]},{"@type":"WebSite","@id":"https:\/\/murerpoint.dk\/sv\/#website","url":"https:\/\/murerpoint.dk\/sv\/","name":"Murerpoint","description":"kvalitets v\u00e6rkt\u00f8j","publisher":{"@id":"https:\/\/murerpoint.dk\/sv\/#organization"},"potentialAction":[{"@type":"SearchAction","target":{"@type":"EntryPoint","urlTemplate":"https:\/\/murerpoint.dk\/sv\/?s={search_term_string}"},"query-input":{"@type":"PropertyValueSpecification","valueRequired":true,"valueName":"search_term_string"}}],"inLanguage":"sv-SE"},{"@type":"Organization","@id":"https:\/\/murerpoint.dk\/sv\/#organization","name":"Murerpoint ApS","url":"https:\/\/murerpoint.dk\/sv\/","logo":{"@type":"ImageObject","inLanguage":"sv-SE","@id":"https:\/\/murerpoint.dk\/sv\/#\/schema\/logo\/image\/","url":"https:\/\/murerpoint.dk\/wp-content\/uploads\/2023\/12\/cropped-Sort-Midt-Roed-Mursten.png","contentUrl":"https:\/\/murerpoint.dk\/wp-content\/uploads\/2023\/12\/cropped-Sort-Midt-Roed-Mursten.png","width":512,"height":512,"caption":"Murerpoint ApS"},"image":{"@id":"https:\/\/murerpoint.dk\/sv\/#\/schema\/logo\/image\/"},"sameAs":["https:\/\/m.facebook.com\/profile.php?id=61555157262134","https:\/\/www.instagram.com\/murerpoint?igsh=azluMWV6cTnc2ts&utm_source=qr","https:\/\/www.tiktok.com\/@murerpoint?is_from_webapp=1&sender_device=pc"]}]},"product_price_amount":"226.96","product_price_currency":"EUR","og_availability":"instock","product_availability":"instock","product_retailer_item_id":"mp00092","product_condition":"new"},"_links":{"self":[{"href":"https:\/\/murerpoint.dk\/sv\/wp-json\/wp\/v2\/product\/5599","targetHints":{"allow":["GET"]}}],"collection":[{"href":"https:\/\/murerpoint.dk\/sv\/wp-json\/wp\/v2\/product"}],"about":[{"href":"https:\/\/murerpoint.dk\/sv\/wp-json\/wp\/v2\/types\/product"}],"replies":[{"embeddable":true,"href":"https:\/\/murerpoint.dk\/sv\/wp-json\/wp\/v2\/comments?post=5599"}],"wp:featuredmedia":[{"embeddable":true,"href":"https:\/\/murerpoint.dk\/sv\/wp-json\/wp\/v2\/media\/5584"}],"wp:attachment":[{"href":"https:\/\/murerpoint.dk\/sv\/wp-json\/wp\/v2\/media?parent=5599"}],"wp:term":[{"taxonomy":"product_brand","embeddable":true,"href":"https:\/\/murerpoint.dk\/sv\/wp-json\/wp\/v2\/product_brand?post=5599"},{"taxonomy":"product_cat","embeddable":true,"href":"https:\/\/murerpoint.dk\/sv\/wp-json\/wp\/v2\/product_cat?post=5599"},{"taxonomy":"product_tag","embeddable":true,"href":"https:\/\/murerpoint.dk\/sv\/wp-json\/wp\/v2\/product_tag?post=5599"}],"curies":[{"name":"wp","href":"https:\/\/api.w.org\/{rel}","templated":true}]}}