{"id":6276,"date":"2024-09-07T13:43:29","date_gmt":"2024-09-07T13:43:29","guid":{"rendered":"https:\/\/murerpoint.dk\/product\/deksel-voor-gele-pneumatische-voegenpistool\/"},"modified":"2024-09-07T13:54:22","modified_gmt":"2024-09-07T13:54:22","slug":"lock-till-gul-tryckluftsmurbrukspistol","status":"publish","type":"product","link":"https:\/\/murerpoint.dk\/sv\/produkt\/lock-till-gul-tryckluftsmurbrukspistol\/","title":{"rendered":"Lock till Gul Tryckluftsmurbrukspistol"},"content":{"rendered":"<?xml encoding=\"utf-8\" ?><h5><strong>Lock till Gul Tryckluftsmurbrukspistol<\/strong><\/h5><p>Detta lock &auml;r speciellt utformat f&ouml;r att passa perfekt p&aring; den gula tryckluftsmurbrukspistolen. Det &auml;r ett viktigt tillbeh&ouml;r som s&auml;kerst&auml;ller korrekt tryckuppbyggnad och t&auml;tning, vilket &auml;r avg&ouml;rande f&ouml;r att uppn&aring; b&auml;sta resultat vid fogning. Locket &auml;r slitstarkt och t&aring;ligt, vilket g&ouml;r det perfekt f&ouml;r daglig anv&auml;ndning i b&aring;de professionella och g&ouml;r-det-sj&auml;lv-projekt.<\/p><ul>\n<li><strong>Material:<\/strong> Slitstark plast<\/li>\n<li><strong>Kompatibilitet:<\/strong> Passar gul tryckluftsmurbrukspistol<\/li>\n<li><strong>Funktion:<\/strong> Luftt&auml;t f&ouml;rsegling f&ouml;r optimal tryckuppbyggnad<\/li>\n<li><strong>Enkel installation:<\/strong> Snabb att montera och demontera f&ouml;r underh&aring;ll<\/li>\n<li><strong>Anv&auml;ndningsomr&aring;de:<\/strong> F&ouml;r fogning och murningsprojekt<\/li>\n<\/ul>\n","protected":false},"excerpt":{"rendered":"<p>Robust lock till gul tryckluftsmurbrukspistol. Tillverkat av slitstark plast f\u00f6r att s\u00e4kerst\u00e4lla optimal t\u00e4tning och prestanda.<\/p>\n","protected":false},"featured_media":5511,"comment_status":"open","ping_status":"closed","template":"","meta":[],"product_brand":[],"product_cat":[6291,107],"product_tag":[5501,6292,6293,2876,109,779,5521,5523,6294,6295,869],"class_list":{"0":"post-6276","1":"product","2":"type-product","3":"status-publish","4":"has-post-thumbnail","6":"product_cat-reservdelar-till-gul-tryckluftsmurbrukspistol","7":"product_cat-tilbehoer-sv","8":"product_tag-druckluft-sv","9":"product_tag-gulmoertelpistol-sv","10":"product_tag-laag-sv","11":"product_tag-mortar-sv","12":"product_tag-mortel","13":"product_tag-murbruk","14":"product_tag-tryckluft-sv","15":"product_tag-trykluft-sv","16":"product_tag-trykluftstilbehoer-sv","17":"product_tag-voegenpistool-sv","18":"product_tag-murbruksfogning-roed-tryckluft-moertelpistol","20":"first","21":"instock","22":"taxable","23":"shipping-taxable","24":"purchasable","25":"product-type-simple"},"yoast_head":"<!-- This site is optimized with the Yoast SEO plugin v27.6 - https:\/\/yoast.com\/product\/yoast-seo-wordpress\/ -->\n<title>Lock till Gul Tryckluftsmurbrukspistol - Murerpoint ApS<\/title>\n<meta name=\"description\" content=\"K\u00f6p ett lock till din gula tryckluftsmurbrukspistol. Perfekt f\u00f6r t\u00e4tning och tryckuppbyggnad under fogning, l\u00e4tt att installera.\" \/>\n<meta name=\"robots\" content=\"index, follow, max-snippet:-1, max-image-preview:large, max-video-preview:-1\" \/>\n<link rel=\"canonical\" href=\"https:\/\/murerpoint.dk\/sv\/produkt\/lock-till-gul-tryckluftsmurbrukspistol\/\" \/>\n<meta property=\"og:locale\" content=\"sv_SE\" \/>\n<meta property=\"og:type\" content=\"article\" \/>\n<meta property=\"og:title\" content=\"Lock till Gul Tryckluftsmurbrukspistol - Murerpoint ApS\" \/>\n<meta property=\"og:description\" content=\"K\u00f6p ett lock till din gula tryckluftsmurbrukspistol. Perfekt f\u00f6r t\u00e4tning och tryckuppbyggnad under fogning, l\u00e4tt att installera.\" \/>\n<meta property=\"og:url\" content=\"https:\/\/murerpoint.dk\/sv\/produkt\/lock-till-gul-tryckluftsmurbrukspistol\/\" \/>\n<meta property=\"og:site_name\" content=\"Murerpoint ApS\" \/>\n<meta property=\"article:publisher\" content=\"https:\/\/m.facebook.com\/profile.php?id=61555157262134\" \/>\n<meta property=\"article:modified_time\" content=\"2024-09-07T13:54:22+00:00\" \/>\n<meta property=\"og:image\" content=\"https:\/\/murerpoint.dk\/wp-content\/uploads\/2023\/12\/snablaag-scaled.jpg\" \/>\n\t<meta property=\"og:image:width\" content=\"2560\" \/>\n\t<meta property=\"og:image:height\" content=\"1920\" \/>\n\t<meta property=\"og:image:type\" content=\"image\/jpeg\" \/>\n<meta name=\"twitter:card\" content=\"summary_large_image\" \/>\n<meta name=\"twitter:label1\" content=\"Pris\" \/>\n\t<meta name=\"twitter:data1\" content=\"&euro;40.15 Pris ekskl. moms: &euro;32.12\" \/>\n\t<meta name=\"twitter:label2\" content=\"Tillg\u00e4nglig\" \/>\n\t<meta name=\"twitter:data2\" content=\"I lager\" \/>\n<script type=\"application\/ld+json\" class=\"yoast-schema-graph\">{\"@context\":\"https:\\\/\\\/schema.org\",\"@graph\":[{\"@type\":\"WebPage\",\"@id\":\"https:\\\/\\\/murerpoint.dk\\\/sv\\\/produkt\\\/lock-till-gul-tryckluftsmurbrukspistol\\\/\",\"url\":\"https:\\\/\\\/murerpoint.dk\\\/sv\\\/produkt\\\/lock-till-gul-tryckluftsmurbrukspistol\\\/\",\"name\":\"Lock till Gul Tryckluftsmurbrukspistol - Murerpoint ApS\",\"isPartOf\":{\"@id\":\"https:\\\/\\\/murerpoint.dk\\\/sv\\\/#website\"},\"primaryImageOfPage\":{\"@id\":\"https:\\\/\\\/murerpoint.dk\\\/sv\\\/produkt\\\/lock-till-gul-tryckluftsmurbrukspistol\\\/#primaryimage\"},\"image\":{\"@id\":\"https:\\\/\\\/murerpoint.dk\\\/sv\\\/produkt\\\/lock-till-gul-tryckluftsmurbrukspistol\\\/#primaryimage\"},\"thumbnailUrl\":\"https:\\\/\\\/murerpoint.dk\\\/wp-content\\\/uploads\\\/2023\\\/12\\\/snablaag-scaled.jpg\",\"datePublished\":\"2024-09-07T13:43:29+00:00\",\"dateModified\":\"2024-09-07T13:54:22+00:00\",\"description\":\"K\u00f6p ett lock till din gula tryckluftsmurbrukspistol. Perfekt f\u00f6r t\u00e4tning och tryckuppbyggnad under fogning, l\u00e4tt att installera.\",\"breadcrumb\":{\"@id\":\"https:\\\/\\\/murerpoint.dk\\\/sv\\\/produkt\\\/lock-till-gul-tryckluftsmurbrukspistol\\\/#breadcrumb\"},\"inLanguage\":\"sv-SE\",\"potentialAction\":[{\"@type\":\"ReadAction\",\"target\":[\"https:\\\/\\\/murerpoint.dk\\\/sv\\\/produkt\\\/lock-till-gul-tryckluftsmurbrukspistol\\\/\"]}]},{\"@type\":\"ImageObject\",\"inLanguage\":\"sv-SE\",\"@id\":\"https:\\\/\\\/murerpoint.dk\\\/sv\\\/produkt\\\/lock-till-gul-tryckluftsmurbrukspistol\\\/#primaryimage\",\"url\":\"https:\\\/\\\/murerpoint.dk\\\/wp-content\\\/uploads\\\/2023\\\/12\\\/snablaag-scaled.jpg\",\"contentUrl\":\"https:\\\/\\\/murerpoint.dk\\\/wp-content\\\/uploads\\\/2023\\\/12\\\/snablaag-scaled.jpg\",\"width\":2560,\"height\":1920,\"caption\":\"Trykluft m\u00f8rtel fugepistol med snabbl\u00e5g - klikkes p\u00e5, hurtig nemt og enkelt\"},{\"@type\":\"BreadcrumbList\",\"@id\":\"https:\\\/\\\/murerpoint.dk\\\/sv\\\/produkt\\\/lock-till-gul-tryckluftsmurbrukspistol\\\/#breadcrumb\",\"itemListElement\":[{\"@type\":\"ListItem\",\"position\":1,\"name\":\"Hjem\",\"item\":\"https:\\\/\\\/murerpoint.dk\\\/sv\\\/\"},{\"@type\":\"ListItem\",\"position\":2,\"name\":\"SHOPPEN\",\"item\":\"https:\\\/\\\/murerpoint.dk\\\/sv\\\/shoppen\\\/\"},{\"@type\":\"ListItem\",\"position\":3,\"name\":\"Lock till Gul Tryckluftsmurbrukspistol\"}]},{\"@type\":\"WebSite\",\"@id\":\"https:\\\/\\\/murerpoint.dk\\\/sv\\\/#website\",\"url\":\"https:\\\/\\\/murerpoint.dk\\\/sv\\\/\",\"name\":\"Murerpoint\",\"description\":\"kvalitets v\u00e6rkt\u00f8j\",\"publisher\":{\"@id\":\"https:\\\/\\\/murerpoint.dk\\\/sv\\\/#organization\"},\"potentialAction\":[{\"@type\":\"SearchAction\",\"target\":{\"@type\":\"EntryPoint\",\"urlTemplate\":\"https:\\\/\\\/murerpoint.dk\\\/sv\\\/?s={search_term_string}\"},\"query-input\":{\"@type\":\"PropertyValueSpecification\",\"valueRequired\":true,\"valueName\":\"search_term_string\"}}],\"inLanguage\":\"sv-SE\"},{\"@type\":\"Organization\",\"@id\":\"https:\\\/\\\/murerpoint.dk\\\/sv\\\/#organization\",\"name\":\"Murerpoint ApS\",\"url\":\"https:\\\/\\\/murerpoint.dk\\\/sv\\\/\",\"logo\":{\"@type\":\"ImageObject\",\"inLanguage\":\"sv-SE\",\"@id\":\"https:\\\/\\\/murerpoint.dk\\\/sv\\\/#\\\/schema\\\/logo\\\/image\\\/\",\"url\":\"https:\\\/\\\/murerpoint.dk\\\/wp-content\\\/uploads\\\/2023\\\/12\\\/cropped-Sort-Midt-Roed-Mursten.png\",\"contentUrl\":\"https:\\\/\\\/murerpoint.dk\\\/wp-content\\\/uploads\\\/2023\\\/12\\\/cropped-Sort-Midt-Roed-Mursten.png\",\"width\":512,\"height\":512,\"caption\":\"Murerpoint ApS\"},\"image\":{\"@id\":\"https:\\\/\\\/murerpoint.dk\\\/sv\\\/#\\\/schema\\\/logo\\\/image\\\/\"},\"sameAs\":[\"https:\\\/\\\/m.facebook.com\\\/profile.php?id=61555157262134\",\"https:\\\/\\\/www.instagram.com\\\/murerpoint?igsh=azluMWV6cTnc2ts&utm_source=qr\",\"https:\\\/\\\/www.tiktok.com\\\/@murerpoint?is_from_webapp=1&sender_device=pc\"]}]}<\/script>\n<meta property=\"product:price:amount\" content=\"40.15\" \/>\n<meta property=\"product:price:currency\" content=\"EUR\" \/>\n<meta property=\"og:availability\" content=\"instock\" \/>\n<meta property=\"product:availability\" content=\"instock\" \/>\n<meta property=\"product:retailer_item_id\" content=\"mp000126\" \/>\n<meta property=\"product:condition\" content=\"new\" \/>\n<!-- \/ Yoast SEO plugin. -->","yoast_head_json":{"title":"Lock till Gul Tryckluftsmurbrukspistol - Murerpoint ApS","description":"K\u00f6p ett lock till din gula tryckluftsmurbrukspistol. Perfekt f\u00f6r t\u00e4tning och tryckuppbyggnad under fogning, l\u00e4tt att installera.","robots":{"index":"index","follow":"follow","max-snippet":"max-snippet:-1","max-image-preview":"max-image-preview:large","max-video-preview":"max-video-preview:-1"},"canonical":"https:\/\/murerpoint.dk\/sv\/produkt\/lock-till-gul-tryckluftsmurbrukspistol\/","og_locale":"sv_SE","og_type":"article","og_title":"Lock till Gul Tryckluftsmurbrukspistol - Murerpoint ApS","og_description":"K\u00f6p ett lock till din gula tryckluftsmurbrukspistol. Perfekt f\u00f6r t\u00e4tning och tryckuppbyggnad under fogning, l\u00e4tt att installera.","og_url":"https:\/\/murerpoint.dk\/sv\/produkt\/lock-till-gul-tryckluftsmurbrukspistol\/","og_site_name":"Murerpoint ApS","article_publisher":"https:\/\/m.facebook.com\/profile.php?id=61555157262134","article_modified_time":"2024-09-07T13:54:22+00:00","og_image":[{"width":2560,"height":1920,"url":"https:\/\/murerpoint.dk\/wp-content\/uploads\/2023\/12\/snablaag-scaled.jpg","type":"image\/jpeg"}],"twitter_card":"summary_large_image","twitter_misc":{"Pris":"&euro;40.15 Pris ekskl. moms: &euro;32.12","Tillg\u00e4nglig":"I lager"},"schema":{"@context":"https:\/\/schema.org","@graph":[{"@type":"WebPage","@id":"https:\/\/murerpoint.dk\/sv\/produkt\/lock-till-gul-tryckluftsmurbrukspistol\/","url":"https:\/\/murerpoint.dk\/sv\/produkt\/lock-till-gul-tryckluftsmurbrukspistol\/","name":"Lock till Gul Tryckluftsmurbrukspistol - Murerpoint ApS","isPartOf":{"@id":"https:\/\/murerpoint.dk\/sv\/#website"},"primaryImageOfPage":{"@id":"https:\/\/murerpoint.dk\/sv\/produkt\/lock-till-gul-tryckluftsmurbrukspistol\/#primaryimage"},"image":{"@id":"https:\/\/murerpoint.dk\/sv\/produkt\/lock-till-gul-tryckluftsmurbrukspistol\/#primaryimage"},"thumbnailUrl":"https:\/\/murerpoint.dk\/wp-content\/uploads\/2023\/12\/snablaag-scaled.jpg","datePublished":"2024-09-07T13:43:29+00:00","dateModified":"2024-09-07T13:54:22+00:00","description":"K\u00f6p ett lock till din gula tryckluftsmurbrukspistol. Perfekt f\u00f6r t\u00e4tning och tryckuppbyggnad under fogning, l\u00e4tt att installera.","breadcrumb":{"@id":"https:\/\/murerpoint.dk\/sv\/produkt\/lock-till-gul-tryckluftsmurbrukspistol\/#breadcrumb"},"inLanguage":"sv-SE","potentialAction":[{"@type":"ReadAction","target":["https:\/\/murerpoint.dk\/sv\/produkt\/lock-till-gul-tryckluftsmurbrukspistol\/"]}]},{"@type":"ImageObject","inLanguage":"sv-SE","@id":"https:\/\/murerpoint.dk\/sv\/produkt\/lock-till-gul-tryckluftsmurbrukspistol\/#primaryimage","url":"https:\/\/murerpoint.dk\/wp-content\/uploads\/2023\/12\/snablaag-scaled.jpg","contentUrl":"https:\/\/murerpoint.dk\/wp-content\/uploads\/2023\/12\/snablaag-scaled.jpg","width":2560,"height":1920,"caption":"Trykluft m\u00f8rtel fugepistol med snabbl\u00e5g - klikkes p\u00e5, hurtig nemt og enkelt"},{"@type":"BreadcrumbList","@id":"https:\/\/murerpoint.dk\/sv\/produkt\/lock-till-gul-tryckluftsmurbrukspistol\/#breadcrumb","itemListElement":[{"@type":"ListItem","position":1,"name":"Hjem","item":"https:\/\/murerpoint.dk\/sv\/"},{"@type":"ListItem","position":2,"name":"SHOPPEN","item":"https:\/\/murerpoint.dk\/sv\/shoppen\/"},{"@type":"ListItem","position":3,"name":"Lock till Gul Tryckluftsmurbrukspistol"}]},{"@type":"WebSite","@id":"https:\/\/murerpoint.dk\/sv\/#website","url":"https:\/\/murerpoint.dk\/sv\/","name":"Murerpoint","description":"kvalitets v\u00e6rkt\u00f8j","publisher":{"@id":"https:\/\/murerpoint.dk\/sv\/#organization"},"potentialAction":[{"@type":"SearchAction","target":{"@type":"EntryPoint","urlTemplate":"https:\/\/murerpoint.dk\/sv\/?s={search_term_string}"},"query-input":{"@type":"PropertyValueSpecification","valueRequired":true,"valueName":"search_term_string"}}],"inLanguage":"sv-SE"},{"@type":"Organization","@id":"https:\/\/murerpoint.dk\/sv\/#organization","name":"Murerpoint ApS","url":"https:\/\/murerpoint.dk\/sv\/","logo":{"@type":"ImageObject","inLanguage":"sv-SE","@id":"https:\/\/murerpoint.dk\/sv\/#\/schema\/logo\/image\/","url":"https:\/\/murerpoint.dk\/wp-content\/uploads\/2023\/12\/cropped-Sort-Midt-Roed-Mursten.png","contentUrl":"https:\/\/murerpoint.dk\/wp-content\/uploads\/2023\/12\/cropped-Sort-Midt-Roed-Mursten.png","width":512,"height":512,"caption":"Murerpoint ApS"},"image":{"@id":"https:\/\/murerpoint.dk\/sv\/#\/schema\/logo\/image\/"},"sameAs":["https:\/\/m.facebook.com\/profile.php?id=61555157262134","https:\/\/www.instagram.com\/murerpoint?igsh=azluMWV6cTnc2ts&utm_source=qr","https:\/\/www.tiktok.com\/@murerpoint?is_from_webapp=1&sender_device=pc"]}]},"product_price_amount":"40.15","product_price_currency":"EUR","og_availability":"instock","product_availability":"instock","product_retailer_item_id":"mp000126","product_condition":"new"},"_links":{"self":[{"href":"https:\/\/murerpoint.dk\/sv\/wp-json\/wp\/v2\/product\/6276","targetHints":{"allow":["GET"]}}],"collection":[{"href":"https:\/\/murerpoint.dk\/sv\/wp-json\/wp\/v2\/product"}],"about":[{"href":"https:\/\/murerpoint.dk\/sv\/wp-json\/wp\/v2\/types\/product"}],"replies":[{"embeddable":true,"href":"https:\/\/murerpoint.dk\/sv\/wp-json\/wp\/v2\/comments?post=6276"}],"wp:featuredmedia":[{"embeddable":true,"href":"https:\/\/murerpoint.dk\/sv\/wp-json\/wp\/v2\/media\/5511"}],"wp:attachment":[{"href":"https:\/\/murerpoint.dk\/sv\/wp-json\/wp\/v2\/media?parent=6276"}],"wp:term":[{"taxonomy":"product_brand","embeddable":true,"href":"https:\/\/murerpoint.dk\/sv\/wp-json\/wp\/v2\/product_brand?post=6276"},{"taxonomy":"product_cat","embeddable":true,"href":"https:\/\/murerpoint.dk\/sv\/wp-json\/wp\/v2\/product_cat?post=6276"},{"taxonomy":"product_tag","embeddable":true,"href":"https:\/\/murerpoint.dk\/sv\/wp-json\/wp\/v2\/product_tag?post=6276"}],"curies":[{"name":"wp","href":"https:\/\/api.w.org\/{rel}","templated":true}]}}