{"id":6552,"date":"2024-09-11T10:12:30","date_gmt":"2024-09-11T10:12:30","guid":{"rendered":"https:\/\/murerpoint.dk\/product\/fuehrungsschlitten-fuer-kanalfraeser-staubfreies-fraesen\/"},"modified":"2024-10-22T13:26:03","modified_gmt":"2024-10-22T13:26:03","slug":"spaarfrastillsats-for-vinkelslip-dammfri-spaarfrasning-av-kanaler","status":"publish","type":"product","link":"https:\/\/murerpoint.dk\/sv\/produkt\/spaarfrastillsats-for-vinkelslip-dammfri-spaarfrasning-av-kanaler\/","title":{"rendered":"Sp\u00e5rfr\u00e4stillsats f\u00f6r vinkelslip \u2013 dammfri sp\u00e5rfr\u00e4sning av kanaler"},"content":{"rendered":"<?xml encoding=\"utf-8\" ?><h5>Effektiv och dammfri sp&aring;rfr&auml;stillsats f&ouml;r vinkelslip &ndash; Sp&aring;rfr&auml;sning av kanaler f&ouml;r VVS- och elkablar i l&auml;ttbetong<\/h5><p><strong>Effektivitet och dammfrihet i en l&ouml;sning<\/strong><\/p><p>Beh&ouml;ver du en snabb och effektiv l&ouml;sning f&ouml;r att fr&auml;sa sp&aring;r f&ouml;r VVS- och elkablar i l&auml;ttbetong? V&aring;r sp&aring;rfr&auml;stillsats f&ouml;r vinkelslip &auml;r utvecklad f&ouml;r att underl&auml;tta ditt arbete genom att fr&auml;sa sp&aring;r med en bredd p&aring; 22 mm och ett djup p&aring; 26 mm. Med dammsugaranslutning och en f&auml;llbar styrskena kan du uppn&aring; ett renare och mer exakt resultat.<\/p><p><strong>F&ouml;rdelar med v&aring;r sp&aring;rfr&auml;stillsats:<\/strong><\/p><ol>\n<li>J&auml;mn fr&auml;sdjup &ndash; S&auml;kerst&auml;ller ett konstant fr&auml;sdjup p&aring; 26 mm, s&aring; du slipper oj&auml;mnheter i dina fr&auml;sningar.<\/li>\n<li>Enkel hantering &ndash; Den f&auml;llbara styrskenan l&ouml;per smidigt i sp&aring;ret och ger dig b&auml;ttre kontroll &ouml;ver fr&auml;sningen.<\/li>\n<li>Dammfri arbetsmilj&ouml; &ndash; Dammsugaranslutning som effektivt avl&auml;gsnar dammpartiklar, vilket ger dig ett renare och s&auml;krare arbetsomr&aring;de.<\/li>\n<\/ol><p><strong>Kundens behov i fokus:<\/strong><br>\nMed v&aring;r sp&aring;rfr&auml;stillsats f&ouml;r vinkelslip kan du arbeta snabbt och effektivt utan att oroa dig f&ouml;r damm och orenheter i fr&auml;sningen. Den &auml;r s&auml;rskilt l&auml;mplig f&ouml;r installation av VVS- och elkablar i l&auml;ttbetong, vilket g&ouml;r den perfekt f&ouml;r professionella installationer och renoveringsprojekt.<\/p><p><strong>Varf&ouml;r v&auml;lja v&aring;r sp&aring;rfr&auml;stillsats?<\/strong><\/p><ul>\n<li>M&aring;ngsidig och effektiv &ndash; Passar de flesta vinkelslipar och fr&auml;ser sp&aring;r med en bredd p&aring; 22 mm och ett djup p&aring; 26 mm.<\/li>\n<li>Renare arbetsmilj&ouml; &ndash; Dammfri fr&auml;sning tack vare dammsugaranslutningen, vilket ger en b&auml;ttre arbetsmilj&ouml;.<\/li>\n<li>L&auml;tt att anv&auml;nda &ndash; Den f&auml;llbara styrskenan g&ouml;r det enkelt att h&aring;lla kursen och ger ett mer professionellt resultat.<\/li>\n<\/ul><p><strong>Observera:<\/strong> sp&aring;rfr&auml;s ing&aring;r ej. k&ouml;pas seperat.<\/p><p><iframe title=\"Effektiv Kanalfr&auml;sning i Gasbetong med Sp&aring;rfr&auml;s + Fr&auml;ssula &ndash; Dammfri Precision f&ouml;r El Installationer\" width=\"800\" height=\"450\" src=\"https:\/\/www.youtube.com\/embed\/KVycOeP3qjg?feature=oembed\" frameborder=\"0\" allow=\"accelerometer; autoplay; clipboard-write; encrypted-media; gyroscope; picture-in-picture; web-share\" referrerpolicy=\"strict-origin-when-cross-origin\" allowfullscreen><\/iframe><\/p>\n","protected":false},"excerpt":{"rendered":"<h5>Sp\u00e5rfr\u00e4stillsats f\u00f6r vinkelslip \u2013 dammfri sp\u00e5rfr\u00e4sning av kanaler<\/h5>\n<p>Sp\u00e5rfr\u00e4stillsats f\u00f6r vinkelslip. Fr\u00e4ser sp\u00e5r p\u00e5 22 mm bredd och 26 mm djup. Idealisk f\u00f6r VVS- och elkablar i l\u00e4ttbetong. Dammsugaranslutning f\u00f6r en dammfri arbetsmilj\u00f6. Sp\u00e4rfr\u00e4s ing\u00e5r ej, k\u00f6pes seperat.<\/p>\n","protected":false},"featured_media":6525,"comment_status":"open","ping_status":"closed","template":"","meta":[],"product_brand":[],"product_cat":[625,633],"product_tag":[7046,8640,8641,7237,8653,7047,8632,8633,8620,8621,8662,8663,8629,8635,8650,4192,8623,7048,7049,8637,8639,7050,7051,8659,7052,7053,8649,7243,7054,7055,7056,7057,7058,7059,8654,8643,7060,7061,7244,8644,8655,7062,8617,7245,8657,8613,7246,7063,7064,7065,8658,8647,7066,8627,7248,7067,7068,7069,7070,8618,8631,8661,8624,8664,8636,8648,8614,7071,8626,7255,6251,7072,7256,7073,8622,8634,7074,7075,8656,8612,7259,6229,6230,6231,6232,6233,7260,7076,7077,7078,7079,7080,8625,8645,8646,1362,7263,7081,7082,5364,8628,7083,7084,7085,7265,7086,7087,8615,7088,7089,8619,7090,7091,8642,7092,7093,8616,8660,5723,736,7094,7095,8651,8652,8630,7096,8638,2640],"class_list":{"0":"post-6552","1":"product","2":"type-product","3":"status-publish","4":"has-post-thumbnail","6":"product_cat-murfogfras-inkl-adapter","7":"product_cat-stallbar-dammsugkaapa-bads","8":"product_tag-125mm-sv","9":"product_tag-26mmdepth-sv","10":"product_tag-60mmdepth-sv","11":"product_tag-aeratedconcrete-sv","12":"product_tag-afzuigsysteem-sv","13":"product_tag-anglegrinder-sv","14":"product_tag-arbeitstiefe26mm-sv","15":"product_tag-arbeitstiefe60mm-sv","16":"product_tag-arbejdsdybde26mm-sv","17":"product_tag-arbejdsdybde60mm-sv","18":"product_tag-arbetsdjup26mm-sv","19":"product_tag-arbetsdjup60mm-sv","20":"product_tag-baumaterial-sv","21":"product_tag-bauwerkzeug-sv","22":"product_tag-bouwgereedschap-sv","23":"product_tag-byggematerialer-sv","24":"product_tag-byggerivaerktoej-sv","25":"product_tag-channelcutter-sv","26":"product_tag-channelcutting-sv","27":"product_tag-chaser-sv","28":"product_tag-constructiontool-sv","29":"product_tag-dammfrifraening-sv","30":"product_tag-dammfrifraesning-sv","31":"product_tag-dammfritarbete-sv","32":"product_tag-dammsugare-sv","33":"product_tag-dammsugartillkoppling-sv","34":"product_tag-draadinstallatie-sv","35":"product_tag-dustfree-sv","36":"product_tag-dustfreecutting-sv","37":"product_tag-dustfreegrooving-sv","38":"product_tag-effektivfraesning-sv","39":"product_tag-effektivfraening-sv","40":"product_tag-efficientcutting-sv","41":"product_tag-efficientfrezen-sv","42":"product_tag-efficientwerken-sv","43":"product_tag-efficientwork-sv","44":"product_tag-effizientesfraesen-sv","45":"product_tag-electricalcables-sv","46":"product_tag-electricalinstallations-sv","47":"product_tag-electriciantool-sv","48":"product_tag-elektriciensgereedschap-sv","49":"product_tag-elektriciteitskabels-sv","50":"product_tag-elektriker-sv","51":"product_tag-elektrischeinstallaties-sv","52":"product_tag-elektriskainstallationer-sv","53":"product_tag-elektriskeinstallationer-sv","54":"product_tag-elektroinstallationen-sv","55":"product_tag-elektrokabel-sv","56":"product_tag-elkablar-sv","57":"product_tag-elkabler-sv","58":"product_tag-frassula-sv","59":"product_tag-freesschoen-sv","60":"product_tag-fuehrungsschiene-sv","61":"product_tag-fuhrungsschlitten-sv","62":"product_tag-gasbeton-sv","63":"product_tag-geleiderail-sv","64":"product_tag-groovingsole-sv","65":"product_tag-guiderail-sv","66":"product_tag-haakseslijper-sv","67":"product_tag-haandvaerker-sv","68":"product_tag-handwerker-sv","69":"product_tag-hantverkare-sv","70":"product_tag-installationsvaerktoej-sv","71":"product_tag-installationsverktyg-sv","72":"product_tag-installationswerkzeug-sv","73":"product_tag-kabelinstallatie-sv","74":"product_tag-kabelinstallation-sv","75":"product_tag-kanalenfrezen-sv","76":"product_tag-kanalfasen-sv","77":"product_tag-kanalfraeser-sv","78":"product_tag-kanalfraesning-sv","79":"product_tag-kanalfraening-sv","80":"product_tag-kanalfraes-sv","81":"product_tag-kanalfraesen-sv","82":"product_tag-ledningsinstallation-sv","83":"product_tag-leitungsinstallation-sv","84":"product_tag-nutfraessohle-sv","85":"product_tag-plumbingcables-sv","86":"product_tag-porbetong-sv","87":"product_tag-porebeton-sv","88":"product_tag-porenbeton-sv","89":"product_tag-praecisionsvaerktoej-sv","90":"product_tag-praezisionswerkzeug-sv","91":"product_tag-precisiegereedschap-sv","92":"product_tag-precisionsverktyg-sv","93":"product_tag-precisiontool-sv","94":"product_tag-rillefraeser-sv","95":"product_tag-rillefraesersaal-sv","96":"product_tag-rillefraesschiene-sv","97":"product_tag-rillefreeszool-sv","98":"product_tag-sanitairkabels-sv","99":"product_tag-sanitaerkabel-sv","100":"product_tag-schlitzfraser-sv","101":"product_tag-sleuvenfrees-sv","102":"product_tag-sleuvenfrezen-sv","103":"product_tag-soleplate-sv","104":"product_tag-spaarfraes-sv","105":"product_tag-spaarfraessula-sv","106":"product_tag-spaarsaal-sv","107":"product_tag-staubabsaugung-sv","108":"product_tag-staubfreiesarbeiten-sv","109":"product_tag-staubfreiesfraesen-sv","110":"product_tag-staubsauger-sv","111":"product_tag-staubsaugeranschluss-sv","112":"product_tag-stofvrij-sv","113":"product_tag-stofvrijfrezen-sv","114":"product_tag-stofzuigeraansluiting-sv","115":"product_tag-stoevfriarbejde-sv","116":"product_tag-stoevfrifraesning-sv","117":"product_tag-stoevsuger-sv","118":"product_tag-stoevudtraek-sv","119":"product_tag-styreskinne-sv","120":"product_tag-styrskena-sv","121":"product_tag-vacuumattachment-sv","122":"product_tag-vacuumcleaner-sv","123":"product_tag-vacuumconnection-sv","124":"product_tag-vaerktoejtilbyggeri-sv","125":"product_tag-verktygforelektriker-sv","126":"product_tag-vinkelsliber-sv","127":"product_tag-vinkelslip","128":"product_tag-vvskablar-sv","129":"product_tag-vvskabler-sv","130":"product_tag-werkdiepte26mm-sv","131":"product_tag-werkdiepte60mm-sv","132":"product_tag-werkzeugfurelektriker-sv","133":"product_tag-winkelschleifer-sv","134":"product_tag-wireinstallation-sv","135":"product_tag-googleads-sv","137":"first","138":"instock","139":"taxable","140":"shipping-taxable","141":"purchasable","142":"product-type-simple"},"yoast_head":"<!-- This site is optimized with the Yoast SEO plugin v27.4 - https:\/\/yoast.com\/product\/yoast-seo-wordpress\/ -->\n<title>Sp\u00e5rfr\u00e4stillsats f\u00f6r vinkelslip \u2013 dammfri sp\u00e5rfr\u00e4sning av kanaler - Murerpoint ApS<\/title>\n<meta name=\"description\" content=\"Sp\u00e5rfr\u00e4stillsats f\u00f6r vinkelslip \u2013 fr\u00e4ser sp\u00e5r p\u00e5 22 mm bredd och 26 mm djup. Perfekt f\u00f6r VVS- och elkablar i l\u00e4ttbetong. Dammfri fr\u00e4sning.\" \/>\n<meta name=\"robots\" content=\"index, follow, max-snippet:-1, max-image-preview:large, max-video-preview:-1\" \/>\n<link rel=\"canonical\" href=\"https:\/\/murerpoint.dk\/sv\/produkt\/spaarfrastillsats-for-vinkelslip-dammfri-spaarfrasning-av-kanaler\/\" \/>\n<meta property=\"og:locale\" content=\"sv_SE\" \/>\n<meta property=\"og:type\" content=\"article\" \/>\n<meta property=\"og:title\" content=\"Sp\u00e5rfr\u00e4stillsats f\u00f6r vinkelslip \u2013 dammfri sp\u00e5rfr\u00e4sning av kanaler - Murerpoint ApS\" \/>\n<meta property=\"og:description\" content=\"Sp\u00e5rfr\u00e4stillsats f\u00f6r vinkelslip \u2013 fr\u00e4ser sp\u00e5r p\u00e5 22 mm bredd och 26 mm djup. Perfekt f\u00f6r VVS- och elkablar i l\u00e4ttbetong. Dammfri fr\u00e4sning.\" \/>\n<meta property=\"og:url\" content=\"https:\/\/murerpoint.dk\/sv\/produkt\/spaarfrastillsats-for-vinkelslip-dammfri-spaarfrasning-av-kanaler\/\" \/>\n<meta property=\"og:site_name\" content=\"Murerpoint ApS\" \/>\n<meta property=\"article:publisher\" content=\"https:\/\/m.facebook.com\/profile.php?id=61555157262134\" \/>\n<meta property=\"article:modified_time\" content=\"2024-10-22T13:26:03+00:00\" \/>\n<meta property=\"og:image\" content=\"https:\/\/murerpoint.dk\/wp-content\/uploads\/2024\/09\/Rillefraesersaal-top-150x150-1-1.jpg\" \/>\n\t<meta property=\"og:image:width\" content=\"223\" \/>\n\t<meta property=\"og:image:height\" content=\"234\" \/>\n\t<meta property=\"og:image:type\" content=\"image\/jpeg\" \/>\n<meta name=\"twitter:card\" content=\"summary_large_image\" \/>\n<meta name=\"twitter:label1\" content=\"Pris\" \/>\n\t<meta name=\"twitter:data1\" content=\"&euro;76.94 Pris ekskl. moms: &euro;61.55\" \/>\n\t<meta name=\"twitter:label2\" content=\"Tillg\u00e4nglig\" \/>\n\t<meta name=\"twitter:data2\" content=\"I lager\" \/>\n<script type=\"application\/ld+json\" class=\"yoast-schema-graph\">{\"@context\":\"https:\\\/\\\/schema.org\",\"@graph\":[{\"@type\":\"WebPage\",\"@id\":\"https:\\\/\\\/murerpoint.dk\\\/sv\\\/produkt\\\/spaarfrastillsats-for-vinkelslip-dammfri-spaarfrasning-av-kanaler\\\/\",\"url\":\"https:\\\/\\\/murerpoint.dk\\\/sv\\\/produkt\\\/spaarfrastillsats-for-vinkelslip-dammfri-spaarfrasning-av-kanaler\\\/\",\"name\":\"Sp\u00e5rfr\u00e4stillsats f\u00f6r vinkelslip \u2013 dammfri sp\u00e5rfr\u00e4sning av kanaler - Murerpoint ApS\",\"isPartOf\":{\"@id\":\"https:\\\/\\\/murerpoint.dk\\\/sv\\\/#website\"},\"primaryImageOfPage\":{\"@id\":\"https:\\\/\\\/murerpoint.dk\\\/sv\\\/produkt\\\/spaarfrastillsats-for-vinkelslip-dammfri-spaarfrasning-av-kanaler\\\/#primaryimage\"},\"image\":{\"@id\":\"https:\\\/\\\/murerpoint.dk\\\/sv\\\/produkt\\\/spaarfrastillsats-for-vinkelslip-dammfri-spaarfrasning-av-kanaler\\\/#primaryimage\"},\"thumbnailUrl\":\"https:\\\/\\\/murerpoint.dk\\\/wp-content\\\/uploads\\\/2024\\\/09\\\/Rillefraesersaal-top-150x150-1-1.jpg\",\"datePublished\":\"2024-09-11T10:12:30+00:00\",\"dateModified\":\"2024-10-22T13:26:03+00:00\",\"description\":\"Sp\u00e5rfr\u00e4stillsats f\u00f6r vinkelslip \u2013 fr\u00e4ser sp\u00e5r p\u00e5 22 mm bredd och 26 mm djup. Perfekt f\u00f6r VVS- och elkablar i l\u00e4ttbetong. Dammfri fr\u00e4sning.\",\"breadcrumb\":{\"@id\":\"https:\\\/\\\/murerpoint.dk\\\/sv\\\/produkt\\\/spaarfrastillsats-for-vinkelslip-dammfri-spaarfrasning-av-kanaler\\\/#breadcrumb\"},\"inLanguage\":\"sv-SE\",\"potentialAction\":[{\"@type\":\"ReadAction\",\"target\":[\"https:\\\/\\\/murerpoint.dk\\\/sv\\\/produkt\\\/spaarfrastillsats-for-vinkelslip-dammfri-spaarfrasning-av-kanaler\\\/\"]}]},{\"@type\":\"ImageObject\",\"inLanguage\":\"sv-SE\",\"@id\":\"https:\\\/\\\/murerpoint.dk\\\/sv\\\/produkt\\\/spaarfrastillsats-for-vinkelslip-dammfri-spaarfrasning-av-kanaler\\\/#primaryimage\",\"url\":\"https:\\\/\\\/murerpoint.dk\\\/wp-content\\\/uploads\\\/2024\\\/09\\\/Rillefraesersaal-top-150x150-1-1.jpg\",\"contentUrl\":\"https:\\\/\\\/murerpoint.dk\\\/wp-content\\\/uploads\\\/2024\\\/09\\\/Rillefraesersaal-top-150x150-1-1.jpg\",\"width\":223,\"height\":234,\"caption\":\"Rillefr\u00e6sers\u00e5len har tre funktioner: 1. s\u00f8rger for ensartet dybde 2. holder retningen grundet fixeret styreskinne 3. st\u00f8vfri fr\u00e6sning ved sammenkobling med st\u00f8vssuger\"},{\"@type\":\"BreadcrumbList\",\"@id\":\"https:\\\/\\\/murerpoint.dk\\\/sv\\\/produkt\\\/spaarfrastillsats-for-vinkelslip-dammfri-spaarfrasning-av-kanaler\\\/#breadcrumb\",\"itemListElement\":[{\"@type\":\"ListItem\",\"position\":1,\"name\":\"Hjem\",\"item\":\"https:\\\/\\\/murerpoint.dk\\\/sv\\\/\"},{\"@type\":\"ListItem\",\"position\":2,\"name\":\"SHOPPEN\",\"item\":\"https:\\\/\\\/murerpoint.dk\\\/sv\\\/shoppen\\\/\"},{\"@type\":\"ListItem\",\"position\":3,\"name\":\"Sp\u00e5rfr\u00e4stillsats f\u00f6r vinkelslip \u2013 dammfri sp\u00e5rfr\u00e4sning av kanaler\"}]},{\"@type\":\"WebSite\",\"@id\":\"https:\\\/\\\/murerpoint.dk\\\/sv\\\/#website\",\"url\":\"https:\\\/\\\/murerpoint.dk\\\/sv\\\/\",\"name\":\"Murerpoint\",\"description\":\"kvalitets v\u00e6rkt\u00f8j\",\"publisher\":{\"@id\":\"https:\\\/\\\/murerpoint.dk\\\/sv\\\/#organization\"},\"potentialAction\":[{\"@type\":\"SearchAction\",\"target\":{\"@type\":\"EntryPoint\",\"urlTemplate\":\"https:\\\/\\\/murerpoint.dk\\\/sv\\\/?s={search_term_string}\"},\"query-input\":{\"@type\":\"PropertyValueSpecification\",\"valueRequired\":true,\"valueName\":\"search_term_string\"}}],\"inLanguage\":\"sv-SE\"},{\"@type\":\"Organization\",\"@id\":\"https:\\\/\\\/murerpoint.dk\\\/sv\\\/#organization\",\"name\":\"Murerpoint ApS\",\"url\":\"https:\\\/\\\/murerpoint.dk\\\/sv\\\/\",\"logo\":{\"@type\":\"ImageObject\",\"inLanguage\":\"sv-SE\",\"@id\":\"https:\\\/\\\/murerpoint.dk\\\/sv\\\/#\\\/schema\\\/logo\\\/image\\\/\",\"url\":\"https:\\\/\\\/murerpoint.dk\\\/wp-content\\\/uploads\\\/2023\\\/12\\\/cropped-Sort-Midt-Roed-Mursten.png\",\"contentUrl\":\"https:\\\/\\\/murerpoint.dk\\\/wp-content\\\/uploads\\\/2023\\\/12\\\/cropped-Sort-Midt-Roed-Mursten.png\",\"width\":512,\"height\":512,\"caption\":\"Murerpoint ApS\"},\"image\":{\"@id\":\"https:\\\/\\\/murerpoint.dk\\\/sv\\\/#\\\/schema\\\/logo\\\/image\\\/\"},\"sameAs\":[\"https:\\\/\\\/m.facebook.com\\\/profile.php?id=61555157262134\",\"https:\\\/\\\/www.instagram.com\\\/murerpoint?igsh=azluMWV6cTnc2ts&utm_source=qr\",\"https:\\\/\\\/www.tiktok.com\\\/@murerpoint?is_from_webapp=1&sender_device=pc\"]}]}<\/script>\n<meta property=\"product:price:amount\" content=\"76.94\" \/>\n<meta property=\"product:price:currency\" content=\"EUR\" \/>\n<meta property=\"og:availability\" content=\"instock\" \/>\n<meta property=\"product:availability\" content=\"instock\" \/>\n<meta property=\"product:retailer_item_id\" content=\"mp000133\" \/>\n<meta property=\"product:condition\" content=\"new\" \/>\n<!-- \/ Yoast SEO plugin. -->","yoast_head_json":{"title":"Sp\u00e5rfr\u00e4stillsats f\u00f6r vinkelslip \u2013 dammfri sp\u00e5rfr\u00e4sning av kanaler - Murerpoint ApS","description":"Sp\u00e5rfr\u00e4stillsats f\u00f6r vinkelslip \u2013 fr\u00e4ser sp\u00e5r p\u00e5 22 mm bredd och 26 mm djup. Perfekt f\u00f6r VVS- och elkablar i l\u00e4ttbetong. Dammfri fr\u00e4sning.","robots":{"index":"index","follow":"follow","max-snippet":"max-snippet:-1","max-image-preview":"max-image-preview:large","max-video-preview":"max-video-preview:-1"},"canonical":"https:\/\/murerpoint.dk\/sv\/produkt\/spaarfrastillsats-for-vinkelslip-dammfri-spaarfrasning-av-kanaler\/","og_locale":"sv_SE","og_type":"article","og_title":"Sp\u00e5rfr\u00e4stillsats f\u00f6r vinkelslip \u2013 dammfri sp\u00e5rfr\u00e4sning av kanaler - Murerpoint ApS","og_description":"Sp\u00e5rfr\u00e4stillsats f\u00f6r vinkelslip \u2013 fr\u00e4ser sp\u00e5r p\u00e5 22 mm bredd och 26 mm djup. Perfekt f\u00f6r VVS- och elkablar i l\u00e4ttbetong. Dammfri fr\u00e4sning.","og_url":"https:\/\/murerpoint.dk\/sv\/produkt\/spaarfrastillsats-for-vinkelslip-dammfri-spaarfrasning-av-kanaler\/","og_site_name":"Murerpoint ApS","article_publisher":"https:\/\/m.facebook.com\/profile.php?id=61555157262134","article_modified_time":"2024-10-22T13:26:03+00:00","og_image":[{"width":223,"height":234,"url":"https:\/\/murerpoint.dk\/wp-content\/uploads\/2024\/09\/Rillefraesersaal-top-150x150-1-1.jpg","type":"image\/jpeg"}],"twitter_card":"summary_large_image","twitter_misc":{"Pris":"&euro;76.94 Pris ekskl. moms: &euro;61.55","Tillg\u00e4nglig":"I lager"},"schema":{"@context":"https:\/\/schema.org","@graph":[{"@type":"WebPage","@id":"https:\/\/murerpoint.dk\/sv\/produkt\/spaarfrastillsats-for-vinkelslip-dammfri-spaarfrasning-av-kanaler\/","url":"https:\/\/murerpoint.dk\/sv\/produkt\/spaarfrastillsats-for-vinkelslip-dammfri-spaarfrasning-av-kanaler\/","name":"Sp\u00e5rfr\u00e4stillsats f\u00f6r vinkelslip \u2013 dammfri sp\u00e5rfr\u00e4sning av kanaler - Murerpoint ApS","isPartOf":{"@id":"https:\/\/murerpoint.dk\/sv\/#website"},"primaryImageOfPage":{"@id":"https:\/\/murerpoint.dk\/sv\/produkt\/spaarfrastillsats-for-vinkelslip-dammfri-spaarfrasning-av-kanaler\/#primaryimage"},"image":{"@id":"https:\/\/murerpoint.dk\/sv\/produkt\/spaarfrastillsats-for-vinkelslip-dammfri-spaarfrasning-av-kanaler\/#primaryimage"},"thumbnailUrl":"https:\/\/murerpoint.dk\/wp-content\/uploads\/2024\/09\/Rillefraesersaal-top-150x150-1-1.jpg","datePublished":"2024-09-11T10:12:30+00:00","dateModified":"2024-10-22T13:26:03+00:00","description":"Sp\u00e5rfr\u00e4stillsats f\u00f6r vinkelslip \u2013 fr\u00e4ser sp\u00e5r p\u00e5 22 mm bredd och 26 mm djup. Perfekt f\u00f6r VVS- och elkablar i l\u00e4ttbetong. Dammfri fr\u00e4sning.","breadcrumb":{"@id":"https:\/\/murerpoint.dk\/sv\/produkt\/spaarfrastillsats-for-vinkelslip-dammfri-spaarfrasning-av-kanaler\/#breadcrumb"},"inLanguage":"sv-SE","potentialAction":[{"@type":"ReadAction","target":["https:\/\/murerpoint.dk\/sv\/produkt\/spaarfrastillsats-for-vinkelslip-dammfri-spaarfrasning-av-kanaler\/"]}]},{"@type":"ImageObject","inLanguage":"sv-SE","@id":"https:\/\/murerpoint.dk\/sv\/produkt\/spaarfrastillsats-for-vinkelslip-dammfri-spaarfrasning-av-kanaler\/#primaryimage","url":"https:\/\/murerpoint.dk\/wp-content\/uploads\/2024\/09\/Rillefraesersaal-top-150x150-1-1.jpg","contentUrl":"https:\/\/murerpoint.dk\/wp-content\/uploads\/2024\/09\/Rillefraesersaal-top-150x150-1-1.jpg","width":223,"height":234,"caption":"Rillefr\u00e6sers\u00e5len har tre funktioner: 1. s\u00f8rger for ensartet dybde 2. holder retningen grundet fixeret styreskinne 3. st\u00f8vfri fr\u00e6sning ved sammenkobling med st\u00f8vssuger"},{"@type":"BreadcrumbList","@id":"https:\/\/murerpoint.dk\/sv\/produkt\/spaarfrastillsats-for-vinkelslip-dammfri-spaarfrasning-av-kanaler\/#breadcrumb","itemListElement":[{"@type":"ListItem","position":1,"name":"Hjem","item":"https:\/\/murerpoint.dk\/sv\/"},{"@type":"ListItem","position":2,"name":"SHOPPEN","item":"https:\/\/murerpoint.dk\/sv\/shoppen\/"},{"@type":"ListItem","position":3,"name":"Sp\u00e5rfr\u00e4stillsats f\u00f6r vinkelslip \u2013 dammfri sp\u00e5rfr\u00e4sning av kanaler"}]},{"@type":"WebSite","@id":"https:\/\/murerpoint.dk\/sv\/#website","url":"https:\/\/murerpoint.dk\/sv\/","name":"Murerpoint","description":"kvalitets v\u00e6rkt\u00f8j","publisher":{"@id":"https:\/\/murerpoint.dk\/sv\/#organization"},"potentialAction":[{"@type":"SearchAction","target":{"@type":"EntryPoint","urlTemplate":"https:\/\/murerpoint.dk\/sv\/?s={search_term_string}"},"query-input":{"@type":"PropertyValueSpecification","valueRequired":true,"valueName":"search_term_string"}}],"inLanguage":"sv-SE"},{"@type":"Organization","@id":"https:\/\/murerpoint.dk\/sv\/#organization","name":"Murerpoint ApS","url":"https:\/\/murerpoint.dk\/sv\/","logo":{"@type":"ImageObject","inLanguage":"sv-SE","@id":"https:\/\/murerpoint.dk\/sv\/#\/schema\/logo\/image\/","url":"https:\/\/murerpoint.dk\/wp-content\/uploads\/2023\/12\/cropped-Sort-Midt-Roed-Mursten.png","contentUrl":"https:\/\/murerpoint.dk\/wp-content\/uploads\/2023\/12\/cropped-Sort-Midt-Roed-Mursten.png","width":512,"height":512,"caption":"Murerpoint ApS"},"image":{"@id":"https:\/\/murerpoint.dk\/sv\/#\/schema\/logo\/image\/"},"sameAs":["https:\/\/m.facebook.com\/profile.php?id=61555157262134","https:\/\/www.instagram.com\/murerpoint?igsh=azluMWV6cTnc2ts&utm_source=qr","https:\/\/www.tiktok.com\/@murerpoint?is_from_webapp=1&sender_device=pc"]}]},"product_price_amount":"76.94","product_price_currency":"EUR","og_availability":"instock","product_availability":"instock","product_retailer_item_id":"mp000133","product_condition":"new"},"_links":{"self":[{"href":"https:\/\/murerpoint.dk\/sv\/wp-json\/wp\/v2\/product\/6552","targetHints":{"allow":["GET"]}}],"collection":[{"href":"https:\/\/murerpoint.dk\/sv\/wp-json\/wp\/v2\/product"}],"about":[{"href":"https:\/\/murerpoint.dk\/sv\/wp-json\/wp\/v2\/types\/product"}],"replies":[{"embeddable":true,"href":"https:\/\/murerpoint.dk\/sv\/wp-json\/wp\/v2\/comments?post=6552"}],"wp:featuredmedia":[{"embeddable":true,"href":"https:\/\/murerpoint.dk\/sv\/wp-json\/wp\/v2\/media\/6525"}],"wp:attachment":[{"href":"https:\/\/murerpoint.dk\/sv\/wp-json\/wp\/v2\/media?parent=6552"}],"wp:term":[{"taxonomy":"product_brand","embeddable":true,"href":"https:\/\/murerpoint.dk\/sv\/wp-json\/wp\/v2\/product_brand?post=6552"},{"taxonomy":"product_cat","embeddable":true,"href":"https:\/\/murerpoint.dk\/sv\/wp-json\/wp\/v2\/product_cat?post=6552"},{"taxonomy":"product_tag","embeddable":true,"href":"https:\/\/murerpoint.dk\/sv\/wp-json\/wp\/v2\/product_tag?post=6552"}],"curies":[{"name":"wp","href":"https:\/\/api.w.org\/{rel}","templated":true}]}}