{"id":6628,"date":"2024-09-14T09:29:31","date_gmt":"2024-09-14T09:29:31","guid":{"rendered":"https:\/\/murerpoint.dk\/product\/diamant-fliesenscheibe-oe-50-mm-fur-trocken-und-nassschnitt\/"},"modified":"2024-09-14T11:18:23","modified_gmt":"2024-09-14T11:18:23","slug":"diamant-kakelblad-oe-50-mm-for-torr-och-vaatklippning","status":"publish","type":"product","link":"https:\/\/murerpoint.dk\/sv\/produkt\/diamant-kakelblad-oe-50-mm-for-torr-och-vaatklippning\/","title":{"rendered":"Diamant kakelblad \u00d8 50 mm f\u00f6r Torr- och V\u00e5tklippning"},"content":{"rendered":"<?xml encoding=\"utf-8\" ?><h5><strong>Diamant kakelblad &Oslash; 50 mm f&ouml;r Torr- och V&aring;tklippning &ndash; Precision<\/strong><\/h5><p>N&auml;r du arbetar med kakel, marmor eller natursten &auml;r precision och effektivitet avg&ouml;rande. P&aring; Murerpoint.se vet vi hur viktigt det &auml;r att ha r&auml;tt verktyg f&ouml;r jobbet. D&auml;rf&ouml;r erbjuder vi v&aring;rt <strong>50 mm diamant kakelblad<\/strong>, som inte bara levererar exakta resultat utan &auml;ven g&ouml;r ditt arbete enklare &ndash; varje g&aring;ng.<\/p><hr><h5><strong>Varf&ouml;r v&auml;lja v&aring;rt diamant kakelblad?<\/strong><\/h5><ul>\n<li><strong>Precision i h&ouml;rnen:<\/strong> Med v&aring;r f&ouml;rl&auml;ngning och 50 mm blad kan du enkelt g&ouml;ra de exakta h&ouml;rnsk&auml;rningar som ofta kr&auml;vs vid kakel- och stensk&auml;rning.<\/li>\n<li><strong>F&ouml;r b&aring;de torr- och v&aring;tklippning:<\/strong> Oavsett om du arbetar med torr- eller v&aring;tklippning s&auml;kerst&auml;ller 6 mm diamantsegmentet en snabb och effektiv sk&auml;rning genom keramik, porslin, marmor och natursten.<\/li>\n<li><strong>M14 g&auml;nga &ndash; enkel montering:<\/strong> F&ouml;rl&auml;ngningen har en M14 g&auml;nga, vilket g&ouml;r den kompatibel med de flesta vinkelslipar. Detta betyder att du snabbt kan komma ig&aring;ng utan kr&aring;ngel.<\/li>\n<li><strong>M&aring;ngsidig anv&auml;ndning:<\/strong> Perfekt f&ouml;r mindre renoveringsuppgifter eller n&auml;r du beh&ouml;ver breda sp&aring;r f&ouml;r avslutningsprofiler.<\/li>\n<\/ul><hr><h5><strong>Vad f&aring;r du som kund hos oss?<\/strong><\/h5><p>Vi vet att r&auml;tt verktyg kan g&ouml;ra hela skillnaden. P&aring; Murerpoint f&aring;r du inte bara kvalitetsverktyg &ndash; du f&aring;r en l&ouml;sning som &auml;r skr&auml;ddarsydd f&ouml;r dina behov. V&aring;ra produkter &auml;r testade av proffs, och vi ser till att du f&aring;r den support och v&auml;gledning du beh&ouml;ver f&ouml;r att slutf&ouml;ra dina projekt effektivt.<\/p>\n","protected":false},"excerpt":{"rendered":"<h5><strong>Diamant kakelblad \u00d8 50 mm f\u00f6r Torr- och V\u00e5tklippning <\/strong><strong>\u2013 Precision<\/strong><\/h5>\n<p>50 mm diamant kakelblad f\u00f6r torr- och v\u00e5tklippning av keramik, marmor, porslin och natursten. Passar vinkelslipar med M14 g\u00e4nga. Perfekt f\u00f6r exakta h\u00f6rnsk\u00e4rningar.<\/p>\n","protected":false},"featured_media":6606,"comment_status":"open","ping_status":"closed","template":"","meta":[],"product_brand":[],"product_cat":[5783,1240,1250,1188],"product_tag":[7047,5704,7378,7379,1592,7380,7381,7382,7383,7384,7385,7386,7070,7387,6819,5714,5715,7388,7389,7390,7391,7392,7393,6820,6821,6822,1971,7394,7395,7396,7397,7398,7399,7400,7401,7402,7403,7404,7405,5723,736,7096,2640],"class_list":{"0":"post-6628","1":"product","2":"type-product","3":"status-publish","4":"has-post-thumbnail","6":"product_cat-diamant-kakelborr","7":"product_cat-diamant-klinger-sv","8":"product_cat-diamantklingor-for-vinkelslip-sv","9":"product_cat-klingor-for-cirkelsaagar","10":"product_tag-anglegrinder-sv","11":"product_tag-ceramictiles-sv","12":"product_tag-diamantfliesenscheibe-sv","13":"product_tag-diamantfliseklinge-sv","14":"product_tag-diamantkakelblad-sv","15":"product_tag-diamanttegelzaag-sv","16":"product_tag-diamondtileblade-sv","17":"product_tag-droogennatzagen-sv","18":"product_tag-dryandwetcutting-sv","19":"product_tag-exaktskaerning-sv","20":"product_tag-fliesenschneiden-sv","21":"product_tag-fliseskaering-sv","22":"product_tag-haakseslijper-sv","23":"product_tag-kakelklippning-sv","24":"product_tag-keramik-sv","25":"product_tag-keramikfliesen-sv","26":"product_tag-keramischetegels-sv","27":"product_tag-keramiskefliser-sv","28":"product_tag-m14draad-sv","29":"product_tag-m14gaenga-sv","30":"product_tag-m14gevind-sv","31":"product_tag-m14gewinde-sv","32":"product_tag-m14thread-sv","33":"product_tag-marble-sv","34":"product_tag-marmer-sv","35":"product_tag-marmor-sv","36":"product_tag-naturalstone-sv","37":"product_tag-naturstein-sv","38":"product_tag-natursten-sv","39":"product_tag-natuursteen-sv","40":"product_tag-nauwkeurigesneden-sv","41":"product_tag-praecisering-sv","42":"product_tag-praeziseschneiden-sv","43":"product_tag-precisecutting-sv","44":"product_tag-tegelsnijden-sv","45":"product_tag-tilecutting-sv","46":"product_tag-torrvaatklippning-sv","47":"product_tag-trockenundnassschnitt-sv","48":"product_tag-vaadogtoerskaering-sv","49":"product_tag-vinkelsliber-sv","50":"product_tag-vinkelslip","51":"product_tag-winkelschleifer-sv","52":"product_tag-googleads-sv","54":"first","55":"instock","56":"taxable","57":"shipping-taxable","58":"purchasable","59":"product-type-simple"},"yoast_head":"<!-- This site is optimized with the Yoast SEO plugin v27.4 - https:\/\/yoast.com\/product\/yoast-seo-wordpress\/ -->\n<title>Diamant kakelblad \u00d8 50 mm f\u00f6r Torr- och V\u00e5tklippning - Murerpoint ApS<\/title>\n<meta name=\"description\" content=\"Effektivt diamant kakelblad \u00d8 50 mm f\u00f6r torr- och v\u00e5tklippning. F\u00f6r exakta sk\u00e4rningar i kakel, marmor och natursten. Passar vinkelslipar med M14 g\u00e4nga.\" \/>\n<meta name=\"robots\" content=\"index, follow, max-snippet:-1, max-image-preview:large, max-video-preview:-1\" \/>\n<link rel=\"canonical\" href=\"https:\/\/murerpoint.dk\/sv\/produkt\/diamant-kakelblad-oe-50-mm-for-torr-och-vaatklippning\/\" \/>\n<meta property=\"og:locale\" content=\"sv_SE\" \/>\n<meta property=\"og:type\" content=\"article\" \/>\n<meta property=\"og:title\" content=\"Diamant kakelblad \u00d8 50 mm f\u00f6r Torr- och V\u00e5tklippning - Murerpoint ApS\" \/>\n<meta property=\"og:description\" content=\"Effektivt diamant kakelblad \u00d8 50 mm f\u00f6r torr- och v\u00e5tklippning. F\u00f6r exakta sk\u00e4rningar i kakel, marmor och natursten. Passar vinkelslipar med M14 g\u00e4nga.\" \/>\n<meta property=\"og:url\" content=\"https:\/\/murerpoint.dk\/sv\/produkt\/diamant-kakelblad-oe-50-mm-for-torr-och-vaatklippning\/\" \/>\n<meta property=\"og:site_name\" content=\"Murerpoint ApS\" \/>\n<meta property=\"article:publisher\" content=\"https:\/\/m.facebook.com\/profile.php?id=61555157262134\" \/>\n<meta property=\"article:modified_time\" content=\"2024-09-14T11:18:23+00:00\" \/>\n<meta property=\"og:image\" content=\"https:\/\/murerpoint.dk\/wp-content\/uploads\/2024\/09\/til_forsiden_-removebg-preview-1-e1726308942172.png\" \/>\n\t<meta property=\"og:image:width\" content=\"577\" \/>\n\t<meta property=\"og:image:height\" content=\"433\" \/>\n\t<meta property=\"og:image:type\" content=\"image\/png\" \/>\n<meta name=\"twitter:card\" content=\"summary_large_image\" \/>\n<meta name=\"twitter:label1\" content=\"Pris\" \/>\n\t<meta name=\"twitter:data1\" content=\"&euro;16.05 Pris ekskl. moms: &euro;12.84\" \/>\n\t<meta name=\"twitter:label2\" content=\"Tillg\u00e4nglig\" \/>\n\t<meta name=\"twitter:data2\" content=\"I lager\" \/>\n<script type=\"application\/ld+json\" class=\"yoast-schema-graph\">{\"@context\":\"https:\\\/\\\/schema.org\",\"@graph\":[{\"@type\":\"WebPage\",\"@id\":\"https:\\\/\\\/murerpoint.dk\\\/sv\\\/produkt\\\/diamant-kakelblad-oe-50-mm-for-torr-och-vaatklippning\\\/\",\"url\":\"https:\\\/\\\/murerpoint.dk\\\/sv\\\/produkt\\\/diamant-kakelblad-oe-50-mm-for-torr-och-vaatklippning\\\/\",\"name\":\"Diamant kakelblad \u00d8 50 mm f\u00f6r Torr- och V\u00e5tklippning - Murerpoint ApS\",\"isPartOf\":{\"@id\":\"https:\\\/\\\/murerpoint.dk\\\/sv\\\/#website\"},\"primaryImageOfPage\":{\"@id\":\"https:\\\/\\\/murerpoint.dk\\\/sv\\\/produkt\\\/diamant-kakelblad-oe-50-mm-for-torr-och-vaatklippning\\\/#primaryimage\"},\"image\":{\"@id\":\"https:\\\/\\\/murerpoint.dk\\\/sv\\\/produkt\\\/diamant-kakelblad-oe-50-mm-for-torr-och-vaatklippning\\\/#primaryimage\"},\"thumbnailUrl\":\"https:\\\/\\\/murerpoint.dk\\\/wp-content\\\/uploads\\\/2024\\\/09\\\/til_forsiden_-removebg-preview-1-e1726308942172.png\",\"datePublished\":\"2024-09-14T09:29:31+00:00\",\"dateModified\":\"2024-09-14T11:18:23+00:00\",\"description\":\"Effektivt diamant kakelblad \u00d8 50 mm f\u00f6r torr- och v\u00e5tklippning. F\u00f6r exakta sk\u00e4rningar i kakel, marmor och natursten. Passar vinkelslipar med M14 g\u00e4nga.\",\"breadcrumb\":{\"@id\":\"https:\\\/\\\/murerpoint.dk\\\/sv\\\/produkt\\\/diamant-kakelblad-oe-50-mm-for-torr-och-vaatklippning\\\/#breadcrumb\"},\"inLanguage\":\"sv-SE\",\"potentialAction\":[{\"@type\":\"ReadAction\",\"target\":[\"https:\\\/\\\/murerpoint.dk\\\/sv\\\/produkt\\\/diamant-kakelblad-oe-50-mm-for-torr-och-vaatklippning\\\/\"]}]},{\"@type\":\"ImageObject\",\"inLanguage\":\"sv-SE\",\"@id\":\"https:\\\/\\\/murerpoint.dk\\\/sv\\\/produkt\\\/diamant-kakelblad-oe-50-mm-for-torr-och-vaatklippning\\\/#primaryimage\",\"url\":\"https:\\\/\\\/murerpoint.dk\\\/wp-content\\\/uploads\\\/2024\\\/09\\\/til_forsiden_-removebg-preview-1-e1726308942172.png\",\"contentUrl\":\"https:\\\/\\\/murerpoint.dk\\\/wp-content\\\/uploads\\\/2024\\\/09\\\/til_forsiden_-removebg-preview-1-e1726308942172.png\",\"width\":577,\"height\":433,\"caption\":\"Diamant Fliseklinge \u00d8 50mm til montering p\u00e5 vinkelsliber\"},{\"@type\":\"BreadcrumbList\",\"@id\":\"https:\\\/\\\/murerpoint.dk\\\/sv\\\/produkt\\\/diamant-kakelblad-oe-50-mm-for-torr-och-vaatklippning\\\/#breadcrumb\",\"itemListElement\":[{\"@type\":\"ListItem\",\"position\":1,\"name\":\"Hjem\",\"item\":\"https:\\\/\\\/murerpoint.dk\\\/sv\\\/\"},{\"@type\":\"ListItem\",\"position\":2,\"name\":\"SHOPPEN\",\"item\":\"https:\\\/\\\/murerpoint.dk\\\/sv\\\/shoppen\\\/\"},{\"@type\":\"ListItem\",\"position\":3,\"name\":\"Diamant kakelblad \u00d8 50 mm f\u00f6r Torr- och V\u00e5tklippning\"}]},{\"@type\":\"WebSite\",\"@id\":\"https:\\\/\\\/murerpoint.dk\\\/sv\\\/#website\",\"url\":\"https:\\\/\\\/murerpoint.dk\\\/sv\\\/\",\"name\":\"Murerpoint\",\"description\":\"kvalitets v\u00e6rkt\u00f8j\",\"publisher\":{\"@id\":\"https:\\\/\\\/murerpoint.dk\\\/sv\\\/#organization\"},\"potentialAction\":[{\"@type\":\"SearchAction\",\"target\":{\"@type\":\"EntryPoint\",\"urlTemplate\":\"https:\\\/\\\/murerpoint.dk\\\/sv\\\/?s={search_term_string}\"},\"query-input\":{\"@type\":\"PropertyValueSpecification\",\"valueRequired\":true,\"valueName\":\"search_term_string\"}}],\"inLanguage\":\"sv-SE\"},{\"@type\":\"Organization\",\"@id\":\"https:\\\/\\\/murerpoint.dk\\\/sv\\\/#organization\",\"name\":\"Murerpoint ApS\",\"url\":\"https:\\\/\\\/murerpoint.dk\\\/sv\\\/\",\"logo\":{\"@type\":\"ImageObject\",\"inLanguage\":\"sv-SE\",\"@id\":\"https:\\\/\\\/murerpoint.dk\\\/sv\\\/#\\\/schema\\\/logo\\\/image\\\/\",\"url\":\"https:\\\/\\\/murerpoint.dk\\\/wp-content\\\/uploads\\\/2023\\\/12\\\/cropped-Sort-Midt-Roed-Mursten.png\",\"contentUrl\":\"https:\\\/\\\/murerpoint.dk\\\/wp-content\\\/uploads\\\/2023\\\/12\\\/cropped-Sort-Midt-Roed-Mursten.png\",\"width\":512,\"height\":512,\"caption\":\"Murerpoint ApS\"},\"image\":{\"@id\":\"https:\\\/\\\/murerpoint.dk\\\/sv\\\/#\\\/schema\\\/logo\\\/image\\\/\"},\"sameAs\":[\"https:\\\/\\\/m.facebook.com\\\/profile.php?id=61555157262134\",\"https:\\\/\\\/www.instagram.com\\\/murerpoint?igsh=azluMWV6cTnc2ts&utm_source=qr\",\"https:\\\/\\\/www.tiktok.com\\\/@murerpoint?is_from_webapp=1&sender_device=pc\"]}]}<\/script>\n<meta property=\"product:price:amount\" content=\"16.05\" \/>\n<meta property=\"product:price:currency\" content=\"EUR\" \/>\n<meta property=\"og:availability\" content=\"instock\" \/>\n<meta property=\"product:availability\" content=\"instock\" \/>\n<meta property=\"product:retailer_item_id\" content=\"mp000137\" \/>\n<meta property=\"product:condition\" content=\"new\" \/>\n<!-- \/ Yoast SEO plugin. -->","yoast_head_json":{"title":"Diamant kakelblad \u00d8 50 mm f\u00f6r Torr- och V\u00e5tklippning - Murerpoint ApS","description":"Effektivt diamant kakelblad \u00d8 50 mm f\u00f6r torr- och v\u00e5tklippning. F\u00f6r exakta sk\u00e4rningar i kakel, marmor och natursten. Passar vinkelslipar med M14 g\u00e4nga.","robots":{"index":"index","follow":"follow","max-snippet":"max-snippet:-1","max-image-preview":"max-image-preview:large","max-video-preview":"max-video-preview:-1"},"canonical":"https:\/\/murerpoint.dk\/sv\/produkt\/diamant-kakelblad-oe-50-mm-for-torr-och-vaatklippning\/","og_locale":"sv_SE","og_type":"article","og_title":"Diamant kakelblad \u00d8 50 mm f\u00f6r Torr- och V\u00e5tklippning - Murerpoint ApS","og_description":"Effektivt diamant kakelblad \u00d8 50 mm f\u00f6r torr- och v\u00e5tklippning. F\u00f6r exakta sk\u00e4rningar i kakel, marmor och natursten. Passar vinkelslipar med M14 g\u00e4nga.","og_url":"https:\/\/murerpoint.dk\/sv\/produkt\/diamant-kakelblad-oe-50-mm-for-torr-och-vaatklippning\/","og_site_name":"Murerpoint ApS","article_publisher":"https:\/\/m.facebook.com\/profile.php?id=61555157262134","article_modified_time":"2024-09-14T11:18:23+00:00","og_image":[{"width":577,"height":433,"url":"https:\/\/murerpoint.dk\/wp-content\/uploads\/2024\/09\/til_forsiden_-removebg-preview-1-e1726308942172.png","type":"image\/png"}],"twitter_card":"summary_large_image","twitter_misc":{"Pris":"&euro;16.05 Pris ekskl. moms: &euro;12.84","Tillg\u00e4nglig":"I lager"},"schema":{"@context":"https:\/\/schema.org","@graph":[{"@type":"WebPage","@id":"https:\/\/murerpoint.dk\/sv\/produkt\/diamant-kakelblad-oe-50-mm-for-torr-och-vaatklippning\/","url":"https:\/\/murerpoint.dk\/sv\/produkt\/diamant-kakelblad-oe-50-mm-for-torr-och-vaatklippning\/","name":"Diamant kakelblad \u00d8 50 mm f\u00f6r Torr- och V\u00e5tklippning - Murerpoint ApS","isPartOf":{"@id":"https:\/\/murerpoint.dk\/sv\/#website"},"primaryImageOfPage":{"@id":"https:\/\/murerpoint.dk\/sv\/produkt\/diamant-kakelblad-oe-50-mm-for-torr-och-vaatklippning\/#primaryimage"},"image":{"@id":"https:\/\/murerpoint.dk\/sv\/produkt\/diamant-kakelblad-oe-50-mm-for-torr-och-vaatklippning\/#primaryimage"},"thumbnailUrl":"https:\/\/murerpoint.dk\/wp-content\/uploads\/2024\/09\/til_forsiden_-removebg-preview-1-e1726308942172.png","datePublished":"2024-09-14T09:29:31+00:00","dateModified":"2024-09-14T11:18:23+00:00","description":"Effektivt diamant kakelblad \u00d8 50 mm f\u00f6r torr- och v\u00e5tklippning. F\u00f6r exakta sk\u00e4rningar i kakel, marmor och natursten. Passar vinkelslipar med M14 g\u00e4nga.","breadcrumb":{"@id":"https:\/\/murerpoint.dk\/sv\/produkt\/diamant-kakelblad-oe-50-mm-for-torr-och-vaatklippning\/#breadcrumb"},"inLanguage":"sv-SE","potentialAction":[{"@type":"ReadAction","target":["https:\/\/murerpoint.dk\/sv\/produkt\/diamant-kakelblad-oe-50-mm-for-torr-och-vaatklippning\/"]}]},{"@type":"ImageObject","inLanguage":"sv-SE","@id":"https:\/\/murerpoint.dk\/sv\/produkt\/diamant-kakelblad-oe-50-mm-for-torr-och-vaatklippning\/#primaryimage","url":"https:\/\/murerpoint.dk\/wp-content\/uploads\/2024\/09\/til_forsiden_-removebg-preview-1-e1726308942172.png","contentUrl":"https:\/\/murerpoint.dk\/wp-content\/uploads\/2024\/09\/til_forsiden_-removebg-preview-1-e1726308942172.png","width":577,"height":433,"caption":"Diamant Fliseklinge \u00d8 50mm til montering p\u00e5 vinkelsliber"},{"@type":"BreadcrumbList","@id":"https:\/\/murerpoint.dk\/sv\/produkt\/diamant-kakelblad-oe-50-mm-for-torr-och-vaatklippning\/#breadcrumb","itemListElement":[{"@type":"ListItem","position":1,"name":"Hjem","item":"https:\/\/murerpoint.dk\/sv\/"},{"@type":"ListItem","position":2,"name":"SHOPPEN","item":"https:\/\/murerpoint.dk\/sv\/shoppen\/"},{"@type":"ListItem","position":3,"name":"Diamant kakelblad \u00d8 50 mm f\u00f6r Torr- och V\u00e5tklippning"}]},{"@type":"WebSite","@id":"https:\/\/murerpoint.dk\/sv\/#website","url":"https:\/\/murerpoint.dk\/sv\/","name":"Murerpoint","description":"kvalitets v\u00e6rkt\u00f8j","publisher":{"@id":"https:\/\/murerpoint.dk\/sv\/#organization"},"potentialAction":[{"@type":"SearchAction","target":{"@type":"EntryPoint","urlTemplate":"https:\/\/murerpoint.dk\/sv\/?s={search_term_string}"},"query-input":{"@type":"PropertyValueSpecification","valueRequired":true,"valueName":"search_term_string"}}],"inLanguage":"sv-SE"},{"@type":"Organization","@id":"https:\/\/murerpoint.dk\/sv\/#organization","name":"Murerpoint ApS","url":"https:\/\/murerpoint.dk\/sv\/","logo":{"@type":"ImageObject","inLanguage":"sv-SE","@id":"https:\/\/murerpoint.dk\/sv\/#\/schema\/logo\/image\/","url":"https:\/\/murerpoint.dk\/wp-content\/uploads\/2023\/12\/cropped-Sort-Midt-Roed-Mursten.png","contentUrl":"https:\/\/murerpoint.dk\/wp-content\/uploads\/2023\/12\/cropped-Sort-Midt-Roed-Mursten.png","width":512,"height":512,"caption":"Murerpoint ApS"},"image":{"@id":"https:\/\/murerpoint.dk\/sv\/#\/schema\/logo\/image\/"},"sameAs":["https:\/\/m.facebook.com\/profile.php?id=61555157262134","https:\/\/www.instagram.com\/murerpoint?igsh=azluMWV6cTnc2ts&utm_source=qr","https:\/\/www.tiktok.com\/@murerpoint?is_from_webapp=1&sender_device=pc"]}]},"product_price_amount":"16.05","product_price_currency":"EUR","og_availability":"instock","product_availability":"instock","product_retailer_item_id":"mp000137","product_condition":"new"},"_links":{"self":[{"href":"https:\/\/murerpoint.dk\/sv\/wp-json\/wp\/v2\/product\/6628","targetHints":{"allow":["GET"]}}],"collection":[{"href":"https:\/\/murerpoint.dk\/sv\/wp-json\/wp\/v2\/product"}],"about":[{"href":"https:\/\/murerpoint.dk\/sv\/wp-json\/wp\/v2\/types\/product"}],"replies":[{"embeddable":true,"href":"https:\/\/murerpoint.dk\/sv\/wp-json\/wp\/v2\/comments?post=6628"}],"wp:featuredmedia":[{"embeddable":true,"href":"https:\/\/murerpoint.dk\/sv\/wp-json\/wp\/v2\/media\/6606"}],"wp:attachment":[{"href":"https:\/\/murerpoint.dk\/sv\/wp-json\/wp\/v2\/media?parent=6628"}],"wp:term":[{"taxonomy":"product_brand","embeddable":true,"href":"https:\/\/murerpoint.dk\/sv\/wp-json\/wp\/v2\/product_brand?post=6628"},{"taxonomy":"product_cat","embeddable":true,"href":"https:\/\/murerpoint.dk\/sv\/wp-json\/wp\/v2\/product_cat?post=6628"},{"taxonomy":"product_tag","embeddable":true,"href":"https:\/\/murerpoint.dk\/sv\/wp-json\/wp\/v2\/product_tag?post=6628"}],"curies":[{"name":"wp","href":"https:\/\/api.w.org\/{rel}","templated":true}]}}