{"id":6686,"date":"2024-09-14T12:00:07","date_gmt":"2024-09-14T12:00:07","guid":{"rendered":"https:\/\/murerpoint.dk\/product\/diamant-schleiftopf-oe40-mm-fuer-ecken\/"},"modified":"2024-09-14T12:43:20","modified_gmt":"2024-09-14T12:43:20","slug":"diamant-kakelblad-oe40-mm-for-horn","status":"publish","type":"product","link":"https:\/\/murerpoint.dk\/sv\/produkt\/diamant-kakelblad-oe40-mm-for-horn\/","title":{"rendered":"Diamant kakelblad \u00d840 mm f\u00f6r H\u00f6rn"},"content":{"rendered":"<?xml encoding=\"utf-8\" ?><h5><strong>Diamant kakelblad &Oslash;40 mm f&ouml;r H&ouml;rn, Kanter och Begr&auml;nsade Utrymmen &ndash; Precision p&aring; Tr&aring;nga Platser<\/strong><\/h5><p>P&aring; Murerpoint.se f&ouml;rst&aring;r vi att n&auml;r du arbetar p&aring; tr&aring;nga platser, &auml;r precision och effektivitet avg&ouml;rande. V&aring;rt <strong>diamant kakelblad &Oslash;40 mm<\/strong> &auml;r s&auml;rskilt utformat f&ouml;r uppgifter d&auml;r utrymmet &auml;r begr&auml;nsat men precision fortfarande &auml;r viktigt.<\/p><p>Med en diameter p&aring; endast <strong>40 mm<\/strong> &auml;r denna <strong>speedm&ouml;nstrade<\/strong> diamant kakelblad perfekt f&ouml;r slipning av <strong>h&ouml;rn, kanter<\/strong>, och andra smala utrymmen. Den <strong>minsta diametern p&aring; marknaden<\/strong> s&auml;kerst&auml;ller att du kan utf&ouml;ra sliparbeten som annars skulle vara om&ouml;jliga med st&ouml;rre blad p&aring; &Oslash;115 mm eller &Oslash;125 mm.<\/p><hr><h5><strong>Varf&ouml;r v&auml;lja v&aring;rt diamant kakelblad &Oslash;40 mm?<\/strong><\/h5><ul>\n<li><strong>Maximal precision p&aring; sm&aring; utrymmen:<\/strong> L&auml;tt att n&aring; in i h&ouml;rn och tr&aring;nga utrymmen d&auml;r st&ouml;rre blad inte kommer &aring;t.<\/li>\n<li><strong>M&aring;ngsidigt och effektivt:<\/strong> Perfekt f&ouml;r b&aring;de <strong>grovt<\/strong> och <strong>fint<\/strong> sliparbete av kakel, stenplattor, granit, keramik, porslin, betong och h&auml;rdad kakelfix.<\/li>\n<li><strong>H&ouml;g hastighet och kvalitet:<\/strong> Speedm&ouml;nstret s&auml;kerst&auml;ller effektiv slipning s&aring; att du kan slutf&ouml;ra dina uppgifter snabbare och med h&ouml;g precision.<\/li>\n<li><strong>Enkel montering:<\/strong> Utrustad med <strong>M14 g&auml;nga<\/strong>, vilket g&ouml;r att den l&auml;tt kan monteras direkt p&aring; din vinkelslip f&ouml;r snabb start.<\/li>\n<\/ul><hr><p><strong>Vi vet vad du beh&ouml;ver!<\/strong><br>\nP&aring; Murerpoint &auml;r vi engagerade i att leverera verktyg av h&ouml;gsta kvalitet som &auml;r skr&auml;ddarsydda f&ouml;r dina specifika behov. Med v&aring;ra produkter f&aring;r du inte bara ett effektivt verktyg utan &auml;ven den b&auml;sta kundtj&auml;nsten och supporten f&ouml;r att slutf&ouml;ra dina projekt med framg&aring;ng.<\/p>\n","protected":false},"excerpt":{"rendered":"<h5><strong>Diamant kakelblad \u00d840 mm f\u00f6r H\u00f6rn<\/strong><\/h5>\n<p><strong>Diamant kakelblad \u00d840 mm<\/strong> f\u00f6r slipning av h\u00f6rn, kanter och smala utrymmen. Perfekt f\u00f6r torrslipning av kakel, granit, keramik och betong. Monteras enkelt med M14 g\u00e4nga.<\/p>\n","protected":false},"featured_media":6666,"comment_status":"open","ping_status":"closed","template":"","meta":[],"product_brand":[],"product_cat":[1778,1240,1250,4188],"product_tag":[1241,2133,6809,1964,7466,7379,1592,1779,7467,4834,5350,11381,11382,7468,7469,7470,7471,7472,7473,7386,2168,2135,4838,7474,7475,7476,7477,7478,7479,6818,6819,7388,7389,7390,7391,7392,7393,6822,7395,7480,7398,7481,4845,4846,4847,4848,7482,7483,7484,7485,7486,7405,5723,2640],"class_list":{"0":"post-6686","1":"product","2":"type-product","3":"status-publish","4":"has-post-thumbnail","6":"product_cat-diamant-gatkuller-sv","7":"product_cat-diamant-klinger-sv","8":"product_cat-diamantklingor-for-vinkelslip-sv","9":"product_cat-slipverktyg-for-proffs-och-gor-det-sjalv-anvandare-sv","10":"product_tag-beton-sv","11":"product_tag-betong-sv","12":"product_tag-ceramic-sv","13":"product_tag-concrete-sv","14":"product_tag-corners-sv","15":"product_tag-diamantfliseklinge-sv","16":"product_tag-diamantkakelblad-sv","17":"product_tag-diamantkopsten-sv","18":"product_tag-diamantschleiftopf-sv","19":"product_tag-diamantslijpschijf-sv","20":"product_tag-diamondcupwheel-sv","21":"product_tag-diatech_diamant-sv","22":"product_tag-diatechdiamant-sv","23":"product_tag-droogslijpen-sv","24":"product_tag-drygrinding-sv","25":"product_tag-ecken-sv","26":"product_tag-edges-sv","27":"product_tag-fliesen-sv","28":"product_tag-fliser-sv","29":"product_tag-fliseskaering-sv","30":"product_tag-granit-sv","31":"product_tag-granite-sv","32":"product_tag-grinding-sv","33":"product_tag-hjoerner-sv","34":"product_tag-hoeken-sv","35":"product_tag-hoern-sv","36":"product_tag-kakel-sv","37":"product_tag-kanten-sv","38":"product_tag-kanter-sv","39":"product_tag-keramiek-sv","40":"product_tag-keramik-sv","41":"product_tag-keramiskefliser-sv","42":"product_tag-m14draad-sv","43":"product_tag-m14gaenga-sv","44":"product_tag-m14gevind-sv","45":"product_tag-m14gewinde-sv","46":"product_tag-m14thread-sv","47":"product_tag-marmor-sv","48":"product_tag-natursten-sv","49":"product_tag-oe40mm-sv","50":"product_tag-praecisering-sv","51":"product_tag-randen-sv","52":"product_tag-schleifen-sv","53":"product_tag-slibning-sv","54":"product_tag-slijpen-sv","55":"product_tag-slipning-sv","56":"product_tag-tegels-sv","57":"product_tag-tiles-sv","58":"product_tag-torrslipning-sv","59":"product_tag-toerslibning-sv","60":"product_tag-trockenschleifen-sv","61":"product_tag-vaadogtoerskaering-sv","62":"product_tag-vinkelsliber-sv","63":"product_tag-googleads-sv","65":"first","66":"instock","67":"taxable","68":"shipping-taxable","69":"purchasable","70":"product-type-simple"},"yoast_head":"<!-- This site is optimized with the Yoast SEO plugin v27.4 - https:\/\/yoast.com\/product\/yoast-seo-wordpress\/ -->\n<title>Diamant kakelblad \u00d840 mm f\u00f6r H\u00f6rn - Murerpoint ApS<\/title>\n<meta name=\"description\" content=\"Effektivt diamant kakelblad \u00d840 mm f\u00f6r h\u00f6rn och kanter. Perfekt f\u00f6r torrslipning av kakel, stenplattor och betong. K\u00f6p nu hos Murerpoint\" \/>\n<meta name=\"robots\" content=\"index, follow, max-snippet:-1, max-image-preview:large, max-video-preview:-1\" \/>\n<link rel=\"canonical\" href=\"https:\/\/murerpoint.dk\/sv\/produkt\/diamant-kakelblad-oe40-mm-for-horn\/\" \/>\n<meta property=\"og:locale\" content=\"sv_SE\" \/>\n<meta property=\"og:type\" content=\"article\" \/>\n<meta property=\"og:title\" content=\"Diamant kakelblad \u00d840 mm f\u00f6r H\u00f6rn - Murerpoint ApS\" \/>\n<meta property=\"og:description\" content=\"Effektivt diamant kakelblad \u00d840 mm f\u00f6r h\u00f6rn och kanter. Perfekt f\u00f6r torrslipning av kakel, stenplattor och betong. K\u00f6p nu hos Murerpoint\" \/>\n<meta property=\"og:url\" content=\"https:\/\/murerpoint.dk\/sv\/produkt\/diamant-kakelblad-oe40-mm-for-horn\/\" \/>\n<meta property=\"og:site_name\" content=\"Murerpoint ApS\" \/>\n<meta property=\"article:publisher\" content=\"https:\/\/m.facebook.com\/profile.php?id=61555157262134\" \/>\n<meta property=\"article:modified_time\" content=\"2024-09-14T12:43:20+00:00\" \/>\n<meta property=\"og:image\" content=\"https:\/\/murerpoint.dk\/wp-content\/uploads\/2024\/09\/IMG_8770-removebg-preview.png\" \/>\n\t<meta property=\"og:image:width\" content=\"433\" \/>\n\t<meta property=\"og:image:height\" content=\"577\" \/>\n\t<meta property=\"og:image:type\" content=\"image\/png\" \/>\n<meta name=\"twitter:card\" content=\"summary_large_image\" \/>\n<meta name=\"twitter:label1\" content=\"Pris\" \/>\n\t<meta name=\"twitter:data1\" content=\"&euro;17.39 Pris ekskl. moms: &euro;13.91\" \/>\n\t<meta name=\"twitter:label2\" content=\"Tillg\u00e4nglig\" \/>\n\t<meta name=\"twitter:data2\" content=\"I lager\" \/>\n<script type=\"application\/ld+json\" class=\"yoast-schema-graph\">{\"@context\":\"https:\\\/\\\/schema.org\",\"@graph\":[{\"@type\":\"WebPage\",\"@id\":\"https:\\\/\\\/murerpoint.dk\\\/sv\\\/produkt\\\/diamant-kakelblad-oe40-mm-for-horn\\\/\",\"url\":\"https:\\\/\\\/murerpoint.dk\\\/sv\\\/produkt\\\/diamant-kakelblad-oe40-mm-for-horn\\\/\",\"name\":\"Diamant kakelblad \u00d840 mm f\u00f6r H\u00f6rn - Murerpoint ApS\",\"isPartOf\":{\"@id\":\"https:\\\/\\\/murerpoint.dk\\\/sv\\\/#website\"},\"primaryImageOfPage\":{\"@id\":\"https:\\\/\\\/murerpoint.dk\\\/sv\\\/produkt\\\/diamant-kakelblad-oe40-mm-for-horn\\\/#primaryimage\"},\"image\":{\"@id\":\"https:\\\/\\\/murerpoint.dk\\\/sv\\\/produkt\\\/diamant-kakelblad-oe40-mm-for-horn\\\/#primaryimage\"},\"thumbnailUrl\":\"https:\\\/\\\/murerpoint.dk\\\/wp-content\\\/uploads\\\/2024\\\/09\\\/IMG_8770-removebg-preview.png\",\"datePublished\":\"2024-09-14T12:00:07+00:00\",\"dateModified\":\"2024-09-14T12:43:20+00:00\",\"description\":\"Effektivt diamant kakelblad \u00d840 mm f\u00f6r h\u00f6rn och kanter. Perfekt f\u00f6r torrslipning av kakel, stenplattor och betong. K\u00f6p nu hos Murerpoint\",\"breadcrumb\":{\"@id\":\"https:\\\/\\\/murerpoint.dk\\\/sv\\\/produkt\\\/diamant-kakelblad-oe40-mm-for-horn\\\/#breadcrumb\"},\"inLanguage\":\"sv-SE\",\"potentialAction\":[{\"@type\":\"ReadAction\",\"target\":[\"https:\\\/\\\/murerpoint.dk\\\/sv\\\/produkt\\\/diamant-kakelblad-oe40-mm-for-horn\\\/\"]}]},{\"@type\":\"ImageObject\",\"inLanguage\":\"sv-SE\",\"@id\":\"https:\\\/\\\/murerpoint.dk\\\/sv\\\/produkt\\\/diamant-kakelblad-oe40-mm-for-horn\\\/#primaryimage\",\"url\":\"https:\\\/\\\/murerpoint.dk\\\/wp-content\\\/uploads\\\/2024\\\/09\\\/IMG_8770-removebg-preview.png\",\"contentUrl\":\"https:\\\/\\\/murerpoint.dk\\\/wp-content\\\/uploads\\\/2024\\\/09\\\/IMG_8770-removebg-preview.png\",\"width\":433,\"height\":577,\"caption\":\"Diamantkopsten \u00f840 mm til hj\u00f8rner, kanter og steder med begr\u00e6nset plads\"},{\"@type\":\"BreadcrumbList\",\"@id\":\"https:\\\/\\\/murerpoint.dk\\\/sv\\\/produkt\\\/diamant-kakelblad-oe40-mm-for-horn\\\/#breadcrumb\",\"itemListElement\":[{\"@type\":\"ListItem\",\"position\":1,\"name\":\"Hjem\",\"item\":\"https:\\\/\\\/murerpoint.dk\\\/sv\\\/\"},{\"@type\":\"ListItem\",\"position\":2,\"name\":\"SHOPPEN\",\"item\":\"https:\\\/\\\/murerpoint.dk\\\/sv\\\/shoppen\\\/\"},{\"@type\":\"ListItem\",\"position\":3,\"name\":\"Diamant kakelblad \u00d840 mm f\u00f6r H\u00f6rn\"}]},{\"@type\":\"WebSite\",\"@id\":\"https:\\\/\\\/murerpoint.dk\\\/sv\\\/#website\",\"url\":\"https:\\\/\\\/murerpoint.dk\\\/sv\\\/\",\"name\":\"Murerpoint\",\"description\":\"kvalitets v\u00e6rkt\u00f8j\",\"publisher\":{\"@id\":\"https:\\\/\\\/murerpoint.dk\\\/sv\\\/#organization\"},\"potentialAction\":[{\"@type\":\"SearchAction\",\"target\":{\"@type\":\"EntryPoint\",\"urlTemplate\":\"https:\\\/\\\/murerpoint.dk\\\/sv\\\/?s={search_term_string}\"},\"query-input\":{\"@type\":\"PropertyValueSpecification\",\"valueRequired\":true,\"valueName\":\"search_term_string\"}}],\"inLanguage\":\"sv-SE\"},{\"@type\":\"Organization\",\"@id\":\"https:\\\/\\\/murerpoint.dk\\\/sv\\\/#organization\",\"name\":\"Murerpoint ApS\",\"url\":\"https:\\\/\\\/murerpoint.dk\\\/sv\\\/\",\"logo\":{\"@type\":\"ImageObject\",\"inLanguage\":\"sv-SE\",\"@id\":\"https:\\\/\\\/murerpoint.dk\\\/sv\\\/#\\\/schema\\\/logo\\\/image\\\/\",\"url\":\"https:\\\/\\\/murerpoint.dk\\\/wp-content\\\/uploads\\\/2023\\\/12\\\/cropped-Sort-Midt-Roed-Mursten.png\",\"contentUrl\":\"https:\\\/\\\/murerpoint.dk\\\/wp-content\\\/uploads\\\/2023\\\/12\\\/cropped-Sort-Midt-Roed-Mursten.png\",\"width\":512,\"height\":512,\"caption\":\"Murerpoint ApS\"},\"image\":{\"@id\":\"https:\\\/\\\/murerpoint.dk\\\/sv\\\/#\\\/schema\\\/logo\\\/image\\\/\"},\"sameAs\":[\"https:\\\/\\\/m.facebook.com\\\/profile.php?id=61555157262134\",\"https:\\\/\\\/www.instagram.com\\\/murerpoint?igsh=azluMWV6cTnc2ts&utm_source=qr\",\"https:\\\/\\\/www.tiktok.com\\\/@murerpoint?is_from_webapp=1&sender_device=pc\"]}]}<\/script>\n<meta property=\"product:price:amount\" content=\"17.39\" \/>\n<meta property=\"product:price:currency\" content=\"EUR\" \/>\n<meta property=\"og:availability\" content=\"instock\" \/>\n<meta property=\"product:availability\" content=\"instock\" \/>\n<meta property=\"product:retailer_item_id\" content=\"mp000138\" \/>\n<meta property=\"product:condition\" content=\"new\" \/>\n<!-- \/ Yoast SEO plugin. -->","yoast_head_json":{"title":"Diamant kakelblad \u00d840 mm f\u00f6r H\u00f6rn - Murerpoint ApS","description":"Effektivt diamant kakelblad \u00d840 mm f\u00f6r h\u00f6rn och kanter. Perfekt f\u00f6r torrslipning av kakel, stenplattor och betong. K\u00f6p nu hos Murerpoint","robots":{"index":"index","follow":"follow","max-snippet":"max-snippet:-1","max-image-preview":"max-image-preview:large","max-video-preview":"max-video-preview:-1"},"canonical":"https:\/\/murerpoint.dk\/sv\/produkt\/diamant-kakelblad-oe40-mm-for-horn\/","og_locale":"sv_SE","og_type":"article","og_title":"Diamant kakelblad \u00d840 mm f\u00f6r H\u00f6rn - Murerpoint ApS","og_description":"Effektivt diamant kakelblad \u00d840 mm f\u00f6r h\u00f6rn och kanter. Perfekt f\u00f6r torrslipning av kakel, stenplattor och betong. K\u00f6p nu hos Murerpoint","og_url":"https:\/\/murerpoint.dk\/sv\/produkt\/diamant-kakelblad-oe40-mm-for-horn\/","og_site_name":"Murerpoint ApS","article_publisher":"https:\/\/m.facebook.com\/profile.php?id=61555157262134","article_modified_time":"2024-09-14T12:43:20+00:00","og_image":[{"width":433,"height":577,"url":"https:\/\/murerpoint.dk\/wp-content\/uploads\/2024\/09\/IMG_8770-removebg-preview.png","type":"image\/png"}],"twitter_card":"summary_large_image","twitter_misc":{"Pris":"&euro;17.39 Pris ekskl. moms: &euro;13.91","Tillg\u00e4nglig":"I lager"},"schema":{"@context":"https:\/\/schema.org","@graph":[{"@type":"WebPage","@id":"https:\/\/murerpoint.dk\/sv\/produkt\/diamant-kakelblad-oe40-mm-for-horn\/","url":"https:\/\/murerpoint.dk\/sv\/produkt\/diamant-kakelblad-oe40-mm-for-horn\/","name":"Diamant kakelblad \u00d840 mm f\u00f6r H\u00f6rn - Murerpoint ApS","isPartOf":{"@id":"https:\/\/murerpoint.dk\/sv\/#website"},"primaryImageOfPage":{"@id":"https:\/\/murerpoint.dk\/sv\/produkt\/diamant-kakelblad-oe40-mm-for-horn\/#primaryimage"},"image":{"@id":"https:\/\/murerpoint.dk\/sv\/produkt\/diamant-kakelblad-oe40-mm-for-horn\/#primaryimage"},"thumbnailUrl":"https:\/\/murerpoint.dk\/wp-content\/uploads\/2024\/09\/IMG_8770-removebg-preview.png","datePublished":"2024-09-14T12:00:07+00:00","dateModified":"2024-09-14T12:43:20+00:00","description":"Effektivt diamant kakelblad \u00d840 mm f\u00f6r h\u00f6rn och kanter. Perfekt f\u00f6r torrslipning av kakel, stenplattor och betong. K\u00f6p nu hos Murerpoint","breadcrumb":{"@id":"https:\/\/murerpoint.dk\/sv\/produkt\/diamant-kakelblad-oe40-mm-for-horn\/#breadcrumb"},"inLanguage":"sv-SE","potentialAction":[{"@type":"ReadAction","target":["https:\/\/murerpoint.dk\/sv\/produkt\/diamant-kakelblad-oe40-mm-for-horn\/"]}]},{"@type":"ImageObject","inLanguage":"sv-SE","@id":"https:\/\/murerpoint.dk\/sv\/produkt\/diamant-kakelblad-oe40-mm-for-horn\/#primaryimage","url":"https:\/\/murerpoint.dk\/wp-content\/uploads\/2024\/09\/IMG_8770-removebg-preview.png","contentUrl":"https:\/\/murerpoint.dk\/wp-content\/uploads\/2024\/09\/IMG_8770-removebg-preview.png","width":433,"height":577,"caption":"Diamantkopsten \u00f840 mm til hj\u00f8rner, kanter og steder med begr\u00e6nset plads"},{"@type":"BreadcrumbList","@id":"https:\/\/murerpoint.dk\/sv\/produkt\/diamant-kakelblad-oe40-mm-for-horn\/#breadcrumb","itemListElement":[{"@type":"ListItem","position":1,"name":"Hjem","item":"https:\/\/murerpoint.dk\/sv\/"},{"@type":"ListItem","position":2,"name":"SHOPPEN","item":"https:\/\/murerpoint.dk\/sv\/shoppen\/"},{"@type":"ListItem","position":3,"name":"Diamant kakelblad \u00d840 mm f\u00f6r H\u00f6rn"}]},{"@type":"WebSite","@id":"https:\/\/murerpoint.dk\/sv\/#website","url":"https:\/\/murerpoint.dk\/sv\/","name":"Murerpoint","description":"kvalitets v\u00e6rkt\u00f8j","publisher":{"@id":"https:\/\/murerpoint.dk\/sv\/#organization"},"potentialAction":[{"@type":"SearchAction","target":{"@type":"EntryPoint","urlTemplate":"https:\/\/murerpoint.dk\/sv\/?s={search_term_string}"},"query-input":{"@type":"PropertyValueSpecification","valueRequired":true,"valueName":"search_term_string"}}],"inLanguage":"sv-SE"},{"@type":"Organization","@id":"https:\/\/murerpoint.dk\/sv\/#organization","name":"Murerpoint ApS","url":"https:\/\/murerpoint.dk\/sv\/","logo":{"@type":"ImageObject","inLanguage":"sv-SE","@id":"https:\/\/murerpoint.dk\/sv\/#\/schema\/logo\/image\/","url":"https:\/\/murerpoint.dk\/wp-content\/uploads\/2023\/12\/cropped-Sort-Midt-Roed-Mursten.png","contentUrl":"https:\/\/murerpoint.dk\/wp-content\/uploads\/2023\/12\/cropped-Sort-Midt-Roed-Mursten.png","width":512,"height":512,"caption":"Murerpoint ApS"},"image":{"@id":"https:\/\/murerpoint.dk\/sv\/#\/schema\/logo\/image\/"},"sameAs":["https:\/\/m.facebook.com\/profile.php?id=61555157262134","https:\/\/www.instagram.com\/murerpoint?igsh=azluMWV6cTnc2ts&utm_source=qr","https:\/\/www.tiktok.com\/@murerpoint?is_from_webapp=1&sender_device=pc"]}]},"product_price_amount":"17.39","product_price_currency":"EUR","og_availability":"instock","product_availability":"instock","product_retailer_item_id":"mp000138","product_condition":"new"},"_links":{"self":[{"href":"https:\/\/murerpoint.dk\/sv\/wp-json\/wp\/v2\/product\/6686","targetHints":{"allow":["GET"]}}],"collection":[{"href":"https:\/\/murerpoint.dk\/sv\/wp-json\/wp\/v2\/product"}],"about":[{"href":"https:\/\/murerpoint.dk\/sv\/wp-json\/wp\/v2\/types\/product"}],"replies":[{"embeddable":true,"href":"https:\/\/murerpoint.dk\/sv\/wp-json\/wp\/v2\/comments?post=6686"}],"wp:featuredmedia":[{"embeddable":true,"href":"https:\/\/murerpoint.dk\/sv\/wp-json\/wp\/v2\/media\/6666"}],"wp:attachment":[{"href":"https:\/\/murerpoint.dk\/sv\/wp-json\/wp\/v2\/media?parent=6686"}],"wp:term":[{"taxonomy":"product_brand","embeddable":true,"href":"https:\/\/murerpoint.dk\/sv\/wp-json\/wp\/v2\/product_brand?post=6686"},{"taxonomy":"product_cat","embeddable":true,"href":"https:\/\/murerpoint.dk\/sv\/wp-json\/wp\/v2\/product_cat?post=6686"},{"taxonomy":"product_tag","embeddable":true,"href":"https:\/\/murerpoint.dk\/sv\/wp-json\/wp\/v2\/product_tag?post=6686"}],"curies":[{"name":"wp","href":"https:\/\/api.w.org\/{rel}","templated":true}]}}