{"id":6721,"date":"2024-09-14T13:52:17","date_gmt":"2024-09-14T13:52:17","guid":{"rendered":"https:\/\/murerpoint.dk\/product\/diamant-schleiftopf-oe60-mm-fuer-ecken\/"},"modified":"2024-09-15T19:09:05","modified_gmt":"2024-09-15T19:09:05","slug":"diamant-kakelblad-oe60-mm-for-horn","status":"publish","type":"product","link":"https:\/\/murerpoint.dk\/sv\/produkt\/diamant-kakelblad-oe60-mm-for-horn\/","title":{"rendered":"Diamant kakelblad \u00d860 mm f\u00f6r H\u00f6rn"},"content":{"rendered":"<?xml encoding=\"utf-8\" ?><h5><strong>Diamant kakelblad &Oslash;60 mm f&ouml;r H&ouml;rn, Kanter och Tr&aring;nga Utrymmen &ndash; Storebror till &Oslash;40 mm<\/strong><\/h5><p>N&auml;r du beh&ouml;ver t&auml;cka ett st&ouml;rre omr&aring;de utan att kompromissa med precision &auml;r v&aring;rt <strong>diamant kakelblad &Oslash;60 mm<\/strong> den perfekta l&ouml;sningen. Detta blad &auml;r <strong>storebror<\/strong> till v&aring;r &Oslash;40 mm modell och &auml;r idealisk f&ouml;r uppgifter d&auml;r b&aring;de en liten diameter och snabbare t&auml;ckning av st&ouml;rre ytor kr&auml;vs.<\/p><p>Med sin <strong>&Oslash;60 mm diameter<\/strong> slipar detta <strong>speedm&ouml;nstrade<\/strong> diamantblad effektivt ytor d&auml;r st&ouml;rre blad, s&aring;som &Oslash;115 mm eller &Oslash;125 mm, inte n&aring;r. Perfekt f&ouml;r <strong>reparationer av kakel och sten<\/strong> samt slipning av ytor i <strong>begr&auml;nsade utrymmen<\/strong>, d&auml;r precision och effektivitet g&aring;r hand i hand.<\/p><hr><p><strong>Varf&ouml;r v&auml;lja v&aring;rt diamant kakelblad &Oslash;60 mm?<\/strong><\/p><ul>\n<li><strong>Snabbare t&auml;ckning med precision:<\/strong> Den st&ouml;rre diametern s&auml;kerst&auml;ller att du t&auml;cker mer yta snabbare &auml;n med mindre blad samtidigt som du beh&aring;ller precisionen.<\/li>\n<li><strong>Perfekt f&ouml;r b&aring;de grova och fina uppgifter:<\/strong> Anv&auml;nd den f&ouml;r b&aring;de <strong>grovt<\/strong> och <strong>fint<\/strong> sliparbete av granit, kakel, keramik, betong och h&auml;rdad kakelfix.<\/li>\n<li><strong>Enkel montering med M14 g&auml;nga:<\/strong> Precis som v&aring;rt &Oslash;40 mm blad &auml;r detta utformat f&ouml;r att enkelt skruvas fast p&aring; vinkelslipen med <strong>M14 g&auml;nga<\/strong>, s&aring; att du snabbt kan komma ig&aring;ng.<\/li>\n<li><strong>F&ouml;r kr&auml;vande jobb:<\/strong> Oavsett om du arbetar med <strong>torrslipning<\/strong> eller tuffa reparationsuppgifter, kan du lita p&aring; att detta blad levererar varje g&aring;ng.<\/li>\n<\/ul><hr><p><strong>Din tillfredsst&auml;llelse &auml;r v&aring;r prioritet!<\/strong><br>\nP&aring; Murerpoint kompromissar vi aldrig med kvaliteten. Vi tillhandah&aring;ller verktyg som uppfyller dina behov och hj&auml;lper dig att uppn&aring; b&auml;sta m&ouml;jliga resultat &ndash; varje g&aring;ng. Med v&aring;r service &auml;r du garanterad b&aring;de p&aring;litlighet och st&ouml;d f&ouml;r alla dina projekt.<\/p>\n","protected":false},"excerpt":{"rendered":"<h5><strong>Diamant kakelblad \u00d860 mm f\u00f6r H\u00f6rn<\/strong><\/h5>\n<p><strong>Diamant kakelblad \u00d860 mm<\/strong> f\u00f6r slipning av h\u00f6rn, kanter och sm\u00e5 ytor. Perfekt f\u00f6r torrslipning av kakel, betong och granit. Monteras enkelt med M14 g\u00e4nga.<\/p>\n","protected":false},"featured_media":6695,"comment_status":"open","ping_status":"closed","template":"","meta":[],"product_brand":[],"product_cat":[1778,1240,1250,4188],"product_tag":[1241,2133,6809,1964,7466,1592,1779,7467,4834,5350,7468,7469,7470,7471,7472,7473,2168,2135,4838,7474,7475,7476,7477,7478,7479,6818,6819,7389,7390,7391,7392,7393,7512,7481,4845,4846,4847,4848,7482,7483,7484,7485,7486,2640],"class_list":{"0":"post-6721","1":"product","2":"type-product","3":"status-publish","4":"has-post-thumbnail","6":"product_cat-diamant-gatkuller-sv","7":"product_cat-diamant-klinger-sv","8":"product_cat-diamantklingor-for-vinkelslip-sv","9":"product_cat-slipverktyg-for-proffs-och-gor-det-sjalv-anvandare-sv","10":"product_tag-beton-sv","11":"product_tag-betong-sv","12":"product_tag-ceramic-sv","13":"product_tag-concrete-sv","14":"product_tag-corners-sv","15":"product_tag-diamantkakelblad-sv","16":"product_tag-diamantkopsten-sv","17":"product_tag-diamantschleiftopf-sv","18":"product_tag-diamantslijpschijf-sv","19":"product_tag-diamondcupwheel-sv","20":"product_tag-droogslijpen-sv","21":"product_tag-drygrinding-sv","22":"product_tag-ecken-sv","23":"product_tag-edges-sv","24":"product_tag-fliesen-sv","25":"product_tag-fliser-sv","26":"product_tag-granit-sv","27":"product_tag-granite-sv","28":"product_tag-grinding-sv","29":"product_tag-hjoerner-sv","30":"product_tag-hoeken-sv","31":"product_tag-hoern-sv","32":"product_tag-kakel-sv","33":"product_tag-kanten-sv","34":"product_tag-kanter-sv","35":"product_tag-keramiek-sv","36":"product_tag-keramik-sv","37":"product_tag-m14draad-sv","38":"product_tag-m14gaenga-sv","39":"product_tag-m14gevind-sv","40":"product_tag-m14gewinde-sv","41":"product_tag-m14thread-sv","42":"product_tag-oe60mm-sv","43":"product_tag-randen-sv","44":"product_tag-schleifen-sv","45":"product_tag-slibning-sv","46":"product_tag-slijpen-sv","47":"product_tag-slipning-sv","48":"product_tag-tegels-sv","49":"product_tag-tiles-sv","50":"product_tag-torrslipning-sv","51":"product_tag-toerslibning-sv","52":"product_tag-trockenschleifen-sv","53":"product_tag-googleads-sv","55":"first","56":"instock","57":"taxable","58":"shipping-taxable","59":"purchasable","60":"product-type-simple"},"yoast_head":"<!-- This site is optimized with the Yoast SEO plugin v27.4 - https:\/\/yoast.com\/product\/yoast-seo-wordpress\/ -->\n<title>Diamant kakelblad \u00d860 mm f\u00f6r H\u00f6rn - Murerpoint ApS<\/title>\n<meta name=\"description\" content=\"Effektivt diamant kakelblad \u00d860 mm f\u00f6r torrslipning av kakel, granit och betong. Perfekt f\u00f6r st\u00f6rre sliparbeten. K\u00f6p nu hos Murerpoint!\" \/>\n<meta name=\"robots\" content=\"index, follow, max-snippet:-1, max-image-preview:large, max-video-preview:-1\" \/>\n<link rel=\"canonical\" href=\"https:\/\/murerpoint.dk\/sv\/produkt\/diamant-kakelblad-oe60-mm-for-horn\/\" \/>\n<meta property=\"og:locale\" content=\"sv_SE\" \/>\n<meta property=\"og:type\" content=\"article\" \/>\n<meta property=\"og:title\" content=\"Diamant kakelblad \u00d860 mm f\u00f6r H\u00f6rn - Murerpoint ApS\" \/>\n<meta property=\"og:description\" content=\"Effektivt diamant kakelblad \u00d860 mm f\u00f6r torrslipning av kakel, granit och betong. Perfekt f\u00f6r st\u00f6rre sliparbeten. K\u00f6p nu hos Murerpoint!\" \/>\n<meta property=\"og:url\" content=\"https:\/\/murerpoint.dk\/sv\/produkt\/diamant-kakelblad-oe60-mm-for-horn\/\" \/>\n<meta property=\"og:site_name\" content=\"Murerpoint ApS\" \/>\n<meta property=\"article:publisher\" content=\"https:\/\/m.facebook.com\/profile.php?id=61555157262134\" \/>\n<meta property=\"article:modified_time\" content=\"2024-09-15T19:09:05+00:00\" \/>\n<meta property=\"og:image\" content=\"https:\/\/murerpoint.dk\/wp-content\/uploads\/2024\/09\/IMG_8782-removebg-preview.png\" \/>\n\t<meta property=\"og:image:width\" content=\"433\" \/>\n\t<meta property=\"og:image:height\" content=\"577\" \/>\n\t<meta property=\"og:image:type\" content=\"image\/png\" \/>\n<meta name=\"twitter:card\" content=\"summary_large_image\" \/>\n<meta name=\"twitter:label1\" content=\"Pris\" \/>\n\t<meta name=\"twitter:data1\" content=\"&euro;20.06 Pris ekskl. moms: &euro;16.05\" \/>\n\t<meta name=\"twitter:label2\" content=\"Tillg\u00e4nglig\" \/>\n\t<meta name=\"twitter:data2\" content=\"I lager\" \/>\n<script type=\"application\/ld+json\" class=\"yoast-schema-graph\">{\"@context\":\"https:\\\/\\\/schema.org\",\"@graph\":[{\"@type\":\"WebPage\",\"@id\":\"https:\\\/\\\/murerpoint.dk\\\/sv\\\/produkt\\\/diamant-kakelblad-oe60-mm-for-horn\\\/\",\"url\":\"https:\\\/\\\/murerpoint.dk\\\/sv\\\/produkt\\\/diamant-kakelblad-oe60-mm-for-horn\\\/\",\"name\":\"Diamant kakelblad \u00d860 mm f\u00f6r H\u00f6rn - Murerpoint ApS\",\"isPartOf\":{\"@id\":\"https:\\\/\\\/murerpoint.dk\\\/sv\\\/#website\"},\"primaryImageOfPage\":{\"@id\":\"https:\\\/\\\/murerpoint.dk\\\/sv\\\/produkt\\\/diamant-kakelblad-oe60-mm-for-horn\\\/#primaryimage\"},\"image\":{\"@id\":\"https:\\\/\\\/murerpoint.dk\\\/sv\\\/produkt\\\/diamant-kakelblad-oe60-mm-for-horn\\\/#primaryimage\"},\"thumbnailUrl\":\"https:\\\/\\\/murerpoint.dk\\\/wp-content\\\/uploads\\\/2024\\\/09\\\/IMG_8782-removebg-preview.png\",\"datePublished\":\"2024-09-14T13:52:17+00:00\",\"dateModified\":\"2024-09-15T19:09:05+00:00\",\"description\":\"Effektivt diamant kakelblad \u00d860 mm f\u00f6r torrslipning av kakel, granit och betong. Perfekt f\u00f6r st\u00f6rre sliparbeten. K\u00f6p nu hos Murerpoint!\",\"breadcrumb\":{\"@id\":\"https:\\\/\\\/murerpoint.dk\\\/sv\\\/produkt\\\/diamant-kakelblad-oe60-mm-for-horn\\\/#breadcrumb\"},\"inLanguage\":\"sv-SE\",\"potentialAction\":[{\"@type\":\"ReadAction\",\"target\":[\"https:\\\/\\\/murerpoint.dk\\\/sv\\\/produkt\\\/diamant-kakelblad-oe60-mm-for-horn\\\/\"]}]},{\"@type\":\"ImageObject\",\"inLanguage\":\"sv-SE\",\"@id\":\"https:\\\/\\\/murerpoint.dk\\\/sv\\\/produkt\\\/diamant-kakelblad-oe60-mm-for-horn\\\/#primaryimage\",\"url\":\"https:\\\/\\\/murerpoint.dk\\\/wp-content\\\/uploads\\\/2024\\\/09\\\/IMG_8782-removebg-preview.png\",\"contentUrl\":\"https:\\\/\\\/murerpoint.dk\\\/wp-content\\\/uploads\\\/2024\\\/09\\\/IMG_8782-removebg-preview.png\",\"width\":433,\"height\":577,\"caption\":\"\u00f8 60 mm M14 gevind segmenth\u00f8jde 5 mm\"},{\"@type\":\"BreadcrumbList\",\"@id\":\"https:\\\/\\\/murerpoint.dk\\\/sv\\\/produkt\\\/diamant-kakelblad-oe60-mm-for-horn\\\/#breadcrumb\",\"itemListElement\":[{\"@type\":\"ListItem\",\"position\":1,\"name\":\"Hjem\",\"item\":\"https:\\\/\\\/murerpoint.dk\\\/sv\\\/\"},{\"@type\":\"ListItem\",\"position\":2,\"name\":\"SHOPPEN\",\"item\":\"https:\\\/\\\/murerpoint.dk\\\/sv\\\/shoppen\\\/\"},{\"@type\":\"ListItem\",\"position\":3,\"name\":\"Diamant kakelblad \u00d860 mm f\u00f6r H\u00f6rn\"}]},{\"@type\":\"WebSite\",\"@id\":\"https:\\\/\\\/murerpoint.dk\\\/sv\\\/#website\",\"url\":\"https:\\\/\\\/murerpoint.dk\\\/sv\\\/\",\"name\":\"Murerpoint\",\"description\":\"kvalitets v\u00e6rkt\u00f8j\",\"publisher\":{\"@id\":\"https:\\\/\\\/murerpoint.dk\\\/sv\\\/#organization\"},\"potentialAction\":[{\"@type\":\"SearchAction\",\"target\":{\"@type\":\"EntryPoint\",\"urlTemplate\":\"https:\\\/\\\/murerpoint.dk\\\/sv\\\/?s={search_term_string}\"},\"query-input\":{\"@type\":\"PropertyValueSpecification\",\"valueRequired\":true,\"valueName\":\"search_term_string\"}}],\"inLanguage\":\"sv-SE\"},{\"@type\":\"Organization\",\"@id\":\"https:\\\/\\\/murerpoint.dk\\\/sv\\\/#organization\",\"name\":\"Murerpoint ApS\",\"url\":\"https:\\\/\\\/murerpoint.dk\\\/sv\\\/\",\"logo\":{\"@type\":\"ImageObject\",\"inLanguage\":\"sv-SE\",\"@id\":\"https:\\\/\\\/murerpoint.dk\\\/sv\\\/#\\\/schema\\\/logo\\\/image\\\/\",\"url\":\"https:\\\/\\\/murerpoint.dk\\\/wp-content\\\/uploads\\\/2023\\\/12\\\/cropped-Sort-Midt-Roed-Mursten.png\",\"contentUrl\":\"https:\\\/\\\/murerpoint.dk\\\/wp-content\\\/uploads\\\/2023\\\/12\\\/cropped-Sort-Midt-Roed-Mursten.png\",\"width\":512,\"height\":512,\"caption\":\"Murerpoint ApS\"},\"image\":{\"@id\":\"https:\\\/\\\/murerpoint.dk\\\/sv\\\/#\\\/schema\\\/logo\\\/image\\\/\"},\"sameAs\":[\"https:\\\/\\\/m.facebook.com\\\/profile.php?id=61555157262134\",\"https:\\\/\\\/www.instagram.com\\\/murerpoint?igsh=azluMWV6cTnc2ts&utm_source=qr\",\"https:\\\/\\\/www.tiktok.com\\\/@murerpoint?is_from_webapp=1&sender_device=pc\"]}]}<\/script>\n<meta property=\"product:price:amount\" content=\"20.06\" \/>\n<meta property=\"product:price:currency\" content=\"EUR\" \/>\n<meta property=\"og:availability\" content=\"instock\" \/>\n<meta property=\"product:availability\" content=\"instock\" \/>\n<meta property=\"product:retailer_item_id\" content=\"mp000139\" \/>\n<meta property=\"product:condition\" content=\"new\" \/>\n<!-- \/ Yoast SEO plugin. -->","yoast_head_json":{"title":"Diamant kakelblad \u00d860 mm f\u00f6r H\u00f6rn - Murerpoint ApS","description":"Effektivt diamant kakelblad \u00d860 mm f\u00f6r torrslipning av kakel, granit och betong. Perfekt f\u00f6r st\u00f6rre sliparbeten. K\u00f6p nu hos Murerpoint!","robots":{"index":"index","follow":"follow","max-snippet":"max-snippet:-1","max-image-preview":"max-image-preview:large","max-video-preview":"max-video-preview:-1"},"canonical":"https:\/\/murerpoint.dk\/sv\/produkt\/diamant-kakelblad-oe60-mm-for-horn\/","og_locale":"sv_SE","og_type":"article","og_title":"Diamant kakelblad \u00d860 mm f\u00f6r H\u00f6rn - Murerpoint ApS","og_description":"Effektivt diamant kakelblad \u00d860 mm f\u00f6r torrslipning av kakel, granit och betong. Perfekt f\u00f6r st\u00f6rre sliparbeten. K\u00f6p nu hos Murerpoint!","og_url":"https:\/\/murerpoint.dk\/sv\/produkt\/diamant-kakelblad-oe60-mm-for-horn\/","og_site_name":"Murerpoint ApS","article_publisher":"https:\/\/m.facebook.com\/profile.php?id=61555157262134","article_modified_time":"2024-09-15T19:09:05+00:00","og_image":[{"width":433,"height":577,"url":"https:\/\/murerpoint.dk\/wp-content\/uploads\/2024\/09\/IMG_8782-removebg-preview.png","type":"image\/png"}],"twitter_card":"summary_large_image","twitter_misc":{"Pris":"&euro;20.06 Pris ekskl. moms: &euro;16.05","Tillg\u00e4nglig":"I lager"},"schema":{"@context":"https:\/\/schema.org","@graph":[{"@type":"WebPage","@id":"https:\/\/murerpoint.dk\/sv\/produkt\/diamant-kakelblad-oe60-mm-for-horn\/","url":"https:\/\/murerpoint.dk\/sv\/produkt\/diamant-kakelblad-oe60-mm-for-horn\/","name":"Diamant kakelblad \u00d860 mm f\u00f6r H\u00f6rn - Murerpoint ApS","isPartOf":{"@id":"https:\/\/murerpoint.dk\/sv\/#website"},"primaryImageOfPage":{"@id":"https:\/\/murerpoint.dk\/sv\/produkt\/diamant-kakelblad-oe60-mm-for-horn\/#primaryimage"},"image":{"@id":"https:\/\/murerpoint.dk\/sv\/produkt\/diamant-kakelblad-oe60-mm-for-horn\/#primaryimage"},"thumbnailUrl":"https:\/\/murerpoint.dk\/wp-content\/uploads\/2024\/09\/IMG_8782-removebg-preview.png","datePublished":"2024-09-14T13:52:17+00:00","dateModified":"2024-09-15T19:09:05+00:00","description":"Effektivt diamant kakelblad \u00d860 mm f\u00f6r torrslipning av kakel, granit och betong. Perfekt f\u00f6r st\u00f6rre sliparbeten. K\u00f6p nu hos Murerpoint!","breadcrumb":{"@id":"https:\/\/murerpoint.dk\/sv\/produkt\/diamant-kakelblad-oe60-mm-for-horn\/#breadcrumb"},"inLanguage":"sv-SE","potentialAction":[{"@type":"ReadAction","target":["https:\/\/murerpoint.dk\/sv\/produkt\/diamant-kakelblad-oe60-mm-for-horn\/"]}]},{"@type":"ImageObject","inLanguage":"sv-SE","@id":"https:\/\/murerpoint.dk\/sv\/produkt\/diamant-kakelblad-oe60-mm-for-horn\/#primaryimage","url":"https:\/\/murerpoint.dk\/wp-content\/uploads\/2024\/09\/IMG_8782-removebg-preview.png","contentUrl":"https:\/\/murerpoint.dk\/wp-content\/uploads\/2024\/09\/IMG_8782-removebg-preview.png","width":433,"height":577,"caption":"\u00f8 60 mm M14 gevind segmenth\u00f8jde 5 mm"},{"@type":"BreadcrumbList","@id":"https:\/\/murerpoint.dk\/sv\/produkt\/diamant-kakelblad-oe60-mm-for-horn\/#breadcrumb","itemListElement":[{"@type":"ListItem","position":1,"name":"Hjem","item":"https:\/\/murerpoint.dk\/sv\/"},{"@type":"ListItem","position":2,"name":"SHOPPEN","item":"https:\/\/murerpoint.dk\/sv\/shoppen\/"},{"@type":"ListItem","position":3,"name":"Diamant kakelblad \u00d860 mm f\u00f6r H\u00f6rn"}]},{"@type":"WebSite","@id":"https:\/\/murerpoint.dk\/sv\/#website","url":"https:\/\/murerpoint.dk\/sv\/","name":"Murerpoint","description":"kvalitets v\u00e6rkt\u00f8j","publisher":{"@id":"https:\/\/murerpoint.dk\/sv\/#organization"},"potentialAction":[{"@type":"SearchAction","target":{"@type":"EntryPoint","urlTemplate":"https:\/\/murerpoint.dk\/sv\/?s={search_term_string}"},"query-input":{"@type":"PropertyValueSpecification","valueRequired":true,"valueName":"search_term_string"}}],"inLanguage":"sv-SE"},{"@type":"Organization","@id":"https:\/\/murerpoint.dk\/sv\/#organization","name":"Murerpoint ApS","url":"https:\/\/murerpoint.dk\/sv\/","logo":{"@type":"ImageObject","inLanguage":"sv-SE","@id":"https:\/\/murerpoint.dk\/sv\/#\/schema\/logo\/image\/","url":"https:\/\/murerpoint.dk\/wp-content\/uploads\/2023\/12\/cropped-Sort-Midt-Roed-Mursten.png","contentUrl":"https:\/\/murerpoint.dk\/wp-content\/uploads\/2023\/12\/cropped-Sort-Midt-Roed-Mursten.png","width":512,"height":512,"caption":"Murerpoint ApS"},"image":{"@id":"https:\/\/murerpoint.dk\/sv\/#\/schema\/logo\/image\/"},"sameAs":["https:\/\/m.facebook.com\/profile.php?id=61555157262134","https:\/\/www.instagram.com\/murerpoint?igsh=azluMWV6cTnc2ts&utm_source=qr","https:\/\/www.tiktok.com\/@murerpoint?is_from_webapp=1&sender_device=pc"]}]},"product_price_amount":"20.06","product_price_currency":"EUR","og_availability":"instock","product_availability":"instock","product_retailer_item_id":"mp000139","product_condition":"new"},"_links":{"self":[{"href":"https:\/\/murerpoint.dk\/sv\/wp-json\/wp\/v2\/product\/6721","targetHints":{"allow":["GET"]}}],"collection":[{"href":"https:\/\/murerpoint.dk\/sv\/wp-json\/wp\/v2\/product"}],"about":[{"href":"https:\/\/murerpoint.dk\/sv\/wp-json\/wp\/v2\/types\/product"}],"replies":[{"embeddable":true,"href":"https:\/\/murerpoint.dk\/sv\/wp-json\/wp\/v2\/comments?post=6721"}],"wp:featuredmedia":[{"embeddable":true,"href":"https:\/\/murerpoint.dk\/sv\/wp-json\/wp\/v2\/media\/6695"}],"wp:attachment":[{"href":"https:\/\/murerpoint.dk\/sv\/wp-json\/wp\/v2\/media?parent=6721"}],"wp:term":[{"taxonomy":"product_brand","embeddable":true,"href":"https:\/\/murerpoint.dk\/sv\/wp-json\/wp\/v2\/product_brand?post=6721"},{"taxonomy":"product_cat","embeddable":true,"href":"https:\/\/murerpoint.dk\/sv\/wp-json\/wp\/v2\/product_cat?post=6721"},{"taxonomy":"product_tag","embeddable":true,"href":"https:\/\/murerpoint.dk\/sv\/wp-json\/wp\/v2\/product_tag?post=6721"}],"curies":[{"name":"wp","href":"https:\/\/api.w.org\/{rel}","templated":true}]}}