{"id":7005,"date":"2024-09-27T08:18:20","date_gmt":"2024-09-27T08:18:20","guid":{"rendered":"https:\/\/murerpoint.dk\/product\/universal-diamond-blade-oe125x2-2-mm-for-masonry\/"},"modified":"2024-10-01T09:40:14","modified_gmt":"2024-10-01T09:40:14","slug":"universal-diamantklinga-oe125x2-2-mm-for-murverk","status":"publish","type":"product","link":"https:\/\/murerpoint.dk\/sv\/produkt\/universal-diamantklinga-oe125x2-2-mm-for-murverk\/","title":{"rendered":"Universal Diamantklinga \u00d8125&#215;2.2 mm f\u00f6r Murverk"},"content":{"rendered":"<?xml encoding=\"utf-8\" ?><h5>Universal Diamantklinga &Oslash;125&times;2.2 mm f&ouml;r Murverk &ndash; Universal Diamantskiva f&ouml;r Snabb och Precis Kapning i Murverk<\/h5><p>N&auml;r du beh&ouml;ver effektiv kapning av h&aring;rda material som murverk, kakel, takpannor och asfalt, &auml;r det viktigt att v&auml;lja en diamantklinga som kan klara uppgiften.<\/p><p>Hos MurerPoint erbjuder vi denna universella diamantklinga &Oslash;125 mm, designad med precision och h&aring;llbarhet i &aring;tanke.<\/p><p>Med ett sintrat segmentdesign s&auml;kerst&auml;ller denna klinga snabb och ren kapning, &auml;ven under kr&auml;vande f&ouml;rh&aring;llanden.<\/p><p>V&aring;r &Oslash;125 mm diamantklinga &auml;r idealisk f&ouml;r b&aring;de professionella hantverkare och g&ouml;r-det-sj&auml;lv-entusiaster som arbetar med olika typer av sten.<\/p><p>Den &auml;r tillverkad f&ouml;r torrkapning, vilket inneb&auml;r att du kan anv&auml;nda den utan behov av vattenkylning, vilket sparar tid och besv&auml;r.<\/p><h5><strong>F&ouml;rdelar med Diamantklinga &Oslash;125 mm:<\/strong><\/h5><ul>\n<li>H&ouml;g precision och h&aring;llbarhet: Designad f&ouml;r att sk&auml;ra genom en rad h&aring;rda material som murverk, marksten, kakel, takpannor, asfalt och kalksandsten.<\/li>\n<li>Sintrat segmentdesign: Det unika segmentdesignen m&ouml;jligg&ouml;r snabbare kapning och b&auml;ttre v&auml;rmespridning.<\/li>\n<li>Universal anv&auml;ndning: L&auml;mplig f&ouml;r torrkapning i murverk, sten och kakel.<\/li>\n<li>L&auml;mplig f&ouml;r professionella: V&aring;r &Oslash;125 mm klinga &auml;r perfekt f&ouml;r professionella uppgifter som kr&auml;ver precision och h&aring;llbarhet, men &auml;r ocks&aring; en p&aring;litlig partner f&ouml;r g&ouml;r-det-sj&auml;lv-projekt.<\/li>\n<\/ul><h5><strong>Tekniska Specifikationer:<\/strong><\/h5><ul>\n<li>Diameter: &Oslash;125 mm<\/li>\n<li>Mitth&aring;l: 22.2 mm (passar de flesta vinkelslipar)<\/li>\n<li>Tjocklek: 2.2 mm (f&ouml;r precisa snitt)<\/li>\n<li>Anv&auml;ndningsomr&aring;den: Kapning av murverk, marksten, kakel, takpannor, asfalt, kalksandsten<\/li>\n<li>Kapmetod: Torrkapning (ingen vattenkylning beh&ouml;vs)<\/li>\n<\/ul><h5><strong>Varf&ouml;r v&auml;lja MurerPoints Diamantklinga?<\/strong><\/h5><p>Med v&aring;r diamantklinga f&aring;r du ett verktyg som inte bara &auml;r byggt f&ouml;r att h&aring;lla, utan ocks&aring; levererar fantastiska resultat.<\/p>\n","protected":false},"excerpt":{"rendered":"<h5>Universal Diamantklinga \u00d8125&#215;2.2 mm f\u00f6r Murverk<\/h5>\n<p>\u00d8125 mm universell diamantklinga med sintrat segmentdesign f\u00f6r torrkapning i murverk, kakel, takpannor, asfalt och kalksandsten.<\/p>\n<p>God ekonomisk kvalitet f\u00f6r kapning av byggmaterial. Sintrad segment. Avsedd f\u00f6r vinkelslip, 22,2 mm h\u00e5l. Bra f\u00f6r finare snitt, endast 2 mm tjock. Universalklinga.<\/p>\n","protected":false},"featured_media":6974,"comment_status":"open","ping_status":"closed","template":"","meta":[],"product_brand":[],"product_cat":[1240,1250,625],"product_tag":[7047,2126,2130,4189,8013,8014,4190,4191,4192,4193,8015,8016,1242,1244,1616,8017,1509,1245,7673,8018,8019,8020,8021,8022,7472,7386,7070,8023,8024,8025,8026,8027,1969,6102,2613,8028,381,6227,6228,8029,8030,8031,8032,8033,8034,8035,7401,7402,8036,8037,8038,8039,8040,8041,8042,8043,8044,8045,8046,5723,736,7096],"class_list":{"0":"post-7005","1":"product","2":"type-product","3":"status-publish","4":"has-post-thumbnail","6":"product_cat-diamant-klinger-sv","7":"product_cat-diamantklingor-for-vinkelslip-sv","8":"product_cat-murfogfras-inkl-adapter","9":"product_tag-anglegrinder-sv","10":"product_tag-asfalt-sv","11":"product_tag-asphalt-sv","12":"product_tag-baumaterialien-sv","13":"product_tag-belaegningssten-sv","14":"product_tag-bestratingsstenen-sv","15":"product_tag-bouwmaterialen-sv","16":"product_tag-buildingmaterials-sv","17":"product_tag-byggematerialer-sv","18":"product_tag-byggmaterial-sv","19":"product_tag-dachziegeln-sv","20":"product_tag-dakpannen-sv","21":"product_tag-diamantklinge-sv","22":"product_tag-diamantscheibe-sv","23":"product_tag-diamantschijf-sv","24":"product_tag-diamantskiva-sv","25":"product_tag-diamantzaagblad-sv","26":"product_tag-diamondblade-sv","27":"product_tag-diamonddisc-sv","28":"product_tag-droogzagen-sv","29":"product_tag-drycutting-sv","30":"product_tag-effectief-sv","31":"product_tag-effective-sv","32":"product_tag-effektiv-sv","33":"product_tag-fliesen-sv","34":"product_tag-fliseskaering-sv","35":"product_tag-haakseslijper-sv","36":"product_tag-kalksandsten-sv","37":"product_tag-kalksteen-sv","38":"product_tag-kalkstein-sv","39":"product_tag-kalksten-sv","40":"product_tag-limestone-sv","41":"product_tag-masonry-sv","42":"product_tag-mauerwerk-sv","43":"product_tag-metselwerk-sv","44":"product_tag-mm-sv","45":"product_tag-murerpoint-sv-2","46":"product_tag-murvaerk-sv","47":"product_tag-murverk-sv","48":"product_tag-pavingstones-sv","49":"product_tag-pflastersteine-sv","50":"product_tag-plattor-sv","51":"product_tag-rooftiles-sv","52":"product_tag-stenlaeggningar-sv","53":"product_tag-tagsten-sv","54":"product_tag-takpannor-sv","55":"product_tag-tegelsnijden-sv","56":"product_tag-tilecutting-sv","57":"product_tag-torrkapning-sv","58":"product_tag-toerskaering-sv","59":"product_tag-trockenschneiden-sv","60":"product_tag-universal-sv","61":"product_tag-universalblade-sv","62":"product_tag-universalklinge-sv","63":"product_tag-universalscheibe-sv","64":"product_tag-universalskiva-sv","65":"product_tag-universeel-sv","66":"product_tag-universeelzaagblad-sv","67":"product_tag-universell-sv","68":"product_tag-vinkelsliber-sv","69":"product_tag-vinkelslip","70":"product_tag-winkelschleifer-sv","72":"first","73":"instock","74":"taxable","75":"shipping-taxable","76":"purchasable","77":"product-type-simple"},"yoast_head":"<!-- This site is optimized with the Yoast SEO plugin v27.4 - https:\/\/yoast.com\/product\/yoast-seo-wordpress\/ -->\n<title>Universal Diamantklinga \u00d8125x2.2 mm f\u00f6r Murverk - Murerpoint ApS<\/title>\n<meta name=\"description\" content=\"Universal \u00d8125 mm diamantklinga f\u00f6r torrkapning av murverk, kakel, marksten och asfalt. H\u00f6g precision och h\u00e5llbarhet med sintrat segmentdesign.\" \/>\n<meta name=\"robots\" content=\"index, follow, max-snippet:-1, max-image-preview:large, max-video-preview:-1\" \/>\n<link rel=\"canonical\" href=\"https:\/\/murerpoint.dk\/sv\/produkt\/universal-diamantklinga-oe125x2-2-mm-for-murverk\/\" \/>\n<meta property=\"og:locale\" content=\"sv_SE\" \/>\n<meta property=\"og:type\" content=\"article\" \/>\n<meta property=\"og:title\" content=\"Universal Diamantklinga \u00d8125x2.2 mm f\u00f6r Murverk - Murerpoint ApS\" \/>\n<meta property=\"og:description\" content=\"Universal \u00d8125 mm diamantklinga f\u00f6r torrkapning av murverk, kakel, marksten och asfalt. H\u00f6g precision och h\u00e5llbarhet med sintrat segmentdesign.\" \/>\n<meta property=\"og:url\" content=\"https:\/\/murerpoint.dk\/sv\/produkt\/universal-diamantklinga-oe125x2-2-mm-for-murverk\/\" \/>\n<meta property=\"og:site_name\" content=\"Murerpoint ApS\" \/>\n<meta property=\"article:publisher\" content=\"https:\/\/m.facebook.com\/profile.php?id=61555157262134\" \/>\n<meta property=\"article:modified_time\" content=\"2024-10-01T09:40:14+00:00\" \/>\n<meta property=\"og:image\" content=\"https:\/\/murerpoint.dk\/wp-content\/uploads\/2024\/09\/Forside-sintret-1024x768.png\" \/>\n\t<meta property=\"og:image:width\" content=\"1024\" \/>\n\t<meta property=\"og:image:height\" content=\"768\" \/>\n\t<meta property=\"og:image:type\" content=\"image\/png\" \/>\n<meta name=\"twitter:card\" content=\"summary_large_image\" \/>\n<meta name=\"twitter:label1\" content=\"Pris\" \/>\n\t<meta name=\"twitter:data1\" content=\"&euro;12.41 Pris ekskl. moms: &euro;9.93\" \/>\n\t<meta name=\"twitter:label2\" content=\"Tillg\u00e4nglig\" \/>\n\t<meta name=\"twitter:data2\" content=\"I lager\" \/>\n<script type=\"application\/ld+json\" class=\"yoast-schema-graph\">{\"@context\":\"https:\\\/\\\/schema.org\",\"@graph\":[{\"@type\":\"WebPage\",\"@id\":\"https:\\\/\\\/murerpoint.dk\\\/sv\\\/produkt\\\/universal-diamantklinga-oe125x2-2-mm-for-murverk\\\/\",\"url\":\"https:\\\/\\\/murerpoint.dk\\\/sv\\\/produkt\\\/universal-diamantklinga-oe125x2-2-mm-for-murverk\\\/\",\"name\":\"Universal Diamantklinga \u00d8125x2.2 mm f\u00f6r Murverk - Murerpoint ApS\",\"isPartOf\":{\"@id\":\"https:\\\/\\\/murerpoint.dk\\\/sv\\\/#website\"},\"primaryImageOfPage\":{\"@id\":\"https:\\\/\\\/murerpoint.dk\\\/sv\\\/produkt\\\/universal-diamantklinga-oe125x2-2-mm-for-murverk\\\/#primaryimage\"},\"image\":{\"@id\":\"https:\\\/\\\/murerpoint.dk\\\/sv\\\/produkt\\\/universal-diamantklinga-oe125x2-2-mm-for-murverk\\\/#primaryimage\"},\"thumbnailUrl\":\"https:\\\/\\\/murerpoint.dk\\\/wp-content\\\/uploads\\\/2024\\\/09\\\/Forside-sintret.png\",\"datePublished\":\"2024-09-27T08:18:20+00:00\",\"dateModified\":\"2024-10-01T09:40:14+00:00\",\"description\":\"Universal \u00d8125 mm diamantklinga f\u00f6r torrkapning av murverk, kakel, marksten och asfalt. H\u00f6g precision och h\u00e5llbarhet med sintrat segmentdesign.\",\"breadcrumb\":{\"@id\":\"https:\\\/\\\/murerpoint.dk\\\/sv\\\/produkt\\\/universal-diamantklinga-oe125x2-2-mm-for-murverk\\\/#breadcrumb\"},\"inLanguage\":\"sv-SE\",\"potentialAction\":[{\"@type\":\"ReadAction\",\"target\":[\"https:\\\/\\\/murerpoint.dk\\\/sv\\\/produkt\\\/universal-diamantklinga-oe125x2-2-mm-for-murverk\\\/\"]}]},{\"@type\":\"ImageObject\",\"inLanguage\":\"sv-SE\",\"@id\":\"https:\\\/\\\/murerpoint.dk\\\/sv\\\/produkt\\\/universal-diamantklinga-oe125x2-2-mm-for-murverk\\\/#primaryimage\",\"url\":\"https:\\\/\\\/murerpoint.dk\\\/wp-content\\\/uploads\\\/2024\\\/09\\\/Forside-sintret.png\",\"contentUrl\":\"https:\\\/\\\/murerpoint.dk\\\/wp-content\\\/uploads\\\/2024\\\/09\\\/Forside-sintret.png\",\"width\":4032,\"height\":3024,\"caption\":\"Universal Diamantklinge \u00d8125 mm til Murv\u00e6rk\"},{\"@type\":\"BreadcrumbList\",\"@id\":\"https:\\\/\\\/murerpoint.dk\\\/sv\\\/produkt\\\/universal-diamantklinga-oe125x2-2-mm-for-murverk\\\/#breadcrumb\",\"itemListElement\":[{\"@type\":\"ListItem\",\"position\":1,\"name\":\"Hjem\",\"item\":\"https:\\\/\\\/murerpoint.dk\\\/sv\\\/\"},{\"@type\":\"ListItem\",\"position\":2,\"name\":\"SHOPPEN\",\"item\":\"https:\\\/\\\/murerpoint.dk\\\/sv\\\/shoppen\\\/\"},{\"@type\":\"ListItem\",\"position\":3,\"name\":\"Universal Diamantklinga \u00d8125&#215;2.2 mm f\u00f6r Murverk\"}]},{\"@type\":\"WebSite\",\"@id\":\"https:\\\/\\\/murerpoint.dk\\\/sv\\\/#website\",\"url\":\"https:\\\/\\\/murerpoint.dk\\\/sv\\\/\",\"name\":\"Murerpoint\",\"description\":\"kvalitets v\u00e6rkt\u00f8j\",\"publisher\":{\"@id\":\"https:\\\/\\\/murerpoint.dk\\\/sv\\\/#organization\"},\"potentialAction\":[{\"@type\":\"SearchAction\",\"target\":{\"@type\":\"EntryPoint\",\"urlTemplate\":\"https:\\\/\\\/murerpoint.dk\\\/sv\\\/?s={search_term_string}\"},\"query-input\":{\"@type\":\"PropertyValueSpecification\",\"valueRequired\":true,\"valueName\":\"search_term_string\"}}],\"inLanguage\":\"sv-SE\"},{\"@type\":\"Organization\",\"@id\":\"https:\\\/\\\/murerpoint.dk\\\/sv\\\/#organization\",\"name\":\"Murerpoint ApS\",\"url\":\"https:\\\/\\\/murerpoint.dk\\\/sv\\\/\",\"logo\":{\"@type\":\"ImageObject\",\"inLanguage\":\"sv-SE\",\"@id\":\"https:\\\/\\\/murerpoint.dk\\\/sv\\\/#\\\/schema\\\/logo\\\/image\\\/\",\"url\":\"https:\\\/\\\/murerpoint.dk\\\/wp-content\\\/uploads\\\/2023\\\/12\\\/cropped-Sort-Midt-Roed-Mursten.png\",\"contentUrl\":\"https:\\\/\\\/murerpoint.dk\\\/wp-content\\\/uploads\\\/2023\\\/12\\\/cropped-Sort-Midt-Roed-Mursten.png\",\"width\":512,\"height\":512,\"caption\":\"Murerpoint ApS\"},\"image\":{\"@id\":\"https:\\\/\\\/murerpoint.dk\\\/sv\\\/#\\\/schema\\\/logo\\\/image\\\/\"},\"sameAs\":[\"https:\\\/\\\/m.facebook.com\\\/profile.php?id=61555157262134\",\"https:\\\/\\\/www.instagram.com\\\/murerpoint?igsh=azluMWV6cTnc2ts&utm_source=qr\",\"https:\\\/\\\/www.tiktok.com\\\/@murerpoint?is_from_webapp=1&sender_device=pc\"]}]}<\/script>\n<meta property=\"product:price:amount\" content=\"12.41\" \/>\n<meta property=\"product:price:currency\" content=\"EUR\" \/>\n<meta property=\"og:availability\" content=\"instock\" \/>\n<meta property=\"product:availability\" content=\"instock\" \/>\n<meta property=\"product:retailer_item_id\" content=\"mp000150\" \/>\n<meta property=\"product:condition\" content=\"new\" \/>\n<!-- \/ Yoast SEO plugin. -->","yoast_head_json":{"title":"Universal Diamantklinga \u00d8125x2.2 mm f\u00f6r Murverk - Murerpoint ApS","description":"Universal \u00d8125 mm diamantklinga f\u00f6r torrkapning av murverk, kakel, marksten och asfalt. H\u00f6g precision och h\u00e5llbarhet med sintrat segmentdesign.","robots":{"index":"index","follow":"follow","max-snippet":"max-snippet:-1","max-image-preview":"max-image-preview:large","max-video-preview":"max-video-preview:-1"},"canonical":"https:\/\/murerpoint.dk\/sv\/produkt\/universal-diamantklinga-oe125x2-2-mm-for-murverk\/","og_locale":"sv_SE","og_type":"article","og_title":"Universal Diamantklinga \u00d8125x2.2 mm f\u00f6r Murverk - Murerpoint ApS","og_description":"Universal \u00d8125 mm diamantklinga f\u00f6r torrkapning av murverk, kakel, marksten och asfalt. H\u00f6g precision och h\u00e5llbarhet med sintrat segmentdesign.","og_url":"https:\/\/murerpoint.dk\/sv\/produkt\/universal-diamantklinga-oe125x2-2-mm-for-murverk\/","og_site_name":"Murerpoint ApS","article_publisher":"https:\/\/m.facebook.com\/profile.php?id=61555157262134","article_modified_time":"2024-10-01T09:40:14+00:00","og_image":[{"width":1024,"height":768,"url":"https:\/\/murerpoint.dk\/wp-content\/uploads\/2024\/09\/Forside-sintret-1024x768.png","type":"image\/png"}],"twitter_card":"summary_large_image","twitter_misc":{"Pris":"&euro;12.41 Pris ekskl. moms: &euro;9.93","Tillg\u00e4nglig":"I lager"},"schema":{"@context":"https:\/\/schema.org","@graph":[{"@type":"WebPage","@id":"https:\/\/murerpoint.dk\/sv\/produkt\/universal-diamantklinga-oe125x2-2-mm-for-murverk\/","url":"https:\/\/murerpoint.dk\/sv\/produkt\/universal-diamantklinga-oe125x2-2-mm-for-murverk\/","name":"Universal Diamantklinga \u00d8125x2.2 mm f\u00f6r Murverk - Murerpoint ApS","isPartOf":{"@id":"https:\/\/murerpoint.dk\/sv\/#website"},"primaryImageOfPage":{"@id":"https:\/\/murerpoint.dk\/sv\/produkt\/universal-diamantklinga-oe125x2-2-mm-for-murverk\/#primaryimage"},"image":{"@id":"https:\/\/murerpoint.dk\/sv\/produkt\/universal-diamantklinga-oe125x2-2-mm-for-murverk\/#primaryimage"},"thumbnailUrl":"https:\/\/murerpoint.dk\/wp-content\/uploads\/2024\/09\/Forside-sintret.png","datePublished":"2024-09-27T08:18:20+00:00","dateModified":"2024-10-01T09:40:14+00:00","description":"Universal \u00d8125 mm diamantklinga f\u00f6r torrkapning av murverk, kakel, marksten och asfalt. H\u00f6g precision och h\u00e5llbarhet med sintrat segmentdesign.","breadcrumb":{"@id":"https:\/\/murerpoint.dk\/sv\/produkt\/universal-diamantklinga-oe125x2-2-mm-for-murverk\/#breadcrumb"},"inLanguage":"sv-SE","potentialAction":[{"@type":"ReadAction","target":["https:\/\/murerpoint.dk\/sv\/produkt\/universal-diamantklinga-oe125x2-2-mm-for-murverk\/"]}]},{"@type":"ImageObject","inLanguage":"sv-SE","@id":"https:\/\/murerpoint.dk\/sv\/produkt\/universal-diamantklinga-oe125x2-2-mm-for-murverk\/#primaryimage","url":"https:\/\/murerpoint.dk\/wp-content\/uploads\/2024\/09\/Forside-sintret.png","contentUrl":"https:\/\/murerpoint.dk\/wp-content\/uploads\/2024\/09\/Forside-sintret.png","width":4032,"height":3024,"caption":"Universal Diamantklinge \u00d8125 mm til Murv\u00e6rk"},{"@type":"BreadcrumbList","@id":"https:\/\/murerpoint.dk\/sv\/produkt\/universal-diamantklinga-oe125x2-2-mm-for-murverk\/#breadcrumb","itemListElement":[{"@type":"ListItem","position":1,"name":"Hjem","item":"https:\/\/murerpoint.dk\/sv\/"},{"@type":"ListItem","position":2,"name":"SHOPPEN","item":"https:\/\/murerpoint.dk\/sv\/shoppen\/"},{"@type":"ListItem","position":3,"name":"Universal Diamantklinga \u00d8125&#215;2.2 mm f\u00f6r Murverk"}]},{"@type":"WebSite","@id":"https:\/\/murerpoint.dk\/sv\/#website","url":"https:\/\/murerpoint.dk\/sv\/","name":"Murerpoint","description":"kvalitets v\u00e6rkt\u00f8j","publisher":{"@id":"https:\/\/murerpoint.dk\/sv\/#organization"},"potentialAction":[{"@type":"SearchAction","target":{"@type":"EntryPoint","urlTemplate":"https:\/\/murerpoint.dk\/sv\/?s={search_term_string}"},"query-input":{"@type":"PropertyValueSpecification","valueRequired":true,"valueName":"search_term_string"}}],"inLanguage":"sv-SE"},{"@type":"Organization","@id":"https:\/\/murerpoint.dk\/sv\/#organization","name":"Murerpoint ApS","url":"https:\/\/murerpoint.dk\/sv\/","logo":{"@type":"ImageObject","inLanguage":"sv-SE","@id":"https:\/\/murerpoint.dk\/sv\/#\/schema\/logo\/image\/","url":"https:\/\/murerpoint.dk\/wp-content\/uploads\/2023\/12\/cropped-Sort-Midt-Roed-Mursten.png","contentUrl":"https:\/\/murerpoint.dk\/wp-content\/uploads\/2023\/12\/cropped-Sort-Midt-Roed-Mursten.png","width":512,"height":512,"caption":"Murerpoint ApS"},"image":{"@id":"https:\/\/murerpoint.dk\/sv\/#\/schema\/logo\/image\/"},"sameAs":["https:\/\/m.facebook.com\/profile.php?id=61555157262134","https:\/\/www.instagram.com\/murerpoint?igsh=azluMWV6cTnc2ts&utm_source=qr","https:\/\/www.tiktok.com\/@murerpoint?is_from_webapp=1&sender_device=pc"]}]},"product_price_amount":"12.41","product_price_currency":"EUR","og_availability":"instock","product_availability":"instock","product_retailer_item_id":"mp000150","product_condition":"new"},"_links":{"self":[{"href":"https:\/\/murerpoint.dk\/sv\/wp-json\/wp\/v2\/product\/7005","targetHints":{"allow":["GET"]}}],"collection":[{"href":"https:\/\/murerpoint.dk\/sv\/wp-json\/wp\/v2\/product"}],"about":[{"href":"https:\/\/murerpoint.dk\/sv\/wp-json\/wp\/v2\/types\/product"}],"replies":[{"embeddable":true,"href":"https:\/\/murerpoint.dk\/sv\/wp-json\/wp\/v2\/comments?post=7005"}],"wp:featuredmedia":[{"embeddable":true,"href":"https:\/\/murerpoint.dk\/sv\/wp-json\/wp\/v2\/media\/6974"}],"wp:attachment":[{"href":"https:\/\/murerpoint.dk\/sv\/wp-json\/wp\/v2\/media?parent=7005"}],"wp:term":[{"taxonomy":"product_brand","embeddable":true,"href":"https:\/\/murerpoint.dk\/sv\/wp-json\/wp\/v2\/product_brand?post=7005"},{"taxonomy":"product_cat","embeddable":true,"href":"https:\/\/murerpoint.dk\/sv\/wp-json\/wp\/v2\/product_cat?post=7005"},{"taxonomy":"product_tag","embeddable":true,"href":"https:\/\/murerpoint.dk\/sv\/wp-json\/wp\/v2\/product_tag?post=7005"}],"curies":[{"name":"wp","href":"https:\/\/api.w.org\/{rel}","templated":true}]}}