{"id":8857,"date":"2025-01-24T12:04:48","date_gmt":"2025-01-24T12:04:48","guid":{"rendered":"https:\/\/murerpoint.dk\/product\/cam-kupplung-fuer-mixpoint-quikpoint-moertel-fugen-pistole\/"},"modified":"2025-02-04T10:02:26","modified_gmt":"2025-02-04T10:02:26","slug":"cam-koppling-for-mixpoint-quikpoint-murbruk-fogspruta","status":"publish","type":"product","link":"https:\/\/murerpoint.dk\/sv\/produkt\/cam-koppling-for-mixpoint-quikpoint-murbruk-fogspruta\/","title":{"rendered":"Cam-koppling f\u00f6r MIXpoint \/ Quikpoint murbruk fogspruta"},"content":{"rendered":"<?xml encoding=\"utf-8\" ?><div class=\"flex max-w-full flex-col flex-grow\">\n<div class=\"min-h-8 text-message flex w-full flex-col items-end gap-2 whitespace-normal break-words text-start [.text-message+&amp;]:mt-5\" dir=\"auto\" data-message-author-role=\"assistant\" data-message-id=\"6089d5a2-2fe7-41fa-b61d-2f1ccb3624fc\" data-message-model-slug=\"gpt-4o\">\n<div class=\"flex w-full flex-col gap-1 empty:hidden first:pt-[3px]\">\n<div class=\"markdown prose w-full break-words dark:prose-invert light\">\n<div class=\"flex-1 overflow-hidden @container\/thread\">\n<div class=\"h-full\">\n<div class=\"react-scroll-to-bottom--css-mcwax-79elbk h-full\">\n<div class=\"react-scroll-to-bottom--css-mcwax-1n7m0yu\">\n<div class=\"flex flex-col text-sm md:pb-9\">\n<article class=\"w-full scroll-mb-[var(--thread-trailing-height,150px)] text-token-text-primary focus-visible:outline-2 focus-visible:outline-offset-[-4px]\" dir=\"auto\" data-testid=\"conversation-turn-33\" data-scroll-anchor=\"true\">\n<div class=\"m-auto text-base py-[18px] px-3 md:px-4 w-full md:px-5 lg:px-4 xl:px-5\">\n<div class=\"mx-auto flex flex-1 gap-4 text-base md:gap-5 lg:gap-6 md:max-w-3xl lg:max-w-[40rem] xl:max-w-[48rem]\">\n<div class=\"group\/conversation-turn relative flex w-full min-w-0 flex-col agent-turn\">\n<div class=\"flex-col gap-1 md:gap-3\">\n<div class=\"flex max-w-full flex-col flex-grow\">\n<div class=\"min-h-8 text-message flex w-full flex-col items-end gap-2 whitespace-normal break-words text-start [.text-message+&amp;]:mt-5\" dir=\"auto\" data-message-author-role=\"assistant\" data-message-id=\"0ae4c965-7a31-48ac-bf2c-a4c724f9dcab\" data-message-model-slug=\"gpt-4o\">\n<div class=\"flex w-full flex-col gap-1 empty:hidden first:pt-[3px]\">\n<div class=\"markdown prose w-full break-words dark:prose-invert light\">\n<p><strong>Cam-koppling f&ouml;r MIXpoint \/ Quikpoint murbruk fogspruta<\/strong><\/p>\n<p>Denna cam-koppling &auml;r en viktig reservdel f&ouml;r murbruk fogsprutorna fr&aring;n MIXpoint, Quikpoint och Kwikpoint. Den fungerar som den centrala kopplingen mellan borrmaskinen och skruvtransport&ouml;ren och driver samtidigt vibrationsstaven som r&ouml;r om murbruket i tratten.<\/p>\n<p><strong>Vad g&ouml;r cam-kopplingen?<\/strong><\/p>\n<ul>\n<li>Ansluter borrmaskinen till skruvtransport&ouml;ren genom den 5-sidiga &rdquo;cam&rdquo;.<\/li>\n<li>Genom en mellanliggande cam-rulle driver den &auml;ven vibrationsstaven f&ouml;r en j&auml;mn och effektiv blandning av murbruket i tratten.<\/li>\n<\/ul>\n<p><strong>Vad ing&aring;r?<\/strong><\/p>\n<ul>\n<li>1 cam-koppling med f&auml;stskruvar.<\/li>\n<\/ul>\n<p><strong>F&ouml;rdelar:<\/strong><\/p>\n<ul>\n<li>Kompatibel med alla modeller av murbruk fogsprutor fr&aring;n MIXpoint, Quikpoint och Kwikpoint.<\/li>\n<li>Tillverkad av slitstarka material f&ouml;r p&aring;litlig och l&aring;ngvarig prestanda.<\/li>\n<li>Enkel att montera och byta ut.<\/li>\n<\/ul>\n<p><strong>Notering:<\/strong><br>\nKontakta oss om du har fr&aring;gor om kompatibilitet eller anv&auml;ndning av cam-kopplingen<\/p>\n<\/div>\n<\/div>\n<\/div>\n<\/div>\n<\/div>\n<\/div>\n<\/div>\n<\/div>\n<\/article>\n<\/div>\n<\/div>\n<\/div>\n<\/div>\n<\/div>\n<\/div>\n<\/div>\n<\/div>\n<\/div>\n","protected":false},"excerpt":{"rendered":"<h5><strong>Cam-koppling f\u00f6r MIXpoint \/ Quikpoint murbruk fogspruta<\/strong><\/h5>\n<p>Ers\u00e4ttnings-Cam-koppling f\u00f6r MIXpoint-, Quikpoint- och Kwikpoint fogsprutor<\/p>\n<p>Reservdel med f\u00e4stskruvar.<\/p>\n<p>K\u00f6p online eller kontakta oss f\u00f6r r\u00e5dgivning.<\/p>\n","protected":false},"featured_media":8713,"comment_status":"open","ping_status":"closed","template":"","meta":[],"product_brand":[],"product_cat":[1188],"product_tag":[10479,10480,3990,10481,2881,2884,10482,6462,10483,10484,10485,869],"class_list":{"0":"post-8857","1":"product","2":"type-product","3":"status-publish","4":"has-post-thumbnail","6":"product_cat-klingor-for-cirkelsaagar","7":"product_tag-camkobling-sv","8":"product_tag-kwikpoint-sv","9":"product_tag-mixpoint-sv","10":"product_tag-moertelarbejde-sv","11":"product_tag-moertelfugepistoladapter-sv","12":"product_tag-quikpoint-sv","13":"product_tag-reparation-sv","14":"product_tag-reservedel-sv","15":"product_tag-tilbehoer-sv","16":"product_tag-tilbehoerfugepistol-sv","17":"product_tag-tilbehoerquikpoint-sv","18":"product_tag-murbruksfogning-roed-tryckluft-moertelpistol","20":"first","21":"outofstock","22":"taxable","23":"shipping-taxable","24":"purchasable","25":"product-type-simple"},"yoast_head":"<!-- This site is optimized with the Yoast SEO plugin v27.5 - https:\/\/yoast.com\/product\/yoast-seo-wordpress\/ -->\n<title>Cam-koppling f\u00f6r MIXpoint \/ Quikpoint murbruk fogspruta - Murerpoint ApS<\/title>\n<meta name=\"description\" content=\"Ers\u00e4ttnings-Cam-koppling f\u00f6r MIXpoint- och Quikpoint murbruk fogsprutorInneh\u00e5ller: 1 Cam-koppling med f\u00e4stskruvar.K\u00f6p online h\u00e4r.\" \/>\n<meta name=\"robots\" content=\"index, follow, max-snippet:-1, max-image-preview:large, max-video-preview:-1\" \/>\n<link rel=\"canonical\" href=\"https:\/\/murerpoint.dk\/sv\/produkt\/cam-koppling-for-mixpoint-quikpoint-murbruk-fogspruta\/\" \/>\n<meta property=\"og:locale\" content=\"sv_SE\" \/>\n<meta property=\"og:type\" content=\"article\" \/>\n<meta property=\"og:title\" content=\"Cam-koppling f\u00f6r MIXpoint \/ Quikpoint murbruk fogspruta - Murerpoint ApS\" \/>\n<meta property=\"og:description\" content=\"Ers\u00e4ttnings-Cam-koppling f\u00f6r MIXpoint- och Quikpoint murbruk fogsprutorInneh\u00e5ller: 1 Cam-koppling med f\u00e4stskruvar.K\u00f6p online h\u00e4r.\" \/>\n<meta property=\"og:url\" content=\"https:\/\/murerpoint.dk\/sv\/produkt\/cam-koppling-for-mixpoint-quikpoint-murbruk-fogspruta\/\" \/>\n<meta property=\"og:site_name\" content=\"Murerpoint ApS\" \/>\n<meta property=\"article:publisher\" content=\"https:\/\/m.facebook.com\/profile.php?id=61555157262134\" \/>\n<meta property=\"article:modified_time\" content=\"2025-02-04T10:02:26+00:00\" \/>\n<meta property=\"og:image\" content=\"https:\/\/murerpoint.dk\/wp-content\/uploads\/2025\/01\/Skaermbillede-2025-01-24-130252.png\" \/>\n\t<meta property=\"og:image:width\" content=\"751\" \/>\n\t<meta property=\"og:image:height\" content=\"656\" \/>\n\t<meta property=\"og:image:type\" content=\"image\/png\" \/>\n<meta name=\"twitter:card\" content=\"summary_large_image\" \/>\n<meta name=\"twitter:label1\" content=\"Pris\" \/>\n\t<meta name=\"twitter:data1\" content=\"&euro;37.63 Pris ekskl. moms: &euro;30.10\" \/>\n\t<meta name=\"twitter:label2\" content=\"Tillg\u00e4nglig\" \/>\n\t<meta name=\"twitter:data2\" content=\"Slut i lager\" \/>\n<script type=\"application\/ld+json\" class=\"yoast-schema-graph\">{\"@context\":\"https:\\\/\\\/schema.org\",\"@graph\":[{\"@type\":\"WebPage\",\"@id\":\"https:\\\/\\\/murerpoint.dk\\\/sv\\\/produkt\\\/cam-koppling-for-mixpoint-quikpoint-murbruk-fogspruta\\\/\",\"url\":\"https:\\\/\\\/murerpoint.dk\\\/sv\\\/produkt\\\/cam-koppling-for-mixpoint-quikpoint-murbruk-fogspruta\\\/\",\"name\":\"Cam-koppling f\u00f6r MIXpoint \\\/ Quikpoint murbruk fogspruta - Murerpoint ApS\",\"isPartOf\":{\"@id\":\"https:\\\/\\\/murerpoint.dk\\\/sv\\\/#website\"},\"primaryImageOfPage\":{\"@id\":\"https:\\\/\\\/murerpoint.dk\\\/sv\\\/produkt\\\/cam-koppling-for-mixpoint-quikpoint-murbruk-fogspruta\\\/#primaryimage\"},\"image\":{\"@id\":\"https:\\\/\\\/murerpoint.dk\\\/sv\\\/produkt\\\/cam-koppling-for-mixpoint-quikpoint-murbruk-fogspruta\\\/#primaryimage\"},\"thumbnailUrl\":\"https:\\\/\\\/murerpoint.dk\\\/wp-content\\\/uploads\\\/2025\\\/01\\\/Skaermbillede-2025-01-24-130252.png\",\"datePublished\":\"2025-01-24T12:04:48+00:00\",\"dateModified\":\"2025-02-04T10:02:26+00:00\",\"description\":\"Ers\u00e4ttnings-Cam-koppling f\u00f6r MIXpoint- och Quikpoint murbruk fogsprutorInneh\u00e5ller: 1 Cam-koppling med f\u00e4stskruvar.K\u00f6p online h\u00e4r.\",\"breadcrumb\":{\"@id\":\"https:\\\/\\\/murerpoint.dk\\\/sv\\\/produkt\\\/cam-koppling-for-mixpoint-quikpoint-murbruk-fogspruta\\\/#breadcrumb\"},\"inLanguage\":\"sv-SE\",\"potentialAction\":[{\"@type\":\"ReadAction\",\"target\":[\"https:\\\/\\\/murerpoint.dk\\\/sv\\\/produkt\\\/cam-koppling-for-mixpoint-quikpoint-murbruk-fogspruta\\\/\"]}]},{\"@type\":\"ImageObject\",\"inLanguage\":\"sv-SE\",\"@id\":\"https:\\\/\\\/murerpoint.dk\\\/sv\\\/produkt\\\/cam-koppling-for-mixpoint-quikpoint-murbruk-fogspruta\\\/#primaryimage\",\"url\":\"https:\\\/\\\/murerpoint.dk\\\/wp-content\\\/uploads\\\/2025\\\/01\\\/Skaermbillede-2025-01-24-130252.png\",\"contentUrl\":\"https:\\\/\\\/murerpoint.dk\\\/wp-content\\\/uploads\\\/2025\\\/01\\\/Skaermbillede-2025-01-24-130252.png\",\"width\":751,\"height\":656,\"caption\":\"Cam-kobling til MIXpoint, Quikpoint og Kwikpoint m\u00f8rtelfugepistoler \u2013 udskiftningsdel med fastg\u00f8relsesskruer. resevedel \\\/ tilbeh\u00f8r til quikpoint m\u00f8rtel fugepistol\"},{\"@type\":\"BreadcrumbList\",\"@id\":\"https:\\\/\\\/murerpoint.dk\\\/sv\\\/produkt\\\/cam-koppling-for-mixpoint-quikpoint-murbruk-fogspruta\\\/#breadcrumb\",\"itemListElement\":[{\"@type\":\"ListItem\",\"position\":1,\"name\":\"Hjem\",\"item\":\"https:\\\/\\\/murerpoint.dk\\\/sv\\\/\"},{\"@type\":\"ListItem\",\"position\":2,\"name\":\"SHOPPEN\",\"item\":\"https:\\\/\\\/murerpoint.dk\\\/sv\\\/shoppen\\\/\"},{\"@type\":\"ListItem\",\"position\":3,\"name\":\"Cam-koppling f\u00f6r MIXpoint \\\/ Quikpoint murbruk fogspruta\"}]},{\"@type\":\"WebSite\",\"@id\":\"https:\\\/\\\/murerpoint.dk\\\/sv\\\/#website\",\"url\":\"https:\\\/\\\/murerpoint.dk\\\/sv\\\/\",\"name\":\"Murerpoint\",\"description\":\"kvalitets v\u00e6rkt\u00f8j\",\"publisher\":{\"@id\":\"https:\\\/\\\/murerpoint.dk\\\/sv\\\/#organization\"},\"potentialAction\":[{\"@type\":\"SearchAction\",\"target\":{\"@type\":\"EntryPoint\",\"urlTemplate\":\"https:\\\/\\\/murerpoint.dk\\\/sv\\\/?s={search_term_string}\"},\"query-input\":{\"@type\":\"PropertyValueSpecification\",\"valueRequired\":true,\"valueName\":\"search_term_string\"}}],\"inLanguage\":\"sv-SE\"},{\"@type\":\"Organization\",\"@id\":\"https:\\\/\\\/murerpoint.dk\\\/sv\\\/#organization\",\"name\":\"Murerpoint ApS\",\"url\":\"https:\\\/\\\/murerpoint.dk\\\/sv\\\/\",\"logo\":{\"@type\":\"ImageObject\",\"inLanguage\":\"sv-SE\",\"@id\":\"https:\\\/\\\/murerpoint.dk\\\/sv\\\/#\\\/schema\\\/logo\\\/image\\\/\",\"url\":\"https:\\\/\\\/murerpoint.dk\\\/wp-content\\\/uploads\\\/2023\\\/12\\\/cropped-Sort-Midt-Roed-Mursten.png\",\"contentUrl\":\"https:\\\/\\\/murerpoint.dk\\\/wp-content\\\/uploads\\\/2023\\\/12\\\/cropped-Sort-Midt-Roed-Mursten.png\",\"width\":512,\"height\":512,\"caption\":\"Murerpoint ApS\"},\"image\":{\"@id\":\"https:\\\/\\\/murerpoint.dk\\\/sv\\\/#\\\/schema\\\/logo\\\/image\\\/\"},\"sameAs\":[\"https:\\\/\\\/m.facebook.com\\\/profile.php?id=61555157262134\",\"https:\\\/\\\/www.instagram.com\\\/murerpoint?igsh=azluMWV6cTnc2ts&utm_source=qr\",\"https:\\\/\\\/www.tiktok.com\\\/@murerpoint?is_from_webapp=1&sender_device=pc\"]}]}<\/script>\n<meta property=\"product:price:amount\" content=\"37.63\" \/>\n<meta property=\"product:price:currency\" content=\"EUR\" \/>\n<meta property=\"og:availability\" content=\"out of stock\" \/>\n<meta property=\"product:availability\" content=\"out of stock\" \/>\n<meta property=\"product:retailer_item_id\" content=\"mp000246\" \/>\n<meta property=\"product:condition\" content=\"new\" \/>\n<!-- \/ Yoast SEO plugin. -->","yoast_head_json":{"title":"Cam-koppling f\u00f6r MIXpoint \/ Quikpoint murbruk fogspruta - Murerpoint ApS","description":"Ers\u00e4ttnings-Cam-koppling f\u00f6r MIXpoint- och Quikpoint murbruk fogsprutorInneh\u00e5ller: 1 Cam-koppling med f\u00e4stskruvar.K\u00f6p online h\u00e4r.","robots":{"index":"index","follow":"follow","max-snippet":"max-snippet:-1","max-image-preview":"max-image-preview:large","max-video-preview":"max-video-preview:-1"},"canonical":"https:\/\/murerpoint.dk\/sv\/produkt\/cam-koppling-for-mixpoint-quikpoint-murbruk-fogspruta\/","og_locale":"sv_SE","og_type":"article","og_title":"Cam-koppling f\u00f6r MIXpoint \/ Quikpoint murbruk fogspruta - Murerpoint ApS","og_description":"Ers\u00e4ttnings-Cam-koppling f\u00f6r MIXpoint- och Quikpoint murbruk fogsprutorInneh\u00e5ller: 1 Cam-koppling med f\u00e4stskruvar.K\u00f6p online h\u00e4r.","og_url":"https:\/\/murerpoint.dk\/sv\/produkt\/cam-koppling-for-mixpoint-quikpoint-murbruk-fogspruta\/","og_site_name":"Murerpoint ApS","article_publisher":"https:\/\/m.facebook.com\/profile.php?id=61555157262134","article_modified_time":"2025-02-04T10:02:26+00:00","og_image":[{"width":751,"height":656,"url":"https:\/\/murerpoint.dk\/wp-content\/uploads\/2025\/01\/Skaermbillede-2025-01-24-130252.png","type":"image\/png"}],"twitter_card":"summary_large_image","twitter_misc":{"Pris":"&euro;37.63 Pris ekskl. moms: &euro;30.10","Tillg\u00e4nglig":"Slut i lager"},"schema":{"@context":"https:\/\/schema.org","@graph":[{"@type":"WebPage","@id":"https:\/\/murerpoint.dk\/sv\/produkt\/cam-koppling-for-mixpoint-quikpoint-murbruk-fogspruta\/","url":"https:\/\/murerpoint.dk\/sv\/produkt\/cam-koppling-for-mixpoint-quikpoint-murbruk-fogspruta\/","name":"Cam-koppling f\u00f6r MIXpoint \/ Quikpoint murbruk fogspruta - Murerpoint ApS","isPartOf":{"@id":"https:\/\/murerpoint.dk\/sv\/#website"},"primaryImageOfPage":{"@id":"https:\/\/murerpoint.dk\/sv\/produkt\/cam-koppling-for-mixpoint-quikpoint-murbruk-fogspruta\/#primaryimage"},"image":{"@id":"https:\/\/murerpoint.dk\/sv\/produkt\/cam-koppling-for-mixpoint-quikpoint-murbruk-fogspruta\/#primaryimage"},"thumbnailUrl":"https:\/\/murerpoint.dk\/wp-content\/uploads\/2025\/01\/Skaermbillede-2025-01-24-130252.png","datePublished":"2025-01-24T12:04:48+00:00","dateModified":"2025-02-04T10:02:26+00:00","description":"Ers\u00e4ttnings-Cam-koppling f\u00f6r MIXpoint- och Quikpoint murbruk fogsprutorInneh\u00e5ller: 1 Cam-koppling med f\u00e4stskruvar.K\u00f6p online h\u00e4r.","breadcrumb":{"@id":"https:\/\/murerpoint.dk\/sv\/produkt\/cam-koppling-for-mixpoint-quikpoint-murbruk-fogspruta\/#breadcrumb"},"inLanguage":"sv-SE","potentialAction":[{"@type":"ReadAction","target":["https:\/\/murerpoint.dk\/sv\/produkt\/cam-koppling-for-mixpoint-quikpoint-murbruk-fogspruta\/"]}]},{"@type":"ImageObject","inLanguage":"sv-SE","@id":"https:\/\/murerpoint.dk\/sv\/produkt\/cam-koppling-for-mixpoint-quikpoint-murbruk-fogspruta\/#primaryimage","url":"https:\/\/murerpoint.dk\/wp-content\/uploads\/2025\/01\/Skaermbillede-2025-01-24-130252.png","contentUrl":"https:\/\/murerpoint.dk\/wp-content\/uploads\/2025\/01\/Skaermbillede-2025-01-24-130252.png","width":751,"height":656,"caption":"Cam-kobling til MIXpoint, Quikpoint og Kwikpoint m\u00f8rtelfugepistoler \u2013 udskiftningsdel med fastg\u00f8relsesskruer. resevedel \/ tilbeh\u00f8r til quikpoint m\u00f8rtel fugepistol"},{"@type":"BreadcrumbList","@id":"https:\/\/murerpoint.dk\/sv\/produkt\/cam-koppling-for-mixpoint-quikpoint-murbruk-fogspruta\/#breadcrumb","itemListElement":[{"@type":"ListItem","position":1,"name":"Hjem","item":"https:\/\/murerpoint.dk\/sv\/"},{"@type":"ListItem","position":2,"name":"SHOPPEN","item":"https:\/\/murerpoint.dk\/sv\/shoppen\/"},{"@type":"ListItem","position":3,"name":"Cam-koppling f\u00f6r MIXpoint \/ Quikpoint murbruk fogspruta"}]},{"@type":"WebSite","@id":"https:\/\/murerpoint.dk\/sv\/#website","url":"https:\/\/murerpoint.dk\/sv\/","name":"Murerpoint","description":"kvalitets v\u00e6rkt\u00f8j","publisher":{"@id":"https:\/\/murerpoint.dk\/sv\/#organization"},"potentialAction":[{"@type":"SearchAction","target":{"@type":"EntryPoint","urlTemplate":"https:\/\/murerpoint.dk\/sv\/?s={search_term_string}"},"query-input":{"@type":"PropertyValueSpecification","valueRequired":true,"valueName":"search_term_string"}}],"inLanguage":"sv-SE"},{"@type":"Organization","@id":"https:\/\/murerpoint.dk\/sv\/#organization","name":"Murerpoint ApS","url":"https:\/\/murerpoint.dk\/sv\/","logo":{"@type":"ImageObject","inLanguage":"sv-SE","@id":"https:\/\/murerpoint.dk\/sv\/#\/schema\/logo\/image\/","url":"https:\/\/murerpoint.dk\/wp-content\/uploads\/2023\/12\/cropped-Sort-Midt-Roed-Mursten.png","contentUrl":"https:\/\/murerpoint.dk\/wp-content\/uploads\/2023\/12\/cropped-Sort-Midt-Roed-Mursten.png","width":512,"height":512,"caption":"Murerpoint ApS"},"image":{"@id":"https:\/\/murerpoint.dk\/sv\/#\/schema\/logo\/image\/"},"sameAs":["https:\/\/m.facebook.com\/profile.php?id=61555157262134","https:\/\/www.instagram.com\/murerpoint?igsh=azluMWV6cTnc2ts&utm_source=qr","https:\/\/www.tiktok.com\/@murerpoint?is_from_webapp=1&sender_device=pc"]}]},"product_price_amount":"37.63","product_price_currency":"EUR","og_availability":"out of stock","product_availability":"out of stock","product_retailer_item_id":"mp000246","product_condition":"new"},"_links":{"self":[{"href":"https:\/\/murerpoint.dk\/sv\/wp-json\/wp\/v2\/product\/8857","targetHints":{"allow":["GET"]}}],"collection":[{"href":"https:\/\/murerpoint.dk\/sv\/wp-json\/wp\/v2\/product"}],"about":[{"href":"https:\/\/murerpoint.dk\/sv\/wp-json\/wp\/v2\/types\/product"}],"replies":[{"embeddable":true,"href":"https:\/\/murerpoint.dk\/sv\/wp-json\/wp\/v2\/comments?post=8857"}],"wp:featuredmedia":[{"embeddable":true,"href":"https:\/\/murerpoint.dk\/sv\/wp-json\/wp\/v2\/media\/8713"}],"wp:attachment":[{"href":"https:\/\/murerpoint.dk\/sv\/wp-json\/wp\/v2\/media?parent=8857"}],"wp:term":[{"taxonomy":"product_brand","embeddable":true,"href":"https:\/\/murerpoint.dk\/sv\/wp-json\/wp\/v2\/product_brand?post=8857"},{"taxonomy":"product_cat","embeddable":true,"href":"https:\/\/murerpoint.dk\/sv\/wp-json\/wp\/v2\/product_cat?post=8857"},{"taxonomy":"product_tag","embeddable":true,"href":"https:\/\/murerpoint.dk\/sv\/wp-json\/wp\/v2\/product_tag?post=8857"}],"curies":[{"name":"wp","href":"https:\/\/api.w.org\/{rel}","templated":true}]}}