{"id":8935,"date":"2025-03-03T19:16:27","date_gmt":"2025-03-03T19:16:27","guid":{"rendered":"https:\/\/murerpoint.dk\/?post_type=product&#038;p=8935"},"modified":"2025-03-05T08:52:23","modified_gmt":"2025-03-05T08:52:23","slug":"bigmac-fugefraeserskive-starkit-oe95","status":"publish","type":"product","link":"https:\/\/murerpoint.dk\/sv\/produkt\/bigmac-fugefraeserskive-starkit-oe95\/","title":{"rendered":"Bigmac fugefr\u00e6serskive starkit &#8211; \u00d895"},"content":{"rendered":"<?xml encoding=\"utf-8\" ?><h4>Bigmac fugefr&aelig;serskive starkit &ndash; &Oslash;95<\/h4><h4 data-start=\"115\" data-end=\"166\"><strong data-start=\"115\" data-end=\"164\">Starkit med en fugefr&aelig;serskive til studsfuger og en Mechanic Air Duster 125<\/strong><\/h4><p data-start=\"168\" data-end=\"461\">BigMac fugefr&aelig;serskiven &Oslash;95 er designet til effektiv og pr&aelig;cis fr&aelig;sning af studsfuger. Den f&aring;s i 2<strong data-start=\"265\" data-end=\"280\">&nbsp;varianter<\/strong> og sk&aelig;rer <strong data-start=\"291\" data-end=\"301\">3 spor<\/strong>, hvilket g&oslash;r udkradsningen af fuger hurtigere og mere j&aelig;vn. Materialet falder let ud mellem klingesporene, hvilket minimerer behovet for manuel efterarbejde.<\/p><h4 data-start=\"463\" data-end=\"591\"><strong data-start=\"463\" data-end=\"479\">Perfekt til:<\/strong><\/h4><p data-start=\"463\" data-end=\"591\"><br data-start=\"479\" data-end=\"482\">&#10004;&#65039; <strong data-start=\"485\" data-end=\"531\">Fugefr&aelig;sning af h&aring;rde m&oslash;rtelfuger og beton<\/strong><br data-start=\"531\" data-end=\"534\">&#10004;&#65039; <strong data-start=\"537\" data-end=\"589\">Omfugningsprocesser, hvor effektivitet er vigtig<\/strong><\/p><p data-start=\"593\" data-end=\"755\">N&aring;r du anvender <strong data-start=\"609\" data-end=\"636\">Mechanic Air Duster 125<\/strong> i kombination med en st&oslash;vsuger, sikrer du en <strong data-start=\"682\" data-end=\"702\">st&oslash;vfri fr&aelig;sning<\/strong>, hvilket giver en renere og sundere arbejdsproces.<\/p><h4 data-start=\"757\" data-end=\"880\"><strong data-start=\"757\" data-end=\"779\">Pakken indeholder:<\/strong><\/h4><p data-start=\"757\" data-end=\"880\"><br data-start=\"779\" data-end=\"782\">&#9989; <strong data-start=\"784\" data-end=\"815\">1 x Mechanic Air Duster 125<\/strong><br data-start=\"815\" data-end=\"818\">&#9989; <strong data-start=\"820\" data-end=\"878\">1 x Sandwich Triple Fugefr&aelig;serskive &Oslash;95 til studsfuger<\/strong><\/p><p data-start=\"882\" data-end=\"1022\">&#128313; Hos <strong data-start=\"889\" data-end=\"903\">Murerpoint<\/strong> g&oslash;r vi din arbejdsproces nemmere og bestr&aelig;ber os p&aring; at levere de bedste l&oslash;sninger til professionelle og h&aring;ndv&aelig;rkere.<\/p>\n","protected":false},"excerpt":{"rendered":"<h5><\/h5>\n<p>BigMac Starkit med en \u00d895 &#8211; 3-sporet fugefr\u00e6serskive til studsfuger. Perfekt til h\u00e5rde m\u00f8rtelfuger og beton. Inkl. Mechanic Air Duster for st\u00f8vfri fr\u00e6sning.<\/p>\n","protected":false},"featured_media":8941,"comment_status":"open","ping_status":"closed","template":"","meta":[],"product_brand":[],"product_cat":[10618,10616],"product_tag":[10626,10623,10624,1156,1160,1613,7955,1159,7126,1295,2272,10625,336,2265,1028,1029,2389,10622,2299,9474,10619,301,2436,5544,5530,5538,10627,8123,7120,7132,7113,6120,10620,10621,2273,7939,2356,897,2415],"class_list":{"0":"post-8935","1":"product","2":"type-product","3":"status-publish","4":"has-post-thumbnail","6":"product_cat-bigmac-fugefraeserskive-starkit-oe95","7":"product_cat-bundles-starter-kit","8":"product_tag-bigmac","9":"product_tag-brukfogar","10":"product_tag-dammfri","11":"product_tag-diamantklinge","12":"product_tag-diamantscheibe","13":"product_tag-diamantschijf","14":"product_tag-diamantskiva","15":"product_tag-diamondblade","16":"product_tag-dustfree","17":"product_tag-fogfraes","18":"product_tag-fogfraesning","19":"product_tag-frugefraeser","20":"product_tag-fugefraeser","21":"product_tag-fugefraesning","22":"product_tag-fugenfraesen","23":"product_tag-fugenfraeser-2","24":"product_tag-gereedschap-2","25":"product_tag-hervoegen","26":"product_tag-jointcutter-2","27":"product_tag-jointmilling","28":"product_tag-mortarremoval","29":"product_tag-moertelfuge","30":"product_tag-mortelvoeg","31":"product_tag-omfogning","32":"product_tag-omfugning","33":"product_tag-repointing","34":"product_tag-sandwich_fugefraeseskive","35":"product_tag-sandwichblade","36":"product_tag-staubfrei","37":"product_tag-stofvrij","38":"product_tag-stoevfri","39":"product_tag-studsfuger","40":"product_tag-tools","41":"product_tag-verfugen","42":"product_tag-voegfrees-2","43":"product_tag-voegfrezen","44":"product_tag-werkzeug","45":"product_tag-vaerktoej","46":"product_tag-verktyg-2","48":"first","49":"instock","50":"taxable","51":"shipping-taxable","52":"purchasable","53":"product-type-simple"},"yoast_head":"<!-- This site is optimized with the Yoast SEO plugin v27.6 - https:\/\/yoast.com\/product\/yoast-seo-wordpress\/ -->\n<title>Bigmac fugefr\u00e6serskive starkit - \u00d895 - Murerpoint ApS<\/title>\n<meta name=\"description\" content=\"Effektiv fugefr\u00e6sning med BigMac \u00d895 Starkit. Sk\u00e6rer 3 spor for hurtigere udkradsning. Inkl. Mechanic Air Duster for st\u00f8vfri fr\u00e6sning.\" \/>\n<meta name=\"robots\" content=\"index, follow, max-snippet:-1, max-image-preview:large, max-video-preview:-1\" \/>\n<link rel=\"canonical\" href=\"https:\/\/murerpoint.dk\/sv\/produkt\/bigmac-fugefraeserskive-starkit-oe95\/\" \/>\n<meta property=\"og:locale\" content=\"sv_SE\" \/>\n<meta property=\"og:type\" content=\"article\" \/>\n<meta property=\"og:title\" content=\"Bigmac fugefr\u00e6serskive starkit - \u00d895 - Murerpoint ApS\" \/>\n<meta property=\"og:description\" content=\"Effektiv fugefr\u00e6sning med BigMac \u00d895 Starkit. Sk\u00e6rer 3 spor for hurtigere udkradsning. Inkl. Mechanic Air Duster for st\u00f8vfri fr\u00e6sning.\" \/>\n<meta property=\"og:url\" content=\"https:\/\/murerpoint.dk\/sv\/produkt\/bigmac-fugefraeserskive-starkit-oe95\/\" \/>\n<meta property=\"og:site_name\" content=\"Murerpoint ApS\" \/>\n<meta property=\"article:publisher\" content=\"https:\/\/m.facebook.com\/profile.php?id=61555157262134\" \/>\n<meta property=\"article:modified_time\" content=\"2025-03-05T08:52:23+00:00\" \/>\n<meta property=\"og:image\" content=\"https:\/\/murerpoint.dk\/wp-content\/uploads\/2025\/03\/Uden-titel.jpg\" \/>\n\t<meta property=\"og:image:width\" content=\"2123\" \/>\n\t<meta property=\"og:image:height\" content=\"1509\" \/>\n\t<meta property=\"og:image:type\" content=\"image\/jpeg\" \/>\n<meta name=\"twitter:card\" content=\"summary_large_image\" \/>\n<meta name=\"twitter:label1\" content=\"Pris\" \/>\n\t<meta name=\"twitter:data1\" content=\"&euro;70.23 Pris ekskl. moms: &euro;56.18\" \/>\n\t<meta name=\"twitter:label2\" content=\"Tillg\u00e4nglig\" \/>\n\t<meta name=\"twitter:data2\" content=\"I lager\" \/>\n<script type=\"application\/ld+json\" class=\"yoast-schema-graph\">{\"@context\":\"https:\\\/\\\/schema.org\",\"@graph\":[{\"@type\":\"WebPage\",\"@id\":\"https:\\\/\\\/murerpoint.dk\\\/sv\\\/produkt\\\/bigmac-fugefraeserskive-starkit-oe95\\\/\",\"url\":\"https:\\\/\\\/murerpoint.dk\\\/sv\\\/produkt\\\/bigmac-fugefraeserskive-starkit-oe95\\\/\",\"name\":\"Bigmac fugefr\u00e6serskive starkit - \u00d895 - Murerpoint ApS\",\"isPartOf\":{\"@id\":\"https:\\\/\\\/murerpoint.dk\\\/sv\\\/#website\"},\"primaryImageOfPage\":{\"@id\":\"https:\\\/\\\/murerpoint.dk\\\/sv\\\/produkt\\\/bigmac-fugefraeserskive-starkit-oe95\\\/#primaryimage\"},\"image\":{\"@id\":\"https:\\\/\\\/murerpoint.dk\\\/sv\\\/produkt\\\/bigmac-fugefraeserskive-starkit-oe95\\\/#primaryimage\"},\"thumbnailUrl\":\"https:\\\/\\\/murerpoint.dk\\\/wp-content\\\/uploads\\\/2025\\\/03\\\/Uden-titel.jpg\",\"datePublished\":\"2025-03-03T19:16:27+00:00\",\"dateModified\":\"2025-03-05T08:52:23+00:00\",\"description\":\"Effektiv fugefr\u00e6sning med BigMac \u00d895 Starkit. Sk\u00e6rer 3 spor for hurtigere udkradsning. Inkl. Mechanic Air Duster for st\u00f8vfri fr\u00e6sning.\",\"breadcrumb\":{\"@id\":\"https:\\\/\\\/murerpoint.dk\\\/sv\\\/produkt\\\/bigmac-fugefraeserskive-starkit-oe95\\\/#breadcrumb\"},\"inLanguage\":\"sv-SE\",\"potentialAction\":[{\"@type\":\"ReadAction\",\"target\":[\"https:\\\/\\\/murerpoint.dk\\\/sv\\\/produkt\\\/bigmac-fugefraeserskive-starkit-oe95\\\/\"]}]},{\"@type\":\"ImageObject\",\"inLanguage\":\"sv-SE\",\"@id\":\"https:\\\/\\\/murerpoint.dk\\\/sv\\\/produkt\\\/bigmac-fugefraeserskive-starkit-oe95\\\/#primaryimage\",\"url\":\"https:\\\/\\\/murerpoint.dk\\\/wp-content\\\/uploads\\\/2025\\\/03\\\/Uden-titel.jpg\",\"contentUrl\":\"https:\\\/\\\/murerpoint.dk\\\/wp-content\\\/uploads\\\/2025\\\/03\\\/Uden-titel.jpg\",\"width\":2123,\"height\":1509,\"caption\":\"BigMac fugefr\u00e6serskive Starkit \u00d895 \u2013 effektiv 3-sporet fugefr\u00e6ser til studsfuger. Inkl. Mechanic Air Duster for st\u00f8vfri fr\u00e6sning.\"},{\"@type\":\"BreadcrumbList\",\"@id\":\"https:\\\/\\\/murerpoint.dk\\\/sv\\\/produkt\\\/bigmac-fugefraeserskive-starkit-oe95\\\/#breadcrumb\",\"itemListElement\":[{\"@type\":\"ListItem\",\"position\":1,\"name\":\"Hjem\",\"item\":\"https:\\\/\\\/murerpoint.dk\\\/sv\\\/\"},{\"@type\":\"ListItem\",\"position\":2,\"name\":\"SHOPPEN\",\"item\":\"https:\\\/\\\/murerpoint.dk\\\/sv\\\/shoppen\\\/\"},{\"@type\":\"ListItem\",\"position\":3,\"name\":\"Bigmac fugefr\u00e6serskive starkit &#8211; \u00d895\"}]},{\"@type\":\"WebSite\",\"@id\":\"https:\\\/\\\/murerpoint.dk\\\/sv\\\/#website\",\"url\":\"https:\\\/\\\/murerpoint.dk\\\/sv\\\/\",\"name\":\"Murerpoint\",\"description\":\"kvalitets v\u00e6rkt\u00f8j\",\"publisher\":{\"@id\":\"https:\\\/\\\/murerpoint.dk\\\/sv\\\/#organization\"},\"potentialAction\":[{\"@type\":\"SearchAction\",\"target\":{\"@type\":\"EntryPoint\",\"urlTemplate\":\"https:\\\/\\\/murerpoint.dk\\\/sv\\\/?s={search_term_string}\"},\"query-input\":{\"@type\":\"PropertyValueSpecification\",\"valueRequired\":true,\"valueName\":\"search_term_string\"}}],\"inLanguage\":\"sv-SE\"},{\"@type\":\"Organization\",\"@id\":\"https:\\\/\\\/murerpoint.dk\\\/sv\\\/#organization\",\"name\":\"Murerpoint ApS\",\"url\":\"https:\\\/\\\/murerpoint.dk\\\/sv\\\/\",\"logo\":{\"@type\":\"ImageObject\",\"inLanguage\":\"sv-SE\",\"@id\":\"https:\\\/\\\/murerpoint.dk\\\/sv\\\/#\\\/schema\\\/logo\\\/image\\\/\",\"url\":\"https:\\\/\\\/murerpoint.dk\\\/wp-content\\\/uploads\\\/2023\\\/12\\\/cropped-Sort-Midt-Roed-Mursten.png\",\"contentUrl\":\"https:\\\/\\\/murerpoint.dk\\\/wp-content\\\/uploads\\\/2023\\\/12\\\/cropped-Sort-Midt-Roed-Mursten.png\",\"width\":512,\"height\":512,\"caption\":\"Murerpoint ApS\"},\"image\":{\"@id\":\"https:\\\/\\\/murerpoint.dk\\\/sv\\\/#\\\/schema\\\/logo\\\/image\\\/\"},\"sameAs\":[\"https:\\\/\\\/m.facebook.com\\\/profile.php?id=61555157262134\",\"https:\\\/\\\/www.instagram.com\\\/murerpoint?igsh=azluMWV6cTnc2ts&utm_source=qr\",\"https:\\\/\\\/www.tiktok.com\\\/@murerpoint?is_from_webapp=1&sender_device=pc\"]}]}<\/script>\n<meta property=\"product:price:amount\" content=\"70.23\" \/>\n<meta property=\"product:price:currency\" content=\"EUR\" \/>\n<meta property=\"og:availability\" content=\"instock\" \/>\n<meta property=\"product:availability\" content=\"instock\" \/>\n<meta property=\"product:condition\" content=\"new\" \/>\n<!-- \/ Yoast SEO plugin. -->","yoast_head_json":{"title":"Bigmac fugefr\u00e6serskive starkit - \u00d895 - Murerpoint ApS","description":"Effektiv fugefr\u00e6sning med BigMac \u00d895 Starkit. Sk\u00e6rer 3 spor for hurtigere udkradsning. Inkl. Mechanic Air Duster for st\u00f8vfri fr\u00e6sning.","robots":{"index":"index","follow":"follow","max-snippet":"max-snippet:-1","max-image-preview":"max-image-preview:large","max-video-preview":"max-video-preview:-1"},"canonical":"https:\/\/murerpoint.dk\/sv\/produkt\/bigmac-fugefraeserskive-starkit-oe95\/","og_locale":"sv_SE","og_type":"article","og_title":"Bigmac fugefr\u00e6serskive starkit - \u00d895 - Murerpoint ApS","og_description":"Effektiv fugefr\u00e6sning med BigMac \u00d895 Starkit. Sk\u00e6rer 3 spor for hurtigere udkradsning. Inkl. Mechanic Air Duster for st\u00f8vfri fr\u00e6sning.","og_url":"https:\/\/murerpoint.dk\/sv\/produkt\/bigmac-fugefraeserskive-starkit-oe95\/","og_site_name":"Murerpoint ApS","article_publisher":"https:\/\/m.facebook.com\/profile.php?id=61555157262134","article_modified_time":"2025-03-05T08:52:23+00:00","og_image":[{"width":2123,"height":1509,"url":"https:\/\/murerpoint.dk\/wp-content\/uploads\/2025\/03\/Uden-titel.jpg","type":"image\/jpeg"}],"twitter_card":"summary_large_image","twitter_misc":{"Pris":"&euro;70.23 Pris ekskl. moms: &euro;56.18","Tillg\u00e4nglig":"I lager"},"schema":{"@context":"https:\/\/schema.org","@graph":[{"@type":"WebPage","@id":"https:\/\/murerpoint.dk\/sv\/produkt\/bigmac-fugefraeserskive-starkit-oe95\/","url":"https:\/\/murerpoint.dk\/sv\/produkt\/bigmac-fugefraeserskive-starkit-oe95\/","name":"Bigmac fugefr\u00e6serskive starkit - \u00d895 - Murerpoint ApS","isPartOf":{"@id":"https:\/\/murerpoint.dk\/sv\/#website"},"primaryImageOfPage":{"@id":"https:\/\/murerpoint.dk\/sv\/produkt\/bigmac-fugefraeserskive-starkit-oe95\/#primaryimage"},"image":{"@id":"https:\/\/murerpoint.dk\/sv\/produkt\/bigmac-fugefraeserskive-starkit-oe95\/#primaryimage"},"thumbnailUrl":"https:\/\/murerpoint.dk\/wp-content\/uploads\/2025\/03\/Uden-titel.jpg","datePublished":"2025-03-03T19:16:27+00:00","dateModified":"2025-03-05T08:52:23+00:00","description":"Effektiv fugefr\u00e6sning med BigMac \u00d895 Starkit. Sk\u00e6rer 3 spor for hurtigere udkradsning. Inkl. Mechanic Air Duster for st\u00f8vfri fr\u00e6sning.","breadcrumb":{"@id":"https:\/\/murerpoint.dk\/sv\/produkt\/bigmac-fugefraeserskive-starkit-oe95\/#breadcrumb"},"inLanguage":"sv-SE","potentialAction":[{"@type":"ReadAction","target":["https:\/\/murerpoint.dk\/sv\/produkt\/bigmac-fugefraeserskive-starkit-oe95\/"]}]},{"@type":"ImageObject","inLanguage":"sv-SE","@id":"https:\/\/murerpoint.dk\/sv\/produkt\/bigmac-fugefraeserskive-starkit-oe95\/#primaryimage","url":"https:\/\/murerpoint.dk\/wp-content\/uploads\/2025\/03\/Uden-titel.jpg","contentUrl":"https:\/\/murerpoint.dk\/wp-content\/uploads\/2025\/03\/Uden-titel.jpg","width":2123,"height":1509,"caption":"BigMac fugefr\u00e6serskive Starkit \u00d895 \u2013 effektiv 3-sporet fugefr\u00e6ser til studsfuger. Inkl. Mechanic Air Duster for st\u00f8vfri fr\u00e6sning."},{"@type":"BreadcrumbList","@id":"https:\/\/murerpoint.dk\/sv\/produkt\/bigmac-fugefraeserskive-starkit-oe95\/#breadcrumb","itemListElement":[{"@type":"ListItem","position":1,"name":"Hjem","item":"https:\/\/murerpoint.dk\/sv\/"},{"@type":"ListItem","position":2,"name":"SHOPPEN","item":"https:\/\/murerpoint.dk\/sv\/shoppen\/"},{"@type":"ListItem","position":3,"name":"Bigmac fugefr\u00e6serskive starkit &#8211; \u00d895"}]},{"@type":"WebSite","@id":"https:\/\/murerpoint.dk\/sv\/#website","url":"https:\/\/murerpoint.dk\/sv\/","name":"Murerpoint","description":"kvalitets v\u00e6rkt\u00f8j","publisher":{"@id":"https:\/\/murerpoint.dk\/sv\/#organization"},"potentialAction":[{"@type":"SearchAction","target":{"@type":"EntryPoint","urlTemplate":"https:\/\/murerpoint.dk\/sv\/?s={search_term_string}"},"query-input":{"@type":"PropertyValueSpecification","valueRequired":true,"valueName":"search_term_string"}}],"inLanguage":"sv-SE"},{"@type":"Organization","@id":"https:\/\/murerpoint.dk\/sv\/#organization","name":"Murerpoint ApS","url":"https:\/\/murerpoint.dk\/sv\/","logo":{"@type":"ImageObject","inLanguage":"sv-SE","@id":"https:\/\/murerpoint.dk\/sv\/#\/schema\/logo\/image\/","url":"https:\/\/murerpoint.dk\/wp-content\/uploads\/2023\/12\/cropped-Sort-Midt-Roed-Mursten.png","contentUrl":"https:\/\/murerpoint.dk\/wp-content\/uploads\/2023\/12\/cropped-Sort-Midt-Roed-Mursten.png","width":512,"height":512,"caption":"Murerpoint ApS"},"image":{"@id":"https:\/\/murerpoint.dk\/sv\/#\/schema\/logo\/image\/"},"sameAs":["https:\/\/m.facebook.com\/profile.php?id=61555157262134","https:\/\/www.instagram.com\/murerpoint?igsh=azluMWV6cTnc2ts&utm_source=qr","https:\/\/www.tiktok.com\/@murerpoint?is_from_webapp=1&sender_device=pc"]}]},"product_price_amount":"70.23","product_price_currency":"EUR","og_availability":"instock","product_availability":"instock","product_condition":"new"},"_links":{"self":[{"href":"https:\/\/murerpoint.dk\/sv\/wp-json\/wp\/v2\/product\/8935","targetHints":{"allow":["GET"]}}],"collection":[{"href":"https:\/\/murerpoint.dk\/sv\/wp-json\/wp\/v2\/product"}],"about":[{"href":"https:\/\/murerpoint.dk\/sv\/wp-json\/wp\/v2\/types\/product"}],"replies":[{"embeddable":true,"href":"https:\/\/murerpoint.dk\/sv\/wp-json\/wp\/v2\/comments?post=8935"}],"wp:featuredmedia":[{"embeddable":true,"href":"https:\/\/murerpoint.dk\/sv\/wp-json\/wp\/v2\/media\/8941"}],"wp:attachment":[{"href":"https:\/\/murerpoint.dk\/sv\/wp-json\/wp\/v2\/media?parent=8935"}],"wp:term":[{"taxonomy":"product_brand","embeddable":true,"href":"https:\/\/murerpoint.dk\/sv\/wp-json\/wp\/v2\/product_brand?post=8935"},{"taxonomy":"product_cat","embeddable":true,"href":"https:\/\/murerpoint.dk\/sv\/wp-json\/wp\/v2\/product_cat?post=8935"},{"taxonomy":"product_tag","embeddable":true,"href":"https:\/\/murerpoint.dk\/sv\/wp-json\/wp\/v2\/product_tag?post=8935"}],"curies":[{"name":"wp","href":"https:\/\/api.w.org\/{rel}","templated":true}]}}