{"id":8960,"date":"2025-03-05T21:43:16","date_gmt":"2025-03-05T21:43:16","guid":{"rendered":"https:\/\/murerpoint.dk\/?post_type=product&#038;p=8960"},"modified":"2025-03-05T21:44:38","modified_gmt":"2025-03-05T21:44:38","slug":"kopskive-roed-spiderman-oe180-mm-til-haard-beton","status":"publish","type":"product","link":"https:\/\/murerpoint.dk\/sv\/produkt\/kopskive-roed-spiderman-oe180-mm-til-haard-beton\/","title":{"rendered":"Kopskive R\u00f8d Spiderman \u00d8180 mm \u2013 Til H\u00e5rd Beton"},"content":{"rendered":"<?xml encoding=\"utf-8\" ?><p data-start=\"0\" data-end=\"53\"><strong data-start=\"0\" data-end=\"51\">Kopskive R&oslash;d Spiderman &Oslash;180 mm &ndash; Til H&aring;rd Beton<\/strong><\/p><p data-start=\"55\" data-end=\"287\">Kopskive R&oslash;d Spiderman &Oslash;180 mm er designet til effektiv slibning af <strong data-start=\"123\" data-end=\"169\">gennemh&aelig;rdet beton og h&aring;rde betonprodukter<\/strong>. Med en <strong data-start=\"178\" data-end=\"202\">segmenth&oslash;jde p&aring; 6 mm<\/strong> og et <strong data-start=\"209\" data-end=\"233\">centerhul p&aring; 22,2 mm<\/strong> passer den perfekt til vinkelslibere og betonh&oslash;vle.<\/p><p data-start=\"289\" data-end=\"593\">Denne kopskive er udviklet til at h&aring;ndtere <strong data-start=\"332\" data-end=\"359\">ekstra h&aring;rde overflader<\/strong>, hvor standard slibeskiver hurtigt slides ned. De optimerede segmenter sikrer en <strong data-start=\"441\" data-end=\"468\">hurtig og j&aelig;vn slibning<\/strong>, mens den &aring;bne struktur forbedrer <strong data-start=\"503\" data-end=\"522\">st&oslash;vafledningen<\/strong>, hvilket giver en renere arbejdsproces og l&aelig;ngere levetid p&aring; skiven.<\/p><p data-start=\"595\" data-end=\"827\">Med en diameter p&aring; <strong data-start=\"614\" data-end=\"624\">180 mm<\/strong> d&aelig;kker den st&oslash;rre omr&aring;der, hvilket g&oslash;r arbejdet mere effektivt. Uanset om du arbejder med <strong data-start=\"715\" data-end=\"786\">gennemh&aelig;rdet beton, h&aring;rde bel&aelig;gninger eller kraftige betonprodukter<\/strong>, er denne kopskive et p&aring;lideligt valg.<\/p><p data-start=\"829\" data-end=\"995\">&#128313; <strong data-start=\"832\" data-end=\"847\">Passer til:<\/strong> Vinkelslibere &amp; betonh&oslash;vle<br data-start=\"874\" data-end=\"877\">&#128313; <strong data-start=\"880\" data-end=\"900\">Til slibning af:<\/strong> Gennemh&aelig;rdet beton &amp; h&aring;rde overflader<br data-start=\"938\" data-end=\"941\">&#128313; <strong data-start=\"944\" data-end=\"993\">Effektiv st&oslash;vafledning for l&aelig;ngere holdbarhed<\/strong><\/p><p data-start=\"997\" data-end=\"1122\">Hos <strong data-start=\"1001\" data-end=\"1015\">Murerpoint<\/strong> leverer vi professionelle l&oslash;sninger til h&aring;ndv&aelig;rkere og entrepren&oslash;rer, der kr&aelig;ver kvalitet og holdbarhed.<\/p><p data-start=\"1124\" data-end=\"1227\">Opgrader dit v&aelig;rkt&oslash;j med <strong data-start=\"1149\" data-end=\"1183\">Kopskive R&oslash;d Spiderman &Oslash;180 mm<\/strong> &ndash; et st&aelig;rkt valg til h&aring;rde overflader! &#128640;<\/p>\n","protected":false},"excerpt":{"rendered":"<h5>Kopskive R\u00f8d Spiderman \u00d8180 mm \u2013 Til H\u00e5rd Beton<\/h5>\n<p>Slidst\u00e6rk kopskive \u00d8180 mm til h\u00e5rd og gennemh\u00e6rdet beton. Perfekt til vinkelslibere og betonh\u00f8vle. Effektiv st\u00f8vafledning og lang holdbarhed.<\/p>\n","protected":false},"featured_media":8961,"comment_status":"open","ping_status":"closed","template":"","meta":[],"product_brand":[],"product_cat":[1518,2780],"product_tag":[2410,4874,4572,3439,4558,3445,10637,10640,3448,10631,2199,5091,5087,7514,10643,6724,10636,4779,4690,4692,4776,10641,4118,10638,1632,306,6728,1634,6750,6727,10632,10642,2304,2416,2412],"class_list":{"0":"post-8960","1":"product","2":"type-product","3":"status-publish","4":"has-post-thumbnail","6":"product_cat-diamant-kopsten","7":"product_cat-slibevaerktoej","8":"product_tag-anglegrinder-2","9":"product_tag-bauarbeiten","10":"product_tag-betongslipning","11":"product_tag-betonschleifen","12":"product_tag-betonslibning","13":"product_tag-betonslijpen","14":"product_tag-bouwplaats","15":"product_tag-byggarbete","16":"product_tag-concretegrinding","17":"product_tag-constructionwork","18":"product_tag-cupwheel","19":"product_tag-curedconcrete","20":"product_tag-gehaerteterbeton","21":"product_tag-gennemhaerdetbeton","22":"product_tag-genomhaerdadbetong","23":"product_tag-grindingdisc","24":"product_tag-haakse-slijper","25":"product_tag-haard-betong","26":"product_tag-haardbeton","27":"product_tag-hardconcrete","28":"product_tag-harde-beton","29":"product_tag-hartbeton","30":"product_tag-komschijf","31":"product_tag-koppkiva","32":"product_tag-kopskive","33":"product_tag-murerarbejde","34":"product_tag-schleifscheibe-2","35":"product_tag-slibeskive","36":"product_tag-slijpschijf","37":"product_tag-slipskiva","38":"product_tag-topfscheibe","39":"product_tag-uitgehardbeton","40":"product_tag-vinkelsliber","41":"product_tag-vinkelslip-2","42":"product_tag-winkelschleifer-2","44":"first","45":"instock","46":"taxable","47":"shipping-taxable","48":"purchasable","49":"product-type-simple"},"yoast_head":"<!-- This site is optimized with the Yoast SEO plugin v27.5 - https:\/\/yoast.com\/product\/yoast-seo-wordpress\/ -->\n<title>Kopskive R\u00f8d Spiderman \u00d8180 mm \u2013 Til H\u00e5rd Beton - Murerpoint ApS<\/title>\n<meta name=\"description\" content=\"Slibekop R\u00f8d Spiderman \u00d8180 mm til h\u00e5rd beton og gennemh\u00e6rdede overflader. Passer til vinkelslibere og betonh\u00f8vle med 22,2 mm centerhul.\" \/>\n<meta name=\"robots\" content=\"index, follow, max-snippet:-1, max-image-preview:large, max-video-preview:-1\" \/>\n<link rel=\"canonical\" href=\"https:\/\/murerpoint.dk\/sv\/produkt\/kopskive-roed-spiderman-oe180-mm-til-haard-beton\/\" \/>\n<meta property=\"og:locale\" content=\"sv_SE\" \/>\n<meta property=\"og:type\" content=\"article\" \/>\n<meta property=\"og:title\" content=\"Kopskive R\u00f8d Spiderman \u00d8180 mm \u2013 Til H\u00e5rd Beton - Murerpoint ApS\" \/>\n<meta property=\"og:description\" content=\"Slibekop R\u00f8d Spiderman \u00d8180 mm til h\u00e5rd beton og gennemh\u00e6rdede overflader. Passer til vinkelslibere og betonh\u00f8vle med 22,2 mm centerhul.\" \/>\n<meta property=\"og:url\" content=\"https:\/\/murerpoint.dk\/sv\/produkt\/kopskive-roed-spiderman-oe180-mm-til-haard-beton\/\" \/>\n<meta property=\"og:site_name\" content=\"Murerpoint ApS\" \/>\n<meta property=\"article:publisher\" content=\"https:\/\/m.facebook.com\/profile.php?id=61555157262134\" \/>\n<meta property=\"article:modified_time\" content=\"2025-03-05T21:44:38+00:00\" \/>\n<meta property=\"og:image\" content=\"https:\/\/murerpoint.dk\/wp-content\/uploads\/2025\/03\/IMG_1995-removebg-preview.png\" \/>\n\t<meta property=\"og:image:width\" content=\"433\" \/>\n\t<meta property=\"og:image:height\" content=\"577\" \/>\n\t<meta property=\"og:image:type\" content=\"image\/png\" \/>\n<meta name=\"twitter:card\" content=\"summary_large_image\" \/>\n<meta name=\"twitter:label1\" content=\"Pris\" \/>\n\t<meta name=\"twitter:data1\" content=\"&euro;108.55 Pris ekskl. moms: &euro;86.84\" \/>\n\t<meta name=\"twitter:label2\" content=\"Tillg\u00e4nglig\" \/>\n\t<meta name=\"twitter:data2\" content=\"I lager\" \/>\n<script type=\"application\/ld+json\" class=\"yoast-schema-graph\">{\"@context\":\"https:\\\/\\\/schema.org\",\"@graph\":[{\"@type\":\"WebPage\",\"@id\":\"https:\\\/\\\/murerpoint.dk\\\/sv\\\/produkt\\\/kopskive-roed-spiderman-oe180-mm-til-haard-beton\\\/\",\"url\":\"https:\\\/\\\/murerpoint.dk\\\/sv\\\/produkt\\\/kopskive-roed-spiderman-oe180-mm-til-haard-beton\\\/\",\"name\":\"Kopskive R\u00f8d Spiderman \u00d8180 mm \u2013 Til H\u00e5rd Beton - Murerpoint ApS\",\"isPartOf\":{\"@id\":\"https:\\\/\\\/murerpoint.dk\\\/sv\\\/#website\"},\"primaryImageOfPage\":{\"@id\":\"https:\\\/\\\/murerpoint.dk\\\/sv\\\/produkt\\\/kopskive-roed-spiderman-oe180-mm-til-haard-beton\\\/#primaryimage\"},\"image\":{\"@id\":\"https:\\\/\\\/murerpoint.dk\\\/sv\\\/produkt\\\/kopskive-roed-spiderman-oe180-mm-til-haard-beton\\\/#primaryimage\"},\"thumbnailUrl\":\"https:\\\/\\\/murerpoint.dk\\\/wp-content\\\/uploads\\\/2025\\\/03\\\/IMG_1995-removebg-preview.png\",\"datePublished\":\"2025-03-05T21:43:16+00:00\",\"dateModified\":\"2025-03-05T21:44:38+00:00\",\"description\":\"Slibekop R\u00f8d Spiderman \u00d8180 mm til h\u00e5rd beton og gennemh\u00e6rdede overflader. Passer til vinkelslibere og betonh\u00f8vle med 22,2 mm centerhul.\",\"breadcrumb\":{\"@id\":\"https:\\\/\\\/murerpoint.dk\\\/sv\\\/produkt\\\/kopskive-roed-spiderman-oe180-mm-til-haard-beton\\\/#breadcrumb\"},\"inLanguage\":\"sv-SE\",\"potentialAction\":[{\"@type\":\"ReadAction\",\"target\":[\"https:\\\/\\\/murerpoint.dk\\\/sv\\\/produkt\\\/kopskive-roed-spiderman-oe180-mm-til-haard-beton\\\/\"]}]},{\"@type\":\"ImageObject\",\"inLanguage\":\"sv-SE\",\"@id\":\"https:\\\/\\\/murerpoint.dk\\\/sv\\\/produkt\\\/kopskive-roed-spiderman-oe180-mm-til-haard-beton\\\/#primaryimage\",\"url\":\"https:\\\/\\\/murerpoint.dk\\\/wp-content\\\/uploads\\\/2025\\\/03\\\/IMG_1995-removebg-preview.png\",\"contentUrl\":\"https:\\\/\\\/murerpoint.dk\\\/wp-content\\\/uploads\\\/2025\\\/03\\\/IMG_1995-removebg-preview.png\",\"width\":433,\"height\":577,\"caption\":\"Kopskive R\u00f8d Spiderman \u00d8180 mm \u2013 Slidst\u00e6rk slibeskive til h\u00e5rd beton og gennemh\u00e6rdede overflader. Passer til vinkelslibere og betonh\u00f8vle med 22,2 mm centerhul.\"},{\"@type\":\"BreadcrumbList\",\"@id\":\"https:\\\/\\\/murerpoint.dk\\\/sv\\\/produkt\\\/kopskive-roed-spiderman-oe180-mm-til-haard-beton\\\/#breadcrumb\",\"itemListElement\":[{\"@type\":\"ListItem\",\"position\":1,\"name\":\"Hjem\",\"item\":\"https:\\\/\\\/murerpoint.dk\\\/sv\\\/\"},{\"@type\":\"ListItem\",\"position\":2,\"name\":\"SHOPPEN\",\"item\":\"https:\\\/\\\/murerpoint.dk\\\/sv\\\/shoppen\\\/\"},{\"@type\":\"ListItem\",\"position\":3,\"name\":\"Kopskive R\u00f8d Spiderman \u00d8180 mm \u2013 Til H\u00e5rd Beton\"}]},{\"@type\":\"WebSite\",\"@id\":\"https:\\\/\\\/murerpoint.dk\\\/sv\\\/#website\",\"url\":\"https:\\\/\\\/murerpoint.dk\\\/sv\\\/\",\"name\":\"Murerpoint\",\"description\":\"kvalitets v\u00e6rkt\u00f8j\",\"publisher\":{\"@id\":\"https:\\\/\\\/murerpoint.dk\\\/sv\\\/#organization\"},\"potentialAction\":[{\"@type\":\"SearchAction\",\"target\":{\"@type\":\"EntryPoint\",\"urlTemplate\":\"https:\\\/\\\/murerpoint.dk\\\/sv\\\/?s={search_term_string}\"},\"query-input\":{\"@type\":\"PropertyValueSpecification\",\"valueRequired\":true,\"valueName\":\"search_term_string\"}}],\"inLanguage\":\"sv-SE\"},{\"@type\":\"Organization\",\"@id\":\"https:\\\/\\\/murerpoint.dk\\\/sv\\\/#organization\",\"name\":\"Murerpoint ApS\",\"url\":\"https:\\\/\\\/murerpoint.dk\\\/sv\\\/\",\"logo\":{\"@type\":\"ImageObject\",\"inLanguage\":\"sv-SE\",\"@id\":\"https:\\\/\\\/murerpoint.dk\\\/sv\\\/#\\\/schema\\\/logo\\\/image\\\/\",\"url\":\"https:\\\/\\\/murerpoint.dk\\\/wp-content\\\/uploads\\\/2023\\\/12\\\/cropped-Sort-Midt-Roed-Mursten.png\",\"contentUrl\":\"https:\\\/\\\/murerpoint.dk\\\/wp-content\\\/uploads\\\/2023\\\/12\\\/cropped-Sort-Midt-Roed-Mursten.png\",\"width\":512,\"height\":512,\"caption\":\"Murerpoint ApS\"},\"image\":{\"@id\":\"https:\\\/\\\/murerpoint.dk\\\/sv\\\/#\\\/schema\\\/logo\\\/image\\\/\"},\"sameAs\":[\"https:\\\/\\\/m.facebook.com\\\/profile.php?id=61555157262134\",\"https:\\\/\\\/www.instagram.com\\\/murerpoint?igsh=azluMWV6cTnc2ts&utm_source=qr\",\"https:\\\/\\\/www.tiktok.com\\\/@murerpoint?is_from_webapp=1&sender_device=pc\"]}]}<\/script>\n<meta property=\"product:price:amount\" content=\"108.55\" \/>\n<meta property=\"product:price:currency\" content=\"EUR\" \/>\n<meta property=\"og:availability\" content=\"instock\" \/>\n<meta property=\"product:availability\" content=\"instock\" \/>\n<meta property=\"product:retailer_item_id\" content=\"mp000252\" \/>\n<meta property=\"product:condition\" content=\"new\" \/>\n<!-- \/ Yoast SEO plugin. -->","yoast_head_json":{"title":"Kopskive R\u00f8d Spiderman \u00d8180 mm \u2013 Til H\u00e5rd Beton - Murerpoint ApS","description":"Slibekop R\u00f8d Spiderman \u00d8180 mm til h\u00e5rd beton og gennemh\u00e6rdede overflader. Passer til vinkelslibere og betonh\u00f8vle med 22,2 mm centerhul.","robots":{"index":"index","follow":"follow","max-snippet":"max-snippet:-1","max-image-preview":"max-image-preview:large","max-video-preview":"max-video-preview:-1"},"canonical":"https:\/\/murerpoint.dk\/sv\/produkt\/kopskive-roed-spiderman-oe180-mm-til-haard-beton\/","og_locale":"sv_SE","og_type":"article","og_title":"Kopskive R\u00f8d Spiderman \u00d8180 mm \u2013 Til H\u00e5rd Beton - Murerpoint ApS","og_description":"Slibekop R\u00f8d Spiderman \u00d8180 mm til h\u00e5rd beton og gennemh\u00e6rdede overflader. Passer til vinkelslibere og betonh\u00f8vle med 22,2 mm centerhul.","og_url":"https:\/\/murerpoint.dk\/sv\/produkt\/kopskive-roed-spiderman-oe180-mm-til-haard-beton\/","og_site_name":"Murerpoint ApS","article_publisher":"https:\/\/m.facebook.com\/profile.php?id=61555157262134","article_modified_time":"2025-03-05T21:44:38+00:00","og_image":[{"width":433,"height":577,"url":"https:\/\/murerpoint.dk\/wp-content\/uploads\/2025\/03\/IMG_1995-removebg-preview.png","type":"image\/png"}],"twitter_card":"summary_large_image","twitter_misc":{"Pris":"&euro;108.55 Pris ekskl. moms: &euro;86.84","Tillg\u00e4nglig":"I lager"},"schema":{"@context":"https:\/\/schema.org","@graph":[{"@type":"WebPage","@id":"https:\/\/murerpoint.dk\/sv\/produkt\/kopskive-roed-spiderman-oe180-mm-til-haard-beton\/","url":"https:\/\/murerpoint.dk\/sv\/produkt\/kopskive-roed-spiderman-oe180-mm-til-haard-beton\/","name":"Kopskive R\u00f8d Spiderman \u00d8180 mm \u2013 Til H\u00e5rd Beton - Murerpoint ApS","isPartOf":{"@id":"https:\/\/murerpoint.dk\/sv\/#website"},"primaryImageOfPage":{"@id":"https:\/\/murerpoint.dk\/sv\/produkt\/kopskive-roed-spiderman-oe180-mm-til-haard-beton\/#primaryimage"},"image":{"@id":"https:\/\/murerpoint.dk\/sv\/produkt\/kopskive-roed-spiderman-oe180-mm-til-haard-beton\/#primaryimage"},"thumbnailUrl":"https:\/\/murerpoint.dk\/wp-content\/uploads\/2025\/03\/IMG_1995-removebg-preview.png","datePublished":"2025-03-05T21:43:16+00:00","dateModified":"2025-03-05T21:44:38+00:00","description":"Slibekop R\u00f8d Spiderman \u00d8180 mm til h\u00e5rd beton og gennemh\u00e6rdede overflader. Passer til vinkelslibere og betonh\u00f8vle med 22,2 mm centerhul.","breadcrumb":{"@id":"https:\/\/murerpoint.dk\/sv\/produkt\/kopskive-roed-spiderman-oe180-mm-til-haard-beton\/#breadcrumb"},"inLanguage":"sv-SE","potentialAction":[{"@type":"ReadAction","target":["https:\/\/murerpoint.dk\/sv\/produkt\/kopskive-roed-spiderman-oe180-mm-til-haard-beton\/"]}]},{"@type":"ImageObject","inLanguage":"sv-SE","@id":"https:\/\/murerpoint.dk\/sv\/produkt\/kopskive-roed-spiderman-oe180-mm-til-haard-beton\/#primaryimage","url":"https:\/\/murerpoint.dk\/wp-content\/uploads\/2025\/03\/IMG_1995-removebg-preview.png","contentUrl":"https:\/\/murerpoint.dk\/wp-content\/uploads\/2025\/03\/IMG_1995-removebg-preview.png","width":433,"height":577,"caption":"Kopskive R\u00f8d Spiderman \u00d8180 mm \u2013 Slidst\u00e6rk slibeskive til h\u00e5rd beton og gennemh\u00e6rdede overflader. Passer til vinkelslibere og betonh\u00f8vle med 22,2 mm centerhul."},{"@type":"BreadcrumbList","@id":"https:\/\/murerpoint.dk\/sv\/produkt\/kopskive-roed-spiderman-oe180-mm-til-haard-beton\/#breadcrumb","itemListElement":[{"@type":"ListItem","position":1,"name":"Hjem","item":"https:\/\/murerpoint.dk\/sv\/"},{"@type":"ListItem","position":2,"name":"SHOPPEN","item":"https:\/\/murerpoint.dk\/sv\/shoppen\/"},{"@type":"ListItem","position":3,"name":"Kopskive R\u00f8d Spiderman \u00d8180 mm \u2013 Til H\u00e5rd Beton"}]},{"@type":"WebSite","@id":"https:\/\/murerpoint.dk\/sv\/#website","url":"https:\/\/murerpoint.dk\/sv\/","name":"Murerpoint","description":"kvalitets v\u00e6rkt\u00f8j","publisher":{"@id":"https:\/\/murerpoint.dk\/sv\/#organization"},"potentialAction":[{"@type":"SearchAction","target":{"@type":"EntryPoint","urlTemplate":"https:\/\/murerpoint.dk\/sv\/?s={search_term_string}"},"query-input":{"@type":"PropertyValueSpecification","valueRequired":true,"valueName":"search_term_string"}}],"inLanguage":"sv-SE"},{"@type":"Organization","@id":"https:\/\/murerpoint.dk\/sv\/#organization","name":"Murerpoint ApS","url":"https:\/\/murerpoint.dk\/sv\/","logo":{"@type":"ImageObject","inLanguage":"sv-SE","@id":"https:\/\/murerpoint.dk\/sv\/#\/schema\/logo\/image\/","url":"https:\/\/murerpoint.dk\/wp-content\/uploads\/2023\/12\/cropped-Sort-Midt-Roed-Mursten.png","contentUrl":"https:\/\/murerpoint.dk\/wp-content\/uploads\/2023\/12\/cropped-Sort-Midt-Roed-Mursten.png","width":512,"height":512,"caption":"Murerpoint ApS"},"image":{"@id":"https:\/\/murerpoint.dk\/sv\/#\/schema\/logo\/image\/"},"sameAs":["https:\/\/m.facebook.com\/profile.php?id=61555157262134","https:\/\/www.instagram.com\/murerpoint?igsh=azluMWV6cTnc2ts&utm_source=qr","https:\/\/www.tiktok.com\/@murerpoint?is_from_webapp=1&sender_device=pc"]}]},"product_price_amount":"108.55","product_price_currency":"EUR","og_availability":"instock","product_availability":"instock","product_retailer_item_id":"mp000252","product_condition":"new"},"_links":{"self":[{"href":"https:\/\/murerpoint.dk\/sv\/wp-json\/wp\/v2\/product\/8960","targetHints":{"allow":["GET"]}}],"collection":[{"href":"https:\/\/murerpoint.dk\/sv\/wp-json\/wp\/v2\/product"}],"about":[{"href":"https:\/\/murerpoint.dk\/sv\/wp-json\/wp\/v2\/types\/product"}],"replies":[{"embeddable":true,"href":"https:\/\/murerpoint.dk\/sv\/wp-json\/wp\/v2\/comments?post=8960"}],"wp:featuredmedia":[{"embeddable":true,"href":"https:\/\/murerpoint.dk\/sv\/wp-json\/wp\/v2\/media\/8961"}],"wp:attachment":[{"href":"https:\/\/murerpoint.dk\/sv\/wp-json\/wp\/v2\/media?parent=8960"}],"wp:term":[{"taxonomy":"product_brand","embeddable":true,"href":"https:\/\/murerpoint.dk\/sv\/wp-json\/wp\/v2\/product_brand?post=8960"},{"taxonomy":"product_cat","embeddable":true,"href":"https:\/\/murerpoint.dk\/sv\/wp-json\/wp\/v2\/product_cat?post=8960"},{"taxonomy":"product_tag","embeddable":true,"href":"https:\/\/murerpoint.dk\/sv\/wp-json\/wp\/v2\/product_tag?post=8960"}],"curies":[{"name":"wp","href":"https:\/\/api.w.org\/{rel}","templated":true}]}}