{"id":9359,"date":"2025-03-26T10:32:00","date_gmt":"2025-03-26T10:32:00","guid":{"rendered":"https:\/\/murerpoint.dk\/?post_type=product&#038;p=9359"},"modified":"2025-06-20T14:51:15","modified_gmt":"2025-06-20T14:51:15","slug":"kopskive-oe125-epoxy-passer-paa-hilti","status":"publish","type":"product","link":"https:\/\/murerpoint.dk\/sv\/produkt\/kopskive-oe125-epoxy-passer-paa-hilti\/","title":{"rendered":"Kopskive \u00d8125 \u2013 epoxy passer p\u00e5 Hilti"},"content":{"rendered":"<?xml encoding=\"utf-8\" ?><h2 data-start=\"227\" data-end=\"333\">Kopskive &Oslash;125 &ndash; epoxy passer p&aring; Hilti<\/h2><h5 data-start=\"227\" data-end=\"333\"><em><strong data-start=\"234\" data-end=\"333\">Til epoxy, polyurethan, plast og tykke bel&aelig;gninger&nbsp;<\/strong><\/em><\/h5><p data-start=\"335\" data-end=\"739\">Denne <strong data-start=\"341\" data-end=\"361\">diamant kopskive<\/strong> er din p&aring;lidelige makker til kr&aelig;vende slibeopgaver.<br data-start=\"413\" data-end=\"416\">Med en diameter p&aring; <strong data-start=\"435\" data-end=\"445\">125 mm<\/strong>, kraftige slibesegmenter og en kerne af h&oslash;j kvalitet er den <strong data-start=\"506\" data-end=\"589\">optimeret til fjernelse af epoxy, polyurethan, plast og andre tykke bel&aelig;gninger<\/strong>.<br data-start=\"590\" data-end=\"593\">Skiven passer direkte p&aring; <strong data-start=\"618\" data-end=\"641\">Hilti vinkelslibere<\/strong> med M14-gevind og er udviklet til b&aring;de professionelle fagfolk og avancerede g&oslash;r-det-selv-opgaver.<\/p><hr class=\"\" data-start=\"741\" data-end=\"744\"><h3 data-start=\"746\" data-end=\"772\">&#9989; <strong data-start=\"752\" data-end=\"772\">Specifikationer:<\/strong><\/h3><ul data-start=\"773\" data-end=\"1122\">\n<li data-start=\"773\" data-end=\"797\">\n<p data-start=\"775\" data-end=\"797\"><strong data-start=\"775\" data-end=\"788\">Diameter:<\/strong> 125 mm<\/p>\n<\/li>\n<li data-start=\"798\" data-end=\"860\">\n<p data-start=\"800\" data-end=\"860\"><strong data-start=\"800\" data-end=\"814\">Slibetype:<\/strong> Segmenteret kopskive med 9 &aring;bne udsk&aelig;ringer<\/p>\n<\/li>\n<li data-start=\"861\" data-end=\"931\">\n<p data-start=\"863\" data-end=\"931\"><strong data-start=\"863\" data-end=\"878\">Materialer:<\/strong> Polyurethan, epoxy, plast, limrester, spartelmasse<\/p>\n<\/li>\n<li data-start=\"932\" data-end=\"986\">\n<p data-start=\"934\" data-end=\"986\"><strong data-start=\"934\" data-end=\"949\">Passer til:<\/strong> Hilti &ndash; &Oslash;22,23 mm hul<\/p>\n<\/li>\n<li data-start=\"987\" data-end=\"1036\">\n<p data-start=\"989\" data-end=\"1036\"><strong data-start=\"989\" data-end=\"1003\">Hastighed:<\/strong> Max. 12.250 omdr.\/min \/ 80 m\/s<\/p>\n<\/li>\n<li data-start=\"1037\" data-end=\"1081\">\n<p data-start=\"1039\" data-end=\"1081\"><strong data-start=\"1039\" data-end=\"1048\">V&aelig;gt:<\/strong> Lav v&aelig;gt for minimal vibration<\/p>\n<\/li>\n<li data-start=\"1082\" data-end=\"1122\">\n<p data-start=\"1084\" data-end=\"1122\"><strong data-start=\"1084\" data-end=\"1098\">Montering:<\/strong> Direkte p&aring; vinkelsliber<\/p>\n<\/li>\n<\/ul><hr class=\"\" data-start=\"1124\" data-end=\"1127\"><h3 data-start=\"1129\" data-end=\"1159\">&#129521; <strong data-start=\"1136\" data-end=\"1159\">Anvendelsesomr&aring;der:<\/strong><\/h3><ul data-start=\"1160\" data-end=\"1405\">\n<li data-start=\"1160\" data-end=\"1214\">\n<p data-start=\"1162\" data-end=\"1214\">Slibning og fjernelse af <strong data-start=\"1187\" data-end=\"1212\">tykke gulvbel&aelig;gninger<\/strong><\/p>\n<\/li>\n<li data-start=\"1215\" data-end=\"1264\">\n<p data-start=\"1217\" data-end=\"1264\">Nedslibning af <strong data-start=\"1232\" data-end=\"1262\">epoxy- og polyurethangulve<\/strong><\/p>\n<\/li>\n<li data-start=\"1265\" data-end=\"1322\">\n<p data-start=\"1267\" data-end=\"1322\">Forberedelse f&oslash;r ny bel&aelig;gning, maling eller spartling<\/p>\n<\/li>\n<li data-start=\"1323\" data-end=\"1376\">\n<p data-start=\"1325\" data-end=\"1376\">Fjernelse af <strong data-start=\"1338\" data-end=\"1374\">lim, plastrester og spartelmasse<\/strong><\/p>\n<\/li>\n<li data-start=\"1377\" data-end=\"1405\">\n<p data-start=\"1379\" data-end=\"1405\">Udj&aelig;vning af ru betongulve<\/p>\n<\/li>\n<\/ul><hr class=\"\" data-start=\"1407\" data-end=\"1410\"><h3 data-start=\"1412\" data-end=\"1445\">&#128161; <strong data-start=\"1419\" data-end=\"1445\">Fordele ved produktet:<\/strong><\/h3><ul data-start=\"1446\" data-end=\"1693\">\n<li data-start=\"1446\" data-end=\"1503\">\n<p data-start=\"1448\" data-end=\"1503\">Segmenteret design = bedre afk&oslash;ling og st&oslash;vh&aring;ndtering<\/p>\n<\/li>\n<li data-start=\"1504\" data-end=\"1557\">\n<p data-start=\"1506\" data-end=\"1557\">Passer direkte p&aring; Hilti &ndash; ingen adapter n&oslash;dvendig<\/p>\n<\/li>\n<li data-start=\"1558\" data-end=\"1606\">\n<p data-start=\"1560\" data-end=\"1606\">Hurtig materialefjernelse uden at overophede<\/p>\n<\/li>\n<li data-start=\"1607\" data-end=\"1648\">\n<p data-start=\"1609\" data-end=\"1648\">Lang levetid selv under h&aring;rde forhold<\/p>\n<\/li>\n<li data-start=\"1649\" data-end=\"1693\">\n<p data-start=\"1651\" data-end=\"1693\">Professionel finish uden at slibe for dybt<\/p>\n<\/li>\n<\/ul><hr class=\"\" data-start=\"1695\" data-end=\"1698\"><h3 data-start=\"1700\" data-end=\"1724\">&#128736;&#65039; <strong data-start=\"1708\" data-end=\"1724\">Perfekt til:<\/strong><\/h3><ul data-start=\"1725\" data-end=\"1844\">\n<li data-start=\"1725\" data-end=\"1750\">\n<p data-start=\"1727\" data-end=\"1750\">Malere og gulvl&aelig;ggere<\/p>\n<\/li>\n<li data-start=\"1751\" data-end=\"1794\">\n<p data-start=\"1753\" data-end=\"1794\">Industrirenovering og epoxyspecialister<\/p>\n<\/li>\n<li data-start=\"1795\" data-end=\"1819\">\n<p data-start=\"1797\" data-end=\"1819\">VVS og entrepren&oslash;rer<\/p>\n<\/li>\n<li data-start=\"1820\" data-end=\"1844\">\n<p data-start=\"1822\" data-end=\"1844\">Kr&aelig;vende DIY-projekter<\/p>\n<\/li>\n<\/ul><hr class=\"\" data-start=\"1846\" data-end=\"1849\"><h3 class=\"\" data-start=\"1851\" data-end=\"1897\"><\/h3>\n","protected":false},"excerpt":{"rendered":"<h5 class=\"ai-optimize-25\">Kopskive \u00d8125 \u2013 epoxy passer p\u00e5 Hilti<\/h5>\n<h5 class=\"ai-optimize-26\"><em>Til epoxy, polyurethan, plast og tykke bel\u00e6gninger\u00a0<\/em><\/h5>\n<p class=\"ai-optimize-27\">Kraftig diamant kopskive \u00d8125 mm til slibning af epoxy, polyurethan, plast og tykke bel\u00e6gninger. Segmenteret design. Passer direkte p\u00e5 Hilti vinkelsliber.<\/p>\n","protected":false},"featured_media":9361,"comment_status":"open","ping_status":"closed","template":"","meta":[],"product_brand":[],"product_cat":[1518,2780],"product_tag":[8425,3441,11243,7757,11261,4572,3439,4558,10663,11242,7944,9936,11262,9149,7756,1156,1631,1513,1613,1790,11256,9488,11296,11295,11240,11233,10819,11257,11250,11231,11263,11237,11239,11252,11253,11229,11230,2391,11227,2194,11260,1632,11246,11234,1517,10796,11238,11251,11235,11228,4773,6728,11249,11255,11232,11245,1634,4770,4777,6750,11259,11265,4780,6727,11244,11254,11264,9746,11241,2304,2416,11258,11247,10666,11236,11248,2412],"class_list":{"0":"post-9359","1":"product","2":"type-product","3":"status-publish","4":"has-post-thumbnail","6":"product_cat-diamant-kopsten","7":"product_cat-slibevaerktoej","8":"product_tag-bauwerkzeug","9":"product_tag-belaeggningsborttagning","10":"product_tag-beschichtungentfernen","11":"product_tag-betonbewerking","12":"product_tag-betongsliping","13":"product_tag-betongslipning","14":"product_tag-betonschleifen","15":"product_tag-betonslibning","16":"product_tag-bodenbearbeitung","17":"product_tag-bodenrenovierung","18":"product_tag-bouwgereedschap","19":"product_tag-byggevaerktoej","20":"product_tag-byggverktoey","21":"product_tag-byggverktyg","22":"product_tag-coatingverwijdering","23":"product_tag-diamantklinge","24":"product_tag-diamantkopskive","25":"product_tag-diamantkopsten","26":"product_tag-diamantschijf","27":"product_tag-diamantschleifscheibe-2","28":"product_tag-diamantslipeblad","29":"product_tag-diamantslipskiva","30":"product_tag-diatech_diamant","31":"product_tag-diatechdiamant","32":"product_tag-epoxyschleifer","33":"product_tag-epoxyschuurblad","34":"product_tag-epoxyslibeskive","35":"product_tag-epoxysliping","36":"product_tag-epoxyslipning","37":"product_tag-fjernbelaegning","38":"product_tag-fjerningavbelegg","39":"product_tag-gereedschapbouw","40":"product_tag-gesegmenteerdschijf","41":"product_tag-golvfoerberedelse","42":"product_tag-golvrenovering","43":"product_tag-gulvforberedelse","44":"product_tag-gulvrenovering","45":"product_tag-haakseslijper-2","46":"product_tag-hilti","47":"product_tag-koppskiva","48":"product_tag-koppsliper","49":"product_tag-kopskive","50":"product_tag-kopslijper","51":"product_tag-kopslijpschijf","52":"product_tag-kopsten","53":"product_tag-lijmverwijdering","54":"product_tag-plamuurverwijdering","55":"product_tag-polyuretan","56":"product_tag-polyurethaan","57":"product_tag-polyurethan","58":"product_tag-schleifen","59":"product_tag-schleifscheibe-2","60":"product_tag-segmentblad","61":"product_tag-segmenteradskiva","62":"product_tag-segmenteretskive","63":"product_tag-segmentiertscheibe","64":"product_tag-slibeskive","65":"product_tag-slibning","66":"product_tag-slijpen","67":"product_tag-slijpschijf","68":"product_tag-slipeskive","69":"product_tag-sliping","70":"product_tag-slipning","71":"product_tag-slipskiva","72":"product_tag-spachtelmasse","73":"product_tag-spackelmassa","74":"product_tag-sparkelmasse","75":"product_tag-spartelmasse","76":"product_tag-topfschleifer","77":"product_tag-vinkelsliber","78":"product_tag-vinkelslip-2","79":"product_tag-vinkelsliper","80":"product_tag-vloerbehandeling","81":"product_tag-vloerbewerking","82":"product_tag-vloerreparatie","83":"product_tag-vloerwerken","84":"product_tag-winkelschleifer-2","86":"first","87":"instock","88":"taxable","89":"shipping-taxable","90":"purchasable","91":"product-type-simple"},"yoast_head":"<!-- This site is optimized with the Yoast SEO plugin v27.5 - https:\/\/yoast.com\/product\/yoast-seo-wordpress\/ -->\n<title>Kopskive \u00d8125 \u2013 epoxy passer p\u00e5 Hilti - Murerpoint ApS<\/title>\n<meta name=\"description\" content=\"Kraftig diamant kopskive til Hilti. \u00d8125 mm segmenteret skive til slibning af epoxy, plast, polyurethan og tykke bel\u00e6gninger.\" \/>\n<meta name=\"robots\" content=\"index, follow, max-snippet:-1, max-image-preview:large, max-video-preview:-1\" \/>\n<link rel=\"canonical\" href=\"https:\/\/murerpoint.dk\/sv\/produkt\/kopskive-oe125-epoxy-passer-paa-hilti\/\" \/>\n<meta property=\"og:locale\" content=\"sv_SE\" \/>\n<meta property=\"og:type\" content=\"article\" \/>\n<meta property=\"og:title\" content=\"Kopskive \u00d8125 \u2013 epoxy passer p\u00e5 Hilti - Murerpoint ApS\" \/>\n<meta property=\"og:description\" content=\"Kraftig diamant kopskive til Hilti. \u00d8125 mm segmenteret skive til slibning af epoxy, plast, polyurethan og tykke bel\u00e6gninger.\" \/>\n<meta property=\"og:url\" content=\"https:\/\/murerpoint.dk\/sv\/produkt\/kopskive-oe125-epoxy-passer-paa-hilti\/\" \/>\n<meta property=\"og:site_name\" content=\"Murerpoint ApS\" \/>\n<meta property=\"article:publisher\" content=\"https:\/\/m.facebook.com\/profile.php?id=61555157262134\" \/>\n<meta property=\"article:modified_time\" content=\"2025-06-20T14:51:15+00:00\" \/>\n<meta property=\"og:image\" content=\"https:\/\/murerpoint.dk\/wp-content\/uploads\/2025\/03\/bb751f61-f581-44b3-9c02-ee4f640818c9-768x1024.png\" \/>\n\t<meta property=\"og:image:width\" content=\"768\" \/>\n\t<meta property=\"og:image:height\" content=\"1024\" \/>\n\t<meta property=\"og:image:type\" content=\"image\/png\" \/>\n<meta name=\"twitter:card\" content=\"summary_large_image\" \/>\n<meta name=\"twitter:label1\" content=\"Pris\" \/>\n\t<meta name=\"twitter:data1\" content=\"&euro;99.68 Pris ekskl. moms: &euro;79.74\" \/>\n\t<meta name=\"twitter:label2\" content=\"Tillg\u00e4nglig\" \/>\n\t<meta name=\"twitter:data2\" content=\"I lager\" \/>\n<script type=\"application\/ld+json\" class=\"yoast-schema-graph\">{\"@context\":\"https:\\\/\\\/schema.org\",\"@graph\":[{\"@type\":\"WebPage\",\"@id\":\"https:\\\/\\\/murerpoint.dk\\\/sv\\\/produkt\\\/kopskive-oe125-epoxy-passer-paa-hilti\\\/\",\"url\":\"https:\\\/\\\/murerpoint.dk\\\/sv\\\/produkt\\\/kopskive-oe125-epoxy-passer-paa-hilti\\\/\",\"name\":\"Kopskive \u00d8125 \u2013 epoxy passer p\u00e5 Hilti - Murerpoint ApS\",\"isPartOf\":{\"@id\":\"https:\\\/\\\/murerpoint.dk\\\/sv\\\/#website\"},\"primaryImageOfPage\":{\"@id\":\"https:\\\/\\\/murerpoint.dk\\\/sv\\\/produkt\\\/kopskive-oe125-epoxy-passer-paa-hilti\\\/#primaryimage\"},\"image\":{\"@id\":\"https:\\\/\\\/murerpoint.dk\\\/sv\\\/produkt\\\/kopskive-oe125-epoxy-passer-paa-hilti\\\/#primaryimage\"},\"thumbnailUrl\":\"https:\\\/\\\/murerpoint.dk\\\/wp-content\\\/uploads\\\/2025\\\/03\\\/bb751f61-f581-44b3-9c02-ee4f640818c9.png\",\"datePublished\":\"2025-03-26T10:32:00+00:00\",\"dateModified\":\"2025-06-20T14:51:15+00:00\",\"description\":\"Kraftig diamant kopskive til Hilti. \u00d8125 mm segmenteret skive til slibning af epoxy, plast, polyurethan og tykke bel\u00e6gninger.\",\"breadcrumb\":{\"@id\":\"https:\\\/\\\/murerpoint.dk\\\/sv\\\/produkt\\\/kopskive-oe125-epoxy-passer-paa-hilti\\\/#breadcrumb\"},\"inLanguage\":\"sv-SE\",\"potentialAction\":[{\"@type\":\"ReadAction\",\"target\":[\"https:\\\/\\\/murerpoint.dk\\\/sv\\\/produkt\\\/kopskive-oe125-epoxy-passer-paa-hilti\\\/\"]}]},{\"@type\":\"ImageObject\",\"inLanguage\":\"sv-SE\",\"@id\":\"https:\\\/\\\/murerpoint.dk\\\/sv\\\/produkt\\\/kopskive-oe125-epoxy-passer-paa-hilti\\\/#primaryimage\",\"url\":\"https:\\\/\\\/murerpoint.dk\\\/wp-content\\\/uploads\\\/2025\\\/03\\\/bb751f61-f581-44b3-9c02-ee4f640818c9.png\",\"contentUrl\":\"https:\\\/\\\/murerpoint.dk\\\/wp-content\\\/uploads\\\/2025\\\/03\\\/bb751f61-f581-44b3-9c02-ee4f640818c9.png\",\"width\":2738,\"height\":3651,\"caption\":\"Professionel diamant slibeskive, kopsten, diamant \u2013 fjern epoxy og plastbel\u00e6gning\"},{\"@type\":\"BreadcrumbList\",\"@id\":\"https:\\\/\\\/murerpoint.dk\\\/sv\\\/produkt\\\/kopskive-oe125-epoxy-passer-paa-hilti\\\/#breadcrumb\",\"itemListElement\":[{\"@type\":\"ListItem\",\"position\":1,\"name\":\"Hjem\",\"item\":\"https:\\\/\\\/murerpoint.dk\\\/sv\\\/\"},{\"@type\":\"ListItem\",\"position\":2,\"name\":\"SHOPPEN\",\"item\":\"https:\\\/\\\/murerpoint.dk\\\/sv\\\/shoppen\\\/\"},{\"@type\":\"ListItem\",\"position\":3,\"name\":\"Kopskive \u00d8125 \u2013 epoxy passer p\u00e5 Hilti\"}]},{\"@type\":\"WebSite\",\"@id\":\"https:\\\/\\\/murerpoint.dk\\\/sv\\\/#website\",\"url\":\"https:\\\/\\\/murerpoint.dk\\\/sv\\\/\",\"name\":\"Murerpoint\",\"description\":\"kvalitets v\u00e6rkt\u00f8j\",\"publisher\":{\"@id\":\"https:\\\/\\\/murerpoint.dk\\\/sv\\\/#organization\"},\"potentialAction\":[{\"@type\":\"SearchAction\",\"target\":{\"@type\":\"EntryPoint\",\"urlTemplate\":\"https:\\\/\\\/murerpoint.dk\\\/sv\\\/?s={search_term_string}\"},\"query-input\":{\"@type\":\"PropertyValueSpecification\",\"valueRequired\":true,\"valueName\":\"search_term_string\"}}],\"inLanguage\":\"sv-SE\"},{\"@type\":\"Organization\",\"@id\":\"https:\\\/\\\/murerpoint.dk\\\/sv\\\/#organization\",\"name\":\"Murerpoint ApS\",\"url\":\"https:\\\/\\\/murerpoint.dk\\\/sv\\\/\",\"logo\":{\"@type\":\"ImageObject\",\"inLanguage\":\"sv-SE\",\"@id\":\"https:\\\/\\\/murerpoint.dk\\\/sv\\\/#\\\/schema\\\/logo\\\/image\\\/\",\"url\":\"https:\\\/\\\/murerpoint.dk\\\/wp-content\\\/uploads\\\/2023\\\/12\\\/cropped-Sort-Midt-Roed-Mursten.png\",\"contentUrl\":\"https:\\\/\\\/murerpoint.dk\\\/wp-content\\\/uploads\\\/2023\\\/12\\\/cropped-Sort-Midt-Roed-Mursten.png\",\"width\":512,\"height\":512,\"caption\":\"Murerpoint ApS\"},\"image\":{\"@id\":\"https:\\\/\\\/murerpoint.dk\\\/sv\\\/#\\\/schema\\\/logo\\\/image\\\/\"},\"sameAs\":[\"https:\\\/\\\/m.facebook.com\\\/profile.php?id=61555157262134\",\"https:\\\/\\\/www.instagram.com\\\/murerpoint?igsh=azluMWV6cTnc2ts&utm_source=qr\",\"https:\\\/\\\/www.tiktok.com\\\/@murerpoint?is_from_webapp=1&sender_device=pc\"]}]}<\/script>\n<meta property=\"product:price:amount\" content=\"99.68\" \/>\n<meta property=\"product:price:currency\" content=\"EUR\" \/>\n<meta property=\"og:availability\" content=\"instock\" \/>\n<meta property=\"product:availability\" content=\"instock\" \/>\n<meta property=\"product:retailer_item_id\" content=\"mp000255\" \/>\n<meta property=\"product:condition\" content=\"new\" \/>\n<!-- \/ Yoast SEO plugin. -->","yoast_head_json":{"title":"Kopskive \u00d8125 \u2013 epoxy passer p\u00e5 Hilti - Murerpoint ApS","description":"Kraftig diamant kopskive til Hilti. \u00d8125 mm segmenteret skive til slibning af epoxy, plast, polyurethan og tykke bel\u00e6gninger.","robots":{"index":"index","follow":"follow","max-snippet":"max-snippet:-1","max-image-preview":"max-image-preview:large","max-video-preview":"max-video-preview:-1"},"canonical":"https:\/\/murerpoint.dk\/sv\/produkt\/kopskive-oe125-epoxy-passer-paa-hilti\/","og_locale":"sv_SE","og_type":"article","og_title":"Kopskive \u00d8125 \u2013 epoxy passer p\u00e5 Hilti - Murerpoint ApS","og_description":"Kraftig diamant kopskive til Hilti. \u00d8125 mm segmenteret skive til slibning af epoxy, plast, polyurethan og tykke bel\u00e6gninger.","og_url":"https:\/\/murerpoint.dk\/sv\/produkt\/kopskive-oe125-epoxy-passer-paa-hilti\/","og_site_name":"Murerpoint ApS","article_publisher":"https:\/\/m.facebook.com\/profile.php?id=61555157262134","article_modified_time":"2025-06-20T14:51:15+00:00","og_image":[{"width":768,"height":1024,"url":"https:\/\/murerpoint.dk\/wp-content\/uploads\/2025\/03\/bb751f61-f581-44b3-9c02-ee4f640818c9-768x1024.png","type":"image\/png"}],"twitter_card":"summary_large_image","twitter_misc":{"Pris":"&euro;99.68 Pris ekskl. moms: &euro;79.74","Tillg\u00e4nglig":"I lager"},"schema":{"@context":"https:\/\/schema.org","@graph":[{"@type":"WebPage","@id":"https:\/\/murerpoint.dk\/sv\/produkt\/kopskive-oe125-epoxy-passer-paa-hilti\/","url":"https:\/\/murerpoint.dk\/sv\/produkt\/kopskive-oe125-epoxy-passer-paa-hilti\/","name":"Kopskive \u00d8125 \u2013 epoxy passer p\u00e5 Hilti - Murerpoint ApS","isPartOf":{"@id":"https:\/\/murerpoint.dk\/sv\/#website"},"primaryImageOfPage":{"@id":"https:\/\/murerpoint.dk\/sv\/produkt\/kopskive-oe125-epoxy-passer-paa-hilti\/#primaryimage"},"image":{"@id":"https:\/\/murerpoint.dk\/sv\/produkt\/kopskive-oe125-epoxy-passer-paa-hilti\/#primaryimage"},"thumbnailUrl":"https:\/\/murerpoint.dk\/wp-content\/uploads\/2025\/03\/bb751f61-f581-44b3-9c02-ee4f640818c9.png","datePublished":"2025-03-26T10:32:00+00:00","dateModified":"2025-06-20T14:51:15+00:00","description":"Kraftig diamant kopskive til Hilti. \u00d8125 mm segmenteret skive til slibning af epoxy, plast, polyurethan og tykke bel\u00e6gninger.","breadcrumb":{"@id":"https:\/\/murerpoint.dk\/sv\/produkt\/kopskive-oe125-epoxy-passer-paa-hilti\/#breadcrumb"},"inLanguage":"sv-SE","potentialAction":[{"@type":"ReadAction","target":["https:\/\/murerpoint.dk\/sv\/produkt\/kopskive-oe125-epoxy-passer-paa-hilti\/"]}]},{"@type":"ImageObject","inLanguage":"sv-SE","@id":"https:\/\/murerpoint.dk\/sv\/produkt\/kopskive-oe125-epoxy-passer-paa-hilti\/#primaryimage","url":"https:\/\/murerpoint.dk\/wp-content\/uploads\/2025\/03\/bb751f61-f581-44b3-9c02-ee4f640818c9.png","contentUrl":"https:\/\/murerpoint.dk\/wp-content\/uploads\/2025\/03\/bb751f61-f581-44b3-9c02-ee4f640818c9.png","width":2738,"height":3651,"caption":"Professionel diamant slibeskive, kopsten, diamant \u2013 fjern epoxy og plastbel\u00e6gning"},{"@type":"BreadcrumbList","@id":"https:\/\/murerpoint.dk\/sv\/produkt\/kopskive-oe125-epoxy-passer-paa-hilti\/#breadcrumb","itemListElement":[{"@type":"ListItem","position":1,"name":"Hjem","item":"https:\/\/murerpoint.dk\/sv\/"},{"@type":"ListItem","position":2,"name":"SHOPPEN","item":"https:\/\/murerpoint.dk\/sv\/shoppen\/"},{"@type":"ListItem","position":3,"name":"Kopskive \u00d8125 \u2013 epoxy passer p\u00e5 Hilti"}]},{"@type":"WebSite","@id":"https:\/\/murerpoint.dk\/sv\/#website","url":"https:\/\/murerpoint.dk\/sv\/","name":"Murerpoint","description":"kvalitets v\u00e6rkt\u00f8j","publisher":{"@id":"https:\/\/murerpoint.dk\/sv\/#organization"},"potentialAction":[{"@type":"SearchAction","target":{"@type":"EntryPoint","urlTemplate":"https:\/\/murerpoint.dk\/sv\/?s={search_term_string}"},"query-input":{"@type":"PropertyValueSpecification","valueRequired":true,"valueName":"search_term_string"}}],"inLanguage":"sv-SE"},{"@type":"Organization","@id":"https:\/\/murerpoint.dk\/sv\/#organization","name":"Murerpoint ApS","url":"https:\/\/murerpoint.dk\/sv\/","logo":{"@type":"ImageObject","inLanguage":"sv-SE","@id":"https:\/\/murerpoint.dk\/sv\/#\/schema\/logo\/image\/","url":"https:\/\/murerpoint.dk\/wp-content\/uploads\/2023\/12\/cropped-Sort-Midt-Roed-Mursten.png","contentUrl":"https:\/\/murerpoint.dk\/wp-content\/uploads\/2023\/12\/cropped-Sort-Midt-Roed-Mursten.png","width":512,"height":512,"caption":"Murerpoint ApS"},"image":{"@id":"https:\/\/murerpoint.dk\/sv\/#\/schema\/logo\/image\/"},"sameAs":["https:\/\/m.facebook.com\/profile.php?id=61555157262134","https:\/\/www.instagram.com\/murerpoint?igsh=azluMWV6cTnc2ts&utm_source=qr","https:\/\/www.tiktok.com\/@murerpoint?is_from_webapp=1&sender_device=pc"]}]},"product_price_amount":"99.68","product_price_currency":"EUR","og_availability":"instock","product_availability":"instock","product_retailer_item_id":"mp000255","product_condition":"new"},"_links":{"self":[{"href":"https:\/\/murerpoint.dk\/sv\/wp-json\/wp\/v2\/product\/9359","targetHints":{"allow":["GET"]}}],"collection":[{"href":"https:\/\/murerpoint.dk\/sv\/wp-json\/wp\/v2\/product"}],"about":[{"href":"https:\/\/murerpoint.dk\/sv\/wp-json\/wp\/v2\/types\/product"}],"replies":[{"embeddable":true,"href":"https:\/\/murerpoint.dk\/sv\/wp-json\/wp\/v2\/comments?post=9359"}],"wp:featuredmedia":[{"embeddable":true,"href":"https:\/\/murerpoint.dk\/sv\/wp-json\/wp\/v2\/media\/9361"}],"wp:attachment":[{"href":"https:\/\/murerpoint.dk\/sv\/wp-json\/wp\/v2\/media?parent=9359"}],"wp:term":[{"taxonomy":"product_brand","embeddable":true,"href":"https:\/\/murerpoint.dk\/sv\/wp-json\/wp\/v2\/product_brand?post=9359"},{"taxonomy":"product_cat","embeddable":true,"href":"https:\/\/murerpoint.dk\/sv\/wp-json\/wp\/v2\/product_cat?post=9359"},{"taxonomy":"product_tag","embeddable":true,"href":"https:\/\/murerpoint.dk\/sv\/wp-json\/wp\/v2\/product_tag?post=9359"}],"curies":[{"name":"wp","href":"https:\/\/api.w.org\/{rel}","templated":true}]}}